{"id":16200,"date":"2025-10-22T14:38:31","date_gmt":"2025-10-22T11:38:31","guid":{"rendered":"https:\/\/idakorea.ee\/?page_id=16200"},"modified":"2025-10-22T14:50:21","modified_gmt":"2025-10-22T11:50:21","slug":"beauty-advent-calendar-2025","status":"publish","type":"page","link":"https:\/\/idakorea.ee\/en\/beauty-advent-calendar-2025\/","title":{"rendered":"Advent Calendar 2025"},"content":{"rendered":"<div data-block-name=\"woocommerce\/single-product\" data-product-id=\"16202\" data-wp-context=\"{&quot;productId&quot;:16202,&quot;variationId&quot;:null}\" data-wp-interactive=\"woocommerce\/single-product\" class=\"wp-block-woocommerce-single-product woocommerce\">\n<div class=\"wp-block-columns is-layout-flex wp-container-core-columns-is-layout-9d6595d7 wp-block-columns-is-layout-flex\">\n<div class=\"wp-block-column is-layout-flow wp-block-column-is-layout-flow\"><div style=\"position:relative;\"><div data-block-name=\"woocommerce\/product-image\" data-is-descendent-of-single-product-block=\"true\" data-show-sale-badge=\"false\" class=\"wc-block-components-product-image wc-block-grid__product-image wc-block-components-product-image--aspect-ratio-auto wp-block-woocommerce-product-image\"><a href=\"https:\/\/idakorea.ee\/en\/product\/beauty-advent-calendar-2025\/\" style=\"\" data-wp-on--click=\"woocommerce\/product-collection::actions.viewProduct\"><img loading=\"lazy\" decoding=\"async\" width=\"600\" height=\"600\" src=\"https:\/\/idakorea.ee\/wp-content\/uploads\/2025\/10\/calendario_adv2-600x600.webp\" class=\"attachment-woocommerce_single size-woocommerce_single\" alt=\"Beauty Advent Calendar 2025\" data-testid=\"product-image\" data-image-id=\"16201\" style=\"object-fit:cover;\" srcset=\"https:\/\/idakorea.ee\/wp-content\/uploads\/2025\/10\/calendario_adv2-600x600.webp 600w, https:\/\/idakorea.ee\/wp-content\/uploads\/2025\/10\/calendario_adv2-444x444.webp 444w, https:\/\/idakorea.ee\/wp-content\/uploads\/2025\/10\/calendario_adv2-500x500.webp 500w, https:\/\/idakorea.ee\/wp-content\/uploads\/2025\/10\/calendario_adv2-324x324.webp 324w, https:\/\/idakorea.ee\/wp-content\/uploads\/2025\/10\/calendario_adv2-768x768.webp 768w, https:\/\/idakorea.ee\/wp-content\/uploads\/2025\/10\/calendario_adv2-12x12.webp 12w, https:\/\/idakorea.ee\/wp-content\/uploads\/2025\/10\/calendario_adv2-100x100.webp 100w, https:\/\/idakorea.ee\/wp-content\/uploads\/2025\/10\/calendario_adv2-50x50.webp 50w, https:\/\/idakorea.ee\/wp-content\/uploads\/2025\/10\/calendario_adv2-460x460.webp 460w, https:\/\/idakorea.ee\/wp-content\/uploads\/2025\/10\/calendario_adv2-240x240.webp 240w, https:\/\/idakorea.ee\/wp-content\/uploads\/2025\/10\/calendario_adv2-120x120.webp 120w, https:\/\/idakorea.ee\/wp-content\/uploads\/2025\/10\/calendario_adv2.webp 1200w\" sizes=\"auto, (max-width: 600px) 100vw, 600px\" \/><div class=\"wc-block-components-product-image__inner-container\">\n\n<\/div><\/a><\/div><\/div><\/div>\n\n\n\n<div class=\"wp-block-column is-layout-flow wp-block-column-is-layout-flow\"><h2 class=\"wp-block-post-title\"><a href=\"https:\/\/idakorea.ee\/en\/product\/beauty-advent-calendar-2025\/\" target=\"_self\" >Beauty Advent Calendar 2025<\/a><\/h2>\n\n\n\n<div data-block-name=\"woocommerce\/product-price\" data-font-size=\"medium\" data-is-descendent-of-single-product-block=\"true\" class=\"has-font-size has-medium-font-size wp-block-woocommerce-product-price has-medium-font-size\" ><div class=\"wc-block-components-product-price wc-block-grid__product-price\" >\n\t\t\t\t\t<span class=\"price\"><span class=\"woocommerce-Price-amount amount\"><bdi>140&nbsp;<span class=\"woocommerce-Price-currencySymbol\">\u20ac<\/span><\/bdi><\/span><\/span>\n\t\t\t\t<\/div><\/div>\n\n\n\n<div data-block-name=\"woocommerce\/add-to-cart-form\" class=\"wp-block-add-to-cart-form wc-block-add-to-cart-form wc-block-add-to-cart-form--input wp-block-woocommerce-add-to-cart-form\" >\n<div class=\"stock out-of-stock entry-product-stock\">\n\t\u041d\u0435\u0442 \u0432 \u043d\u0430\u043b\u0438\u0447\u0438\u0438\n\t<\/div>\n<\/div>\n\n\n<div data-block-name=\"woocommerce\/product-meta\" class=\"wp-block-woocommerce-product-meta\">\n<div class=\"wp-block-group is-nowrap is-layout-flex wp-container-core-group-is-layout-ad2f72ca wp-block-group-is-layout-flex\">\n\n<div class=\"taxonomy-product_cat wp-block-post-terms\"><span class=\"wp-block-post-terms__prefix\">Category: <\/span><a href=\"https:\/\/idakorea.ee\/en\/product-category\/komplektid\/\" rel=\"tag\">Gift sets<\/a><\/div>\n\n<\/div>\n<\/div>\n<\/div>\n<\/div>\n<\/div>\n\n\n<div class=\"wp-block-image\">\n<figure class=\"alignright size-large\"><img fetchpriority=\"high\" decoding=\"async\" width=\"800\" height=\"450\" src=\"https:\/\/idakorea.ee\/wp-content\/uploads\/2025\/10\/nib-articulosentradas-a-retocar-2025-09-04t084550-000-800x450.png\" alt=\"\" class=\"wp-image-16204\" srcset=\"https:\/\/idakorea.ee\/wp-content\/uploads\/2025\/10\/nib-articulosentradas-a-retocar-2025-09-04t084550-000-800x450.png 800w, https:\/\/idakorea.ee\/wp-content\/uploads\/2025\/10\/nib-articulosentradas-a-retocar-2025-09-04t084550-000-555x312.png 555w, https:\/\/idakorea.ee\/wp-content\/uploads\/2025\/10\/nib-articulosentradas-a-retocar-2025-09-04t084550-000-435x245.png 435w, https:\/\/idakorea.ee\/wp-content\/uploads\/2025\/10\/nib-articulosentradas-a-retocar-2025-09-04t084550-000-768x432.png 768w, https:\/\/idakorea.ee\/wp-content\/uploads\/2025\/10\/nib-articulosentradas-a-retocar-2025-09-04t084550-000-1536x864.png 1536w, https:\/\/idakorea.ee\/wp-content\/uploads\/2025\/10\/nib-articulosentradas-a-retocar-2025-09-04t084550-000-18x10.png 18w, https:\/\/idakorea.ee\/wp-content\/uploads\/2025\/10\/nib-articulosentradas-a-retocar-2025-09-04t084550-000-600x338.png 600w, https:\/\/idakorea.ee\/wp-content\/uploads\/2025\/10\/nib-articulosentradas-a-retocar-2025-09-04t084550-000-100x56.png 100w, https:\/\/idakorea.ee\/wp-content\/uploads\/2025\/10\/nib-articulosentradas-a-retocar-2025-09-04t084550-000.png 1920w\" sizes=\"(max-width: 800px) 100vw, 800px\" \/><\/figure>\n<\/div>\n\n\n<p><\/p>\n\n\n\n<p><strong>MiiN Advent Calendar 2025<\/strong> combines the best of Korean cosmetics: 24 products with effective active ingredients, the effects of which are scientifically proven \u2014 retinol, mandelic acid, several acid complexes, peptides and much more. The set includes both full-size and travel-size products for face, body, hair and makeup. It comes with a limited edition <strong>puffy bag<\/strong>, where you can conveniently take everything with you. An exclusive edition that helps reveal renewed, radiant and protected skin.<\/p>\n\n\n\n<p><\/p>\n\n\n\n<p><\/p>\n\n\n\n<p><\/p>\n\n\n\n<h3 class=\"wp-block-heading\" id=\"h-omadused-ja-koostis\"><strong>PROPERTIES AND COMPOSITION<\/strong><\/h3>\n\n\n\n<ul class=\"wp-block-list\">\n<li>Contains at least 24 products (face, body, hair and makeup care, as well as accessories) in full or travel size.<\/li>\n\n\n\n<li>Main active ingredients: <strong>0.1% retinol<\/strong>, <strong>5% mandelic acid<\/strong>, several exfoliating acids, <strong>peptides<\/strong>, and soothing extracts such as <strong>aloe<\/strong> and <strong>lotus<\/strong> extract, as well as <strong>bakuchiol<\/strong>.<\/li>\n\n\n\n<li>Designed to cover all stages of the Korean beauty ritual: cleansing, exfoliation, toning, treatment, mask, sun protection, eye care, and body and hair care.<\/li>\n\n\n\n<li>Included <strong>limited edition puffy bag<\/strong>, which can be used to carry or reuse products.<\/li>\n\n\n\n<li>Estimated market value: <strong>440 \u20ac<\/strong>.<\/li>\n\n\n\n<li><strong>Limited quantity<\/strong>, available only exclusively.<\/li>\n<\/ul>\n\n\n\n<p><\/p>\n\n\n\n<div data-block-name=\"woocommerce\/single-product\" data-wp-context=\"{&quot;productId&quot;:16202,&quot;variationId&quot;:null}\" data-wp-interactive=\"woocommerce\/single-product\" class=\"wp-block-woocommerce-single-product woocommerce\"><\/div>","protected":false},"excerpt":{"rendered":"<p>MiiN Advent Calendar 2025 combines the best of Korean cosmetics: 24 products with effective active ingredients, the effects of which are scientifically proven \u2014 retinol, mandelic acid, several acid complexes, peptides and much more. The set includes both full-size and travel-size products for face, body, hair and makeup. It comes with a limited edition puffy bag, where you can conveniently carry everything with you. An exclusive edition that\u2026<\/p>","protected":false},"author":1,"featured_media":0,"parent":0,"menu_order":0,"comment_status":"closed","ping_status":"closed","template":"","meta":{"_uf_show_specific_survey":0,"_uf_disable_surveys":false,"_bst_post_transparent":"","_bst_post_title":"","_bst_post_layout":"","_bst_post_sidebar_id":"","_bst_post_content_style":"","_bst_post_vertical_padding":"","_bst_post_feature":"","_bst_post_feature_position":"","_bst_post_header":false,"_bst_post_footer":false,"footnotes":""},"class_list":["post-16200","page","type-page","status-publish","hentry"],"yoast_head":"<!-- This site is optimized with the Yoast SEO plugin v27.2 - https:\/\/yoast.com\/product\/yoast-seo-wordpress\/ -->\n<title>Advent Calendar 2025 - IDA.KOREA<\/title>\n<meta name=\"robots\" content=\"index, follow, max-snippet:-1, max-image-preview:large, max-video-preview:-1\" \/>\n<link rel=\"canonical\" href=\"https:\/\/idakorea.ee\/en\/beauty-advent-calendar-2025\/\" \/>\n<meta property=\"og:locale\" content=\"en_US\" \/>\n<meta property=\"og:type\" content=\"article\" \/>\n<meta property=\"og:title\" content=\"Advent Calendar 2025 - IDA.KOREA\" \/>\n<meta property=\"og:description\" content=\"MiiN Advent Calendar 2025 \u00fchendab endas parima Korea kosmeetikast: 24 t\u00f5husate toimeainetega toodet, mille m\u00f5ju on teaduslikult t\u00f5estatud \u2014 retinool, mandelhape, mitmed happekompleksid, peptiidid ja palju muud. Komplektis on nii t\u00e4issuuruses kui ka reisiformaadis tooteid n\u00e4ole, kehale, juustele ja meigile. Kaasas on piiratud koguses puhvis kott, kuhu saad k\u00f5ik mugavalt kaasa v\u00f5tta. Eksklusiivne v\u00e4ljaanne, mis...\" \/>\n<meta property=\"og:url\" content=\"https:\/\/idakorea.ee\/en\/beauty-advent-calendar-2025\/\" \/>\n<meta property=\"og:site_name\" content=\"IDA.KOREA\" \/>\n<meta property=\"article:modified_time\" content=\"2025-10-22T11:50:21+00:00\" \/>\n<meta property=\"og:image\" content=\"https:\/\/idakorea.ee\/wp-content\/uploads\/2025\/10\/nib-articulosentradas-a-retocar-2025-09-04t084550-000-800x450.png\" \/>\n<meta name=\"twitter:card\" content=\"summary_large_image\" \/>\n<meta name=\"twitter:label1\" content=\"Est. reading time\" \/>\n\t<meta name=\"twitter:data1\" content=\"1 minute\" \/>\n<script type=\"application\/ld+json\" class=\"yoast-schema-graph\">{\"@context\":\"https:\/\/schema.org\",\"@graph\":[{\"@type\":\"WebPage\",\"@id\":\"https:\/\/idakorea.ee\/beauty-advent-calendar-2025\/\",\"url\":\"https:\/\/idakorea.ee\/beauty-advent-calendar-2025\/\",\"name\":\"Advent Calendar 2025 - IDA.KOREA\",\"isPartOf\":{\"@id\":\"https:\/\/idakorea.ee\/#website\"},\"primaryImageOfPage\":{\"@id\":\"https:\/\/idakorea.ee\/beauty-advent-calendar-2025\/#primaryimage\"},\"image\":{\"@id\":\"https:\/\/idakorea.ee\/beauty-advent-calendar-2025\/#primaryimage\"},\"thumbnailUrl\":\"https:\/\/idakorea.ee\/wp-content\/uploads\/2025\/10\/nib-articulosentradas-a-retocar-2025-09-04t084550-000-800x450.png\",\"datePublished\":\"2025-10-22T11:38:31+00:00\",\"dateModified\":\"2025-10-22T11:50:21+00:00\",\"breadcrumb\":{\"@id\":\"https:\/\/idakorea.ee\/beauty-advent-calendar-2025\/#breadcrumb\"},\"inLanguage\":\"en-US\",\"potentialAction\":[{\"@type\":\"ReadAction\",\"target\":[\"https:\/\/idakorea.ee\/beauty-advent-calendar-2025\/\"]}]},{\"@type\":\"ImageObject\",\"inLanguage\":\"en-US\",\"@id\":\"https:\/\/idakorea.ee\/beauty-advent-calendar-2025\/#primaryimage\",\"url\":\"https:\/\/idakorea.ee\/wp-content\/uploads\/2025\/10\/nib-articulosentradas-a-retocar-2025-09-04t084550-000-800x450.png\",\"contentUrl\":\"https:\/\/idakorea.ee\/wp-content\/uploads\/2025\/10\/nib-articulosentradas-a-retocar-2025-09-04t084550-000-800x450.png\"},{\"@type\":\"BreadcrumbList\",\"@id\":\"https:\/\/idakorea.ee\/beauty-advent-calendar-2025\/#breadcrumb\",\"itemListElement\":[{\"@type\":\"ListItem\",\"position\":1,\"name\":\"\u0413\u043b\u0430\u0432\u043d\u0430\u044f \u0441\u0442\u0440\u0430\u043d\u0438\u0446\u0430\",\"item\":\"https:\/\/idakorea.ee\/\"},{\"@type\":\"ListItem\",\"position\":2,\"name\":\"Advent Calendar 2025\"}]},{\"@type\":\"WebSite\",\"@id\":\"https:\/\/idakorea.ee\/#website\",\"url\":\"https:\/\/idakorea.ee\/\",\"name\":\"IDA.KOREA\",\"description\":\"Korea kosmeetika e-pood\",\"publisher\":{\"@id\":\"https:\/\/idakorea.ee\/#organization\"},\"alternateName\":\"Beauty Shop\",\"potentialAction\":[{\"@type\":\"SearchAction\",\"target\":{\"@type\":\"EntryPoint\",\"urlTemplate\":\"https:\/\/idakorea.ee\/?s={search_term_string}\"},\"query-input\":{\"@type\":\"PropertyValueSpecification\",\"valueRequired\":true,\"valueName\":\"search_term_string\"}}],\"inLanguage\":\"en-US\"},{\"@type\":\"Organization\",\"@id\":\"https:\/\/idakorea.ee\/#organization\",\"name\":\"IDA.KOREA\",\"url\":\"https:\/\/idakorea.ee\/\",\"logo\":{\"@type\":\"ImageObject\",\"inLanguage\":\"en-US\",\"@id\":\"https:\/\/idakorea.ee\/#\/schema\/logo\/image\/\",\"url\":\"https:\/\/idakorea.ee\/wp-content\/uploads\/2024\/05\/cropped-korea3.png\",\"contentUrl\":\"https:\/\/idakorea.ee\/wp-content\/uploads\/2024\/05\/cropped-korea3.png\",\"width\":688,\"height\":126,\"caption\":\"IDA.KOREA\"},\"image\":{\"@id\":\"https:\/\/idakorea.ee\/#\/schema\/logo\/image\/\"},\"sameAs\":[\"https:\/\/www.instagram.com\/ida.korea\/\"]}]}<\/script>\n<!-- \/ Yoast SEO plugin. -->","yoast_head_json":{"title":"Advent Calendar 2025 - EAST.KOREA","robots":{"index":"index","follow":"follow","max-snippet":"max-snippet:-1","max-image-preview":"max-image-preview:large","max-video-preview":"max-video-preview:-1"},"canonical":"https:\/\/idakorea.ee\/en\/beauty-advent-calendar-2025\/","og_locale":"en_US","og_type":"article","og_title":"Advent Calendar 2025 - IDA.KOREA","og_description":"MiiN Advent Calendar 2025 \u00fchendab endas parima Korea kosmeetikast: 24 t\u00f5husate toimeainetega toodet, mille m\u00f5ju on teaduslikult t\u00f5estatud \u2014 retinool, mandelhape, mitmed happekompleksid, peptiidid ja palju muud. Komplektis on nii t\u00e4issuuruses kui ka reisiformaadis tooteid n\u00e4ole, kehale, juustele ja meigile. Kaasas on piiratud koguses puhvis kott, kuhu saad k\u00f5ik mugavalt kaasa v\u00f5tta. Eksklusiivne v\u00e4ljaanne, mis...","og_url":"https:\/\/idakorea.ee\/en\/beauty-advent-calendar-2025\/","og_site_name":"IDA.KOREA","article_modified_time":"2025-10-22T11:50:21+00:00","og_image":[{"url":"https:\/\/idakorea.ee\/wp-content\/uploads\/2025\/10\/nib-articulosentradas-a-retocar-2025-09-04t084550-000-800x450.png","type":"","width":"","height":""}],"twitter_card":"summary_large_image","twitter_misc":{"Est. reading time":"1 minute"},"schema":{"@context":"https:\/\/schema.org","@graph":[{"@type":"WebPage","@id":"https:\/\/idakorea.ee\/beauty-advent-calendar-2025\/","url":"https:\/\/idakorea.ee\/beauty-advent-calendar-2025\/","name":"Advent Calendar 2025 - EAST.KOREA","isPartOf":{"@id":"https:\/\/idakorea.ee\/#website"},"primaryImageOfPage":{"@id":"https:\/\/idakorea.ee\/beauty-advent-calendar-2025\/#primaryimage"},"image":{"@id":"https:\/\/idakorea.ee\/beauty-advent-calendar-2025\/#primaryimage"},"thumbnailUrl":"https:\/\/idakorea.ee\/wp-content\/uploads\/2025\/10\/nib-articulosentradas-a-retocar-2025-09-04t084550-000-800x450.png","datePublished":"2025-10-22T11:38:31+00:00","dateModified":"2025-10-22T11:50:21+00:00","breadcrumb":{"@id":"https:\/\/idakorea.ee\/beauty-advent-calendar-2025\/#breadcrumb"},"inLanguage":"en-US","potentialAction":[{"@type":"ReadAction","target":["https:\/\/idakorea.ee\/beauty-advent-calendar-2025\/"]}]},{"@type":"ImageObject","inLanguage":"en-US","@id":"https:\/\/idakorea.ee\/beauty-advent-calendar-2025\/#primaryimage","url":"https:\/\/idakorea.ee\/wp-content\/uploads\/2025\/10\/nib-articulosentradas-a-retocar-2025-09-04t084550-000-800x450.png","contentUrl":"https:\/\/idakorea.ee\/wp-content\/uploads\/2025\/10\/nib-articulosentradas-a-retocar-2025-09-04t084550-000-800x450.png"},{"@type":"BreadcrumbList","@id":"https:\/\/idakorea.ee\/beauty-advent-calendar-2025\/#breadcrumb","itemListElement":[{"@type":"ListItem","position":1,"name":"\u0413\u043b\u0430\u0432\u043d\u0430\u044f \u0441\u0442\u0440\u0430\u043d\u0438\u0446\u0430","item":"https:\/\/idakorea.ee\/"},{"@type":"ListItem","position":2,"name":"Advent Calendar 2025"}]},{"@type":"WebSite","@id":"https:\/\/idakorea.ee\/#website","url":"https:\/\/idakorea.ee\/","name":"IDA.KOREA","description":"Korean cosmetics e-shop","publisher":{"@id":"https:\/\/idakorea.ee\/#organization"},"alternateName":"Beauty Shop","potentialAction":[{"@type":"SearchAction","target":{"@type":"EntryPoint","urlTemplate":"https:\/\/idakorea.ee\/?s={search_term_string}"},"query-input":{"@type":"PropertyValueSpecification","valueRequired":true,"valueName":"search_term_string"}}],"inLanguage":"en-US"},{"@type":"Organization","@id":"https:\/\/idakorea.ee\/#organization","name":"IDA.KOREA","url":"https:\/\/idakorea.ee\/","logo":{"@type":"ImageObject","inLanguage":"en-US","@id":"https:\/\/idakorea.ee\/#\/schema\/logo\/image\/","url":"https:\/\/idakorea.ee\/wp-content\/uploads\/2024\/05\/cropped-korea3.png","contentUrl":"https:\/\/idakorea.ee\/wp-content\/uploads\/2024\/05\/cropped-korea3.png","width":688,"height":126,"caption":"IDA.KOREA"},"image":{"@id":"https:\/\/idakorea.ee\/#\/schema\/logo\/image\/"},"sameAs":["https:\/\/www.instagram.com\/ida.korea\/"]}]}},"jetpack_sharing_enabled":true,"_links":{"self":[{"href":"https:\/\/idakorea.ee\/en\/wp-json\/wp\/v2\/pages\/16200","targetHints":{"allow":["GET"]}}],"collection":[{"href":"https:\/\/idakorea.ee\/en\/wp-json\/wp\/v2\/pages"}],"about":[{"href":"https:\/\/idakorea.ee\/en\/wp-json\/wp\/v2\/types\/page"}],"author":[{"embeddable":true,"href":"https:\/\/idakorea.ee\/en\/wp-json\/wp\/v2\/users\/1"}],"replies":[{"embeddable":true,"href":"https:\/\/idakorea.ee\/en\/wp-json\/wp\/v2\/comments?post=16200"}],"version-history":[{"count":3,"href":"https:\/\/idakorea.ee\/en\/wp-json\/wp\/v2\/pages\/16200\/revisions"}],"predecessor-version":[{"id":16209,"href":"https:\/\/idakorea.ee\/en\/wp-json\/wp\/v2\/pages\/16200\/revisions\/16209"}],"wp:attachment":[{"href":"https:\/\/idakorea.ee\/en\/wp-json\/wp\/v2\/media?parent=16200"}],"curies":[{"name":"wp","href":"https:\/\/api.w.org\/{rel}","templated":true}]}}