{"id":3,"date":"2024-05-14T18:16:25","date_gmt":"2024-05-14T18:16:25","guid":{"rendered":"https:\/\/idakorea.ee\/?page_id=3"},"modified":"2025-08-27T10:41:47","modified_gmt":"2025-08-27T07:41:47","slug":"privaatsuspoliitika","status":"publish","type":"page","link":"https:\/\/idakorea.ee\/en\/privaatsuspoliitika\/","title":{"rendered":"Processing of personal data"},"content":{"rendered":"<p class=\"has-text-align-center has-larger-font-size\"><strong>Processing of personal data<\/strong><\/p>\n\n\n\n<p>The controller of personal data of the online store Idakorea.ee is Nova8 O\u00dc, registry code 17198963, address 2.Tartu P\u00f5ik 2d, J\u00f5hvi and e-mail info@idakorea.ee (hereinafter \u201c<strong>merchant<\/strong>\u201c&quot;).<\/p>\n\n\n\n<h4 class=\"wp-block-heading\" id=\"h-milliseid-isikuandmeid-toodeldakse\"><strong>What personal data is processed<\/strong><\/h4>\n\n\n\n<ul class=\"wp-block-list\">\n<li>name;<\/li>\n\n\n\n<li>contact information, such as phone number and e-mail address;<\/li>\n\n\n\n<li>payer and delivery address;<\/li>\n\n\n\n<li>bank account number;<\/li>\n\n\n\n<li>the cost of goods and services and payment details (purchase history);<\/li>\n\n\n\n<li>customer support details;<\/li>\n\n\n\n<li>other information related to customer surveys and\/or offers.<\/li>\n<\/ul>\n\n\n\n<hr class=\"wp-block-separator has-alpha-channel-opacity\"\/>\n\n\n\n<h4 class=\"wp-block-heading\" id=\"h-mis-eesmargil-isikuandmeid-toodeldakse\"><strong>Purposes for which personal data is processed<\/strong><\/h4>\n\n\n\n<p>The processing of personal data is carried out for the purpose of the performance of a contract with a customer. Processing of personal data for the performance of a legal obligation (e.g. accounting and consumer dispute resolution).&nbsp;<br>Personal data is used for the management of customer orders and the delivery of goods.&nbsp;<br>Purchase history data (date of purchase, goods, quantity, customer details) is used to compile an overview of goods and services purchased and to analyse customer preferences.&nbsp;<br>The bank account number is used to return payments to the customer.&nbsp;<br>Personal data, such as e-mail address, telephone number, customer name, are processed in order to resolve issues related to the provision of goods and services (customer support).&nbsp;<br>The e-shop user's IP address or other network identifiers are processed for the purpose of providing the e-shop as an information society service and for the purpose of web usage statistics.&nbsp;<\/p>\n\n\n\n<hr class=\"wp-block-separator has-alpha-channel-opacity\"\/>\n\n\n\n<h4 class=\"wp-block-heading\" id=\"h-isikuandmed-edastamine-volitatud-tootlejatele\"><strong>Transfer of personal data to processors<\/strong><\/h4>\n\n\n\n<p>The Merchant shall keep confidential the personal data of the Customer that have become known to it in the course of registration and use of the User Account and shall disclose them to third parties only with the Customer's consent, unless the obligation or right to disclose the data arises from legislation. The user of the e-shop agrees that the trader has the right to process his\/her personal data in order to provide the customer with the appropriate services, including the transmission of the customer's data to persons connected with the provision of the service by the trader to the customer. List of authorised processors:<\/p>\n\n\n\n<p>Business software - for accounting transactions<\/p>\n\n\n\n<ol class=\"wp-block-list\">\n<li>Merit Software<\/li>\n<\/ol>\n\n\n\n<p>Suppliers - to deliver orders to the customer:<\/p>\n\n\n\n<ol class=\"wp-block-list\">\n<li>DPD<\/li>\n\n\n\n<li>Itella<\/li>\n\n\n\n<li>Omniva<\/li>\n<\/ol>\n\n\n\n<p>Payment Intermediaries - to pay for orders<\/p>\n\n\n\n<ol class=\"wp-block-list\">\n<li>Swedbank<\/li>\n\n\n\n<li>SEB<\/li>\n\n\n\n<li>Luminor<\/li>\n\n\n\n<li>LHV<\/li>\n\n\n\n<li>Coop<\/li>\n\n\n\n<li>Montonio Finance UAB<\/li>\n\n\n\n<li>PayPal<\/li>\n<\/ol>\n\n\n\n<p>Collecting statistics - gathering information to improve the e-shop user experience:<\/p>\n\n\n\n<ol class=\"wp-block-list\">\n<li>Google Analytics<\/li>\n\n\n\n<li>Facebook<\/li>\n<\/ol>\n\n\n\n<hr class=\"wp-block-separator has-alpha-channel-opacity\"\/>\n\n\n\n<h4 class=\"wp-block-heading\" id=\"h-isikuandmetega-tutvumine-ja-parandamine\"><strong>Accessing and correcting personal data<\/strong><\/h4>\n\n\n\n<p>Personal data stored in the e-shop can be accessed and corrected in the e-shop account management. If a purchase is made as a guest (without a user account), personal data can be requested via the data request form.&nbsp;<\/p>\n\n\n\n<hr class=\"wp-block-separator has-alpha-channel-opacity\"\/>\n\n\n\n<h4 class=\"wp-block-heading\" id=\"h-nousoleku-tagasivotmine\"><strong>Withdrawal of consent<\/strong><\/h4>\n\n\n\n<p>Where the processing of personal data is based on the consent of the customer.<\/p>\n\n\n\n<hr class=\"wp-block-separator has-alpha-channel-opacity\"\/>\n\n\n\n<h4 class=\"wp-block-heading\" id=\"h-sailitamine\"><strong>Storage at<\/strong><\/h4>\n\n\n\n<p>When you close your e-shop customer account, your personal data will be deleted, unless such data needs to be stored for accounting purposes or to resolve consumer disputes.&nbsp;<\/p>\n\n\n\n<p>If the purchase is made online as a guest (without a user account), the personalised purchase history is kept for three years.&nbsp;<\/p>\n\n\n\n<p>In the case of disputes relating to payments and consumer disputes, personal data will be kept until the claim is settled or the limitation period expires (three years).&nbsp;<\/p>\n\n\n\n<p>Personal data necessary for accounting purposes are kept for seven years.&nbsp;<\/p>\n\n\n\n<hr class=\"wp-block-separator has-alpha-channel-opacity\"\/>\n\n\n\n<h4 class=\"wp-block-heading\" id=\"h-kustutamine\"><strong>Deletion<\/strong><\/h4>\n\n\n\n<p>You can submit a request for deletion of personal data stored in the online store \u2013 info@idakorea.ee. The request for deletion of data will be responded to no later than within a month and, if necessary, the period for deletion of the data will be specified.<\/p>\n\n\n\n<hr class=\"wp-block-separator has-alpha-channel-opacity\"\/>\n\n\n\n<h4 class=\"wp-block-heading\" id=\"h-otseturustusteated\"><strong>Direct marketing communications<\/strong><\/h4>\n\n\n\n<p>The email address and telephone number will be used to send direct marketing messages. If the customer does not wish to receive direct marketing messages, they should select the appropriate reference in the footer of the email or in the telephone message or contact customer support.&nbsp;<\/p>\n\n\n\n<p>Where personal data is processed for the purposes of direct marketing (profiling), the customer has the right to object at any time to both the initial and further processing of his or her personal data, including profiling in relation to direct marketing, by informing Customer Support by e-mail.&nbsp;<\/p>\n\n\n\n<hr class=\"wp-block-separator has-alpha-channel-opacity\"\/>\n\n\n\n<h4 class=\"wp-block-heading\" id=\"h-vaidluste-lahendamine\"><strong>Dispute resolution<\/strong><\/h4>\n\n\n\n<p>Disputes relating to the processing of personal data will be resolved through customer support. The supervisory authority is the Estonian Data Protection Inspectorate (<a href=\"mailto:info@aki.ee\">info@aki.ee<\/a>).&nbsp;<a href=\"https:\/\/komisjon.ee\/et\" target=\"_blank\" rel=\"noreferrer noopener\">Consumer Protection Committee<\/a>&nbsp;and&nbsp;<a href=\"https:\/\/ec.europa.eu\/consumers\/odr\/main\/index.cfm?event=main.home2.show&amp;lng=ET\" target=\"_blank\" rel=\"noreferrer noopener\">ODR platform<\/a>&nbsp;<\/p>\n\n\n\n<p><\/p>\n\n\n\n<p><\/p>\n\n\n\n<p><\/p>\n\n\n\n<p><\/p>","protected":false},"excerpt":{"rendered":"<p>Processing of personal data The controller of personal data of the Idakorea.ee e-shop is Nova8 O\u00dc, registry code 17198963, address 2.Tartu P\u00f5ik 2d, J\u00f5hvi and e-mail info@idakorea.ee (hereinafter referred to as the \u201cmerchant\u201d). What personal data is processed? For what purpose is personal data processed? Personal data is processed for the purpose of fulfilling the contract concluded with the customer. Personal data is processed for the purpose of fulfilling a legal obligation (e.g. accounting and resolving consumer disputes). Personal data is used to manage customer orders and deliver goods. Purchase history data\u2026<\/p>","protected":false},"author":1,"featured_media":0,"parent":0,"menu_order":0,"comment_status":"closed","ping_status":"closed","template":"","meta":{"_uf_show_specific_survey":0,"_uf_disable_surveys":false,"_bst_post_transparent":"","_bst_post_title":"","_bst_post_layout":"","_bst_post_sidebar_id":"","_bst_post_content_style":"","_bst_post_vertical_padding":"","_bst_post_feature":"","_bst_post_feature_position":"","_bst_post_header":false,"_bst_post_footer":false,"footnotes":""},"class_list":["post-3","page","type-page","status-publish","hentry"],"yoast_head":"<!-- This site is optimized with the Yoast SEO plugin v27.2 - https:\/\/yoast.com\/product\/yoast-seo-wordpress\/ -->\n<title>Isikuandmete t\u00f6\u00f6tlemine - IDA.KOREA<\/title>\n<meta name=\"robots\" content=\"index, follow, max-snippet:-1, max-image-preview:large, max-video-preview:-1\" \/>\n<link rel=\"canonical\" href=\"https:\/\/idakorea.ee\/en\/privaatsuspoliitika\/\" \/>\n<meta property=\"og:locale\" content=\"en_US\" \/>\n<meta property=\"og:type\" content=\"article\" \/>\n<meta property=\"og:title\" content=\"Isikuandmete t\u00f6\u00f6tlemine - IDA.KOREA\" \/>\n<meta property=\"og:description\" content=\"Isikuandmete t\u00f6\u00f6tlemine E-poe Idakorea.ee isikuandmete vastutav t\u00f6\u00f6tleja on Nova8 O\u00dc, registrikood 17198963, aadress 2.Tartu P\u00f5ik 2d, J\u00f5hvi ja e-post info@idakorea.ee (edaspidi &#8220;kaupmees&#8220;). Milliseid isikuandmeid t\u00f6\u00f6deldakse Mis eesm\u00e4rgil isikuandmeid t\u00f6\u00f6deldakse Isikuandmete t\u00f6\u00f6tlemine toimub kliendiga s\u00f5lmitud lepingu t\u00e4itmise eesm\u00e4rgil.&nbsp;Isikuandmete t\u00f6\u00f6tlemine toimub juriidilise kohustuse t\u00e4itmiseks (nt raamatupidamine ja tarbijavaidluste lahendamine).&nbsp;Isikuandmeid kasutatakse kliendi tellimuste haldamiseks ja kauba kohaletoimetamiseks.&nbsp;Ostuajaloo andmeid...\" \/>\n<meta property=\"og:url\" content=\"https:\/\/idakorea.ee\/en\/privaatsuspoliitika\/\" \/>\n<meta property=\"og:site_name\" content=\"IDA.KOREA\" \/>\n<meta property=\"article:modified_time\" content=\"2025-08-27T07:41:47+00:00\" \/>\n<meta property=\"og:image\" content=\"https:\/\/idakorea.ee\/wp-content\/uploads\/2024\/07\/logo.png\" \/>\n\t<meta property=\"og:image:width\" content=\"813\" \/>\n\t<meta property=\"og:image:height\" content=\"813\" \/>\n\t<meta property=\"og:image:type\" content=\"image\/png\" \/>\n<meta name=\"twitter:card\" content=\"summary_large_image\" \/>\n<meta name=\"twitter:label1\" content=\"Est. reading time\" \/>\n\t<meta name=\"twitter:data1\" content=\"3 minutes\" \/>\n<script type=\"application\/ld+json\" class=\"yoast-schema-graph\">{\"@context\":\"https:\/\/schema.org\",\"@graph\":[{\"@type\":\"WebPage\",\"@id\":\"https:\/\/idakorea.ee\/privaatsuspoliitika\/\",\"url\":\"https:\/\/idakorea.ee\/privaatsuspoliitika\/\",\"name\":\"Isikuandmete t\u00f6\u00f6tlemine - IDA.KOREA\",\"isPartOf\":{\"@id\":\"https:\/\/idakorea.ee\/#website\"},\"datePublished\":\"2024-05-14T18:16:25+00:00\",\"dateModified\":\"2025-08-27T07:41:47+00:00\",\"breadcrumb\":{\"@id\":\"https:\/\/idakorea.ee\/privaatsuspoliitika\/#breadcrumb\"},\"inLanguage\":\"en-US\",\"potentialAction\":[{\"@type\":\"ReadAction\",\"target\":[\"https:\/\/idakorea.ee\/privaatsuspoliitika\/\"]}]},{\"@type\":\"BreadcrumbList\",\"@id\":\"https:\/\/idakorea.ee\/privaatsuspoliitika\/#breadcrumb\",\"itemListElement\":[{\"@type\":\"ListItem\",\"position\":1,\"name\":\"\u0413\u043b\u0430\u0432\u043d\u0430\u044f \u0441\u0442\u0440\u0430\u043d\u0438\u0446\u0430\",\"item\":\"https:\/\/idakorea.ee\/\"},{\"@type\":\"ListItem\",\"position\":2,\"name\":\"Isikuandmete t\u00f6\u00f6tlemine\"}]},{\"@type\":\"WebSite\",\"@id\":\"https:\/\/idakorea.ee\/#website\",\"url\":\"https:\/\/idakorea.ee\/\",\"name\":\"IDA.KOREA\",\"description\":\"Korea kosmeetika e-pood\",\"publisher\":{\"@id\":\"https:\/\/idakorea.ee\/#organization\"},\"alternateName\":\"Beauty Shop\",\"potentialAction\":[{\"@type\":\"SearchAction\",\"target\":{\"@type\":\"EntryPoint\",\"urlTemplate\":\"https:\/\/idakorea.ee\/?s={search_term_string}\"},\"query-input\":{\"@type\":\"PropertyValueSpecification\",\"valueRequired\":true,\"valueName\":\"search_term_string\"}}],\"inLanguage\":\"en-US\"},{\"@type\":\"Organization\",\"@id\":\"https:\/\/idakorea.ee\/#organization\",\"name\":\"IDA.KOREA\",\"url\":\"https:\/\/idakorea.ee\/\",\"logo\":{\"@type\":\"ImageObject\",\"inLanguage\":\"en-US\",\"@id\":\"https:\/\/idakorea.ee\/#\/schema\/logo\/image\/\",\"url\":\"https:\/\/idakorea.ee\/wp-content\/uploads\/2024\/05\/cropped-korea3.png\",\"contentUrl\":\"https:\/\/idakorea.ee\/wp-content\/uploads\/2024\/05\/cropped-korea3.png\",\"width\":688,\"height\":126,\"caption\":\"IDA.KOREA\"},\"image\":{\"@id\":\"https:\/\/idakorea.ee\/#\/schema\/logo\/image\/\"},\"sameAs\":[\"https:\/\/www.instagram.com\/ida.korea\/\"]}]}<\/script>\n<!-- \/ Yoast SEO plugin. -->","yoast_head_json":{"title":"Processing of personal data - IDA.KOREA","robots":{"index":"index","follow":"follow","max-snippet":"max-snippet:-1","max-image-preview":"max-image-preview:large","max-video-preview":"max-video-preview:-1"},"canonical":"https:\/\/idakorea.ee\/en\/privaatsuspoliitika\/","og_locale":"en_US","og_type":"article","og_title":"Isikuandmete t\u00f6\u00f6tlemine - IDA.KOREA","og_description":"Isikuandmete t\u00f6\u00f6tlemine E-poe Idakorea.ee isikuandmete vastutav t\u00f6\u00f6tleja on Nova8 O\u00dc, registrikood 17198963, aadress 2.Tartu P\u00f5ik 2d, J\u00f5hvi ja e-post info@idakorea.ee (edaspidi &#8220;kaupmees&#8220;). Milliseid isikuandmeid t\u00f6\u00f6deldakse Mis eesm\u00e4rgil isikuandmeid t\u00f6\u00f6deldakse Isikuandmete t\u00f6\u00f6tlemine toimub kliendiga s\u00f5lmitud lepingu t\u00e4itmise eesm\u00e4rgil.&nbsp;Isikuandmete t\u00f6\u00f6tlemine toimub juriidilise kohustuse t\u00e4itmiseks (nt raamatupidamine ja tarbijavaidluste lahendamine).&nbsp;Isikuandmeid kasutatakse kliendi tellimuste haldamiseks ja kauba kohaletoimetamiseks.&nbsp;Ostuajaloo andmeid...","og_url":"https:\/\/idakorea.ee\/en\/privaatsuspoliitika\/","og_site_name":"IDA.KOREA","article_modified_time":"2025-08-27T07:41:47+00:00","og_image":[{"width":813,"height":813,"url":"https:\/\/idakorea.ee\/wp-content\/uploads\/2024\/07\/logo.png","type":"image\/png"}],"twitter_card":"summary_large_image","twitter_misc":{"Est. reading time":"3 minutes"},"schema":{"@context":"https:\/\/schema.org","@graph":[{"@type":"WebPage","@id":"https:\/\/idakorea.ee\/privaatsuspoliitika\/","url":"https:\/\/idakorea.ee\/privaatsuspoliitika\/","name":"Processing of personal data - IDA.KOREA","isPartOf":{"@id":"https:\/\/idakorea.ee\/#website"},"datePublished":"2024-05-14T18:16:25+00:00","dateModified":"2025-08-27T07:41:47+00:00","breadcrumb":{"@id":"https:\/\/idakorea.ee\/privaatsuspoliitika\/#breadcrumb"},"inLanguage":"en-US","potentialAction":[{"@type":"ReadAction","target":["https:\/\/idakorea.ee\/privaatsuspoliitika\/"]}]},{"@type":"BreadcrumbList","@id":"https:\/\/idakorea.ee\/privaatsuspoliitika\/#breadcrumb","itemListElement":[{"@type":"ListItem","position":1,"name":"\u0413\u043b\u0430\u0432\u043d\u0430\u044f \u0441\u0442\u0440\u0430\u043d\u0438\u0446\u0430","item":"https:\/\/idakorea.ee\/"},{"@type":"ListItem","position":2,"name":"Isikuandmete t\u00f6\u00f6tlemine"}]},{"@type":"WebSite","@id":"https:\/\/idakorea.ee\/#website","url":"https:\/\/idakorea.ee\/","name":"IDA.KOREA","description":"Korean cosmetics e-shop","publisher":{"@id":"https:\/\/idakorea.ee\/#organization"},"alternateName":"Beauty Shop","potentialAction":[{"@type":"SearchAction","target":{"@type":"EntryPoint","urlTemplate":"https:\/\/idakorea.ee\/?s={search_term_string}"},"query-input":{"@type":"PropertyValueSpecification","valueRequired":true,"valueName":"search_term_string"}}],"inLanguage":"en-US"},{"@type":"Organization","@id":"https:\/\/idakorea.ee\/#organization","name":"IDA.KOREA","url":"https:\/\/idakorea.ee\/","logo":{"@type":"ImageObject","inLanguage":"en-US","@id":"https:\/\/idakorea.ee\/#\/schema\/logo\/image\/","url":"https:\/\/idakorea.ee\/wp-content\/uploads\/2024\/05\/cropped-korea3.png","contentUrl":"https:\/\/idakorea.ee\/wp-content\/uploads\/2024\/05\/cropped-korea3.png","width":688,"height":126,"caption":"IDA.KOREA"},"image":{"@id":"https:\/\/idakorea.ee\/#\/schema\/logo\/image\/"},"sameAs":["https:\/\/www.instagram.com\/ida.korea\/"]}]}},"jetpack_sharing_enabled":true,"_links":{"self":[{"href":"https:\/\/idakorea.ee\/en\/wp-json\/wp\/v2\/pages\/3","targetHints":{"allow":["GET"]}}],"collection":[{"href":"https:\/\/idakorea.ee\/en\/wp-json\/wp\/v2\/pages"}],"about":[{"href":"https:\/\/idakorea.ee\/en\/wp-json\/wp\/v2\/types\/page"}],"author":[{"embeddable":true,"href":"https:\/\/idakorea.ee\/en\/wp-json\/wp\/v2\/users\/1"}],"replies":[{"embeddable":true,"href":"https:\/\/idakorea.ee\/en\/wp-json\/wp\/v2\/comments?post=3"}],"version-history":[{"count":2,"href":"https:\/\/idakorea.ee\/en\/wp-json\/wp\/v2\/pages\/3\/revisions"}],"predecessor-version":[{"id":15665,"href":"https:\/\/idakorea.ee\/en\/wp-json\/wp\/v2\/pages\/3\/revisions\/15665"}],"wp:attachment":[{"href":"https:\/\/idakorea.ee\/en\/wp-json\/wp\/v2\/media?parent=3"}],"curies":[{"name":"wp","href":"https:\/\/api.w.org\/{rel}","templated":true}]}}