{"id":4818,"date":"2024-06-11T12:24:00","date_gmt":"2024-06-11T12:24:00","guid":{"rendered":"https:\/\/idakorea.ee\/?page_id=4818"},"modified":"2024-06-11T12:31:14","modified_gmt":"2024-06-11T12:31:14","slug":"tagastamisoigus","status":"publish","type":"page","link":"https:\/\/idakorea.ee\/en\/tagastamisoigus\/","title":{"rendered":"Right of return"},"content":{"rendered":"<p class=\"has-text-align-center has-larger-font-size\"><strong>Right of return<\/strong><\/p>\n\n\n\n<p><\/p>\n\n\n\n<p>Goods purchased from the Idakorea.ee online store are subject to the warranty and return policy provided for in the laws of the Republic of Estonia.<\/p>\n\n\n\n<p>The goods purchased are subject to a 14-day right of return from the date of receipt.<\/p>\n\n\n\n<hr class=\"wp-block-separator has-alpha-channel-opacity\"\/>\n\n\n\n<h4 class=\"wp-block-heading\">Returning the product:<\/h4>\n\n\n\n<ul class=\"wp-block-list\">\n<li>The customer must notify his\/her wish to return the goods within 14 days of receipt of the goods by writing to info@idakorea.ee.<\/li>\n\n\n\n<li>Returned goods must be unused, undamaged and in their original packaging.<\/li>\n\n\n\n<li>The cost of returning the goods shall be borne by the customer, unless the reason for returning the goods is non-conformity with the order or defective goods.<\/li>\n\n\n\n<li>The Customer will be refunded the money for the returned goods immediately, but not later than 14 days after the receipt of the withdrawal. In addition to the cost of the returned goods, the delivery costs will also be refunded.<\/li>\n\n\n\n<li>Cosmetics and perfumes in open packaging are not returnable. Products that cannot be checked for use (or non-use) are also non-returnable. For example, mascara, which has a relatively short shelf-life and is directly linked to the time of opening.<\/li>\n\n\n\n<li>The customer may refer the matter to the Consumer Complaints Committee of the Consumer Protection Board, which is competent to settle disputes arising from a contract if the value of the goods in dispute exceeds \u20ac20 (the examination of the complaint by the Committee is free of charge).<\/li>\n<\/ul>\n\n\n\n<p><\/p>\n\n\n\n<p>Verona Baltic O\u00dc<\/p>\n\n\n\n<p><\/p>\n\n\n\n<p><\/p>","protected":false},"excerpt":{"rendered":"<p>The right of return The goods purchased from Idakorea.ee online store are subject to the warranty and return procedures provided for in the laws of the Republic of Estonia. A 14-day right of return applies to the purchased goods from the date of receipt. Verona Baltic O\u00dc<\/p>","protected":false},"author":1,"featured_media":0,"parent":0,"menu_order":0,"comment_status":"closed","ping_status":"closed","template":"","meta":{"_uf_show_specific_survey":0,"_uf_disable_surveys":false,"_bst_post_transparent":"","_bst_post_title":"","_bst_post_layout":"","_bst_post_sidebar_id":"","_bst_post_content_style":"","_bst_post_vertical_padding":"","_bst_post_feature":"","_bst_post_feature_position":"","_bst_post_header":false,"_bst_post_footer":false,"footnotes":""},"class_list":["post-4818","page","type-page","status-publish","hentry"],"yoast_head":"<!-- This site is optimized with the Yoast SEO plugin v27.2 - https:\/\/yoast.com\/product\/yoast-seo-wordpress\/ -->\n<title>Tagastamis\u00f5igus - IDA.KOREA<\/title>\n<meta name=\"robots\" content=\"index, follow, max-snippet:-1, max-image-preview:large, max-video-preview:-1\" \/>\n<link rel=\"canonical\" href=\"https:\/\/idakorea.ee\/en\/tagastamisoigus\/\" \/>\n<meta property=\"og:locale\" content=\"en_US\" \/>\n<meta property=\"og:type\" content=\"article\" \/>\n<meta property=\"og:title\" content=\"Tagastamis\u00f5igus - IDA.KOREA\" \/>\n<meta property=\"og:description\" content=\"Tagastamis\u00f5igus Idakorea.ee veebipoest ostetud kaubale kehtivad Eesti Vabariigi seadustes etten\u00e4htud garantii ja tagastamise kord. Ostetud kaubale kehtib alates kauba k\u00e4ttesaamisest 14 p\u00e4evane kauba tagastamis\u00f5igus. Toote tagastamine: Verona Baltic O\u00dc\" \/>\n<meta property=\"og:url\" content=\"https:\/\/idakorea.ee\/en\/tagastamisoigus\/\" \/>\n<meta property=\"og:site_name\" content=\"IDA.KOREA\" \/>\n<meta property=\"article:modified_time\" content=\"2024-06-11T12:31:14+00:00\" \/>\n<meta property=\"og:image\" content=\"https:\/\/idakorea.ee\/wp-content\/uploads\/2024\/07\/logo.png\" \/>\n\t<meta property=\"og:image:width\" content=\"813\" \/>\n\t<meta property=\"og:image:height\" content=\"813\" \/>\n\t<meta property=\"og:image:type\" content=\"image\/png\" \/>\n<meta name=\"twitter:card\" content=\"summary_large_image\" \/>\n<meta name=\"twitter:label1\" content=\"Est. reading time\" \/>\n\t<meta name=\"twitter:data1\" content=\"1 minute\" \/>\n<script type=\"application\/ld+json\" class=\"yoast-schema-graph\">{\"@context\":\"https:\/\/schema.org\",\"@graph\":[{\"@type\":\"WebPage\",\"@id\":\"https:\/\/idakorea.ee\/tagastamisoigus\/\",\"url\":\"https:\/\/idakorea.ee\/tagastamisoigus\/\",\"name\":\"Tagastamis\u00f5igus - IDA.KOREA\",\"isPartOf\":{\"@id\":\"https:\/\/idakorea.ee\/#website\"},\"datePublished\":\"2024-06-11T12:24:00+00:00\",\"dateModified\":\"2024-06-11T12:31:14+00:00\",\"breadcrumb\":{\"@id\":\"https:\/\/idakorea.ee\/tagastamisoigus\/#breadcrumb\"},\"inLanguage\":\"en-US\",\"potentialAction\":[{\"@type\":\"ReadAction\",\"target\":[\"https:\/\/idakorea.ee\/tagastamisoigus\/\"]}]},{\"@type\":\"BreadcrumbList\",\"@id\":\"https:\/\/idakorea.ee\/tagastamisoigus\/#breadcrumb\",\"itemListElement\":[{\"@type\":\"ListItem\",\"position\":1,\"name\":\"\u0413\u043b\u0430\u0432\u043d\u0430\u044f \u0441\u0442\u0440\u0430\u043d\u0438\u0446\u0430\",\"item\":\"https:\/\/idakorea.ee\/\"},{\"@type\":\"ListItem\",\"position\":2,\"name\":\"Tagastamis\u00f5igus\"}]},{\"@type\":\"WebSite\",\"@id\":\"https:\/\/idakorea.ee\/#website\",\"url\":\"https:\/\/idakorea.ee\/\",\"name\":\"IDA.KOREA\",\"description\":\"Korea kosmeetika e-pood\",\"publisher\":{\"@id\":\"https:\/\/idakorea.ee\/#organization\"},\"alternateName\":\"Beauty Shop\",\"potentialAction\":[{\"@type\":\"SearchAction\",\"target\":{\"@type\":\"EntryPoint\",\"urlTemplate\":\"https:\/\/idakorea.ee\/?s={search_term_string}\"},\"query-input\":{\"@type\":\"PropertyValueSpecification\",\"valueRequired\":true,\"valueName\":\"search_term_string\"}}],\"inLanguage\":\"en-US\"},{\"@type\":\"Organization\",\"@id\":\"https:\/\/idakorea.ee\/#organization\",\"name\":\"IDA.KOREA\",\"url\":\"https:\/\/idakorea.ee\/\",\"logo\":{\"@type\":\"ImageObject\",\"inLanguage\":\"en-US\",\"@id\":\"https:\/\/idakorea.ee\/#\/schema\/logo\/image\/\",\"url\":\"https:\/\/idakorea.ee\/wp-content\/uploads\/2024\/05\/cropped-korea3.png\",\"contentUrl\":\"https:\/\/idakorea.ee\/wp-content\/uploads\/2024\/05\/cropped-korea3.png\",\"width\":688,\"height\":126,\"caption\":\"IDA.KOREA\"},\"image\":{\"@id\":\"https:\/\/idakorea.ee\/#\/schema\/logo\/image\/\"},\"sameAs\":[\"https:\/\/www.instagram.com\/ida.korea\/\"]}]}<\/script>\n<!-- \/ Yoast SEO plugin. -->","yoast_head_json":{"title":"Right of return - IDA.KOREA","robots":{"index":"index","follow":"follow","max-snippet":"max-snippet:-1","max-image-preview":"max-image-preview:large","max-video-preview":"max-video-preview:-1"},"canonical":"https:\/\/idakorea.ee\/en\/tagastamisoigus\/","og_locale":"en_US","og_type":"article","og_title":"Tagastamis\u00f5igus - IDA.KOREA","og_description":"Tagastamis\u00f5igus Idakorea.ee veebipoest ostetud kaubale kehtivad Eesti Vabariigi seadustes etten\u00e4htud garantii ja tagastamise kord. Ostetud kaubale kehtib alates kauba k\u00e4ttesaamisest 14 p\u00e4evane kauba tagastamis\u00f5igus. Toote tagastamine: Verona Baltic O\u00dc","og_url":"https:\/\/idakorea.ee\/en\/tagastamisoigus\/","og_site_name":"IDA.KOREA","article_modified_time":"2024-06-11T12:31:14+00:00","og_image":[{"width":813,"height":813,"url":"https:\/\/idakorea.ee\/wp-content\/uploads\/2024\/07\/logo.png","type":"image\/png"}],"twitter_card":"summary_large_image","twitter_misc":{"Est. reading time":"1 minute"},"schema":{"@context":"https:\/\/schema.org","@graph":[{"@type":"WebPage","@id":"https:\/\/idakorea.ee\/tagastamisoigus\/","url":"https:\/\/idakorea.ee\/tagastamisoigus\/","name":"Right of return - IDA.KOREA","isPartOf":{"@id":"https:\/\/idakorea.ee\/#website"},"datePublished":"2024-06-11T12:24:00+00:00","dateModified":"2024-06-11T12:31:14+00:00","breadcrumb":{"@id":"https:\/\/idakorea.ee\/tagastamisoigus\/#breadcrumb"},"inLanguage":"en-US","potentialAction":[{"@type":"ReadAction","target":["https:\/\/idakorea.ee\/tagastamisoigus\/"]}]},{"@type":"BreadcrumbList","@id":"https:\/\/idakorea.ee\/tagastamisoigus\/#breadcrumb","itemListElement":[{"@type":"ListItem","position":1,"name":"\u0413\u043b\u0430\u0432\u043d\u0430\u044f \u0441\u0442\u0440\u0430\u043d\u0438\u0446\u0430","item":"https:\/\/idakorea.ee\/"},{"@type":"ListItem","position":2,"name":"Tagastamis\u00f5igus"}]},{"@type":"WebSite","@id":"https:\/\/idakorea.ee\/#website","url":"https:\/\/idakorea.ee\/","name":"IDA.KOREA","description":"Korean cosmetics e-shop","publisher":{"@id":"https:\/\/idakorea.ee\/#organization"},"alternateName":"Beauty Shop","potentialAction":[{"@type":"SearchAction","target":{"@type":"EntryPoint","urlTemplate":"https:\/\/idakorea.ee\/?s={search_term_string}"},"query-input":{"@type":"PropertyValueSpecification","valueRequired":true,"valueName":"search_term_string"}}],"inLanguage":"en-US"},{"@type":"Organization","@id":"https:\/\/idakorea.ee\/#organization","name":"IDA.KOREA","url":"https:\/\/idakorea.ee\/","logo":{"@type":"ImageObject","inLanguage":"en-US","@id":"https:\/\/idakorea.ee\/#\/schema\/logo\/image\/","url":"https:\/\/idakorea.ee\/wp-content\/uploads\/2024\/05\/cropped-korea3.png","contentUrl":"https:\/\/idakorea.ee\/wp-content\/uploads\/2024\/05\/cropped-korea3.png","width":688,"height":126,"caption":"IDA.KOREA"},"image":{"@id":"https:\/\/idakorea.ee\/#\/schema\/logo\/image\/"},"sameAs":["https:\/\/www.instagram.com\/ida.korea\/"]}]}},"jetpack_sharing_enabled":true,"_links":{"self":[{"href":"https:\/\/idakorea.ee\/en\/wp-json\/wp\/v2\/pages\/4818","targetHints":{"allow":["GET"]}}],"collection":[{"href":"https:\/\/idakorea.ee\/en\/wp-json\/wp\/v2\/pages"}],"about":[{"href":"https:\/\/idakorea.ee\/en\/wp-json\/wp\/v2\/types\/page"}],"author":[{"embeddable":true,"href":"https:\/\/idakorea.ee\/en\/wp-json\/wp\/v2\/users\/1"}],"replies":[{"embeddable":true,"href":"https:\/\/idakorea.ee\/en\/wp-json\/wp\/v2\/comments?post=4818"}],"version-history":[{"count":0,"href":"https:\/\/idakorea.ee\/en\/wp-json\/wp\/v2\/pages\/4818\/revisions"}],"wp:attachment":[{"href":"https:\/\/idakorea.ee\/en\/wp-json\/wp\/v2\/media?parent=4818"}],"curies":[{"name":"wp","href":"https:\/\/api.w.org\/{rel}","templated":true}]}}