{"id":9059,"date":"2024-07-01T10:00:26","date_gmt":"2024-07-01T10:00:26","guid":{"rendered":"https:\/\/idakorea.ee\/?page_id=9059"},"modified":"2024-10-04T16:04:00","modified_gmt":"2024-10-04T13:04:00","slug":"miniatuurid","status":"publish","type":"page","link":"https:\/\/idakorea.ee\/en\/miniatuurid\/","title":{"rendered":"Miniatures"},"content":{"rendered":"<p><\/p>\n\n\n\n<p><img fetchpriority=\"high\" decoding=\"async\" src=\"https:\/\/idakorea.ee\/wp-content\/uploads\/2024\/07\/ftyggf.png\" alt=\"Kas olete kunagi m\u00f5elnud, mis tunne oleks proovida Korea tooteid, ostmata kohe t\u00e4ism\u00f5\u00f5dus pakendit? Idakorea.ee siin selleks, et muuta see protsess v\u00f5imalikult mugavaks ja meeldivaks!\" width=\"2106\" height=\"738\"><\/p>\n\n\n\n<h3 class=\"wp-block-heading\">Why choose a miniature?<\/h3>\n\n\n\n<p><\/p>\n\n\n\n<p><strong>Miniatures:<\/strong> We take the original packaging and pack the products in miniatures of 20 ml, 10 ml or 5 ml. This allows you to test the product before buying the full size packaging.<\/p>\n\n\n\n<p><strong>Sterilisation and safety:<\/strong> All miniatures are packaged in sterile conditions to ensure that all beneficial properties are preserved and safe to use.<\/p>\n\n\n\n<p><strong>Convenience and savings:<\/strong> Now you don't have to spend large sums of money on full-size products that may not suit you. With our miniatures, you can save money and choose the products that are perfect for your skin.<\/p>\n\n\n\n<h3 class=\"wp-block-heading\">\u00a0<\/h3>\n<h3>What do miniatures look like?<\/h3>\n<p>\u00a0<\/p>\n<p><img decoding=\"async\" src=\"https:\/\/idakorea.ee\/wp-content\/uploads\/2024\/07\/41vd83jvl9s._ac_uf8941000_ql80_-1-555x132.jpg\" alt=\"\" width=\"555\" height=\"132\" \/><\/p>\n\n\n\n<p>&nbsp;<\/p>\n\n\n\n<h3 class=\"wp-block-heading\">How does it work?<\/h3>\n\n\n\n<ol class=\"wp-block-list\">\n<li><strong>Select a product:<\/strong> In our catalogue you'll find a wide range of well-known and trusted face care brands.<\/li>\n\n\n\n<li><strong>Select volume:<\/strong> We offer 20 ml, 10 ml and 5 ml miniatures. This is a convenient way to try several products at once.<\/li>\n\n\n\n<li><strong>Get your pack:<\/strong> We'll pack your order carefully and get it to you as quickly as possible.<\/li>\n<\/ol>\n\n\n\n<h3 class=\"wp-block-heading\">\u00a0<\/h3>\n<h3>Advantages of miniatures<\/h3>\n\n\n\n<ul class=\"wp-block-list\">\n<li><strong>Economy:<\/strong> You can try several products without spending a lot of money, allowing you to find the perfect treatment for your skin without spending too much.<\/li>\n\n\n\n<li><strong>Flexibility:<\/strong> Miniatures give you the chance to test different products and choose the ones you really like, without having to buy the full-size versions.<\/li>\n\n\n\n<li><strong>Portability:<\/strong> The compact size of the miniatures makes them ideal for cosmetic bags, travel and everyday use.<\/li>\n<\/ul>\n\n\n\n<h3 class=\"wp-block-heading\">\u00a0<\/h3>\n<h3>Try and decide<\/h3>\n\n\n\n<p>Now you can be sure of your choice before buying a full-size product. Enjoy using quality cosmetics and find the perfect care for your skin!<\/p>\n\n\n\n<p>&nbsp;<\/p>\n\n\n\n<h3>We are happy to see you in our online shop and we are sure you will be happy with our service and products!<\/h3>\n<p><strong>\n\n\n\n<\/strong><\/p>\n<p>\u00a0<\/p>\n<p><strong>\n\n\n\n<\/strong><\/p>\n<p>\u00a0<\/p>\n\n\n\n<p>&nbsp;<\/p>\n\n\n\n<p><\/p>","protected":false},"excerpt":{"rendered":"<p>Why choose a miniature? Miniatures: we take the original packaging and pack the products in miniatures of 20 ml, 10 ml or 5 ml. This allows you to test the product before you buy the full size packaging. Sterilisation and safety: all miniatures are packaged in sterile conditions to ensure that all beneficial properties are preserved and safe to use. Convenience and savings....<\/p>","protected":false},"author":1,"featured_media":9070,"parent":0,"menu_order":0,"comment_status":"closed","ping_status":"closed","template":"","meta":{"_uf_show_specific_survey":0,"_uf_disable_surveys":false,"_bst_post_transparent":"","_bst_post_title":"","_bst_post_layout":"","_bst_post_sidebar_id":"","_bst_post_content_style":"","_bst_post_vertical_padding":"","_bst_post_feature":"","_bst_post_feature_position":"","_bst_post_header":false,"_bst_post_footer":false,"footnotes":""},"class_list":["post-9059","page","type-page","status-publish","has-post-thumbnail","hentry"],"yoast_head":"<!-- This site is optimized with the Yoast SEO plugin v27.2 - https:\/\/yoast.com\/product\/yoast-seo-wordpress\/ -->\n<title>Miniatuurid - IDA.KOREA<\/title>\n<meta name=\"description\" content=\"N\u00fc\u00fcd saate olla oma valikus kindel enne t\u00e4ism\u00f5\u00f5dus toote ostmist. Nautige kvaliteetse kosmeetika kasutamist ja leidke oma nahale ideaalne hooldus!\" \/>\n<meta name=\"robots\" content=\"index, follow, max-snippet:-1, max-image-preview:large, max-video-preview:-1\" \/>\n<link rel=\"canonical\" href=\"https:\/\/idakorea.ee\/en\/miniatuurid\/\" \/>\n<meta property=\"og:locale\" content=\"en_US\" \/>\n<meta property=\"og:type\" content=\"article\" \/>\n<meta property=\"og:title\" content=\"Miniatuurid - IDA.KOREA\" \/>\n<meta property=\"og:description\" content=\"N\u00fc\u00fcd saate olla oma valikus kindel enne t\u00e4ism\u00f5\u00f5dus toote ostmist. Nautige kvaliteetse kosmeetika kasutamist ja leidke oma nahale ideaalne hooldus!\" \/>\n<meta property=\"og:url\" content=\"https:\/\/idakorea.ee\/en\/miniatuurid\/\" \/>\n<meta property=\"og:site_name\" content=\"IDA.KOREA\" \/>\n<meta property=\"article:modified_time\" content=\"2024-10-04T13:04:00+00:00\" \/>\n<meta property=\"og:image\" content=\"https:\/\/idakorea.ee\/wp-content\/uploads\/2024\/07\/ddsaa-e1725444218132.png\" \/>\n\t<meta property=\"og:image:width\" content=\"997\" \/>\n\t<meta property=\"og:image:height\" content=\"744\" \/>\n\t<meta property=\"og:image:type\" content=\"image\/png\" \/>\n<meta name=\"twitter:card\" content=\"summary_large_image\" \/>\n<meta name=\"twitter:label1\" content=\"Est. reading time\" \/>\n\t<meta name=\"twitter:data1\" content=\"2 minutes\" \/>\n<script type=\"application\/ld+json\" class=\"yoast-schema-graph\">{\"@context\":\"https:\/\/schema.org\",\"@graph\":[{\"@type\":\"WebPage\",\"@id\":\"https:\/\/idakorea.ee\/miniatuurid\/\",\"url\":\"https:\/\/idakorea.ee\/miniatuurid\/\",\"name\":\"Miniatuurid - IDA.KOREA\",\"isPartOf\":{\"@id\":\"https:\/\/idakorea.ee\/#website\"},\"primaryImageOfPage\":{\"@id\":\"https:\/\/idakorea.ee\/miniatuurid\/#primaryimage\"},\"image\":{\"@id\":\"https:\/\/idakorea.ee\/miniatuurid\/#primaryimage\"},\"thumbnailUrl\":\"https:\/\/idakorea.ee\/wp-content\/uploads\/2024\/07\/ddsaa-e1725444218132.png\",\"datePublished\":\"2024-07-01T10:00:26+00:00\",\"dateModified\":\"2024-10-04T13:04:00+00:00\",\"description\":\"N\u00fc\u00fcd saate olla oma valikus kindel enne t\u00e4ism\u00f5\u00f5dus toote ostmist. Nautige kvaliteetse kosmeetika kasutamist ja leidke oma nahale ideaalne hooldus!\",\"breadcrumb\":{\"@id\":\"https:\/\/idakorea.ee\/miniatuurid\/#breadcrumb\"},\"inLanguage\":\"en-US\",\"potentialAction\":[{\"@type\":\"ReadAction\",\"target\":[\"https:\/\/idakorea.ee\/miniatuurid\/\"]}]},{\"@type\":\"ImageObject\",\"inLanguage\":\"en-US\",\"@id\":\"https:\/\/idakorea.ee\/miniatuurid\/#primaryimage\",\"url\":\"https:\/\/idakorea.ee\/wp-content\/uploads\/2024\/07\/ddsaa-e1725444218132.png\",\"contentUrl\":\"https:\/\/idakorea.ee\/wp-content\/uploads\/2024\/07\/ddsaa-e1725444218132.png\",\"width\":997,\"height\":744,\"caption\":\"miniatuurid Korea\"},{\"@type\":\"BreadcrumbList\",\"@id\":\"https:\/\/idakorea.ee\/miniatuurid\/#breadcrumb\",\"itemListElement\":[{\"@type\":\"ListItem\",\"position\":1,\"name\":\"\u0413\u043b\u0430\u0432\u043d\u0430\u044f \u0441\u0442\u0440\u0430\u043d\u0438\u0446\u0430\",\"item\":\"https:\/\/idakorea.ee\/\"},{\"@type\":\"ListItem\",\"position\":2,\"name\":\"Miniatuurid\"}]},{\"@type\":\"WebSite\",\"@id\":\"https:\/\/idakorea.ee\/#website\",\"url\":\"https:\/\/idakorea.ee\/\",\"name\":\"IDA.KOREA\",\"description\":\"Korea kosmeetika e-pood\",\"publisher\":{\"@id\":\"https:\/\/idakorea.ee\/#organization\"},\"alternateName\":\"Beauty Shop\",\"potentialAction\":[{\"@type\":\"SearchAction\",\"target\":{\"@type\":\"EntryPoint\",\"urlTemplate\":\"https:\/\/idakorea.ee\/?s={search_term_string}\"},\"query-input\":{\"@type\":\"PropertyValueSpecification\",\"valueRequired\":true,\"valueName\":\"search_term_string\"}}],\"inLanguage\":\"en-US\"},{\"@type\":\"Organization\",\"@id\":\"https:\/\/idakorea.ee\/#organization\",\"name\":\"IDA.KOREA\",\"url\":\"https:\/\/idakorea.ee\/\",\"logo\":{\"@type\":\"ImageObject\",\"inLanguage\":\"en-US\",\"@id\":\"https:\/\/idakorea.ee\/#\/schema\/logo\/image\/\",\"url\":\"https:\/\/idakorea.ee\/wp-content\/uploads\/2024\/05\/cropped-korea3.png\",\"contentUrl\":\"https:\/\/idakorea.ee\/wp-content\/uploads\/2024\/05\/cropped-korea3.png\",\"width\":688,\"height\":126,\"caption\":\"IDA.KOREA\"},\"image\":{\"@id\":\"https:\/\/idakorea.ee\/#\/schema\/logo\/image\/\"},\"sameAs\":[\"https:\/\/www.instagram.com\/ida.korea\/\"]}]}<\/script>\n<!-- \/ Yoast SEO plugin. -->","yoast_head_json":{"title":"Miniatures - IDA.KOREA","description":"Now you can be sure of your choice before buying a full-size product. Enjoy using quality cosmetics and find the perfect care for your skin!","robots":{"index":"index","follow":"follow","max-snippet":"max-snippet:-1","max-image-preview":"max-image-preview:large","max-video-preview":"max-video-preview:-1"},"canonical":"https:\/\/idakorea.ee\/en\/miniatuurid\/","og_locale":"en_US","og_type":"article","og_title":"Miniatuurid - IDA.KOREA","og_description":"N\u00fc\u00fcd saate olla oma valikus kindel enne t\u00e4ism\u00f5\u00f5dus toote ostmist. Nautige kvaliteetse kosmeetika kasutamist ja leidke oma nahale ideaalne hooldus!","og_url":"https:\/\/idakorea.ee\/en\/miniatuurid\/","og_site_name":"IDA.KOREA","article_modified_time":"2024-10-04T13:04:00+00:00","og_image":[{"width":997,"height":744,"url":"https:\/\/idakorea.ee\/wp-content\/uploads\/2024\/07\/ddsaa-e1725444218132.png","type":"image\/png"}],"twitter_card":"summary_large_image","twitter_misc":{"Est. reading time":"2 minutes"},"schema":{"@context":"https:\/\/schema.org","@graph":[{"@type":"WebPage","@id":"https:\/\/idakorea.ee\/miniatuurid\/","url":"https:\/\/idakorea.ee\/miniatuurid\/","name":"Miniatures - IDA.KOREA","isPartOf":{"@id":"https:\/\/idakorea.ee\/#website"},"primaryImageOfPage":{"@id":"https:\/\/idakorea.ee\/miniatuurid\/#primaryimage"},"image":{"@id":"https:\/\/idakorea.ee\/miniatuurid\/#primaryimage"},"thumbnailUrl":"https:\/\/idakorea.ee\/wp-content\/uploads\/2024\/07\/ddsaa-e1725444218132.png","datePublished":"2024-07-01T10:00:26+00:00","dateModified":"2024-10-04T13:04:00+00:00","description":"Now you can be sure of your choice before buying a full-size product. Enjoy using quality cosmetics and find the perfect care for your skin!","breadcrumb":{"@id":"https:\/\/idakorea.ee\/miniatuurid\/#breadcrumb"},"inLanguage":"en-US","potentialAction":[{"@type":"ReadAction","target":["https:\/\/idakorea.ee\/miniatuurid\/"]}]},{"@type":"ImageObject","inLanguage":"en-US","@id":"https:\/\/idakorea.ee\/miniatuurid\/#primaryimage","url":"https:\/\/idakorea.ee\/wp-content\/uploads\/2024\/07\/ddsaa-e1725444218132.png","contentUrl":"https:\/\/idakorea.ee\/wp-content\/uploads\/2024\/07\/ddsaa-e1725444218132.png","width":997,"height":744,"caption":"miniatuurid Korea"},{"@type":"BreadcrumbList","@id":"https:\/\/idakorea.ee\/miniatuurid\/#breadcrumb","itemListElement":[{"@type":"ListItem","position":1,"name":"\u0413\u043b\u0430\u0432\u043d\u0430\u044f \u0441\u0442\u0440\u0430\u043d\u0438\u0446\u0430","item":"https:\/\/idakorea.ee\/"},{"@type":"ListItem","position":2,"name":"Miniatuurid"}]},{"@type":"WebSite","@id":"https:\/\/idakorea.ee\/#website","url":"https:\/\/idakorea.ee\/","name":"IDA.KOREA","description":"Korean cosmetics e-shop","publisher":{"@id":"https:\/\/idakorea.ee\/#organization"},"alternateName":"Beauty Shop","potentialAction":[{"@type":"SearchAction","target":{"@type":"EntryPoint","urlTemplate":"https:\/\/idakorea.ee\/?s={search_term_string}"},"query-input":{"@type":"PropertyValueSpecification","valueRequired":true,"valueName":"search_term_string"}}],"inLanguage":"en-US"},{"@type":"Organization","@id":"https:\/\/idakorea.ee\/#organization","name":"IDA.KOREA","url":"https:\/\/idakorea.ee\/","logo":{"@type":"ImageObject","inLanguage":"en-US","@id":"https:\/\/idakorea.ee\/#\/schema\/logo\/image\/","url":"https:\/\/idakorea.ee\/wp-content\/uploads\/2024\/05\/cropped-korea3.png","contentUrl":"https:\/\/idakorea.ee\/wp-content\/uploads\/2024\/05\/cropped-korea3.png","width":688,"height":126,"caption":"IDA.KOREA"},"image":{"@id":"https:\/\/idakorea.ee\/#\/schema\/logo\/image\/"},"sameAs":["https:\/\/www.instagram.com\/ida.korea\/"]}]}},"jetpack_sharing_enabled":true,"_links":{"self":[{"href":"https:\/\/idakorea.ee\/en\/wp-json\/wp\/v2\/pages\/9059","targetHints":{"allow":["GET"]}}],"collection":[{"href":"https:\/\/idakorea.ee\/en\/wp-json\/wp\/v2\/pages"}],"about":[{"href":"https:\/\/idakorea.ee\/en\/wp-json\/wp\/v2\/types\/page"}],"author":[{"embeddable":true,"href":"https:\/\/idakorea.ee\/en\/wp-json\/wp\/v2\/users\/1"}],"replies":[{"embeddable":true,"href":"https:\/\/idakorea.ee\/en\/wp-json\/wp\/v2\/comments?post=9059"}],"version-history":[{"count":3,"href":"https:\/\/idakorea.ee\/en\/wp-json\/wp\/v2\/pages\/9059\/revisions"}],"predecessor-version":[{"id":13454,"href":"https:\/\/idakorea.ee\/en\/wp-json\/wp\/v2\/pages\/9059\/revisions\/13454"}],"wp:featuredmedia":[{"embeddable":true,"href":"https:\/\/idakorea.ee\/en\/wp-json\/wp\/v2\/media\/9070"}],"wp:attachment":[{"href":"https:\/\/idakorea.ee\/en\/wp-json\/wp\/v2\/media?parent=9059"}],"curies":[{"name":"wp","href":"https:\/\/api.w.org\/{rel}","templated":true}]}}