{"id":9539,"date":"2024-07-20T11:08:29","date_gmt":"2024-07-20T08:08:29","guid":{"rendered":"https:\/\/idakorea.ee\/?page_id=9539"},"modified":"2024-09-04T12:48:33","modified_gmt":"2024-09-04T09:48:33","slug":"korea-naohooldusrutiin","status":"publish","type":"page","link":"https:\/\/idakorea.ee\/en\/korea-naohooldusrutiin\/","title":{"rendered":"Korean facial routine"},"content":{"rendered":"<div data-elementor-type=\"wp-page\" data-elementor-id=\"9539\" class=\"elementor elementor-9539\" data-elementor-post-type=\"page\">\n\t\t\t\t<div class=\"elementor-element elementor-element-7fa87f53 e-flex e-con-boxed e-con e-parent\" data-id=\"7fa87f53\" data-element_type=\"container\" data-e-type=\"container\">\n\t\t\t\t\t<div class=\"e-con-inner\">\n\t\t\t\t<div class=\"elementor-element elementor-element-1dde243d elementor-widget elementor-widget-text-editor\" data-id=\"1dde243d\" data-element_type=\"widget\" data-e-type=\"widget\" data-widget_type=\"text-editor.default\">\n\t\t\t\t<div class=\"elementor-widget-container\">\n\t\t\t\t\t\t\t\t\t\n<p><\/p>\n\n\n\n<p class=\"has-text-align-center has-theme-palette-4-color has-text-color has-link-color has-larger-font-size wp-elements-da755e0d82690c72e06c78e44b84bac6\"><strong>Korean facial routine<\/strong><\/p>\n\n\n\n<p><\/p>\n\n\n\n<h4 class=\"wp-block-heading\"><strong>Korean cosmetics have gained popularity all over the world. But what makes it so special?<\/strong><\/h4>\n\n\n\n<p>Korean cosmetics, which include both decorative and skincare products, originated in South Korea. Koreans have created a unique philosophy of beauty, youth and healthy skin. The efficacy of their products is based not only on manufacturing technology, but also on carefully selected ingredients. Some of the plants used in Korean products are grown only in South Korea, which gives them a special value.<\/p>\n\n\n\n<p>Korean women's skin is the envy of the world - always flawless: smooth, clean, like porcelain. But it's worth pointing out that this effect is not achieved through genetics, but through proper skincare, as Koreans have shown the world.<\/p>\n\n\n\n<p>It's important to know that not all skin imperfections are hidden by cosmetics, but eliminated with the right Korean skincare products. Every evening, Koreans perform a skin care ritual that consists of several steps.<\/p>\n\n\n\n<hr class=\"wp-block-separator has-alpha-channel-opacity is-style-default\"\/>\n\n\n\n<h4 class=\"wp-block-heading\"><strong>Korean facial routine<\/strong><\/h4>\n\n\n\n<p>Choosing the right skin care with Korean products depends on your skin type. Korean cosmetics do not contain soap or alcohol, and the whole system includes up to 10 care steps. With regular use of Korean cosmetics, the skin becomes more radiant, supple and youthful.<\/p>\n\n\n\n<hr class=\"wp-block-separator has-alpha-channel-opacity\"\/>\n\n\n\n<h4 class=\"wp-block-heading\"><strong>Stereotypes of Korean care cosmetics<\/strong><\/h4>\n\n\n\n<p>Korean products are really high quality and effective when chosen according to skin type and concerns.<\/p>\n\n\n\n<p>However, some myths about Korean skincare are worth debunking:<\/p>\n\n\n\n<ul class=\"wp-block-list\">\n<li><strong>Korean products are expensive<\/strong> - it's a myth. With us, you'll find maintenance products to suit every budget, while quality meets expectations.<\/li>\n\n\n\n<li><strong>Korea's maintenance routine is too complex<\/strong> - this is also a myth. It's important to follow certain steps that quickly become a pleasant and relaxing daily habit.<\/li>\n\n\n\n<li><strong>Korean products have no age indicators<\/strong> - it's true. Korean cosmetics are designed to address and prevent skin problems, whatever your age.<\/li>\n<\/ul>\n\n\n\n<hr class=\"wp-block-separator has-alpha-channel-opacity\"\/>\n\n\n\n<h4 class=\"wp-block-heading\"><strong>10 steps to take care of yourself, following the example of Korean women:<\/strong><\/h4>\n\n\n\n<ol class=\"wp-block-list\">\n<li><strong>Make-up removal<\/strong> with hydrophilic oil or sherbet. Sherbet is a solid hydrophilic oil. Hydrophilic oil effectively removes make-up, dirt, bruises and excess oil.<\/li>\n\n\n\n<li><strong>Cleaning the face<\/strong> with foam, gel or foam cleaner. Choosing the right product prevents damage to the skin's lipid barrier, inflammation and rashes. The cleanser should have a pH of around 5.5, should not dry the skin and should provide a feeling of cleanliness and hydration.<\/li>\n\n\n\n<li><strong>Peeling<\/strong>  2-3 times a week. Use cleansing pads, soft exfoliators, exfoliating gels, enzyme powders, acids and masks. This step removes dead skin cells, cleanses out pores and excess oil, preparing the skin for subsequent care products.<\/li>\n\n\n\n<li><strong>Toner<\/strong> - an important irrigation step. On hot days, moisturising sprays can be used for additional irrigation.<\/li>\n\n\n\n<li><strong>Face mask<\/strong> - choose a mask according to its active ingredients, whether it's a fabric or hydrogel mask. This step can be optional.<\/li>\n\n\n\n<li><strong>Serum\/ampoule\/essents<\/strong> - A key product for Korean maintenance. Use peptides, collagen, antioxidants, vitamin C, retinol to fight the signs of ageing. To reduce pigmentation and acne - niacinamide, glutathione, vitamin C, retinol, AHA acids. BHA acids help with inflammation and breakouts.<\/li>\n\n\n\n<li><strong>Emulsion<\/strong> - a light product with a consistency between cream and serum. This step can be skipped.<\/li>\n\n\n\n<li><strong>Eye cream<\/strong> - the eye area needs special care. Two products are often used: a serum and a cream.<\/li>\n\n\n\n<li><strong>Face cream\/oily mask<\/strong> - this step \"seals in\" all the previously applied active ingredients and retains moisture in the skin. Night masks, which are more concentrated, act like serums.<\/li>\n\n\n\n<li><strong>Sunscreen<\/strong> - daily use of sunscreen is essential. Pay attention to the SPF and PA values to protect your skin from UVA and UVB rays, which can damage your skin even on cloudy days and through glass.<\/li>\n<\/ol>\n\n\n\n<hr class=\"wp-block-separator has-alpha-channel-opacity\"\/>\n\n\n\n<p><\/p>\n\n\n\n<h4 class=\"wp-block-heading\"><strong>By following these steps, you can achieve healthy, glowing and supple skin, according to Korean beauty standards.<\/strong><\/h4>\n\n\n\n<p><\/p>\n\n\n\n<p><\/p>\n\n\n\n<p><\/p>\n\n\n\n<p><\/p>\n\t\t\t\t\t\t\t\t<\/div>\n\t\t\t\t<\/div>\n\t\t\t\t\t<\/div>\n\t\t\t\t<\/div>\n\t\t<div class=\"elementor-element elementor-element-09d93e6 e-flex e-con-boxed e-con e-parent\" data-id=\"09d93e6\" data-element_type=\"container\" data-e-type=\"container\">\n\t\t\t\t\t<div class=\"e-con-inner\">\n\t\t\t\t<div class=\"elementor-element elementor-element-198a830 elementor-widget elementor-widget-image\" data-id=\"198a830\" data-element_type=\"widget\" data-e-type=\"widget\" data-widget_type=\"image.default\">\n\t\t\t\t<div class=\"elementor-widget-container\">\n\t\t\t\t\t\t\t\t\t\t\t\t\t\t\t<img fetchpriority=\"high\" decoding=\"async\" width=\"435\" height=\"298\" src=\"https:\/\/idakorea.ee\/wp-content\/uploads\/2024\/07\/ko-435x298.jpg\" class=\"attachment-thumbnail size-thumbnail wp-image-9554\" alt=\"Korea kosmeetika rutiin\" srcset=\"https:\/\/idakorea.ee\/wp-content\/uploads\/2024\/07\/ko-435x298.jpg 435w, https:\/\/idakorea.ee\/wp-content\/uploads\/2024\/07\/ko-555x380.jpg 555w, https:\/\/idakorea.ee\/wp-content\/uploads\/2024\/07\/ko-768x525.jpg 768w, https:\/\/idakorea.ee\/wp-content\/uploads\/2024\/07\/ko-675x462.jpg 675w, https:\/\/idakorea.ee\/wp-content\/uploads\/2024\/07\/ko-18x12.jpg 18w, https:\/\/idakorea.ee\/wp-content\/uploads\/2024\/07\/ko-600x411.jpg 600w, https:\/\/idakorea.ee\/wp-content\/uploads\/2024\/07\/ko-100x68.jpg 100w, https:\/\/idakorea.ee\/wp-content\/uploads\/2024\/07\/ko.jpg 1216w\" sizes=\"(max-width: 435px) 100vw, 435px\" \/>\t\t\t\t\t\t\t\t\t\t\t\t\t\t\t<\/div>\n\t\t\t\t<\/div>\n\t\t\t\t\t<\/div>\n\t\t\t\t<\/div>\n\t\t\t\t<\/div>","protected":false},"excerpt":{"rendered":"<p>Korean facial routine Korean cosmetics have gained popularity all over the world. But what makes it so special? Korean cosmetics, which include both decorative and skincare products, originated in South Korea. Koreans have created a unique philosophy of beauty, youth and healthy skin. The effectiveness of their products is based not only on manufacturing technology, but also on carefully selected ingredients. Some of the plants used in Korean products are...<\/p>","protected":false},"author":1,"featured_media":9554,"parent":0,"menu_order":0,"comment_status":"closed","ping_status":"closed","template":"","meta":{"_uf_show_specific_survey":0,"_uf_disable_surveys":false,"_bst_post_transparent":"","_bst_post_title":"","_bst_post_layout":"","_bst_post_sidebar_id":"","_bst_post_content_style":"","_bst_post_vertical_padding":"","_bst_post_feature":"","_bst_post_feature_position":"","_bst_post_header":false,"_bst_post_footer":false,"footnotes":""},"class_list":["post-9539","page","type-page","status-publish","has-post-thumbnail","hentry"],"yoast_head":"<!-- This site is optimized with the Yoast SEO plugin v27.2 - https:\/\/yoast.com\/product\/yoast-seo-wordpress\/ -->\n<title>Korea n\u00e4ohooldusrutiin - IDA.KOREA<\/title>\n<meta name=\"description\" content=\"\u00d5ige nahahooldus Korea toodetega valitakse s\u00f5ltuvalt naha t\u00fc\u00fcbist. Korea kosmeetikas ei leidu seepi ega alkoholi sisaldavaid vahendeid, kogu s\u00fcsteem sisaldab kuni 10 hoolduse etappi.\" \/>\n<meta name=\"robots\" content=\"index, follow, max-snippet:-1, max-image-preview:large, max-video-preview:-1\" \/>\n<link rel=\"canonical\" href=\"https:\/\/idakorea.ee\/en\/korea-naohooldusrutiin\/\" \/>\n<meta property=\"og:locale\" content=\"en_US\" \/>\n<meta property=\"og:type\" content=\"article\" \/>\n<meta property=\"og:title\" content=\"Korea n\u00e4ohooldusrutiin - IDA.KOREA\" \/>\n<meta property=\"og:description\" content=\"\u00d5ige nahahooldus Korea toodetega valitakse s\u00f5ltuvalt naha t\u00fc\u00fcbist. Korea kosmeetikas ei leidu seepi ega alkoholi sisaldavaid vahendeid, kogu s\u00fcsteem sisaldab kuni 10 hoolduse etappi.\" \/>\n<meta property=\"og:url\" content=\"https:\/\/idakorea.ee\/en\/korea-naohooldusrutiin\/\" \/>\n<meta property=\"og:site_name\" content=\"IDA.KOREA\" \/>\n<meta property=\"article:modified_time\" content=\"2024-09-04T09:48:33+00:00\" \/>\n<meta property=\"og:image\" content=\"https:\/\/i0.wp.com\/idakorea.ee\/wp-content\/uploads\/2024\/07\/ko.jpg?fit=1216%2C832&ssl=1\" \/>\n\t<meta property=\"og:image:width\" content=\"1216\" \/>\n\t<meta property=\"og:image:height\" content=\"832\" \/>\n\t<meta property=\"og:image:type\" content=\"image\/jpeg\" \/>\n<meta name=\"twitter:card\" content=\"summary_large_image\" \/>\n<meta name=\"twitter:label1\" content=\"Est. reading time\" \/>\n\t<meta name=\"twitter:data1\" content=\"3 minutes\" \/>\n<script type=\"application\/ld+json\" class=\"yoast-schema-graph\">{\"@context\":\"https:\/\/schema.org\",\"@graph\":[{\"@type\":\"WebPage\",\"@id\":\"https:\/\/idakorea.ee\/korea-naohooldusrutiin\/\",\"url\":\"https:\/\/idakorea.ee\/korea-naohooldusrutiin\/\",\"name\":\"Korea n\u00e4ohooldusrutiin - IDA.KOREA\",\"isPartOf\":{\"@id\":\"https:\/\/idakorea.ee\/#website\"},\"primaryImageOfPage\":{\"@id\":\"https:\/\/idakorea.ee\/korea-naohooldusrutiin\/#primaryimage\"},\"image\":{\"@id\":\"https:\/\/idakorea.ee\/korea-naohooldusrutiin\/#primaryimage\"},\"thumbnailUrl\":\"https:\/\/idakorea.ee\/wp-content\/uploads\/2024\/07\/ko.jpg\",\"datePublished\":\"2024-07-20T08:08:29+00:00\",\"dateModified\":\"2024-09-04T09:48:33+00:00\",\"description\":\"\u00d5ige nahahooldus Korea toodetega valitakse s\u00f5ltuvalt naha t\u00fc\u00fcbist. Korea kosmeetikas ei leidu seepi ega alkoholi sisaldavaid vahendeid, kogu s\u00fcsteem sisaldab kuni 10 hoolduse etappi.\",\"breadcrumb\":{\"@id\":\"https:\/\/idakorea.ee\/korea-naohooldusrutiin\/#breadcrumb\"},\"inLanguage\":\"en-US\",\"potentialAction\":[{\"@type\":\"ReadAction\",\"target\":[\"https:\/\/idakorea.ee\/korea-naohooldusrutiin\/\"]}]},{\"@type\":\"ImageObject\",\"inLanguage\":\"en-US\",\"@id\":\"https:\/\/idakorea.ee\/korea-naohooldusrutiin\/#primaryimage\",\"url\":\"https:\/\/idakorea.ee\/wp-content\/uploads\/2024\/07\/ko.jpg\",\"contentUrl\":\"https:\/\/idakorea.ee\/wp-content\/uploads\/2024\/07\/ko.jpg\",\"width\":1216,\"height\":832,\"caption\":\"Korea kosmeetika rutiin\"},{\"@type\":\"BreadcrumbList\",\"@id\":\"https:\/\/idakorea.ee\/korea-naohooldusrutiin\/#breadcrumb\",\"itemListElement\":[{\"@type\":\"ListItem\",\"position\":1,\"name\":\"\u0413\u043b\u0430\u0432\u043d\u0430\u044f \u0441\u0442\u0440\u0430\u043d\u0438\u0446\u0430\",\"item\":\"https:\/\/idakorea.ee\/\"},{\"@type\":\"ListItem\",\"position\":2,\"name\":\"Korea n\u00e4ohooldusrutiin\"}]},{\"@type\":\"WebSite\",\"@id\":\"https:\/\/idakorea.ee\/#website\",\"url\":\"https:\/\/idakorea.ee\/\",\"name\":\"IDA.KOREA\",\"description\":\"Korea kosmeetika e-pood\",\"publisher\":{\"@id\":\"https:\/\/idakorea.ee\/#organization\"},\"alternateName\":\"Beauty Shop\",\"potentialAction\":[{\"@type\":\"SearchAction\",\"target\":{\"@type\":\"EntryPoint\",\"urlTemplate\":\"https:\/\/idakorea.ee\/?s={search_term_string}\"},\"query-input\":{\"@type\":\"PropertyValueSpecification\",\"valueRequired\":true,\"valueName\":\"search_term_string\"}}],\"inLanguage\":\"en-US\"},{\"@type\":\"Organization\",\"@id\":\"https:\/\/idakorea.ee\/#organization\",\"name\":\"IDA.KOREA\",\"url\":\"https:\/\/idakorea.ee\/\",\"logo\":{\"@type\":\"ImageObject\",\"inLanguage\":\"en-US\",\"@id\":\"https:\/\/idakorea.ee\/#\/schema\/logo\/image\/\",\"url\":\"https:\/\/idakorea.ee\/wp-content\/uploads\/2024\/05\/cropped-korea3.png\",\"contentUrl\":\"https:\/\/idakorea.ee\/wp-content\/uploads\/2024\/05\/cropped-korea3.png\",\"width\":688,\"height\":126,\"caption\":\"IDA.KOREA\"},\"image\":{\"@id\":\"https:\/\/idakorea.ee\/#\/schema\/logo\/image\/\"},\"sameAs\":[\"https:\/\/www.instagram.com\/ida.korea\/\"]}]}<\/script>\n<!-- \/ Yoast SEO plugin. -->","yoast_head_json":{"title":"Korean facial routine - IDA.KOREA","description":"Choosing the right skin care with Korean products depends on your skin type. Korean cosmetics do not contain soap or alcohol, and the whole system includes up to 10 care steps.","robots":{"index":"index","follow":"follow","max-snippet":"max-snippet:-1","max-image-preview":"max-image-preview:large","max-video-preview":"max-video-preview:-1"},"canonical":"https:\/\/idakorea.ee\/en\/korea-naohooldusrutiin\/","og_locale":"en_US","og_type":"article","og_title":"Korea n\u00e4ohooldusrutiin - IDA.KOREA","og_description":"\u00d5ige nahahooldus Korea toodetega valitakse s\u00f5ltuvalt naha t\u00fc\u00fcbist. Korea kosmeetikas ei leidu seepi ega alkoholi sisaldavaid vahendeid, kogu s\u00fcsteem sisaldab kuni 10 hoolduse etappi.","og_url":"https:\/\/idakorea.ee\/en\/korea-naohooldusrutiin\/","og_site_name":"IDA.KOREA","article_modified_time":"2024-09-04T09:48:33+00:00","og_image":[{"width":1216,"height":832,"url":"https:\/\/i0.wp.com\/idakorea.ee\/wp-content\/uploads\/2024\/07\/ko.jpg?fit=1216%2C832&ssl=1","type":"image\/jpeg"}],"twitter_card":"summary_large_image","twitter_misc":{"Est. reading time":"3 minutes"},"schema":{"@context":"https:\/\/schema.org","@graph":[{"@type":"WebPage","@id":"https:\/\/idakorea.ee\/korea-naohooldusrutiin\/","url":"https:\/\/idakorea.ee\/korea-naohooldusrutiin\/","name":"Korean facial routine - IDA.KOREA","isPartOf":{"@id":"https:\/\/idakorea.ee\/#website"},"primaryImageOfPage":{"@id":"https:\/\/idakorea.ee\/korea-naohooldusrutiin\/#primaryimage"},"image":{"@id":"https:\/\/idakorea.ee\/korea-naohooldusrutiin\/#primaryimage"},"thumbnailUrl":"https:\/\/idakorea.ee\/wp-content\/uploads\/2024\/07\/ko.jpg","datePublished":"2024-07-20T08:08:29+00:00","dateModified":"2024-09-04T09:48:33+00:00","description":"Choosing the right skin care with Korean products depends on your skin type. Korean cosmetics do not contain soap or alcohol, and the whole system includes up to 10 care steps.","breadcrumb":{"@id":"https:\/\/idakorea.ee\/korea-naohooldusrutiin\/#breadcrumb"},"inLanguage":"en-US","potentialAction":[{"@type":"ReadAction","target":["https:\/\/idakorea.ee\/korea-naohooldusrutiin\/"]}]},{"@type":"ImageObject","inLanguage":"en-US","@id":"https:\/\/idakorea.ee\/korea-naohooldusrutiin\/#primaryimage","url":"https:\/\/idakorea.ee\/wp-content\/uploads\/2024\/07\/ko.jpg","contentUrl":"https:\/\/idakorea.ee\/wp-content\/uploads\/2024\/07\/ko.jpg","width":1216,"height":832,"caption":"Korea kosmeetika rutiin"},{"@type":"BreadcrumbList","@id":"https:\/\/idakorea.ee\/korea-naohooldusrutiin\/#breadcrumb","itemListElement":[{"@type":"ListItem","position":1,"name":"\u0413\u043b\u0430\u0432\u043d\u0430\u044f \u0441\u0442\u0440\u0430\u043d\u0438\u0446\u0430","item":"https:\/\/idakorea.ee\/"},{"@type":"ListItem","position":2,"name":"Korea n\u00e4ohooldusrutiin"}]},{"@type":"WebSite","@id":"https:\/\/idakorea.ee\/#website","url":"https:\/\/idakorea.ee\/","name":"IDA.KOREA","description":"Korean cosmetics e-shop","publisher":{"@id":"https:\/\/idakorea.ee\/#organization"},"alternateName":"Beauty Shop","potentialAction":[{"@type":"SearchAction","target":{"@type":"EntryPoint","urlTemplate":"https:\/\/idakorea.ee\/?s={search_term_string}"},"query-input":{"@type":"PropertyValueSpecification","valueRequired":true,"valueName":"search_term_string"}}],"inLanguage":"en-US"},{"@type":"Organization","@id":"https:\/\/idakorea.ee\/#organization","name":"IDA.KOREA","url":"https:\/\/idakorea.ee\/","logo":{"@type":"ImageObject","inLanguage":"en-US","@id":"https:\/\/idakorea.ee\/#\/schema\/logo\/image\/","url":"https:\/\/idakorea.ee\/wp-content\/uploads\/2024\/05\/cropped-korea3.png","contentUrl":"https:\/\/idakorea.ee\/wp-content\/uploads\/2024\/05\/cropped-korea3.png","width":688,"height":126,"caption":"IDA.KOREA"},"image":{"@id":"https:\/\/idakorea.ee\/#\/schema\/logo\/image\/"},"sameAs":["https:\/\/www.instagram.com\/ida.korea\/"]}]}},"jetpack_sharing_enabled":true,"_links":{"self":[{"href":"https:\/\/idakorea.ee\/en\/wp-json\/wp\/v2\/pages\/9539","targetHints":{"allow":["GET"]}}],"collection":[{"href":"https:\/\/idakorea.ee\/en\/wp-json\/wp\/v2\/pages"}],"about":[{"href":"https:\/\/idakorea.ee\/en\/wp-json\/wp\/v2\/types\/page"}],"author":[{"embeddable":true,"href":"https:\/\/idakorea.ee\/en\/wp-json\/wp\/v2\/users\/1"}],"replies":[{"embeddable":true,"href":"https:\/\/idakorea.ee\/en\/wp-json\/wp\/v2\/comments?post=9539"}],"version-history":[{"count":14,"href":"https:\/\/idakorea.ee\/en\/wp-json\/wp\/v2\/pages\/9539\/revisions"}],"predecessor-version":[{"id":9557,"href":"https:\/\/idakorea.ee\/en\/wp-json\/wp\/v2\/pages\/9539\/revisions\/9557"}],"wp:featuredmedia":[{"embeddable":true,"href":"https:\/\/idakorea.ee\/en\/wp-json\/wp\/v2\/media\/9554"}],"wp:attachment":[{"href":"https:\/\/idakorea.ee\/en\/wp-json\/wp\/v2\/media?parent=9539"}],"curies":[{"name":"wp","href":"https:\/\/api.w.org\/{rel}","templated":true}]}}