{"id":10008,"date":"2024-08-21T15:43:41","date_gmt":"2024-08-21T12:43:41","guid":{"rendered":"https:\/\/idakorea.ee\/?post_type=product&#038;p=10008"},"modified":"2026-04-04T16:13:29","modified_gmt":"2026-04-04T14:13:29","slug":"ampull-medi-peel-extra-super-9-plus-pore-tightening-ampoule-40ml","status":"publish","type":"product","link":"https:\/\/idakorea.ee\/en\/product\/ampull-medi-peel-extra-super-9-plus-pore-tightening-ampoule-40ml\/","title":{"rendered":"Medi-Peel Extra Super 9 Plus Pore Tightening Ampoule, 40ml"},"content":{"rendered":"<p><strong>Medi-Peel Extra Super 9 Plus Pore Tightening Ampoule <\/strong>is a powerful ampoule designed to reduce pores and improve overall skin texture. It contains a blend of AHA, BHA, PHA and LHA that exfoliates dead skin cells, clears clogged pores and smoothes skin texture. The ampoule also contains niacinamide, which helps to brighten skin and even out uneven skin tone.<\/p>\n<p><strong>Key features and benefits:<\/strong><\/p>\n<ul>\n<li><strong>Reducing poverty:<\/strong> Reduces the visibility of enlarged pores and tightens the skin.<\/li>\n<li><strong>Peeling:<\/strong> The combination of AHA, BHA, PHA and LHA gently removes dead skin cells and impurities, contributing to a smoother and more refined skin texture.<\/li>\n<li><strong>Upgrading:<\/strong> Niacinamide helps even out skin tone and reduce hyperpigmentation.<\/li>\n<li><strong>Soaking:<\/strong> Contains hyaluronic acid and other moisturising ingredients to keep skin hydrated and supple.<\/li>\n<li><strong>Soothing:<\/strong> Contains Asian water-naba extract, which soothes and calms irritated skin.<\/li>\n<\/ul>\n<p><strong>Main components:<\/strong><\/p>\n<ul>\n<li><strong>AHA, BHA, PHA, LHA:<\/strong> Exfoliating acids to help remove dead skin cells, clear clogged pores and improve skin texture.<\/li>\n<li><strong>Niacinamide:<\/strong> Brightens skin, evens out uneven skin tone and helps reduce the visibility of pores.<\/li>\n<li><strong>Hyaluronic acid:<\/strong> A powerful moisturiser that draws and retains moisture into the skin.<\/li>\n<li><strong>Asian watercress extract:<\/strong> Calms and soothes irritated skin.<\/li>\n<\/ul>\n<p><strong>User manual:<\/strong><\/p>\n<ul>\n<li>After cleansing and toning, apply a few drops to the face and neck.<\/li>\n<li>Gently pat the product into the skin until it is fully absorbed.<\/li>\n<li>For best results, use morning and evening.<\/li>\n<\/ul>","protected":false},"excerpt":{"rendered":"<p>Medi-Peel Extra Super 9 Plus Pore Tightening Ampoule is a powerful ampoule designed to reduce pores and improve the overall texture of the skin. It contains a blend of AHA, BHA, PHA and LHA that exfoliates dead skin cells, clears clogged pores and smoothes skin texture. The ampoule also contains niacinamide, which helps to brighten skin and even out uneven skin tone. Key functions and...<\/p>","protected":false},"featured_media":10019,"comment_status":"open","ping_status":"closed","template":"","meta":{"_uf_show_specific_survey":0,"_uf_disable_surveys":false,"_bst_post_transparent":"default","_bst_post_title":"","_bst_post_layout":"default","_bst_post_sidebar_id":"","_bst_post_content_style":"default","_bst_post_vertical_padding":"default","_bst_post_feature":"","_bst_post_feature_position":"","_bst_post_header":false,"_bst_post_footer":false},"pwb-brand":[107],"product_brand":[],"product_cat":[92,97],"product_tag":[249,381,230,449],"class_list":{"0":"post-10008","1":"product","2":"type-product","3":"status-publish","4":"has-post-thumbnail","6":"pwb-brand-medipeel","7":"product_cat-nagu","8":"product_cat-naoseerumid-ja-olid","9":"product_tag-medi-peel","10":"product_tag-medipeel","11":"product_tag-pigment","12":"product_tag-pore","14":"first","15":"instock","16":"sale","17":"shipping-taxable","18":"purchasable","19":"product-type-simple","20":"entry","21":"content-bg","22":"loop-entry"},"supplier_id":null,"supplier_sku":"","barcode":null,"atum_controlled":true,"out_stock_date":null,"out_stock_threshold":null,"inheritable":false,"inbound_stock":0,"stock_on_hold":0,"sold_today":0,"sales_last_days":0,"out_stock_days":0,"lost_sales":0,"has_location":false,"update_date":"2026-05-10T00:17:49","atum_locations":[],"atum_stock_status":"instock","restock_status":false,"low_stock_amount":"","sales_update_date":"2026-05-10T00:17:49","calc_backorders":null,"yoast_head":"<!-- This site is optimized with the Yoast SEO plugin v27.2 - https:\/\/yoast.com\/product\/yoast-seo-wordpress\/ -->\n<title>medipeel pore ampoule<\/title>\n<meta name=\"robots\" content=\"index, follow, max-snippet:-1, max-image-preview:large, max-video-preview:-1\" \/>\n<link rel=\"canonical\" href=\"https:\/\/idakorea.ee\/en\/product\/ampull-medi-peel-extra-super-9-plus-pore-tightening-ampoule-40ml\/\" \/>\n<meta property=\"og:locale\" content=\"en_US\" \/>\n<meta property=\"og:type\" content=\"article\" \/>\n<meta property=\"og:title\" content=\"medipeel pore ampoule\" \/>\n<meta property=\"og:description\" content=\"Medi-Peel Extra Super 9 Plus Pore Tightening Ampoule on v\u00f5imas ampull, mis on loodud pooride v\u00e4hendamiseks ja naha \u00fcldise tekstuuri parandamiseks. See sisaldab AHA, BHA, PHA ja LHA segu, mis koorib surnud naharakud, puhastab ummistunud poorid ja muudab naha tekstuuri siledamaks. Ampull sisaldab ka niatsiinamiidi, mis aitab nahka helendada ja \u00fchtlustada eba\u00fchtlast nahatooni. P\u00f5hifunktsioonid ja...\" \/>\n<meta property=\"og:url\" content=\"https:\/\/idakorea.ee\/en\/product\/ampull-medi-peel-extra-super-9-plus-pore-tightening-ampoule-40ml\/\" \/>\n<meta property=\"og:site_name\" content=\"IDA.KOREA\" \/>\n<meta property=\"article:modified_time\" content=\"2026-04-04T14:13:29+00:00\" \/>\n<meta property=\"og:image\" content=\"https:\/\/idakorea.ee\/wp-content\/uploads\/2024\/08\/super9.jpg\" \/>\n\t<meta property=\"og:image:width\" content=\"794\" \/>\n\t<meta property=\"og:image:height\" content=\"787\" \/>\n\t<meta property=\"og:image:type\" content=\"image\/jpeg\" \/>\n<meta name=\"twitter:card\" content=\"summary_large_image\" \/>\n<meta name=\"twitter:label1\" content=\"Est. reading time\" \/>\n\t<meta name=\"twitter:data1\" content=\"2 minutes\" \/>\n<script type=\"application\/ld+json\" class=\"yoast-schema-graph\">{\"@context\":\"https:\/\/schema.org\",\"@graph\":[{\"@type\":\"WebPage\",\"@id\":\"https:\/\/idakorea.ee\/product\/ampull-medi-peel-extra-super-9-plus-pore-tightening-ampoule-40ml\/\",\"url\":\"https:\/\/idakorea.ee\/product\/ampull-medi-peel-extra-super-9-plus-pore-tightening-ampoule-40ml\/\",\"name\":\"medipeel pore ampoule\",\"isPartOf\":{\"@id\":\"https:\/\/idakorea.ee\/#website\"},\"primaryImageOfPage\":{\"@id\":\"https:\/\/idakorea.ee\/product\/ampull-medi-peel-extra-super-9-plus-pore-tightening-ampoule-40ml\/#primaryimage\"},\"image\":{\"@id\":\"https:\/\/idakorea.ee\/product\/ampull-medi-peel-extra-super-9-plus-pore-tightening-ampoule-40ml\/#primaryimage\"},\"thumbnailUrl\":\"https:\/\/idakorea.ee\/wp-content\/uploads\/2024\/08\/super9.jpg\",\"datePublished\":\"2024-08-21T12:43:41+00:00\",\"dateModified\":\"2026-04-04T14:13:29+00:00\",\"breadcrumb\":{\"@id\":\"https:\/\/idakorea.ee\/product\/ampull-medi-peel-extra-super-9-plus-pore-tightening-ampoule-40ml\/#breadcrumb\"},\"inLanguage\":\"en-US\",\"potentialAction\":[{\"@type\":\"ReadAction\",\"target\":[\"https:\/\/idakorea.ee\/product\/ampull-medi-peel-extra-super-9-plus-pore-tightening-ampoule-40ml\/\"]}]},{\"@type\":\"ImageObject\",\"inLanguage\":\"en-US\",\"@id\":\"https:\/\/idakorea.ee\/product\/ampull-medi-peel-extra-super-9-plus-pore-tightening-ampoule-40ml\/#primaryimage\",\"url\":\"https:\/\/idakorea.ee\/wp-content\/uploads\/2024\/08\/super9.jpg\",\"contentUrl\":\"https:\/\/idakorea.ee\/wp-content\/uploads\/2024\/08\/super9.jpg\",\"width\":794,\"height\":787},{\"@type\":\"BreadcrumbList\",\"@id\":\"https:\/\/idakorea.ee\/product\/ampull-medi-peel-extra-super-9-plus-pore-tightening-ampoule-40ml\/#breadcrumb\",\"itemListElement\":[{\"@type\":\"ListItem\",\"position\":1,\"name\":\"\u0413\u043b\u0430\u0432\u043d\u0430\u044f \u0441\u0442\u0440\u0430\u043d\u0438\u0446\u0430\",\"item\":\"https:\/\/idakorea.ee\/\"},{\"@type\":\"ListItem\",\"position\":2,\"name\":\"Shop\",\"item\":\"https:\/\/idakorea.ee\/shop-2\/\"},{\"@type\":\"ListItem\",\"position\":3,\"name\":\"Ampull Medi-Peel Extra Super 9 Plus Pore Tightening Ampoule, 40ml\"}]},{\"@type\":\"WebSite\",\"@id\":\"https:\/\/idakorea.ee\/#website\",\"url\":\"https:\/\/idakorea.ee\/\",\"name\":\"IDA.KOREA\",\"description\":\"Korea kosmeetika e-pood\",\"publisher\":{\"@id\":\"https:\/\/idakorea.ee\/#organization\"},\"alternateName\":\"Beauty Shop\",\"potentialAction\":[{\"@type\":\"SearchAction\",\"target\":{\"@type\":\"EntryPoint\",\"urlTemplate\":\"https:\/\/idakorea.ee\/?s={search_term_string}\"},\"query-input\":{\"@type\":\"PropertyValueSpecification\",\"valueRequired\":true,\"valueName\":\"search_term_string\"}}],\"inLanguage\":\"en-US\"},{\"@type\":\"Organization\",\"@id\":\"https:\/\/idakorea.ee\/#organization\",\"name\":\"IDA.KOREA\",\"url\":\"https:\/\/idakorea.ee\/\",\"logo\":{\"@type\":\"ImageObject\",\"inLanguage\":\"en-US\",\"@id\":\"https:\/\/idakorea.ee\/#\/schema\/logo\/image\/\",\"url\":\"https:\/\/idakorea.ee\/wp-content\/uploads\/2024\/05\/cropped-korea3.png\",\"contentUrl\":\"https:\/\/idakorea.ee\/wp-content\/uploads\/2024\/05\/cropped-korea3.png\",\"width\":688,\"height\":126,\"caption\":\"IDA.KOREA\"},\"image\":{\"@id\":\"https:\/\/idakorea.ee\/#\/schema\/logo\/image\/\"},\"sameAs\":[\"https:\/\/www.instagram.com\/ida.korea\/\"]}]}<\/script>\n<!-- \/ Yoast SEO plugin. -->","yoast_head_json":{"title":"medipeel pore ampoule","robots":{"index":"index","follow":"follow","max-snippet":"max-snippet:-1","max-image-preview":"max-image-preview:large","max-video-preview":"max-video-preview:-1"},"canonical":"https:\/\/idakorea.ee\/en\/product\/ampull-medi-peel-extra-super-9-plus-pore-tightening-ampoule-40ml\/","og_locale":"en_US","og_type":"article","og_title":"medipeel pore ampoule","og_description":"Medi-Peel Extra Super 9 Plus Pore Tightening Ampoule on v\u00f5imas ampull, mis on loodud pooride v\u00e4hendamiseks ja naha \u00fcldise tekstuuri parandamiseks. See sisaldab AHA, BHA, PHA ja LHA segu, mis koorib surnud naharakud, puhastab ummistunud poorid ja muudab naha tekstuuri siledamaks. Ampull sisaldab ka niatsiinamiidi, mis aitab nahka helendada ja \u00fchtlustada eba\u00fchtlast nahatooni. P\u00f5hifunktsioonid ja...","og_url":"https:\/\/idakorea.ee\/en\/product\/ampull-medi-peel-extra-super-9-plus-pore-tightening-ampoule-40ml\/","og_site_name":"IDA.KOREA","article_modified_time":"2026-04-04T14:13:29+00:00","og_image":[{"width":794,"height":787,"url":"https:\/\/idakorea.ee\/wp-content\/uploads\/2024\/08\/super9.jpg","type":"image\/jpeg"}],"twitter_card":"summary_large_image","twitter_misc":{"Est. reading time":"2 minutes"},"schema":{"@context":"https:\/\/schema.org","@graph":[{"@type":"WebPage","@id":"https:\/\/idakorea.ee\/product\/ampull-medi-peel-extra-super-9-plus-pore-tightening-ampoule-40ml\/","url":"https:\/\/idakorea.ee\/product\/ampull-medi-peel-extra-super-9-plus-pore-tightening-ampoule-40ml\/","name":"medipeel pore ampoule","isPartOf":{"@id":"https:\/\/idakorea.ee\/#website"},"primaryImageOfPage":{"@id":"https:\/\/idakorea.ee\/product\/ampull-medi-peel-extra-super-9-plus-pore-tightening-ampoule-40ml\/#primaryimage"},"image":{"@id":"https:\/\/idakorea.ee\/product\/ampull-medi-peel-extra-super-9-plus-pore-tightening-ampoule-40ml\/#primaryimage"},"thumbnailUrl":"https:\/\/idakorea.ee\/wp-content\/uploads\/2024\/08\/super9.jpg","datePublished":"2024-08-21T12:43:41+00:00","dateModified":"2026-04-04T14:13:29+00:00","breadcrumb":{"@id":"https:\/\/idakorea.ee\/product\/ampull-medi-peel-extra-super-9-plus-pore-tightening-ampoule-40ml\/#breadcrumb"},"inLanguage":"en-US","potentialAction":[{"@type":"ReadAction","target":["https:\/\/idakorea.ee\/product\/ampull-medi-peel-extra-super-9-plus-pore-tightening-ampoule-40ml\/"]}]},{"@type":"ImageObject","inLanguage":"en-US","@id":"https:\/\/idakorea.ee\/product\/ampull-medi-peel-extra-super-9-plus-pore-tightening-ampoule-40ml\/#primaryimage","url":"https:\/\/idakorea.ee\/wp-content\/uploads\/2024\/08\/super9.jpg","contentUrl":"https:\/\/idakorea.ee\/wp-content\/uploads\/2024\/08\/super9.jpg","width":794,"height":787},{"@type":"BreadcrumbList","@id":"https:\/\/idakorea.ee\/product\/ampull-medi-peel-extra-super-9-plus-pore-tightening-ampoule-40ml\/#breadcrumb","itemListElement":[{"@type":"ListItem","position":1,"name":"\u0413\u043b\u0430\u0432\u043d\u0430\u044f \u0441\u0442\u0440\u0430\u043d\u0438\u0446\u0430","item":"https:\/\/idakorea.ee\/"},{"@type":"ListItem","position":2,"name":"Shop","item":"https:\/\/idakorea.ee\/shop-2\/"},{"@type":"ListItem","position":3,"name":"Ampull Medi-Peel Extra Super 9 Plus Pore Tightening Ampoule, 40ml"}]},{"@type":"WebSite","@id":"https:\/\/idakorea.ee\/#website","url":"https:\/\/idakorea.ee\/","name":"IDA.KOREA","description":"Korean cosmetics e-shop","publisher":{"@id":"https:\/\/idakorea.ee\/#organization"},"alternateName":"Beauty Shop","potentialAction":[{"@type":"SearchAction","target":{"@type":"EntryPoint","urlTemplate":"https:\/\/idakorea.ee\/?s={search_term_string}"},"query-input":{"@type":"PropertyValueSpecification","valueRequired":true,"valueName":"search_term_string"}}],"inLanguage":"en-US"},{"@type":"Organization","@id":"https:\/\/idakorea.ee\/#organization","name":"IDA.KOREA","url":"https:\/\/idakorea.ee\/","logo":{"@type":"ImageObject","inLanguage":"en-US","@id":"https:\/\/idakorea.ee\/#\/schema\/logo\/image\/","url":"https:\/\/idakorea.ee\/wp-content\/uploads\/2024\/05\/cropped-korea3.png","contentUrl":"https:\/\/idakorea.ee\/wp-content\/uploads\/2024\/05\/cropped-korea3.png","width":688,"height":126,"caption":"IDA.KOREA"},"image":{"@id":"https:\/\/idakorea.ee\/#\/schema\/logo\/image\/"},"sameAs":["https:\/\/www.instagram.com\/ida.korea\/"]}]}},"jetpack_sharing_enabled":true,"brands":[{"id":107,"name":"MEDIPEEL+","slug":"medipeel"}],"_links":{"self":[{"href":"https:\/\/idakorea.ee\/en\/wp-json\/wp\/v2\/product\/10008","targetHints":{"allow":["GET"]}}],"collection":[{"href":"https:\/\/idakorea.ee\/en\/wp-json\/wp\/v2\/product"}],"about":[{"href":"https:\/\/idakorea.ee\/en\/wp-json\/wp\/v2\/types\/product"}],"replies":[{"embeddable":true,"href":"https:\/\/idakorea.ee\/en\/wp-json\/wp\/v2\/comments?post=10008"}],"version-history":[{"count":2,"href":"https:\/\/idakorea.ee\/en\/wp-json\/wp\/v2\/product\/10008\/revisions"}],"predecessor-version":[{"id":10290,"href":"https:\/\/idakorea.ee\/en\/wp-json\/wp\/v2\/product\/10008\/revisions\/10290"}],"wp:featuredmedia":[{"embeddable":true,"href":"https:\/\/idakorea.ee\/en\/wp-json\/wp\/v2\/media\/10019"}],"wp:attachment":[{"href":"https:\/\/idakorea.ee\/en\/wp-json\/wp\/v2\/media?parent=10008"}],"wp:term":[{"taxonomy":"pwb-brand","embeddable":true,"href":"https:\/\/idakorea.ee\/en\/wp-json\/wp\/v2\/pwb-brand?post=10008"},{"taxonomy":"product_brand","embeddable":true,"href":"https:\/\/idakorea.ee\/en\/wp-json\/wp\/v2\/product_brand?post=10008"},{"taxonomy":"product_cat","embeddable":true,"href":"https:\/\/idakorea.ee\/en\/wp-json\/wp\/v2\/product_cat?post=10008"},{"taxonomy":"product_tag","embeddable":true,"href":"https:\/\/idakorea.ee\/en\/wp-json\/wp\/v2\/product_tag?post=10008"}],"curies":[{"name":"wp","href":"https:\/\/api.w.org\/{rel}","templated":true}]}}