{"id":10014,"date":"2024-08-21T15:59:45","date_gmt":"2024-08-21T12:59:45","guid":{"rendered":"https:\/\/idakorea.ee\/?post_type=product&#038;p=10014"},"modified":"2026-03-09T11:52:27","modified_gmt":"2026-03-09T09:52:27","slug":"sugavpuhastav-vaht-medi-peel-extra-super-9-pore-tox-cleanser-100ml","status":"publish","type":"product","link":"https:\/\/idakorea.ee\/en\/product\/sugavpuhastav-vaht-medi-peel-extra-super-9-pore-tox-cleanser-100ml\/","title":{"rendered":"Medi-Peel Extra Super 9+ Pore Tox Cleanser, 100ml"},"content":{"rendered":"<p><strong>Medi-Peel Extra Super 9+ Pore Tox Cleanser<\/strong> is a deep-cleansing foam designed to effectively remove dirt and excess oil from pores while providing a gentle exfoliation to reveal smoother, brighter skin.<\/p>\n<p><strong>Advantages:<\/strong><\/p>\n<ul>\n<li><strong>Deep cleaning:<\/strong> Thoroughly cleans pores and removes impurities, including fine dust and make-up residue.<\/li>\n<li><strong>Peeling:<\/strong> Contains AHA, BHA, PHA and LHA acids that exfoliate dead skin cells and promote skin renewal.<\/li>\n<li><strong>Maintenance of pores:<\/strong> Helps tighten and reduce the visibility of pores.<\/li>\n<li><strong>Upgrading:<\/strong> Leaves skin looking brighter and more radiant.<\/li>\n<li><strong>Reassurance:<\/strong> Contains soothing ingredients such as plum extract, apple extract and papaya fruit extract to soothe irritated skin.<\/li>\n<\/ul>\n<p><strong>Main components:<\/strong><\/p>\n<ul>\n<li><strong>Super 9 Complex:<\/strong> A blend of nine plant extracts that work together to cleanse and brighten the skin.<\/li>\n<li><strong>AHA, BHA, PHA, LHA:<\/strong> Exfoliating acids to help remove dead skin cells and clear clogged pores.<\/li>\n<li><strong>Plum extract:<\/strong> Rich in vitamins and antioxidants, it nourishes and protects the skin.<\/li>\n<li><strong>Apple extract:<\/strong> Helps to brighten the skin and even out skin tone.<\/li>\n<li><strong>Papaya fruit extract:<\/strong> Contains papain, a natural enzyme that helps exfoliate the skin.<\/li>\n<\/ul>\n<p><strong>User manual:<\/strong><\/p>\n<ol>\n<li>Wet your face with lukewarm water.<\/li>\n<li>Squeeze a small amount of cleansing foam onto your hands and whisk.<\/li>\n<li>Gently massage the mousse onto the face in a circular motion.<\/li>\n<li>Rinse thoroughly with lukewarm water.<\/li>\n<\/ol>","protected":false},"excerpt":{"rendered":"<p>Medi-Peel Extra Super 9+ Pore Tox Cleanser is a deep cleansing foam designed to effectively remove dirt and excess oil from pores while providing gentle exfoliation to reveal smoother, brighter skin. Benefits. Exfoliation.<\/p>","protected":false},"featured_media":10015,"comment_status":"open","ping_status":"closed","template":"","meta":{"_uf_show_specific_survey":0,"_uf_disable_surveys":false,"_bst_post_transparent":"default","_bst_post_title":"","_bst_post_layout":"default","_bst_post_sidebar_id":"","_bst_post_content_style":"default","_bst_post_vertical_padding":"default","_bst_post_feature":"","_bst_post_feature_position":"","_bst_post_header":false,"_bst_post_footer":false},"pwb-brand":[107],"product_brand":[],"product_cat":[92,452,100],"product_tag":[582,381,581,230,449],"class_list":{"0":"post-10014","1":"product","2":"type-product","3":"status-publish","4":"has-post-thumbnail","6":"pwb-brand-medipeel","7":"product_cat-nagu","8":"product_cat-naopuhastusgeelid","9":"product_cat-puhastusvahendid","10":"product_tag-lha","11":"product_tag-medipeel","12":"product_tag-pha","13":"product_tag-pigment","14":"product_tag-pore","16":"first","17":"instock","18":"sale","19":"shipping-taxable","20":"purchasable","21":"product-type-simple","22":"entry","23":"content-bg","24":"loop-entry"},"supplier_id":null,"supplier_sku":"","barcode":null,"atum_controlled":true,"out_stock_date":null,"out_stock_threshold":null,"inheritable":false,"inbound_stock":0,"stock_on_hold":0,"sold_today":0,"sales_last_days":0,"out_stock_days":0,"lost_sales":0,"has_location":false,"update_date":"2026-04-15T00:05:15","atum_locations":[],"atum_stock_status":"instock","restock_status":false,"low_stock_amount":"","sales_update_date":"2026-04-15T00:05:15","calc_backorders":null,"yoast_head":"<!-- This site is optimized with the Yoast SEO plugin v27.2 - https:\/\/yoast.com\/product\/yoast-seo-wordpress\/ -->\n<title>S\u00fcgavpuhastav vaht Medi-Peel Extra Super 9+ Pore Tox Cleanser, 100ml - IDA.KOREA<\/title>\n<meta name=\"description\" content=\"Medi-Peel Extra Super 9+ Pore Tox Cleanser on s\u00fcgavpuhastav vaht, mis on loodud t\u00f5husalt eemaldama mustuse ja liigse rasu pooridest, pakkudes samal ajal \u00f5rna koorimist, et paljastada siledam ja s\u00e4ravam nahk.\" \/>\n<meta name=\"robots\" content=\"index, follow, max-snippet:-1, max-image-preview:large, max-video-preview:-1\" \/>\n<link rel=\"canonical\" href=\"https:\/\/idakorea.ee\/en\/product\/sugavpuhastav-vaht-medi-peel-extra-super-9-pore-tox-cleanser-100ml\/\" \/>\n<meta property=\"og:locale\" content=\"en_US\" \/>\n<meta property=\"og:type\" content=\"article\" \/>\n<meta property=\"og:title\" content=\"S\u00fcgavpuhastav vaht Medi-Peel Extra Super 9+ Pore Tox Cleanser, 100ml - IDA.KOREA\" \/>\n<meta property=\"og:description\" content=\"Medi-Peel Extra Super 9+ Pore Tox Cleanser on s\u00fcgavpuhastav vaht, mis on loodud t\u00f5husalt eemaldama mustuse ja liigse rasu pooridest, pakkudes samal ajal \u00f5rna koorimist, et paljastada siledam ja s\u00e4ravam nahk.\" \/>\n<meta property=\"og:url\" content=\"https:\/\/idakorea.ee\/en\/product\/sugavpuhastav-vaht-medi-peel-extra-super-9-pore-tox-cleanser-100ml\/\" \/>\n<meta property=\"og:site_name\" content=\"IDA.KOREA\" \/>\n<meta property=\"article:modified_time\" content=\"2026-03-09T09:52:27+00:00\" \/>\n<meta property=\"og:image\" content=\"https:\/\/idakorea.ee\/wp-content\/uploads\/2024\/08\/pena.jpg\" \/>\n\t<meta property=\"og:image:width\" content=\"800\" \/>\n\t<meta property=\"og:image:height\" content=\"800\" \/>\n\t<meta property=\"og:image:type\" content=\"image\/jpeg\" \/>\n<meta name=\"twitter:card\" content=\"summary_large_image\" \/>\n<meta name=\"twitter:label1\" content=\"Est. reading time\" \/>\n\t<meta name=\"twitter:data1\" content=\"2 minutes\" \/>\n<script type=\"application\/ld+json\" class=\"yoast-schema-graph\">{\"@context\":\"https:\/\/schema.org\",\"@graph\":[{\"@type\":\"WebPage\",\"@id\":\"https:\/\/idakorea.ee\/product\/sugavpuhastav-vaht-medi-peel-extra-super-9-pore-tox-cleanser-100ml\/\",\"url\":\"https:\/\/idakorea.ee\/product\/sugavpuhastav-vaht-medi-peel-extra-super-9-pore-tox-cleanser-100ml\/\",\"name\":\"S\u00fcgavpuhastav vaht Medi-Peel Extra Super 9+ Pore Tox Cleanser, 100ml - IDA.KOREA\",\"isPartOf\":{\"@id\":\"https:\/\/idakorea.ee\/#website\"},\"primaryImageOfPage\":{\"@id\":\"https:\/\/idakorea.ee\/product\/sugavpuhastav-vaht-medi-peel-extra-super-9-pore-tox-cleanser-100ml\/#primaryimage\"},\"image\":{\"@id\":\"https:\/\/idakorea.ee\/product\/sugavpuhastav-vaht-medi-peel-extra-super-9-pore-tox-cleanser-100ml\/#primaryimage\"},\"thumbnailUrl\":\"https:\/\/idakorea.ee\/wp-content\/uploads\/2024\/08\/pena.jpg\",\"datePublished\":\"2024-08-21T12:59:45+00:00\",\"dateModified\":\"2026-03-09T09:52:27+00:00\",\"description\":\"Medi-Peel Extra Super 9+ Pore Tox Cleanser on s\u00fcgavpuhastav vaht, mis on loodud t\u00f5husalt eemaldama mustuse ja liigse rasu pooridest, pakkudes samal ajal \u00f5rna koorimist, et paljastada siledam ja s\u00e4ravam nahk.\",\"breadcrumb\":{\"@id\":\"https:\/\/idakorea.ee\/product\/sugavpuhastav-vaht-medi-peel-extra-super-9-pore-tox-cleanser-100ml\/#breadcrumb\"},\"inLanguage\":\"en-US\",\"potentialAction\":[{\"@type\":\"ReadAction\",\"target\":[\"https:\/\/idakorea.ee\/product\/sugavpuhastav-vaht-medi-peel-extra-super-9-pore-tox-cleanser-100ml\/\"]}]},{\"@type\":\"ImageObject\",\"inLanguage\":\"en-US\",\"@id\":\"https:\/\/idakorea.ee\/product\/sugavpuhastav-vaht-medi-peel-extra-super-9-pore-tox-cleanser-100ml\/#primaryimage\",\"url\":\"https:\/\/idakorea.ee\/wp-content\/uploads\/2024\/08\/pena.jpg\",\"contentUrl\":\"https:\/\/idakorea.ee\/wp-content\/uploads\/2024\/08\/pena.jpg\",\"width\":800,\"height\":800},{\"@type\":\"BreadcrumbList\",\"@id\":\"https:\/\/idakorea.ee\/product\/sugavpuhastav-vaht-medi-peel-extra-super-9-pore-tox-cleanser-100ml\/#breadcrumb\",\"itemListElement\":[{\"@type\":\"ListItem\",\"position\":1,\"name\":\"\u0413\u043b\u0430\u0432\u043d\u0430\u044f \u0441\u0442\u0440\u0430\u043d\u0438\u0446\u0430\",\"item\":\"https:\/\/idakorea.ee\/\"},{\"@type\":\"ListItem\",\"position\":2,\"name\":\"Shop\",\"item\":\"https:\/\/idakorea.ee\/shop-2\/\"},{\"@type\":\"ListItem\",\"position\":3,\"name\":\"S\u00fcgavpuhastav vaht Medi-Peel Extra Super 9+ Pore Tox Cleanser, 100ml\"}]},{\"@type\":\"WebSite\",\"@id\":\"https:\/\/idakorea.ee\/#website\",\"url\":\"https:\/\/idakorea.ee\/\",\"name\":\"IDA.KOREA\",\"description\":\"Korea kosmeetika e-pood\",\"publisher\":{\"@id\":\"https:\/\/idakorea.ee\/#organization\"},\"alternateName\":\"Beauty Shop\",\"potentialAction\":[{\"@type\":\"SearchAction\",\"target\":{\"@type\":\"EntryPoint\",\"urlTemplate\":\"https:\/\/idakorea.ee\/?s={search_term_string}\"},\"query-input\":{\"@type\":\"PropertyValueSpecification\",\"valueRequired\":true,\"valueName\":\"search_term_string\"}}],\"inLanguage\":\"en-US\"},{\"@type\":\"Organization\",\"@id\":\"https:\/\/idakorea.ee\/#organization\",\"name\":\"IDA.KOREA\",\"url\":\"https:\/\/idakorea.ee\/\",\"logo\":{\"@type\":\"ImageObject\",\"inLanguage\":\"en-US\",\"@id\":\"https:\/\/idakorea.ee\/#\/schema\/logo\/image\/\",\"url\":\"https:\/\/idakorea.ee\/wp-content\/uploads\/2024\/05\/cropped-korea3.png\",\"contentUrl\":\"https:\/\/idakorea.ee\/wp-content\/uploads\/2024\/05\/cropped-korea3.png\",\"width\":688,\"height\":126,\"caption\":\"IDA.KOREA\"},\"image\":{\"@id\":\"https:\/\/idakorea.ee\/#\/schema\/logo\/image\/\"},\"sameAs\":[\"https:\/\/www.instagram.com\/ida.korea\/\"]}]}<\/script>\n<!-- \/ Yoast SEO plugin. -->","yoast_head_json":{"title":"Deep cleansing foam Medi-Peel Extra Super 9+ Pore Tox Cleanser, 100ml - IDA.KOREA","description":"Medi-Peel Extra Super 9+ Pore Tox Cleanser is a deep cleansing foam designed to effectively remove dirt and excess oil from pores while providing gentle exfoliation to reveal smoother, brighter skin.","robots":{"index":"index","follow":"follow","max-snippet":"max-snippet:-1","max-image-preview":"max-image-preview:large","max-video-preview":"max-video-preview:-1"},"canonical":"https:\/\/idakorea.ee\/en\/product\/sugavpuhastav-vaht-medi-peel-extra-super-9-pore-tox-cleanser-100ml\/","og_locale":"en_US","og_type":"article","og_title":"S\u00fcgavpuhastav vaht Medi-Peel Extra Super 9+ Pore Tox Cleanser, 100ml - IDA.KOREA","og_description":"Medi-Peel Extra Super 9+ Pore Tox Cleanser on s\u00fcgavpuhastav vaht, mis on loodud t\u00f5husalt eemaldama mustuse ja liigse rasu pooridest, pakkudes samal ajal \u00f5rna koorimist, et paljastada siledam ja s\u00e4ravam nahk.","og_url":"https:\/\/idakorea.ee\/en\/product\/sugavpuhastav-vaht-medi-peel-extra-super-9-pore-tox-cleanser-100ml\/","og_site_name":"IDA.KOREA","article_modified_time":"2026-03-09T09:52:27+00:00","og_image":[{"width":800,"height":800,"url":"https:\/\/idakorea.ee\/wp-content\/uploads\/2024\/08\/pena.jpg","type":"image\/jpeg"}],"twitter_card":"summary_large_image","twitter_misc":{"Est. reading time":"2 minutes"},"schema":{"@context":"https:\/\/schema.org","@graph":[{"@type":"WebPage","@id":"https:\/\/idakorea.ee\/product\/sugavpuhastav-vaht-medi-peel-extra-super-9-pore-tox-cleanser-100ml\/","url":"https:\/\/idakorea.ee\/product\/sugavpuhastav-vaht-medi-peel-extra-super-9-pore-tox-cleanser-100ml\/","name":"Deep cleansing foam Medi-Peel Extra Super 9+ Pore Tox Cleanser, 100ml - IDA.KOREA","isPartOf":{"@id":"https:\/\/idakorea.ee\/#website"},"primaryImageOfPage":{"@id":"https:\/\/idakorea.ee\/product\/sugavpuhastav-vaht-medi-peel-extra-super-9-pore-tox-cleanser-100ml\/#primaryimage"},"image":{"@id":"https:\/\/idakorea.ee\/product\/sugavpuhastav-vaht-medi-peel-extra-super-9-pore-tox-cleanser-100ml\/#primaryimage"},"thumbnailUrl":"https:\/\/idakorea.ee\/wp-content\/uploads\/2024\/08\/pena.jpg","datePublished":"2024-08-21T12:59:45+00:00","dateModified":"2026-03-09T09:52:27+00:00","description":"Medi-Peel Extra Super 9+ Pore Tox Cleanser is a deep cleansing foam designed to effectively remove dirt and excess oil from pores while providing gentle exfoliation to reveal smoother, brighter skin.","breadcrumb":{"@id":"https:\/\/idakorea.ee\/product\/sugavpuhastav-vaht-medi-peel-extra-super-9-pore-tox-cleanser-100ml\/#breadcrumb"},"inLanguage":"en-US","potentialAction":[{"@type":"ReadAction","target":["https:\/\/idakorea.ee\/product\/sugavpuhastav-vaht-medi-peel-extra-super-9-pore-tox-cleanser-100ml\/"]}]},{"@type":"ImageObject","inLanguage":"en-US","@id":"https:\/\/idakorea.ee\/product\/sugavpuhastav-vaht-medi-peel-extra-super-9-pore-tox-cleanser-100ml\/#primaryimage","url":"https:\/\/idakorea.ee\/wp-content\/uploads\/2024\/08\/pena.jpg","contentUrl":"https:\/\/idakorea.ee\/wp-content\/uploads\/2024\/08\/pena.jpg","width":800,"height":800},{"@type":"BreadcrumbList","@id":"https:\/\/idakorea.ee\/product\/sugavpuhastav-vaht-medi-peel-extra-super-9-pore-tox-cleanser-100ml\/#breadcrumb","itemListElement":[{"@type":"ListItem","position":1,"name":"\u0413\u043b\u0430\u0432\u043d\u0430\u044f \u0441\u0442\u0440\u0430\u043d\u0438\u0446\u0430","item":"https:\/\/idakorea.ee\/"},{"@type":"ListItem","position":2,"name":"Shop","item":"https:\/\/idakorea.ee\/shop-2\/"},{"@type":"ListItem","position":3,"name":"S\u00fcgavpuhastav vaht Medi-Peel Extra Super 9+ Pore Tox Cleanser, 100ml"}]},{"@type":"WebSite","@id":"https:\/\/idakorea.ee\/#website","url":"https:\/\/idakorea.ee\/","name":"IDA.KOREA","description":"Korean cosmetics e-shop","publisher":{"@id":"https:\/\/idakorea.ee\/#organization"},"alternateName":"Beauty Shop","potentialAction":[{"@type":"SearchAction","target":{"@type":"EntryPoint","urlTemplate":"https:\/\/idakorea.ee\/?s={search_term_string}"},"query-input":{"@type":"PropertyValueSpecification","valueRequired":true,"valueName":"search_term_string"}}],"inLanguage":"en-US"},{"@type":"Organization","@id":"https:\/\/idakorea.ee\/#organization","name":"IDA.KOREA","url":"https:\/\/idakorea.ee\/","logo":{"@type":"ImageObject","inLanguage":"en-US","@id":"https:\/\/idakorea.ee\/#\/schema\/logo\/image\/","url":"https:\/\/idakorea.ee\/wp-content\/uploads\/2024\/05\/cropped-korea3.png","contentUrl":"https:\/\/idakorea.ee\/wp-content\/uploads\/2024\/05\/cropped-korea3.png","width":688,"height":126,"caption":"IDA.KOREA"},"image":{"@id":"https:\/\/idakorea.ee\/#\/schema\/logo\/image\/"},"sameAs":["https:\/\/www.instagram.com\/ida.korea\/"]}]}},"jetpack_sharing_enabled":true,"brands":[{"id":107,"name":"MEDIPEEL+","slug":"medipeel"}],"_links":{"self":[{"href":"https:\/\/idakorea.ee\/en\/wp-json\/wp\/v2\/product\/10014","targetHints":{"allow":["GET"]}}],"collection":[{"href":"https:\/\/idakorea.ee\/en\/wp-json\/wp\/v2\/product"}],"about":[{"href":"https:\/\/idakorea.ee\/en\/wp-json\/wp\/v2\/types\/product"}],"replies":[{"embeddable":true,"href":"https:\/\/idakorea.ee\/en\/wp-json\/wp\/v2\/comments?post=10014"}],"version-history":[{"count":1,"href":"https:\/\/idakorea.ee\/en\/wp-json\/wp\/v2\/product\/10014\/revisions"}],"predecessor-version":[{"id":10017,"href":"https:\/\/idakorea.ee\/en\/wp-json\/wp\/v2\/product\/10014\/revisions\/10017"}],"wp:featuredmedia":[{"embeddable":true,"href":"https:\/\/idakorea.ee\/en\/wp-json\/wp\/v2\/media\/10015"}],"wp:attachment":[{"href":"https:\/\/idakorea.ee\/en\/wp-json\/wp\/v2\/media?parent=10014"}],"wp:term":[{"taxonomy":"pwb-brand","embeddable":true,"href":"https:\/\/idakorea.ee\/en\/wp-json\/wp\/v2\/pwb-brand?post=10014"},{"taxonomy":"product_brand","embeddable":true,"href":"https:\/\/idakorea.ee\/en\/wp-json\/wp\/v2\/product_brand?post=10014"},{"taxonomy":"product_cat","embeddable":true,"href":"https:\/\/idakorea.ee\/en\/wp-json\/wp\/v2\/product_cat?post=10014"},{"taxonomy":"product_tag","embeddable":true,"href":"https:\/\/idakorea.ee\/en\/wp-json\/wp\/v2\/product_tag?post=10014"}],"curies":[{"name":"wp","href":"https:\/\/api.w.org\/{rel}","templated":true}]}}