{"id":10168,"date":"2024-08-23T09:40:35","date_gmt":"2024-08-23T07:40:35","guid":{"rendered":"https:\/\/idakorea.ee\/?post_type=product&#038;p=10168"},"modified":"2026-04-04T11:08:09","modified_gmt":"2026-04-04T09:08:09","slug":"medi-peel-extra-super-9-plus-blackhead-out-nose-pack","status":"publish","type":"product","link":"https:\/\/idakorea.ee\/en\/product\/medi-peel-extra-super-9-plus-blackhead-out-nose-pack\/","title":{"rendered":"MEDI-PEEL Extra Super 9 Plus Blackhead Out Nose Pack"},"content":{"rendered":"<div class=\"flex-shrink-0 flex flex-col relative items-end\">\n<div>\n<div class=\"pt-0\">\n<div class=\"gizmo-bot-avatar flex h-8 w-8 items-center justify-center overflow-hidden rounded-full\">\n<div class=\"relative p-1 rounded-sm flex items-center justify-center bg-token-main-surface-primary text-token-text-primary h-8 w-8\"><\/div>\n<\/div>\n<\/div>\n<\/div>\n<\/div>\n<div class=\"group\/conversation-turn relative flex w-full min-w-0 flex-col agent-turn\">\n<div class=\"flex-col gap-1 md:gap-3\">\n<div class=\"flex max-w-full flex-col flex-grow\">\n<div class=\"min-h-[20px] text-message flex w-full flex-col items-end gap-2 break-words [.text-message+&amp;]:mt-5 overflow-x-auto whitespace-pre-wrap\" dir=\"auto\" data-message-author-role=\"assistant\" data-message-id=\"43fa705e-9030-4744-b679-21f2504d6c0c\">\n<div class=\"flex w-full flex-col gap-1 empty:hidden first:pt-[3px]\">\n<div class=\"markdown prose w-full break-words dark:prose-invert light\">\n<p>Kaheetapiline puhastusmask \u00fchendab endas biotselluloosi mugavuse ja patenteeritud toimeainete t\u00f5hususe. Esimene etapp avab ja puhastab t\u00f5husalt poorid, lahustab rasukorgid ja mustpead, tekitamata seejuures \u00e4rritust. Teine etapp taastab naha niiskustasakaalu, normaliseerib rasun\u00e4\u00e4rmete t\u00f6\u00f6d ja v\u00e4hendab tundlikkust.<\/p>\n<p><strong>Samm 1:<\/strong><\/p>\n<p>Hapete kompleks (AHA, BHA, PHA, LHA) puhastab poorid liigsest rasust ja mustusest, koorib \u00f5rnalt epidermise sarvkihti, v\u00e4hendab aknej\u00e4rgseid j\u00e4lgi ja normaliseerib rasu tootmist.<\/p>\n<p><strong>Natural Protector\u2122<\/strong> &#8211; patenteeritud kompleks, mis p\u00f5hineb taimsete ekstraktide segul ja on saanud ECOCERT-i sertifikaadi oma orgaanilise koostise eest. Valge paju koore ekstrakt, fermenteeritud ubade ekstrakt, portulaki ekstrakt, pune lehtede ekstrakt, kaneeli ekstrakt, Baikali tihasheina ekstrakt ja k\u00fcpressi ekstrakt kompleksis omavad p\u00f5letikuvastast toimet, rahustavad ja niisutavad s\u00fcgavuti nahka, taastavad seda ning normaliseerivad rasutootmist, v\u00e4ltides komedoonide teket.<\/p>\n<p><strong>SingGreen\u00ae<\/strong> &#8211; patenteeritud taimne toimeaine, mis p\u00f5hineb papaia, \u00f5una, jaapani aprikoosi ja viinamarja ekstraktide antioks\u00fcdantsetel ja keratol\u00fc\u00fctilistel omadustel.<\/p>\n<p><strong>Samm 2:<\/strong><\/p>\n<p><strong>Anti-Sebum P Complex<\/strong> (\u00f5htuse priimula, loodusliku pueraria juure, m\u00e4nnin\u00f5elte ja jalaka juurekoore ekstraktid) &#8211; neljast taimeekstraktist koosnev kompleks, mis on suunatud pooride ahendamisele, rasun\u00e4\u00e4rmete t\u00f6\u00f6 reguleerimisele ja naha tekstuuri parandamisele.<\/p>\n<p><strong>AQUAXYL<\/strong> &#8211; patenteeritud gl\u00fckoosi ja ks\u00fclitooli kompleks &#8211; niisutajad ja h\u00fcgroskoopilised molekulid, mis suudavad siduda vaba vedelikku. Niisutab ja taastab nahka, hoiab \u00e4ra transdermaalse niiskuskao, aktiveerib keramiidide s\u00fcnteesi. T\u00e4nu niiskuse s\u00e4ilitamisele rakkudes parandab naha elastsust ja tugevust.<\/p>\n<\/div>\n<\/div>\n<p>&nbsp;<\/p>\n<div class=\"flex w-full flex-col gap-1 empty:hidden first:pt-[3px]\">\n<p><strong>Kasutusjuhend:<\/strong><\/p>\n<\/div>\n<\/div>\n<ul>\n<li>Asetage mask tihedalt nahale, veendudes, et ei j\u00e4\u00e4ks \u00f5humulle, ja j\u00e4tke see 15 minutiks. Tugevama toime saavutamiseks v\u00f5ib eelnevalt nahka aurutada ja maski peale kanda toidukilet. 15 minuti p\u00e4rast eemaldage mask ja puhastage nahk vatitikuga.<\/li>\n<li>Kandke nahale jahutav poore ahendav mask 10-15 minutiks, seej\u00e4rel eemaldage mask ja masseerige \u00fclej\u00e4\u00e4nud essents nahka.<\/li>\n<\/ul>\n<\/div>\n<\/div>\n<\/div>\n","protected":false},"excerpt":{"rendered":"<p>The two-step cleansing mask combines the convenience of biocellulose with the effectiveness of patented active ingredients. The first step effectively opens and cleanses pores, dissolves sebum granules and blackheads without causing irritation. The second phase restores the skin's moisture balance, normalises the sebaceous glands and reduces sensitivity. Step 1: The acid complex (AHA, BHA, PHA, LHA) cleanses the pores of excess oil and dirt, gently exfoliates the stratum corneum of the epidermis, reduces post-acne...<\/p>","protected":false},"featured_media":10169,"comment_status":"open","ping_status":"closed","template":"","meta":{"_uf_show_specific_survey":0,"_uf_disable_surveys":false,"_bst_post_transparent":"default","_bst_post_title":"","_bst_post_layout":"default","_bst_post_sidebar_id":"","_bst_post_content_style":"default","_bst_post_vertical_padding":"default","_bst_post_feature":"","_bst_post_feature_position":"","_bst_post_header":false,"_bst_post_footer":false},"pwb-brand":[107],"product_brand":[],"product_cat":[1122,92,452,463],"product_tag":[584,381,449],"class_list":{"0":"post-10168","1":"product","2":"type-product","3":"status-publish","4":"has-post-thumbnail","6":"pwb-brand-medipeel","7":"product_cat-lokaalne-hooldus","8":"product_cat-nagu","9":"product_cat-naopuhastusgeelid","10":"product_cat-tarvikud","11":"product_tag-blackhead","12":"product_tag-medipeel","13":"product_tag-pore","15":"first","16":"outofstock","17":"sale","18":"shipping-taxable","19":"purchasable","20":"product-type-simple","21":"entry","22":"content-bg","23":"loop-entry"},"supplier_id":null,"supplier_sku":"","barcode":null,"atum_controlled":true,"out_stock_date":"2026-04-04 11:08:09","out_stock_threshold":null,"inheritable":false,"inbound_stock":0,"stock_on_hold":0,"sold_today":0,"sales_last_days":2,"out_stock_days":9,"lost_sales":6,"has_location":false,"update_date":"2026-04-14T00:05:04","atum_locations":[],"atum_stock_status":"outofstock","restock_status":false,"low_stock_amount":"","sales_update_date":"2026-04-14T00:05:04","calc_backorders":null,"yoast_head":"<!-- This site is optimized with the Yoast SEO plugin v27.2 - https:\/\/yoast.com\/product\/yoast-seo-wordpress\/ -->\n<title>MEDI-PEEL Extra Super 9 Plus Blackhead Out Nose Pack - IDA.KOREA<\/title>\n<meta name=\"description\" content=\"Kaheetapiline puhastusmask \u00fchendab endas biotselluloosi mugavuse ja patenteeritud toimeainete t\u00f5hususe. Esimene etapp avab ja puhastab t\u00f5husalt poorid, lahustab rasukorgid ja mustpead, tekitamata seejuures \u00e4rritust. Teine etapp taastab naha niiskustasakaalu, normaliseerib rasun\u00e4\u00e4rmete t\u00f6\u00f6d ja v\u00e4hendab tundlikkust.\" \/>\n<meta name=\"robots\" content=\"index, follow, max-snippet:-1, max-image-preview:large, max-video-preview:-1\" \/>\n<link rel=\"canonical\" href=\"https:\/\/idakorea.ee\/en\/product\/medi-peel-extra-super-9-plus-blackhead-out-nose-pack\/\" \/>\n<meta property=\"og:locale\" content=\"en_US\" \/>\n<meta property=\"og:type\" content=\"article\" \/>\n<meta property=\"og:title\" content=\"MEDI-PEEL Extra Super 9 Plus Blackhead Out Nose Pack - IDA.KOREA\" \/>\n<meta property=\"og:description\" content=\"Kaheetapiline puhastusmask \u00fchendab endas biotselluloosi mugavuse ja patenteeritud toimeainete t\u00f5hususe. Esimene etapp avab ja puhastab t\u00f5husalt poorid, lahustab rasukorgid ja mustpead, tekitamata seejuures \u00e4rritust. Teine etapp taastab naha niiskustasakaalu, normaliseerib rasun\u00e4\u00e4rmete t\u00f6\u00f6d ja v\u00e4hendab tundlikkust.\" \/>\n<meta property=\"og:url\" content=\"https:\/\/idakorea.ee\/en\/product\/medi-peel-extra-super-9-plus-blackhead-out-nose-pack\/\" \/>\n<meta property=\"og:site_name\" content=\"IDA.KOREA\" \/>\n<meta property=\"article:modified_time\" content=\"2026-04-04T09:08:09+00:00\" \/>\n<meta property=\"og:image\" content=\"https:\/\/idakorea.ee\/wp-content\/uploads\/2024\/08\/medipeel_240_light-766x1000-1.jpg\" \/>\n\t<meta property=\"og:image:width\" content=\"759\" \/>\n\t<meta property=\"og:image:height\" content=\"776\" \/>\n\t<meta property=\"og:image:type\" content=\"image\/jpeg\" \/>\n<meta name=\"twitter:card\" content=\"summary_large_image\" \/>\n<meta name=\"twitter:label1\" content=\"Est. reading time\" \/>\n\t<meta name=\"twitter:data1\" content=\"2 minutes\" \/>\n<script type=\"application\/ld+json\" class=\"yoast-schema-graph\">{\"@context\":\"https:\/\/schema.org\",\"@graph\":[{\"@type\":\"WebPage\",\"@id\":\"https:\/\/idakorea.ee\/product\/medi-peel-extra-super-9-plus-blackhead-out-nose-pack\/\",\"url\":\"https:\/\/idakorea.ee\/product\/medi-peel-extra-super-9-plus-blackhead-out-nose-pack\/\",\"name\":\"MEDI-PEEL Extra Super 9 Plus Blackhead Out Nose Pack - IDA.KOREA\",\"isPartOf\":{\"@id\":\"https:\/\/idakorea.ee\/#website\"},\"primaryImageOfPage\":{\"@id\":\"https:\/\/idakorea.ee\/product\/medi-peel-extra-super-9-plus-blackhead-out-nose-pack\/#primaryimage\"},\"image\":{\"@id\":\"https:\/\/idakorea.ee\/product\/medi-peel-extra-super-9-plus-blackhead-out-nose-pack\/#primaryimage\"},\"thumbnailUrl\":\"https:\/\/idakorea.ee\/wp-content\/uploads\/2024\/08\/medipeel_240_light-766x1000-1.jpg\",\"datePublished\":\"2024-08-23T07:40:35+00:00\",\"dateModified\":\"2026-04-04T09:08:09+00:00\",\"description\":\"Kaheetapiline puhastusmask \u00fchendab endas biotselluloosi mugavuse ja patenteeritud toimeainete t\u00f5hususe. Esimene etapp avab ja puhastab t\u00f5husalt poorid, lahustab rasukorgid ja mustpead, tekitamata seejuures \u00e4rritust. Teine etapp taastab naha niiskustasakaalu, normaliseerib rasun\u00e4\u00e4rmete t\u00f6\u00f6d ja v\u00e4hendab tundlikkust.\",\"breadcrumb\":{\"@id\":\"https:\/\/idakorea.ee\/product\/medi-peel-extra-super-9-plus-blackhead-out-nose-pack\/#breadcrumb\"},\"inLanguage\":\"en-US\",\"potentialAction\":[{\"@type\":\"ReadAction\",\"target\":[\"https:\/\/idakorea.ee\/product\/medi-peel-extra-super-9-plus-blackhead-out-nose-pack\/\"]}]},{\"@type\":\"ImageObject\",\"inLanguage\":\"en-US\",\"@id\":\"https:\/\/idakorea.ee\/product\/medi-peel-extra-super-9-plus-blackhead-out-nose-pack\/#primaryimage\",\"url\":\"https:\/\/idakorea.ee\/wp-content\/uploads\/2024\/08\/medipeel_240_light-766x1000-1.jpg\",\"contentUrl\":\"https:\/\/idakorea.ee\/wp-content\/uploads\/2024\/08\/medipeel_240_light-766x1000-1.jpg\",\"width\":759,\"height\":776},{\"@type\":\"BreadcrumbList\",\"@id\":\"https:\/\/idakorea.ee\/product\/medi-peel-extra-super-9-plus-blackhead-out-nose-pack\/#breadcrumb\",\"itemListElement\":[{\"@type\":\"ListItem\",\"position\":1,\"name\":\"\u0413\u043b\u0430\u0432\u043d\u0430\u044f \u0441\u0442\u0440\u0430\u043d\u0438\u0446\u0430\",\"item\":\"https:\/\/idakorea.ee\/\"},{\"@type\":\"ListItem\",\"position\":2,\"name\":\"Shop\",\"item\":\"https:\/\/idakorea.ee\/shop-2\/\"},{\"@type\":\"ListItem\",\"position\":3,\"name\":\"MEDI-PEEL Extra Super 9 Plus Blackhead Out Nose Pack\"}]},{\"@type\":\"WebSite\",\"@id\":\"https:\/\/idakorea.ee\/#website\",\"url\":\"https:\/\/idakorea.ee\/\",\"name\":\"IDA.KOREA\",\"description\":\"Korea kosmeetika e-pood\",\"publisher\":{\"@id\":\"https:\/\/idakorea.ee\/#organization\"},\"alternateName\":\"Beauty Shop\",\"potentialAction\":[{\"@type\":\"SearchAction\",\"target\":{\"@type\":\"EntryPoint\",\"urlTemplate\":\"https:\/\/idakorea.ee\/?s={search_term_string}\"},\"query-input\":{\"@type\":\"PropertyValueSpecification\",\"valueRequired\":true,\"valueName\":\"search_term_string\"}}],\"inLanguage\":\"en-US\"},{\"@type\":\"Organization\",\"@id\":\"https:\/\/idakorea.ee\/#organization\",\"name\":\"IDA.KOREA\",\"url\":\"https:\/\/idakorea.ee\/\",\"logo\":{\"@type\":\"ImageObject\",\"inLanguage\":\"en-US\",\"@id\":\"https:\/\/idakorea.ee\/#\/schema\/logo\/image\/\",\"url\":\"https:\/\/idakorea.ee\/wp-content\/uploads\/2024\/05\/cropped-korea3.png\",\"contentUrl\":\"https:\/\/idakorea.ee\/wp-content\/uploads\/2024\/05\/cropped-korea3.png\",\"width\":688,\"height\":126,\"caption\":\"IDA.KOREA\"},\"image\":{\"@id\":\"https:\/\/idakorea.ee\/#\/schema\/logo\/image\/\"},\"sameAs\":[\"https:\/\/www.instagram.com\/ida.korea\/\"]}]}<\/script>\n<!-- \/ Yoast SEO plugin. -->","yoast_head_json":{"title":"MEDI-PEEL Extra Super 9 Plus Blackhead Out Nose Pack - IDA.KOREA","description":"The two-step cleansing mask combines the convenience of biocellulose with the effectiveness of patented active ingredients. The first step effectively opens and cleanses pores, dissolves sebum granules and blackheads without causing irritation. The second phase restores the skin's moisture balance, normalises the sebaceous glands and reduces sensitivity.","robots":{"index":"index","follow":"follow","max-snippet":"max-snippet:-1","max-image-preview":"max-image-preview:large","max-video-preview":"max-video-preview:-1"},"canonical":"https:\/\/idakorea.ee\/en\/product\/medi-peel-extra-super-9-plus-blackhead-out-nose-pack\/","og_locale":"en_US","og_type":"article","og_title":"MEDI-PEEL Extra Super 9 Plus Blackhead Out Nose Pack - IDA.KOREA","og_description":"Kaheetapiline puhastusmask \u00fchendab endas biotselluloosi mugavuse ja patenteeritud toimeainete t\u00f5hususe. Esimene etapp avab ja puhastab t\u00f5husalt poorid, lahustab rasukorgid ja mustpead, tekitamata seejuures \u00e4rritust. Teine etapp taastab naha niiskustasakaalu, normaliseerib rasun\u00e4\u00e4rmete t\u00f6\u00f6d ja v\u00e4hendab tundlikkust.","og_url":"https:\/\/idakorea.ee\/en\/product\/medi-peel-extra-super-9-plus-blackhead-out-nose-pack\/","og_site_name":"IDA.KOREA","article_modified_time":"2026-04-04T09:08:09+00:00","og_image":[{"width":759,"height":776,"url":"https:\/\/idakorea.ee\/wp-content\/uploads\/2024\/08\/medipeel_240_light-766x1000-1.jpg","type":"image\/jpeg"}],"twitter_card":"summary_large_image","twitter_misc":{"Est. reading time":"2 minutes"},"schema":{"@context":"https:\/\/schema.org","@graph":[{"@type":"WebPage","@id":"https:\/\/idakorea.ee\/product\/medi-peel-extra-super-9-plus-blackhead-out-nose-pack\/","url":"https:\/\/idakorea.ee\/product\/medi-peel-extra-super-9-plus-blackhead-out-nose-pack\/","name":"MEDI-PEEL Extra Super 9 Plus Blackhead Out Nose Pack - IDA.KOREA","isPartOf":{"@id":"https:\/\/idakorea.ee\/#website"},"primaryImageOfPage":{"@id":"https:\/\/idakorea.ee\/product\/medi-peel-extra-super-9-plus-blackhead-out-nose-pack\/#primaryimage"},"image":{"@id":"https:\/\/idakorea.ee\/product\/medi-peel-extra-super-9-plus-blackhead-out-nose-pack\/#primaryimage"},"thumbnailUrl":"https:\/\/idakorea.ee\/wp-content\/uploads\/2024\/08\/medipeel_240_light-766x1000-1.jpg","datePublished":"2024-08-23T07:40:35+00:00","dateModified":"2026-04-04T09:08:09+00:00","description":"The two-step cleansing mask combines the convenience of biocellulose with the effectiveness of patented active ingredients. The first step effectively opens and cleanses pores, dissolves sebum granules and blackheads without causing irritation. The second phase restores the skin's moisture balance, normalises the sebaceous glands and reduces sensitivity.","breadcrumb":{"@id":"https:\/\/idakorea.ee\/product\/medi-peel-extra-super-9-plus-blackhead-out-nose-pack\/#breadcrumb"},"inLanguage":"en-US","potentialAction":[{"@type":"ReadAction","target":["https:\/\/idakorea.ee\/product\/medi-peel-extra-super-9-plus-blackhead-out-nose-pack\/"]}]},{"@type":"ImageObject","inLanguage":"en-US","@id":"https:\/\/idakorea.ee\/product\/medi-peel-extra-super-9-plus-blackhead-out-nose-pack\/#primaryimage","url":"https:\/\/idakorea.ee\/wp-content\/uploads\/2024\/08\/medipeel_240_light-766x1000-1.jpg","contentUrl":"https:\/\/idakorea.ee\/wp-content\/uploads\/2024\/08\/medipeel_240_light-766x1000-1.jpg","width":759,"height":776},{"@type":"BreadcrumbList","@id":"https:\/\/idakorea.ee\/product\/medi-peel-extra-super-9-plus-blackhead-out-nose-pack\/#breadcrumb","itemListElement":[{"@type":"ListItem","position":1,"name":"\u0413\u043b\u0430\u0432\u043d\u0430\u044f \u0441\u0442\u0440\u0430\u043d\u0438\u0446\u0430","item":"https:\/\/idakorea.ee\/"},{"@type":"ListItem","position":2,"name":"Shop","item":"https:\/\/idakorea.ee\/shop-2\/"},{"@type":"ListItem","position":3,"name":"MEDI-PEEL Extra Super 9 Plus Blackhead Out Nose Pack"}]},{"@type":"WebSite","@id":"https:\/\/idakorea.ee\/#website","url":"https:\/\/idakorea.ee\/","name":"IDA.KOREA","description":"Korean cosmetics e-shop","publisher":{"@id":"https:\/\/idakorea.ee\/#organization"},"alternateName":"Beauty Shop","potentialAction":[{"@type":"SearchAction","target":{"@type":"EntryPoint","urlTemplate":"https:\/\/idakorea.ee\/?s={search_term_string}"},"query-input":{"@type":"PropertyValueSpecification","valueRequired":true,"valueName":"search_term_string"}}],"inLanguage":"en-US"},{"@type":"Organization","@id":"https:\/\/idakorea.ee\/#organization","name":"IDA.KOREA","url":"https:\/\/idakorea.ee\/","logo":{"@type":"ImageObject","inLanguage":"en-US","@id":"https:\/\/idakorea.ee\/#\/schema\/logo\/image\/","url":"https:\/\/idakorea.ee\/wp-content\/uploads\/2024\/05\/cropped-korea3.png","contentUrl":"https:\/\/idakorea.ee\/wp-content\/uploads\/2024\/05\/cropped-korea3.png","width":688,"height":126,"caption":"IDA.KOREA"},"image":{"@id":"https:\/\/idakorea.ee\/#\/schema\/logo\/image\/"},"sameAs":["https:\/\/www.instagram.com\/ida.korea\/"]}]}},"jetpack_sharing_enabled":true,"brands":[{"id":107,"name":"MEDIPEEL+","slug":"medipeel"}],"_links":{"self":[{"href":"https:\/\/idakorea.ee\/en\/wp-json\/wp\/v2\/product\/10168","targetHints":{"allow":["GET"]}}],"collection":[{"href":"https:\/\/idakorea.ee\/en\/wp-json\/wp\/v2\/product"}],"about":[{"href":"https:\/\/idakorea.ee\/en\/wp-json\/wp\/v2\/types\/product"}],"replies":[{"embeddable":true,"href":"https:\/\/idakorea.ee\/en\/wp-json\/wp\/v2\/comments?post=10168"}],"version-history":[{"count":2,"href":"https:\/\/idakorea.ee\/en\/wp-json\/wp\/v2\/product\/10168\/revisions"}],"predecessor-version":[{"id":10837,"href":"https:\/\/idakorea.ee\/en\/wp-json\/wp\/v2\/product\/10168\/revisions\/10837"}],"wp:featuredmedia":[{"embeddable":true,"href":"https:\/\/idakorea.ee\/en\/wp-json\/wp\/v2\/media\/10169"}],"wp:attachment":[{"href":"https:\/\/idakorea.ee\/en\/wp-json\/wp\/v2\/media?parent=10168"}],"wp:term":[{"taxonomy":"pwb-brand","embeddable":true,"href":"https:\/\/idakorea.ee\/en\/wp-json\/wp\/v2\/pwb-brand?post=10168"},{"taxonomy":"product_brand","embeddable":true,"href":"https:\/\/idakorea.ee\/en\/wp-json\/wp\/v2\/product_brand?post=10168"},{"taxonomy":"product_cat","embeddable":true,"href":"https:\/\/idakorea.ee\/en\/wp-json\/wp\/v2\/product_cat?post=10168"},{"taxonomy":"product_tag","embeddable":true,"href":"https:\/\/idakorea.ee\/en\/wp-json\/wp\/v2\/product_tag?post=10168"}],"curies":[{"name":"wp","href":"https:\/\/api.w.org\/{rel}","templated":true}]}}