{"id":10192,"date":"2024-08-26T14:29:26","date_gmt":"2024-08-26T11:29:26","guid":{"rendered":"https:\/\/idakorea.ee\/?post_type=product&#038;p=10192"},"modified":"2026-01-30T16:28:14","modified_gmt":"2026-01-30T14:28:14","slug":"seerum-anua-7-rice-ceramide-hydrating-barrier-serum","status":"publish","type":"product","link":"https:\/\/idakorea.ee\/en\/product\/seerum-anua-7-rice-ceramide-hydrating-barrier-serum\/","title":{"rendered":"Serum Anua 7 Rice Ceramide Hydrating Barrier Serum, 50ml"},"content":{"rendered":"<p>Nourishing barrier serum with rice extract and ceramides<\/p>\n<p><strong>Advantages:<\/strong><br \/>\nRestores and strengthens the skin's barrier function, protecting it from external aggressions and preventing moisture loss.<br \/>\nDeeply nourishes, moisturises and softens the skin, saturating it with moisture, eliminating dryness, tightness and flakiness, and preventing their appearance.<br \/>\nHelps even skin tone, prevents hyperpigmentation, gives a healthy inner glow and helps achieve the Glass Skin effect.<\/p>\n<p><strong>Main ingredients:<\/strong><br \/>\n<strong>Rice complex<\/strong>composed of protein, hydrolate and extracts, provides deep nourishment, evens skin tone and gives a healthy glow.<br \/>\n<strong>Niacinamide<\/strong> Helps even out skin tone, has a subtle brightening effect and prevents hyperpigmentation.<br \/>\n<strong>Ceramides<\/strong> actively restore and strengthen the skin's protective barrier, protect against negative environmental influences and prevent transepidermal moisture loss.<br \/>\n<strong>Hyaluronic acid<\/strong> deeply moisturises the skin, retaining moisture, preventing dryness and dehydration and helping to maintain skin smoothness and elasticity.<br \/>\n<strong>Pantenol<\/strong> has a soothing and restorative effect, reduces redness and irritation and reduces skin sensitivity.<br \/>\n<strong>Vitamin E<\/strong> is a powerful antioxidant that prevents signs of ageing and protects the skin from free radicals.<br \/>\n<strong>Lotus extract<\/strong> moisturises and softens the skin, protects against free radicals that cause skin ageing and prevents the oxidative process. It reduces the activity of tyrosinase, which produces melanin, and reduces pigmentation.<br \/>\n<strong>Adenos<\/strong> has a deeply moisturising and regenerating effect and stimulates collagen production.<br \/>\n<strong>Arbutiin<\/strong> has a strong brightening effect, effectively reducing pigmentation and uneven skin tone.<br \/>\n<b>Serum<\/b>has emollient, antibacterial and anti-inflammatory properties.<\/p>\n<p>&nbsp;<\/p>\n<p>Suitable for all skin types.<\/p>\n<p><strong>Usage:<\/strong> Apply the required amount of product to cleansed and toned skin, spread evenly until fully absorbed, then top up with a moisturiser.<\/p>","protected":false},"excerpt":{"rendered":"<p>Nourishing Barrier Serum with Rice Extract and Ceramides Benefits: Restores and strengthens the skin's barrier function, protecting it from external aggressions and preventing moisture loss. Deeply nourishes, moisturises and softens the skin, saturating it with moisture, eliminating dryness, tightness and flakiness, and preventing their occurrence. Helps even skin tone, prevents hyperpigmentation, provides a healthy inner glow and helps achieve the Glass Skin effect. Main ingredients:...<\/p>","protected":false},"featured_media":12336,"comment_status":"open","ping_status":"closed","template":"","meta":{"_uf_show_specific_survey":0,"_uf_disable_surveys":false,"_bst_post_transparent":"default","_bst_post_title":"","_bst_post_layout":"default","_bst_post_sidebar_id":"","_bst_post_content_style":"default","_bst_post_vertical_padding":"default","_bst_post_feature":"","_bst_post_feature_position":"","_bst_post_header":false,"_bst_post_footer":false},"pwb-brand":[104],"product_brand":[],"product_cat":[92,97],"product_tag":[102,233,202,586,221],"class_list":{"0":"post-10192","1":"product","2":"type-product","3":"status-publish","4":"has-post-thumbnail","6":"pwb-brand-anua","7":"product_cat-nagu","8":"product_cat-naoseerumid-ja-olid","9":"product_tag-anua","10":"product_tag-internet-pood-eesti","11":"product_tag-korea-kosmeetika","12":"product_tag-trend-serum","13":"product_tag-tundlik-nahk","15":"first","16":"instock","17":"sale","18":"shipping-taxable","19":"purchasable","20":"product-type-simple","21":"entry","22":"content-bg","23":"loop-entry"},"supplier_id":null,"supplier_sku":"","barcode":null,"atum_controlled":true,"out_stock_date":null,"out_stock_threshold":null,"inheritable":false,"inbound_stock":0,"stock_on_hold":0,"sold_today":0,"sales_last_days":0,"out_stock_days":0,"lost_sales":0,"has_location":false,"update_date":"2026-04-14T00:05:04","atum_locations":[],"atum_stock_status":"instock","restock_status":false,"low_stock_amount":"","sales_update_date":"2026-04-14T00:05:04","calc_backorders":null,"yoast_head":"<!-- This site is optimized with the Yoast SEO plugin v27.2 - https:\/\/yoast.com\/product\/yoast-seo-wordpress\/ -->\n<title>Anua 7 Rice Ceramide Hydrating Barrier Serum - IDA.KOREA<\/title>\n<meta name=\"description\" content=\"Toitev barj\u00e4\u00e4rseerum riisiekstrakti ja keraamiididega. Taastab ja tugevdab naha barj\u00e4\u00e4rifunktsiooni, kaitstes seda v\u00e4liste m\u00f5jutuste eest ja ennetades niiskuskadu.\" \/>\n<meta name=\"robots\" content=\"index, follow, max-snippet:-1, max-image-preview:large, max-video-preview:-1\" \/>\n<link rel=\"canonical\" href=\"https:\/\/idakorea.ee\/en\/product\/seerum-anua-7-rice-ceramide-hydrating-barrier-serum\/\" \/>\n<meta property=\"og:locale\" content=\"en_US\" \/>\n<meta property=\"og:type\" content=\"article\" \/>\n<meta property=\"og:title\" content=\"Anua 7 Rice Ceramide Hydrating Barrier Serum - IDA.KOREA\" \/>\n<meta property=\"og:description\" content=\"Toitev barj\u00e4\u00e4rseerum riisiekstrakti ja keraamiididega. Taastab ja tugevdab naha barj\u00e4\u00e4rifunktsiooni, kaitstes seda v\u00e4liste m\u00f5jutuste eest ja ennetades niiskuskadu.\" \/>\n<meta property=\"og:url\" content=\"https:\/\/idakorea.ee\/en\/product\/seerum-anua-7-rice-ceramide-hydrating-barrier-serum\/\" \/>\n<meta property=\"og:site_name\" content=\"IDA.KOREA\" \/>\n<meta property=\"article:modified_time\" content=\"2026-01-30T14:28:14+00:00\" \/>\n<meta property=\"og:image\" content=\"https:\/\/idakorea.ee\/wp-content\/uploads\/2024\/08\/anua-rice-7-ceramide-hydrating-barrier-serum.jpg\" \/>\n\t<meta property=\"og:image:width\" content=\"1000\" \/>\n\t<meta property=\"og:image:height\" content=\"1000\" \/>\n\t<meta property=\"og:image:type\" content=\"image\/jpeg\" \/>\n<meta name=\"twitter:card\" content=\"summary_large_image\" \/>\n<meta name=\"twitter:label1\" content=\"Est. reading time\" \/>\n\t<meta name=\"twitter:data1\" content=\"2 minutes\" \/>\n<script type=\"application\/ld+json\" class=\"yoast-schema-graph\">{\"@context\":\"https:\/\/schema.org\",\"@graph\":[{\"@type\":\"WebPage\",\"@id\":\"https:\/\/idakorea.ee\/product\/seerum-anua-7-rice-ceramide-hydrating-barrier-serum\/\",\"url\":\"https:\/\/idakorea.ee\/product\/seerum-anua-7-rice-ceramide-hydrating-barrier-serum\/\",\"name\":\"Anua 7 Rice Ceramide Hydrating Barrier Serum - IDA.KOREA\",\"isPartOf\":{\"@id\":\"https:\/\/idakorea.ee\/#website\"},\"primaryImageOfPage\":{\"@id\":\"https:\/\/idakorea.ee\/product\/seerum-anua-7-rice-ceramide-hydrating-barrier-serum\/#primaryimage\"},\"image\":{\"@id\":\"https:\/\/idakorea.ee\/product\/seerum-anua-7-rice-ceramide-hydrating-barrier-serum\/#primaryimage\"},\"thumbnailUrl\":\"https:\/\/idakorea.ee\/wp-content\/uploads\/2024\/08\/anua-rice-7-ceramide-hydrating-barrier-serum.jpg\",\"datePublished\":\"2024-08-26T11:29:26+00:00\",\"dateModified\":\"2026-01-30T14:28:14+00:00\",\"description\":\"Toitev barj\u00e4\u00e4rseerum riisiekstrakti ja keraamiididega. Taastab ja tugevdab naha barj\u00e4\u00e4rifunktsiooni, kaitstes seda v\u00e4liste m\u00f5jutuste eest ja ennetades niiskuskadu.\",\"breadcrumb\":{\"@id\":\"https:\/\/idakorea.ee\/product\/seerum-anua-7-rice-ceramide-hydrating-barrier-serum\/#breadcrumb\"},\"inLanguage\":\"en-US\",\"potentialAction\":[{\"@type\":\"ReadAction\",\"target\":[\"https:\/\/idakorea.ee\/product\/seerum-anua-7-rice-ceramide-hydrating-barrier-serum\/\"]}]},{\"@type\":\"ImageObject\",\"inLanguage\":\"en-US\",\"@id\":\"https:\/\/idakorea.ee\/product\/seerum-anua-7-rice-ceramide-hydrating-barrier-serum\/#primaryimage\",\"url\":\"https:\/\/idakorea.ee\/wp-content\/uploads\/2024\/08\/anua-rice-7-ceramide-hydrating-barrier-serum.jpg\",\"contentUrl\":\"https:\/\/idakorea.ee\/wp-content\/uploads\/2024\/08\/anua-rice-7-ceramide-hydrating-barrier-serum.jpg\",\"width\":1000,\"height\":1000},{\"@type\":\"BreadcrumbList\",\"@id\":\"https:\/\/idakorea.ee\/product\/seerum-anua-7-rice-ceramide-hydrating-barrier-serum\/#breadcrumb\",\"itemListElement\":[{\"@type\":\"ListItem\",\"position\":1,\"name\":\"\u0413\u043b\u0430\u0432\u043d\u0430\u044f \u0441\u0442\u0440\u0430\u043d\u0438\u0446\u0430\",\"item\":\"https:\/\/idakorea.ee\/\"},{\"@type\":\"ListItem\",\"position\":2,\"name\":\"Shop\",\"item\":\"https:\/\/idakorea.ee\/shop-2\/\"},{\"@type\":\"ListItem\",\"position\":3,\"name\":\"Seerum Anua 7 Rice Ceramide Hydrating Barrier Serum, 50ml\"}]},{\"@type\":\"WebSite\",\"@id\":\"https:\/\/idakorea.ee\/#website\",\"url\":\"https:\/\/idakorea.ee\/\",\"name\":\"IDA.KOREA\",\"description\":\"Korea kosmeetika e-pood\",\"publisher\":{\"@id\":\"https:\/\/idakorea.ee\/#organization\"},\"alternateName\":\"Beauty Shop\",\"potentialAction\":[{\"@type\":\"SearchAction\",\"target\":{\"@type\":\"EntryPoint\",\"urlTemplate\":\"https:\/\/idakorea.ee\/?s={search_term_string}\"},\"query-input\":{\"@type\":\"PropertyValueSpecification\",\"valueRequired\":true,\"valueName\":\"search_term_string\"}}],\"inLanguage\":\"en-US\"},{\"@type\":\"Organization\",\"@id\":\"https:\/\/idakorea.ee\/#organization\",\"name\":\"IDA.KOREA\",\"url\":\"https:\/\/idakorea.ee\/\",\"logo\":{\"@type\":\"ImageObject\",\"inLanguage\":\"en-US\",\"@id\":\"https:\/\/idakorea.ee\/#\/schema\/logo\/image\/\",\"url\":\"https:\/\/idakorea.ee\/wp-content\/uploads\/2024\/05\/cropped-korea3.png\",\"contentUrl\":\"https:\/\/idakorea.ee\/wp-content\/uploads\/2024\/05\/cropped-korea3.png\",\"width\":688,\"height\":126,\"caption\":\"IDA.KOREA\"},\"image\":{\"@id\":\"https:\/\/idakorea.ee\/#\/schema\/logo\/image\/\"},\"sameAs\":[\"https:\/\/www.instagram.com\/ida.korea\/\"]}]}<\/script>\n<!-- \/ Yoast SEO plugin. -->","yoast_head_json":{"title":"Anua 7 Rice Ceramide Hydrating Barrier Serum - IDA.KOREA","description":"Nourishing barrier serum with rice extract and ceramides. Restores and strengthens the skin's barrier function, protecting it from external aggressions and preventing moisture loss.","robots":{"index":"index","follow":"follow","max-snippet":"max-snippet:-1","max-image-preview":"max-image-preview:large","max-video-preview":"max-video-preview:-1"},"canonical":"https:\/\/idakorea.ee\/en\/product\/seerum-anua-7-rice-ceramide-hydrating-barrier-serum\/","og_locale":"en_US","og_type":"article","og_title":"Anua 7 Rice Ceramide Hydrating Barrier Serum - IDA.KOREA","og_description":"Toitev barj\u00e4\u00e4rseerum riisiekstrakti ja keraamiididega. Taastab ja tugevdab naha barj\u00e4\u00e4rifunktsiooni, kaitstes seda v\u00e4liste m\u00f5jutuste eest ja ennetades niiskuskadu.","og_url":"https:\/\/idakorea.ee\/en\/product\/seerum-anua-7-rice-ceramide-hydrating-barrier-serum\/","og_site_name":"IDA.KOREA","article_modified_time":"2026-01-30T14:28:14+00:00","og_image":[{"width":1000,"height":1000,"url":"https:\/\/idakorea.ee\/wp-content\/uploads\/2024\/08\/anua-rice-7-ceramide-hydrating-barrier-serum.jpg","type":"image\/jpeg"}],"twitter_card":"summary_large_image","twitter_misc":{"Est. reading time":"2 minutes"},"schema":{"@context":"https:\/\/schema.org","@graph":[{"@type":"WebPage","@id":"https:\/\/idakorea.ee\/product\/seerum-anua-7-rice-ceramide-hydrating-barrier-serum\/","url":"https:\/\/idakorea.ee\/product\/seerum-anua-7-rice-ceramide-hydrating-barrier-serum\/","name":"Anua 7 Rice Ceramide Hydrating Barrier Serum - IDA.KOREA","isPartOf":{"@id":"https:\/\/idakorea.ee\/#website"},"primaryImageOfPage":{"@id":"https:\/\/idakorea.ee\/product\/seerum-anua-7-rice-ceramide-hydrating-barrier-serum\/#primaryimage"},"image":{"@id":"https:\/\/idakorea.ee\/product\/seerum-anua-7-rice-ceramide-hydrating-barrier-serum\/#primaryimage"},"thumbnailUrl":"https:\/\/idakorea.ee\/wp-content\/uploads\/2024\/08\/anua-rice-7-ceramide-hydrating-barrier-serum.jpg","datePublished":"2024-08-26T11:29:26+00:00","dateModified":"2026-01-30T14:28:14+00:00","description":"Nourishing barrier serum with rice extract and ceramides. Restores and strengthens the skin's barrier function, protecting it from external aggressions and preventing moisture loss.","breadcrumb":{"@id":"https:\/\/idakorea.ee\/product\/seerum-anua-7-rice-ceramide-hydrating-barrier-serum\/#breadcrumb"},"inLanguage":"en-US","potentialAction":[{"@type":"ReadAction","target":["https:\/\/idakorea.ee\/product\/seerum-anua-7-rice-ceramide-hydrating-barrier-serum\/"]}]},{"@type":"ImageObject","inLanguage":"en-US","@id":"https:\/\/idakorea.ee\/product\/seerum-anua-7-rice-ceramide-hydrating-barrier-serum\/#primaryimage","url":"https:\/\/idakorea.ee\/wp-content\/uploads\/2024\/08\/anua-rice-7-ceramide-hydrating-barrier-serum.jpg","contentUrl":"https:\/\/idakorea.ee\/wp-content\/uploads\/2024\/08\/anua-rice-7-ceramide-hydrating-barrier-serum.jpg","width":1000,"height":1000},{"@type":"BreadcrumbList","@id":"https:\/\/idakorea.ee\/product\/seerum-anua-7-rice-ceramide-hydrating-barrier-serum\/#breadcrumb","itemListElement":[{"@type":"ListItem","position":1,"name":"\u0413\u043b\u0430\u0432\u043d\u0430\u044f \u0441\u0442\u0440\u0430\u043d\u0438\u0446\u0430","item":"https:\/\/idakorea.ee\/"},{"@type":"ListItem","position":2,"name":"Shop","item":"https:\/\/idakorea.ee\/shop-2\/"},{"@type":"ListItem","position":3,"name":"Seerum Anua 7 Rice Ceramide Hydrating Barrier Serum, 50ml"}]},{"@type":"WebSite","@id":"https:\/\/idakorea.ee\/#website","url":"https:\/\/idakorea.ee\/","name":"IDA.KOREA","description":"Korean cosmetics e-shop","publisher":{"@id":"https:\/\/idakorea.ee\/#organization"},"alternateName":"Beauty Shop","potentialAction":[{"@type":"SearchAction","target":{"@type":"EntryPoint","urlTemplate":"https:\/\/idakorea.ee\/?s={search_term_string}"},"query-input":{"@type":"PropertyValueSpecification","valueRequired":true,"valueName":"search_term_string"}}],"inLanguage":"en-US"},{"@type":"Organization","@id":"https:\/\/idakorea.ee\/#organization","name":"IDA.KOREA","url":"https:\/\/idakorea.ee\/","logo":{"@type":"ImageObject","inLanguage":"en-US","@id":"https:\/\/idakorea.ee\/#\/schema\/logo\/image\/","url":"https:\/\/idakorea.ee\/wp-content\/uploads\/2024\/05\/cropped-korea3.png","contentUrl":"https:\/\/idakorea.ee\/wp-content\/uploads\/2024\/05\/cropped-korea3.png","width":688,"height":126,"caption":"IDA.KOREA"},"image":{"@id":"https:\/\/idakorea.ee\/#\/schema\/logo\/image\/"},"sameAs":["https:\/\/www.instagram.com\/ida.korea\/"]}]}},"jetpack_sharing_enabled":true,"brands":[{"id":104,"name":"ANUA","slug":"anua"}],"_links":{"self":[{"href":"https:\/\/idakorea.ee\/en\/wp-json\/wp\/v2\/product\/10192","targetHints":{"allow":["GET"]}}],"collection":[{"href":"https:\/\/idakorea.ee\/en\/wp-json\/wp\/v2\/product"}],"about":[{"href":"https:\/\/idakorea.ee\/en\/wp-json\/wp\/v2\/types\/product"}],"replies":[{"embeddable":true,"href":"https:\/\/idakorea.ee\/en\/wp-json\/wp\/v2\/comments?post=10192"}],"version-history":[{"count":3,"href":"https:\/\/idakorea.ee\/en\/wp-json\/wp\/v2\/product\/10192\/revisions"}],"predecessor-version":[{"id":17308,"href":"https:\/\/idakorea.ee\/en\/wp-json\/wp\/v2\/product\/10192\/revisions\/17308"}],"wp:featuredmedia":[{"embeddable":true,"href":"https:\/\/idakorea.ee\/en\/wp-json\/wp\/v2\/media\/12336"}],"wp:attachment":[{"href":"https:\/\/idakorea.ee\/en\/wp-json\/wp\/v2\/media?parent=10192"}],"wp:term":[{"taxonomy":"pwb-brand","embeddable":true,"href":"https:\/\/idakorea.ee\/en\/wp-json\/wp\/v2\/pwb-brand?post=10192"},{"taxonomy":"product_brand","embeddable":true,"href":"https:\/\/idakorea.ee\/en\/wp-json\/wp\/v2\/product_brand?post=10192"},{"taxonomy":"product_cat","embeddable":true,"href":"https:\/\/idakorea.ee\/en\/wp-json\/wp\/v2\/product_cat?post=10192"},{"taxonomy":"product_tag","embeddable":true,"href":"https:\/\/idakorea.ee\/en\/wp-json\/wp\/v2\/product_tag?post=10192"}],"curies":[{"name":"wp","href":"https:\/\/api.w.org\/{rel}","templated":true}]}}