{"id":10206,"date":"2024-08-27T13:41:00","date_gmt":"2024-08-27T10:41:00","guid":{"rendered":"https:\/\/idakorea.ee\/?post_type=product&#038;p=10206"},"modified":"2026-04-15T00:25:02","modified_gmt":"2026-04-14T22:25:02","slug":"paikesekaitse-seerum-skin1004-madagascar-centella-hyalu-cica-water-fit-50ml","status":"publish","type":"product","link":"https:\/\/idakorea.ee\/en\/product\/paikesekaitse-seerum-skin1004-madagascar-centella-hyalu-cica-water-fit-50ml\/","title":{"rendered":"SKIN1004 Madagascar Centella Hyalu-Cica Water-Fit, 50ml"},"content":{"rendered":"<p><strong>SKIN1004 Madagascar Centella Hyalu-Cica Water-Fit<\/strong> SPF50+ PA++++ sunscreen serum soothes, refreshes and hydrates the skin, creating an invisible barrier that protects against UVA and UVB rays.<\/p>\n<p>The serum's light texture absorbs quickly, leaving no sticky feeling or white lines. The product prevents dryness and dryness, maintains elasticity and smoothness and is suitable for sensitive skin. The convenient dispenser allows easy application.<\/p>\n<p>The main ingredient is the moisturizing complex Hyalu-Cica, which consists of Asian watercress extract and hyaluronic acid. Hyalu-Cica restores moisture balance, soothes irritation and redness, strengthens the skin's natural protective barrier and supports skin health. The Asian water-naba extract used in SKIN1004 products is collected in an ecologically clean area of Madagascar and extracted using a cold extraction method that helps to maximise the retention of beneficial substances.<\/p>\n<p>The formulation contains safe, photostable, new generation chemical filters that protect against ultraviolet rays for up to 8 hours in urban conditions:<\/p>\n<ul>\n<li><strong>Uvinul A Plus (Diethylamino Hydroxybenzoyl Hexyl Benzoate)<\/strong> protects against UVA rays.<\/li>\n<li><strong>Tinosorb M (Methylene bis-benzotriazolyl tetramethylbutylphenol)<\/strong> protects against both UVA and UVB rays. It works in a mixed mode, absorbing and reflecting ultraviolet rays.<\/li>\n<li><strong>Iscotrizinol\/Uvasorb HEB (Diethylhexyl Butamido Triazone)<\/strong> is a broad-spectrum filter with ultra-high photostability that protects against both UVA and UVB radiation, losing only about 10% of its properties in 25 hours.<\/li>\n<\/ul>\n<p><strong>Additional active substances:<\/strong><\/p>\n<ul>\n<li><strong>Niacinamide (vitamin B3)<\/strong> prevents skin shine, regulates sebum production, brightens and prevents the formation of new pigmentation spots and increases collagen production.<\/li>\n<li><strong>Adenos<\/strong> is a powerful anti-ageing ingredient that stimulates collagen production, increases elasticity and density, tightens and smoothes the skin and slows down the ageing process.<\/li>\n<li><strong>Gooseberry and birch leaf extract<\/strong> has antioxidant properties, protects the epidermis against external irritants and enhances the skin's protective functions.<\/li>\n<li><strong>Gingko biloba leaf extract<\/strong> softens, inhibits inflammation, has antibacterial action, accelerates regeneration and stimulates collagen synthesis, thus reducing the visibility of wrinkles.<\/li>\n<li><strong>Green tea leaf extract<\/strong> tones, helps to fight oxidation processes by protecting cells, reduces swelling and normalises fat production.<\/li>\n<li><strong>Wheat germ extract<\/strong> promotes tissue regeneration, softens, nourishes, actively heals, cleanses and has anti-inflammatory and antioxidant properties.<\/li>\n<li><strong>Broccoli extract<\/strong> Contains vitamins A and C, prevents pigmentation and wrinkles, provides a gentle glow and has anti-ageing properties.<\/li>\n<li><strong>Rocket extract<\/strong> enriches with minerals and antioxidants, heals wounds and microfractures and inhibits the growth of harmful bacteria.<\/li>\n<\/ul>\n<p>&nbsp;<\/p>\n<p>Suitable for normal, combination, dry and sensitive skin.<\/p>\n<p><strong>User manual:<\/strong> After the daily care steps, apply approximately 1.2 ml of the product to the face, neck and other exposed skin areas 15-20 minutes before going outdoors. During direct sun exposure (e.g. at the beach), top up every 2 hours.<\/p>","protected":false},"excerpt":{"rendered":"<p>SKIN1004 Madagascar Centella Hyalu-Cica Water-Fit Sunscreen Serum SPF50+ PA++++ soothes, refreshes and hydrates the skin, creating an invisible barrier to protect against UVA and UVB rays. The serum's lightweight texture absorbs quickly, leaving no stickiness or white lines. The product prevents dryness and dryness, maintains elasticity and smoothness and is suitable for sensitive skin. The convenient dispenser packaging allows for...<\/p>","protected":false},"featured_media":10207,"comment_status":"open","ping_status":"closed","template":"","meta":{"_uf_show_specific_survey":0,"_uf_disable_surveys":false,"_bst_post_transparent":"default","_bst_post_title":"","_bst_post_layout":"default","_bst_post_sidebar_id":"","_bst_post_content_style":"default","_bst_post_vertical_padding":"default","_bst_post_feature":"","_bst_post_feature_position":"","_bst_post_header":false,"_bst_post_footer":false},"pwb-brand":[186],"product_brand":[],"product_cat":[92,101],"product_tag":[546,587,589,588],"class_list":{"0":"post-10206","1":"product","2":"type-product","3":"status-publish","4":"has-post-thumbnail","6":"pwb-brand-skin1004","7":"product_cat-nagu","8":"product_cat-paikesekaitse","9":"product_tag-centella","10":"product_tag-skin-1004","11":"product_tag-suncream","12":"product_tag-water-fit-sun-serum","14":"first","15":"instock","16":"sale","17":"shipping-taxable","18":"purchasable","19":"product-type-simple","20":"entry","21":"content-bg","22":"loop-entry"},"supplier_id":null,"supplier_sku":"","barcode":null,"atum_controlled":true,"out_stock_date":null,"out_stock_threshold":null,"inheritable":false,"inbound_stock":0,"stock_on_hold":0,"sold_today":1,"sales_last_days":4,"out_stock_days":0,"lost_sales":0,"has_location":false,"update_date":"2026-04-14T23:45:40","atum_locations":[],"atum_stock_status":"instock","restock_status":false,"low_stock_amount":"","sales_update_date":"2026-04-14T23:45:40","calc_backorders":null,"yoast_head":"<!-- This site is optimized with the Yoast SEO plugin v27.2 - https:\/\/yoast.com\/product\/yoast-seo-wordpress\/ -->\n<title>P\u00e4ikesekaitse seerum SKIN1004 Madagascar Centella Hyalu-Cica Water-Fit, 50ml - IDA.KOREA<\/title>\n<meta name=\"description\" content=\"SKIN1004 Madagascar Centella Hyalu-Cica Water-Fit rahustab, v\u00e4rskendab ja niisutab nahka, luues n\u00e4htamatu barj\u00e4\u00e4ri, mis kaitseb UVA- ja UVB-kiirguse eest.\" \/>\n<meta name=\"robots\" content=\"index, follow, max-snippet:-1, max-image-preview:large, max-video-preview:-1\" \/>\n<link rel=\"canonical\" href=\"https:\/\/idakorea.ee\/en\/product\/paikesekaitse-seerum-skin1004-madagascar-centella-hyalu-cica-water-fit-50ml\/\" \/>\n<meta property=\"og:locale\" content=\"en_US\" \/>\n<meta property=\"og:type\" content=\"article\" \/>\n<meta property=\"og:title\" content=\"P\u00e4ikesekaitse seerum SKIN1004 Madagascar Centella Hyalu-Cica Water-Fit, 50ml - IDA.KOREA\" \/>\n<meta property=\"og:description\" content=\"SKIN1004 Madagascar Centella Hyalu-Cica Water-Fit rahustab, v\u00e4rskendab ja niisutab nahka, luues n\u00e4htamatu barj\u00e4\u00e4ri, mis kaitseb UVA- ja UVB-kiirguse eest.\" \/>\n<meta property=\"og:url\" content=\"https:\/\/idakorea.ee\/en\/product\/paikesekaitse-seerum-skin1004-madagascar-centella-hyalu-cica-water-fit-50ml\/\" \/>\n<meta property=\"og:site_name\" content=\"IDA.KOREA\" \/>\n<meta property=\"article:modified_time\" content=\"2026-04-14T22:25:02+00:00\" \/>\n<meta property=\"og:image\" content=\"https:\/\/idakorea.ee\/wp-content\/uploads\/2024\/08\/skin1004-madagascar-centella-hyalu_cica-water_fit-sun-serum-spf50_-pa_.jpg\" \/>\n\t<meta property=\"og:image:width\" content=\"1000\" \/>\n\t<meta property=\"og:image:height\" content=\"1000\" \/>\n\t<meta property=\"og:image:type\" content=\"image\/jpeg\" \/>\n<meta name=\"twitter:card\" content=\"summary_large_image\" \/>\n<meta name=\"twitter:label1\" content=\"Est. reading time\" \/>\n\t<meta name=\"twitter:data1\" content=\"3 minutes\" \/>\n<script type=\"application\/ld+json\" class=\"yoast-schema-graph\">{\"@context\":\"https:\/\/schema.org\",\"@graph\":[{\"@type\":\"WebPage\",\"@id\":\"https:\/\/idakorea.ee\/product\/paikesekaitse-seerum-skin1004-madagascar-centella-hyalu-cica-water-fit-50ml\/\",\"url\":\"https:\/\/idakorea.ee\/product\/paikesekaitse-seerum-skin1004-madagascar-centella-hyalu-cica-water-fit-50ml\/\",\"name\":\"P\u00e4ikesekaitse seerum SKIN1004 Madagascar Centella Hyalu-Cica Water-Fit, 50ml - IDA.KOREA\",\"isPartOf\":{\"@id\":\"https:\/\/idakorea.ee\/#website\"},\"primaryImageOfPage\":{\"@id\":\"https:\/\/idakorea.ee\/product\/paikesekaitse-seerum-skin1004-madagascar-centella-hyalu-cica-water-fit-50ml\/#primaryimage\"},\"image\":{\"@id\":\"https:\/\/idakorea.ee\/product\/paikesekaitse-seerum-skin1004-madagascar-centella-hyalu-cica-water-fit-50ml\/#primaryimage\"},\"thumbnailUrl\":\"https:\/\/idakorea.ee\/wp-content\/uploads\/2024\/08\/skin1004-madagascar-centella-hyalu_cica-water_fit-sun-serum-spf50_-pa_.jpg\",\"datePublished\":\"2024-08-27T10:41:00+00:00\",\"dateModified\":\"2026-04-14T22:25:02+00:00\",\"description\":\"SKIN1004 Madagascar Centella Hyalu-Cica Water-Fit rahustab, v\u00e4rskendab ja niisutab nahka, luues n\u00e4htamatu barj\u00e4\u00e4ri, mis kaitseb UVA- ja UVB-kiirguse eest.\",\"breadcrumb\":{\"@id\":\"https:\/\/idakorea.ee\/product\/paikesekaitse-seerum-skin1004-madagascar-centella-hyalu-cica-water-fit-50ml\/#breadcrumb\"},\"inLanguage\":\"en-US\",\"potentialAction\":[{\"@type\":\"ReadAction\",\"target\":[\"https:\/\/idakorea.ee\/product\/paikesekaitse-seerum-skin1004-madagascar-centella-hyalu-cica-water-fit-50ml\/\"]}]},{\"@type\":\"ImageObject\",\"inLanguage\":\"en-US\",\"@id\":\"https:\/\/idakorea.ee\/product\/paikesekaitse-seerum-skin1004-madagascar-centella-hyalu-cica-water-fit-50ml\/#primaryimage\",\"url\":\"https:\/\/idakorea.ee\/wp-content\/uploads\/2024\/08\/skin1004-madagascar-centella-hyalu_cica-water_fit-sun-serum-spf50_-pa_.jpg\",\"contentUrl\":\"https:\/\/idakorea.ee\/wp-content\/uploads\/2024\/08\/skin1004-madagascar-centella-hyalu_cica-water_fit-sun-serum-spf50_-pa_.jpg\",\"width\":1000,\"height\":1000},{\"@type\":\"BreadcrumbList\",\"@id\":\"https:\/\/idakorea.ee\/product\/paikesekaitse-seerum-skin1004-madagascar-centella-hyalu-cica-water-fit-50ml\/#breadcrumb\",\"itemListElement\":[{\"@type\":\"ListItem\",\"position\":1,\"name\":\"\u0413\u043b\u0430\u0432\u043d\u0430\u044f \u0441\u0442\u0440\u0430\u043d\u0438\u0446\u0430\",\"item\":\"https:\/\/idakorea.ee\/\"},{\"@type\":\"ListItem\",\"position\":2,\"name\":\"Shop\",\"item\":\"https:\/\/idakorea.ee\/shop-2\/\"},{\"@type\":\"ListItem\",\"position\":3,\"name\":\"P\u00e4ikesekaitse seerum SKIN1004 Madagascar Centella Hyalu-Cica Water-Fit, 50ml\"}]},{\"@type\":\"WebSite\",\"@id\":\"https:\/\/idakorea.ee\/#website\",\"url\":\"https:\/\/idakorea.ee\/\",\"name\":\"IDA.KOREA\",\"description\":\"Korea kosmeetika e-pood\",\"publisher\":{\"@id\":\"https:\/\/idakorea.ee\/#organization\"},\"alternateName\":\"Beauty Shop\",\"potentialAction\":[{\"@type\":\"SearchAction\",\"target\":{\"@type\":\"EntryPoint\",\"urlTemplate\":\"https:\/\/idakorea.ee\/?s={search_term_string}\"},\"query-input\":{\"@type\":\"PropertyValueSpecification\",\"valueRequired\":true,\"valueName\":\"search_term_string\"}}],\"inLanguage\":\"en-US\"},{\"@type\":\"Organization\",\"@id\":\"https:\/\/idakorea.ee\/#organization\",\"name\":\"IDA.KOREA\",\"url\":\"https:\/\/idakorea.ee\/\",\"logo\":{\"@type\":\"ImageObject\",\"inLanguage\":\"en-US\",\"@id\":\"https:\/\/idakorea.ee\/#\/schema\/logo\/image\/\",\"url\":\"https:\/\/idakorea.ee\/wp-content\/uploads\/2024\/05\/cropped-korea3.png\",\"contentUrl\":\"https:\/\/idakorea.ee\/wp-content\/uploads\/2024\/05\/cropped-korea3.png\",\"width\":688,\"height\":126,\"caption\":\"IDA.KOREA\"},\"image\":{\"@id\":\"https:\/\/idakorea.ee\/#\/schema\/logo\/image\/\"},\"sameAs\":[\"https:\/\/www.instagram.com\/ida.korea\/\"]}]}<\/script>\n<!-- \/ Yoast SEO plugin. -->","yoast_head_json":{"title":"Sun protection serum SKIN1004 Madagascar Centella Hyalu-Cica Water-Fit, 50ml - IDA.KOREA","description":"SKIN1004 Madagascar Centella Hyalu-Cica Water-Fit soothes, refreshes and hydrates the skin, creating an invisible barrier that protects against UVA and UVB rays.","robots":{"index":"index","follow":"follow","max-snippet":"max-snippet:-1","max-image-preview":"max-image-preview:large","max-video-preview":"max-video-preview:-1"},"canonical":"https:\/\/idakorea.ee\/en\/product\/paikesekaitse-seerum-skin1004-madagascar-centella-hyalu-cica-water-fit-50ml\/","og_locale":"en_US","og_type":"article","og_title":"P\u00e4ikesekaitse seerum SKIN1004 Madagascar Centella Hyalu-Cica Water-Fit, 50ml - IDA.KOREA","og_description":"SKIN1004 Madagascar Centella Hyalu-Cica Water-Fit rahustab, v\u00e4rskendab ja niisutab nahka, luues n\u00e4htamatu barj\u00e4\u00e4ri, mis kaitseb UVA- ja UVB-kiirguse eest.","og_url":"https:\/\/idakorea.ee\/en\/product\/paikesekaitse-seerum-skin1004-madagascar-centella-hyalu-cica-water-fit-50ml\/","og_site_name":"IDA.KOREA","article_modified_time":"2026-04-14T22:25:02+00:00","og_image":[{"width":1000,"height":1000,"url":"https:\/\/idakorea.ee\/wp-content\/uploads\/2024\/08\/skin1004-madagascar-centella-hyalu_cica-water_fit-sun-serum-spf50_-pa_.jpg","type":"image\/jpeg"}],"twitter_card":"summary_large_image","twitter_misc":{"Est. reading time":"3 minutes"},"schema":{"@context":"https:\/\/schema.org","@graph":[{"@type":"WebPage","@id":"https:\/\/idakorea.ee\/product\/paikesekaitse-seerum-skin1004-madagascar-centella-hyalu-cica-water-fit-50ml\/","url":"https:\/\/idakorea.ee\/product\/paikesekaitse-seerum-skin1004-madagascar-centella-hyalu-cica-water-fit-50ml\/","name":"Sun protection serum SKIN1004 Madagascar Centella Hyalu-Cica Water-Fit, 50ml - IDA.KOREA","isPartOf":{"@id":"https:\/\/idakorea.ee\/#website"},"primaryImageOfPage":{"@id":"https:\/\/idakorea.ee\/product\/paikesekaitse-seerum-skin1004-madagascar-centella-hyalu-cica-water-fit-50ml\/#primaryimage"},"image":{"@id":"https:\/\/idakorea.ee\/product\/paikesekaitse-seerum-skin1004-madagascar-centella-hyalu-cica-water-fit-50ml\/#primaryimage"},"thumbnailUrl":"https:\/\/idakorea.ee\/wp-content\/uploads\/2024\/08\/skin1004-madagascar-centella-hyalu_cica-water_fit-sun-serum-spf50_-pa_.jpg","datePublished":"2024-08-27T10:41:00+00:00","dateModified":"2026-04-14T22:25:02+00:00","description":"SKIN1004 Madagascar Centella Hyalu-Cica Water-Fit soothes, refreshes and hydrates the skin, creating an invisible barrier that protects against UVA and UVB rays.","breadcrumb":{"@id":"https:\/\/idakorea.ee\/product\/paikesekaitse-seerum-skin1004-madagascar-centella-hyalu-cica-water-fit-50ml\/#breadcrumb"},"inLanguage":"en-US","potentialAction":[{"@type":"ReadAction","target":["https:\/\/idakorea.ee\/product\/paikesekaitse-seerum-skin1004-madagascar-centella-hyalu-cica-water-fit-50ml\/"]}]},{"@type":"ImageObject","inLanguage":"en-US","@id":"https:\/\/idakorea.ee\/product\/paikesekaitse-seerum-skin1004-madagascar-centella-hyalu-cica-water-fit-50ml\/#primaryimage","url":"https:\/\/idakorea.ee\/wp-content\/uploads\/2024\/08\/skin1004-madagascar-centella-hyalu_cica-water_fit-sun-serum-spf50_-pa_.jpg","contentUrl":"https:\/\/idakorea.ee\/wp-content\/uploads\/2024\/08\/skin1004-madagascar-centella-hyalu_cica-water_fit-sun-serum-spf50_-pa_.jpg","width":1000,"height":1000},{"@type":"BreadcrumbList","@id":"https:\/\/idakorea.ee\/product\/paikesekaitse-seerum-skin1004-madagascar-centella-hyalu-cica-water-fit-50ml\/#breadcrumb","itemListElement":[{"@type":"ListItem","position":1,"name":"\u0413\u043b\u0430\u0432\u043d\u0430\u044f \u0441\u0442\u0440\u0430\u043d\u0438\u0446\u0430","item":"https:\/\/idakorea.ee\/"},{"@type":"ListItem","position":2,"name":"Shop","item":"https:\/\/idakorea.ee\/shop-2\/"},{"@type":"ListItem","position":3,"name":"P\u00e4ikesekaitse seerum SKIN1004 Madagascar Centella Hyalu-Cica Water-Fit, 50ml"}]},{"@type":"WebSite","@id":"https:\/\/idakorea.ee\/#website","url":"https:\/\/idakorea.ee\/","name":"IDA.KOREA","description":"Korean cosmetics e-shop","publisher":{"@id":"https:\/\/idakorea.ee\/#organization"},"alternateName":"Beauty Shop","potentialAction":[{"@type":"SearchAction","target":{"@type":"EntryPoint","urlTemplate":"https:\/\/idakorea.ee\/?s={search_term_string}"},"query-input":{"@type":"PropertyValueSpecification","valueRequired":true,"valueName":"search_term_string"}}],"inLanguage":"en-US"},{"@type":"Organization","@id":"https:\/\/idakorea.ee\/#organization","name":"IDA.KOREA","url":"https:\/\/idakorea.ee\/","logo":{"@type":"ImageObject","inLanguage":"en-US","@id":"https:\/\/idakorea.ee\/#\/schema\/logo\/image\/","url":"https:\/\/idakorea.ee\/wp-content\/uploads\/2024\/05\/cropped-korea3.png","contentUrl":"https:\/\/idakorea.ee\/wp-content\/uploads\/2024\/05\/cropped-korea3.png","width":688,"height":126,"caption":"IDA.KOREA"},"image":{"@id":"https:\/\/idakorea.ee\/#\/schema\/logo\/image\/"},"sameAs":["https:\/\/www.instagram.com\/ida.korea\/"]}]}},"jetpack_sharing_enabled":true,"brands":[{"id":186,"name":"SKIN1004","slug":"skin1004"}],"_links":{"self":[{"href":"https:\/\/idakorea.ee\/en\/wp-json\/wp\/v2\/product\/10206","targetHints":{"allow":["GET"]}}],"collection":[{"href":"https:\/\/idakorea.ee\/en\/wp-json\/wp\/v2\/product"}],"about":[{"href":"https:\/\/idakorea.ee\/en\/wp-json\/wp\/v2\/types\/product"}],"replies":[{"embeddable":true,"href":"https:\/\/idakorea.ee\/en\/wp-json\/wp\/v2\/comments?post=10206"}],"version-history":[{"count":2,"href":"https:\/\/idakorea.ee\/en\/wp-json\/wp\/v2\/product\/10206\/revisions"}],"predecessor-version":[{"id":10589,"href":"https:\/\/idakorea.ee\/en\/wp-json\/wp\/v2\/product\/10206\/revisions\/10589"}],"wp:featuredmedia":[{"embeddable":true,"href":"https:\/\/idakorea.ee\/en\/wp-json\/wp\/v2\/media\/10207"}],"wp:attachment":[{"href":"https:\/\/idakorea.ee\/en\/wp-json\/wp\/v2\/media?parent=10206"}],"wp:term":[{"taxonomy":"pwb-brand","embeddable":true,"href":"https:\/\/idakorea.ee\/en\/wp-json\/wp\/v2\/pwb-brand?post=10206"},{"taxonomy":"product_brand","embeddable":true,"href":"https:\/\/idakorea.ee\/en\/wp-json\/wp\/v2\/product_brand?post=10206"},{"taxonomy":"product_cat","embeddable":true,"href":"https:\/\/idakorea.ee\/en\/wp-json\/wp\/v2\/product_cat?post=10206"},{"taxonomy":"product_tag","embeddable":true,"href":"https:\/\/idakorea.ee\/en\/wp-json\/wp\/v2\/product_tag?post=10206"}],"curies":[{"name":"wp","href":"https:\/\/api.w.org\/{rel}","templated":true}]}}