{"id":10211,"date":"2024-08-27T13:50:10","date_gmt":"2024-08-27T10:50:10","guid":{"rendered":"https:\/\/idakorea.ee\/?post_type=product&#038;p=10211"},"modified":"2026-01-30T16:27:49","modified_gmt":"2026-01-30T14:27:49","slug":"kerge-mineraalne-paikesekaitsekreem-anua-airy-sun-cream-spf50-pa-50ml","status":"publish","type":"product","link":"https:\/\/idakorea.ee\/en\/product\/kerge-mineraalne-paikesekaitsekreem-anua-airy-sun-cream-spf50-pa-50ml\/","title":{"rendered":"Anua Airy Sun Cream SPF50+ PA++++, 50ml"},"content":{"rendered":"<p>Light mineral sunscreen <strong>Anua Airy Sun Cream SPF50+ PA++++<\/strong>, based on physical filters, creates a protective barrier on the skin. Thanks to the zinc oxide, the product reflects all types of solar radiation like a mirror, preventing photodamage and sunburns, including on photosensitive skin. Zinc oxide also has an anti-inflammatory effect, soothing skin irritation and redness.<\/p>\n<p>The product offers maximum comfort in terms of ease of use, thanks to natural ingredients that moisturise and soften the skin, reduce its sensitivity and prevent dehydration. The plant extracts work in a complex to normalise sebum production and prevent acne.<\/p>\n<p><strong>Main active ingredients:<\/strong><\/p>\n<ul>\n<li><strong>Asian water-lily extract<\/strong> reduces redness and irritation, strengthens blood vessel walls, reduces the visibility of couperose and increases skin elasticity.<\/li>\n<li><strong>Houttuynia extract<\/strong> eliminates inflammation, promotes healing of micro-injuries, soothes irritation and reduces skin reactivity.<\/li>\n<li><strong>Green tea extract<\/strong> helps the skin to fight oxidation processes, protects cells, reduces swelling and normalises sebum production.<\/li>\n<li><strong>Dandelion extract<\/strong> has bactericidal, antiseptic and anti-inflammatory properties. Normalises the hydrolipidic balance, treats acne and acts as a powerful antioxidant.<\/li>\n<li><strong>Tocopherol<\/strong> protects the skin from the sun and protects cells from the damaging effects of free radicals.<\/li>\n<\/ul>\n<p>&nbsp;<\/p>\n<p>Suitable for all skin types.<\/p>\n<p><strong>User manual:<\/strong> Use as a final phase of daily care, apply and distribute approximately 1.2 ml of the product on the face and neck. Reapply every 2 to 3 hours, especially during prolonged exposure to the sun.<\/p>","protected":false},"excerpt":{"rendered":"<p>Anua Airy Sun Cream SPF50+ PA++++, a lightweight mineral sunscreen based on natural filters, creates a protective barrier on the skin. Thanks to zinc oxide, the product reflects all types of sun rays like a mirror, preventing photodamage and sunburns, including on photosensitive skin. Zinc oxide also has an anti-inflammatory effect, soothing skin irritation and redness. In terms of ease of use, the product offers maximum comfort thanks to the natural ingredients, which...<\/p>","protected":false},"featured_media":15506,"comment_status":"open","ping_status":"closed","template":"","meta":{"_uf_show_specific_survey":0,"_uf_disable_surveys":false,"_bst_post_transparent":"default","_bst_post_title":"","_bst_post_layout":"default","_bst_post_sidebar_id":"","_bst_post_content_style":"default","_bst_post_vertical_padding":"default","_bst_post_feature":"","_bst_post_feature_position":"","_bst_post_header":false,"_bst_post_footer":false},"pwb-brand":[104],"product_brand":[],"product_cat":[92,101],"product_tag":[590],"class_list":{"0":"post-10211","1":"product","2":"type-product","3":"status-publish","4":"has-post-thumbnail","6":"pwb-brand-anua","7":"product_cat-nagu","8":"product_cat-paikesekaitse","9":"product_tag-anua-sun-cream","11":"first","12":"instock","13":"sale","14":"shipping-taxable","15":"purchasable","16":"product-type-simple","17":"entry","18":"content-bg","19":"loop-entry"},"supplier_id":null,"supplier_sku":"","barcode":null,"atum_controlled":true,"out_stock_date":null,"out_stock_threshold":null,"inheritable":false,"inbound_stock":0,"stock_on_hold":0,"sold_today":0,"sales_last_days":0,"out_stock_days":0,"lost_sales":0,"has_location":false,"update_date":"2026-04-14T00:05:04","atum_locations":[],"atum_stock_status":"instock","restock_status":false,"low_stock_amount":"","sales_update_date":"2026-04-14T00:05:04","calc_backorders":null,"yoast_head":"<!-- This site is optimized with the Yoast SEO plugin v27.2 - https:\/\/yoast.com\/product\/yoast-seo-wordpress\/ -->\n<title>Kerge mineraalne p\u00e4ikesekaitsekreem Anua Airy Sun Cream SPF50+ PA++++, 50ml - IDA.KOREA<\/title>\n<meta name=\"robots\" content=\"index, follow, max-snippet:-1, max-image-preview:large, max-video-preview:-1\" \/>\n<link rel=\"canonical\" href=\"https:\/\/idakorea.ee\/en\/product\/kerge-mineraalne-paikesekaitsekreem-anua-airy-sun-cream-spf50-pa-50ml\/\" \/>\n<meta property=\"og:locale\" content=\"en_US\" \/>\n<meta property=\"og:type\" content=\"article\" \/>\n<meta property=\"og:title\" content=\"Kerge mineraalne p\u00e4ikesekaitsekreem Anua Airy Sun Cream SPF50+ PA++++, 50ml - IDA.KOREA\" \/>\n<meta property=\"og:description\" content=\"Kerge mineraalne p\u00e4ikesekaitsekreem Anua Airy Sun Cream SPF50+ PA++++, mis p\u00f5hineb f\u00fc\u00fcsilistel filtritel, loob nahale kaitsebarj\u00e4\u00e4ri. T\u00e4nu tsinkoksiidile peegeldab toode nagu peegel k\u00f5iki p\u00e4ikese kiirguse t\u00fc\u00fcpe, ennetades fotovananemist ja p\u00e4ikesep\u00f5letusi, sealhulgas ka valgusele tundlikul nahal. Tsinkoksiidil on ka p\u00f5letikuvastane toime, leevendab naha \u00e4rritust ja punetust. Toode on kasutamismugavuse osas maksimaalselt mugav t\u00e4nu looduslikele koostisosadele, mis...\" \/>\n<meta property=\"og:url\" content=\"https:\/\/idakorea.ee\/en\/product\/kerge-mineraalne-paikesekaitsekreem-anua-airy-sun-cream-spf50-pa-50ml\/\" \/>\n<meta property=\"og:site_name\" content=\"IDA.KOREA\" \/>\n<meta property=\"article:modified_time\" content=\"2026-01-30T14:27:49+00:00\" \/>\n<meta property=\"og:image\" content=\"https:\/\/idakorea.ee\/wp-content\/uploads\/2024\/08\/anua-spf50-airy-idakorea.webp\" \/>\n\t<meta property=\"og:image:width\" content=\"1024\" \/>\n\t<meta property=\"og:image:height\" content=\"1024\" \/>\n\t<meta property=\"og:image:type\" content=\"image\/webp\" \/>\n<meta name=\"twitter:card\" content=\"summary_large_image\" \/>\n<meta name=\"twitter:label1\" content=\"Est. reading time\" \/>\n\t<meta name=\"twitter:data1\" content=\"2 minutes\" \/>\n<script type=\"application\/ld+json\" class=\"yoast-schema-graph\">{\"@context\":\"https:\/\/schema.org\",\"@graph\":[{\"@type\":\"WebPage\",\"@id\":\"https:\/\/idakorea.ee\/product\/kerge-mineraalne-paikesekaitsekreem-anua-airy-sun-cream-spf50-pa-50ml\/\",\"url\":\"https:\/\/idakorea.ee\/product\/kerge-mineraalne-paikesekaitsekreem-anua-airy-sun-cream-spf50-pa-50ml\/\",\"name\":\"Kerge mineraalne p\u00e4ikesekaitsekreem Anua Airy Sun Cream SPF50+ PA++++, 50ml - IDA.KOREA\",\"isPartOf\":{\"@id\":\"https:\/\/idakorea.ee\/#website\"},\"primaryImageOfPage\":{\"@id\":\"https:\/\/idakorea.ee\/product\/kerge-mineraalne-paikesekaitsekreem-anua-airy-sun-cream-spf50-pa-50ml\/#primaryimage\"},\"image\":{\"@id\":\"https:\/\/idakorea.ee\/product\/kerge-mineraalne-paikesekaitsekreem-anua-airy-sun-cream-spf50-pa-50ml\/#primaryimage\"},\"thumbnailUrl\":\"https:\/\/idakorea.ee\/wp-content\/uploads\/2024\/08\/anua-spf50-airy-idakorea.webp\",\"datePublished\":\"2024-08-27T10:50:10+00:00\",\"dateModified\":\"2026-01-30T14:27:49+00:00\",\"breadcrumb\":{\"@id\":\"https:\/\/idakorea.ee\/product\/kerge-mineraalne-paikesekaitsekreem-anua-airy-sun-cream-spf50-pa-50ml\/#breadcrumb\"},\"inLanguage\":\"en-US\",\"potentialAction\":[{\"@type\":\"ReadAction\",\"target\":[\"https:\/\/idakorea.ee\/product\/kerge-mineraalne-paikesekaitsekreem-anua-airy-sun-cream-spf50-pa-50ml\/\"]}]},{\"@type\":\"ImageObject\",\"inLanguage\":\"en-US\",\"@id\":\"https:\/\/idakorea.ee\/product\/kerge-mineraalne-paikesekaitsekreem-anua-airy-sun-cream-spf50-pa-50ml\/#primaryimage\",\"url\":\"https:\/\/idakorea.ee\/wp-content\/uploads\/2024\/08\/anua-spf50-airy-idakorea.webp\",\"contentUrl\":\"https:\/\/idakorea.ee\/wp-content\/uploads\/2024\/08\/anua-spf50-airy-idakorea.webp\",\"width\":1024,\"height\":1024},{\"@type\":\"BreadcrumbList\",\"@id\":\"https:\/\/idakorea.ee\/product\/kerge-mineraalne-paikesekaitsekreem-anua-airy-sun-cream-spf50-pa-50ml\/#breadcrumb\",\"itemListElement\":[{\"@type\":\"ListItem\",\"position\":1,\"name\":\"\u0413\u043b\u0430\u0432\u043d\u0430\u044f \u0441\u0442\u0440\u0430\u043d\u0438\u0446\u0430\",\"item\":\"https:\/\/idakorea.ee\/\"},{\"@type\":\"ListItem\",\"position\":2,\"name\":\"Shop\",\"item\":\"https:\/\/idakorea.ee\/shop-2\/\"},{\"@type\":\"ListItem\",\"position\":3,\"name\":\"Kerge mineraalne p\u00e4ikesekaitsekreem Anua Airy Sun Cream SPF50+ PA++++, 50ml\"}]},{\"@type\":\"WebSite\",\"@id\":\"https:\/\/idakorea.ee\/#website\",\"url\":\"https:\/\/idakorea.ee\/\",\"name\":\"IDA.KOREA\",\"description\":\"Korea kosmeetika e-pood\",\"publisher\":{\"@id\":\"https:\/\/idakorea.ee\/#organization\"},\"alternateName\":\"Beauty Shop\",\"potentialAction\":[{\"@type\":\"SearchAction\",\"target\":{\"@type\":\"EntryPoint\",\"urlTemplate\":\"https:\/\/idakorea.ee\/?s={search_term_string}\"},\"query-input\":{\"@type\":\"PropertyValueSpecification\",\"valueRequired\":true,\"valueName\":\"search_term_string\"}}],\"inLanguage\":\"en-US\"},{\"@type\":\"Organization\",\"@id\":\"https:\/\/idakorea.ee\/#organization\",\"name\":\"IDA.KOREA\",\"url\":\"https:\/\/idakorea.ee\/\",\"logo\":{\"@type\":\"ImageObject\",\"inLanguage\":\"en-US\",\"@id\":\"https:\/\/idakorea.ee\/#\/schema\/logo\/image\/\",\"url\":\"https:\/\/idakorea.ee\/wp-content\/uploads\/2024\/05\/cropped-korea3.png\",\"contentUrl\":\"https:\/\/idakorea.ee\/wp-content\/uploads\/2024\/05\/cropped-korea3.png\",\"width\":688,\"height\":126,\"caption\":\"IDA.KOREA\"},\"image\":{\"@id\":\"https:\/\/idakorea.ee\/#\/schema\/logo\/image\/\"},\"sameAs\":[\"https:\/\/www.instagram.com\/ida.korea\/\"]}]}<\/script>\n<!-- \/ Yoast SEO plugin. -->","yoast_head_json":{"title":"Light mineral sunscreen Anua Airy Sun Cream SPF50+ PA++++, 50ml - IDA.KOREA","robots":{"index":"index","follow":"follow","max-snippet":"max-snippet:-1","max-image-preview":"max-image-preview:large","max-video-preview":"max-video-preview:-1"},"canonical":"https:\/\/idakorea.ee\/en\/product\/kerge-mineraalne-paikesekaitsekreem-anua-airy-sun-cream-spf50-pa-50ml\/","og_locale":"en_US","og_type":"article","og_title":"Kerge mineraalne p\u00e4ikesekaitsekreem Anua Airy Sun Cream SPF50+ PA++++, 50ml - IDA.KOREA","og_description":"Kerge mineraalne p\u00e4ikesekaitsekreem Anua Airy Sun Cream SPF50+ PA++++, mis p\u00f5hineb f\u00fc\u00fcsilistel filtritel, loob nahale kaitsebarj\u00e4\u00e4ri. T\u00e4nu tsinkoksiidile peegeldab toode nagu peegel k\u00f5iki p\u00e4ikese kiirguse t\u00fc\u00fcpe, ennetades fotovananemist ja p\u00e4ikesep\u00f5letusi, sealhulgas ka valgusele tundlikul nahal. Tsinkoksiidil on ka p\u00f5letikuvastane toime, leevendab naha \u00e4rritust ja punetust. Toode on kasutamismugavuse osas maksimaalselt mugav t\u00e4nu looduslikele koostisosadele, mis...","og_url":"https:\/\/idakorea.ee\/en\/product\/kerge-mineraalne-paikesekaitsekreem-anua-airy-sun-cream-spf50-pa-50ml\/","og_site_name":"IDA.KOREA","article_modified_time":"2026-01-30T14:27:49+00:00","og_image":[{"width":1024,"height":1024,"url":"https:\/\/idakorea.ee\/wp-content\/uploads\/2024\/08\/anua-spf50-airy-idakorea.webp","type":"image\/webp"}],"twitter_card":"summary_large_image","twitter_misc":{"Est. reading time":"2 minutes"},"schema":{"@context":"https:\/\/schema.org","@graph":[{"@type":"WebPage","@id":"https:\/\/idakorea.ee\/product\/kerge-mineraalne-paikesekaitsekreem-anua-airy-sun-cream-spf50-pa-50ml\/","url":"https:\/\/idakorea.ee\/product\/kerge-mineraalne-paikesekaitsekreem-anua-airy-sun-cream-spf50-pa-50ml\/","name":"Light mineral sunscreen Anua Airy Sun Cream SPF50+ PA++++, 50ml - IDA.KOREA","isPartOf":{"@id":"https:\/\/idakorea.ee\/#website"},"primaryImageOfPage":{"@id":"https:\/\/idakorea.ee\/product\/kerge-mineraalne-paikesekaitsekreem-anua-airy-sun-cream-spf50-pa-50ml\/#primaryimage"},"image":{"@id":"https:\/\/idakorea.ee\/product\/kerge-mineraalne-paikesekaitsekreem-anua-airy-sun-cream-spf50-pa-50ml\/#primaryimage"},"thumbnailUrl":"https:\/\/idakorea.ee\/wp-content\/uploads\/2024\/08\/anua-spf50-airy-idakorea.webp","datePublished":"2024-08-27T10:50:10+00:00","dateModified":"2026-01-30T14:27:49+00:00","breadcrumb":{"@id":"https:\/\/idakorea.ee\/product\/kerge-mineraalne-paikesekaitsekreem-anua-airy-sun-cream-spf50-pa-50ml\/#breadcrumb"},"inLanguage":"en-US","potentialAction":[{"@type":"ReadAction","target":["https:\/\/idakorea.ee\/product\/kerge-mineraalne-paikesekaitsekreem-anua-airy-sun-cream-spf50-pa-50ml\/"]}]},{"@type":"ImageObject","inLanguage":"en-US","@id":"https:\/\/idakorea.ee\/product\/kerge-mineraalne-paikesekaitsekreem-anua-airy-sun-cream-spf50-pa-50ml\/#primaryimage","url":"https:\/\/idakorea.ee\/wp-content\/uploads\/2024\/08\/anua-spf50-airy-idakorea.webp","contentUrl":"https:\/\/idakorea.ee\/wp-content\/uploads\/2024\/08\/anua-spf50-airy-idakorea.webp","width":1024,"height":1024},{"@type":"BreadcrumbList","@id":"https:\/\/idakorea.ee\/product\/kerge-mineraalne-paikesekaitsekreem-anua-airy-sun-cream-spf50-pa-50ml\/#breadcrumb","itemListElement":[{"@type":"ListItem","position":1,"name":"\u0413\u043b\u0430\u0432\u043d\u0430\u044f \u0441\u0442\u0440\u0430\u043d\u0438\u0446\u0430","item":"https:\/\/idakorea.ee\/"},{"@type":"ListItem","position":2,"name":"Shop","item":"https:\/\/idakorea.ee\/shop-2\/"},{"@type":"ListItem","position":3,"name":"Kerge mineraalne p\u00e4ikesekaitsekreem Anua Airy Sun Cream SPF50+ PA++++, 50ml"}]},{"@type":"WebSite","@id":"https:\/\/idakorea.ee\/#website","url":"https:\/\/idakorea.ee\/","name":"IDA.KOREA","description":"Korean cosmetics e-shop","publisher":{"@id":"https:\/\/idakorea.ee\/#organization"},"alternateName":"Beauty Shop","potentialAction":[{"@type":"SearchAction","target":{"@type":"EntryPoint","urlTemplate":"https:\/\/idakorea.ee\/?s={search_term_string}"},"query-input":{"@type":"PropertyValueSpecification","valueRequired":true,"valueName":"search_term_string"}}],"inLanguage":"en-US"},{"@type":"Organization","@id":"https:\/\/idakorea.ee\/#organization","name":"IDA.KOREA","url":"https:\/\/idakorea.ee\/","logo":{"@type":"ImageObject","inLanguage":"en-US","@id":"https:\/\/idakorea.ee\/#\/schema\/logo\/image\/","url":"https:\/\/idakorea.ee\/wp-content\/uploads\/2024\/05\/cropped-korea3.png","contentUrl":"https:\/\/idakorea.ee\/wp-content\/uploads\/2024\/05\/cropped-korea3.png","width":688,"height":126,"caption":"IDA.KOREA"},"image":{"@id":"https:\/\/idakorea.ee\/#\/schema\/logo\/image\/"},"sameAs":["https:\/\/www.instagram.com\/ida.korea\/"]}]}},"jetpack_sharing_enabled":true,"brands":[{"id":104,"name":"ANUA","slug":"anua"}],"_links":{"self":[{"href":"https:\/\/idakorea.ee\/en\/wp-json\/wp\/v2\/product\/10211","targetHints":{"allow":["GET"]}}],"collection":[{"href":"https:\/\/idakorea.ee\/en\/wp-json\/wp\/v2\/product"}],"about":[{"href":"https:\/\/idakorea.ee\/en\/wp-json\/wp\/v2\/types\/product"}],"replies":[{"embeddable":true,"href":"https:\/\/idakorea.ee\/en\/wp-json\/wp\/v2\/comments?post=10211"}],"version-history":[{"count":1,"href":"https:\/\/idakorea.ee\/en\/wp-json\/wp\/v2\/product\/10211\/revisions"}],"predecessor-version":[{"id":10215,"href":"https:\/\/idakorea.ee\/en\/wp-json\/wp\/v2\/product\/10211\/revisions\/10215"}],"wp:featuredmedia":[{"embeddable":true,"href":"https:\/\/idakorea.ee\/en\/wp-json\/wp\/v2\/media\/15506"}],"wp:attachment":[{"href":"https:\/\/idakorea.ee\/en\/wp-json\/wp\/v2\/media?parent=10211"}],"wp:term":[{"taxonomy":"pwb-brand","embeddable":true,"href":"https:\/\/idakorea.ee\/en\/wp-json\/wp\/v2\/pwb-brand?post=10211"},{"taxonomy":"product_brand","embeddable":true,"href":"https:\/\/idakorea.ee\/en\/wp-json\/wp\/v2\/product_brand?post=10211"},{"taxonomy":"product_cat","embeddable":true,"href":"https:\/\/idakorea.ee\/en\/wp-json\/wp\/v2\/product_cat?post=10211"},{"taxonomy":"product_tag","embeddable":true,"href":"https:\/\/idakorea.ee\/en\/wp-json\/wp\/v2\/product_tag?post=10211"}],"curies":[{"name":"wp","href":"https:\/\/api.w.org\/{rel}","templated":true}]}}