{"id":10344,"date":"2024-09-02T15:13:12","date_gmt":"2024-09-02T13:13:12","guid":{"rendered":"https:\/\/idakorea.ee\/?post_type=product&#038;p=10344"},"modified":"2026-04-03T14:25:59","modified_gmt":"2026-04-03T12:25:59","slug":"klavuu-blue-pearlsation-high-coverage-marine-collagen-aqua-cushion-spf-50-pa-refill","status":"publish","type":"product","link":"https:\/\/idakorea.ee\/en\/product\/klavuu-blue-pearlsation-high-coverage-marine-collagen-aqua-cushion-spf-50-pa-refill\/","title":{"rendered":"KLAVUU Blue Pearlsation High Coverage Marine Collagen Aqua Cushion SPF 50+\/PA+++, + refill"},"content":{"rendered":"<p><strong>KLAVUU Blue Pearlsation High Coverage Marine Collagen Aqua Cushion SPF 50+\/PA+++<\/strong> works both as a foundation (covers imperfections with a dense texture, improves and evens the tone and micro-texture of the face) and as a day cream (moisturises, nourishes, protects, restores and slows down the ageing process of the skin).<\/p>\n<p>The KLAVUU cushion is distinguished by its dense consistency, yet it remains invisible on the face (no \"mask\" effect), is easy to apply, does not roll on or wear off during the day and is suitable for all skin types, including sensitive skin.<\/p>\n<p>The main ingredient of BB cushion is hydrolysed marine collagen:<\/p>\n<p>prevents moisture loss from the skin;<br \/>\npromotes the active synthesis of collagen and elastin fibres;<br \/>\ncombats existing signs of ageing and prevents new ones;<br \/>\nmakes the skin smooth, supple and firm.<br \/>\nPearl powder evens skin tone and micro-texture, gives the face a healthy and natural glow, alginose extract moisturizes, nourishes and normalizes sebum production, mattifies the skin, zinc oxide tightens pores, has anti-inflammatory and antibacterial properties, dries rashes.<\/p>\n<p><strong>KLAVUU Blue Pearlsation High Coverage Marine Collagen Aqua Cushion helps:<\/strong><\/p>\n<p>mask minor imperfections, create a dense, smooth and unnoticeable coverage with a wet\/shiny finish;<br \/>\nmoisturise, nourish, rejuvenate, restore and protect the skin;<br \/>\ncombat dryness, irritation and rashes;<br \/>\nnormalise sebum production, preventing oily shine and acne;<br \/>\neven out and refresh the complexion, creating the perfect make-up that lasts all day;<br \/>\nslow down skin ageing.<\/p>\n<p><strong>User manual:<\/strong> Apply BB-cushion CLOTHING with a make-up brush (with light patting movements) at the final stage of make-up. If necessary, you can also precisely correct imperfections with KLAVUU Blue Pearlsation High Coverage Marine Collagen Aqua Cushion.<\/p>\n<p><strong>Included - cushion + refill\u00a0<\/strong><\/p>","protected":false},"excerpt":{"rendered":"<p>KLAVUU Blue Pearlsation High Coverage Marine Collagen Aqua Cushion SPF 50+\/PA+++ works both as a foundation (covers imperfections with a dense texture, improves and evens out the tone and micro-texture of the face) and as a day cream (moisturizes, nourishes, protects, restores and slows down the aging process of the skin). KLAVUU cushion is distinguished by its dense consistency, but it remains invisible on the face (no \"mask\" effect), it is easy to apply and...<\/p>","protected":false},"featured_media":10347,"comment_status":"open","ping_status":"closed","template":"","meta":{"_uf_show_specific_survey":0,"_uf_disable_surveys":false,"_bst_post_transparent":"default","_bst_post_title":"","_bst_post_layout":"default","_bst_post_sidebar_id":"","_bst_post_content_style":"default","_bst_post_vertical_padding":"default","_bst_post_feature":"","_bst_post_feature_position":"","_bst_post_header":false,"_bst_post_footer":false},"pwb-brand":[488],"product_brand":[],"product_cat":[500,499],"product_tag":[593],"class_list":{"0":"post-10344","1":"product","2":"type-product","3":"status-publish","4":"has-post-thumbnail","6":"pwb-brand-klavuu","7":"product_cat-jumestuskreemid","8":"product_cat-meik","9":"product_tag-cushion","11":"first","12":"outofstock","13":"sale","14":"shipping-taxable","15":"purchasable","16":"product-type-variable","17":"has-default-attributes","18":"entry","19":"content-bg","20":"loop-entry"},"supplier_id":null,"supplier_sku":"","barcode":null,"atum_controlled":true,"out_stock_date":null,"out_stock_threshold":null,"inheritable":true,"inbound_stock":0,"stock_on_hold":0,"sold_today":0,"sales_last_days":0,"out_stock_days":0,"lost_sales":0,"has_location":false,"update_date":"2026-04-15T00:05:16","atum_locations":[],"atum_stock_status":"outofstock","restock_status":false,"low_stock_amount":"","sales_update_date":"2026-04-15T00:05:16","calc_backorders":null,"yoast_head":"<!-- This site is optimized with the Yoast SEO plugin v27.2 - https:\/\/yoast.com\/product\/yoast-seo-wordpress\/ -->\n<title>KLAVUU Blue Pearlsation High Coverage Marine Collagen Aqua Cushion SPF 50+\/PA+++, + refill - IDA.KOREA<\/title>\n<meta name=\"description\" content=\"KLAVUU cushion eristub oma tiheda konsistentsi poolest, kuid j\u00e4\u00e4b n\u00e4ol m\u00e4rkamatuks, seda on lihtne peale kanda, ei rullu ega kulu p\u00e4eva jooksul.\" \/>\n<meta name=\"robots\" content=\"index, follow, max-snippet:-1, max-image-preview:large, max-video-preview:-1\" \/>\n<link rel=\"canonical\" href=\"https:\/\/idakorea.ee\/en\/product\/klavuu-blue-pearlsation-high-coverage-marine-collagen-aqua-cushion-spf-50-pa-refill\/\" \/>\n<meta property=\"og:locale\" content=\"en_US\" \/>\n<meta property=\"og:type\" content=\"article\" \/>\n<meta property=\"og:title\" content=\"KLAVUU Blue Pearlsation High Coverage Marine Collagen Aqua Cushion SPF 50+\/PA+++, + refill - IDA.KOREA\" \/>\n<meta property=\"og:description\" content=\"KLAVUU cushion eristub oma tiheda konsistentsi poolest, kuid j\u00e4\u00e4b n\u00e4ol m\u00e4rkamatuks, seda on lihtne peale kanda, ei rullu ega kulu p\u00e4eva jooksul.\" \/>\n<meta property=\"og:url\" content=\"https:\/\/idakorea.ee\/en\/product\/klavuu-blue-pearlsation-high-coverage-marine-collagen-aqua-cushion-spf-50-pa-refill\/\" \/>\n<meta property=\"og:site_name\" content=\"IDA.KOREA\" \/>\n<meta property=\"article:modified_time\" content=\"2026-04-03T12:25:59+00:00\" \/>\n<meta property=\"og:image\" content=\"https:\/\/idakorea.ee\/wp-content\/uploads\/2024\/09\/klvm03p21.jpg\" \/>\n\t<meta property=\"og:image:width\" content=\"541\" \/>\n\t<meta property=\"og:image:height\" content=\"473\" \/>\n\t<meta property=\"og:image:type\" content=\"image\/jpeg\" \/>\n<meta name=\"twitter:card\" content=\"summary_large_image\" \/>\n<meta name=\"twitter:label1\" content=\"Est. reading time\" \/>\n\t<meta name=\"twitter:data1\" content=\"2 minutes\" \/>\n<script type=\"application\/ld+json\" class=\"yoast-schema-graph\">{\"@context\":\"https:\/\/schema.org\",\"@graph\":[{\"@type\":\"WebPage\",\"@id\":\"https:\/\/idakorea.ee\/product\/klavuu-blue-pearlsation-high-coverage-marine-collagen-aqua-cushion-spf-50-pa-refill\/\",\"url\":\"https:\/\/idakorea.ee\/product\/klavuu-blue-pearlsation-high-coverage-marine-collagen-aqua-cushion-spf-50-pa-refill\/\",\"name\":\"KLAVUU Blue Pearlsation High Coverage Marine Collagen Aqua Cushion SPF 50+\/PA+++, + refill - IDA.KOREA\",\"isPartOf\":{\"@id\":\"https:\/\/idakorea.ee\/#website\"},\"primaryImageOfPage\":{\"@id\":\"https:\/\/idakorea.ee\/product\/klavuu-blue-pearlsation-high-coverage-marine-collagen-aqua-cushion-spf-50-pa-refill\/#primaryimage\"},\"image\":{\"@id\":\"https:\/\/idakorea.ee\/product\/klavuu-blue-pearlsation-high-coverage-marine-collagen-aqua-cushion-spf-50-pa-refill\/#primaryimage\"},\"thumbnailUrl\":\"https:\/\/idakorea.ee\/wp-content\/uploads\/2024\/09\/klvm03p21.jpg\",\"datePublished\":\"2024-09-02T13:13:12+00:00\",\"dateModified\":\"2026-04-03T12:25:59+00:00\",\"description\":\"KLAVUU cushion eristub oma tiheda konsistentsi poolest, kuid j\u00e4\u00e4b n\u00e4ol m\u00e4rkamatuks, seda on lihtne peale kanda, ei rullu ega kulu p\u00e4eva jooksul.\",\"breadcrumb\":{\"@id\":\"https:\/\/idakorea.ee\/product\/klavuu-blue-pearlsation-high-coverage-marine-collagen-aqua-cushion-spf-50-pa-refill\/#breadcrumb\"},\"inLanguage\":\"en-US\",\"potentialAction\":[{\"@type\":\"ReadAction\",\"target\":[\"https:\/\/idakorea.ee\/product\/klavuu-blue-pearlsation-high-coverage-marine-collagen-aqua-cushion-spf-50-pa-refill\/\"]}]},{\"@type\":\"ImageObject\",\"inLanguage\":\"en-US\",\"@id\":\"https:\/\/idakorea.ee\/product\/klavuu-blue-pearlsation-high-coverage-marine-collagen-aqua-cushion-spf-50-pa-refill\/#primaryimage\",\"url\":\"https:\/\/idakorea.ee\/wp-content\/uploads\/2024\/09\/klvm03p21.jpg\",\"contentUrl\":\"https:\/\/idakorea.ee\/wp-content\/uploads\/2024\/09\/klvm03p21.jpg\",\"width\":541,\"height\":473,\"caption\":\"klavuu cushion\"},{\"@type\":\"BreadcrumbList\",\"@id\":\"https:\/\/idakorea.ee\/product\/klavuu-blue-pearlsation-high-coverage-marine-collagen-aqua-cushion-spf-50-pa-refill\/#breadcrumb\",\"itemListElement\":[{\"@type\":\"ListItem\",\"position\":1,\"name\":\"\u0413\u043b\u0430\u0432\u043d\u0430\u044f \u0441\u0442\u0440\u0430\u043d\u0438\u0446\u0430\",\"item\":\"https:\/\/idakorea.ee\/\"},{\"@type\":\"ListItem\",\"position\":2,\"name\":\"Shop\",\"item\":\"https:\/\/idakorea.ee\/shop-2\/\"},{\"@type\":\"ListItem\",\"position\":3,\"name\":\"KLAVUU Blue Pearlsation High Coverage Marine Collagen Aqua Cushion SPF 50+\/PA+++, + refill\"}]},{\"@type\":\"WebSite\",\"@id\":\"https:\/\/idakorea.ee\/#website\",\"url\":\"https:\/\/idakorea.ee\/\",\"name\":\"IDA.KOREA\",\"description\":\"Korea kosmeetika e-pood\",\"publisher\":{\"@id\":\"https:\/\/idakorea.ee\/#organization\"},\"alternateName\":\"Beauty Shop\",\"potentialAction\":[{\"@type\":\"SearchAction\",\"target\":{\"@type\":\"EntryPoint\",\"urlTemplate\":\"https:\/\/idakorea.ee\/?s={search_term_string}\"},\"query-input\":{\"@type\":\"PropertyValueSpecification\",\"valueRequired\":true,\"valueName\":\"search_term_string\"}}],\"inLanguage\":\"en-US\"},{\"@type\":\"Organization\",\"@id\":\"https:\/\/idakorea.ee\/#organization\",\"name\":\"IDA.KOREA\",\"url\":\"https:\/\/idakorea.ee\/\",\"logo\":{\"@type\":\"ImageObject\",\"inLanguage\":\"en-US\",\"@id\":\"https:\/\/idakorea.ee\/#\/schema\/logo\/image\/\",\"url\":\"https:\/\/idakorea.ee\/wp-content\/uploads\/2024\/05\/cropped-korea3.png\",\"contentUrl\":\"https:\/\/idakorea.ee\/wp-content\/uploads\/2024\/05\/cropped-korea3.png\",\"width\":688,\"height\":126,\"caption\":\"IDA.KOREA\"},\"image\":{\"@id\":\"https:\/\/idakorea.ee\/#\/schema\/logo\/image\/\"},\"sameAs\":[\"https:\/\/www.instagram.com\/ida.korea\/\"]}]}<\/script>\n<!-- \/ Yoast SEO plugin. -->","yoast_head_json":{"title":"KLAVUU Blue Pearlsation High Coverage Marine Collagen Aqua Cushion SPF 50+\/PA+++, + refill - IDA.KOREA","description":"KLAVUU cushion stands out for its dense consistency, but remains unnoticeable on the face, is easy to apply, and does not roll or wear off during the day.","robots":{"index":"index","follow":"follow","max-snippet":"max-snippet:-1","max-image-preview":"max-image-preview:large","max-video-preview":"max-video-preview:-1"},"canonical":"https:\/\/idakorea.ee\/en\/product\/klavuu-blue-pearlsation-high-coverage-marine-collagen-aqua-cushion-spf-50-pa-refill\/","og_locale":"en_US","og_type":"article","og_title":"KLAVUU Blue Pearlsation High Coverage Marine Collagen Aqua Cushion SPF 50+\/PA+++, + refill - IDA.KOREA","og_description":"KLAVUU cushion eristub oma tiheda konsistentsi poolest, kuid j\u00e4\u00e4b n\u00e4ol m\u00e4rkamatuks, seda on lihtne peale kanda, ei rullu ega kulu p\u00e4eva jooksul.","og_url":"https:\/\/idakorea.ee\/en\/product\/klavuu-blue-pearlsation-high-coverage-marine-collagen-aqua-cushion-spf-50-pa-refill\/","og_site_name":"IDA.KOREA","article_modified_time":"2026-04-03T12:25:59+00:00","og_image":[{"width":541,"height":473,"url":"https:\/\/idakorea.ee\/wp-content\/uploads\/2024\/09\/klvm03p21.jpg","type":"image\/jpeg"}],"twitter_card":"summary_large_image","twitter_misc":{"Est. reading time":"2 minutes"},"schema":{"@context":"https:\/\/schema.org","@graph":[{"@type":"WebPage","@id":"https:\/\/idakorea.ee\/product\/klavuu-blue-pearlsation-high-coverage-marine-collagen-aqua-cushion-spf-50-pa-refill\/","url":"https:\/\/idakorea.ee\/product\/klavuu-blue-pearlsation-high-coverage-marine-collagen-aqua-cushion-spf-50-pa-refill\/","name":"KLAVUU Blue Pearlsation High Coverage Marine Collagen Aqua Cushion SPF 50+\/PA+++, + refill - IDA.KOREA","isPartOf":{"@id":"https:\/\/idakorea.ee\/#website"},"primaryImageOfPage":{"@id":"https:\/\/idakorea.ee\/product\/klavuu-blue-pearlsation-high-coverage-marine-collagen-aqua-cushion-spf-50-pa-refill\/#primaryimage"},"image":{"@id":"https:\/\/idakorea.ee\/product\/klavuu-blue-pearlsation-high-coverage-marine-collagen-aqua-cushion-spf-50-pa-refill\/#primaryimage"},"thumbnailUrl":"https:\/\/idakorea.ee\/wp-content\/uploads\/2024\/09\/klvm03p21.jpg","datePublished":"2024-09-02T13:13:12+00:00","dateModified":"2026-04-03T12:25:59+00:00","description":"KLAVUU cushion stands out for its dense consistency, but remains unnoticeable on the face, is easy to apply, and does not roll or wear off during the day.","breadcrumb":{"@id":"https:\/\/idakorea.ee\/product\/klavuu-blue-pearlsation-high-coverage-marine-collagen-aqua-cushion-spf-50-pa-refill\/#breadcrumb"},"inLanguage":"en-US","potentialAction":[{"@type":"ReadAction","target":["https:\/\/idakorea.ee\/product\/klavuu-blue-pearlsation-high-coverage-marine-collagen-aqua-cushion-spf-50-pa-refill\/"]}]},{"@type":"ImageObject","inLanguage":"en-US","@id":"https:\/\/idakorea.ee\/product\/klavuu-blue-pearlsation-high-coverage-marine-collagen-aqua-cushion-spf-50-pa-refill\/#primaryimage","url":"https:\/\/idakorea.ee\/wp-content\/uploads\/2024\/09\/klvm03p21.jpg","contentUrl":"https:\/\/idakorea.ee\/wp-content\/uploads\/2024\/09\/klvm03p21.jpg","width":541,"height":473,"caption":"klavuu cushion"},{"@type":"BreadcrumbList","@id":"https:\/\/idakorea.ee\/product\/klavuu-blue-pearlsation-high-coverage-marine-collagen-aqua-cushion-spf-50-pa-refill\/#breadcrumb","itemListElement":[{"@type":"ListItem","position":1,"name":"\u0413\u043b\u0430\u0432\u043d\u0430\u044f \u0441\u0442\u0440\u0430\u043d\u0438\u0446\u0430","item":"https:\/\/idakorea.ee\/"},{"@type":"ListItem","position":2,"name":"Shop","item":"https:\/\/idakorea.ee\/shop-2\/"},{"@type":"ListItem","position":3,"name":"KLAVUU Blue Pearlsation High Coverage Marine Collagen Aqua Cushion SPF 50+\/PA+++, + refill"}]},{"@type":"WebSite","@id":"https:\/\/idakorea.ee\/#website","url":"https:\/\/idakorea.ee\/","name":"IDA.KOREA","description":"Korean cosmetics e-shop","publisher":{"@id":"https:\/\/idakorea.ee\/#organization"},"alternateName":"Beauty Shop","potentialAction":[{"@type":"SearchAction","target":{"@type":"EntryPoint","urlTemplate":"https:\/\/idakorea.ee\/?s={search_term_string}"},"query-input":{"@type":"PropertyValueSpecification","valueRequired":true,"valueName":"search_term_string"}}],"inLanguage":"en-US"},{"@type":"Organization","@id":"https:\/\/idakorea.ee\/#organization","name":"IDA.KOREA","url":"https:\/\/idakorea.ee\/","logo":{"@type":"ImageObject","inLanguage":"en-US","@id":"https:\/\/idakorea.ee\/#\/schema\/logo\/image\/","url":"https:\/\/idakorea.ee\/wp-content\/uploads\/2024\/05\/cropped-korea3.png","contentUrl":"https:\/\/idakorea.ee\/wp-content\/uploads\/2024\/05\/cropped-korea3.png","width":688,"height":126,"caption":"IDA.KOREA"},"image":{"@id":"https:\/\/idakorea.ee\/#\/schema\/logo\/image\/"},"sameAs":["https:\/\/www.instagram.com\/ida.korea\/"]}]}},"jetpack_sharing_enabled":true,"brands":[{"id":488,"name":"KLAVUU","slug":"klavuu"}],"_links":{"self":[{"href":"https:\/\/idakorea.ee\/en\/wp-json\/wp\/v2\/product\/10344","targetHints":{"allow":["GET"]}}],"collection":[{"href":"https:\/\/idakorea.ee\/en\/wp-json\/wp\/v2\/product"}],"about":[{"href":"https:\/\/idakorea.ee\/en\/wp-json\/wp\/v2\/types\/product"}],"replies":[{"embeddable":true,"href":"https:\/\/idakorea.ee\/en\/wp-json\/wp\/v2\/comments?post=10344"}],"version-history":[{"count":4,"href":"https:\/\/idakorea.ee\/en\/wp-json\/wp\/v2\/product\/10344\/revisions"}],"predecessor-version":[{"id":18332,"href":"https:\/\/idakorea.ee\/en\/wp-json\/wp\/v2\/product\/10344\/revisions\/18332"}],"wp:featuredmedia":[{"embeddable":true,"href":"https:\/\/idakorea.ee\/en\/wp-json\/wp\/v2\/media\/10347"}],"wp:attachment":[{"href":"https:\/\/idakorea.ee\/en\/wp-json\/wp\/v2\/media?parent=10344"}],"wp:term":[{"taxonomy":"pwb-brand","embeddable":true,"href":"https:\/\/idakorea.ee\/en\/wp-json\/wp\/v2\/pwb-brand?post=10344"},{"taxonomy":"product_brand","embeddable":true,"href":"https:\/\/idakorea.ee\/en\/wp-json\/wp\/v2\/product_brand?post=10344"},{"taxonomy":"product_cat","embeddable":true,"href":"https:\/\/idakorea.ee\/en\/wp-json\/wp\/v2\/product_cat?post=10344"},{"taxonomy":"product_tag","embeddable":true,"href":"https:\/\/idakorea.ee\/en\/wp-json\/wp\/v2\/product_tag?post=10344"}],"curies":[{"name":"wp","href":"https:\/\/api.w.org\/{rel}","templated":true}]}}