{"id":10358,"date":"2024-09-03T11:01:53","date_gmt":"2024-09-03T08:01:53","guid":{"rendered":"https:\/\/idakorea.ee\/?post_type=product&#038;p=10358"},"modified":"2026-04-01T14:40:26","modified_gmt":"2026-04-01T12:40:26","slug":"ensuumipulber-anua-rice-enzyme-brightening-cleansing-powder-40g","status":"publish","type":"product","link":"https:\/\/idakorea.ee\/en\/product\/ensuumipulber-anua-rice-enzyme-brightening-cleansing-powder-40g\/","title":{"rendered":"ANUA Rice Enzyme Brightening Cleansing Powder, 40g"},"content":{"rendered":"<p>Softening Enzyme Powder with Rice Extract ensures deep pore cleansing and gentle exfoliation without irritation.<\/p>\n<p><strong>Advantages:<\/strong><\/p>\n<ul>\n<li>Gently removes rough skin cells and stimulates the renewal process.<\/li>\n<li>It has a softening effect, helps to even out the texture of the skin by gently polishing it.<\/li>\n<li>Helps even out skin tone and combat hyperpigmentation.<\/li>\n<li>Cleanses the skin of excess oil, helps it absorb and regulates excess oil production.<\/li>\n<\/ul>\n<p><strong>Key components:<\/strong><\/p>\n<ul>\n<li>The rice complex (protein, hydrolate and extracts) provides deep nourishment, helps even skin tone and gives a healthy glow.<\/li>\n<li>Papain enzyme exfoliates rough skin cells, smoothes skin texture, purifies and stimulates renewal.<\/li>\n<li>Kaolin effectively helps to regulate oil secretion, absorb excess oil and mattify the skin.<\/li>\n<li>Ceramides actively restore and reinforce the skin's protective barrier, protecting it from environmental aggressors and preventing transdermal moisture loss.<\/li>\n<li>Arbutin has a strong whitening effect, actively working against pigmentation and skin tone irregularities.<\/li>\n<li>Protease helps to protect the skin from moisture loss and stimulate renewal processes.<\/li>\n<li>Lactic acid has the gentlest exfoliating action, evens skin tone and removes traces of hyperpigmentation, and helps to smooth skin texture.<\/li>\n<\/ul>\n<p>For all skin types.<\/p>\n<p><strong>Usage:<\/strong> V\u00f5tke v\u00e4ike kogus pulbrit pihku ja h\u00f5\u00f5ruge m\u00e4rgade k\u00e4tega kuni vahu tekkimiseni. Kandke vaht \u00f5rnalt n\u00e4ole, masseerige ja loputage sooja veega.<\/p>","protected":false},"excerpt":{"rendered":"<p>Softening Enzyme Powder with Rice Extract ensures deep pore cleansing and gentle exfoliation without irritation. Benefits. It has a softening effect, helps to even out the texture of the skin, gently polishing it. Helps to even out skin tone and helps to combat hyperpigmentation. Cleanses the skin of excess oil, helps it to absorb and regulates excess oil production. Key ingredients.<\/p>","protected":false},"featured_media":10359,"comment_status":"open","ping_status":"closed","template":"","meta":{"_uf_show_specific_survey":0,"_uf_disable_surveys":false,"_bst_post_transparent":"default","_bst_post_title":"","_bst_post_layout":"default","_bst_post_sidebar_id":"","_bst_post_content_style":"default","_bst_post_vertical_padding":"default","_bst_post_feature":"","_bst_post_feature_position":"","_bst_post_header":false,"_bst_post_footer":false},"pwb-brand":[104],"product_brand":[],"product_cat":[451,452,100],"product_tag":[102,598,599],"class_list":{"0":"post-10358","1":"product","2":"type-product","3":"status-publish","4":"has-post-thumbnail","6":"pwb-brand-anua","7":"product_cat-naokoorijad","8":"product_cat-naopuhastusgeelid","9":"product_cat-puhastusvahendid","10":"product_tag-anua","11":"product_tag-enzyme","12":"product_tag-powder","14":"first","15":"instock","16":"sale","17":"shipping-taxable","18":"purchasable","19":"product-type-simple","20":"entry","21":"content-bg","22":"loop-entry"},"supplier_id":null,"supplier_sku":"","barcode":null,"atum_controlled":true,"out_stock_date":null,"out_stock_threshold":null,"inheritable":false,"inbound_stock":0,"stock_on_hold":0,"sold_today":0,"sales_last_days":0,"out_stock_days":0,"lost_sales":0,"has_location":false,"update_date":"2026-04-14T00:05:09","atum_locations":[],"atum_stock_status":"instock","restock_status":false,"low_stock_amount":"","sales_update_date":"2026-04-14T00:05:09","calc_backorders":null,"yoast_head":"<!-- This site is optimized with the Yoast SEO plugin v27.2 - https:\/\/yoast.com\/product\/yoast-seo-wordpress\/ -->\n<title>Ens\u00fc\u00fcmipulber ANUA Rice Enzyme Brightening Cleansing Powder, 40g - IDA.KOREA<\/title>\n<meta name=\"description\" content=\"Pehmendav ens\u00fc\u00fcmipulber riisiektraktiga tagab pooride s\u00fcgava puhastuse ja \u00f5rna koorimise ilma \u00e4rritusteta.\" \/>\n<meta name=\"robots\" content=\"index, follow, max-snippet:-1, max-image-preview:large, max-video-preview:-1\" \/>\n<link rel=\"canonical\" href=\"https:\/\/idakorea.ee\/en\/product\/ensuumipulber-anua-rice-enzyme-brightening-cleansing-powder-40g\/\" \/>\n<meta property=\"og:locale\" content=\"en_US\" \/>\n<meta property=\"og:type\" content=\"article\" \/>\n<meta property=\"og:title\" content=\"Ens\u00fc\u00fcmipulber ANUA Rice Enzyme Brightening Cleansing Powder, 40g - IDA.KOREA\" \/>\n<meta property=\"og:description\" content=\"Pehmendav ens\u00fc\u00fcmipulber riisiektraktiga tagab pooride s\u00fcgava puhastuse ja \u00f5rna koorimise ilma \u00e4rritusteta.\" \/>\n<meta property=\"og:url\" content=\"https:\/\/idakorea.ee\/en\/product\/ensuumipulber-anua-rice-enzyme-brightening-cleansing-powder-40g\/\" \/>\n<meta property=\"og:site_name\" content=\"IDA.KOREA\" \/>\n<meta property=\"article:modified_time\" content=\"2026-04-01T12:40:26+00:00\" \/>\n<meta property=\"og:image\" content=\"https:\/\/idakorea.ee\/wp-content\/uploads\/2024\/09\/41l5b44ryyl.jpg\" \/>\n\t<meta property=\"og:image:width\" content=\"1000\" \/>\n\t<meta property=\"og:image:height\" content=\"1000\" \/>\n\t<meta property=\"og:image:type\" content=\"image\/jpeg\" \/>\n<meta name=\"twitter:card\" content=\"summary_large_image\" \/>\n<meta name=\"twitter:label1\" content=\"Est. reading time\" \/>\n\t<meta name=\"twitter:data1\" content=\"2 minutes\" \/>\n<script type=\"application\/ld+json\" class=\"yoast-schema-graph\">{\"@context\":\"https:\/\/schema.org\",\"@graph\":[{\"@type\":\"WebPage\",\"@id\":\"https:\/\/idakorea.ee\/product\/ensuumipulber-anua-rice-enzyme-brightening-cleansing-powder-40g\/\",\"url\":\"https:\/\/idakorea.ee\/product\/ensuumipulber-anua-rice-enzyme-brightening-cleansing-powder-40g\/\",\"name\":\"Ens\u00fc\u00fcmipulber ANUA Rice Enzyme Brightening Cleansing Powder, 40g - IDA.KOREA\",\"isPartOf\":{\"@id\":\"https:\/\/idakorea.ee\/#website\"},\"primaryImageOfPage\":{\"@id\":\"https:\/\/idakorea.ee\/product\/ensuumipulber-anua-rice-enzyme-brightening-cleansing-powder-40g\/#primaryimage\"},\"image\":{\"@id\":\"https:\/\/idakorea.ee\/product\/ensuumipulber-anua-rice-enzyme-brightening-cleansing-powder-40g\/#primaryimage\"},\"thumbnailUrl\":\"https:\/\/idakorea.ee\/wp-content\/uploads\/2024\/09\/41l5b44ryyl.jpg\",\"datePublished\":\"2024-09-03T08:01:53+00:00\",\"dateModified\":\"2026-04-01T12:40:26+00:00\",\"description\":\"Pehmendav ens\u00fc\u00fcmipulber riisiektraktiga tagab pooride s\u00fcgava puhastuse ja \u00f5rna koorimise ilma \u00e4rritusteta.\",\"breadcrumb\":{\"@id\":\"https:\/\/idakorea.ee\/product\/ensuumipulber-anua-rice-enzyme-brightening-cleansing-powder-40g\/#breadcrumb\"},\"inLanguage\":\"en-US\",\"potentialAction\":[{\"@type\":\"ReadAction\",\"target\":[\"https:\/\/idakorea.ee\/product\/ensuumipulber-anua-rice-enzyme-brightening-cleansing-powder-40g\/\"]}]},{\"@type\":\"ImageObject\",\"inLanguage\":\"en-US\",\"@id\":\"https:\/\/idakorea.ee\/product\/ensuumipulber-anua-rice-enzyme-brightening-cleansing-powder-40g\/#primaryimage\",\"url\":\"https:\/\/idakorea.ee\/wp-content\/uploads\/2024\/09\/41l5b44ryyl.jpg\",\"contentUrl\":\"https:\/\/idakorea.ee\/wp-content\/uploads\/2024\/09\/41l5b44ryyl.jpg\",\"width\":1000,\"height\":1000,\"caption\":\"anua enzyme rice powder\"},{\"@type\":\"BreadcrumbList\",\"@id\":\"https:\/\/idakorea.ee\/product\/ensuumipulber-anua-rice-enzyme-brightening-cleansing-powder-40g\/#breadcrumb\",\"itemListElement\":[{\"@type\":\"ListItem\",\"position\":1,\"name\":\"\u0413\u043b\u0430\u0432\u043d\u0430\u044f \u0441\u0442\u0440\u0430\u043d\u0438\u0446\u0430\",\"item\":\"https:\/\/idakorea.ee\/\"},{\"@type\":\"ListItem\",\"position\":2,\"name\":\"Shop\",\"item\":\"https:\/\/idakorea.ee\/shop-2\/\"},{\"@type\":\"ListItem\",\"position\":3,\"name\":\"Ens\u00fc\u00fcmipulber ANUA Rice Enzyme Brightening Cleansing Powder, 40g\"}]},{\"@type\":\"WebSite\",\"@id\":\"https:\/\/idakorea.ee\/#website\",\"url\":\"https:\/\/idakorea.ee\/\",\"name\":\"IDA.KOREA\",\"description\":\"Korea kosmeetika e-pood\",\"publisher\":{\"@id\":\"https:\/\/idakorea.ee\/#organization\"},\"alternateName\":\"Beauty Shop\",\"potentialAction\":[{\"@type\":\"SearchAction\",\"target\":{\"@type\":\"EntryPoint\",\"urlTemplate\":\"https:\/\/idakorea.ee\/?s={search_term_string}\"},\"query-input\":{\"@type\":\"PropertyValueSpecification\",\"valueRequired\":true,\"valueName\":\"search_term_string\"}}],\"inLanguage\":\"en-US\"},{\"@type\":\"Organization\",\"@id\":\"https:\/\/idakorea.ee\/#organization\",\"name\":\"IDA.KOREA\",\"url\":\"https:\/\/idakorea.ee\/\",\"logo\":{\"@type\":\"ImageObject\",\"inLanguage\":\"en-US\",\"@id\":\"https:\/\/idakorea.ee\/#\/schema\/logo\/image\/\",\"url\":\"https:\/\/idakorea.ee\/wp-content\/uploads\/2024\/05\/cropped-korea3.png\",\"contentUrl\":\"https:\/\/idakorea.ee\/wp-content\/uploads\/2024\/05\/cropped-korea3.png\",\"width\":688,\"height\":126,\"caption\":\"IDA.KOREA\"},\"image\":{\"@id\":\"https:\/\/idakorea.ee\/#\/schema\/logo\/image\/\"},\"sameAs\":[\"https:\/\/www.instagram.com\/ida.korea\/\"]}]}<\/script>\n<!-- \/ Yoast SEO plugin. -->","yoast_head_json":{"title":"ANUA Rice Enzyme Brightening Cleansing Powder, 40g - IDA.KOREA","description":"Softening Enzyme Powder with Rice Extract ensures deep pore cleansing and gentle exfoliation without irritation.","robots":{"index":"index","follow":"follow","max-snippet":"max-snippet:-1","max-image-preview":"max-image-preview:large","max-video-preview":"max-video-preview:-1"},"canonical":"https:\/\/idakorea.ee\/en\/product\/ensuumipulber-anua-rice-enzyme-brightening-cleansing-powder-40g\/","og_locale":"en_US","og_type":"article","og_title":"Ens\u00fc\u00fcmipulber ANUA Rice Enzyme Brightening Cleansing Powder, 40g - IDA.KOREA","og_description":"Pehmendav ens\u00fc\u00fcmipulber riisiektraktiga tagab pooride s\u00fcgava puhastuse ja \u00f5rna koorimise ilma \u00e4rritusteta.","og_url":"https:\/\/idakorea.ee\/en\/product\/ensuumipulber-anua-rice-enzyme-brightening-cleansing-powder-40g\/","og_site_name":"IDA.KOREA","article_modified_time":"2026-04-01T12:40:26+00:00","og_image":[{"width":1000,"height":1000,"url":"https:\/\/idakorea.ee\/wp-content\/uploads\/2024\/09\/41l5b44ryyl.jpg","type":"image\/jpeg"}],"twitter_card":"summary_large_image","twitter_misc":{"Est. reading time":"2 minutes"},"schema":{"@context":"https:\/\/schema.org","@graph":[{"@type":"WebPage","@id":"https:\/\/idakorea.ee\/product\/ensuumipulber-anua-rice-enzyme-brightening-cleansing-powder-40g\/","url":"https:\/\/idakorea.ee\/product\/ensuumipulber-anua-rice-enzyme-brightening-cleansing-powder-40g\/","name":"ANUA Rice Enzyme Brightening Cleansing Powder, 40g - IDA.KOREA","isPartOf":{"@id":"https:\/\/idakorea.ee\/#website"},"primaryImageOfPage":{"@id":"https:\/\/idakorea.ee\/product\/ensuumipulber-anua-rice-enzyme-brightening-cleansing-powder-40g\/#primaryimage"},"image":{"@id":"https:\/\/idakorea.ee\/product\/ensuumipulber-anua-rice-enzyme-brightening-cleansing-powder-40g\/#primaryimage"},"thumbnailUrl":"https:\/\/idakorea.ee\/wp-content\/uploads\/2024\/09\/41l5b44ryyl.jpg","datePublished":"2024-09-03T08:01:53+00:00","dateModified":"2026-04-01T12:40:26+00:00","description":"Softening Enzyme Powder with Rice Extract ensures deep pore cleansing and gentle exfoliation without irritation.","breadcrumb":{"@id":"https:\/\/idakorea.ee\/product\/ensuumipulber-anua-rice-enzyme-brightening-cleansing-powder-40g\/#breadcrumb"},"inLanguage":"en-US","potentialAction":[{"@type":"ReadAction","target":["https:\/\/idakorea.ee\/product\/ensuumipulber-anua-rice-enzyme-brightening-cleansing-powder-40g\/"]}]},{"@type":"ImageObject","inLanguage":"en-US","@id":"https:\/\/idakorea.ee\/product\/ensuumipulber-anua-rice-enzyme-brightening-cleansing-powder-40g\/#primaryimage","url":"https:\/\/idakorea.ee\/wp-content\/uploads\/2024\/09\/41l5b44ryyl.jpg","contentUrl":"https:\/\/idakorea.ee\/wp-content\/uploads\/2024\/09\/41l5b44ryyl.jpg","width":1000,"height":1000,"caption":"anua enzyme rice powder"},{"@type":"BreadcrumbList","@id":"https:\/\/idakorea.ee\/product\/ensuumipulber-anua-rice-enzyme-brightening-cleansing-powder-40g\/#breadcrumb","itemListElement":[{"@type":"ListItem","position":1,"name":"\u0413\u043b\u0430\u0432\u043d\u0430\u044f \u0441\u0442\u0440\u0430\u043d\u0438\u0446\u0430","item":"https:\/\/idakorea.ee\/"},{"@type":"ListItem","position":2,"name":"Shop","item":"https:\/\/idakorea.ee\/shop-2\/"},{"@type":"ListItem","position":3,"name":"Ens\u00fc\u00fcmipulber ANUA Rice Enzyme Brightening Cleansing Powder, 40g"}]},{"@type":"WebSite","@id":"https:\/\/idakorea.ee\/#website","url":"https:\/\/idakorea.ee\/","name":"IDA.KOREA","description":"Korean cosmetics e-shop","publisher":{"@id":"https:\/\/idakorea.ee\/#organization"},"alternateName":"Beauty Shop","potentialAction":[{"@type":"SearchAction","target":{"@type":"EntryPoint","urlTemplate":"https:\/\/idakorea.ee\/?s={search_term_string}"},"query-input":{"@type":"PropertyValueSpecification","valueRequired":true,"valueName":"search_term_string"}}],"inLanguage":"en-US"},{"@type":"Organization","@id":"https:\/\/idakorea.ee\/#organization","name":"IDA.KOREA","url":"https:\/\/idakorea.ee\/","logo":{"@type":"ImageObject","inLanguage":"en-US","@id":"https:\/\/idakorea.ee\/#\/schema\/logo\/image\/","url":"https:\/\/idakorea.ee\/wp-content\/uploads\/2024\/05\/cropped-korea3.png","contentUrl":"https:\/\/idakorea.ee\/wp-content\/uploads\/2024\/05\/cropped-korea3.png","width":688,"height":126,"caption":"IDA.KOREA"},"image":{"@id":"https:\/\/idakorea.ee\/#\/schema\/logo\/image\/"},"sameAs":["https:\/\/www.instagram.com\/ida.korea\/"]}]}},"jetpack_sharing_enabled":true,"brands":[{"id":104,"name":"ANUA","slug":"anua"}],"_links":{"self":[{"href":"https:\/\/idakorea.ee\/en\/wp-json\/wp\/v2\/product\/10358","targetHints":{"allow":["GET"]}}],"collection":[{"href":"https:\/\/idakorea.ee\/en\/wp-json\/wp\/v2\/product"}],"about":[{"href":"https:\/\/idakorea.ee\/en\/wp-json\/wp\/v2\/types\/product"}],"replies":[{"embeddable":true,"href":"https:\/\/idakorea.ee\/en\/wp-json\/wp\/v2\/comments?post=10358"}],"version-history":[{"count":2,"href":"https:\/\/idakorea.ee\/en\/wp-json\/wp\/v2\/product\/10358\/revisions"}],"predecessor-version":[{"id":18334,"href":"https:\/\/idakorea.ee\/en\/wp-json\/wp\/v2\/product\/10358\/revisions\/18334"}],"wp:featuredmedia":[{"embeddable":true,"href":"https:\/\/idakorea.ee\/en\/wp-json\/wp\/v2\/media\/10359"}],"wp:attachment":[{"href":"https:\/\/idakorea.ee\/en\/wp-json\/wp\/v2\/media?parent=10358"}],"wp:term":[{"taxonomy":"pwb-brand","embeddable":true,"href":"https:\/\/idakorea.ee\/en\/wp-json\/wp\/v2\/pwb-brand?post=10358"},{"taxonomy":"product_brand","embeddable":true,"href":"https:\/\/idakorea.ee\/en\/wp-json\/wp\/v2\/product_brand?post=10358"},{"taxonomy":"product_cat","embeddable":true,"href":"https:\/\/idakorea.ee\/en\/wp-json\/wp\/v2\/product_cat?post=10358"},{"taxonomy":"product_tag","embeddable":true,"href":"https:\/\/idakorea.ee\/en\/wp-json\/wp\/v2\/product_tag?post=10358"}],"curies":[{"name":"wp","href":"https:\/\/api.w.org\/{rel}","templated":true}]}}