{"id":10373,"date":"2024-09-04T08:47:01","date_gmt":"2024-09-04T06:47:01","guid":{"rendered":"https:\/\/idakorea.ee\/?post_type=product&#038;p=10373"},"modified":"2026-01-30T16:24:38","modified_gmt":"2026-01-30T14:24:38","slug":"daily-beauty-premium-collagen-2gr30ea","status":"publish","type":"product","link":"https:\/\/idakorea.ee\/en\/product\/daily-beauty-premium-collagen-2gr30ea\/","title":{"rendered":"Daily Beauty Premium Collagen (2gr*30ea)"},"content":{"rendered":"<p>IL-Yang Pharmaceuticals' newest product. The improved version contains over 25% of concentrated marine collagen. The use of the supplement strengthens the skin, improving its overall structure from the inside. Reduces the appearance of wrinkles, fine lines and other signs of aging. Recommended for use from the age of 20.<\/p>\n<p><strong>Lisaained:<\/strong><\/p>\n<p>Yoghurt, cream and milk powder.<\/p>\n<p>Lactic acid and citric acid.<\/p>\n<p>Powder of dried fruits, vegetables and cereals.<\/p>\n<p>Vitamins B2, B5 and B6.<\/p>\n<p>Hyaluronic acid.<\/p>\n<p>&nbsp;<\/p>\n<p><b>Usage: <\/b>Take one sachet on an empty stomach in the morning or at bedtime. At least 3 hours before bedtime after dinner. Each sachet contains 500 mg of pure collagen. No cooking is necessary.<\/p>\n<p>Each pack contains 500 mg of pure collagen.<\/p>\n<p>Pack of 30 pcs<\/p>","protected":false},"excerpt":{"rendered":"<p>IL-Yang Pharmaceuticals' newest product. The improved version contains over 25% of concentrated marine collagen. The use of the supplement strengthens the skin by improving its overall structure from the inside. Reduces the appearance of wrinkles, fine lines and other signs of aging. Recommended for use from the age of 20. Additives.  Whey, yoghurt, whey, milk and whey powder. Vitamins B2, B5 and B6. Hyaluronic acid.   Uses.<\/p>","protected":false},"featured_media":10374,"comment_status":"open","ping_status":"closed","template":"","meta":{"_uf_show_specific_survey":0,"_uf_disable_surveys":false,"_bst_post_transparent":"default","_bst_post_title":"","_bst_post_layout":"default","_bst_post_sidebar_id":"","_bst_post_content_style":"default","_bst_post_vertical_padding":"default","_bst_post_feature":"","_bst_post_feature_position":"","_bst_post_header":false,"_bst_post_footer":false},"pwb-brand":[],"product_brand":[],"product_cat":[370],"product_tag":[517,568,601],"class_list":{"0":"post-10373","1":"product","2":"type-product","3":"status-publish","4":"has-post-thumbnail","6":"product_cat-toidulisandid","7":"product_tag-collagen","8":"product_tag-korea","9":"product_tag-korea-health","11":"first","12":"outofstock","13":"sale","14":"shipping-taxable","15":"purchasable","16":"product-type-simple","17":"entry","18":"content-bg","19":"loop-entry"},"supplier_id":null,"supplier_sku":"","barcode":null,"atum_controlled":true,"out_stock_date":"2025-11-24 23:38:31","out_stock_threshold":null,"inheritable":false,"inbound_stock":0,"stock_on_hold":0,"sold_today":0,"sales_last_days":0,"out_stock_days":140,"lost_sales":676,"has_location":false,"update_date":"2026-04-14T00:05:07","atum_locations":[],"atum_stock_status":"outofstock","restock_status":false,"low_stock_amount":"","sales_update_date":"2026-04-14T00:05:07","calc_backorders":null,"yoast_head":"<!-- This site is optimized with the Yoast SEO plugin v27.2 - https:\/\/yoast.com\/product\/yoast-seo-wordpress\/ -->\n<title>Daily Beauty Premium Collagen (2gr*30ea) - IDA.KOREA<\/title>\n<meta name=\"description\" content=\"Parendatud versioon sisaldab \u00fcle 25% kontsentreeritud merekollageeni. Toidulisandi kasutamine tugevdab nahka, parandades selle \u00fcldist struktuuri seestpoolt. V\u00e4hendab kortsude, peenikeste joonte ja teiste vananemisilmingute teket.\" \/>\n<meta name=\"robots\" content=\"index, follow, max-snippet:-1, max-image-preview:large, max-video-preview:-1\" \/>\n<link rel=\"canonical\" href=\"https:\/\/idakorea.ee\/en\/product\/daily-beauty-premium-collagen-2gr30ea\/\" \/>\n<meta property=\"og:locale\" content=\"en_US\" \/>\n<meta property=\"og:type\" content=\"article\" \/>\n<meta property=\"og:title\" content=\"Daily Beauty Premium Collagen (2gr*30ea) - IDA.KOREA\" \/>\n<meta property=\"og:description\" content=\"Parendatud versioon sisaldab \u00fcle 25% kontsentreeritud merekollageeni. Toidulisandi kasutamine tugevdab nahka, parandades selle \u00fcldist struktuuri seestpoolt. V\u00e4hendab kortsude, peenikeste joonte ja teiste vananemisilmingute teket.\" \/>\n<meta property=\"og:url\" content=\"https:\/\/idakorea.ee\/en\/product\/daily-beauty-premium-collagen-2gr30ea\/\" \/>\n<meta property=\"og:site_name\" content=\"IDA.KOREA\" \/>\n<meta property=\"article:modified_time\" content=\"2026-01-30T14:24:38+00:00\" \/>\n<meta property=\"og:image\" content=\"https:\/\/idakorea.ee\/wp-content\/uploads\/2024\/09\/yf1fyddnkz3pkulmtf003o185ukb8ump.jpg\" \/>\n\t<meta property=\"og:image:width\" content=\"1000\" \/>\n\t<meta property=\"og:image:height\" content=\"1000\" \/>\n\t<meta property=\"og:image:type\" content=\"image\/jpeg\" \/>\n<meta name=\"twitter:card\" content=\"summary_large_image\" \/>\n<meta name=\"twitter:label1\" content=\"Est. reading time\" \/>\n\t<meta name=\"twitter:data1\" content=\"1 minute\" \/>\n<script type=\"application\/ld+json\" class=\"yoast-schema-graph\">{\"@context\":\"https:\/\/schema.org\",\"@graph\":[{\"@type\":\"WebPage\",\"@id\":\"https:\/\/idakorea.ee\/product\/daily-beauty-premium-collagen-2gr30ea\/\",\"url\":\"https:\/\/idakorea.ee\/product\/daily-beauty-premium-collagen-2gr30ea\/\",\"name\":\"Daily Beauty Premium Collagen (2gr*30ea) - IDA.KOREA\",\"isPartOf\":{\"@id\":\"https:\/\/idakorea.ee\/#website\"},\"primaryImageOfPage\":{\"@id\":\"https:\/\/idakorea.ee\/product\/daily-beauty-premium-collagen-2gr30ea\/#primaryimage\"},\"image\":{\"@id\":\"https:\/\/idakorea.ee\/product\/daily-beauty-premium-collagen-2gr30ea\/#primaryimage\"},\"thumbnailUrl\":\"https:\/\/idakorea.ee\/wp-content\/uploads\/2024\/09\/yf1fyddnkz3pkulmtf003o185ukb8ump.jpg\",\"datePublished\":\"2024-09-04T06:47:01+00:00\",\"dateModified\":\"2026-01-30T14:24:38+00:00\",\"description\":\"Parendatud versioon sisaldab \u00fcle 25% kontsentreeritud merekollageeni. Toidulisandi kasutamine tugevdab nahka, parandades selle \u00fcldist struktuuri seestpoolt. V\u00e4hendab kortsude, peenikeste joonte ja teiste vananemisilmingute teket.\",\"breadcrumb\":{\"@id\":\"https:\/\/idakorea.ee\/product\/daily-beauty-premium-collagen-2gr30ea\/#breadcrumb\"},\"inLanguage\":\"en-US\",\"potentialAction\":[{\"@type\":\"ReadAction\",\"target\":[\"https:\/\/idakorea.ee\/product\/daily-beauty-premium-collagen-2gr30ea\/\"]}]},{\"@type\":\"ImageObject\",\"inLanguage\":\"en-US\",\"@id\":\"https:\/\/idakorea.ee\/product\/daily-beauty-premium-collagen-2gr30ea\/#primaryimage\",\"url\":\"https:\/\/idakorea.ee\/wp-content\/uploads\/2024\/09\/yf1fyddnkz3pkulmtf003o185ukb8ump.jpg\",\"contentUrl\":\"https:\/\/idakorea.ee\/wp-content\/uploads\/2024\/09\/yf1fyddnkz3pkulmtf003o185ukb8ump.jpg\",\"width\":1000,\"height\":1000,\"caption\":\"Premium Collagen\"},{\"@type\":\"BreadcrumbList\",\"@id\":\"https:\/\/idakorea.ee\/product\/daily-beauty-premium-collagen-2gr30ea\/#breadcrumb\",\"itemListElement\":[{\"@type\":\"ListItem\",\"position\":1,\"name\":\"\u0413\u043b\u0430\u0432\u043d\u0430\u044f \u0441\u0442\u0440\u0430\u043d\u0438\u0446\u0430\",\"item\":\"https:\/\/idakorea.ee\/\"},{\"@type\":\"ListItem\",\"position\":2,\"name\":\"Shop\",\"item\":\"https:\/\/idakorea.ee\/shop-2\/\"},{\"@type\":\"ListItem\",\"position\":3,\"name\":\"Daily Beauty Premium Collagen (2gr*30ea)\"}]},{\"@type\":\"WebSite\",\"@id\":\"https:\/\/idakorea.ee\/#website\",\"url\":\"https:\/\/idakorea.ee\/\",\"name\":\"IDA.KOREA\",\"description\":\"Korea kosmeetika e-pood\",\"publisher\":{\"@id\":\"https:\/\/idakorea.ee\/#organization\"},\"alternateName\":\"Beauty Shop\",\"potentialAction\":[{\"@type\":\"SearchAction\",\"target\":{\"@type\":\"EntryPoint\",\"urlTemplate\":\"https:\/\/idakorea.ee\/?s={search_term_string}\"},\"query-input\":{\"@type\":\"PropertyValueSpecification\",\"valueRequired\":true,\"valueName\":\"search_term_string\"}}],\"inLanguage\":\"en-US\"},{\"@type\":\"Organization\",\"@id\":\"https:\/\/idakorea.ee\/#organization\",\"name\":\"IDA.KOREA\",\"url\":\"https:\/\/idakorea.ee\/\",\"logo\":{\"@type\":\"ImageObject\",\"inLanguage\":\"en-US\",\"@id\":\"https:\/\/idakorea.ee\/#\/schema\/logo\/image\/\",\"url\":\"https:\/\/idakorea.ee\/wp-content\/uploads\/2024\/05\/cropped-korea3.png\",\"contentUrl\":\"https:\/\/idakorea.ee\/wp-content\/uploads\/2024\/05\/cropped-korea3.png\",\"width\":688,\"height\":126,\"caption\":\"IDA.KOREA\"},\"image\":{\"@id\":\"https:\/\/idakorea.ee\/#\/schema\/logo\/image\/\"},\"sameAs\":[\"https:\/\/www.instagram.com\/ida.korea\/\"]}]}<\/script>\n<!-- \/ Yoast SEO plugin. -->","yoast_head_json":{"title":"Daily Beauty Premium Collagen (2gr*30ea) - IDA.KOREA","description":"The improved version contains more than 25% of concentrated marine collagen. The use of the supplement strengthens the skin, improving its overall structure from the inside. Reduces the appearance of wrinkles, fine lines and other signs of ageing.","robots":{"index":"index","follow":"follow","max-snippet":"max-snippet:-1","max-image-preview":"max-image-preview:large","max-video-preview":"max-video-preview:-1"},"canonical":"https:\/\/idakorea.ee\/en\/product\/daily-beauty-premium-collagen-2gr30ea\/","og_locale":"en_US","og_type":"article","og_title":"Daily Beauty Premium Collagen (2gr*30ea) - IDA.KOREA","og_description":"Parendatud versioon sisaldab \u00fcle 25% kontsentreeritud merekollageeni. Toidulisandi kasutamine tugevdab nahka, parandades selle \u00fcldist struktuuri seestpoolt. V\u00e4hendab kortsude, peenikeste joonte ja teiste vananemisilmingute teket.","og_url":"https:\/\/idakorea.ee\/en\/product\/daily-beauty-premium-collagen-2gr30ea\/","og_site_name":"IDA.KOREA","article_modified_time":"2026-01-30T14:24:38+00:00","og_image":[{"width":1000,"height":1000,"url":"https:\/\/idakorea.ee\/wp-content\/uploads\/2024\/09\/yf1fyddnkz3pkulmtf003o185ukb8ump.jpg","type":"image\/jpeg"}],"twitter_card":"summary_large_image","twitter_misc":{"Est. reading time":"1 minute"},"schema":{"@context":"https:\/\/schema.org","@graph":[{"@type":"WebPage","@id":"https:\/\/idakorea.ee\/product\/daily-beauty-premium-collagen-2gr30ea\/","url":"https:\/\/idakorea.ee\/product\/daily-beauty-premium-collagen-2gr30ea\/","name":"Daily Beauty Premium Collagen (2gr*30ea) - IDA.KOREA","isPartOf":{"@id":"https:\/\/idakorea.ee\/#website"},"primaryImageOfPage":{"@id":"https:\/\/idakorea.ee\/product\/daily-beauty-premium-collagen-2gr30ea\/#primaryimage"},"image":{"@id":"https:\/\/idakorea.ee\/product\/daily-beauty-premium-collagen-2gr30ea\/#primaryimage"},"thumbnailUrl":"https:\/\/idakorea.ee\/wp-content\/uploads\/2024\/09\/yf1fyddnkz3pkulmtf003o185ukb8ump.jpg","datePublished":"2024-09-04T06:47:01+00:00","dateModified":"2026-01-30T14:24:38+00:00","description":"The improved version contains more than 25% of concentrated marine collagen. The use of the supplement strengthens the skin, improving its overall structure from the inside. Reduces the appearance of wrinkles, fine lines and other signs of ageing.","breadcrumb":{"@id":"https:\/\/idakorea.ee\/product\/daily-beauty-premium-collagen-2gr30ea\/#breadcrumb"},"inLanguage":"en-US","potentialAction":[{"@type":"ReadAction","target":["https:\/\/idakorea.ee\/product\/daily-beauty-premium-collagen-2gr30ea\/"]}]},{"@type":"ImageObject","inLanguage":"en-US","@id":"https:\/\/idakorea.ee\/product\/daily-beauty-premium-collagen-2gr30ea\/#primaryimage","url":"https:\/\/idakorea.ee\/wp-content\/uploads\/2024\/09\/yf1fyddnkz3pkulmtf003o185ukb8ump.jpg","contentUrl":"https:\/\/idakorea.ee\/wp-content\/uploads\/2024\/09\/yf1fyddnkz3pkulmtf003o185ukb8ump.jpg","width":1000,"height":1000,"caption":"Premium Collagen"},{"@type":"BreadcrumbList","@id":"https:\/\/idakorea.ee\/product\/daily-beauty-premium-collagen-2gr30ea\/#breadcrumb","itemListElement":[{"@type":"ListItem","position":1,"name":"\u0413\u043b\u0430\u0432\u043d\u0430\u044f \u0441\u0442\u0440\u0430\u043d\u0438\u0446\u0430","item":"https:\/\/idakorea.ee\/"},{"@type":"ListItem","position":2,"name":"Shop","item":"https:\/\/idakorea.ee\/shop-2\/"},{"@type":"ListItem","position":3,"name":"Daily Beauty Premium Collagen (2gr*30ea)"}]},{"@type":"WebSite","@id":"https:\/\/idakorea.ee\/#website","url":"https:\/\/idakorea.ee\/","name":"IDA.KOREA","description":"Korean cosmetics e-shop","publisher":{"@id":"https:\/\/idakorea.ee\/#organization"},"alternateName":"Beauty Shop","potentialAction":[{"@type":"SearchAction","target":{"@type":"EntryPoint","urlTemplate":"https:\/\/idakorea.ee\/?s={search_term_string}"},"query-input":{"@type":"PropertyValueSpecification","valueRequired":true,"valueName":"search_term_string"}}],"inLanguage":"en-US"},{"@type":"Organization","@id":"https:\/\/idakorea.ee\/#organization","name":"IDA.KOREA","url":"https:\/\/idakorea.ee\/","logo":{"@type":"ImageObject","inLanguage":"en-US","@id":"https:\/\/idakorea.ee\/#\/schema\/logo\/image\/","url":"https:\/\/idakorea.ee\/wp-content\/uploads\/2024\/05\/cropped-korea3.png","contentUrl":"https:\/\/idakorea.ee\/wp-content\/uploads\/2024\/05\/cropped-korea3.png","width":688,"height":126,"caption":"IDA.KOREA"},"image":{"@id":"https:\/\/idakorea.ee\/#\/schema\/logo\/image\/"},"sameAs":["https:\/\/www.instagram.com\/ida.korea\/"]}]}},"jetpack_sharing_enabled":true,"brands":[],"_links":{"self":[{"href":"https:\/\/idakorea.ee\/en\/wp-json\/wp\/v2\/product\/10373","targetHints":{"allow":["GET"]}}],"collection":[{"href":"https:\/\/idakorea.ee\/en\/wp-json\/wp\/v2\/product"}],"about":[{"href":"https:\/\/idakorea.ee\/en\/wp-json\/wp\/v2\/types\/product"}],"replies":[{"embeddable":true,"href":"https:\/\/idakorea.ee\/en\/wp-json\/wp\/v2\/comments?post=10373"}],"version-history":[{"count":2,"href":"https:\/\/idakorea.ee\/en\/wp-json\/wp\/v2\/product\/10373\/revisions"}],"predecessor-version":[{"id":10643,"href":"https:\/\/idakorea.ee\/en\/wp-json\/wp\/v2\/product\/10373\/revisions\/10643"}],"wp:featuredmedia":[{"embeddable":true,"href":"https:\/\/idakorea.ee\/en\/wp-json\/wp\/v2\/media\/10374"}],"wp:attachment":[{"href":"https:\/\/idakorea.ee\/en\/wp-json\/wp\/v2\/media?parent=10373"}],"wp:term":[{"taxonomy":"pwb-brand","embeddable":true,"href":"https:\/\/idakorea.ee\/en\/wp-json\/wp\/v2\/pwb-brand?post=10373"},{"taxonomy":"product_brand","embeddable":true,"href":"https:\/\/idakorea.ee\/en\/wp-json\/wp\/v2\/product_brand?post=10373"},{"taxonomy":"product_cat","embeddable":true,"href":"https:\/\/idakorea.ee\/en\/wp-json\/wp\/v2\/product_cat?post=10373"},{"taxonomy":"product_tag","embeddable":true,"href":"https:\/\/idakorea.ee\/en\/wp-json\/wp\/v2\/product_tag?post=10373"}],"curies":[{"name":"wp","href":"https:\/\/api.w.org\/{rel}","templated":true}]}}