{"id":10548,"date":"2024-09-11T10:22:17","date_gmt":"2024-09-11T07:22:17","guid":{"rendered":"https:\/\/idakorea.ee\/?post_type=product&#038;p=10548"},"modified":"2026-04-13T17:30:58","modified_gmt":"2026-04-13T15:30:58","slug":"noorendav-kreem-tuvirakkudega-medi-peel-cell-toxing-dermajours-cream","status":"publish","type":"product","link":"https:\/\/idakorea.ee\/en\/product\/noorendav-kreem-tuvirakkudega-medi-peel-cell-toxing-dermajours-cream\/","title":{"rendered":"Rejuvenating cream with stem cells Medi-Peel Cell Toxing Dermajours Cream, 50ml"},"content":{"rendered":"<p>Rejuvenating cream with stem cells <strong>Medi-Peel Cell Toxing Dermajours Cream<\/strong> effectively restores skin tone by increasing tissue elasticity and firmness, firming and lifting facial contours. The cream has a lifting effect, actively combating signs of ageing, smoothing and reducing the depth of wrinkles and supporting epidermal health. It strengthens the skin's immunity, energises, restores tone and a healthy glow.<\/p>\n<p>The cream actively combats skin ageing: reduces the depth of wrinkles, smoothes fine lines and reduces deeper wrinkles, increases elasticity and slows down the ageing process, preserving youthfulness and health. Intensively moisturises and maintains optimal moisture levels in epidermal cells, lightly brightens skin tone, reduces the appearance of unwanted pigmentation and age spots.<\/p>\n<p>The liposomes in the cream transport the active ingredients deep into the epidermis, allowing them to work faster and more effectively.<\/p>\n<p><strong>Main active ingredients: <\/strong><\/p>\n<p><strong>Edelweiss stem cells<\/strong> have great potential to multiply the rate of new skin cell formation. Stem cells wake up dormant cells in the body, speed up metabolism and microcirculation, slowing down the ageing process. They strengthen the skin's immunity, stimulate the synthesis of collagen and elastin and increase elasticity.<\/p>\n<p><strong>4 peptide complex:<\/strong><\/p>\n<ul>\n<li><strong>EGF<\/strong> works at the molecular and cellular level to slow down the skin ageing process, promote epidermal cell renewal and maintain skin youthfulness. Restores skin elasticity, improves the capillary condition of the face and evens the complexion.<\/li>\n<li><strong>IGF<\/strong> in combination with other growth factors, provides intensive moisturising, slows down the ageing process, reduces dull skin and brightens.<\/li>\n<li><strong>KGF<\/strong> stimulates the growth and activity of skin cells, restores the skin's structure and restores it to its ideal condition. It is also a source of health and beauty for the skin, deeply moisturising and improving the synthesis of macromolecular proteins that ensure skin elasticity.<\/li>\n<li><strong>FGF<\/strong> effectively fills the lack of moisture in epidermal cells, helps to maintain it and prevents dryness. Helps maintain skin firmness and elasticity.<\/li>\n<\/ul>\n<p><strong>Niacinamide<\/strong> Stimulates collagen synthesis and improves the skin's protective functions, helps reduce transepidermal moisture loss and pigmentation, moisturises, tightens pores, soothes and brightens the skin. Adenosine is one of the most commonly used anti-ageing ingredients. It tightens, smoothes wrinkles, speeds up metabolism and prevents the signs of ageing.<\/p>\n<p>&nbsp;<\/p>\n<p>Recommended for mature skin.<\/p>\n<p><strong>Usage:<\/strong> Apply the required amount of cream during the final stage of skin care.<\/p>","protected":false},"excerpt":{"rendered":"<p>Medi-Peel Cell Toxing Dermajours Cream effectively restores skin tone by increasing the elasticity and firmness of tissues, firming and lifting the contours of the face. The cream has a lifting effect, actively combats signs of ageing, smoothes and reduces the depth of wrinkles and supports epidermal health. It strengthens the skin's immunity, energises, restores tone and a healthy glow. The cream actively fights...<\/p>","protected":false},"featured_media":10549,"comment_status":"open","ping_status":"closed","template":"","meta":{"_uf_show_specific_survey":0,"_uf_disable_surveys":false,"_bst_post_transparent":"default","_bst_post_title":"","_bst_post_layout":"default","_bst_post_sidebar_id":"","_bst_post_content_style":"default","_bst_post_vertical_padding":"default","_bst_post_feature":"","_bst_post_feature_position":"","_bst_post_header":false,"_bst_post_footer":false},"pwb-brand":[107],"product_brand":[],"product_cat":[92,96],"product_tag":[734,381],"class_list":{"0":"post-10548","1":"product","2":"type-product","3":"status-publish","4":"has-post-thumbnail","6":"pwb-brand-medipeel","7":"product_cat-nagu","8":"product_cat-naokreemid","9":"product_tag-cream","10":"product_tag-medipeel","12":"first","13":"instock","14":"sale","15":"shipping-taxable","16":"purchasable","17":"product-type-simple","18":"entry","19":"content-bg","20":"loop-entry"},"supplier_id":null,"supplier_sku":"","barcode":null,"atum_controlled":true,"out_stock_date":null,"out_stock_threshold":null,"inheritable":false,"inbound_stock":0,"stock_on_hold":0,"sold_today":0,"sales_last_days":1,"out_stock_days":0,"lost_sales":0,"has_location":false,"update_date":"2026-04-14T00:05:14","atum_locations":[],"atum_stock_status":"instock","restock_status":false,"low_stock_amount":"","sales_update_date":"2026-04-14T00:05:14","calc_backorders":null,"yoast_head":"<!-- This site is optimized with the Yoast SEO plugin v27.2 - https:\/\/yoast.com\/product\/yoast-seo-wordpress\/ -->\n<title>MediPeel Cell Toxing Dermajours Cream - IDA.KOREA<\/title>\n<meta name=\"description\" content=\"Noorendav kreem t\u00fcvirakkudega MediPeel Cell Toxing Dermajours Cream taastab t\u00f5husalt naha toonust, suurendades kudede elastsust ja tugevust, pinguldades ja t\u00f5stes n\u00e4o kontuure.\" \/>\n<meta name=\"robots\" content=\"index, follow, max-snippet:-1, max-image-preview:large, max-video-preview:-1\" \/>\n<link rel=\"canonical\" href=\"https:\/\/idakorea.ee\/en\/product\/noorendav-kreem-tuvirakkudega-medi-peel-cell-toxing-dermajours-cream\/\" \/>\n<meta property=\"og:locale\" content=\"en_US\" \/>\n<meta property=\"og:type\" content=\"article\" \/>\n<meta property=\"og:title\" content=\"MediPeel Cell Toxing Dermajours Cream - IDA.KOREA\" \/>\n<meta property=\"og:description\" content=\"Noorendav kreem t\u00fcvirakkudega MediPeel Cell Toxing Dermajours Cream taastab t\u00f5husalt naha toonust, suurendades kudede elastsust ja tugevust, pinguldades ja t\u00f5stes n\u00e4o kontuure.\" \/>\n<meta property=\"og:url\" content=\"https:\/\/idakorea.ee\/en\/product\/noorendav-kreem-tuvirakkudega-medi-peel-cell-toxing-dermajours-cream\/\" \/>\n<meta property=\"og:site_name\" content=\"IDA.KOREA\" \/>\n<meta property=\"article:modified_time\" content=\"2026-04-13T15:30:58+00:00\" \/>\n<meta property=\"og:image\" content=\"https:\/\/idakorea.ee\/wp-content\/uploads\/2024\/09\/medipeel-cell-tox.jpg\" \/>\n\t<meta property=\"og:image:width\" content=\"695\" \/>\n\t<meta property=\"og:image:height\" content=\"695\" \/>\n\t<meta property=\"og:image:type\" content=\"image\/jpeg\" \/>\n<meta name=\"twitter:card\" content=\"summary_large_image\" \/>\n<meta name=\"twitter:label1\" content=\"Est. reading time\" \/>\n\t<meta name=\"twitter:data1\" content=\"2 minutes\" \/>\n<script type=\"application\/ld+json\" class=\"yoast-schema-graph\">{\"@context\":\"https:\/\/schema.org\",\"@graph\":[{\"@type\":\"WebPage\",\"@id\":\"https:\/\/idakorea.ee\/product\/noorendav-kreem-tuvirakkudega-medi-peel-cell-toxing-dermajours-cream\/\",\"url\":\"https:\/\/idakorea.ee\/product\/noorendav-kreem-tuvirakkudega-medi-peel-cell-toxing-dermajours-cream\/\",\"name\":\"MediPeel Cell Toxing Dermajours Cream - IDA.KOREA\",\"isPartOf\":{\"@id\":\"https:\/\/idakorea.ee\/#website\"},\"primaryImageOfPage\":{\"@id\":\"https:\/\/idakorea.ee\/product\/noorendav-kreem-tuvirakkudega-medi-peel-cell-toxing-dermajours-cream\/#primaryimage\"},\"image\":{\"@id\":\"https:\/\/idakorea.ee\/product\/noorendav-kreem-tuvirakkudega-medi-peel-cell-toxing-dermajours-cream\/#primaryimage\"},\"thumbnailUrl\":\"https:\/\/idakorea.ee\/wp-content\/uploads\/2024\/09\/medipeel-cell-tox.jpg\",\"datePublished\":\"2024-09-11T07:22:17+00:00\",\"dateModified\":\"2026-04-13T15:30:58+00:00\",\"description\":\"Noorendav kreem t\u00fcvirakkudega MediPeel Cell Toxing Dermajours Cream taastab t\u00f5husalt naha toonust, suurendades kudede elastsust ja tugevust, pinguldades ja t\u00f5stes n\u00e4o kontuure.\",\"breadcrumb\":{\"@id\":\"https:\/\/idakorea.ee\/product\/noorendav-kreem-tuvirakkudega-medi-peel-cell-toxing-dermajours-cream\/#breadcrumb\"},\"inLanguage\":\"en-US\",\"potentialAction\":[{\"@type\":\"ReadAction\",\"target\":[\"https:\/\/idakorea.ee\/product\/noorendav-kreem-tuvirakkudega-medi-peel-cell-toxing-dermajours-cream\/\"]}]},{\"@type\":\"ImageObject\",\"inLanguage\":\"en-US\",\"@id\":\"https:\/\/idakorea.ee\/product\/noorendav-kreem-tuvirakkudega-medi-peel-cell-toxing-dermajours-cream\/#primaryimage\",\"url\":\"https:\/\/idakorea.ee\/wp-content\/uploads\/2024\/09\/medipeel-cell-tox.jpg\",\"contentUrl\":\"https:\/\/idakorea.ee\/wp-content\/uploads\/2024\/09\/medipeel-cell-tox.jpg\",\"width\":695,\"height\":695,\"caption\":\"medipeel cell tox\"},{\"@type\":\"BreadcrumbList\",\"@id\":\"https:\/\/idakorea.ee\/product\/noorendav-kreem-tuvirakkudega-medi-peel-cell-toxing-dermajours-cream\/#breadcrumb\",\"itemListElement\":[{\"@type\":\"ListItem\",\"position\":1,\"name\":\"\u0413\u043b\u0430\u0432\u043d\u0430\u044f \u0441\u0442\u0440\u0430\u043d\u0438\u0446\u0430\",\"item\":\"https:\/\/idakorea.ee\/\"},{\"@type\":\"ListItem\",\"position\":2,\"name\":\"Shop\",\"item\":\"https:\/\/idakorea.ee\/shop-2\/\"},{\"@type\":\"ListItem\",\"position\":3,\"name\":\"Noorendav kreem t\u00fcvirakkudega Medi-Peel Cell Toxing Dermajours Cream, 50ml\"}]},{\"@type\":\"WebSite\",\"@id\":\"https:\/\/idakorea.ee\/#website\",\"url\":\"https:\/\/idakorea.ee\/\",\"name\":\"IDA.KOREA\",\"description\":\"Korea kosmeetika e-pood\",\"publisher\":{\"@id\":\"https:\/\/idakorea.ee\/#organization\"},\"alternateName\":\"Beauty Shop\",\"potentialAction\":[{\"@type\":\"SearchAction\",\"target\":{\"@type\":\"EntryPoint\",\"urlTemplate\":\"https:\/\/idakorea.ee\/?s={search_term_string}\"},\"query-input\":{\"@type\":\"PropertyValueSpecification\",\"valueRequired\":true,\"valueName\":\"search_term_string\"}}],\"inLanguage\":\"en-US\"},{\"@type\":\"Organization\",\"@id\":\"https:\/\/idakorea.ee\/#organization\",\"name\":\"IDA.KOREA\",\"url\":\"https:\/\/idakorea.ee\/\",\"logo\":{\"@type\":\"ImageObject\",\"inLanguage\":\"en-US\",\"@id\":\"https:\/\/idakorea.ee\/#\/schema\/logo\/image\/\",\"url\":\"https:\/\/idakorea.ee\/wp-content\/uploads\/2024\/05\/cropped-korea3.png\",\"contentUrl\":\"https:\/\/idakorea.ee\/wp-content\/uploads\/2024\/05\/cropped-korea3.png\",\"width\":688,\"height\":126,\"caption\":\"IDA.KOREA\"},\"image\":{\"@id\":\"https:\/\/idakorea.ee\/#\/schema\/logo\/image\/\"},\"sameAs\":[\"https:\/\/www.instagram.com\/ida.korea\/\"]}]}<\/script>\n<!-- \/ Yoast SEO plugin. -->","yoast_head_json":{"title":"MediPeel Cell Toxing Dermajours Cream - IDA.KOREA","description":"MediPeel Cell Toxing Dermajours Cream, a rejuvenating cream with stem cells, effectively restores skin tone, increasing tissue elasticity and strength, tightening and lifting facial contours.","robots":{"index":"index","follow":"follow","max-snippet":"max-snippet:-1","max-image-preview":"max-image-preview:large","max-video-preview":"max-video-preview:-1"},"canonical":"https:\/\/idakorea.ee\/en\/product\/noorendav-kreem-tuvirakkudega-medi-peel-cell-toxing-dermajours-cream\/","og_locale":"en_US","og_type":"article","og_title":"MediPeel Cell Toxing Dermajours Cream - IDA.KOREA","og_description":"Noorendav kreem t\u00fcvirakkudega MediPeel Cell Toxing Dermajours Cream taastab t\u00f5husalt naha toonust, suurendades kudede elastsust ja tugevust, pinguldades ja t\u00f5stes n\u00e4o kontuure.","og_url":"https:\/\/idakorea.ee\/en\/product\/noorendav-kreem-tuvirakkudega-medi-peel-cell-toxing-dermajours-cream\/","og_site_name":"IDA.KOREA","article_modified_time":"2026-04-13T15:30:58+00:00","og_image":[{"width":695,"height":695,"url":"https:\/\/idakorea.ee\/wp-content\/uploads\/2024\/09\/medipeel-cell-tox.jpg","type":"image\/jpeg"}],"twitter_card":"summary_large_image","twitter_misc":{"Est. reading time":"2 minutes"},"schema":{"@context":"https:\/\/schema.org","@graph":[{"@type":"WebPage","@id":"https:\/\/idakorea.ee\/product\/noorendav-kreem-tuvirakkudega-medi-peel-cell-toxing-dermajours-cream\/","url":"https:\/\/idakorea.ee\/product\/noorendav-kreem-tuvirakkudega-medi-peel-cell-toxing-dermajours-cream\/","name":"MediPeel Cell Toxing Dermajours Cream - IDA.KOREA","isPartOf":{"@id":"https:\/\/idakorea.ee\/#website"},"primaryImageOfPage":{"@id":"https:\/\/idakorea.ee\/product\/noorendav-kreem-tuvirakkudega-medi-peel-cell-toxing-dermajours-cream\/#primaryimage"},"image":{"@id":"https:\/\/idakorea.ee\/product\/noorendav-kreem-tuvirakkudega-medi-peel-cell-toxing-dermajours-cream\/#primaryimage"},"thumbnailUrl":"https:\/\/idakorea.ee\/wp-content\/uploads\/2024\/09\/medipeel-cell-tox.jpg","datePublished":"2024-09-11T07:22:17+00:00","dateModified":"2026-04-13T15:30:58+00:00","description":"MediPeel Cell Toxing Dermajours Cream, a rejuvenating cream with stem cells, effectively restores skin tone, increasing tissue elasticity and strength, tightening and lifting facial contours.","breadcrumb":{"@id":"https:\/\/idakorea.ee\/product\/noorendav-kreem-tuvirakkudega-medi-peel-cell-toxing-dermajours-cream\/#breadcrumb"},"inLanguage":"en-US","potentialAction":[{"@type":"ReadAction","target":["https:\/\/idakorea.ee\/product\/noorendav-kreem-tuvirakkudega-medi-peel-cell-toxing-dermajours-cream\/"]}]},{"@type":"ImageObject","inLanguage":"en-US","@id":"https:\/\/idakorea.ee\/product\/noorendav-kreem-tuvirakkudega-medi-peel-cell-toxing-dermajours-cream\/#primaryimage","url":"https:\/\/idakorea.ee\/wp-content\/uploads\/2024\/09\/medipeel-cell-tox.jpg","contentUrl":"https:\/\/idakorea.ee\/wp-content\/uploads\/2024\/09\/medipeel-cell-tox.jpg","width":695,"height":695,"caption":"medipeel cell tox"},{"@type":"BreadcrumbList","@id":"https:\/\/idakorea.ee\/product\/noorendav-kreem-tuvirakkudega-medi-peel-cell-toxing-dermajours-cream\/#breadcrumb","itemListElement":[{"@type":"ListItem","position":1,"name":"\u0413\u043b\u0430\u0432\u043d\u0430\u044f \u0441\u0442\u0440\u0430\u043d\u0438\u0446\u0430","item":"https:\/\/idakorea.ee\/"},{"@type":"ListItem","position":2,"name":"Shop","item":"https:\/\/idakorea.ee\/shop-2\/"},{"@type":"ListItem","position":3,"name":"Noorendav kreem t\u00fcvirakkudega Medi-Peel Cell Toxing Dermajours Cream, 50ml"}]},{"@type":"WebSite","@id":"https:\/\/idakorea.ee\/#website","url":"https:\/\/idakorea.ee\/","name":"IDA.KOREA","description":"Korean cosmetics e-shop","publisher":{"@id":"https:\/\/idakorea.ee\/#organization"},"alternateName":"Beauty Shop","potentialAction":[{"@type":"SearchAction","target":{"@type":"EntryPoint","urlTemplate":"https:\/\/idakorea.ee\/?s={search_term_string}"},"query-input":{"@type":"PropertyValueSpecification","valueRequired":true,"valueName":"search_term_string"}}],"inLanguage":"en-US"},{"@type":"Organization","@id":"https:\/\/idakorea.ee\/#organization","name":"IDA.KOREA","url":"https:\/\/idakorea.ee\/","logo":{"@type":"ImageObject","inLanguage":"en-US","@id":"https:\/\/idakorea.ee\/#\/schema\/logo\/image\/","url":"https:\/\/idakorea.ee\/wp-content\/uploads\/2024\/05\/cropped-korea3.png","contentUrl":"https:\/\/idakorea.ee\/wp-content\/uploads\/2024\/05\/cropped-korea3.png","width":688,"height":126,"caption":"IDA.KOREA"},"image":{"@id":"https:\/\/idakorea.ee\/#\/schema\/logo\/image\/"},"sameAs":["https:\/\/www.instagram.com\/ida.korea\/"]}]}},"jetpack_sharing_enabled":true,"brands":[{"id":107,"name":"MEDIPEEL+","slug":"medipeel"}],"_links":{"self":[{"href":"https:\/\/idakorea.ee\/en\/wp-json\/wp\/v2\/product\/10548","targetHints":{"allow":["GET"]}}],"collection":[{"href":"https:\/\/idakorea.ee\/en\/wp-json\/wp\/v2\/product"}],"about":[{"href":"https:\/\/idakorea.ee\/en\/wp-json\/wp\/v2\/types\/product"}],"replies":[{"embeddable":true,"href":"https:\/\/idakorea.ee\/en\/wp-json\/wp\/v2\/comments?post=10548"}],"version-history":[{"count":3,"href":"https:\/\/idakorea.ee\/en\/wp-json\/wp\/v2\/product\/10548\/revisions"}],"predecessor-version":[{"id":17296,"href":"https:\/\/idakorea.ee\/en\/wp-json\/wp\/v2\/product\/10548\/revisions\/17296"}],"wp:featuredmedia":[{"embeddable":true,"href":"https:\/\/idakorea.ee\/en\/wp-json\/wp\/v2\/media\/10549"}],"wp:attachment":[{"href":"https:\/\/idakorea.ee\/en\/wp-json\/wp\/v2\/media?parent=10548"}],"wp:term":[{"taxonomy":"pwb-brand","embeddable":true,"href":"https:\/\/idakorea.ee\/en\/wp-json\/wp\/v2\/pwb-brand?post=10548"},{"taxonomy":"product_brand","embeddable":true,"href":"https:\/\/idakorea.ee\/en\/wp-json\/wp\/v2\/product_brand?post=10548"},{"taxonomy":"product_cat","embeddable":true,"href":"https:\/\/idakorea.ee\/en\/wp-json\/wp\/v2\/product_cat?post=10548"},{"taxonomy":"product_tag","embeddable":true,"href":"https:\/\/idakorea.ee\/en\/wp-json\/wp\/v2\/product_tag?post=10548"}],"curies":[{"name":"wp","href":"https:\/\/api.w.org\/{rel}","templated":true}]}}