{"id":10556,"date":"2024-09-11T12:04:38","date_gmt":"2024-09-11T09:04:38","guid":{"rendered":"https:\/\/idakorea.ee\/?post_type=product&#038;p=10556"},"modified":"2026-04-03T10:59:58","modified_gmt":"2026-04-03T08:59:58","slug":"noorendav-tuvirakkudega-ampullseerum-medi-peel-cell-toxing-dermajou-ampoule","status":"publish","type":"product","link":"https:\/\/idakorea.ee\/en\/product\/noorendav-tuvirakkudega-ampullseerum-medi-peel-cell-toxing-dermajou-ampoule\/","title":{"rendered":"Rejuvenating stem cell ampoule serum Medi-Peel Cell Toxing Dermajou Ampoule, 100ml"},"content":{"rendered":"<p>Rejuvenating stem cell ampoule serum <strong>Medi-Peel Cell Toxing Dermajou Ampoule<\/strong> is designed to effectively combat skin ageing and loss of elasticity. The serum works to reduce the appearance of existing wrinkles and prevents the appearance of new ones, prolonging the skin's youthfulness. The product restores skin tone, increases tissue elasticity and firmness, and firms and tightens facial contours. The serum has a light lifting effect, smoothing and reducing the depth of wrinkles and blemishes.<\/p>\n<p>The product strengthens the skin's immunity, gives energy, restores tone and a healthy glow. The serum intensively moisturizes and maintains optimal moisture levels in epidermal cells. It lightly brightens the skin's overall tone, reduces unwanted pigmentation and age spots.<\/p>\n<p>The main components of the serum are phytonutrient stem cells, which enrich epidermal cells with oxygen, protect the skin from free radicals and protect DNA from the damaging effects of the environment. These substances penetrate into the deeper layers of the skin, promoting the intensive growth of collagen and elastin fibres. In addition, the serum contains special liposome capsules that resemble the structure of cell membranes, allowing the active ingredients to penetrate deeper into the epidermis and become more effectively absorbed by the skin.<\/p>\n<p>&nbsp;<\/p>\n<p><strong>Main active ingredients: <\/strong><\/p>\n<ul>\n<li><strong>Edelweissi<\/strong> stem cells have a strong potential to multiply the rate of new skin cell formation. Stem cells wake up dormant cells, speed up metabolism and microcirculation, slowing down the ageing process. They strengthen the skin's immunity, stimulate the production of collagen and elastin and improve skin elasticity.<\/li>\n<li><strong>Niacinamide<\/strong> Stimulates collagen synthesis and improves the skin's protective functions, reduces transepidermal moisture loss, helps to remove pigmentation, moisturises, tightens pores, soothes and brightens the skin.<\/li>\n<li><strong>Adenos<\/strong> is one of the most commonly used components in the fight against ageing. It tightens the skin, smoothes wrinkles, speeds up metabolism and prevents signs of ageing.<\/li>\n<li><strong>Figwort extract<\/strong> contains a special enzyme, ficin, which cleanses, gently exfoliates the stratum corneum, evens skin tone and promotes skin renewal without causing irritation.<\/li>\n<\/ul>\n<p><strong>9-peptide complex:<\/strong><\/p>\n<ul>\n<li>Rejuvenating (Palmitoyl Tripeptide-5, Copper Tripeptide-1, Tripeptide-1, Acetyl Octapeptide-3, Acetyl Hexapeptide-8, Palmitoyl Tripeptide-1) reduce the depth of wrinkles, increase collagen production, slow down the skin ageing process, promote epidermal cell renewal and maintain skin youthfulness and restore elasticity. Boto effect prevents the formation of mimic wrinkles.<\/li>\n<li>Soothing (Nonapeptide-1, Palmitoyl Tetrapeptide-7) reduce inflammation and relieve redness and irritation by inhibiting the activity of the signalling molecule interleukin-6.<\/li>\n<li>Protective (Palmitoyl Pentapeptide-4, Hexapeptide-9) improve skin texture, stimulate collagen fibre growth and prevent degradation, accelerate regeneration and provide cell remodelling effects.<\/li>\n<\/ul>\n<p>&nbsp;<\/p>\n<p>Recommended for mature skin.<\/p>\n<p><strong>Usage:<\/strong> Apply the required amount of serum with light massaging strokes to clean, toned skin.<\/p>","protected":false},"excerpt":{"rendered":"<p>The rejuvenating stem cell ampoule serum Medi-Peel Cell Toxing Dermajoule Ampoule is designed to effectively combat skin ageing and loss of elasticity. The serum works to reduce existing wrinkles and prevents the appearance of new ones, prolonging the skin's youthfulness. The product restores skin tone, increases tissue elasticity and firmness, and firms and tightens facial contours. The serum has a slight lifting effect, smoothing and reducing the appearance of wrinkles....<\/p>","protected":false},"featured_media":10557,"comment_status":"open","ping_status":"closed","template":"","meta":{"_uf_show_specific_survey":0,"_uf_disable_surveys":false,"_bst_post_transparent":"default","_bst_post_title":"","_bst_post_layout":"default","_bst_post_sidebar_id":"","_bst_post_content_style":"default","_bst_post_vertical_padding":"default","_bst_post_feature":"","_bst_post_feature_position":"","_bst_post_header":false,"_bst_post_footer":false},"pwb-brand":[107],"product_brand":[],"product_cat":[92,97],"product_tag":[692,381],"class_list":{"0":"post-10556","1":"product","2":"type-product","3":"status-publish","4":"has-post-thumbnail","6":"pwb-brand-medipeel","7":"product_cat-nagu","8":"product_cat-naoseerumid-ja-olid","9":"product_tag-cell-toxing-dermajou-ampoule","10":"product_tag-medipeel","12":"first","13":"instock","14":"sale","15":"featured","16":"shipping-taxable","17":"purchasable","18":"product-type-simple","19":"entry","20":"content-bg","21":"loop-entry"},"supplier_id":null,"supplier_sku":"","barcode":null,"atum_controlled":true,"out_stock_date":null,"out_stock_threshold":null,"inheritable":false,"inbound_stock":0,"stock_on_hold":0,"sold_today":0,"sales_last_days":0,"out_stock_days":0,"lost_sales":0,"has_location":false,"update_date":"2026-04-14T00:05:10","atum_locations":[],"atum_stock_status":"instock","restock_status":false,"low_stock_amount":"","sales_update_date":"2026-04-14T00:05:10","calc_backorders":null,"yoast_head":"<!-- This site is optimized with the Yoast SEO plugin v27.2 - https:\/\/yoast.com\/product\/yoast-seo-wordpress\/ -->\n<title>Medi-Peel Cell Toxing Dermajou Ampoule - IDA.KOREA<\/title>\n<meta name=\"description\" content=\"Noorendav t\u00fcvirakkudega ampullseerum Medi-Peel Cell Toxing Dermajou Ampoule on loodud t\u00f5husaks v\u00f5itluseks naha vananemise ja elastsuse v\u00e4henemise vastu.\" \/>\n<meta name=\"robots\" content=\"index, follow, max-snippet:-1, max-image-preview:large, max-video-preview:-1\" \/>\n<link rel=\"canonical\" href=\"https:\/\/idakorea.ee\/en\/product\/noorendav-tuvirakkudega-ampullseerum-medi-peel-cell-toxing-dermajou-ampoule\/\" \/>\n<meta property=\"og:locale\" content=\"en_US\" \/>\n<meta property=\"og:type\" content=\"article\" \/>\n<meta property=\"og:title\" content=\"Medi-Peel Cell Toxing Dermajou Ampoule - IDA.KOREA\" \/>\n<meta property=\"og:description\" content=\"Noorendav t\u00fcvirakkudega ampullseerum Medi-Peel Cell Toxing Dermajou Ampoule on loodud t\u00f5husaks v\u00f5itluseks naha vananemise ja elastsuse v\u00e4henemise vastu.\" \/>\n<meta property=\"og:url\" content=\"https:\/\/idakorea.ee\/en\/product\/noorendav-tuvirakkudega-ampullseerum-medi-peel-cell-toxing-dermajou-ampoule\/\" \/>\n<meta property=\"og:site_name\" content=\"IDA.KOREA\" \/>\n<meta property=\"article:modified_time\" content=\"2026-04-03T08:59:58+00:00\" \/>\n<meta property=\"og:image\" content=\"https:\/\/idakorea.ee\/wp-content\/uploads\/2024\/09\/cell-toxing-ampoule.jpg\" \/>\n\t<meta property=\"og:image:width\" content=\"1024\" \/>\n\t<meta property=\"og:image:height\" content=\"1024\" \/>\n\t<meta property=\"og:image:type\" content=\"image\/jpeg\" \/>\n<meta name=\"twitter:card\" content=\"summary_large_image\" \/>\n<meta name=\"twitter:label1\" content=\"Est. reading time\" \/>\n\t<meta name=\"twitter:data1\" content=\"2 minutes\" \/>\n<script type=\"application\/ld+json\" class=\"yoast-schema-graph\">{\"@context\":\"https:\/\/schema.org\",\"@graph\":[{\"@type\":\"WebPage\",\"@id\":\"https:\/\/idakorea.ee\/product\/noorendav-tuvirakkudega-ampullseerum-medi-peel-cell-toxing-dermajou-ampoule\/\",\"url\":\"https:\/\/idakorea.ee\/product\/noorendav-tuvirakkudega-ampullseerum-medi-peel-cell-toxing-dermajou-ampoule\/\",\"name\":\"Medi-Peel Cell Toxing Dermajou Ampoule - IDA.KOREA\",\"isPartOf\":{\"@id\":\"https:\/\/idakorea.ee\/#website\"},\"primaryImageOfPage\":{\"@id\":\"https:\/\/idakorea.ee\/product\/noorendav-tuvirakkudega-ampullseerum-medi-peel-cell-toxing-dermajou-ampoule\/#primaryimage\"},\"image\":{\"@id\":\"https:\/\/idakorea.ee\/product\/noorendav-tuvirakkudega-ampullseerum-medi-peel-cell-toxing-dermajou-ampoule\/#primaryimage\"},\"thumbnailUrl\":\"https:\/\/idakorea.ee\/wp-content\/uploads\/2024\/09\/cell-toxing-ampoule.jpg\",\"datePublished\":\"2024-09-11T09:04:38+00:00\",\"dateModified\":\"2026-04-03T08:59:58+00:00\",\"description\":\"Noorendav t\u00fcvirakkudega ampullseerum Medi-Peel Cell Toxing Dermajou Ampoule on loodud t\u00f5husaks v\u00f5itluseks naha vananemise ja elastsuse v\u00e4henemise vastu.\",\"breadcrumb\":{\"@id\":\"https:\/\/idakorea.ee\/product\/noorendav-tuvirakkudega-ampullseerum-medi-peel-cell-toxing-dermajou-ampoule\/#breadcrumb\"},\"inLanguage\":\"en-US\",\"potentialAction\":[{\"@type\":\"ReadAction\",\"target\":[\"https:\/\/idakorea.ee\/product\/noorendav-tuvirakkudega-ampullseerum-medi-peel-cell-toxing-dermajou-ampoule\/\"]}]},{\"@type\":\"ImageObject\",\"inLanguage\":\"en-US\",\"@id\":\"https:\/\/idakorea.ee\/product\/noorendav-tuvirakkudega-ampullseerum-medi-peel-cell-toxing-dermajou-ampoule\/#primaryimage\",\"url\":\"https:\/\/idakorea.ee\/wp-content\/uploads\/2024\/09\/cell-toxing-ampoule.jpg\",\"contentUrl\":\"https:\/\/idakorea.ee\/wp-content\/uploads\/2024\/09\/cell-toxing-ampoule.jpg\",\"width\":1024,\"height\":1024,\"caption\":\"medipeel cel toxing ampoule\"},{\"@type\":\"BreadcrumbList\",\"@id\":\"https:\/\/idakorea.ee\/product\/noorendav-tuvirakkudega-ampullseerum-medi-peel-cell-toxing-dermajou-ampoule\/#breadcrumb\",\"itemListElement\":[{\"@type\":\"ListItem\",\"position\":1,\"name\":\"\u0413\u043b\u0430\u0432\u043d\u0430\u044f \u0441\u0442\u0440\u0430\u043d\u0438\u0446\u0430\",\"item\":\"https:\/\/idakorea.ee\/\"},{\"@type\":\"ListItem\",\"position\":2,\"name\":\"Shop\",\"item\":\"https:\/\/idakorea.ee\/shop-2\/\"},{\"@type\":\"ListItem\",\"position\":3,\"name\":\"Noorendav t\u00fcvirakkudega ampullseerum Medi-Peel Cell Toxing Dermajou Ampoule, 100ml\"}]},{\"@type\":\"WebSite\",\"@id\":\"https:\/\/idakorea.ee\/#website\",\"url\":\"https:\/\/idakorea.ee\/\",\"name\":\"IDA.KOREA\",\"description\":\"Korea kosmeetika e-pood\",\"publisher\":{\"@id\":\"https:\/\/idakorea.ee\/#organization\"},\"alternateName\":\"Beauty Shop\",\"potentialAction\":[{\"@type\":\"SearchAction\",\"target\":{\"@type\":\"EntryPoint\",\"urlTemplate\":\"https:\/\/idakorea.ee\/?s={search_term_string}\"},\"query-input\":{\"@type\":\"PropertyValueSpecification\",\"valueRequired\":true,\"valueName\":\"search_term_string\"}}],\"inLanguage\":\"en-US\"},{\"@type\":\"Organization\",\"@id\":\"https:\/\/idakorea.ee\/#organization\",\"name\":\"IDA.KOREA\",\"url\":\"https:\/\/idakorea.ee\/\",\"logo\":{\"@type\":\"ImageObject\",\"inLanguage\":\"en-US\",\"@id\":\"https:\/\/idakorea.ee\/#\/schema\/logo\/image\/\",\"url\":\"https:\/\/idakorea.ee\/wp-content\/uploads\/2024\/05\/cropped-korea3.png\",\"contentUrl\":\"https:\/\/idakorea.ee\/wp-content\/uploads\/2024\/05\/cropped-korea3.png\",\"width\":688,\"height\":126,\"caption\":\"IDA.KOREA\"},\"image\":{\"@id\":\"https:\/\/idakorea.ee\/#\/schema\/logo\/image\/\"},\"sameAs\":[\"https:\/\/www.instagram.com\/ida.korea\/\"]}]}<\/script>\n<!-- \/ Yoast SEO plugin. -->","yoast_head_json":{"title":"Medi-Peel Cell Toxing Dermajou Ampoule - IDA.KOREA","description":"Medi-Peel Cell Toxing Dermajou Ampoule, a rejuvenating stem cell ampoule serum, is designed to effectively combat skin aging and loss of elasticity.","robots":{"index":"index","follow":"follow","max-snippet":"max-snippet:-1","max-image-preview":"max-image-preview:large","max-video-preview":"max-video-preview:-1"},"canonical":"https:\/\/idakorea.ee\/en\/product\/noorendav-tuvirakkudega-ampullseerum-medi-peel-cell-toxing-dermajou-ampoule\/","og_locale":"en_US","og_type":"article","og_title":"Medi-Peel Cell Toxing Dermajou Ampoule - IDA.KOREA","og_description":"Noorendav t\u00fcvirakkudega ampullseerum Medi-Peel Cell Toxing Dermajou Ampoule on loodud t\u00f5husaks v\u00f5itluseks naha vananemise ja elastsuse v\u00e4henemise vastu.","og_url":"https:\/\/idakorea.ee\/en\/product\/noorendav-tuvirakkudega-ampullseerum-medi-peel-cell-toxing-dermajou-ampoule\/","og_site_name":"IDA.KOREA","article_modified_time":"2026-04-03T08:59:58+00:00","og_image":[{"width":1024,"height":1024,"url":"https:\/\/idakorea.ee\/wp-content\/uploads\/2024\/09\/cell-toxing-ampoule.jpg","type":"image\/jpeg"}],"twitter_card":"summary_large_image","twitter_misc":{"Est. reading time":"2 minutes"},"schema":{"@context":"https:\/\/schema.org","@graph":[{"@type":"WebPage","@id":"https:\/\/idakorea.ee\/product\/noorendav-tuvirakkudega-ampullseerum-medi-peel-cell-toxing-dermajou-ampoule\/","url":"https:\/\/idakorea.ee\/product\/noorendav-tuvirakkudega-ampullseerum-medi-peel-cell-toxing-dermajou-ampoule\/","name":"Medi-Peel Cell Toxing Dermajou Ampoule - IDA.KOREA","isPartOf":{"@id":"https:\/\/idakorea.ee\/#website"},"primaryImageOfPage":{"@id":"https:\/\/idakorea.ee\/product\/noorendav-tuvirakkudega-ampullseerum-medi-peel-cell-toxing-dermajou-ampoule\/#primaryimage"},"image":{"@id":"https:\/\/idakorea.ee\/product\/noorendav-tuvirakkudega-ampullseerum-medi-peel-cell-toxing-dermajou-ampoule\/#primaryimage"},"thumbnailUrl":"https:\/\/idakorea.ee\/wp-content\/uploads\/2024\/09\/cell-toxing-ampoule.jpg","datePublished":"2024-09-11T09:04:38+00:00","dateModified":"2026-04-03T08:59:58+00:00","description":"Medi-Peel Cell Toxing Dermajou Ampoule, a rejuvenating stem cell ampoule serum, is designed to effectively combat skin aging and loss of elasticity.","breadcrumb":{"@id":"https:\/\/idakorea.ee\/product\/noorendav-tuvirakkudega-ampullseerum-medi-peel-cell-toxing-dermajou-ampoule\/#breadcrumb"},"inLanguage":"en-US","potentialAction":[{"@type":"ReadAction","target":["https:\/\/idakorea.ee\/product\/noorendav-tuvirakkudega-ampullseerum-medi-peel-cell-toxing-dermajou-ampoule\/"]}]},{"@type":"ImageObject","inLanguage":"en-US","@id":"https:\/\/idakorea.ee\/product\/noorendav-tuvirakkudega-ampullseerum-medi-peel-cell-toxing-dermajou-ampoule\/#primaryimage","url":"https:\/\/idakorea.ee\/wp-content\/uploads\/2024\/09\/cell-toxing-ampoule.jpg","contentUrl":"https:\/\/idakorea.ee\/wp-content\/uploads\/2024\/09\/cell-toxing-ampoule.jpg","width":1024,"height":1024,"caption":"medipeel cel toxing ampoule"},{"@type":"BreadcrumbList","@id":"https:\/\/idakorea.ee\/product\/noorendav-tuvirakkudega-ampullseerum-medi-peel-cell-toxing-dermajou-ampoule\/#breadcrumb","itemListElement":[{"@type":"ListItem","position":1,"name":"\u0413\u043b\u0430\u0432\u043d\u0430\u044f \u0441\u0442\u0440\u0430\u043d\u0438\u0446\u0430","item":"https:\/\/idakorea.ee\/"},{"@type":"ListItem","position":2,"name":"Shop","item":"https:\/\/idakorea.ee\/shop-2\/"},{"@type":"ListItem","position":3,"name":"Noorendav t\u00fcvirakkudega ampullseerum Medi-Peel Cell Toxing Dermajou Ampoule, 100ml"}]},{"@type":"WebSite","@id":"https:\/\/idakorea.ee\/#website","url":"https:\/\/idakorea.ee\/","name":"IDA.KOREA","description":"Korean cosmetics e-shop","publisher":{"@id":"https:\/\/idakorea.ee\/#organization"},"alternateName":"Beauty Shop","potentialAction":[{"@type":"SearchAction","target":{"@type":"EntryPoint","urlTemplate":"https:\/\/idakorea.ee\/?s={search_term_string}"},"query-input":{"@type":"PropertyValueSpecification","valueRequired":true,"valueName":"search_term_string"}}],"inLanguage":"en-US"},{"@type":"Organization","@id":"https:\/\/idakorea.ee\/#organization","name":"IDA.KOREA","url":"https:\/\/idakorea.ee\/","logo":{"@type":"ImageObject","inLanguage":"en-US","@id":"https:\/\/idakorea.ee\/#\/schema\/logo\/image\/","url":"https:\/\/idakorea.ee\/wp-content\/uploads\/2024\/05\/cropped-korea3.png","contentUrl":"https:\/\/idakorea.ee\/wp-content\/uploads\/2024\/05\/cropped-korea3.png","width":688,"height":126,"caption":"IDA.KOREA"},"image":{"@id":"https:\/\/idakorea.ee\/#\/schema\/logo\/image\/"},"sameAs":["https:\/\/www.instagram.com\/ida.korea\/"]}]}},"jetpack_sharing_enabled":true,"brands":[{"id":107,"name":"MEDIPEEL+","slug":"medipeel"}],"_links":{"self":[{"href":"https:\/\/idakorea.ee\/en\/wp-json\/wp\/v2\/product\/10556","targetHints":{"allow":["GET"]}}],"collection":[{"href":"https:\/\/idakorea.ee\/en\/wp-json\/wp\/v2\/product"}],"about":[{"href":"https:\/\/idakorea.ee\/en\/wp-json\/wp\/v2\/types\/product"}],"replies":[{"embeddable":true,"href":"https:\/\/idakorea.ee\/en\/wp-json\/wp\/v2\/comments?post=10556"}],"version-history":[{"count":3,"href":"https:\/\/idakorea.ee\/en\/wp-json\/wp\/v2\/product\/10556\/revisions"}],"predecessor-version":[{"id":17301,"href":"https:\/\/idakorea.ee\/en\/wp-json\/wp\/v2\/product\/10556\/revisions\/17301"}],"wp:featuredmedia":[{"embeddable":true,"href":"https:\/\/idakorea.ee\/en\/wp-json\/wp\/v2\/media\/10557"}],"wp:attachment":[{"href":"https:\/\/idakorea.ee\/en\/wp-json\/wp\/v2\/media?parent=10556"}],"wp:term":[{"taxonomy":"pwb-brand","embeddable":true,"href":"https:\/\/idakorea.ee\/en\/wp-json\/wp\/v2\/pwb-brand?post=10556"},{"taxonomy":"product_brand","embeddable":true,"href":"https:\/\/idakorea.ee\/en\/wp-json\/wp\/v2\/product_brand?post=10556"},{"taxonomy":"product_cat","embeddable":true,"href":"https:\/\/idakorea.ee\/en\/wp-json\/wp\/v2\/product_cat?post=10556"},{"taxonomy":"product_tag","embeddable":true,"href":"https:\/\/idakorea.ee\/en\/wp-json\/wp\/v2\/product_tag?post=10556"}],"curies":[{"name":"wp","href":"https:\/\/api.w.org\/{rel}","templated":true}]}}