{"id":10562,"date":"2024-09-11T12:25:35","date_gmt":"2024-09-11T09:25:35","guid":{"rendered":"https:\/\/idakorea.ee\/?post_type=product&#038;p=10562"},"modified":"2026-01-30T16:20:57","modified_gmt":"2026-01-30T14:20:57","slug":"medipeel-cell-toxing-dermajours-black-truffle-repair-mask","status":"publish","type":"product","link":"https:\/\/idakorea.ee\/en\/product\/medipeel-cell-toxing-dermajours-black-truffle-repair-mask\/","title":{"rendered":"Rejuvenating face mask Medipeel Cell Toxing Dermajours Black Truffle Repair Mask"},"content":{"rendered":"<p>A skin-restoring and elasticity-supporting premium mask with a patented plant extract and truffle that adds elasticity and vitality to the skin. This premium mask makes the skin smooth and firm from the inside thanks to a powerful plant extract (Swiss Edelweiss callus) and the elasticity energy of black truffle. A soft sheet of coconut-derived bio-cellulose, infused with serum, adheres tightly to the face, leaving skin hydrated and firm.<\/p>\n<p>5 proprietary complex ingredients and 9 types of peptides provide comprehensive care for fine lines and deeper wrinkles.<\/p>\n<p><strong>Usage:<\/strong> After cleansing, use the toner to refresh the skin. Gently apply the mask to the face. Remove mask after 10-20 minutes. Gently pat in the essence left on the skin.<\/p>\n<p>&nbsp;<\/p>","protected":false},"excerpt":{"rendered":"<p>A skin-restoring and elasticity-supporting premium mask with a patented plant extract and truffle that adds elasticity and vitality to the skin. This premium mask makes the skin smooth and firm from the inside thanks to a powerful plant extract (Swiss Edelweiss callus) and the elasticity energy of black truffle. A soft sheet of coconut-derived bio-cellulose, infused with serum, adheres tightly to the face, leaving skin hydrated and firm. 5...<\/p>","protected":false},"featured_media":10563,"comment_status":"open","ping_status":"closed","template":"","meta":{"_uf_show_specific_survey":0,"_uf_disable_surveys":false,"_bst_post_transparent":"default","_bst_post_title":"","_bst_post_layout":"default","_bst_post_sidebar_id":"","_bst_post_content_style":"default","_bst_post_vertical_padding":"default","_bst_post_feature":"","_bst_post_feature_position":"","_bst_post_header":false,"_bst_post_footer":false},"pwb-brand":[107],"product_brand":[],"product_cat":[92,98],"product_tag":[613],"class_list":{"0":"post-10562","1":"product","2":"type-product","3":"status-publish","4":"has-post-thumbnail","6":"pwb-brand-medipeel","7":"product_cat-nagu","8":"product_cat-naomaskid","9":"product_tag-medipeel-black-truffle","11":"first","12":"outofstock","13":"sale","14":"shipping-taxable","15":"purchasable","16":"product-type-simple","17":"entry","18":"content-bg","19":"loop-entry"},"supplier_id":null,"supplier_sku":"","barcode":null,"atum_controlled":true,"out_stock_date":null,"out_stock_threshold":null,"inheritable":false,"inbound_stock":0,"stock_on_hold":0,"sold_today":0,"sales_last_days":0,"out_stock_days":0,"lost_sales":0,"has_location":false,"update_date":"2026-04-15T00:05:12","atum_locations":[],"atum_stock_status":"outofstock","restock_status":false,"low_stock_amount":"","sales_update_date":"2026-04-15T00:05:12","calc_backorders":null,"yoast_head":"<!-- This site is optimized with the Yoast SEO plugin v27.2 - https:\/\/yoast.com\/product\/yoast-seo-wordpress\/ -->\n<title>Noorendav n\u00e4omask Medipeel Cell Toxing Dermajours Black Truffle Repair Mask - IDA.KOREA<\/title>\n<meta name=\"robots\" content=\"index, follow, max-snippet:-1, max-image-preview:large, max-video-preview:-1\" \/>\n<link rel=\"canonical\" href=\"https:\/\/idakorea.ee\/en\/product\/medipeel-cell-toxing-dermajours-black-truffle-repair-mask\/\" \/>\n<meta property=\"og:locale\" content=\"en_US\" \/>\n<meta property=\"og:type\" content=\"article\" \/>\n<meta property=\"og:title\" content=\"Noorendav n\u00e4omask Medipeel Cell Toxing Dermajours Black Truffle Repair Mask - IDA.KOREA\" \/>\n<meta property=\"og:description\" content=\"Naha taastav ja elastsust toetav premium mask patenteeritud taimeekstrakti ja tr\u00fchvliga, mis lisab nahale elastsust ja eluj\u00f5udu. See premium mask muudab naha seestpoolt siledaks ja tugevaks t\u00e4nu v\u00f5imsale taimekultuuri ekstraktile (\u0160veitsi edelweissi kallus) ja musta tr\u00fchvli elastsusenergiaga. Pehme kookosp\u00e4hklist saadud biotselluloosi leht, mis on seerumiga t\u00e4idetud, kinnitub tihedalt n\u00e4ole, muutes naha niiskeks ja tugevaks. 5...\" \/>\n<meta property=\"og:url\" content=\"https:\/\/idakorea.ee\/en\/product\/medipeel-cell-toxing-dermajours-black-truffle-repair-mask\/\" \/>\n<meta property=\"og:site_name\" content=\"IDA.KOREA\" \/>\n<meta property=\"article:modified_time\" content=\"2026-01-30T14:20:57+00:00\" \/>\n<meta property=\"og:image\" content=\"https:\/\/idakorea.ee\/wp-content\/uploads\/2024\/09\/medipeel_500375-650x650-1.jpg\" \/>\n\t<meta property=\"og:image:width\" content=\"650\" \/>\n\t<meta property=\"og:image:height\" content=\"650\" \/>\n\t<meta property=\"og:image:type\" content=\"image\/jpeg\" \/>\n<meta name=\"twitter:card\" content=\"summary_large_image\" \/>\n<meta name=\"twitter:label1\" content=\"Est. reading time\" \/>\n\t<meta name=\"twitter:data1\" content=\"1 minute\" \/>\n<script type=\"application\/ld+json\" class=\"yoast-schema-graph\">{\"@context\":\"https:\/\/schema.org\",\"@graph\":[{\"@type\":\"WebPage\",\"@id\":\"https:\/\/idakorea.ee\/product\/medipeel-cell-toxing-dermajours-black-truffle-repair-mask\/\",\"url\":\"https:\/\/idakorea.ee\/product\/medipeel-cell-toxing-dermajours-black-truffle-repair-mask\/\",\"name\":\"Noorendav n\u00e4omask Medipeel Cell Toxing Dermajours Black Truffle Repair Mask - IDA.KOREA\",\"isPartOf\":{\"@id\":\"https:\/\/idakorea.ee\/#website\"},\"primaryImageOfPage\":{\"@id\":\"https:\/\/idakorea.ee\/product\/medipeel-cell-toxing-dermajours-black-truffle-repair-mask\/#primaryimage\"},\"image\":{\"@id\":\"https:\/\/idakorea.ee\/product\/medipeel-cell-toxing-dermajours-black-truffle-repair-mask\/#primaryimage\"},\"thumbnailUrl\":\"https:\/\/idakorea.ee\/wp-content\/uploads\/2024\/09\/medipeel_500375-650x650-1.jpg\",\"datePublished\":\"2024-09-11T09:25:35+00:00\",\"dateModified\":\"2026-01-30T14:20:57+00:00\",\"breadcrumb\":{\"@id\":\"https:\/\/idakorea.ee\/product\/medipeel-cell-toxing-dermajours-black-truffle-repair-mask\/#breadcrumb\"},\"inLanguage\":\"en-US\",\"potentialAction\":[{\"@type\":\"ReadAction\",\"target\":[\"https:\/\/idakorea.ee\/product\/medipeel-cell-toxing-dermajours-black-truffle-repair-mask\/\"]}]},{\"@type\":\"ImageObject\",\"inLanguage\":\"en-US\",\"@id\":\"https:\/\/idakorea.ee\/product\/medipeel-cell-toxing-dermajours-black-truffle-repair-mask\/#primaryimage\",\"url\":\"https:\/\/idakorea.ee\/wp-content\/uploads\/2024\/09\/medipeel_500375-650x650-1.jpg\",\"contentUrl\":\"https:\/\/idakorea.ee\/wp-content\/uploads\/2024\/09\/medipeel_500375-650x650-1.jpg\",\"width\":650,\"height\":650,\"caption\":\"medipeel cell toxing mask\"},{\"@type\":\"BreadcrumbList\",\"@id\":\"https:\/\/idakorea.ee\/product\/medipeel-cell-toxing-dermajours-black-truffle-repair-mask\/#breadcrumb\",\"itemListElement\":[{\"@type\":\"ListItem\",\"position\":1,\"name\":\"\u0413\u043b\u0430\u0432\u043d\u0430\u044f \u0441\u0442\u0440\u0430\u043d\u0438\u0446\u0430\",\"item\":\"https:\/\/idakorea.ee\/\"},{\"@type\":\"ListItem\",\"position\":2,\"name\":\"Shop\",\"item\":\"https:\/\/idakorea.ee\/shop-2\/\"},{\"@type\":\"ListItem\",\"position\":3,\"name\":\"Noorendav n\u00e4omask Medipeel Cell Toxing Dermajours Black Truffle Repair Mask\"}]},{\"@type\":\"WebSite\",\"@id\":\"https:\/\/idakorea.ee\/#website\",\"url\":\"https:\/\/idakorea.ee\/\",\"name\":\"IDA.KOREA\",\"description\":\"Korea kosmeetika e-pood\",\"publisher\":{\"@id\":\"https:\/\/idakorea.ee\/#organization\"},\"alternateName\":\"Beauty Shop\",\"potentialAction\":[{\"@type\":\"SearchAction\",\"target\":{\"@type\":\"EntryPoint\",\"urlTemplate\":\"https:\/\/idakorea.ee\/?s={search_term_string}\"},\"query-input\":{\"@type\":\"PropertyValueSpecification\",\"valueRequired\":true,\"valueName\":\"search_term_string\"}}],\"inLanguage\":\"en-US\"},{\"@type\":\"Organization\",\"@id\":\"https:\/\/idakorea.ee\/#organization\",\"name\":\"IDA.KOREA\",\"url\":\"https:\/\/idakorea.ee\/\",\"logo\":{\"@type\":\"ImageObject\",\"inLanguage\":\"en-US\",\"@id\":\"https:\/\/idakorea.ee\/#\/schema\/logo\/image\/\",\"url\":\"https:\/\/idakorea.ee\/wp-content\/uploads\/2024\/05\/cropped-korea3.png\",\"contentUrl\":\"https:\/\/idakorea.ee\/wp-content\/uploads\/2024\/05\/cropped-korea3.png\",\"width\":688,\"height\":126,\"caption\":\"IDA.KOREA\"},\"image\":{\"@id\":\"https:\/\/idakorea.ee\/#\/schema\/logo\/image\/\"},\"sameAs\":[\"https:\/\/www.instagram.com\/ida.korea\/\"]}]}<\/script>\n<!-- \/ Yoast SEO plugin. -->","yoast_head_json":{"title":"Rejuvenating face mask Medipeel Cell Toxing Dermajours Black Truffle Repair Mask - IDA.KOREA","robots":{"index":"index","follow":"follow","max-snippet":"max-snippet:-1","max-image-preview":"max-image-preview:large","max-video-preview":"max-video-preview:-1"},"canonical":"https:\/\/idakorea.ee\/en\/product\/medipeel-cell-toxing-dermajours-black-truffle-repair-mask\/","og_locale":"en_US","og_type":"article","og_title":"Noorendav n\u00e4omask Medipeel Cell Toxing Dermajours Black Truffle Repair Mask - IDA.KOREA","og_description":"Naha taastav ja elastsust toetav premium mask patenteeritud taimeekstrakti ja tr\u00fchvliga, mis lisab nahale elastsust ja eluj\u00f5udu. See premium mask muudab naha seestpoolt siledaks ja tugevaks t\u00e4nu v\u00f5imsale taimekultuuri ekstraktile (\u0160veitsi edelweissi kallus) ja musta tr\u00fchvli elastsusenergiaga. Pehme kookosp\u00e4hklist saadud biotselluloosi leht, mis on seerumiga t\u00e4idetud, kinnitub tihedalt n\u00e4ole, muutes naha niiskeks ja tugevaks. 5...","og_url":"https:\/\/idakorea.ee\/en\/product\/medipeel-cell-toxing-dermajours-black-truffle-repair-mask\/","og_site_name":"IDA.KOREA","article_modified_time":"2026-01-30T14:20:57+00:00","og_image":[{"width":650,"height":650,"url":"https:\/\/idakorea.ee\/wp-content\/uploads\/2024\/09\/medipeel_500375-650x650-1.jpg","type":"image\/jpeg"}],"twitter_card":"summary_large_image","twitter_misc":{"Est. reading time":"1 minute"},"schema":{"@context":"https:\/\/schema.org","@graph":[{"@type":"WebPage","@id":"https:\/\/idakorea.ee\/product\/medipeel-cell-toxing-dermajours-black-truffle-repair-mask\/","url":"https:\/\/idakorea.ee\/product\/medipeel-cell-toxing-dermajours-black-truffle-repair-mask\/","name":"Rejuvenating face mask Medipeel Cell Toxing Dermajours Black Truffle Repair Mask - IDA.KOREA","isPartOf":{"@id":"https:\/\/idakorea.ee\/#website"},"primaryImageOfPage":{"@id":"https:\/\/idakorea.ee\/product\/medipeel-cell-toxing-dermajours-black-truffle-repair-mask\/#primaryimage"},"image":{"@id":"https:\/\/idakorea.ee\/product\/medipeel-cell-toxing-dermajours-black-truffle-repair-mask\/#primaryimage"},"thumbnailUrl":"https:\/\/idakorea.ee\/wp-content\/uploads\/2024\/09\/medipeel_500375-650x650-1.jpg","datePublished":"2024-09-11T09:25:35+00:00","dateModified":"2026-01-30T14:20:57+00:00","breadcrumb":{"@id":"https:\/\/idakorea.ee\/product\/medipeel-cell-toxing-dermajours-black-truffle-repair-mask\/#breadcrumb"},"inLanguage":"en-US","potentialAction":[{"@type":"ReadAction","target":["https:\/\/idakorea.ee\/product\/medipeel-cell-toxing-dermajours-black-truffle-repair-mask\/"]}]},{"@type":"ImageObject","inLanguage":"en-US","@id":"https:\/\/idakorea.ee\/product\/medipeel-cell-toxing-dermajours-black-truffle-repair-mask\/#primaryimage","url":"https:\/\/idakorea.ee\/wp-content\/uploads\/2024\/09\/medipeel_500375-650x650-1.jpg","contentUrl":"https:\/\/idakorea.ee\/wp-content\/uploads\/2024\/09\/medipeel_500375-650x650-1.jpg","width":650,"height":650,"caption":"medipeel cell toxing mask"},{"@type":"BreadcrumbList","@id":"https:\/\/idakorea.ee\/product\/medipeel-cell-toxing-dermajours-black-truffle-repair-mask\/#breadcrumb","itemListElement":[{"@type":"ListItem","position":1,"name":"\u0413\u043b\u0430\u0432\u043d\u0430\u044f \u0441\u0442\u0440\u0430\u043d\u0438\u0446\u0430","item":"https:\/\/idakorea.ee\/"},{"@type":"ListItem","position":2,"name":"Shop","item":"https:\/\/idakorea.ee\/shop-2\/"},{"@type":"ListItem","position":3,"name":"Noorendav n\u00e4omask Medipeel Cell Toxing Dermajours Black Truffle Repair Mask"}]},{"@type":"WebSite","@id":"https:\/\/idakorea.ee\/#website","url":"https:\/\/idakorea.ee\/","name":"IDA.KOREA","description":"Korean cosmetics e-shop","publisher":{"@id":"https:\/\/idakorea.ee\/#organization"},"alternateName":"Beauty Shop","potentialAction":[{"@type":"SearchAction","target":{"@type":"EntryPoint","urlTemplate":"https:\/\/idakorea.ee\/?s={search_term_string}"},"query-input":{"@type":"PropertyValueSpecification","valueRequired":true,"valueName":"search_term_string"}}],"inLanguage":"en-US"},{"@type":"Organization","@id":"https:\/\/idakorea.ee\/#organization","name":"IDA.KOREA","url":"https:\/\/idakorea.ee\/","logo":{"@type":"ImageObject","inLanguage":"en-US","@id":"https:\/\/idakorea.ee\/#\/schema\/logo\/image\/","url":"https:\/\/idakorea.ee\/wp-content\/uploads\/2024\/05\/cropped-korea3.png","contentUrl":"https:\/\/idakorea.ee\/wp-content\/uploads\/2024\/05\/cropped-korea3.png","width":688,"height":126,"caption":"IDA.KOREA"},"image":{"@id":"https:\/\/idakorea.ee\/#\/schema\/logo\/image\/"},"sameAs":["https:\/\/www.instagram.com\/ida.korea\/"]}]}},"jetpack_sharing_enabled":true,"brands":[{"id":107,"name":"MEDIPEEL+","slug":"medipeel"}],"_links":{"self":[{"href":"https:\/\/idakorea.ee\/en\/wp-json\/wp\/v2\/product\/10562","targetHints":{"allow":["GET"]}}],"collection":[{"href":"https:\/\/idakorea.ee\/en\/wp-json\/wp\/v2\/product"}],"about":[{"href":"https:\/\/idakorea.ee\/en\/wp-json\/wp\/v2\/types\/product"}],"replies":[{"embeddable":true,"href":"https:\/\/idakorea.ee\/en\/wp-json\/wp\/v2\/comments?post=10562"}],"version-history":[{"count":3,"href":"https:\/\/idakorea.ee\/en\/wp-json\/wp\/v2\/product\/10562\/revisions"}],"predecessor-version":[{"id":10567,"href":"https:\/\/idakorea.ee\/en\/wp-json\/wp\/v2\/product\/10562\/revisions\/10567"}],"wp:featuredmedia":[{"embeddable":true,"href":"https:\/\/idakorea.ee\/en\/wp-json\/wp\/v2\/media\/10563"}],"wp:attachment":[{"href":"https:\/\/idakorea.ee\/en\/wp-json\/wp\/v2\/media?parent=10562"}],"wp:term":[{"taxonomy":"pwb-brand","embeddable":true,"href":"https:\/\/idakorea.ee\/en\/wp-json\/wp\/v2\/pwb-brand?post=10562"},{"taxonomy":"product_brand","embeddable":true,"href":"https:\/\/idakorea.ee\/en\/wp-json\/wp\/v2\/product_brand?post=10562"},{"taxonomy":"product_cat","embeddable":true,"href":"https:\/\/idakorea.ee\/en\/wp-json\/wp\/v2\/product_cat?post=10562"},{"taxonomy":"product_tag","embeddable":true,"href":"https:\/\/idakorea.ee\/en\/wp-json\/wp\/v2\/product_tag?post=10562"}],"curies":[{"name":"wp","href":"https:\/\/api.w.org\/{rel}","templated":true}]}}