{"id":10574,"date":"2024-09-12T14:56:12","date_gmt":"2024-09-12T12:56:12","guid":{"rendered":"https:\/\/idakorea.ee\/?post_type=product&#038;p=10574"},"modified":"2026-03-27T16:40:47","modified_gmt":"2026-03-27T14:40:47","slug":"naomask-a-h-c-premium-hydra-soother-propolis-mask","status":"publish","type":"product","link":"https:\/\/idakorea.ee\/en\/product\/naomask-a-h-c-premium-hydra-soother-propolis-mask\/","title":{"rendered":"A.H.C Premium Hydra Soother Propolis Mask"},"content":{"rendered":"<article class=\"w-full text-token-text-primary focus-visible:outline-2 focus-visible:outline-offset-[-4px]\" dir=\"auto\" data-testid=\"conversation-turn-31\" data-scroll-anchor=\"false\">\n<div class=\"text-base py-[18px] px-3 md:px-4 m-auto w-full md:px-5 lg:px-1 xl:px-5\">\n<div class=\"mx-auto flex flex-1 gap-4 text-base md:gap-5 lg:gap-6 md:max-w-3xl lg:max-w-[40rem] xl:max-w-[48rem]\">\n<div class=\"group\/conversation-turn relative flex w-full min-w-0 flex-col agent-turn\">\n<div class=\"flex-col gap-1 md:gap-3\">\n<div class=\"flex max-w-full flex-col flex-grow\">\n<div class=\"min-h-[20px] text-message flex w-full flex-col items-end gap-2 whitespace-normal break-words [.text-message+&amp;]:mt-5\" dir=\"auto\" data-message-author-role=\"assistant\" data-message-id=\"6835a49d-c82f-421d-ba03-f8822959f4b3\">\n<div class=\"flex w-full flex-col gap-1 empty:hidden first:pt-[3px]\">\n<div class=\"markdown prose w-full break-words dark:prose-invert light\">\n<article class=\"w-full text-token-text-primary focus-visible:outline-2 focus-visible:outline-offset-[-4px]\" dir=\"auto\" data-testid=\"conversation-turn-31\" data-scroll-anchor=\"false\">\n<div class=\"text-base py-[18px] px-3 md:px-4 m-auto w-full md:px-5 lg:px-1 xl:px-5\">\n<div class=\"mx-auto flex flex-1 gap-4 text-base md:gap-5 lg:gap-6 md:max-w-3xl lg:max-w-[40rem] xl:max-w-[48rem]\">\n<div class=\"group\/conversation-turn relative flex w-full min-w-0 flex-col agent-turn\">\n<div class=\"flex-col gap-1 md:gap-3\">\n<div class=\"flex max-w-full flex-col flex-grow\">\n<div class=\"min-h-[20px] text-message flex w-full flex-col items-end gap-2 whitespace-normal break-words [.text-message+&amp;]:mt-5\" dir=\"auto\" data-message-author-role=\"assistant\" data-message-id=\"6835a49d-c82f-421d-ba03-f8822959f4b3\">\n<div class=\"flex w-full flex-col gap-1 empty:hidden first:pt-[3px]\">\n<div class=\"markdown prose w-full break-words dark:prose-invert light\">\n<p>Koostises on taruvaigu ekstrakt ja vitamiin B5, mis t\u00e4idavad naha rikkalike toitainetega, muutes selle niisutatuks ja elastseks. Taruvaigu ekstrakti regulaarne kasutamine muudab naha aja jooksul vastupidavamaks.<\/p>\n<p><strong>Toote omadused:<\/strong><\/p>\n<ul>\n<li>P\u00f5letikuvastane: t\u00e4nu taruvaigule t\u00e4idab nahka rikkalike toitainetega, muutes selle vastupidavamaks ja p\u00f5letikuvabaks.<\/li>\n<li>Nahka elastsust suurendav: h\u00fcdrol\u00fc\u00fcsitud kollageeni ja \u017een\u0161enni ekstrakti lisamine aitab siluda karedat nahka, ahendada poore, taastada pehme naha tekstuuri ja lisada s\u00e4ra.<\/li>\n<li>Nahas\u00f5bralik: pehme ja naturaalne kiudmask, mis on k\u00fcllastatud rohkete essentsidega, sobitub n\u00e4okontuuriga. Pakub \u00f5rna hooldust, sobides ka tundlikule nahale.<\/li>\n<\/ul>\n<p>&nbsp;<\/p>\n<p><strong>Kasutamine:<\/strong> p\u00e4rast puhastusetappi kanna n\u00e4ole toonik. Seej\u00e4rel aseta mask n\u00e4ole. Oota umbes 20\u201330 minutit, eemalda mask ja masseeri \u00f5rnalt, et essents paremini imenduks.<\/p>\n<\/div>\n<\/div>\n<\/div>\n<\/div>\n<\/div>\n<\/div>\n<\/div>\n<\/div>\n<\/article>\n<\/div>\n<\/div>\n<\/div>\n<\/div>\n<\/div>\n<\/div>\n<\/div>\n<\/div>\n<\/article>\n","protected":false},"excerpt":{"rendered":"<p>It is formulated with tarva resin extract and vitamin B5 to replenish the skin with rich nutrients, leaving it hydrated and supple. Regular use of Tarva resin extract makes the skin more resilient over time. Anti-inflammatory. Skin elasticity: the addition of hydrolysed collagen and ginseng extract helps to smooth rough skin, tighten pores, improve skin elasticity,...<\/p>","protected":false},"featured_media":10577,"comment_status":"open","ping_status":"closed","template":"","meta":{"_uf_show_specific_survey":0,"_uf_disable_surveys":false,"_bst_post_transparent":"default","_bst_post_title":"","_bst_post_layout":"default","_bst_post_sidebar_id":"","_bst_post_content_style":"default","_bst_post_vertical_padding":"default","_bst_post_feature":"","_bst_post_feature_position":"","_bst_post_header":false,"_bst_post_footer":false},"pwb-brand":[236],"product_brand":[],"product_cat":[92,98],"product_tag":[526,614],"class_list":{"0":"post-10574","1":"product","2":"type-product","3":"status-publish","4":"has-post-thumbnail","6":"pwb-brand-ahc","7":"product_cat-nagu","8":"product_cat-naomaskid","9":"product_tag-ahc","10":"product_tag-mask","12":"first","13":"instock","14":"sale","15":"shipping-taxable","16":"purchasable","17":"product-type-simple","18":"entry","19":"content-bg","20":"loop-entry"},"supplier_id":null,"supplier_sku":"","barcode":null,"atum_controlled":true,"out_stock_date":null,"out_stock_threshold":null,"inheritable":false,"inbound_stock":0,"stock_on_hold":0,"sold_today":0,"sales_last_days":0,"out_stock_days":0,"lost_sales":0,"has_location":false,"update_date":"2026-04-14T00:05:09","atum_locations":[],"atum_stock_status":"instock","restock_status":false,"low_stock_amount":"","sales_update_date":"2026-04-14T00:05:09","calc_backorders":null,"yoast_head":"<!-- This site is optimized with the Yoast SEO plugin v27.2 - https:\/\/yoast.com\/product\/yoast-seo-wordpress\/ -->\n<title>N\u00e4omask A.H.C Premium Hydra Soother Propolis Mask - IDA.KOREA<\/title>\n<meta name=\"description\" content=\"Koostises on taruvaigu ekstrakt ja vitamiin B5, mis t\u00e4idavad naha rikkalike toitainetega, muutes selle niisutatuks ja elastseks. Taruvaigu ekstrakti regulaarne kasutamine muudab naha aja jooksul vastupidavamaks.\" \/>\n<meta name=\"robots\" content=\"index, follow, max-snippet:-1, max-image-preview:large, max-video-preview:-1\" \/>\n<link rel=\"canonical\" href=\"https:\/\/idakorea.ee\/en\/product\/naomask-a-h-c-premium-hydra-soother-propolis-mask\/\" \/>\n<meta property=\"og:locale\" content=\"en_US\" \/>\n<meta property=\"og:type\" content=\"article\" \/>\n<meta property=\"og:title\" content=\"N\u00e4omask A.H.C Premium Hydra Soother Propolis Mask - IDA.KOREA\" \/>\n<meta property=\"og:description\" content=\"Koostises on taruvaigu ekstrakt ja vitamiin B5, mis t\u00e4idavad naha rikkalike toitainetega, muutes selle niisutatuks ja elastseks. Taruvaigu ekstrakti regulaarne kasutamine muudab naha aja jooksul vastupidavamaks.\" \/>\n<meta property=\"og:url\" content=\"https:\/\/idakorea.ee\/en\/product\/naomask-a-h-c-premium-hydra-soother-propolis-mask\/\" \/>\n<meta property=\"og:site_name\" content=\"IDA.KOREA\" \/>\n<meta property=\"article:modified_time\" content=\"2026-03-27T14:40:47+00:00\" \/>\n<meta property=\"og:image\" content=\"https:\/\/idakorea.ee\/wp-content\/uploads\/2024\/09\/ahc-propolis-mask-1.jpg\" \/>\n\t<meta property=\"og:image:width\" content=\"650\" \/>\n\t<meta property=\"og:image:height\" content=\"683\" \/>\n\t<meta property=\"og:image:type\" content=\"image\/jpeg\" \/>\n<meta name=\"twitter:card\" content=\"summary_large_image\" \/>\n<meta name=\"twitter:label1\" content=\"Est. reading time\" \/>\n\t<meta name=\"twitter:data1\" content=\"1 minute\" \/>\n<script type=\"application\/ld+json\" class=\"yoast-schema-graph\">{\"@context\":\"https:\/\/schema.org\",\"@graph\":[{\"@type\":\"WebPage\",\"@id\":\"https:\/\/idakorea.ee\/product\/naomask-a-h-c-premium-hydra-soother-propolis-mask\/\",\"url\":\"https:\/\/idakorea.ee\/product\/naomask-a-h-c-premium-hydra-soother-propolis-mask\/\",\"name\":\"N\u00e4omask A.H.C Premium Hydra Soother Propolis Mask - IDA.KOREA\",\"isPartOf\":{\"@id\":\"https:\/\/idakorea.ee\/#website\"},\"primaryImageOfPage\":{\"@id\":\"https:\/\/idakorea.ee\/product\/naomask-a-h-c-premium-hydra-soother-propolis-mask\/#primaryimage\"},\"image\":{\"@id\":\"https:\/\/idakorea.ee\/product\/naomask-a-h-c-premium-hydra-soother-propolis-mask\/#primaryimage\"},\"thumbnailUrl\":\"https:\/\/idakorea.ee\/wp-content\/uploads\/2024\/09\/ahc-propolis-mask-1.jpg\",\"datePublished\":\"2024-09-12T12:56:12+00:00\",\"dateModified\":\"2026-03-27T14:40:47+00:00\",\"description\":\"Koostises on taruvaigu ekstrakt ja vitamiin B5, mis t\u00e4idavad naha rikkalike toitainetega, muutes selle niisutatuks ja elastseks. Taruvaigu ekstrakti regulaarne kasutamine muudab naha aja jooksul vastupidavamaks.\",\"breadcrumb\":{\"@id\":\"https:\/\/idakorea.ee\/product\/naomask-a-h-c-premium-hydra-soother-propolis-mask\/#breadcrumb\"},\"inLanguage\":\"en-US\",\"potentialAction\":[{\"@type\":\"ReadAction\",\"target\":[\"https:\/\/idakorea.ee\/product\/naomask-a-h-c-premium-hydra-soother-propolis-mask\/\"]}]},{\"@type\":\"ImageObject\",\"inLanguage\":\"en-US\",\"@id\":\"https:\/\/idakorea.ee\/product\/naomask-a-h-c-premium-hydra-soother-propolis-mask\/#primaryimage\",\"url\":\"https:\/\/idakorea.ee\/wp-content\/uploads\/2024\/09\/ahc-propolis-mask-1.jpg\",\"contentUrl\":\"https:\/\/idakorea.ee\/wp-content\/uploads\/2024\/09\/ahc-propolis-mask-1.jpg\",\"width\":650,\"height\":683,\"caption\":\"ahc propolis mask\"},{\"@type\":\"BreadcrumbList\",\"@id\":\"https:\/\/idakorea.ee\/product\/naomask-a-h-c-premium-hydra-soother-propolis-mask\/#breadcrumb\",\"itemListElement\":[{\"@type\":\"ListItem\",\"position\":1,\"name\":\"\u0413\u043b\u0430\u0432\u043d\u0430\u044f \u0441\u0442\u0440\u0430\u043d\u0438\u0446\u0430\",\"item\":\"https:\/\/idakorea.ee\/\"},{\"@type\":\"ListItem\",\"position\":2,\"name\":\"Shop\",\"item\":\"https:\/\/idakorea.ee\/shop-2\/\"},{\"@type\":\"ListItem\",\"position\":3,\"name\":\"N\u00e4omask A.H.C Premium Hydra Soother Propolis Mask\"}]},{\"@type\":\"WebSite\",\"@id\":\"https:\/\/idakorea.ee\/#website\",\"url\":\"https:\/\/idakorea.ee\/\",\"name\":\"IDA.KOREA\",\"description\":\"Korea kosmeetika e-pood\",\"publisher\":{\"@id\":\"https:\/\/idakorea.ee\/#organization\"},\"alternateName\":\"Beauty Shop\",\"potentialAction\":[{\"@type\":\"SearchAction\",\"target\":{\"@type\":\"EntryPoint\",\"urlTemplate\":\"https:\/\/idakorea.ee\/?s={search_term_string}\"},\"query-input\":{\"@type\":\"PropertyValueSpecification\",\"valueRequired\":true,\"valueName\":\"search_term_string\"}}],\"inLanguage\":\"en-US\"},{\"@type\":\"Organization\",\"@id\":\"https:\/\/idakorea.ee\/#organization\",\"name\":\"IDA.KOREA\",\"url\":\"https:\/\/idakorea.ee\/\",\"logo\":{\"@type\":\"ImageObject\",\"inLanguage\":\"en-US\",\"@id\":\"https:\/\/idakorea.ee\/#\/schema\/logo\/image\/\",\"url\":\"https:\/\/idakorea.ee\/wp-content\/uploads\/2024\/05\/cropped-korea3.png\",\"contentUrl\":\"https:\/\/idakorea.ee\/wp-content\/uploads\/2024\/05\/cropped-korea3.png\",\"width\":688,\"height\":126,\"caption\":\"IDA.KOREA\"},\"image\":{\"@id\":\"https:\/\/idakorea.ee\/#\/schema\/logo\/image\/\"},\"sameAs\":[\"https:\/\/www.instagram.com\/ida.korea\/\"]}]}<\/script>\n<!-- \/ Yoast SEO plugin. -->","yoast_head_json":{"title":"Face Mask A.H.C Premium Hydra Soother Propolis Mask - IDA.KOREA","description":"It is formulated with tarva resin extract and vitamin B5 to replenish the skin with rich nutrients, leaving it hydrated and supple. Regular use of Tarva resin extract makes the skin more resilient over time.","robots":{"index":"index","follow":"follow","max-snippet":"max-snippet:-1","max-image-preview":"max-image-preview:large","max-video-preview":"max-video-preview:-1"},"canonical":"https:\/\/idakorea.ee\/en\/product\/naomask-a-h-c-premium-hydra-soother-propolis-mask\/","og_locale":"en_US","og_type":"article","og_title":"N\u00e4omask A.H.C Premium Hydra Soother Propolis Mask - IDA.KOREA","og_description":"Koostises on taruvaigu ekstrakt ja vitamiin B5, mis t\u00e4idavad naha rikkalike toitainetega, muutes selle niisutatuks ja elastseks. Taruvaigu ekstrakti regulaarne kasutamine muudab naha aja jooksul vastupidavamaks.","og_url":"https:\/\/idakorea.ee\/en\/product\/naomask-a-h-c-premium-hydra-soother-propolis-mask\/","og_site_name":"IDA.KOREA","article_modified_time":"2026-03-27T14:40:47+00:00","og_image":[{"width":650,"height":683,"url":"https:\/\/idakorea.ee\/wp-content\/uploads\/2024\/09\/ahc-propolis-mask-1.jpg","type":"image\/jpeg"}],"twitter_card":"summary_large_image","twitter_misc":{"Est. reading time":"1 minute"},"schema":{"@context":"https:\/\/schema.org","@graph":[{"@type":"WebPage","@id":"https:\/\/idakorea.ee\/product\/naomask-a-h-c-premium-hydra-soother-propolis-mask\/","url":"https:\/\/idakorea.ee\/product\/naomask-a-h-c-premium-hydra-soother-propolis-mask\/","name":"Face Mask A.H.C Premium Hydra Soother Propolis Mask - IDA.KOREA","isPartOf":{"@id":"https:\/\/idakorea.ee\/#website"},"primaryImageOfPage":{"@id":"https:\/\/idakorea.ee\/product\/naomask-a-h-c-premium-hydra-soother-propolis-mask\/#primaryimage"},"image":{"@id":"https:\/\/idakorea.ee\/product\/naomask-a-h-c-premium-hydra-soother-propolis-mask\/#primaryimage"},"thumbnailUrl":"https:\/\/idakorea.ee\/wp-content\/uploads\/2024\/09\/ahc-propolis-mask-1.jpg","datePublished":"2024-09-12T12:56:12+00:00","dateModified":"2026-03-27T14:40:47+00:00","description":"It is formulated with tarva resin extract and vitamin B5 to replenish the skin with rich nutrients, leaving it hydrated and supple. Regular use of Tarva resin extract makes the skin more resilient over time.","breadcrumb":{"@id":"https:\/\/idakorea.ee\/product\/naomask-a-h-c-premium-hydra-soother-propolis-mask\/#breadcrumb"},"inLanguage":"en-US","potentialAction":[{"@type":"ReadAction","target":["https:\/\/idakorea.ee\/product\/naomask-a-h-c-premium-hydra-soother-propolis-mask\/"]}]},{"@type":"ImageObject","inLanguage":"en-US","@id":"https:\/\/idakorea.ee\/product\/naomask-a-h-c-premium-hydra-soother-propolis-mask\/#primaryimage","url":"https:\/\/idakorea.ee\/wp-content\/uploads\/2024\/09\/ahc-propolis-mask-1.jpg","contentUrl":"https:\/\/idakorea.ee\/wp-content\/uploads\/2024\/09\/ahc-propolis-mask-1.jpg","width":650,"height":683,"caption":"ahc propolis mask"},{"@type":"BreadcrumbList","@id":"https:\/\/idakorea.ee\/product\/naomask-a-h-c-premium-hydra-soother-propolis-mask\/#breadcrumb","itemListElement":[{"@type":"ListItem","position":1,"name":"\u0413\u043b\u0430\u0432\u043d\u0430\u044f \u0441\u0442\u0440\u0430\u043d\u0438\u0446\u0430","item":"https:\/\/idakorea.ee\/"},{"@type":"ListItem","position":2,"name":"Shop","item":"https:\/\/idakorea.ee\/shop-2\/"},{"@type":"ListItem","position":3,"name":"N\u00e4omask A.H.C Premium Hydra Soother Propolis Mask"}]},{"@type":"WebSite","@id":"https:\/\/idakorea.ee\/#website","url":"https:\/\/idakorea.ee\/","name":"IDA.KOREA","description":"Korean cosmetics e-shop","publisher":{"@id":"https:\/\/idakorea.ee\/#organization"},"alternateName":"Beauty Shop","potentialAction":[{"@type":"SearchAction","target":{"@type":"EntryPoint","urlTemplate":"https:\/\/idakorea.ee\/?s={search_term_string}"},"query-input":{"@type":"PropertyValueSpecification","valueRequired":true,"valueName":"search_term_string"}}],"inLanguage":"en-US"},{"@type":"Organization","@id":"https:\/\/idakorea.ee\/#organization","name":"IDA.KOREA","url":"https:\/\/idakorea.ee\/","logo":{"@type":"ImageObject","inLanguage":"en-US","@id":"https:\/\/idakorea.ee\/#\/schema\/logo\/image\/","url":"https:\/\/idakorea.ee\/wp-content\/uploads\/2024\/05\/cropped-korea3.png","contentUrl":"https:\/\/idakorea.ee\/wp-content\/uploads\/2024\/05\/cropped-korea3.png","width":688,"height":126,"caption":"IDA.KOREA"},"image":{"@id":"https:\/\/idakorea.ee\/#\/schema\/logo\/image\/"},"sameAs":["https:\/\/www.instagram.com\/ida.korea\/"]}]}},"jetpack_sharing_enabled":true,"brands":[{"id":236,"name":"AHC","slug":"ahc"}],"_links":{"self":[{"href":"https:\/\/idakorea.ee\/en\/wp-json\/wp\/v2\/product\/10574","targetHints":{"allow":["GET"]}}],"collection":[{"href":"https:\/\/idakorea.ee\/en\/wp-json\/wp\/v2\/product"}],"about":[{"href":"https:\/\/idakorea.ee\/en\/wp-json\/wp\/v2\/types\/product"}],"replies":[{"embeddable":true,"href":"https:\/\/idakorea.ee\/en\/wp-json\/wp\/v2\/comments?post=10574"}],"version-history":[{"count":2,"href":"https:\/\/idakorea.ee\/en\/wp-json\/wp\/v2\/product\/10574\/revisions"}],"predecessor-version":[{"id":10578,"href":"https:\/\/idakorea.ee\/en\/wp-json\/wp\/v2\/product\/10574\/revisions\/10578"}],"wp:featuredmedia":[{"embeddable":true,"href":"https:\/\/idakorea.ee\/en\/wp-json\/wp\/v2\/media\/10577"}],"wp:attachment":[{"href":"https:\/\/idakorea.ee\/en\/wp-json\/wp\/v2\/media?parent=10574"}],"wp:term":[{"taxonomy":"pwb-brand","embeddable":true,"href":"https:\/\/idakorea.ee\/en\/wp-json\/wp\/v2\/pwb-brand?post=10574"},{"taxonomy":"product_brand","embeddable":true,"href":"https:\/\/idakorea.ee\/en\/wp-json\/wp\/v2\/product_brand?post=10574"},{"taxonomy":"product_cat","embeddable":true,"href":"https:\/\/idakorea.ee\/en\/wp-json\/wp\/v2\/product_cat?post=10574"},{"taxonomy":"product_tag","embeddable":true,"href":"https:\/\/idakorea.ee\/en\/wp-json\/wp\/v2\/product_tag?post=10574"}],"curies":[{"name":"wp","href":"https:\/\/api.w.org\/{rel}","templated":true}]}}