{"id":10648,"date":"2024-09-20T14:19:33","date_gmt":"2024-09-20T11:19:33","guid":{"rendered":"https:\/\/idakorea.ee\/?post_type=product&#038;p=10648"},"modified":"2026-01-30T16:18:17","modified_gmt":"2026-01-30T14:18:17","slug":"toonik-axis-y-daily-purifying-treatment-toner-200ml","status":"publish","type":"product","link":"https:\/\/idakorea.ee\/en\/product\/toonik-axis-y-daily-purifying-treatment-toner-200ml\/","title":{"rendered":"Toonik AXIS-Y Daily Purifying Treatment Toner, 200ml"},"content":{"rendered":"<p><strong>AXIS-Y Daily Purifying Treatment Toner<\/strong> for problem skin, suitable for gentle daily exfoliation. It cleanses and prevents clogging of the pores, prevents inflammation and bruising, and promotes clean and even skin texture.<\/p>\n<p>Gently removes the stratum corneum, tightens enlarged pores, moisturises and soothes the skin without causing irritation. Stimulates cell renewal, smoothes skin texture, gradually reduces post-acne lesions and prevents excessive oil production. The toner has a watery texture.<\/p>\n<p><strong>Main active ingredients:<\/strong><\/p>\n<ul>\n<li>0.5% salicylic acid (BHA) - a fat-soluble acid. Cleanses pores, lightens blackheads and sebum threads, prevents pore clogging and inflammation, reduces T-zone shine.<\/li>\n<li>Glycolic Acid (AHA) - removes dead skin cells, stimulates epidermal renewal, smoothes and brightens the skin and provides deep stratum corneum cleansing.<\/li>\n<li>Gluconolactone (PHA) - larger molecules than AHA acids, so suitable for sensitive skin. Gently removes dead skin cells, evens the skin surface and brightens pigmented areas.<\/li>\n<li>Asian watercress extract - soothes, reduces redness and irritation, strengthens blood vessel walls and relieves couperose, improves skin elasticity.<\/li>\n<li>Tea tree extract and oil - normalise oil secretion, have strong antimicrobial action. Good against inflammation and irritation, reduces redness and itching.<\/li>\n<li>Aloe vera extract - refreshes and tones, eliminates skin dehydration, reduces inflammation, smoothes and softens skin.<\/li>\n<li>Hyacinth extract - soothes inflammation, accelerates wound healing, boosts skin immunity and reduces sensitivity to external irritants.<\/li>\n<li>Koirohu extract - relieves inflammation, soothes, has antiseptic properties, helps treat acne and couperose.<\/li>\n<li>Lotus extract - gently brightens, gives the skin a natural glow, keeps the skin plump and smooth, has a detox effect.<\/li>\n<\/ul>\n<p>Suitable for combination, oily and problem skin.<\/p>\n<p><strong>Usage:<\/strong> after washing your face, apply the toner to your face with your hands or a cotton pad and continue with your usual routine.<\/p>","protected":false},"excerpt":{"rendered":"<p>AXIS-Y Daily Purifying Treatment Toner for problem skin is suitable for gentle daily exfoliation. It cleanses and prevents clogging of the pores, prevents inflammation and bruising, and promotes a clean and even skin texture. Gently removes the stratum corneum, tightens enlarged pores, moisturises and soothes the skin without causing irritation. Stimulates cell renewal, smoothes skin texture, gradually reduces post-acne lesions and prevents acne from...<\/p>","protected":false},"featured_media":10653,"comment_status":"open","ping_status":"closed","template":"","meta":{"_uf_show_specific_survey":0,"_uf_disable_surveys":false,"_bst_post_transparent":"default","_bst_post_title":"","_bst_post_layout":"default","_bst_post_sidebar_id":"","_bst_post_content_style":"default","_bst_post_vertical_padding":"default","_bst_post_feature":"","_bst_post_feature_position":"","_bst_post_header":false,"_bst_post_footer":false},"pwb-brand":[565],"product_brand":[],"product_cat":[92,158],"product_tag":[618],"class_list":{"0":"post-10648","1":"product","2":"type-product","3":"status-publish","4":"has-post-thumbnail","6":"pwb-brand-axis-y","7":"product_cat-nagu","8":"product_cat-toonik","9":"product_tag-axis-y","11":"first","12":"outofstock","13":"sale","14":"shipping-taxable","15":"purchasable","16":"product-type-simple","17":"entry","18":"content-bg","19":"loop-entry"},"supplier_id":null,"supplier_sku":"","barcode":null,"atum_controlled":true,"out_stock_date":null,"out_stock_threshold":null,"inheritable":false,"inbound_stock":0,"stock_on_hold":0,"sold_today":0,"sales_last_days":0,"out_stock_days":0,"lost_sales":0,"has_location":false,"update_date":"2026-04-14T00:05:06","atum_locations":[],"atum_stock_status":"outofstock","restock_status":false,"low_stock_amount":"","sales_update_date":"2026-04-14T00:05:06","calc_backorders":null,"yoast_head":"<!-- This site is optimized with the Yoast SEO plugin v27.2 - https:\/\/yoast.com\/product\/yoast-seo-wordpress\/ -->\n<title>Toonik AXIS-Y Daily Purifying Treatment Toner, 200ml - IDA.KOREA<\/title>\n<meta name=\"description\" content=\"AXIS-Y Daily Purifying Treatment Toner probleemse naha jaoks sobib \u00f5rnaks igap\u00e4evaseks koorimiseks. Toode puhastab poore ja ennetab nende ummistumist, hoiab \u00e4ra p\u00f5letike ja mustpeade tekke, toetab naha puhtust ja \u00fchtlast tekstuuri.\" \/>\n<meta name=\"robots\" content=\"index, follow, max-snippet:-1, max-image-preview:large, max-video-preview:-1\" \/>\n<link rel=\"canonical\" href=\"https:\/\/idakorea.ee\/en\/product\/toonik-axis-y-daily-purifying-treatment-toner-200ml\/\" \/>\n<meta property=\"og:locale\" content=\"en_US\" \/>\n<meta property=\"og:type\" content=\"article\" \/>\n<meta property=\"og:title\" content=\"Toonik AXIS-Y Daily Purifying Treatment Toner, 200ml - IDA.KOREA\" \/>\n<meta property=\"og:description\" content=\"AXIS-Y Daily Purifying Treatment Toner probleemse naha jaoks sobib \u00f5rnaks igap\u00e4evaseks koorimiseks. Toode puhastab poore ja ennetab nende ummistumist, hoiab \u00e4ra p\u00f5letike ja mustpeade tekke, toetab naha puhtust ja \u00fchtlast tekstuuri.\" \/>\n<meta property=\"og:url\" content=\"https:\/\/idakorea.ee\/en\/product\/toonik-axis-y-daily-purifying-treatment-toner-200ml\/\" \/>\n<meta property=\"og:site_name\" content=\"IDA.KOREA\" \/>\n<meta property=\"article:modified_time\" content=\"2026-01-30T14:18:17+00:00\" \/>\n<meta property=\"og:image\" content=\"https:\/\/idakorea.ee\/wp-content\/uploads\/2024\/09\/axis_y-daily-purifying-treatment-toner.jpg\" \/>\n\t<meta property=\"og:image:width\" content=\"1000\" \/>\n\t<meta property=\"og:image:height\" content=\"1000\" \/>\n\t<meta property=\"og:image:type\" content=\"image\/jpeg\" \/>\n<meta name=\"twitter:card\" content=\"summary_large_image\" \/>\n<meta name=\"twitter:label1\" content=\"Est. reading time\" \/>\n\t<meta name=\"twitter:data1\" content=\"2 minutes\" \/>\n<script type=\"application\/ld+json\" class=\"yoast-schema-graph\">{\"@context\":\"https:\/\/schema.org\",\"@graph\":[{\"@type\":\"WebPage\",\"@id\":\"https:\/\/idakorea.ee\/product\/toonik-axis-y-daily-purifying-treatment-toner-200ml\/\",\"url\":\"https:\/\/idakorea.ee\/product\/toonik-axis-y-daily-purifying-treatment-toner-200ml\/\",\"name\":\"Toonik AXIS-Y Daily Purifying Treatment Toner, 200ml - IDA.KOREA\",\"isPartOf\":{\"@id\":\"https:\/\/idakorea.ee\/#website\"},\"primaryImageOfPage\":{\"@id\":\"https:\/\/idakorea.ee\/product\/toonik-axis-y-daily-purifying-treatment-toner-200ml\/#primaryimage\"},\"image\":{\"@id\":\"https:\/\/idakorea.ee\/product\/toonik-axis-y-daily-purifying-treatment-toner-200ml\/#primaryimage\"},\"thumbnailUrl\":\"https:\/\/idakorea.ee\/wp-content\/uploads\/2024\/09\/axis_y-daily-purifying-treatment-toner.jpg\",\"datePublished\":\"2024-09-20T11:19:33+00:00\",\"dateModified\":\"2026-01-30T14:18:17+00:00\",\"description\":\"AXIS-Y Daily Purifying Treatment Toner probleemse naha jaoks sobib \u00f5rnaks igap\u00e4evaseks koorimiseks. Toode puhastab poore ja ennetab nende ummistumist, hoiab \u00e4ra p\u00f5letike ja mustpeade tekke, toetab naha puhtust ja \u00fchtlast tekstuuri.\",\"breadcrumb\":{\"@id\":\"https:\/\/idakorea.ee\/product\/toonik-axis-y-daily-purifying-treatment-toner-200ml\/#breadcrumb\"},\"inLanguage\":\"en-US\",\"potentialAction\":[{\"@type\":\"ReadAction\",\"target\":[\"https:\/\/idakorea.ee\/product\/toonik-axis-y-daily-purifying-treatment-toner-200ml\/\"]}]},{\"@type\":\"ImageObject\",\"inLanguage\":\"en-US\",\"@id\":\"https:\/\/idakorea.ee\/product\/toonik-axis-y-daily-purifying-treatment-toner-200ml\/#primaryimage\",\"url\":\"https:\/\/idakorea.ee\/wp-content\/uploads\/2024\/09\/axis_y-daily-purifying-treatment-toner.jpg\",\"contentUrl\":\"https:\/\/idakorea.ee\/wp-content\/uploads\/2024\/09\/axis_y-daily-purifying-treatment-toner.jpg\",\"width\":1000,\"height\":1000},{\"@type\":\"BreadcrumbList\",\"@id\":\"https:\/\/idakorea.ee\/product\/toonik-axis-y-daily-purifying-treatment-toner-200ml\/#breadcrumb\",\"itemListElement\":[{\"@type\":\"ListItem\",\"position\":1,\"name\":\"\u0413\u043b\u0430\u0432\u043d\u0430\u044f \u0441\u0442\u0440\u0430\u043d\u0438\u0446\u0430\",\"item\":\"https:\/\/idakorea.ee\/\"},{\"@type\":\"ListItem\",\"position\":2,\"name\":\"Shop\",\"item\":\"https:\/\/idakorea.ee\/shop-2\/\"},{\"@type\":\"ListItem\",\"position\":3,\"name\":\"Toonik AXIS-Y Daily Purifying Treatment Toner, 200ml\"}]},{\"@type\":\"WebSite\",\"@id\":\"https:\/\/idakorea.ee\/#website\",\"url\":\"https:\/\/idakorea.ee\/\",\"name\":\"IDA.KOREA\",\"description\":\"Korea kosmeetika e-pood\",\"publisher\":{\"@id\":\"https:\/\/idakorea.ee\/#organization\"},\"alternateName\":\"Beauty Shop\",\"potentialAction\":[{\"@type\":\"SearchAction\",\"target\":{\"@type\":\"EntryPoint\",\"urlTemplate\":\"https:\/\/idakorea.ee\/?s={search_term_string}\"},\"query-input\":{\"@type\":\"PropertyValueSpecification\",\"valueRequired\":true,\"valueName\":\"search_term_string\"}}],\"inLanguage\":\"en-US\"},{\"@type\":\"Organization\",\"@id\":\"https:\/\/idakorea.ee\/#organization\",\"name\":\"IDA.KOREA\",\"url\":\"https:\/\/idakorea.ee\/\",\"logo\":{\"@type\":\"ImageObject\",\"inLanguage\":\"en-US\",\"@id\":\"https:\/\/idakorea.ee\/#\/schema\/logo\/image\/\",\"url\":\"https:\/\/idakorea.ee\/wp-content\/uploads\/2024\/05\/cropped-korea3.png\",\"contentUrl\":\"https:\/\/idakorea.ee\/wp-content\/uploads\/2024\/05\/cropped-korea3.png\",\"width\":688,\"height\":126,\"caption\":\"IDA.KOREA\"},\"image\":{\"@id\":\"https:\/\/idakorea.ee\/#\/schema\/logo\/image\/\"},\"sameAs\":[\"https:\/\/www.instagram.com\/ida.korea\/\"]}]}<\/script>\n<!-- \/ Yoast SEO plugin. -->","yoast_head_json":{"title":"Toonik AXIS-Y Daily Purifying Treatment Toner, 200ml - IDA.KOREA","description":"AXIS-Y Daily Purifying Treatment Toner for problem skin is suitable for gentle daily exfoliation. It cleanses and prevents clogging of the pores, prevents inflammation and bruising, and promotes a clean and even texture.","robots":{"index":"index","follow":"follow","max-snippet":"max-snippet:-1","max-image-preview":"max-image-preview:large","max-video-preview":"max-video-preview:-1"},"canonical":"https:\/\/idakorea.ee\/en\/product\/toonik-axis-y-daily-purifying-treatment-toner-200ml\/","og_locale":"en_US","og_type":"article","og_title":"Toonik AXIS-Y Daily Purifying Treatment Toner, 200ml - IDA.KOREA","og_description":"AXIS-Y Daily Purifying Treatment Toner probleemse naha jaoks sobib \u00f5rnaks igap\u00e4evaseks koorimiseks. Toode puhastab poore ja ennetab nende ummistumist, hoiab \u00e4ra p\u00f5letike ja mustpeade tekke, toetab naha puhtust ja \u00fchtlast tekstuuri.","og_url":"https:\/\/idakorea.ee\/en\/product\/toonik-axis-y-daily-purifying-treatment-toner-200ml\/","og_site_name":"IDA.KOREA","article_modified_time":"2026-01-30T14:18:17+00:00","og_image":[{"width":1000,"height":1000,"url":"https:\/\/idakorea.ee\/wp-content\/uploads\/2024\/09\/axis_y-daily-purifying-treatment-toner.jpg","type":"image\/jpeg"}],"twitter_card":"summary_large_image","twitter_misc":{"Est. reading time":"2 minutes"},"schema":{"@context":"https:\/\/schema.org","@graph":[{"@type":"WebPage","@id":"https:\/\/idakorea.ee\/product\/toonik-axis-y-daily-purifying-treatment-toner-200ml\/","url":"https:\/\/idakorea.ee\/product\/toonik-axis-y-daily-purifying-treatment-toner-200ml\/","name":"Toonik AXIS-Y Daily Purifying Treatment Toner, 200ml - IDA.KOREA","isPartOf":{"@id":"https:\/\/idakorea.ee\/#website"},"primaryImageOfPage":{"@id":"https:\/\/idakorea.ee\/product\/toonik-axis-y-daily-purifying-treatment-toner-200ml\/#primaryimage"},"image":{"@id":"https:\/\/idakorea.ee\/product\/toonik-axis-y-daily-purifying-treatment-toner-200ml\/#primaryimage"},"thumbnailUrl":"https:\/\/idakorea.ee\/wp-content\/uploads\/2024\/09\/axis_y-daily-purifying-treatment-toner.jpg","datePublished":"2024-09-20T11:19:33+00:00","dateModified":"2026-01-30T14:18:17+00:00","description":"AXIS-Y Daily Purifying Treatment Toner for problem skin is suitable for gentle daily exfoliation. It cleanses and prevents clogging of the pores, prevents inflammation and bruising, and promotes a clean and even texture.","breadcrumb":{"@id":"https:\/\/idakorea.ee\/product\/toonik-axis-y-daily-purifying-treatment-toner-200ml\/#breadcrumb"},"inLanguage":"en-US","potentialAction":[{"@type":"ReadAction","target":["https:\/\/idakorea.ee\/product\/toonik-axis-y-daily-purifying-treatment-toner-200ml\/"]}]},{"@type":"ImageObject","inLanguage":"en-US","@id":"https:\/\/idakorea.ee\/product\/toonik-axis-y-daily-purifying-treatment-toner-200ml\/#primaryimage","url":"https:\/\/idakorea.ee\/wp-content\/uploads\/2024\/09\/axis_y-daily-purifying-treatment-toner.jpg","contentUrl":"https:\/\/idakorea.ee\/wp-content\/uploads\/2024\/09\/axis_y-daily-purifying-treatment-toner.jpg","width":1000,"height":1000},{"@type":"BreadcrumbList","@id":"https:\/\/idakorea.ee\/product\/toonik-axis-y-daily-purifying-treatment-toner-200ml\/#breadcrumb","itemListElement":[{"@type":"ListItem","position":1,"name":"\u0413\u043b\u0430\u0432\u043d\u0430\u044f \u0441\u0442\u0440\u0430\u043d\u0438\u0446\u0430","item":"https:\/\/idakorea.ee\/"},{"@type":"ListItem","position":2,"name":"Shop","item":"https:\/\/idakorea.ee\/shop-2\/"},{"@type":"ListItem","position":3,"name":"Toonik AXIS-Y Daily Purifying Treatment Toner, 200ml"}]},{"@type":"WebSite","@id":"https:\/\/idakorea.ee\/#website","url":"https:\/\/idakorea.ee\/","name":"IDA.KOREA","description":"Korean cosmetics e-shop","publisher":{"@id":"https:\/\/idakorea.ee\/#organization"},"alternateName":"Beauty Shop","potentialAction":[{"@type":"SearchAction","target":{"@type":"EntryPoint","urlTemplate":"https:\/\/idakorea.ee\/?s={search_term_string}"},"query-input":{"@type":"PropertyValueSpecification","valueRequired":true,"valueName":"search_term_string"}}],"inLanguage":"en-US"},{"@type":"Organization","@id":"https:\/\/idakorea.ee\/#organization","name":"IDA.KOREA","url":"https:\/\/idakorea.ee\/","logo":{"@type":"ImageObject","inLanguage":"en-US","@id":"https:\/\/idakorea.ee\/#\/schema\/logo\/image\/","url":"https:\/\/idakorea.ee\/wp-content\/uploads\/2024\/05\/cropped-korea3.png","contentUrl":"https:\/\/idakorea.ee\/wp-content\/uploads\/2024\/05\/cropped-korea3.png","width":688,"height":126,"caption":"IDA.KOREA"},"image":{"@id":"https:\/\/idakorea.ee\/#\/schema\/logo\/image\/"},"sameAs":["https:\/\/www.instagram.com\/ida.korea\/"]}]}},"jetpack_sharing_enabled":true,"brands":[{"id":565,"name":"AXIS-Y","slug":"axis-y"}],"_links":{"self":[{"href":"https:\/\/idakorea.ee\/en\/wp-json\/wp\/v2\/product\/10648","targetHints":{"allow":["GET"]}}],"collection":[{"href":"https:\/\/idakorea.ee\/en\/wp-json\/wp\/v2\/product"}],"about":[{"href":"https:\/\/idakorea.ee\/en\/wp-json\/wp\/v2\/types\/product"}],"replies":[{"embeddable":true,"href":"https:\/\/idakorea.ee\/en\/wp-json\/wp\/v2\/comments?post=10648"}],"version-history":[{"count":3,"href":"https:\/\/idakorea.ee\/en\/wp-json\/wp\/v2\/product\/10648\/revisions"}],"predecessor-version":[{"id":11824,"href":"https:\/\/idakorea.ee\/en\/wp-json\/wp\/v2\/product\/10648\/revisions\/11824"}],"wp:featuredmedia":[{"embeddable":true,"href":"https:\/\/idakorea.ee\/en\/wp-json\/wp\/v2\/media\/10653"}],"wp:attachment":[{"href":"https:\/\/idakorea.ee\/en\/wp-json\/wp\/v2\/media?parent=10648"}],"wp:term":[{"taxonomy":"pwb-brand","embeddable":true,"href":"https:\/\/idakorea.ee\/en\/wp-json\/wp\/v2\/pwb-brand?post=10648"},{"taxonomy":"product_brand","embeddable":true,"href":"https:\/\/idakorea.ee\/en\/wp-json\/wp\/v2\/product_brand?post=10648"},{"taxonomy":"product_cat","embeddable":true,"href":"https:\/\/idakorea.ee\/en\/wp-json\/wp\/v2\/product_cat?post=10648"},{"taxonomy":"product_tag","embeddable":true,"href":"https:\/\/idakorea.ee\/en\/wp-json\/wp\/v2\/product_tag?post=10648"}],"curies":[{"name":"wp","href":"https:\/\/api.w.org\/{rel}","templated":true}]}}