{"id":10670,"date":"2024-09-23T10:22:57","date_gmt":"2024-09-23T07:22:57","guid":{"rendered":"https:\/\/idakorea.ee\/?post_type=product&#038;p=10670"},"modified":"2026-04-10T19:21:02","modified_gmt":"2026-04-10T17:21:02","slug":"sugavpuhastav-vaht-pooride-ahendamiseks-skin1004-madagascar-centella-poremizing-deep-cleansing-foam-125ml","status":"publish","type":"product","link":"https:\/\/idakorea.ee\/en\/product\/sugavpuhastav-vaht-pooride-ahendamiseks-skin1004-madagascar-centella-poremizing-deep-cleansing-foam-125ml\/","title":{"rendered":"SKIN1004 Madagascar Centella Poremizing Deep Cleansing Foam, 125ml"},"content":{"rendered":"<p>Deep-cleaning foam for tightening pores <strong>SKIN1004 Madagascar Centella Poremizing Deep Cleansing Foam<\/strong> effectively removes all dirt and excess oil, dissolves oil granules and gently polishes and exfoliates the skin. Softens rough areas and brightens oil glands, making blackheads less noticeable.<\/p>\n<p>Regulates sebum production, reduces oiliness during the day and mattifies the skin. Helps strengthen the epidermis's protective functions and improves vascular elasticity. Herbal extracts soothe irritated skin, relieve itching and promote healing of inflammations.<\/p>\n<p><strong>Main active ingredients: <\/strong><\/p>\n<ul>\n<li>Asian Water Naba Extract (20,97%) improves skin elasticity and firmness, saturates skin cells with moisture. Forms a protective barrier to protect the skin from ultraviolet rays and environmental pollution.<\/li>\n<li>Papain is a natural plant enzyme derived from papaya juice. A gentle exfoliating component that naturally cleanses the pores. It has a brightening effect, evens skin tone and improves complexion.<\/li>\n<li>Kaolin effectively cleanses, dries and soothes inflammation, stimulates cell regeneration, and absorbs toxins and other harmful substances from the skin's surface. Softens the skin, improves complexion and provides the skin with beneficial minerals.<\/li>\n<li>Pink Himalayan salt removes dirt, dust, dead skin cells and excess oil from the surface and deeper layers of the skin, strengthening the skin's defences and providing it with minerals and trace elements.<\/li>\n<li>Rosemary extract promotes cell renewal, tones, improves circulation, evens skin texture and is ideal for mature skin and to combat signs of ageing.<\/li>\n<li>Evening primrose extract is rich in vitamins, amino acids and minerals. It acts as an antioxidant, repairs the skin and stimulates cell regeneration and renewal.<\/li>\n<\/ul>\n<p>&nbsp;<\/p>\n<p>Suitable for normal, combination and oily skin.<\/p>\n<p><strong>Usage:<\/strong> lather a small amount of the product between wet hands. Gently massage the resulting lather onto the face, then rinse with cool water.<\/p>","protected":false},"excerpt":{"rendered":"<p>Deep Cleansing Pore Tightening Foam SKIN1004 Madagascar Centella Poremizing Deep Cleansing Foam effectively removes all dirt and excess oil, dissolves oil granules and gently polishes and exfoliates the skin. Softens rough skin areas and brightens oil glands, making blackheads less noticeable. Regulates oil production, reduces oiliness during the day and mattifies the skin. Helps strengthen the epidermis's protective functions and improves vascular...<\/p>","protected":false},"featured_media":10671,"comment_status":"open","ping_status":"closed","template":"","meta":{"_uf_show_specific_survey":0,"_uf_disable_surveys":false,"_bst_post_transparent":"default","_bst_post_title":"","_bst_post_layout":"default","_bst_post_sidebar_id":"","_bst_post_content_style":"default","_bst_post_vertical_padding":"default","_bst_post_feature":"","_bst_post_feature_position":"","_bst_post_header":false,"_bst_post_footer":false},"pwb-brand":[186],"product_brand":[],"product_cat":[452,100],"product_tag":[],"class_list":{"0":"post-10670","1":"product","2":"type-product","3":"status-publish","4":"has-post-thumbnail","6":"pwb-brand-skin1004","7":"product_cat-naopuhastusgeelid","8":"product_cat-puhastusvahendid","10":"first","11":"instock","12":"sale","13":"shipping-taxable","14":"purchasable","15":"product-type-simple","16":"entry","17":"content-bg","18":"loop-entry"},"supplier_id":null,"supplier_sku":"","barcode":null,"atum_controlled":true,"out_stock_date":null,"out_stock_threshold":null,"inheritable":false,"inbound_stock":0,"stock_on_hold":0,"sold_today":0,"sales_last_days":1,"out_stock_days":0,"lost_sales":0,"has_location":false,"update_date":"2026-04-14T17:31:13","atum_locations":[],"atum_stock_status":"instock","restock_status":false,"low_stock_amount":"","sales_update_date":"2026-04-14T17:31:13","calc_backorders":null,"yoast_head":"<!-- This site is optimized with the Yoast SEO plugin v27.2 - https:\/\/yoast.com\/product\/yoast-seo-wordpress\/ -->\n<title>S\u00fcgavpuhastav vaht pooride ahendamiseks SKIN1004 Madagascar Centella Poremizing Deep Cleansing Foam, 125ml - IDA.KOREA<\/title>\n<meta name=\"description\" content=\"S\u00fcgavpuhastav vaht pooride ahendamiseks SKIN1004 Madagascar Centella Poremizing Deep Cleansing Foam eemaldab t\u00f5husalt k\u00f5ik mustuse ja liigse rasu, lahustab rasukorgid ning \u00f5rnalt poleerib ja koorib nahka. Pehmendab karedaid nahapiirkondi ja helendab rasun\u00e4\u00e4rmeid, muutes mustad t\u00e4pid v\u00e4hem m\u00e4rgatavaks.\" \/>\n<meta name=\"robots\" content=\"index, follow, max-snippet:-1, max-image-preview:large, max-video-preview:-1\" \/>\n<link rel=\"canonical\" href=\"https:\/\/idakorea.ee\/en\/product\/sugavpuhastav-vaht-pooride-ahendamiseks-skin1004-madagascar-centella-poremizing-deep-cleansing-foam-125ml\/\" \/>\n<meta property=\"og:locale\" content=\"en_US\" \/>\n<meta property=\"og:type\" content=\"article\" \/>\n<meta property=\"og:title\" content=\"S\u00fcgavpuhastav vaht pooride ahendamiseks SKIN1004 Madagascar Centella Poremizing Deep Cleansing Foam, 125ml - IDA.KOREA\" \/>\n<meta property=\"og:description\" content=\"S\u00fcgavpuhastav vaht pooride ahendamiseks SKIN1004 Madagascar Centella Poremizing Deep Cleansing Foam eemaldab t\u00f5husalt k\u00f5ik mustuse ja liigse rasu, lahustab rasukorgid ning \u00f5rnalt poleerib ja koorib nahka. Pehmendab karedaid nahapiirkondi ja helendab rasun\u00e4\u00e4rmeid, muutes mustad t\u00e4pid v\u00e4hem m\u00e4rgatavaks.\" \/>\n<meta property=\"og:url\" content=\"https:\/\/idakorea.ee\/en\/product\/sugavpuhastav-vaht-pooride-ahendamiseks-skin1004-madagascar-centella-poremizing-deep-cleansing-foam-125ml\/\" \/>\n<meta property=\"og:site_name\" content=\"IDA.KOREA\" \/>\n<meta property=\"article:modified_time\" content=\"2026-04-10T17:21:02+00:00\" \/>\n<meta property=\"og:image\" content=\"https:\/\/idakorea.ee\/wp-content\/uploads\/2024\/09\/hollyshop-_63_-_1_.png\" \/>\n\t<meta property=\"og:image:width\" content=\"1000\" \/>\n\t<meta property=\"og:image:height\" content=\"1000\" \/>\n\t<meta property=\"og:image:type\" content=\"image\/png\" \/>\n<meta name=\"twitter:card\" content=\"summary_large_image\" \/>\n<meta name=\"twitter:label1\" content=\"Est. reading time\" \/>\n\t<meta name=\"twitter:data1\" content=\"2 minutes\" \/>\n<script type=\"application\/ld+json\" class=\"yoast-schema-graph\">{\"@context\":\"https:\/\/schema.org\",\"@graph\":[{\"@type\":\"WebPage\",\"@id\":\"https:\/\/idakorea.ee\/product\/sugavpuhastav-vaht-pooride-ahendamiseks-skin1004-madagascar-centella-poremizing-deep-cleansing-foam-125ml\/\",\"url\":\"https:\/\/idakorea.ee\/product\/sugavpuhastav-vaht-pooride-ahendamiseks-skin1004-madagascar-centella-poremizing-deep-cleansing-foam-125ml\/\",\"name\":\"S\u00fcgavpuhastav vaht pooride ahendamiseks SKIN1004 Madagascar Centella Poremizing Deep Cleansing Foam, 125ml - IDA.KOREA\",\"isPartOf\":{\"@id\":\"https:\/\/idakorea.ee\/#website\"},\"primaryImageOfPage\":{\"@id\":\"https:\/\/idakorea.ee\/product\/sugavpuhastav-vaht-pooride-ahendamiseks-skin1004-madagascar-centella-poremizing-deep-cleansing-foam-125ml\/#primaryimage\"},\"image\":{\"@id\":\"https:\/\/idakorea.ee\/product\/sugavpuhastav-vaht-pooride-ahendamiseks-skin1004-madagascar-centella-poremizing-deep-cleansing-foam-125ml\/#primaryimage\"},\"thumbnailUrl\":\"https:\/\/idakorea.ee\/wp-content\/uploads\/2024\/09\/hollyshop-_63_-_1_.png\",\"datePublished\":\"2024-09-23T07:22:57+00:00\",\"dateModified\":\"2026-04-10T17:21:02+00:00\",\"description\":\"S\u00fcgavpuhastav vaht pooride ahendamiseks SKIN1004 Madagascar Centella Poremizing Deep Cleansing Foam eemaldab t\u00f5husalt k\u00f5ik mustuse ja liigse rasu, lahustab rasukorgid ning \u00f5rnalt poleerib ja koorib nahka. Pehmendab karedaid nahapiirkondi ja helendab rasun\u00e4\u00e4rmeid, muutes mustad t\u00e4pid v\u00e4hem m\u00e4rgatavaks.\",\"breadcrumb\":{\"@id\":\"https:\/\/idakorea.ee\/product\/sugavpuhastav-vaht-pooride-ahendamiseks-skin1004-madagascar-centella-poremizing-deep-cleansing-foam-125ml\/#breadcrumb\"},\"inLanguage\":\"en-US\",\"potentialAction\":[{\"@type\":\"ReadAction\",\"target\":[\"https:\/\/idakorea.ee\/product\/sugavpuhastav-vaht-pooride-ahendamiseks-skin1004-madagascar-centella-poremizing-deep-cleansing-foam-125ml\/\"]}]},{\"@type\":\"ImageObject\",\"inLanguage\":\"en-US\",\"@id\":\"https:\/\/idakorea.ee\/product\/sugavpuhastav-vaht-pooride-ahendamiseks-skin1004-madagascar-centella-poremizing-deep-cleansing-foam-125ml\/#primaryimage\",\"url\":\"https:\/\/idakorea.ee\/wp-content\/uploads\/2024\/09\/hollyshop-_63_-_1_.png\",\"contentUrl\":\"https:\/\/idakorea.ee\/wp-content\/uploads\/2024\/09\/hollyshop-_63_-_1_.png\",\"width\":1000,\"height\":1000,\"caption\":\"skin1004 deep foam\"},{\"@type\":\"BreadcrumbList\",\"@id\":\"https:\/\/idakorea.ee\/product\/sugavpuhastav-vaht-pooride-ahendamiseks-skin1004-madagascar-centella-poremizing-deep-cleansing-foam-125ml\/#breadcrumb\",\"itemListElement\":[{\"@type\":\"ListItem\",\"position\":1,\"name\":\"\u0413\u043b\u0430\u0432\u043d\u0430\u044f \u0441\u0442\u0440\u0430\u043d\u0438\u0446\u0430\",\"item\":\"https:\/\/idakorea.ee\/\"},{\"@type\":\"ListItem\",\"position\":2,\"name\":\"Shop\",\"item\":\"https:\/\/idakorea.ee\/shop-2\/\"},{\"@type\":\"ListItem\",\"position\":3,\"name\":\"S\u00fcgavpuhastav vaht pooride ahendamiseks SKIN1004 Madagascar Centella Poremizing Deep Cleansing Foam, 125ml\"}]},{\"@type\":\"WebSite\",\"@id\":\"https:\/\/idakorea.ee\/#website\",\"url\":\"https:\/\/idakorea.ee\/\",\"name\":\"IDA.KOREA\",\"description\":\"Korea kosmeetika e-pood\",\"publisher\":{\"@id\":\"https:\/\/idakorea.ee\/#organization\"},\"alternateName\":\"Beauty Shop\",\"potentialAction\":[{\"@type\":\"SearchAction\",\"target\":{\"@type\":\"EntryPoint\",\"urlTemplate\":\"https:\/\/idakorea.ee\/?s={search_term_string}\"},\"query-input\":{\"@type\":\"PropertyValueSpecification\",\"valueRequired\":true,\"valueName\":\"search_term_string\"}}],\"inLanguage\":\"en-US\"},{\"@type\":\"Organization\",\"@id\":\"https:\/\/idakorea.ee\/#organization\",\"name\":\"IDA.KOREA\",\"url\":\"https:\/\/idakorea.ee\/\",\"logo\":{\"@type\":\"ImageObject\",\"inLanguage\":\"en-US\",\"@id\":\"https:\/\/idakorea.ee\/#\/schema\/logo\/image\/\",\"url\":\"https:\/\/idakorea.ee\/wp-content\/uploads\/2024\/05\/cropped-korea3.png\",\"contentUrl\":\"https:\/\/idakorea.ee\/wp-content\/uploads\/2024\/05\/cropped-korea3.png\",\"width\":688,\"height\":126,\"caption\":\"IDA.KOREA\"},\"image\":{\"@id\":\"https:\/\/idakorea.ee\/#\/schema\/logo\/image\/\"},\"sameAs\":[\"https:\/\/www.instagram.com\/ida.korea\/\"]}]}<\/script>\n<!-- \/ Yoast SEO plugin. -->","yoast_head_json":{"title":"Deep Cleansing Pore Tightening Foam SKIN1004 Madagascar Centella Poremizing Deep Cleansing Foam, 125ml - IDA.KOREA","description":"Deep Cleansing Pore Tightening Foam SKIN1004 Madagascar Centella Poremizing Deep Cleansing Foam effectively removes all dirt and excess oil, dissolves oil granules and gently polishes and exfoliates the skin. Softens rough skin areas and brightens oil glands, making blackheads less noticeable.","robots":{"index":"index","follow":"follow","max-snippet":"max-snippet:-1","max-image-preview":"max-image-preview:large","max-video-preview":"max-video-preview:-1"},"canonical":"https:\/\/idakorea.ee\/en\/product\/sugavpuhastav-vaht-pooride-ahendamiseks-skin1004-madagascar-centella-poremizing-deep-cleansing-foam-125ml\/","og_locale":"en_US","og_type":"article","og_title":"S\u00fcgavpuhastav vaht pooride ahendamiseks SKIN1004 Madagascar Centella Poremizing Deep Cleansing Foam, 125ml - IDA.KOREA","og_description":"S\u00fcgavpuhastav vaht pooride ahendamiseks SKIN1004 Madagascar Centella Poremizing Deep Cleansing Foam eemaldab t\u00f5husalt k\u00f5ik mustuse ja liigse rasu, lahustab rasukorgid ning \u00f5rnalt poleerib ja koorib nahka. Pehmendab karedaid nahapiirkondi ja helendab rasun\u00e4\u00e4rmeid, muutes mustad t\u00e4pid v\u00e4hem m\u00e4rgatavaks.","og_url":"https:\/\/idakorea.ee\/en\/product\/sugavpuhastav-vaht-pooride-ahendamiseks-skin1004-madagascar-centella-poremizing-deep-cleansing-foam-125ml\/","og_site_name":"IDA.KOREA","article_modified_time":"2026-04-10T17:21:02+00:00","og_image":[{"width":1000,"height":1000,"url":"https:\/\/idakorea.ee\/wp-content\/uploads\/2024\/09\/hollyshop-_63_-_1_.png","type":"image\/png"}],"twitter_card":"summary_large_image","twitter_misc":{"Est. reading time":"2 minutes"},"schema":{"@context":"https:\/\/schema.org","@graph":[{"@type":"WebPage","@id":"https:\/\/idakorea.ee\/product\/sugavpuhastav-vaht-pooride-ahendamiseks-skin1004-madagascar-centella-poremizing-deep-cleansing-foam-125ml\/","url":"https:\/\/idakorea.ee\/product\/sugavpuhastav-vaht-pooride-ahendamiseks-skin1004-madagascar-centella-poremizing-deep-cleansing-foam-125ml\/","name":"Deep Cleansing Pore Tightening Foam SKIN1004 Madagascar Centella Poremizing Deep Cleansing Foam, 125ml - IDA.KOREA","isPartOf":{"@id":"https:\/\/idakorea.ee\/#website"},"primaryImageOfPage":{"@id":"https:\/\/idakorea.ee\/product\/sugavpuhastav-vaht-pooride-ahendamiseks-skin1004-madagascar-centella-poremizing-deep-cleansing-foam-125ml\/#primaryimage"},"image":{"@id":"https:\/\/idakorea.ee\/product\/sugavpuhastav-vaht-pooride-ahendamiseks-skin1004-madagascar-centella-poremizing-deep-cleansing-foam-125ml\/#primaryimage"},"thumbnailUrl":"https:\/\/idakorea.ee\/wp-content\/uploads\/2024\/09\/hollyshop-_63_-_1_.png","datePublished":"2024-09-23T07:22:57+00:00","dateModified":"2026-04-10T17:21:02+00:00","description":"Deep Cleansing Pore Tightening Foam SKIN1004 Madagascar Centella Poremizing Deep Cleansing Foam effectively removes all dirt and excess oil, dissolves oil granules and gently polishes and exfoliates the skin. Softens rough skin areas and brightens oil glands, making blackheads less noticeable.","breadcrumb":{"@id":"https:\/\/idakorea.ee\/product\/sugavpuhastav-vaht-pooride-ahendamiseks-skin1004-madagascar-centella-poremizing-deep-cleansing-foam-125ml\/#breadcrumb"},"inLanguage":"en-US","potentialAction":[{"@type":"ReadAction","target":["https:\/\/idakorea.ee\/product\/sugavpuhastav-vaht-pooride-ahendamiseks-skin1004-madagascar-centella-poremizing-deep-cleansing-foam-125ml\/"]}]},{"@type":"ImageObject","inLanguage":"en-US","@id":"https:\/\/idakorea.ee\/product\/sugavpuhastav-vaht-pooride-ahendamiseks-skin1004-madagascar-centella-poremizing-deep-cleansing-foam-125ml\/#primaryimage","url":"https:\/\/idakorea.ee\/wp-content\/uploads\/2024\/09\/hollyshop-_63_-_1_.png","contentUrl":"https:\/\/idakorea.ee\/wp-content\/uploads\/2024\/09\/hollyshop-_63_-_1_.png","width":1000,"height":1000,"caption":"skin1004 deep foam"},{"@type":"BreadcrumbList","@id":"https:\/\/idakorea.ee\/product\/sugavpuhastav-vaht-pooride-ahendamiseks-skin1004-madagascar-centella-poremizing-deep-cleansing-foam-125ml\/#breadcrumb","itemListElement":[{"@type":"ListItem","position":1,"name":"\u0413\u043b\u0430\u0432\u043d\u0430\u044f \u0441\u0442\u0440\u0430\u043d\u0438\u0446\u0430","item":"https:\/\/idakorea.ee\/"},{"@type":"ListItem","position":2,"name":"Shop","item":"https:\/\/idakorea.ee\/shop-2\/"},{"@type":"ListItem","position":3,"name":"S\u00fcgavpuhastav vaht pooride ahendamiseks SKIN1004 Madagascar Centella Poremizing Deep Cleansing Foam, 125ml"}]},{"@type":"WebSite","@id":"https:\/\/idakorea.ee\/#website","url":"https:\/\/idakorea.ee\/","name":"IDA.KOREA","description":"Korean cosmetics e-shop","publisher":{"@id":"https:\/\/idakorea.ee\/#organization"},"alternateName":"Beauty Shop","potentialAction":[{"@type":"SearchAction","target":{"@type":"EntryPoint","urlTemplate":"https:\/\/idakorea.ee\/?s={search_term_string}"},"query-input":{"@type":"PropertyValueSpecification","valueRequired":true,"valueName":"search_term_string"}}],"inLanguage":"en-US"},{"@type":"Organization","@id":"https:\/\/idakorea.ee\/#organization","name":"IDA.KOREA","url":"https:\/\/idakorea.ee\/","logo":{"@type":"ImageObject","inLanguage":"en-US","@id":"https:\/\/idakorea.ee\/#\/schema\/logo\/image\/","url":"https:\/\/idakorea.ee\/wp-content\/uploads\/2024\/05\/cropped-korea3.png","contentUrl":"https:\/\/idakorea.ee\/wp-content\/uploads\/2024\/05\/cropped-korea3.png","width":688,"height":126,"caption":"IDA.KOREA"},"image":{"@id":"https:\/\/idakorea.ee\/#\/schema\/logo\/image\/"},"sameAs":["https:\/\/www.instagram.com\/ida.korea\/"]}]}},"jetpack_sharing_enabled":true,"brands":[{"id":186,"name":"SKIN1004","slug":"skin1004"}],"_links":{"self":[{"href":"https:\/\/idakorea.ee\/en\/wp-json\/wp\/v2\/product\/10670","targetHints":{"allow":["GET"]}}],"collection":[{"href":"https:\/\/idakorea.ee\/en\/wp-json\/wp\/v2\/product"}],"about":[{"href":"https:\/\/idakorea.ee\/en\/wp-json\/wp\/v2\/types\/product"}],"replies":[{"embeddable":true,"href":"https:\/\/idakorea.ee\/en\/wp-json\/wp\/v2\/comments?post=10670"}],"version-history":[{"count":1,"href":"https:\/\/idakorea.ee\/en\/wp-json\/wp\/v2\/product\/10670\/revisions"}],"predecessor-version":[{"id":10673,"href":"https:\/\/idakorea.ee\/en\/wp-json\/wp\/v2\/product\/10670\/revisions\/10673"}],"wp:featuredmedia":[{"embeddable":true,"href":"https:\/\/idakorea.ee\/en\/wp-json\/wp\/v2\/media\/10671"}],"wp:attachment":[{"href":"https:\/\/idakorea.ee\/en\/wp-json\/wp\/v2\/media?parent=10670"}],"wp:term":[{"taxonomy":"pwb-brand","embeddable":true,"href":"https:\/\/idakorea.ee\/en\/wp-json\/wp\/v2\/pwb-brand?post=10670"},{"taxonomy":"product_brand","embeddable":true,"href":"https:\/\/idakorea.ee\/en\/wp-json\/wp\/v2\/product_brand?post=10670"},{"taxonomy":"product_cat","embeddable":true,"href":"https:\/\/idakorea.ee\/en\/wp-json\/wp\/v2\/product_cat?post=10670"},{"taxonomy":"product_tag","embeddable":true,"href":"https:\/\/idakorea.ee\/en\/wp-json\/wp\/v2\/product_tag?post=10670"}],"curies":[{"name":"wp","href":"https:\/\/api.w.org\/{rel}","templated":true}]}}