{"id":10694,"date":"2024-09-23T15:55:40","date_gmt":"2024-09-23T12:55:40","guid":{"rendered":"https:\/\/idakorea.ee\/?post_type=product&#038;p=10694"},"modified":"2026-02-04T23:40:41","modified_gmt":"2026-02-04T21:40:41","slug":"naopuhastusvaht-time-energy-fresh-cleansing-foam-100ml","status":"publish","type":"product","link":"https:\/\/idakorea.ee\/en\/product\/naopuhastusvaht-time-energy-fresh-cleansing-foam-100ml\/","title":{"rendered":"Time Energy Fresh Cleansing Foam, 100ml"},"content":{"rendered":"<p>A gentle, ideal facial cleansing foam that cleanses and refreshes the skin. Made with moisturizing and cleansing ingredients derived from coconut oil. Easily removes dirt and light make-up, caring for pores, cleansing and tightening them. Leaves the skin moisturised, does not dry or tighten. Refreshes and relaxes the skin with natural essential oils of citrus (Aurantifolia) and pelargonium (Pelargonium graveolens).<\/p>\n<p>Contains 20% natural moisturising ingredients including glycerin, olive oil and vitamin derivatives to hydrate the skin.<\/p>\n<p>This is a new product from the Time Energy base line, which contains fermented organic herbs and hyaluronic acid to provide the skin with the nutrients and hydration it needs.<\/p>\n<p>The cleansing foam provides gentle and healthy skin care, enriched with the energy of thyme.<\/p>\n<p><strong>Usage:<\/strong> Take the appropriate amount onto damp palms, lather up, massage gently onto face and rinse thoroughly with water. Avoid the eye and lip area.<\/p>","protected":false},"excerpt":{"rendered":"<p>A gentle, ideal facial cleansing foam that cleanses and refreshes the skin. Made with moisturizing and cleansing ingredients derived from coconut oil. Easily removes dirt and light make-up, caring for pores, cleansing and tightening them. Leaves the skin moisturised, does not dry or tighten. Refreshes and relaxes the skin with natural essential oils of citrus (Aurantifolia) and pelargonium (Pelargonium graveolens). Contains 20% natural moisturising...<\/p>","protected":false},"featured_media":10695,"comment_status":"open","ping_status":"closed","template":"","meta":{"_uf_show_specific_survey":0,"_uf_disable_surveys":false,"_bst_post_transparent":"default","_bst_post_title":"","_bst_post_layout":"default","_bst_post_sidebar_id":"","_bst_post_content_style":"default","_bst_post_vertical_padding":"default","_bst_post_feature":"","_bst_post_feature_position":"","_bst_post_header":false,"_bst_post_footer":false},"pwb-brand":[109],"product_brand":[],"product_cat":[92,452],"product_tag":[591,621],"class_list":{"0":"post-10694","1":"product","2":"type-product","3":"status-publish","4":"has-post-thumbnail","6":"pwb-brand-sum37","7":"product_cat-nagu","8":"product_cat-naopuhastusgeelid","9":"product_tag-sum37","10":"product_tag-time-energy","12":"first","13":"instock","14":"sale","15":"shipping-taxable","16":"purchasable","17":"product-type-simple","18":"entry","19":"content-bg","20":"loop-entry"},"supplier_id":null,"supplier_sku":"","barcode":null,"atum_controlled":true,"out_stock_date":null,"out_stock_threshold":null,"inheritable":false,"inbound_stock":0,"stock_on_hold":0,"sold_today":0,"sales_last_days":0,"out_stock_days":0,"lost_sales":0,"has_location":false,"update_date":"2026-04-14T00:05:06","atum_locations":[],"atum_stock_status":"instock","restock_status":false,"low_stock_amount":"","sales_update_date":"2026-04-14T00:05:06","calc_backorders":null,"yoast_head":"<!-- This site is optimized with the Yoast SEO plugin v27.2 - https:\/\/yoast.com\/product\/yoast-seo-wordpress\/ -->\n<title>N\u00e4opuhastusvaht Time Energy Fresh Cleansing Foam, 100ml - IDA.KOREA<\/title>\n<meta name=\"robots\" content=\"index, follow, max-snippet:-1, max-image-preview:large, max-video-preview:-1\" \/>\n<link rel=\"canonical\" href=\"https:\/\/idakorea.ee\/en\/product\/naopuhastusvaht-time-energy-fresh-cleansing-foam-100ml\/\" \/>\n<meta property=\"og:locale\" content=\"en_US\" \/>\n<meta property=\"og:type\" content=\"article\" \/>\n<meta property=\"og:title\" content=\"N\u00e4opuhastusvaht Time Energy Fresh Cleansing Foam, 100ml - IDA.KOREA\" \/>\n<meta property=\"og:description\" content=\"\u00d5rn, ideaalne n\u00e4opuhastusvaht, mis puhastab ja v\u00e4rskendab nahka. Valmistatud niisutavatest ja puhastavatest koostisosadest, mis on saadud kookos\u00f5list. Eemaldab kergesti mustuse ja kerge meigi, hoolitsedes pooride eest, puhastades ja ahendades neid. J\u00e4tab naha niisutatuks, ei kuivata ega pingulda nahka. V\u00e4rskendab ja l\u00f5dvestab nahka looduslike tsitruse (Aurantifolia) ja pelargooni (Pelargonium graveolens) eeterlike \u00f5lidega. Sisaldab 20% looduslikke niisutavaid...\" \/>\n<meta property=\"og:url\" content=\"https:\/\/idakorea.ee\/en\/product\/naopuhastusvaht-time-energy-fresh-cleansing-foam-100ml\/\" \/>\n<meta property=\"og:site_name\" content=\"IDA.KOREA\" \/>\n<meta property=\"article:modified_time\" content=\"2026-02-04T21:40:41+00:00\" \/>\n<meta property=\"og:image\" content=\"https:\/\/idakorea.ee\/wp-content\/uploads\/2024\/09\/max_50283.jpg\" \/>\n\t<meta property=\"og:image:width\" content=\"750\" \/>\n\t<meta property=\"og:image:height\" content=\"750\" \/>\n\t<meta property=\"og:image:type\" content=\"image\/jpeg\" \/>\n<meta name=\"twitter:card\" content=\"summary_large_image\" \/>\n<meta name=\"twitter:label1\" content=\"Est. reading time\" \/>\n\t<meta name=\"twitter:data1\" content=\"1 minute\" \/>\n<script type=\"application\/ld+json\" class=\"yoast-schema-graph\">{\"@context\":\"https:\/\/schema.org\",\"@graph\":[{\"@type\":\"WebPage\",\"@id\":\"https:\/\/idakorea.ee\/product\/naopuhastusvaht-time-energy-fresh-cleansing-foam-100ml\/\",\"url\":\"https:\/\/idakorea.ee\/product\/naopuhastusvaht-time-energy-fresh-cleansing-foam-100ml\/\",\"name\":\"N\u00e4opuhastusvaht Time Energy Fresh Cleansing Foam, 100ml - IDA.KOREA\",\"isPartOf\":{\"@id\":\"https:\/\/idakorea.ee\/#website\"},\"primaryImageOfPage\":{\"@id\":\"https:\/\/idakorea.ee\/product\/naopuhastusvaht-time-energy-fresh-cleansing-foam-100ml\/#primaryimage\"},\"image\":{\"@id\":\"https:\/\/idakorea.ee\/product\/naopuhastusvaht-time-energy-fresh-cleansing-foam-100ml\/#primaryimage\"},\"thumbnailUrl\":\"https:\/\/idakorea.ee\/wp-content\/uploads\/2024\/09\/max_50283.jpg\",\"datePublished\":\"2024-09-23T12:55:40+00:00\",\"dateModified\":\"2026-02-04T21:40:41+00:00\",\"breadcrumb\":{\"@id\":\"https:\/\/idakorea.ee\/product\/naopuhastusvaht-time-energy-fresh-cleansing-foam-100ml\/#breadcrumb\"},\"inLanguage\":\"en-US\",\"potentialAction\":[{\"@type\":\"ReadAction\",\"target\":[\"https:\/\/idakorea.ee\/product\/naopuhastusvaht-time-energy-fresh-cleansing-foam-100ml\/\"]}]},{\"@type\":\"ImageObject\",\"inLanguage\":\"en-US\",\"@id\":\"https:\/\/idakorea.ee\/product\/naopuhastusvaht-time-energy-fresh-cleansing-foam-100ml\/#primaryimage\",\"url\":\"https:\/\/idakorea.ee\/wp-content\/uploads\/2024\/09\/max_50283.jpg\",\"contentUrl\":\"https:\/\/idakorea.ee\/wp-content\/uploads\/2024\/09\/max_50283.jpg\",\"width\":750,\"height\":750,\"caption\":\"sum37\"},{\"@type\":\"BreadcrumbList\",\"@id\":\"https:\/\/idakorea.ee\/product\/naopuhastusvaht-time-energy-fresh-cleansing-foam-100ml\/#breadcrumb\",\"itemListElement\":[{\"@type\":\"ListItem\",\"position\":1,\"name\":\"\u0413\u043b\u0430\u0432\u043d\u0430\u044f \u0441\u0442\u0440\u0430\u043d\u0438\u0446\u0430\",\"item\":\"https:\/\/idakorea.ee\/\"},{\"@type\":\"ListItem\",\"position\":2,\"name\":\"Shop\",\"item\":\"https:\/\/idakorea.ee\/shop-2\/\"},{\"@type\":\"ListItem\",\"position\":3,\"name\":\"N\u00e4opuhastusvaht Time Energy Fresh Cleansing Foam, 100ml\"}]},{\"@type\":\"WebSite\",\"@id\":\"https:\/\/idakorea.ee\/#website\",\"url\":\"https:\/\/idakorea.ee\/\",\"name\":\"IDA.KOREA\",\"description\":\"Korea kosmeetika e-pood\",\"publisher\":{\"@id\":\"https:\/\/idakorea.ee\/#organization\"},\"alternateName\":\"Beauty Shop\",\"potentialAction\":[{\"@type\":\"SearchAction\",\"target\":{\"@type\":\"EntryPoint\",\"urlTemplate\":\"https:\/\/idakorea.ee\/?s={search_term_string}\"},\"query-input\":{\"@type\":\"PropertyValueSpecification\",\"valueRequired\":true,\"valueName\":\"search_term_string\"}}],\"inLanguage\":\"en-US\"},{\"@type\":\"Organization\",\"@id\":\"https:\/\/idakorea.ee\/#organization\",\"name\":\"IDA.KOREA\",\"url\":\"https:\/\/idakorea.ee\/\",\"logo\":{\"@type\":\"ImageObject\",\"inLanguage\":\"en-US\",\"@id\":\"https:\/\/idakorea.ee\/#\/schema\/logo\/image\/\",\"url\":\"https:\/\/idakorea.ee\/wp-content\/uploads\/2024\/05\/cropped-korea3.png\",\"contentUrl\":\"https:\/\/idakorea.ee\/wp-content\/uploads\/2024\/05\/cropped-korea3.png\",\"width\":688,\"height\":126,\"caption\":\"IDA.KOREA\"},\"image\":{\"@id\":\"https:\/\/idakorea.ee\/#\/schema\/logo\/image\/\"},\"sameAs\":[\"https:\/\/www.instagram.com\/ida.korea\/\"]}]}<\/script>\n<!-- \/ Yoast SEO plugin. -->","yoast_head_json":{"title":"Facial cleansing foam Time Energy Fresh Cleansing Foam, 100ml - IDA.KOREA","robots":{"index":"index","follow":"follow","max-snippet":"max-snippet:-1","max-image-preview":"max-image-preview:large","max-video-preview":"max-video-preview:-1"},"canonical":"https:\/\/idakorea.ee\/en\/product\/naopuhastusvaht-time-energy-fresh-cleansing-foam-100ml\/","og_locale":"en_US","og_type":"article","og_title":"N\u00e4opuhastusvaht Time Energy Fresh Cleansing Foam, 100ml - IDA.KOREA","og_description":"\u00d5rn, ideaalne n\u00e4opuhastusvaht, mis puhastab ja v\u00e4rskendab nahka. Valmistatud niisutavatest ja puhastavatest koostisosadest, mis on saadud kookos\u00f5list. Eemaldab kergesti mustuse ja kerge meigi, hoolitsedes pooride eest, puhastades ja ahendades neid. J\u00e4tab naha niisutatuks, ei kuivata ega pingulda nahka. V\u00e4rskendab ja l\u00f5dvestab nahka looduslike tsitruse (Aurantifolia) ja pelargooni (Pelargonium graveolens) eeterlike \u00f5lidega. Sisaldab 20% looduslikke niisutavaid...","og_url":"https:\/\/idakorea.ee\/en\/product\/naopuhastusvaht-time-energy-fresh-cleansing-foam-100ml\/","og_site_name":"IDA.KOREA","article_modified_time":"2026-02-04T21:40:41+00:00","og_image":[{"width":750,"height":750,"url":"https:\/\/idakorea.ee\/wp-content\/uploads\/2024\/09\/max_50283.jpg","type":"image\/jpeg"}],"twitter_card":"summary_large_image","twitter_misc":{"Est. reading time":"1 minute"},"schema":{"@context":"https:\/\/schema.org","@graph":[{"@type":"WebPage","@id":"https:\/\/idakorea.ee\/product\/naopuhastusvaht-time-energy-fresh-cleansing-foam-100ml\/","url":"https:\/\/idakorea.ee\/product\/naopuhastusvaht-time-energy-fresh-cleansing-foam-100ml\/","name":"Facial cleansing foam Time Energy Fresh Cleansing Foam, 100ml - IDA.KOREA","isPartOf":{"@id":"https:\/\/idakorea.ee\/#website"},"primaryImageOfPage":{"@id":"https:\/\/idakorea.ee\/product\/naopuhastusvaht-time-energy-fresh-cleansing-foam-100ml\/#primaryimage"},"image":{"@id":"https:\/\/idakorea.ee\/product\/naopuhastusvaht-time-energy-fresh-cleansing-foam-100ml\/#primaryimage"},"thumbnailUrl":"https:\/\/idakorea.ee\/wp-content\/uploads\/2024\/09\/max_50283.jpg","datePublished":"2024-09-23T12:55:40+00:00","dateModified":"2026-02-04T21:40:41+00:00","breadcrumb":{"@id":"https:\/\/idakorea.ee\/product\/naopuhastusvaht-time-energy-fresh-cleansing-foam-100ml\/#breadcrumb"},"inLanguage":"en-US","potentialAction":[{"@type":"ReadAction","target":["https:\/\/idakorea.ee\/product\/naopuhastusvaht-time-energy-fresh-cleansing-foam-100ml\/"]}]},{"@type":"ImageObject","inLanguage":"en-US","@id":"https:\/\/idakorea.ee\/product\/naopuhastusvaht-time-energy-fresh-cleansing-foam-100ml\/#primaryimage","url":"https:\/\/idakorea.ee\/wp-content\/uploads\/2024\/09\/max_50283.jpg","contentUrl":"https:\/\/idakorea.ee\/wp-content\/uploads\/2024\/09\/max_50283.jpg","width":750,"height":750,"caption":"sum37"},{"@type":"BreadcrumbList","@id":"https:\/\/idakorea.ee\/product\/naopuhastusvaht-time-energy-fresh-cleansing-foam-100ml\/#breadcrumb","itemListElement":[{"@type":"ListItem","position":1,"name":"\u0413\u043b\u0430\u0432\u043d\u0430\u044f \u0441\u0442\u0440\u0430\u043d\u0438\u0446\u0430","item":"https:\/\/idakorea.ee\/"},{"@type":"ListItem","position":2,"name":"Shop","item":"https:\/\/idakorea.ee\/shop-2\/"},{"@type":"ListItem","position":3,"name":"N\u00e4opuhastusvaht Time Energy Fresh Cleansing Foam, 100ml"}]},{"@type":"WebSite","@id":"https:\/\/idakorea.ee\/#website","url":"https:\/\/idakorea.ee\/","name":"IDA.KOREA","description":"Korean cosmetics e-shop","publisher":{"@id":"https:\/\/idakorea.ee\/#organization"},"alternateName":"Beauty Shop","potentialAction":[{"@type":"SearchAction","target":{"@type":"EntryPoint","urlTemplate":"https:\/\/idakorea.ee\/?s={search_term_string}"},"query-input":{"@type":"PropertyValueSpecification","valueRequired":true,"valueName":"search_term_string"}}],"inLanguage":"en-US"},{"@type":"Organization","@id":"https:\/\/idakorea.ee\/#organization","name":"IDA.KOREA","url":"https:\/\/idakorea.ee\/","logo":{"@type":"ImageObject","inLanguage":"en-US","@id":"https:\/\/idakorea.ee\/#\/schema\/logo\/image\/","url":"https:\/\/idakorea.ee\/wp-content\/uploads\/2024\/05\/cropped-korea3.png","contentUrl":"https:\/\/idakorea.ee\/wp-content\/uploads\/2024\/05\/cropped-korea3.png","width":688,"height":126,"caption":"IDA.KOREA"},"image":{"@id":"https:\/\/idakorea.ee\/#\/schema\/logo\/image\/"},"sameAs":["https:\/\/www.instagram.com\/ida.korea\/"]}]}},"jetpack_sharing_enabled":true,"brands":[{"id":109,"name":"SUM37","slug":"sum37"}],"_links":{"self":[{"href":"https:\/\/idakorea.ee\/en\/wp-json\/wp\/v2\/product\/10694","targetHints":{"allow":["GET"]}}],"collection":[{"href":"https:\/\/idakorea.ee\/en\/wp-json\/wp\/v2\/product"}],"about":[{"href":"https:\/\/idakorea.ee\/en\/wp-json\/wp\/v2\/types\/product"}],"replies":[{"embeddable":true,"href":"https:\/\/idakorea.ee\/en\/wp-json\/wp\/v2\/comments?post=10694"}],"version-history":[{"count":1,"href":"https:\/\/idakorea.ee\/en\/wp-json\/wp\/v2\/product\/10694\/revisions"}],"predecessor-version":[{"id":10696,"href":"https:\/\/idakorea.ee\/en\/wp-json\/wp\/v2\/product\/10694\/revisions\/10696"}],"wp:featuredmedia":[{"embeddable":true,"href":"https:\/\/idakorea.ee\/en\/wp-json\/wp\/v2\/media\/10695"}],"wp:attachment":[{"href":"https:\/\/idakorea.ee\/en\/wp-json\/wp\/v2\/media?parent=10694"}],"wp:term":[{"taxonomy":"pwb-brand","embeddable":true,"href":"https:\/\/idakorea.ee\/en\/wp-json\/wp\/v2\/pwb-brand?post=10694"},{"taxonomy":"product_brand","embeddable":true,"href":"https:\/\/idakorea.ee\/en\/wp-json\/wp\/v2\/product_brand?post=10694"},{"taxonomy":"product_cat","embeddable":true,"href":"https:\/\/idakorea.ee\/en\/wp-json\/wp\/v2\/product_cat?post=10694"},{"taxonomy":"product_tag","embeddable":true,"href":"https:\/\/idakorea.ee\/en\/wp-json\/wp\/v2\/product_tag?post=10694"}],"curies":[{"name":"wp","href":"https:\/\/api.w.org\/{rel}","templated":true}]}}