{"id":10748,"date":"2024-09-30T14:54:26","date_gmt":"2024-09-30T11:54:26","guid":{"rendered":"https:\/\/idakorea.ee\/?post_type=product&#038;p=10748"},"modified":"2026-04-08T08:56:04","modified_gmt":"2026-04-08T06:56:04","slug":"ampull-missha-vita-c-plus-spot-correcting-15g","status":"publish","type":"product","link":"https:\/\/idakorea.ee\/en\/product\/ampull-missha-vita-c-plus-spot-correcting-15g\/","title":{"rendered":"Missha Vita C Plus Spot Correcting, 15g"},"content":{"rendered":"<div class=\"draggable no-draggable-children sticky top-0 p-3 mb-1.5 flex items-center justify-between z-10 h-header-height font-semibold bg-token-main-surface-primary max-md:hidden\">\n<div class=\"flex items-center gap-2 pr-1 leading-[0]\"><\/div>\n<\/div>\n<article class=\"w-full text-token-text-primary focus-visible:outline-2 focus-visible:outline-offset-[-4px]\" dir=\"auto\" data-testid=\"conversation-turn-3\" data-scroll-anchor=\"true\">\n<div class=\"text-base py-[18px] px-3 md:px-4 m-auto w-full md:px-5 lg:px-4 xl:px-5\">\n<div class=\"mx-auto flex flex-1 gap-4 text-base md:gap-5 lg:gap-6 md:max-w-3xl lg:max-w-[40rem] xl:max-w-[48rem]\">\n<div class=\"group\/conversation-turn relative flex w-full min-w-0 flex-col agent-turn\">\n<div class=\"flex-col gap-1 md:gap-3\">\n<div class=\"flex max-w-full flex-col flex-grow\">\n<div class=\"min-h-8 text-message flex w-full flex-col items-end gap-2 whitespace-normal break-words [.text-message+&amp;]:mt-5\" dir=\"auto\" data-message-author-role=\"assistant\" data-message-id=\"90c863d1-ad79-4b2d-a256-16651480537e\">\n<div class=\"flex w-full flex-col gap-1 empty:hidden first:pt-[3px]\">\n<div class=\"markdown prose w-full break-words dark:prose-invert light\">\n<p><strong>Missha Vita C Plus Spot Correcting<\/strong> kontsentraatampull aitab v\u00e4hendada h\u00fcperpigmentatsiooni, \u00fchtlustada nahatooni, eemaldada tuhmuse ning annab nahale kauni s\u00e4ra.<\/p>\n<p>Suur C-vitamiini kontsentratsioon stimuleerib kollageeni tootmist, t\u00e4nu millele muutub nahk elastsemaks, kortsud v\u00e4henevad ning vananemisprotsess aeglustub. Samuti tagab see antioks\u00fcdantse kaitse v\u00e4listegurite, nagu UV-kiirguse ja linnareostuse eest.<\/p>\n<p>Ampull silub naha tekstuuri, pehmendab pinda, v\u00e4hendab tedret\u00e4hnide, aknearmide ja muude pigmendilaikude n\u00e4htavust. Tootel on unikaalne koostis, mis sisaldab pulbrit ja essentsi, mis segunevad kontsentreeritud lahuseks.<\/p>\n<p>Sisaldab 3 t\u00fc\u00fcpi liposoomidesse kapseldatud C-vitamiini, mis v\u00f5imaldab ka ebastabiilsel vormil tungida s\u00fcgavale nahka ja t\u00f6\u00f6tada sarvkihis, kiirendades ja suurendades toote t\u00f5husust:<\/p>\n<ul>\n<li>Askorbiinhape (Ascorbic Acid) \u2013 ebastabiilne vorm, millel on tugevaim heledav ja vananemisvastane toime.<\/li>\n<li>Eetilaskorbiinhape (3-O-Ethyl Ascorbic Acid) \u2013 rasvlahustuv vorm, mis toimib tugeva antioks\u00fcdandi ja p\u00f5letikuvastase ainena, aeglustades vananemist, heledades nahka ja suurendades kollageeni tootmist.<\/li>\n<li>Askorb\u00fc\u00fclgl\u00fckosiid (Ascorbyl Glucoside) \u2013 stabiilne vorm, mis stimuleerib kollageeni tootmist, heledab pigmendilaike, \u00fchtlustab tekstuuri ja toimib antioks\u00fcdandina.<\/li>\n<\/ul>\n<p><strong>T\u00e4iendavad aktiivained:<\/strong><\/p>\n<ul>\n<li>Traneksaamhape \u2013 heledav komponent, mis p\u00e4rsib t\u00fcrosinaasi ens\u00fc\u00fcmi aktiivsust, takistades melaniini tootmist. Ei p\u00f5hjusta valgustundlikkust, sobib kasutamiseks p\u00e4eval.<\/li>\n<li>Arbutiin \u2013 v\u00f5imas heledav komponent, mis v\u00e4hendab pigmendilaike ja hoiab \u00e4ra melaniini s\u00fcnteesi, eemaldab tuhmuse ja eba\u00fchtlase jume.<\/li>\n<li>Argireliin (Acetyl Hexapeptide-8) \u2013 botuliini-sarnase toimega peptiid, mis l\u00f5dvestab miimilisi lihaseid ja takistab kortsude teket.<\/li>\n<li>Palmito\u00fc\u00fcltripeptiid-5 (Palmitoyl Tripeptide-5) \u2013 madala molekulmassiga peptiid, mis ennetab kollageenikiudude lagunemist ja silub naha tekstuuri.<\/li>\n<li>H\u00fcdrol\u00fc\u00fcsitud kollageen tungib s\u00fcgavamale kui tavaline kollageen, niisutab intensiivselt, aitab s\u00e4ilitada niiskust ning muudab naha elastsemaks ja siledamaks.<\/li>\n<li>Astelpaju h\u00fcdrolaat on rikas C- ja E-vitamiini poolest. Sellel on antioks\u00fcdantne toime, aeglustab vananemist, t\u00f5stab naha toonust ja hoiab selle tervena.<\/li>\n<li>Niatsiinamiid (vitamiin B3) \u00fchtlustab \u00fcldist nahatooni, parandab jume, stimuleerib kollageeni tootmist, heledab nahka ja aeglustab melaniini transporti epidermisse.<\/li>\n<li>Fullereen on v\u00f5imas antioks\u00fcdant, mis tugevdab immuunsust ja kaitseb nahka, ennetades enneaegset vananemist ja naha l\u00f5tvumist.<\/li>\n<li>Pantenool (vitamiin B5) leevendab punetust ja s\u00fcgelust, tugevdab naha kaitsebarj\u00e4\u00e4ri, v\u00e4hendab niiskuse kadu ja aitab nahka taastada.<\/li>\n<li>Lagritsajuure ekstrakt heledab \u00f5rnalt, leevendab \u00e4rritust ja soodustab kollageeni tootmist.<\/li>\n<li>Nimi puu ekstrakt ravib nahka, on p\u00f5letikuvastane ja antiseptiline, muudab naha pehmeks ja siidiseks, reguleerib rasu tootmist.<\/li>\n<li>Apelsini ja greibi \u00f5lid pehmendavad, toidavad, \u00fchtlustavad nahatooni ja omavad p\u00f5letikuvastast toimet.<\/li>\n<\/ul>\n<p>&nbsp;<\/p>\n<p>Sobib igat t\u00fc\u00fcpi nahale.<\/p>\n<p><strong>Kasutamisjuhend:<\/strong> avage kork, vajutage \u00fcks kord dosaatorile ja raputage ampulli, et segada pulber essentsiga. P\u00e4rast n\u00e4o puhastamist kandke ampull kuivale nahale ning jaotage \u00fchtlaselt. P\u00e4eval kasutage p\u00e4ikesekaitsevahendit. Hoidke pimedas ja jahedas kohas, et v\u00e4ltida toote oks\u00fcdeerumist (soovitavalt k\u00fclmkapis).<\/p>\n<\/div>\n<\/div>\n<\/div>\n<\/div>\n<\/div>\n<\/div>\n<\/div>\n<\/div>\n<\/article>\n","protected":false},"excerpt":{"rendered":"<p>Missha Vita C Plus Spot Correcting Concentrate helps to reduce hyperpigmentation, evens skin tone, removes dullness and gives skin a beautiful glow. The high concentration of vitamin C stimulates the production of collagen, making the skin more elastic, reducing wrinkles and slowing down the ageing process. It also provides antioxidant protection against external aggressors such as UV rays and urban pollution. The ampoule smoothes the texture of the skin, softens the surface, reduces the appearance of blackheads, acne scars and...<\/p>","protected":false},"featured_media":10749,"comment_status":"open","ping_status":"closed","template":"","meta":{"_uf_show_specific_survey":0,"_uf_disable_surveys":false,"_bst_post_transparent":"default","_bst_post_title":"","_bst_post_layout":"default","_bst_post_sidebar_id":"","_bst_post_content_style":"default","_bst_post_vertical_padding":"default","_bst_post_feature":"","_bst_post_feature_position":"","_bst_post_header":false,"_bst_post_footer":false},"pwb-brand":[631],"product_brand":[],"product_cat":[1122,92,97],"product_tag":[632,633,634],"class_list":{"0":"post-10748","1":"product","2":"type-product","3":"status-publish","4":"has-post-thumbnail","6":"pwb-brand-missha","7":"product_cat-lokaalne-hooldus","8":"product_cat-nagu","9":"product_cat-naoseerumid-ja-olid","10":"product_tag-missha","11":"product_tag-vita-c","12":"product_tag-vitamin-c","14":"first","15":"instock","16":"sale","17":"shipping-taxable","18":"purchasable","19":"product-type-simple","20":"entry","21":"content-bg","22":"loop-entry"},"supplier_id":null,"supplier_sku":"","barcode":null,"atum_controlled":true,"out_stock_date":null,"out_stock_threshold":null,"inheritable":false,"inbound_stock":0,"stock_on_hold":0,"sold_today":0,"sales_last_days":2,"out_stock_days":0,"lost_sales":0,"has_location":false,"update_date":"2026-04-14T00:05:04","atum_locations":[],"atum_stock_status":"instock","restock_status":true,"low_stock_amount":"","sales_update_date":"2026-04-14T00:05:04","calc_backorders":null,"yoast_head":"<!-- This site is optimized with the Yoast SEO plugin v27.2 - https:\/\/yoast.com\/product\/yoast-seo-wordpress\/ -->\n<title>Ampull Missha Vita C Plus Spot Correcting, 15g - IDA.KOREA<\/title>\n<meta name=\"description\" content=\"Missha Vita C Plus Spot Correcting kontsentraatampull aitab v\u00e4hendada h\u00fcperpigmentatsiooni, \u00fchtlustada nahatooni, eemaldada tuhmuse ning annab nahale kauni s\u00e4ra.\" \/>\n<meta name=\"robots\" content=\"index, follow, max-snippet:-1, max-image-preview:large, max-video-preview:-1\" \/>\n<link rel=\"canonical\" href=\"https:\/\/idakorea.ee\/en\/product\/ampull-missha-vita-c-plus-spot-correcting-15g\/\" \/>\n<meta property=\"og:locale\" content=\"en_US\" \/>\n<meta property=\"og:type\" content=\"article\" \/>\n<meta property=\"og:title\" content=\"Ampull Missha Vita C Plus Spot Correcting, 15g - IDA.KOREA\" \/>\n<meta property=\"og:description\" content=\"Missha Vita C Plus Spot Correcting kontsentraatampull aitab v\u00e4hendada h\u00fcperpigmentatsiooni, \u00fchtlustada nahatooni, eemaldada tuhmuse ning annab nahale kauni s\u00e4ra.\" \/>\n<meta property=\"og:url\" content=\"https:\/\/idakorea.ee\/en\/product\/ampull-missha-vita-c-plus-spot-correcting-15g\/\" \/>\n<meta property=\"og:site_name\" content=\"IDA.KOREA\" \/>\n<meta property=\"article:modified_time\" content=\"2026-04-08T06:56:04+00:00\" \/>\n<meta property=\"og:image\" content=\"https:\/\/idakorea.ee\/wp-content\/uploads\/2024\/09\/missha-vita-c-plus-spot-correcting-concentrate-ampoule.jpg\" \/>\n\t<meta property=\"og:image:width\" content=\"1000\" \/>\n\t<meta property=\"og:image:height\" content=\"1000\" \/>\n\t<meta property=\"og:image:type\" content=\"image\/jpeg\" \/>\n<meta name=\"twitter:card\" content=\"summary_large_image\" \/>\n<meta name=\"twitter:label1\" content=\"Est. reading time\" \/>\n\t<meta name=\"twitter:data1\" content=\"3 minutes\" \/>\n<script type=\"application\/ld+json\" class=\"yoast-schema-graph\">{\"@context\":\"https:\/\/schema.org\",\"@graph\":[{\"@type\":\"WebPage\",\"@id\":\"https:\/\/idakorea.ee\/product\/ampull-missha-vita-c-plus-spot-correcting-15g\/\",\"url\":\"https:\/\/idakorea.ee\/product\/ampull-missha-vita-c-plus-spot-correcting-15g\/\",\"name\":\"Ampull Missha Vita C Plus Spot Correcting, 15g - IDA.KOREA\",\"isPartOf\":{\"@id\":\"https:\/\/idakorea.ee\/#website\"},\"primaryImageOfPage\":{\"@id\":\"https:\/\/idakorea.ee\/product\/ampull-missha-vita-c-plus-spot-correcting-15g\/#primaryimage\"},\"image\":{\"@id\":\"https:\/\/idakorea.ee\/product\/ampull-missha-vita-c-plus-spot-correcting-15g\/#primaryimage\"},\"thumbnailUrl\":\"https:\/\/idakorea.ee\/wp-content\/uploads\/2024\/09\/missha-vita-c-plus-spot-correcting-concentrate-ampoule.jpg\",\"datePublished\":\"2024-09-30T11:54:26+00:00\",\"dateModified\":\"2026-04-08T06:56:04+00:00\",\"description\":\"Missha Vita C Plus Spot Correcting kontsentraatampull aitab v\u00e4hendada h\u00fcperpigmentatsiooni, \u00fchtlustada nahatooni, eemaldada tuhmuse ning annab nahale kauni s\u00e4ra.\",\"breadcrumb\":{\"@id\":\"https:\/\/idakorea.ee\/product\/ampull-missha-vita-c-plus-spot-correcting-15g\/#breadcrumb\"},\"inLanguage\":\"en-US\",\"potentialAction\":[{\"@type\":\"ReadAction\",\"target\":[\"https:\/\/idakorea.ee\/product\/ampull-missha-vita-c-plus-spot-correcting-15g\/\"]}]},{\"@type\":\"ImageObject\",\"inLanguage\":\"en-US\",\"@id\":\"https:\/\/idakorea.ee\/product\/ampull-missha-vita-c-plus-spot-correcting-15g\/#primaryimage\",\"url\":\"https:\/\/idakorea.ee\/wp-content\/uploads\/2024\/09\/missha-vita-c-plus-spot-correcting-concentrate-ampoule.jpg\",\"contentUrl\":\"https:\/\/idakorea.ee\/wp-content\/uploads\/2024\/09\/missha-vita-c-plus-spot-correcting-concentrate-ampoule.jpg\",\"width\":1000,\"height\":1000},{\"@type\":\"BreadcrumbList\",\"@id\":\"https:\/\/idakorea.ee\/product\/ampull-missha-vita-c-plus-spot-correcting-15g\/#breadcrumb\",\"itemListElement\":[{\"@type\":\"ListItem\",\"position\":1,\"name\":\"\u0413\u043b\u0430\u0432\u043d\u0430\u044f \u0441\u0442\u0440\u0430\u043d\u0438\u0446\u0430\",\"item\":\"https:\/\/idakorea.ee\/\"},{\"@type\":\"ListItem\",\"position\":2,\"name\":\"Shop\",\"item\":\"https:\/\/idakorea.ee\/shop-2\/\"},{\"@type\":\"ListItem\",\"position\":3,\"name\":\"Ampull Missha Vita C Plus Spot Correcting, 15g\"}]},{\"@type\":\"WebSite\",\"@id\":\"https:\/\/idakorea.ee\/#website\",\"url\":\"https:\/\/idakorea.ee\/\",\"name\":\"IDA.KOREA\",\"description\":\"Korea kosmeetika e-pood\",\"publisher\":{\"@id\":\"https:\/\/idakorea.ee\/#organization\"},\"alternateName\":\"Beauty Shop\",\"potentialAction\":[{\"@type\":\"SearchAction\",\"target\":{\"@type\":\"EntryPoint\",\"urlTemplate\":\"https:\/\/idakorea.ee\/?s={search_term_string}\"},\"query-input\":{\"@type\":\"PropertyValueSpecification\",\"valueRequired\":true,\"valueName\":\"search_term_string\"}}],\"inLanguage\":\"en-US\"},{\"@type\":\"Organization\",\"@id\":\"https:\/\/idakorea.ee\/#organization\",\"name\":\"IDA.KOREA\",\"url\":\"https:\/\/idakorea.ee\/\",\"logo\":{\"@type\":\"ImageObject\",\"inLanguage\":\"en-US\",\"@id\":\"https:\/\/idakorea.ee\/#\/schema\/logo\/image\/\",\"url\":\"https:\/\/idakorea.ee\/wp-content\/uploads\/2024\/05\/cropped-korea3.png\",\"contentUrl\":\"https:\/\/idakorea.ee\/wp-content\/uploads\/2024\/05\/cropped-korea3.png\",\"width\":688,\"height\":126,\"caption\":\"IDA.KOREA\"},\"image\":{\"@id\":\"https:\/\/idakorea.ee\/#\/schema\/logo\/image\/\"},\"sameAs\":[\"https:\/\/www.instagram.com\/ida.korea\/\"]}]}<\/script>\n<!-- \/ Yoast SEO plugin. -->","yoast_head_json":{"title":"Ampoule Missha Vita C Plus Spot Correcting, 15g - IDA.KOREA","description":"Missha Vita C Plus Spot Correcting Concentrate helps to reduce hyperpigmentation, evens skin tone, removes dullness and gives skin a beautiful glow.","robots":{"index":"index","follow":"follow","max-snippet":"max-snippet:-1","max-image-preview":"max-image-preview:large","max-video-preview":"max-video-preview:-1"},"canonical":"https:\/\/idakorea.ee\/en\/product\/ampull-missha-vita-c-plus-spot-correcting-15g\/","og_locale":"en_US","og_type":"article","og_title":"Ampull Missha Vita C Plus Spot Correcting, 15g - IDA.KOREA","og_description":"Missha Vita C Plus Spot Correcting kontsentraatampull aitab v\u00e4hendada h\u00fcperpigmentatsiooni, \u00fchtlustada nahatooni, eemaldada tuhmuse ning annab nahale kauni s\u00e4ra.","og_url":"https:\/\/idakorea.ee\/en\/product\/ampull-missha-vita-c-plus-spot-correcting-15g\/","og_site_name":"IDA.KOREA","article_modified_time":"2026-04-08T06:56:04+00:00","og_image":[{"width":1000,"height":1000,"url":"https:\/\/idakorea.ee\/wp-content\/uploads\/2024\/09\/missha-vita-c-plus-spot-correcting-concentrate-ampoule.jpg","type":"image\/jpeg"}],"twitter_card":"summary_large_image","twitter_misc":{"Est. reading time":"3 minutes"},"schema":{"@context":"https:\/\/schema.org","@graph":[{"@type":"WebPage","@id":"https:\/\/idakorea.ee\/product\/ampull-missha-vita-c-plus-spot-correcting-15g\/","url":"https:\/\/idakorea.ee\/product\/ampull-missha-vita-c-plus-spot-correcting-15g\/","name":"Ampoule Missha Vita C Plus Spot Correcting, 15g - IDA.KOREA","isPartOf":{"@id":"https:\/\/idakorea.ee\/#website"},"primaryImageOfPage":{"@id":"https:\/\/idakorea.ee\/product\/ampull-missha-vita-c-plus-spot-correcting-15g\/#primaryimage"},"image":{"@id":"https:\/\/idakorea.ee\/product\/ampull-missha-vita-c-plus-spot-correcting-15g\/#primaryimage"},"thumbnailUrl":"https:\/\/idakorea.ee\/wp-content\/uploads\/2024\/09\/missha-vita-c-plus-spot-correcting-concentrate-ampoule.jpg","datePublished":"2024-09-30T11:54:26+00:00","dateModified":"2026-04-08T06:56:04+00:00","description":"Missha Vita C Plus Spot Correcting Concentrate helps to reduce hyperpigmentation, evens skin tone, removes dullness and gives skin a beautiful glow.","breadcrumb":{"@id":"https:\/\/idakorea.ee\/product\/ampull-missha-vita-c-plus-spot-correcting-15g\/#breadcrumb"},"inLanguage":"en-US","potentialAction":[{"@type":"ReadAction","target":["https:\/\/idakorea.ee\/product\/ampull-missha-vita-c-plus-spot-correcting-15g\/"]}]},{"@type":"ImageObject","inLanguage":"en-US","@id":"https:\/\/idakorea.ee\/product\/ampull-missha-vita-c-plus-spot-correcting-15g\/#primaryimage","url":"https:\/\/idakorea.ee\/wp-content\/uploads\/2024\/09\/missha-vita-c-plus-spot-correcting-concentrate-ampoule.jpg","contentUrl":"https:\/\/idakorea.ee\/wp-content\/uploads\/2024\/09\/missha-vita-c-plus-spot-correcting-concentrate-ampoule.jpg","width":1000,"height":1000},{"@type":"BreadcrumbList","@id":"https:\/\/idakorea.ee\/product\/ampull-missha-vita-c-plus-spot-correcting-15g\/#breadcrumb","itemListElement":[{"@type":"ListItem","position":1,"name":"\u0413\u043b\u0430\u0432\u043d\u0430\u044f \u0441\u0442\u0440\u0430\u043d\u0438\u0446\u0430","item":"https:\/\/idakorea.ee\/"},{"@type":"ListItem","position":2,"name":"Shop","item":"https:\/\/idakorea.ee\/shop-2\/"},{"@type":"ListItem","position":3,"name":"Ampull Missha Vita C Plus Spot Correcting, 15g"}]},{"@type":"WebSite","@id":"https:\/\/idakorea.ee\/#website","url":"https:\/\/idakorea.ee\/","name":"IDA.KOREA","description":"Korean cosmetics e-shop","publisher":{"@id":"https:\/\/idakorea.ee\/#organization"},"alternateName":"Beauty Shop","potentialAction":[{"@type":"SearchAction","target":{"@type":"EntryPoint","urlTemplate":"https:\/\/idakorea.ee\/?s={search_term_string}"},"query-input":{"@type":"PropertyValueSpecification","valueRequired":true,"valueName":"search_term_string"}}],"inLanguage":"en-US"},{"@type":"Organization","@id":"https:\/\/idakorea.ee\/#organization","name":"IDA.KOREA","url":"https:\/\/idakorea.ee\/","logo":{"@type":"ImageObject","inLanguage":"en-US","@id":"https:\/\/idakorea.ee\/#\/schema\/logo\/image\/","url":"https:\/\/idakorea.ee\/wp-content\/uploads\/2024\/05\/cropped-korea3.png","contentUrl":"https:\/\/idakorea.ee\/wp-content\/uploads\/2024\/05\/cropped-korea3.png","width":688,"height":126,"caption":"IDA.KOREA"},"image":{"@id":"https:\/\/idakorea.ee\/#\/schema\/logo\/image\/"},"sameAs":["https:\/\/www.instagram.com\/ida.korea\/"]}]}},"jetpack_sharing_enabled":true,"brands":[{"id":631,"name":"MISSHA","slug":"missha"}],"_links":{"self":[{"href":"https:\/\/idakorea.ee\/en\/wp-json\/wp\/v2\/product\/10748","targetHints":{"allow":["GET"]}}],"collection":[{"href":"https:\/\/idakorea.ee\/en\/wp-json\/wp\/v2\/product"}],"about":[{"href":"https:\/\/idakorea.ee\/en\/wp-json\/wp\/v2\/types\/product"}],"replies":[{"embeddable":true,"href":"https:\/\/idakorea.ee\/en\/wp-json\/wp\/v2\/comments?post=10748"}],"version-history":[{"count":2,"href":"https:\/\/idakorea.ee\/en\/wp-json\/wp\/v2\/product\/10748\/revisions"}],"predecessor-version":[{"id":12490,"href":"https:\/\/idakorea.ee\/en\/wp-json\/wp\/v2\/product\/10748\/revisions\/12490"}],"wp:featuredmedia":[{"embeddable":true,"href":"https:\/\/idakorea.ee\/en\/wp-json\/wp\/v2\/media\/10749"}],"wp:attachment":[{"href":"https:\/\/idakorea.ee\/en\/wp-json\/wp\/v2\/media?parent=10748"}],"wp:term":[{"taxonomy":"pwb-brand","embeddable":true,"href":"https:\/\/idakorea.ee\/en\/wp-json\/wp\/v2\/pwb-brand?post=10748"},{"taxonomy":"product_brand","embeddable":true,"href":"https:\/\/idakorea.ee\/en\/wp-json\/wp\/v2\/product_brand?post=10748"},{"taxonomy":"product_cat","embeddable":true,"href":"https:\/\/idakorea.ee\/en\/wp-json\/wp\/v2\/product_cat?post=10748"},{"taxonomy":"product_tag","embeddable":true,"href":"https:\/\/idakorea.ee\/en\/wp-json\/wp\/v2\/product_tag?post=10748"}],"curies":[{"name":"wp","href":"https:\/\/api.w.org\/{rel}","templated":true}]}}