{"id":10755,"date":"2024-10-01T12:17:54","date_gmt":"2024-10-01T09:17:54","guid":{"rendered":"https:\/\/idakorea.ee\/?post_type=product&#038;p=10755"},"modified":"2026-03-19T20:13:59","modified_gmt":"2026-03-19T18:13:59","slug":"toonikpadjad-mediheal-retinol-collagen-lifting-pad-100tk","status":"publish","type":"product","link":"https:\/\/idakorea.ee\/en\/product\/toonikpadjad-mediheal-retinol-collagen-lifting-pad-100tk\/","title":{"rendered":"Mediheal Retinol Collagen Lifting Pad, 100pcs"},"content":{"rendered":"<p><strong>Mediheal Retinol Collagen Lifting Pad<\/strong> Smoothing toning pads improve skin elasticity and density, reduce wrinkles and make skin smooth and taut. They nourish and moisturise the skin, leave it feeling non-sticky and are suitable for daily anti-ageing care.<\/p>\n<p>The 67 mm * 67 mm tapered fabric stretches well, allowing the product to be used for nasolabial folds, around the eyes and in the forehead area. Tweezers are included for hygienic removal of the pads.<\/p>\n<p><strong>Main active ingredients:<\/strong><\/p>\n<ul>\n<li>Retinol (500 ppb) - A form of vitamin A, the most common type of retinoid. When absorbed into the skin, retinol is converted to retinaldehyde and then to retinoic acid. It has anti-ageing effects, tightens pores, smoothes wrinkles and normalises the production of sebum.<\/li>\n<li>Hydrolysed collagen intensively moisturises, helps the skin retain moisture, improves skin texture, stimulates regeneration and fights wrinkles.<\/li>\n<li>Adenosine stimulates collagen synthesis, increases skin elasticity and density and prevents wrinkles.<\/li>\n<li>Ceramides integrate into the lipid layer, strengthening it, preventing moisture loss through the epidermis, protecting against the penetration of harmful substances into the stratum corneum and improving skin texture.<\/li>\n<li>Fermented Sphingomonas bacterial extract slows down the internal ageing process of cells and is able to restructure the skin, improving tissue elasticity and firming the skin.<\/li>\n<li>Beta-glucan regenerates damaged areas, has anti-inflammatory and anti-ageing properties, provides intensive hydration and protects against free radicals.<\/li>\n<li>Allantoin neutralises the effects of oxidation, reduces skin sensitivity and moisturises.<\/li>\n<li>Betaine makes the skin smooth and soft, retains moisture for a long time, protects cell membranes and reduces irritation.<\/li>\n<\/ul>\n<p>Suitable for all skin types.<\/p>\n<p><strong>Instructions for use:<\/strong> after washing your face, wipe your skin with a towel. You can also use it as a tightening face mask by stretching the pads and placing them on the tightening lines, leaving for 10-20 minutes. Then remove the pads and pat with your fingertips to absorb the essence. Finish with a cream.<br \/>\nDuring the day, the use of sunscreen is compulsory.<\/p>","protected":false},"excerpt":{"rendered":"<p>Mediheal Retinol Collagen Lifting Pad smoothing toning pads improve skin elasticity and density, reduce wrinkles and make skin smooth and taut. They nourish and moisturise the skin, leave it feeling non-sticky and are suitable for daily anti-ageing care. The 67 mm * 67 mm tapered fabric stretches well, allowing the product to be used on nasolabial folds, around the eyes and on the forehead. The product is...<\/p>","protected":false},"featured_media":10756,"comment_status":"open","ping_status":"closed","template":"","meta":{"_uf_show_specific_survey":0,"_uf_disable_surveys":false,"_bst_post_transparent":"default","_bst_post_title":"","_bst_post_layout":"default","_bst_post_sidebar_id":"","_bst_post_content_style":"default","_bst_post_vertical_padding":"default","_bst_post_feature":"","_bst_post_feature_position":"","_bst_post_header":false,"_bst_post_footer":false},"pwb-brand":[446],"product_brand":[],"product_cat":[92,158],"product_tag":[],"class_list":{"0":"post-10755","1":"product","2":"type-product","3":"status-publish","4":"has-post-thumbnail","6":"pwb-brand-mediheal","7":"product_cat-nagu","8":"product_cat-toonik","10":"first","11":"outofstock","12":"sale","13":"shipping-taxable","14":"purchasable","15":"product-type-simple","16":"entry","17":"content-bg","18":"loop-entry"},"supplier_id":null,"supplier_sku":"","barcode":null,"atum_controlled":true,"out_stock_date":null,"out_stock_threshold":null,"inheritable":false,"inbound_stock":0,"stock_on_hold":0,"sold_today":0,"sales_last_days":0,"out_stock_days":0,"lost_sales":0,"has_location":false,"update_date":"2026-04-14T00:05:06","atum_locations":[],"atum_stock_status":"outofstock","restock_status":false,"low_stock_amount":"","sales_update_date":"2026-04-14T00:05:06","calc_backorders":null,"yoast_head":"<!-- This site is optimized with the Yoast SEO plugin v27.2 - https:\/\/yoast.com\/product\/yoast-seo-wordpress\/ -->\n<title>Toonikpadjad Mediheal Retinol Collagen Lifting Pad, 100tk - IDA.KOREA<\/title>\n<meta name=\"robots\" content=\"index, follow, max-snippet:-1, max-image-preview:large, max-video-preview:-1\" \/>\n<link rel=\"canonical\" href=\"https:\/\/idakorea.ee\/en\/product\/toonikpadjad-mediheal-retinol-collagen-lifting-pad-100tk\/\" \/>\n<meta property=\"og:locale\" content=\"en_US\" \/>\n<meta property=\"og:type\" content=\"article\" \/>\n<meta property=\"og:title\" content=\"Toonikpadjad Mediheal Retinol Collagen Lifting Pad, 100tk - IDA.KOREA\" \/>\n<meta property=\"og:description\" content=\"Mediheal Retinol Collagen Lifting Pad silendavad toonikpadjad parandavad naha elastsust ja tihedust, v\u00e4hendavad kortse ning muudavad naha siledaks ja pinguldatuks. Toidavad ja niisutavad nahka, ei j\u00e4ta kleepuvat tunnet ning sobivad igap\u00e4evaseks vananemisvastaseks hoolduseks. Kandiline 67 mm * 67 mm kangas venib h\u00e4sti, mis v\u00f5imaldab toodet kasutada nasolabiaalsete voldikute, silmade \u00fcmbruse ja lauba piirkonnas. Tootega on...\" \/>\n<meta property=\"og:url\" content=\"https:\/\/idakorea.ee\/en\/product\/toonikpadjad-mediheal-retinol-collagen-lifting-pad-100tk\/\" \/>\n<meta property=\"og:site_name\" content=\"IDA.KOREA\" \/>\n<meta property=\"article:modified_time\" content=\"2026-03-19T18:13:59+00:00\" \/>\n<meta property=\"og:image\" content=\"https:\/\/idakorea.ee\/wp-content\/uploads\/2024\/10\/mediheal-retinol-collagen-lifting-pad.jpg\" \/>\n\t<meta property=\"og:image:width\" content=\"1000\" \/>\n\t<meta property=\"og:image:height\" content=\"1000\" \/>\n\t<meta property=\"og:image:type\" content=\"image\/jpeg\" \/>\n<meta name=\"twitter:card\" content=\"summary_large_image\" \/>\n<meta name=\"twitter:label1\" content=\"Est. reading time\" \/>\n\t<meta name=\"twitter:data1\" content=\"2 minutes\" \/>\n<script type=\"application\/ld+json\" class=\"yoast-schema-graph\">{\"@context\":\"https:\/\/schema.org\",\"@graph\":[{\"@type\":\"WebPage\",\"@id\":\"https:\/\/idakorea.ee\/product\/toonikpadjad-mediheal-retinol-collagen-lifting-pad-100tk\/\",\"url\":\"https:\/\/idakorea.ee\/product\/toonikpadjad-mediheal-retinol-collagen-lifting-pad-100tk\/\",\"name\":\"Toonikpadjad Mediheal Retinol Collagen Lifting Pad, 100tk - IDA.KOREA\",\"isPartOf\":{\"@id\":\"https:\/\/idakorea.ee\/#website\"},\"primaryImageOfPage\":{\"@id\":\"https:\/\/idakorea.ee\/product\/toonikpadjad-mediheal-retinol-collagen-lifting-pad-100tk\/#primaryimage\"},\"image\":{\"@id\":\"https:\/\/idakorea.ee\/product\/toonikpadjad-mediheal-retinol-collagen-lifting-pad-100tk\/#primaryimage\"},\"thumbnailUrl\":\"https:\/\/idakorea.ee\/wp-content\/uploads\/2024\/10\/mediheal-retinol-collagen-lifting-pad.jpg\",\"datePublished\":\"2024-10-01T09:17:54+00:00\",\"dateModified\":\"2026-03-19T18:13:59+00:00\",\"breadcrumb\":{\"@id\":\"https:\/\/idakorea.ee\/product\/toonikpadjad-mediheal-retinol-collagen-lifting-pad-100tk\/#breadcrumb\"},\"inLanguage\":\"en-US\",\"potentialAction\":[{\"@type\":\"ReadAction\",\"target\":[\"https:\/\/idakorea.ee\/product\/toonikpadjad-mediheal-retinol-collagen-lifting-pad-100tk\/\"]}]},{\"@type\":\"ImageObject\",\"inLanguage\":\"en-US\",\"@id\":\"https:\/\/idakorea.ee\/product\/toonikpadjad-mediheal-retinol-collagen-lifting-pad-100tk\/#primaryimage\",\"url\":\"https:\/\/idakorea.ee\/wp-content\/uploads\/2024\/10\/mediheal-retinol-collagen-lifting-pad.jpg\",\"contentUrl\":\"https:\/\/idakorea.ee\/wp-content\/uploads\/2024\/10\/mediheal-retinol-collagen-lifting-pad.jpg\",\"width\":1000,\"height\":1000,\"caption\":\"Mediheal-Retinol-Collagen-Lifting-Pad\"},{\"@type\":\"BreadcrumbList\",\"@id\":\"https:\/\/idakorea.ee\/product\/toonikpadjad-mediheal-retinol-collagen-lifting-pad-100tk\/#breadcrumb\",\"itemListElement\":[{\"@type\":\"ListItem\",\"position\":1,\"name\":\"\u0413\u043b\u0430\u0432\u043d\u0430\u044f \u0441\u0442\u0440\u0430\u043d\u0438\u0446\u0430\",\"item\":\"https:\/\/idakorea.ee\/\"},{\"@type\":\"ListItem\",\"position\":2,\"name\":\"Shop\",\"item\":\"https:\/\/idakorea.ee\/shop-2\/\"},{\"@type\":\"ListItem\",\"position\":3,\"name\":\"Toonikpadjad Mediheal Retinol Collagen Lifting Pad, 100tk\"}]},{\"@type\":\"WebSite\",\"@id\":\"https:\/\/idakorea.ee\/#website\",\"url\":\"https:\/\/idakorea.ee\/\",\"name\":\"IDA.KOREA\",\"description\":\"Korea kosmeetika e-pood\",\"publisher\":{\"@id\":\"https:\/\/idakorea.ee\/#organization\"},\"alternateName\":\"Beauty Shop\",\"potentialAction\":[{\"@type\":\"SearchAction\",\"target\":{\"@type\":\"EntryPoint\",\"urlTemplate\":\"https:\/\/idakorea.ee\/?s={search_term_string}\"},\"query-input\":{\"@type\":\"PropertyValueSpecification\",\"valueRequired\":true,\"valueName\":\"search_term_string\"}}],\"inLanguage\":\"en-US\"},{\"@type\":\"Organization\",\"@id\":\"https:\/\/idakorea.ee\/#organization\",\"name\":\"IDA.KOREA\",\"url\":\"https:\/\/idakorea.ee\/\",\"logo\":{\"@type\":\"ImageObject\",\"inLanguage\":\"en-US\",\"@id\":\"https:\/\/idakorea.ee\/#\/schema\/logo\/image\/\",\"url\":\"https:\/\/idakorea.ee\/wp-content\/uploads\/2024\/05\/cropped-korea3.png\",\"contentUrl\":\"https:\/\/idakorea.ee\/wp-content\/uploads\/2024\/05\/cropped-korea3.png\",\"width\":688,\"height\":126,\"caption\":\"IDA.KOREA\"},\"image\":{\"@id\":\"https:\/\/idakorea.ee\/#\/schema\/logo\/image\/\"},\"sameAs\":[\"https:\/\/www.instagram.com\/ida.korea\/\"]}]}<\/script>\n<!-- \/ Yoast SEO plugin. -->","yoast_head_json":{"title":"Mediheal Retinol Collagen Lifting Pad, 100pcs - IDA.KOREA","robots":{"index":"index","follow":"follow","max-snippet":"max-snippet:-1","max-image-preview":"max-image-preview:large","max-video-preview":"max-video-preview:-1"},"canonical":"https:\/\/idakorea.ee\/en\/product\/toonikpadjad-mediheal-retinol-collagen-lifting-pad-100tk\/","og_locale":"en_US","og_type":"article","og_title":"Toonikpadjad Mediheal Retinol Collagen Lifting Pad, 100tk - IDA.KOREA","og_description":"Mediheal Retinol Collagen Lifting Pad silendavad toonikpadjad parandavad naha elastsust ja tihedust, v\u00e4hendavad kortse ning muudavad naha siledaks ja pinguldatuks. Toidavad ja niisutavad nahka, ei j\u00e4ta kleepuvat tunnet ning sobivad igap\u00e4evaseks vananemisvastaseks hoolduseks. Kandiline 67 mm * 67 mm kangas venib h\u00e4sti, mis v\u00f5imaldab toodet kasutada nasolabiaalsete voldikute, silmade \u00fcmbruse ja lauba piirkonnas. Tootega on...","og_url":"https:\/\/idakorea.ee\/en\/product\/toonikpadjad-mediheal-retinol-collagen-lifting-pad-100tk\/","og_site_name":"IDA.KOREA","article_modified_time":"2026-03-19T18:13:59+00:00","og_image":[{"width":1000,"height":1000,"url":"https:\/\/idakorea.ee\/wp-content\/uploads\/2024\/10\/mediheal-retinol-collagen-lifting-pad.jpg","type":"image\/jpeg"}],"twitter_card":"summary_large_image","twitter_misc":{"Est. reading time":"2 minutes"},"schema":{"@context":"https:\/\/schema.org","@graph":[{"@type":"WebPage","@id":"https:\/\/idakorea.ee\/product\/toonikpadjad-mediheal-retinol-collagen-lifting-pad-100tk\/","url":"https:\/\/idakorea.ee\/product\/toonikpadjad-mediheal-retinol-collagen-lifting-pad-100tk\/","name":"Mediheal Retinol Collagen Lifting Pad, 100pcs - IDA.KOREA","isPartOf":{"@id":"https:\/\/idakorea.ee\/#website"},"primaryImageOfPage":{"@id":"https:\/\/idakorea.ee\/product\/toonikpadjad-mediheal-retinol-collagen-lifting-pad-100tk\/#primaryimage"},"image":{"@id":"https:\/\/idakorea.ee\/product\/toonikpadjad-mediheal-retinol-collagen-lifting-pad-100tk\/#primaryimage"},"thumbnailUrl":"https:\/\/idakorea.ee\/wp-content\/uploads\/2024\/10\/mediheal-retinol-collagen-lifting-pad.jpg","datePublished":"2024-10-01T09:17:54+00:00","dateModified":"2026-03-19T18:13:59+00:00","breadcrumb":{"@id":"https:\/\/idakorea.ee\/product\/toonikpadjad-mediheal-retinol-collagen-lifting-pad-100tk\/#breadcrumb"},"inLanguage":"en-US","potentialAction":[{"@type":"ReadAction","target":["https:\/\/idakorea.ee\/product\/toonikpadjad-mediheal-retinol-collagen-lifting-pad-100tk\/"]}]},{"@type":"ImageObject","inLanguage":"en-US","@id":"https:\/\/idakorea.ee\/product\/toonikpadjad-mediheal-retinol-collagen-lifting-pad-100tk\/#primaryimage","url":"https:\/\/idakorea.ee\/wp-content\/uploads\/2024\/10\/mediheal-retinol-collagen-lifting-pad.jpg","contentUrl":"https:\/\/idakorea.ee\/wp-content\/uploads\/2024\/10\/mediheal-retinol-collagen-lifting-pad.jpg","width":1000,"height":1000,"caption":"Mediheal-Retinol-Collagen-Lifting-Pad"},{"@type":"BreadcrumbList","@id":"https:\/\/idakorea.ee\/product\/toonikpadjad-mediheal-retinol-collagen-lifting-pad-100tk\/#breadcrumb","itemListElement":[{"@type":"ListItem","position":1,"name":"\u0413\u043b\u0430\u0432\u043d\u0430\u044f \u0441\u0442\u0440\u0430\u043d\u0438\u0446\u0430","item":"https:\/\/idakorea.ee\/"},{"@type":"ListItem","position":2,"name":"Shop","item":"https:\/\/idakorea.ee\/shop-2\/"},{"@type":"ListItem","position":3,"name":"Toonikpadjad Mediheal Retinol Collagen Lifting Pad, 100tk"}]},{"@type":"WebSite","@id":"https:\/\/idakorea.ee\/#website","url":"https:\/\/idakorea.ee\/","name":"IDA.KOREA","description":"Korean cosmetics e-shop","publisher":{"@id":"https:\/\/idakorea.ee\/#organization"},"alternateName":"Beauty Shop","potentialAction":[{"@type":"SearchAction","target":{"@type":"EntryPoint","urlTemplate":"https:\/\/idakorea.ee\/?s={search_term_string}"},"query-input":{"@type":"PropertyValueSpecification","valueRequired":true,"valueName":"search_term_string"}}],"inLanguage":"en-US"},{"@type":"Organization","@id":"https:\/\/idakorea.ee\/#organization","name":"IDA.KOREA","url":"https:\/\/idakorea.ee\/","logo":{"@type":"ImageObject","inLanguage":"en-US","@id":"https:\/\/idakorea.ee\/#\/schema\/logo\/image\/","url":"https:\/\/idakorea.ee\/wp-content\/uploads\/2024\/05\/cropped-korea3.png","contentUrl":"https:\/\/idakorea.ee\/wp-content\/uploads\/2024\/05\/cropped-korea3.png","width":688,"height":126,"caption":"IDA.KOREA"},"image":{"@id":"https:\/\/idakorea.ee\/#\/schema\/logo\/image\/"},"sameAs":["https:\/\/www.instagram.com\/ida.korea\/"]}]}},"jetpack_sharing_enabled":true,"brands":[{"id":446,"name":"MEDIHEAL","slug":"mediheal"}],"_links":{"self":[{"href":"https:\/\/idakorea.ee\/en\/wp-json\/wp\/v2\/product\/10755","targetHints":{"allow":["GET"]}}],"collection":[{"href":"https:\/\/idakorea.ee\/en\/wp-json\/wp\/v2\/product"}],"about":[{"href":"https:\/\/idakorea.ee\/en\/wp-json\/wp\/v2\/types\/product"}],"replies":[{"embeddable":true,"href":"https:\/\/idakorea.ee\/en\/wp-json\/wp\/v2\/comments?post=10755"}],"version-history":[{"count":2,"href":"https:\/\/idakorea.ee\/en\/wp-json\/wp\/v2\/product\/10755\/revisions"}],"predecessor-version":[{"id":10760,"href":"https:\/\/idakorea.ee\/en\/wp-json\/wp\/v2\/product\/10755\/revisions\/10760"}],"wp:featuredmedia":[{"embeddable":true,"href":"https:\/\/idakorea.ee\/en\/wp-json\/wp\/v2\/media\/10756"}],"wp:attachment":[{"href":"https:\/\/idakorea.ee\/en\/wp-json\/wp\/v2\/media?parent=10755"}],"wp:term":[{"taxonomy":"pwb-brand","embeddable":true,"href":"https:\/\/idakorea.ee\/en\/wp-json\/wp\/v2\/pwb-brand?post=10755"},{"taxonomy":"product_brand","embeddable":true,"href":"https:\/\/idakorea.ee\/en\/wp-json\/wp\/v2\/product_brand?post=10755"},{"taxonomy":"product_cat","embeddable":true,"href":"https:\/\/idakorea.ee\/en\/wp-json\/wp\/v2\/product_cat?post=10755"},{"taxonomy":"product_tag","embeddable":true,"href":"https:\/\/idakorea.ee\/en\/wp-json\/wp\/v2\/product_tag?post=10755"}],"curies":[{"name":"wp","href":"https:\/\/api.w.org\/{rel}","templated":true}]}}