{"id":10778,"date":"2024-10-04T17:31:12","date_gmt":"2024-10-04T14:31:12","guid":{"rendered":"https:\/\/idakorea.ee\/?post_type=product&#038;p=10778"},"modified":"2026-04-06T08:33:05","modified_gmt":"2026-04-06T06:33:05","slug":"naokreem-the-history-of-whoo-jinyulhyang-intensive-revitalizing-cream","status":"publish","type":"product","link":"https:\/\/idakorea.ee\/en\/product\/naokreem-the-history-of-whoo-jinyulhyang-intensive-revitalizing-cream\/","title":{"rendered":"The History of Whoo Jinyulhyang Intensive Revitalizing Cream"},"content":{"rendered":"<div class=\"flex-shrink-0 flex flex-col relative items-end\">\n<div>\n<div class=\"pt-0\">\n<div class=\"gizmo-bot-avatar flex h-8 w-8 items-center justify-center overflow-hidden rounded-full\">\n<div class=\"relative p-1 rounded-sm flex items-center justify-center bg-token-main-surface-primary text-token-text-primary h-8 w-8\"><\/div>\n<\/div>\n<\/div>\n<\/div>\n<\/div>\n<div class=\"group\/conversation-turn relative flex w-full min-w-0 flex-col agent-turn\">\n<div class=\"flex-col gap-1 md:gap-3\">\n<div class=\"flex max-w-full flex-col flex-grow\">\n<div class=\"min-h-8 text-message flex w-full flex-col items-end gap-2 whitespace-normal break-words [.text-message+&amp;]:mt-5\" dir=\"auto\" data-message-author-role=\"assistant\" data-message-id=\"f3310704-ffc6-4fd0-8945-0a2750f67c80\">\n<div class=\"flex w-full flex-col gap-1 empty:hidden first:pt-[3px]\">\n<div class=\"markdown prose w-full break-words dark:prose-invert light\">\n<p>Intensiivne taastav n\u00e4okreem.<\/p>\n<p>See on rikkalik ja toitev kreem-essents, mis libiseb kergelt nahale, hoides selle pikka aega niisutatuna. T\u00f5husama tulemuse saavutamiseks on kreemi soovitatav kasutada \u00f6\u00f6sel \u2013 see annab nahale s\u00e4rava ja terve jume juba j\u00e4rgmisel hommikul.<\/p>\n<p>Kreem sisaldab &#8220;Gamisoyosan&#8221; valemit ja metsiku punase \u017een\u0161enni juure ekstrakti. Kreemi koostises on ka ravim-s\u00f5rmk\u00fcbara ekstrakt, t\u00fc\u00fcmiani ekstrakt, valge pojengi ekstrakt, teelehe ekstrakt, jaapani sophora ekstrakt, koerpuu ekstrakt, granaat\u00f5una ekstrakt, ravim-ingveri ekstrakt, skvalaan, makadaamiap\u00e4hkli\u00f5li, sheav\u00f5i, kakao seemne ekstrakt, keraamiid NP, korea angeli\u043a\u0430 juure ekstrakt, sarveekstrakt, punase \u017een\u0161enni ekstrakt, mandariini ekstrakt, jamssi juure ekstrakt, chi chi juure ekstrakt, punase ristiku lehtede ekstrakt, ginsenosidid.<\/p>\n<p>Taastav kreem, mille tihe, kuid kergesti imenduv tekstuur tungib s\u00fcgavale nahka, parandades vereringet, naha struktuuri ja siludes kortse. T\u00e4nu oma unikaalsele valemile imendub kreem koheselt, hoides pikaks ajaks naha niiskuse ja rasu tasakaalu. N\u00e4onahk muutub siidiselt siledaks ja tervisest s\u00e4ravaks.<\/p>\n<p>Soovitatav kasutamiseks p\u00e4rast 40. eluaastat.<\/p>\n<p>&nbsp;<\/p>\n<p>Sobib k\u00f5igile nahat\u00fc\u00fcpidele.<\/p>\n<p><strong>Kasutusjuhend:<\/strong> Kasutage p\u00e4rast essentsi hoolduse viimases etapis. Kandke \u00f5rnade liigutustega s\u00f5rmeotstega otsmikule, ninale ja l\u00f5uale, seej\u00e4rel jaotage \u00fchtlaselt \u00fcle n\u00e4o keskelt v\u00e4ljapoole.<\/p>\n<\/div>\n<\/div>\n<\/div>\n<\/div>\n<\/div>\n<\/div>\n","protected":false},"excerpt":{"rendered":"<p>Intensive regenerating face cream. It's a rich and nourishing cream essence that glides on easily, keeping skin hydrated for long periods of time. For a more effective result, it is recommended to use it at night - it will leave your skin looking radiant and healthy the next morning. The cream contains the \"Gamisoyosan\" formula and wild red ginseng root extract. The cream also contains medicinal thyme extract, thyme extract,...<\/p>","protected":false},"featured_media":10779,"comment_status":"open","ping_status":"closed","template":"","meta":{"_uf_show_specific_survey":0,"_uf_disable_surveys":false,"_bst_post_transparent":"default","_bst_post_title":"","_bst_post_layout":"default","_bst_post_sidebar_id":"","_bst_post_content_style":"default","_bst_post_vertical_padding":"default","_bst_post_feature":"","_bst_post_feature_position":"","_bst_post_header":false,"_bst_post_footer":false},"pwb-brand":[494],"product_brand":[],"product_cat":[92,96],"product_tag":[554,555],"class_list":{"0":"post-10778","1":"product","2":"type-product","3":"status-publish","4":"has-post-thumbnail","6":"pwb-brand-the-history-of-whoo","7":"product_cat-nagu","8":"product_cat-naokreemid","9":"product_tag-lux","10":"product_tag-the-history-of-whoo","12":"first","13":"instock","14":"sale","15":"shipping-taxable","16":"purchasable","17":"product-type-variable","18":"entry","19":"content-bg","20":"loop-entry"},"supplier_id":null,"supplier_sku":"","barcode":null,"atum_controlled":true,"out_stock_date":null,"out_stock_threshold":null,"inheritable":true,"inbound_stock":0,"stock_on_hold":0,"sold_today":0,"sales_last_days":5,"out_stock_days":0,"lost_sales":0,"has_location":false,"update_date":"2026-04-14T00:05:11","atum_locations":[],"atum_stock_status":"instock","restock_status":false,"low_stock_amount":"","sales_update_date":"2026-04-14T00:05:11","calc_backorders":null,"yoast_head":"<!-- This site is optimized with the Yoast SEO plugin v27.2 - https:\/\/yoast.com\/product\/yoast-seo-wordpress\/ -->\n<title>The History of Whoo Jinyulhyang Intensive Revitalizing Cream<\/title>\n<meta name=\"description\" content=\"Taastav kreem, mille tihe, kuid kergesti imenduv tekstuur tungib s\u00fcgavale nahka, parandades vereringet, naha struktuuri ja siludes kortse.\" \/>\n<meta name=\"robots\" content=\"index, follow, max-snippet:-1, max-image-preview:large, max-video-preview:-1\" \/>\n<link rel=\"canonical\" href=\"https:\/\/idakorea.ee\/en\/product\/naokreem-the-history-of-whoo-jinyulhyang-intensive-revitalizing-cream\/\" \/>\n<meta property=\"og:locale\" content=\"en_US\" \/>\n<meta property=\"og:type\" content=\"article\" \/>\n<meta property=\"og:title\" content=\"The History of Whoo Jinyulhyang Intensive Revitalizing Cream\" \/>\n<meta property=\"og:description\" content=\"Taastav kreem, mille tihe, kuid kergesti imenduv tekstuur tungib s\u00fcgavale nahka, parandades vereringet, naha struktuuri ja siludes kortse.\" \/>\n<meta property=\"og:url\" content=\"https:\/\/idakorea.ee\/en\/product\/naokreem-the-history-of-whoo-jinyulhyang-intensive-revitalizing-cream\/\" \/>\n<meta property=\"og:site_name\" content=\"IDA.KOREA\" \/>\n<meta property=\"article:modified_time\" content=\"2026-04-06T06:33:05+00:00\" \/>\n<meta property=\"og:image\" content=\"https:\/\/idakorea.ee\/wp-content\/uploads\/2024\/10\/511055261_jinyulhyang_cream_50ml-scaled-1.jpg\" \/>\n\t<meta property=\"og:image:width\" content=\"2560\" \/>\n\t<meta property=\"og:image:height\" content=\"2560\" \/>\n\t<meta property=\"og:image:type\" content=\"image\/jpeg\" \/>\n<meta name=\"twitter:card\" content=\"summary_large_image\" \/>\n<meta name=\"twitter:label1\" content=\"Est. reading time\" \/>\n\t<meta name=\"twitter:data1\" content=\"2 minutes\" \/>\n<script type=\"application\/ld+json\" class=\"yoast-schema-graph\">{\"@context\":\"https:\/\/schema.org\",\"@graph\":[{\"@type\":\"WebPage\",\"@id\":\"https:\/\/idakorea.ee\/product\/naokreem-the-history-of-whoo-jinyulhyang-intensive-revitalizing-cream\/\",\"url\":\"https:\/\/idakorea.ee\/product\/naokreem-the-history-of-whoo-jinyulhyang-intensive-revitalizing-cream\/\",\"name\":\"The History of Whoo Jinyulhyang Intensive Revitalizing Cream\",\"isPartOf\":{\"@id\":\"https:\/\/idakorea.ee\/#website\"},\"primaryImageOfPage\":{\"@id\":\"https:\/\/idakorea.ee\/product\/naokreem-the-history-of-whoo-jinyulhyang-intensive-revitalizing-cream\/#primaryimage\"},\"image\":{\"@id\":\"https:\/\/idakorea.ee\/product\/naokreem-the-history-of-whoo-jinyulhyang-intensive-revitalizing-cream\/#primaryimage\"},\"thumbnailUrl\":\"https:\/\/idakorea.ee\/wp-content\/uploads\/2024\/10\/511055261_jinyulhyang_cream_50ml-scaled-1.jpg\",\"datePublished\":\"2024-10-04T14:31:12+00:00\",\"dateModified\":\"2026-04-06T06:33:05+00:00\",\"description\":\"Taastav kreem, mille tihe, kuid kergesti imenduv tekstuur tungib s\u00fcgavale nahka, parandades vereringet, naha struktuuri ja siludes kortse.\",\"breadcrumb\":{\"@id\":\"https:\/\/idakorea.ee\/product\/naokreem-the-history-of-whoo-jinyulhyang-intensive-revitalizing-cream\/#breadcrumb\"},\"inLanguage\":\"en-US\",\"potentialAction\":[{\"@type\":\"ReadAction\",\"target\":[\"https:\/\/idakorea.ee\/product\/naokreem-the-history-of-whoo-jinyulhyang-intensive-revitalizing-cream\/\"]}]},{\"@type\":\"ImageObject\",\"inLanguage\":\"en-US\",\"@id\":\"https:\/\/idakorea.ee\/product\/naokreem-the-history-of-whoo-jinyulhyang-intensive-revitalizing-cream\/#primaryimage\",\"url\":\"https:\/\/idakorea.ee\/wp-content\/uploads\/2024\/10\/511055261_jinyulhyang_cream_50ml-scaled-1.jpg\",\"contentUrl\":\"https:\/\/idakorea.ee\/wp-content\/uploads\/2024\/10\/511055261_jinyulhyang_cream_50ml-scaled-1.jpg\",\"width\":2560,\"height\":2560,\"caption\":\"the whoo\"},{\"@type\":\"BreadcrumbList\",\"@id\":\"https:\/\/idakorea.ee\/product\/naokreem-the-history-of-whoo-jinyulhyang-intensive-revitalizing-cream\/#breadcrumb\",\"itemListElement\":[{\"@type\":\"ListItem\",\"position\":1,\"name\":\"\u0413\u043b\u0430\u0432\u043d\u0430\u044f \u0441\u0442\u0440\u0430\u043d\u0438\u0446\u0430\",\"item\":\"https:\/\/idakorea.ee\/\"},{\"@type\":\"ListItem\",\"position\":2,\"name\":\"Shop\",\"item\":\"https:\/\/idakorea.ee\/shop-2\/\"},{\"@type\":\"ListItem\",\"position\":3,\"name\":\"N\u00e4okreem The History of Whoo Jinyulhyang Intensive Revitalizing Cream\"}]},{\"@type\":\"WebSite\",\"@id\":\"https:\/\/idakorea.ee\/#website\",\"url\":\"https:\/\/idakorea.ee\/\",\"name\":\"IDA.KOREA\",\"description\":\"Korea kosmeetika e-pood\",\"publisher\":{\"@id\":\"https:\/\/idakorea.ee\/#organization\"},\"alternateName\":\"Beauty Shop\",\"potentialAction\":[{\"@type\":\"SearchAction\",\"target\":{\"@type\":\"EntryPoint\",\"urlTemplate\":\"https:\/\/idakorea.ee\/?s={search_term_string}\"},\"query-input\":{\"@type\":\"PropertyValueSpecification\",\"valueRequired\":true,\"valueName\":\"search_term_string\"}}],\"inLanguage\":\"en-US\"},{\"@type\":\"Organization\",\"@id\":\"https:\/\/idakorea.ee\/#organization\",\"name\":\"IDA.KOREA\",\"url\":\"https:\/\/idakorea.ee\/\",\"logo\":{\"@type\":\"ImageObject\",\"inLanguage\":\"en-US\",\"@id\":\"https:\/\/idakorea.ee\/#\/schema\/logo\/image\/\",\"url\":\"https:\/\/idakorea.ee\/wp-content\/uploads\/2024\/05\/cropped-korea3.png\",\"contentUrl\":\"https:\/\/idakorea.ee\/wp-content\/uploads\/2024\/05\/cropped-korea3.png\",\"width\":688,\"height\":126,\"caption\":\"IDA.KOREA\"},\"image\":{\"@id\":\"https:\/\/idakorea.ee\/#\/schema\/logo\/image\/\"},\"sameAs\":[\"https:\/\/www.instagram.com\/ida.korea\/\"]}]}<\/script>\n<!-- \/ Yoast SEO plugin. -->","yoast_head_json":{"title":"The History of Whoo Jinyulhyang Intensive Revitalizing Cream","description":"A restorative cream with a dense but easily absorbed texture that penetrates deep into the skin, improving circulation, skin texture and smoothing wrinkles.","robots":{"index":"index","follow":"follow","max-snippet":"max-snippet:-1","max-image-preview":"max-image-preview:large","max-video-preview":"max-video-preview:-1"},"canonical":"https:\/\/idakorea.ee\/en\/product\/naokreem-the-history-of-whoo-jinyulhyang-intensive-revitalizing-cream\/","og_locale":"en_US","og_type":"article","og_title":"The History of Whoo Jinyulhyang Intensive Revitalizing Cream","og_description":"Taastav kreem, mille tihe, kuid kergesti imenduv tekstuur tungib s\u00fcgavale nahka, parandades vereringet, naha struktuuri ja siludes kortse.","og_url":"https:\/\/idakorea.ee\/en\/product\/naokreem-the-history-of-whoo-jinyulhyang-intensive-revitalizing-cream\/","og_site_name":"IDA.KOREA","article_modified_time":"2026-04-06T06:33:05+00:00","og_image":[{"width":2560,"height":2560,"url":"https:\/\/idakorea.ee\/wp-content\/uploads\/2024\/10\/511055261_jinyulhyang_cream_50ml-scaled-1.jpg","type":"image\/jpeg"}],"twitter_card":"summary_large_image","twitter_misc":{"Est. reading time":"2 minutes"},"schema":{"@context":"https:\/\/schema.org","@graph":[{"@type":"WebPage","@id":"https:\/\/idakorea.ee\/product\/naokreem-the-history-of-whoo-jinyulhyang-intensive-revitalizing-cream\/","url":"https:\/\/idakorea.ee\/product\/naokreem-the-history-of-whoo-jinyulhyang-intensive-revitalizing-cream\/","name":"The History of Whoo Jinyulhyang Intensive Revitalizing Cream","isPartOf":{"@id":"https:\/\/idakorea.ee\/#website"},"primaryImageOfPage":{"@id":"https:\/\/idakorea.ee\/product\/naokreem-the-history-of-whoo-jinyulhyang-intensive-revitalizing-cream\/#primaryimage"},"image":{"@id":"https:\/\/idakorea.ee\/product\/naokreem-the-history-of-whoo-jinyulhyang-intensive-revitalizing-cream\/#primaryimage"},"thumbnailUrl":"https:\/\/idakorea.ee\/wp-content\/uploads\/2024\/10\/511055261_jinyulhyang_cream_50ml-scaled-1.jpg","datePublished":"2024-10-04T14:31:12+00:00","dateModified":"2026-04-06T06:33:05+00:00","description":"A restorative cream with a dense but easily absorbed texture that penetrates deep into the skin, improving circulation, skin texture and smoothing wrinkles.","breadcrumb":{"@id":"https:\/\/idakorea.ee\/product\/naokreem-the-history-of-whoo-jinyulhyang-intensive-revitalizing-cream\/#breadcrumb"},"inLanguage":"en-US","potentialAction":[{"@type":"ReadAction","target":["https:\/\/idakorea.ee\/product\/naokreem-the-history-of-whoo-jinyulhyang-intensive-revitalizing-cream\/"]}]},{"@type":"ImageObject","inLanguage":"en-US","@id":"https:\/\/idakorea.ee\/product\/naokreem-the-history-of-whoo-jinyulhyang-intensive-revitalizing-cream\/#primaryimage","url":"https:\/\/idakorea.ee\/wp-content\/uploads\/2024\/10\/511055261_jinyulhyang_cream_50ml-scaled-1.jpg","contentUrl":"https:\/\/idakorea.ee\/wp-content\/uploads\/2024\/10\/511055261_jinyulhyang_cream_50ml-scaled-1.jpg","width":2560,"height":2560,"caption":"the whoo"},{"@type":"BreadcrumbList","@id":"https:\/\/idakorea.ee\/product\/naokreem-the-history-of-whoo-jinyulhyang-intensive-revitalizing-cream\/#breadcrumb","itemListElement":[{"@type":"ListItem","position":1,"name":"\u0413\u043b\u0430\u0432\u043d\u0430\u044f \u0441\u0442\u0440\u0430\u043d\u0438\u0446\u0430","item":"https:\/\/idakorea.ee\/"},{"@type":"ListItem","position":2,"name":"Shop","item":"https:\/\/idakorea.ee\/shop-2\/"},{"@type":"ListItem","position":3,"name":"N\u00e4okreem The History of Whoo Jinyulhyang Intensive Revitalizing Cream"}]},{"@type":"WebSite","@id":"https:\/\/idakorea.ee\/#website","url":"https:\/\/idakorea.ee\/","name":"IDA.KOREA","description":"Korean cosmetics e-shop","publisher":{"@id":"https:\/\/idakorea.ee\/#organization"},"alternateName":"Beauty Shop","potentialAction":[{"@type":"SearchAction","target":{"@type":"EntryPoint","urlTemplate":"https:\/\/idakorea.ee\/?s={search_term_string}"},"query-input":{"@type":"PropertyValueSpecification","valueRequired":true,"valueName":"search_term_string"}}],"inLanguage":"en-US"},{"@type":"Organization","@id":"https:\/\/idakorea.ee\/#organization","name":"IDA.KOREA","url":"https:\/\/idakorea.ee\/","logo":{"@type":"ImageObject","inLanguage":"en-US","@id":"https:\/\/idakorea.ee\/#\/schema\/logo\/image\/","url":"https:\/\/idakorea.ee\/wp-content\/uploads\/2024\/05\/cropped-korea3.png","contentUrl":"https:\/\/idakorea.ee\/wp-content\/uploads\/2024\/05\/cropped-korea3.png","width":688,"height":126,"caption":"IDA.KOREA"},"image":{"@id":"https:\/\/idakorea.ee\/#\/schema\/logo\/image\/"},"sameAs":["https:\/\/www.instagram.com\/ida.korea\/"]}]}},"jetpack_sharing_enabled":true,"brands":[{"id":494,"name":"THE HISTORY OF WHOO","slug":"the-history-of-whoo"}],"_links":{"self":[{"href":"https:\/\/idakorea.ee\/en\/wp-json\/wp\/v2\/product\/10778","targetHints":{"allow":["GET"]}}],"collection":[{"href":"https:\/\/idakorea.ee\/en\/wp-json\/wp\/v2\/product"}],"about":[{"href":"https:\/\/idakorea.ee\/en\/wp-json\/wp\/v2\/types\/product"}],"replies":[{"embeddable":true,"href":"https:\/\/idakorea.ee\/en\/wp-json\/wp\/v2\/comments?post=10778"}],"version-history":[{"count":3,"href":"https:\/\/idakorea.ee\/en\/wp-json\/wp\/v2\/product\/10778\/revisions"}],"predecessor-version":[{"id":14059,"href":"https:\/\/idakorea.ee\/en\/wp-json\/wp\/v2\/product\/10778\/revisions\/14059"}],"wp:featuredmedia":[{"embeddable":true,"href":"https:\/\/idakorea.ee\/en\/wp-json\/wp\/v2\/media\/10779"}],"wp:attachment":[{"href":"https:\/\/idakorea.ee\/en\/wp-json\/wp\/v2\/media?parent=10778"}],"wp:term":[{"taxonomy":"pwb-brand","embeddable":true,"href":"https:\/\/idakorea.ee\/en\/wp-json\/wp\/v2\/pwb-brand?post=10778"},{"taxonomy":"product_brand","embeddable":true,"href":"https:\/\/idakorea.ee\/en\/wp-json\/wp\/v2\/product_brand?post=10778"},{"taxonomy":"product_cat","embeddable":true,"href":"https:\/\/idakorea.ee\/en\/wp-json\/wp\/v2\/product_cat?post=10778"},{"taxonomy":"product_tag","embeddable":true,"href":"https:\/\/idakorea.ee\/en\/wp-json\/wp\/v2\/product_tag?post=10778"}],"curies":[{"name":"wp","href":"https:\/\/api.w.org\/{rel}","templated":true}]}}