{"id":10802,"date":"2024-10-05T15:52:00","date_gmt":"2024-10-05T12:52:00","guid":{"rendered":"https:\/\/idakorea.ee\/?post_type=product&#038;p=10802"},"modified":"2026-02-05T23:44:46","modified_gmt":"2026-02-05T21:44:46","slug":"intensiivne-taastav-naoessents-the-history-of-whoo-intensive-revitalizing-essence","status":"publish","type":"product","link":"https:\/\/idakorea.ee\/en\/product\/intensiivne-taastav-naoessents-the-history-of-whoo-intensive-revitalizing-essence\/","title":{"rendered":"The History of Whoo Intensive Revitalizing Essence"},"content":{"rendered":"<p>Intensive restorative facial essence <strong>The History of Whoo Intensive Revitalizing Essence.<\/strong><\/p>\n<p>A concentrated essence based on red ginseng helps prevent ageing.<\/p>\n<p>The essence is made up of herbs and fruits that have undergone a fermentation process. Pomegranate Seed Oil Extract, Soybean Oil, Red Poppy Seed Oil, Ginseng Root Extract, Boyseng Root Extract and Baikal Fenugreek Extract restore energy and circulation, revitalise cells and strengthen and firm the face and neck skin.<\/p>\n<p>Intensive Revitalizing Essence is an indispensable treatment for mature and thinned skin, providing nourishment and regeneration, helping to smooth wrinkles and prevent the formation of new ones. The essence improves microcirculation and has antioxidant properties. The balanced formula improves the texture of the skin, restores its natural colour, provides the necessary hydration and creates a relaxing effect through a soothing fragrance.<\/p>\n<p>This product is part of the renewed Jinyulhyang Jinyul - Intensive Revitalizing range, formulated with phytoestrogens. The Jinyul Revitalising range is designed for women over 40 and helps to slow down the cell ageing process. This complex makes skin plumper, firmer and more supple, restoring vitality and natural radiance, improving circulation and maintaining skin's moisture balance.<\/p>\n<p>The History Of Whoo range provides luxurious skin care and helps to prolong the youthfulness and health of the skin.<\/p>\n<p>Recommended for use from the age of 40. Suitable for all skin types.<\/p>\n<p><strong>User manual:<\/strong> Apply the essence to the face and neck before applying face cream.<\/p>","protected":false},"excerpt":{"rendered":"<p>Intensive Revitalizing Facial Essence The History of Whoo Intensive Revitalizing Essence. A concentrated essence based on red ginseng to help prevent ageing. The essence is formulated with herbs and fruits that have undergone a fermentation process. Pomegranate Seed Oil Extract, Soybean Oil, Red Poppy Seed Oil, Ginseng Root Extract, Poinsettia Root Extract and Baikal Fenugreek Extract restore energy and circulation, revitalise cells and strengthen and...<\/p>","protected":false},"featured_media":10803,"comment_status":"open","ping_status":"closed","template":"","meta":{"_uf_show_specific_survey":0,"_uf_disable_surveys":false,"_bst_post_transparent":"default","_bst_post_title":"","_bst_post_layout":"default","_bst_post_sidebar_id":"","_bst_post_content_style":"default","_bst_post_vertical_padding":"default","_bst_post_feature":"","_bst_post_feature_position":"","_bst_post_header":false,"_bst_post_footer":false},"pwb-brand":[494],"product_brand":[],"product_cat":[92,97],"product_tag":[554,466,555],"class_list":{"0":"post-10802","1":"product","2":"type-product","3":"status-publish","4":"has-post-thumbnail","6":"pwb-brand-the-history-of-whoo","7":"product_cat-nagu","8":"product_cat-naoseerumid-ja-olid","9":"product_tag-lux","10":"product_tag-premium","11":"product_tag-the-history-of-whoo","13":"first","14":"instock","15":"sale","16":"shipping-taxable","17":"purchasable","18":"product-type-variable","19":"entry","20":"content-bg","21":"loop-entry"},"supplier_id":null,"supplier_sku":"","barcode":null,"atum_controlled":true,"out_stock_date":null,"out_stock_threshold":null,"inheritable":true,"inbound_stock":0,"stock_on_hold":0,"sold_today":0,"sales_last_days":0,"out_stock_days":0,"lost_sales":0,"has_location":false,"update_date":"2026-04-14T00:05:06","atum_locations":[],"atum_stock_status":"instock","restock_status":false,"low_stock_amount":"","sales_update_date":"2026-04-14T00:05:06","calc_backorders":null,"yoast_head":"<!-- This site is optimized with the Yoast SEO plugin v27.2 - https:\/\/yoast.com\/product\/yoast-seo-wordpress\/ -->\n<title>The History of Whoo Intensive Revitalizing Essence - IDA.KOREA<\/title>\n<meta name=\"description\" content=\"Intensiivne taastav n\u00e4oessents The History of Whoo Intensive Revitalizing Essence.Kontsentreeritud essents, mis p\u00f5hineb punasel \u017een\u0161ennil, aitab ennetada vananemist.\" \/>\n<meta name=\"robots\" content=\"index, follow, max-snippet:-1, max-image-preview:large, max-video-preview:-1\" \/>\n<link rel=\"canonical\" href=\"https:\/\/idakorea.ee\/en\/product\/intensiivne-taastav-naoessents-the-history-of-whoo-intensive-revitalizing-essence\/\" \/>\n<meta property=\"og:locale\" content=\"en_US\" \/>\n<meta property=\"og:type\" content=\"article\" \/>\n<meta property=\"og:title\" content=\"The History of Whoo Intensive Revitalizing Essence - IDA.KOREA\" \/>\n<meta property=\"og:description\" content=\"Intensiivne taastav n\u00e4oessents The History of Whoo Intensive Revitalizing Essence.Kontsentreeritud essents, mis p\u00f5hineb punasel \u017een\u0161ennil, aitab ennetada vananemist.\" \/>\n<meta property=\"og:url\" content=\"https:\/\/idakorea.ee\/en\/product\/intensiivne-taastav-naoessents-the-history-of-whoo-intensive-revitalizing-essence\/\" \/>\n<meta property=\"og:site_name\" content=\"IDA.KOREA\" \/>\n<meta property=\"article:modified_time\" content=\"2026-02-05T21:44:46+00:00\" \/>\n<meta property=\"og:image\" content=\"https:\/\/idakorea.ee\/wp-content\/uploads\/2024\/10\/51104736_1.jpg\" \/>\n\t<meta property=\"og:image:width\" content=\"807\" \/>\n\t<meta property=\"og:image:height\" content=\"754\" \/>\n\t<meta property=\"og:image:type\" content=\"image\/jpeg\" \/>\n<meta name=\"twitter:card\" content=\"summary_large_image\" \/>\n<meta name=\"twitter:label1\" content=\"Est. reading time\" \/>\n\t<meta name=\"twitter:data1\" content=\"2 minutes\" \/>\n<script type=\"application\/ld+json\" class=\"yoast-schema-graph\">{\"@context\":\"https:\/\/schema.org\",\"@graph\":[{\"@type\":\"WebPage\",\"@id\":\"https:\/\/idakorea.ee\/product\/intensiivne-taastav-naoessents-the-history-of-whoo-intensive-revitalizing-essence\/\",\"url\":\"https:\/\/idakorea.ee\/product\/intensiivne-taastav-naoessents-the-history-of-whoo-intensive-revitalizing-essence\/\",\"name\":\"The History of Whoo Intensive Revitalizing Essence - IDA.KOREA\",\"isPartOf\":{\"@id\":\"https:\/\/idakorea.ee\/#website\"},\"primaryImageOfPage\":{\"@id\":\"https:\/\/idakorea.ee\/product\/intensiivne-taastav-naoessents-the-history-of-whoo-intensive-revitalizing-essence\/#primaryimage\"},\"image\":{\"@id\":\"https:\/\/idakorea.ee\/product\/intensiivne-taastav-naoessents-the-history-of-whoo-intensive-revitalizing-essence\/#primaryimage\"},\"thumbnailUrl\":\"https:\/\/idakorea.ee\/wp-content\/uploads\/2024\/10\/51104736_1.jpg\",\"datePublished\":\"2024-10-05T12:52:00+00:00\",\"dateModified\":\"2026-02-05T21:44:46+00:00\",\"description\":\"Intensiivne taastav n\u00e4oessents The History of Whoo Intensive Revitalizing Essence.Kontsentreeritud essents, mis p\u00f5hineb punasel \u017een\u0161ennil, aitab ennetada vananemist.\",\"breadcrumb\":{\"@id\":\"https:\/\/idakorea.ee\/product\/intensiivne-taastav-naoessents-the-history-of-whoo-intensive-revitalizing-essence\/#breadcrumb\"},\"inLanguage\":\"en-US\",\"potentialAction\":[{\"@type\":\"ReadAction\",\"target\":[\"https:\/\/idakorea.ee\/product\/intensiivne-taastav-naoessents-the-history-of-whoo-intensive-revitalizing-essence\/\"]}]},{\"@type\":\"ImageObject\",\"inLanguage\":\"en-US\",\"@id\":\"https:\/\/idakorea.ee\/product\/intensiivne-taastav-naoessents-the-history-of-whoo-intensive-revitalizing-essence\/#primaryimage\",\"url\":\"https:\/\/idakorea.ee\/wp-content\/uploads\/2024\/10\/51104736_1.jpg\",\"contentUrl\":\"https:\/\/idakorea.ee\/wp-content\/uploads\/2024\/10\/51104736_1.jpg\",\"width\":807,\"height\":754,\"caption\":\"the history of whoo essence\"},{\"@type\":\"BreadcrumbList\",\"@id\":\"https:\/\/idakorea.ee\/product\/intensiivne-taastav-naoessents-the-history-of-whoo-intensive-revitalizing-essence\/#breadcrumb\",\"itemListElement\":[{\"@type\":\"ListItem\",\"position\":1,\"name\":\"\u0413\u043b\u0430\u0432\u043d\u0430\u044f \u0441\u0442\u0440\u0430\u043d\u0438\u0446\u0430\",\"item\":\"https:\/\/idakorea.ee\/\"},{\"@type\":\"ListItem\",\"position\":2,\"name\":\"Shop\",\"item\":\"https:\/\/idakorea.ee\/shop-2\/\"},{\"@type\":\"ListItem\",\"position\":3,\"name\":\"Intensiivne taastav n\u00e4oessents The History of Whoo Intensive Revitalizing Essence\"}]},{\"@type\":\"WebSite\",\"@id\":\"https:\/\/idakorea.ee\/#website\",\"url\":\"https:\/\/idakorea.ee\/\",\"name\":\"IDA.KOREA\",\"description\":\"Korea kosmeetika e-pood\",\"publisher\":{\"@id\":\"https:\/\/idakorea.ee\/#organization\"},\"alternateName\":\"Beauty Shop\",\"potentialAction\":[{\"@type\":\"SearchAction\",\"target\":{\"@type\":\"EntryPoint\",\"urlTemplate\":\"https:\/\/idakorea.ee\/?s={search_term_string}\"},\"query-input\":{\"@type\":\"PropertyValueSpecification\",\"valueRequired\":true,\"valueName\":\"search_term_string\"}}],\"inLanguage\":\"en-US\"},{\"@type\":\"Organization\",\"@id\":\"https:\/\/idakorea.ee\/#organization\",\"name\":\"IDA.KOREA\",\"url\":\"https:\/\/idakorea.ee\/\",\"logo\":{\"@type\":\"ImageObject\",\"inLanguage\":\"en-US\",\"@id\":\"https:\/\/idakorea.ee\/#\/schema\/logo\/image\/\",\"url\":\"https:\/\/idakorea.ee\/wp-content\/uploads\/2024\/05\/cropped-korea3.png\",\"contentUrl\":\"https:\/\/idakorea.ee\/wp-content\/uploads\/2024\/05\/cropped-korea3.png\",\"width\":688,\"height\":126,\"caption\":\"IDA.KOREA\"},\"image\":{\"@id\":\"https:\/\/idakorea.ee\/#\/schema\/logo\/image\/\"},\"sameAs\":[\"https:\/\/www.instagram.com\/ida.korea\/\"]}]}<\/script>\n<!-- \/ Yoast SEO plugin. -->","yoast_head_json":{"title":"The History of Whoo Intensive Revitalizing Essence - IDA.KOREA","description":"Intensive Revitalizing Facial Essence The History of Whoo Intensive Revitalizing Essence.Concentrated essence based on red ginseng helps prevent ageing.","robots":{"index":"index","follow":"follow","max-snippet":"max-snippet:-1","max-image-preview":"max-image-preview:large","max-video-preview":"max-video-preview:-1"},"canonical":"https:\/\/idakorea.ee\/en\/product\/intensiivne-taastav-naoessents-the-history-of-whoo-intensive-revitalizing-essence\/","og_locale":"en_US","og_type":"article","og_title":"The History of Whoo Intensive Revitalizing Essence - IDA.KOREA","og_description":"Intensiivne taastav n\u00e4oessents The History of Whoo Intensive Revitalizing Essence.Kontsentreeritud essents, mis p\u00f5hineb punasel \u017een\u0161ennil, aitab ennetada vananemist.","og_url":"https:\/\/idakorea.ee\/en\/product\/intensiivne-taastav-naoessents-the-history-of-whoo-intensive-revitalizing-essence\/","og_site_name":"IDA.KOREA","article_modified_time":"2026-02-05T21:44:46+00:00","og_image":[{"width":807,"height":754,"url":"https:\/\/idakorea.ee\/wp-content\/uploads\/2024\/10\/51104736_1.jpg","type":"image\/jpeg"}],"twitter_card":"summary_large_image","twitter_misc":{"Est. reading time":"2 minutes"},"schema":{"@context":"https:\/\/schema.org","@graph":[{"@type":"WebPage","@id":"https:\/\/idakorea.ee\/product\/intensiivne-taastav-naoessents-the-history-of-whoo-intensive-revitalizing-essence\/","url":"https:\/\/idakorea.ee\/product\/intensiivne-taastav-naoessents-the-history-of-whoo-intensive-revitalizing-essence\/","name":"The History of Whoo Intensive Revitalizing Essence - IDA.KOREA","isPartOf":{"@id":"https:\/\/idakorea.ee\/#website"},"primaryImageOfPage":{"@id":"https:\/\/idakorea.ee\/product\/intensiivne-taastav-naoessents-the-history-of-whoo-intensive-revitalizing-essence\/#primaryimage"},"image":{"@id":"https:\/\/idakorea.ee\/product\/intensiivne-taastav-naoessents-the-history-of-whoo-intensive-revitalizing-essence\/#primaryimage"},"thumbnailUrl":"https:\/\/idakorea.ee\/wp-content\/uploads\/2024\/10\/51104736_1.jpg","datePublished":"2024-10-05T12:52:00+00:00","dateModified":"2026-02-05T21:44:46+00:00","description":"Intensive Revitalizing Facial Essence The History of Whoo Intensive Revitalizing Essence.Concentrated essence based on red ginseng helps prevent ageing.","breadcrumb":{"@id":"https:\/\/idakorea.ee\/product\/intensiivne-taastav-naoessents-the-history-of-whoo-intensive-revitalizing-essence\/#breadcrumb"},"inLanguage":"en-US","potentialAction":[{"@type":"ReadAction","target":["https:\/\/idakorea.ee\/product\/intensiivne-taastav-naoessents-the-history-of-whoo-intensive-revitalizing-essence\/"]}]},{"@type":"ImageObject","inLanguage":"en-US","@id":"https:\/\/idakorea.ee\/product\/intensiivne-taastav-naoessents-the-history-of-whoo-intensive-revitalizing-essence\/#primaryimage","url":"https:\/\/idakorea.ee\/wp-content\/uploads\/2024\/10\/51104736_1.jpg","contentUrl":"https:\/\/idakorea.ee\/wp-content\/uploads\/2024\/10\/51104736_1.jpg","width":807,"height":754,"caption":"the history of whoo essence"},{"@type":"BreadcrumbList","@id":"https:\/\/idakorea.ee\/product\/intensiivne-taastav-naoessents-the-history-of-whoo-intensive-revitalizing-essence\/#breadcrumb","itemListElement":[{"@type":"ListItem","position":1,"name":"\u0413\u043b\u0430\u0432\u043d\u0430\u044f \u0441\u0442\u0440\u0430\u043d\u0438\u0446\u0430","item":"https:\/\/idakorea.ee\/"},{"@type":"ListItem","position":2,"name":"Shop","item":"https:\/\/idakorea.ee\/shop-2\/"},{"@type":"ListItem","position":3,"name":"Intensiivne taastav n\u00e4oessents The History of Whoo Intensive Revitalizing Essence"}]},{"@type":"WebSite","@id":"https:\/\/idakorea.ee\/#website","url":"https:\/\/idakorea.ee\/","name":"IDA.KOREA","description":"Korean cosmetics e-shop","publisher":{"@id":"https:\/\/idakorea.ee\/#organization"},"alternateName":"Beauty Shop","potentialAction":[{"@type":"SearchAction","target":{"@type":"EntryPoint","urlTemplate":"https:\/\/idakorea.ee\/?s={search_term_string}"},"query-input":{"@type":"PropertyValueSpecification","valueRequired":true,"valueName":"search_term_string"}}],"inLanguage":"en-US"},{"@type":"Organization","@id":"https:\/\/idakorea.ee\/#organization","name":"IDA.KOREA","url":"https:\/\/idakorea.ee\/","logo":{"@type":"ImageObject","inLanguage":"en-US","@id":"https:\/\/idakorea.ee\/#\/schema\/logo\/image\/","url":"https:\/\/idakorea.ee\/wp-content\/uploads\/2024\/05\/cropped-korea3.png","contentUrl":"https:\/\/idakorea.ee\/wp-content\/uploads\/2024\/05\/cropped-korea3.png","width":688,"height":126,"caption":"IDA.KOREA"},"image":{"@id":"https:\/\/idakorea.ee\/#\/schema\/logo\/image\/"},"sameAs":["https:\/\/www.instagram.com\/ida.korea\/"]}]}},"jetpack_sharing_enabled":true,"brands":[{"id":494,"name":"THE HISTORY OF WHOO","slug":"the-history-of-whoo"}],"_links":{"self":[{"href":"https:\/\/idakorea.ee\/en\/wp-json\/wp\/v2\/product\/10802","targetHints":{"allow":["GET"]}}],"collection":[{"href":"https:\/\/idakorea.ee\/en\/wp-json\/wp\/v2\/product"}],"about":[{"href":"https:\/\/idakorea.ee\/en\/wp-json\/wp\/v2\/types\/product"}],"replies":[{"embeddable":true,"href":"https:\/\/idakorea.ee\/en\/wp-json\/wp\/v2\/comments?post=10802"}],"version-history":[{"count":2,"href":"https:\/\/idakorea.ee\/en\/wp-json\/wp\/v2\/product\/10802\/revisions"}],"predecessor-version":[{"id":10810,"href":"https:\/\/idakorea.ee\/en\/wp-json\/wp\/v2\/product\/10802\/revisions\/10810"}],"wp:featuredmedia":[{"embeddable":true,"href":"https:\/\/idakorea.ee\/en\/wp-json\/wp\/v2\/media\/10803"}],"wp:attachment":[{"href":"https:\/\/idakorea.ee\/en\/wp-json\/wp\/v2\/media?parent=10802"}],"wp:term":[{"taxonomy":"pwb-brand","embeddable":true,"href":"https:\/\/idakorea.ee\/en\/wp-json\/wp\/v2\/pwb-brand?post=10802"},{"taxonomy":"product_brand","embeddable":true,"href":"https:\/\/idakorea.ee\/en\/wp-json\/wp\/v2\/product_brand?post=10802"},{"taxonomy":"product_cat","embeddable":true,"href":"https:\/\/idakorea.ee\/en\/wp-json\/wp\/v2\/product_cat?post=10802"},{"taxonomy":"product_tag","embeddable":true,"href":"https:\/\/idakorea.ee\/en\/wp-json\/wp\/v2\/product_tag?post=10802"}],"curies":[{"name":"wp","href":"https:\/\/api.w.org\/{rel}","templated":true}]}}