{"id":10847,"date":"2024-10-13T15:04:52","date_gmt":"2024-10-13T12:04:52","guid":{"rendered":"https:\/\/idakorea.ee\/?post_type=product&#038;p=10847"},"modified":"2026-03-19T20:13:48","modified_gmt":"2026-03-19T18:13:48","slug":"koorimispadjad-mediheal-phyto-enzyme-peeling-pad-90tk","status":"publish","type":"product","link":"https:\/\/idakorea.ee\/en\/product\/koorimispadjad-mediheal-phyto-enzyme-peeling-pad-90tk\/","title":{"rendered":"Mediheal Phyto-Enzyme Peeling Pad, 90pcs"},"content":{"rendered":"<div class=\"flex max-w-full flex-col flex-grow\">\n<div class=\"min-h-8 text-message flex w-full flex-col items-end gap-2 whitespace-normal break-words [.text-message+&amp;]:mt-5\" dir=\"auto\" data-message-author-role=\"assistant\" data-message-id=\"017fdc12-3f53-4469-a3cf-a71db83bbbfc\" data-message-model-slug=\"gpt-4o\">\n<div class=\"flex w-full flex-col gap-1 empty:hidden first:pt-[3px]\">\n<div class=\"markdown prose w-full break-words dark:prose-invert light\">\n<p>Puhastavad <strong>Mediheal Phyto-Enzyme Peeling Pad<\/strong> koorimispadjad siluvad naha tekstuuri, ennetavad komedoonide teket ja heledamaks rasuj\u00e4\u00e4ke.<\/p>\n<p>Kitsendavad poore ja ennetavad rasust l\u00e4iget, \u00fchtlustavad jumet ning leevendavad ketendust. Tagavad sarvkihi \u00f5rna eksfoliatsiooni ja pooride puhastamise \u00fcleliigsest rasust.<\/p>\n<p>67&#215;67 mm suurused padjad on valmistatud peenest kangast, mis ei j\u00e4ta nahale kiude, puhastades \u00f5rnalt naha pinda. H\u00fcgieeniliseks kasutamiseks on tootega kaasas pintsetid.<\/p>\n<p>Peamised toimeained:<\/p>\n<ul>\n<li><strong>Papaiin<\/strong> \u2013 looduslik ens\u00fc\u00fcm, saadud papaia mahlast. \u00d5rn koorija, mis puhastab poore loomulikul viisil. Sellel on heledav toime, mis \u00fchtlustab nahatooni ja parandab jume.<\/li>\n<li><strong>Kaprilo\u00fc\u00fcl salits\u00fc\u00fclhape (LHA)<\/strong> \u2013 pehme analoog salits\u00fc\u00fclhappele (BHA), millel on suuremad molekulid ja seega toimib \u00f5rnemalt. Lahustab poore ummistusi, heledab rasuj\u00e4\u00e4ke ja ennetab mustade punktide teket.<\/li>\n<li><strong>Betaine salits\u00fclaat<\/strong> \u2013 BHA derivaat, mis koosneb salits\u00fc\u00fclhappest ja niisutavast betaiinist. Tungib pooridesse ja lahustab liigse rasu, heledab mustad punktid ja ennetab pooride ummistumist.<\/li>\n<li><strong>Koirohu\u00f5li<\/strong> rahustab, omab p\u00f5letikuvastast, antioks\u00fcdantset ja niisutavat toimet. Leevendab p\u00f5letikku ja punetust, reguleerib rasueritust ning ennetab rasust l\u00e4iget.<\/li>\n<li><strong>Piparm\u00fcndi\u00f5li<\/strong> v\u00e4rskendab ja toniseerib, jahutab ja leevendab s\u00fcgelust.<\/li>\n<li><strong>Betaiin<\/strong> muudab naha siledaks ja pehmeks, hoiab niiskust pikaks ajaks, kaitseb rakkude membraane ja v\u00e4hendab \u00e4rritust.<\/li>\n<li><strong>Kadaka\u00f5li<\/strong> parandab jumet ja stimuleerib mikrotsirkulatsiooni protsesse.<\/li>\n<li><strong>Pat\u0161uli\u00f5li<\/strong> aitab kaasa naha uuenemisele, silub nahka ja niisutab poore.<\/li>\n<li><strong>Beetagl\u00fckaan<\/strong> taastab kahjustatud piirkondi, omab p\u00f5letikuvastast ja vananemisvastast toimet ning kaitseb vabu radikaale.<\/li>\n<\/ul>\n<p>Sobib normaalsele, kombineeritud ja rasusele nahale.<\/p>\n<p><strong>Kasutamine:<\/strong> p\u00e4rast n\u00e4o puhastamist p\u00fchkige \u00f5rnalt probleemseid piirkondi padjaga, v\u00e4ltides silmade ja huulte \u00fcmbrust. \u00c4rge peske essentsi maha: laske sellel imenduda ja j\u00e4tkake nahahooldust.<\/p>\n<\/div>\n<\/div>\n<\/div>\n<\/div>\n","protected":false},"excerpt":{"rendered":"<p>The purifying Mediheal Phyto-Enzyme Peeling Pad smoothes skin texture, prevents the formation of comedones and brightens oily skin. Tighten pores and prevent oily shine, even out complexion and soothe flakiness. Ensure gentle exfoliation of the stratum corneum and purge pores of excess oil. The 67\u00d767 mm pads are made of a fine fabric that leaves no fibres on the skin, gently cleansing the skin surface. For hygienic use, the...<\/p>","protected":false},"featured_media":10848,"comment_status":"open","ping_status":"closed","template":"","meta":{"_uf_show_specific_survey":0,"_uf_disable_surveys":false,"_bst_post_transparent":"default","_bst_post_title":"","_bst_post_layout":"default","_bst_post_sidebar_id":"","_bst_post_content_style":"default","_bst_post_vertical_padding":"default","_bst_post_feature":"","_bst_post_feature_position":"","_bst_post_header":false,"_bst_post_footer":false},"pwb-brand":[446],"product_brand":[],"product_cat":[92,451,158],"product_tag":[],"class_list":{"0":"post-10847","1":"product","2":"type-product","3":"status-publish","4":"has-post-thumbnail","6":"pwb-brand-mediheal","7":"product_cat-nagu","8":"product_cat-naokoorijad","9":"product_cat-toonik","11":"first","12":"instock","13":"sale","14":"shipping-taxable","15":"purchasable","16":"product-type-simple","17":"entry","18":"content-bg","19":"loop-entry"},"supplier_id":null,"supplier_sku":"","barcode":null,"atum_controlled":true,"out_stock_date":null,"out_stock_threshold":null,"inheritable":false,"inbound_stock":0,"stock_on_hold":0,"sold_today":0,"sales_last_days":0,"out_stock_days":0,"lost_sales":0,"has_location":false,"update_date":"2026-04-14T00:05:08","atum_locations":[],"atum_stock_status":"instock","restock_status":false,"low_stock_amount":"","sales_update_date":"2026-04-14T00:05:08","calc_backorders":null,"yoast_head":"<!-- This site is optimized with the Yoast SEO plugin v27.2 - https:\/\/yoast.com\/product\/yoast-seo-wordpress\/ -->\n<title>Mediheal Phyto-Enzyme Peeling Pad, 90tk - IDA.KOREA<\/title>\n<meta name=\"description\" content=\"Puhastavad Mediheal Phyto-Enzyme Peeling Pad koorimispadjad siluvad naha tekstuuri, ennetavad komedoonide teket ja heledamaks rasuj\u00e4\u00e4ke. - Kiire tarne!\" \/>\n<meta name=\"robots\" content=\"index, follow, max-snippet:-1, max-image-preview:large, max-video-preview:-1\" \/>\n<link rel=\"canonical\" href=\"https:\/\/idakorea.ee\/en\/product\/koorimispadjad-mediheal-phyto-enzyme-peeling-pad-90tk\/\" \/>\n<meta property=\"og:locale\" content=\"en_US\" \/>\n<meta property=\"og:type\" content=\"article\" \/>\n<meta property=\"og:title\" content=\"Mediheal Phyto-Enzyme Peeling Pad, 90tk - IDA.KOREA\" \/>\n<meta property=\"og:description\" content=\"Puhastavad Mediheal Phyto-Enzyme Peeling Pad koorimispadjad siluvad naha tekstuuri, ennetavad komedoonide teket ja heledamaks rasuj\u00e4\u00e4ke. - Kiire tarne!\" \/>\n<meta property=\"og:url\" content=\"https:\/\/idakorea.ee\/en\/product\/koorimispadjad-mediheal-phyto-enzyme-peeling-pad-90tk\/\" \/>\n<meta property=\"og:site_name\" content=\"IDA.KOREA\" \/>\n<meta property=\"article:modified_time\" content=\"2026-03-19T18:13:48+00:00\" \/>\n<meta property=\"og:image\" content=\"https:\/\/idakorea.ee\/wp-content\/uploads\/2024\/10\/mediheal-phyto_enzyme-peeling-pad.jpg\" \/>\n\t<meta property=\"og:image:width\" content=\"1000\" \/>\n\t<meta property=\"og:image:height\" content=\"1000\" \/>\n\t<meta property=\"og:image:type\" content=\"image\/jpeg\" \/>\n<meta name=\"twitter:card\" content=\"summary_large_image\" \/>\n<meta name=\"twitter:label1\" content=\"Est. reading time\" \/>\n\t<meta name=\"twitter:data1\" content=\"2 minutes\" \/>\n<script type=\"application\/ld+json\" class=\"yoast-schema-graph\">{\"@context\":\"https:\/\/schema.org\",\"@graph\":[{\"@type\":\"WebPage\",\"@id\":\"https:\/\/idakorea.ee\/product\/koorimispadjad-mediheal-phyto-enzyme-peeling-pad-90tk\/\",\"url\":\"https:\/\/idakorea.ee\/product\/koorimispadjad-mediheal-phyto-enzyme-peeling-pad-90tk\/\",\"name\":\"Mediheal Phyto-Enzyme Peeling Pad, 90tk - IDA.KOREA\",\"isPartOf\":{\"@id\":\"https:\/\/idakorea.ee\/#website\"},\"primaryImageOfPage\":{\"@id\":\"https:\/\/idakorea.ee\/product\/koorimispadjad-mediheal-phyto-enzyme-peeling-pad-90tk\/#primaryimage\"},\"image\":{\"@id\":\"https:\/\/idakorea.ee\/product\/koorimispadjad-mediheal-phyto-enzyme-peeling-pad-90tk\/#primaryimage\"},\"thumbnailUrl\":\"https:\/\/idakorea.ee\/wp-content\/uploads\/2024\/10\/mediheal-phyto_enzyme-peeling-pad.jpg\",\"datePublished\":\"2024-10-13T12:04:52+00:00\",\"dateModified\":\"2026-03-19T18:13:48+00:00\",\"description\":\"Puhastavad Mediheal Phyto-Enzyme Peeling Pad koorimispadjad siluvad naha tekstuuri, ennetavad komedoonide teket ja heledamaks rasuj\u00e4\u00e4ke. - Kiire tarne!\",\"breadcrumb\":{\"@id\":\"https:\/\/idakorea.ee\/product\/koorimispadjad-mediheal-phyto-enzyme-peeling-pad-90tk\/#breadcrumb\"},\"inLanguage\":\"en-US\",\"potentialAction\":[{\"@type\":\"ReadAction\",\"target\":[\"https:\/\/idakorea.ee\/product\/koorimispadjad-mediheal-phyto-enzyme-peeling-pad-90tk\/\"]}]},{\"@type\":\"ImageObject\",\"inLanguage\":\"en-US\",\"@id\":\"https:\/\/idakorea.ee\/product\/koorimispadjad-mediheal-phyto-enzyme-peeling-pad-90tk\/#primaryimage\",\"url\":\"https:\/\/idakorea.ee\/wp-content\/uploads\/2024\/10\/mediheal-phyto_enzyme-peeling-pad.jpg\",\"contentUrl\":\"https:\/\/idakorea.ee\/wp-content\/uploads\/2024\/10\/mediheal-phyto_enzyme-peeling-pad.jpg\",\"width\":1000,\"height\":1000,\"caption\":\"Mediheal-Phyto_Enzyme-Peeling-Pad\"},{\"@type\":\"BreadcrumbList\",\"@id\":\"https:\/\/idakorea.ee\/product\/koorimispadjad-mediheal-phyto-enzyme-peeling-pad-90tk\/#breadcrumb\",\"itemListElement\":[{\"@type\":\"ListItem\",\"position\":1,\"name\":\"\u0413\u043b\u0430\u0432\u043d\u0430\u044f \u0441\u0442\u0440\u0430\u043d\u0438\u0446\u0430\",\"item\":\"https:\/\/idakorea.ee\/\"},{\"@type\":\"ListItem\",\"position\":2,\"name\":\"Shop\",\"item\":\"https:\/\/idakorea.ee\/shop-2\/\"},{\"@type\":\"ListItem\",\"position\":3,\"name\":\"Koorimispadjad Mediheal Phyto-Enzyme Peeling Pad, 90tk\"}]},{\"@type\":\"WebSite\",\"@id\":\"https:\/\/idakorea.ee\/#website\",\"url\":\"https:\/\/idakorea.ee\/\",\"name\":\"IDA.KOREA\",\"description\":\"Korea kosmeetika e-pood\",\"publisher\":{\"@id\":\"https:\/\/idakorea.ee\/#organization\"},\"alternateName\":\"Beauty Shop\",\"potentialAction\":[{\"@type\":\"SearchAction\",\"target\":{\"@type\":\"EntryPoint\",\"urlTemplate\":\"https:\/\/idakorea.ee\/?s={search_term_string}\"},\"query-input\":{\"@type\":\"PropertyValueSpecification\",\"valueRequired\":true,\"valueName\":\"search_term_string\"}}],\"inLanguage\":\"en-US\"},{\"@type\":\"Organization\",\"@id\":\"https:\/\/idakorea.ee\/#organization\",\"name\":\"IDA.KOREA\",\"url\":\"https:\/\/idakorea.ee\/\",\"logo\":{\"@type\":\"ImageObject\",\"inLanguage\":\"en-US\",\"@id\":\"https:\/\/idakorea.ee\/#\/schema\/logo\/image\/\",\"url\":\"https:\/\/idakorea.ee\/wp-content\/uploads\/2024\/05\/cropped-korea3.png\",\"contentUrl\":\"https:\/\/idakorea.ee\/wp-content\/uploads\/2024\/05\/cropped-korea3.png\",\"width\":688,\"height\":126,\"caption\":\"IDA.KOREA\"},\"image\":{\"@id\":\"https:\/\/idakorea.ee\/#\/schema\/logo\/image\/\"},\"sameAs\":[\"https:\/\/www.instagram.com\/ida.korea\/\"]}]}<\/script>\n<!-- \/ Yoast SEO plugin. -->","yoast_head_json":{"title":"Mediheal Phyto-Enzyme Peeling Pad, 90 pcs - IDA.KOREA","description":"Mediheal Phyto-Enzyme Peeling Pads purifying peeling pads smooth skin texture, prevent comedones and lighten sebum. - Fast delivery!","robots":{"index":"index","follow":"follow","max-snippet":"max-snippet:-1","max-image-preview":"max-image-preview:large","max-video-preview":"max-video-preview:-1"},"canonical":"https:\/\/idakorea.ee\/en\/product\/koorimispadjad-mediheal-phyto-enzyme-peeling-pad-90tk\/","og_locale":"en_US","og_type":"article","og_title":"Mediheal Phyto-Enzyme Peeling Pad, 90tk - IDA.KOREA","og_description":"Puhastavad Mediheal Phyto-Enzyme Peeling Pad koorimispadjad siluvad naha tekstuuri, ennetavad komedoonide teket ja heledamaks rasuj\u00e4\u00e4ke. - Kiire tarne!","og_url":"https:\/\/idakorea.ee\/en\/product\/koorimispadjad-mediheal-phyto-enzyme-peeling-pad-90tk\/","og_site_name":"IDA.KOREA","article_modified_time":"2026-03-19T18:13:48+00:00","og_image":[{"width":1000,"height":1000,"url":"https:\/\/idakorea.ee\/wp-content\/uploads\/2024\/10\/mediheal-phyto_enzyme-peeling-pad.jpg","type":"image\/jpeg"}],"twitter_card":"summary_large_image","twitter_misc":{"Est. reading time":"2 minutes"},"schema":{"@context":"https:\/\/schema.org","@graph":[{"@type":"WebPage","@id":"https:\/\/idakorea.ee\/product\/koorimispadjad-mediheal-phyto-enzyme-peeling-pad-90tk\/","url":"https:\/\/idakorea.ee\/product\/koorimispadjad-mediheal-phyto-enzyme-peeling-pad-90tk\/","name":"Mediheal Phyto-Enzyme Peeling Pad, 90 pcs - IDA.KOREA","isPartOf":{"@id":"https:\/\/idakorea.ee\/#website"},"primaryImageOfPage":{"@id":"https:\/\/idakorea.ee\/product\/koorimispadjad-mediheal-phyto-enzyme-peeling-pad-90tk\/#primaryimage"},"image":{"@id":"https:\/\/idakorea.ee\/product\/koorimispadjad-mediheal-phyto-enzyme-peeling-pad-90tk\/#primaryimage"},"thumbnailUrl":"https:\/\/idakorea.ee\/wp-content\/uploads\/2024\/10\/mediheal-phyto_enzyme-peeling-pad.jpg","datePublished":"2024-10-13T12:04:52+00:00","dateModified":"2026-03-19T18:13:48+00:00","description":"Mediheal Phyto-Enzyme Peeling Pads purifying peeling pads smooth skin texture, prevent comedones and lighten sebum. - Fast delivery!","breadcrumb":{"@id":"https:\/\/idakorea.ee\/product\/koorimispadjad-mediheal-phyto-enzyme-peeling-pad-90tk\/#breadcrumb"},"inLanguage":"en-US","potentialAction":[{"@type":"ReadAction","target":["https:\/\/idakorea.ee\/product\/koorimispadjad-mediheal-phyto-enzyme-peeling-pad-90tk\/"]}]},{"@type":"ImageObject","inLanguage":"en-US","@id":"https:\/\/idakorea.ee\/product\/koorimispadjad-mediheal-phyto-enzyme-peeling-pad-90tk\/#primaryimage","url":"https:\/\/idakorea.ee\/wp-content\/uploads\/2024\/10\/mediheal-phyto_enzyme-peeling-pad.jpg","contentUrl":"https:\/\/idakorea.ee\/wp-content\/uploads\/2024\/10\/mediheal-phyto_enzyme-peeling-pad.jpg","width":1000,"height":1000,"caption":"Mediheal-Phyto_Enzyme-Peeling-Pad"},{"@type":"BreadcrumbList","@id":"https:\/\/idakorea.ee\/product\/koorimispadjad-mediheal-phyto-enzyme-peeling-pad-90tk\/#breadcrumb","itemListElement":[{"@type":"ListItem","position":1,"name":"\u0413\u043b\u0430\u0432\u043d\u0430\u044f \u0441\u0442\u0440\u0430\u043d\u0438\u0446\u0430","item":"https:\/\/idakorea.ee\/"},{"@type":"ListItem","position":2,"name":"Shop","item":"https:\/\/idakorea.ee\/shop-2\/"},{"@type":"ListItem","position":3,"name":"Koorimispadjad Mediheal Phyto-Enzyme Peeling Pad, 90tk"}]},{"@type":"WebSite","@id":"https:\/\/idakorea.ee\/#website","url":"https:\/\/idakorea.ee\/","name":"IDA.KOREA","description":"Korean cosmetics e-shop","publisher":{"@id":"https:\/\/idakorea.ee\/#organization"},"alternateName":"Beauty Shop","potentialAction":[{"@type":"SearchAction","target":{"@type":"EntryPoint","urlTemplate":"https:\/\/idakorea.ee\/?s={search_term_string}"},"query-input":{"@type":"PropertyValueSpecification","valueRequired":true,"valueName":"search_term_string"}}],"inLanguage":"en-US"},{"@type":"Organization","@id":"https:\/\/idakorea.ee\/#organization","name":"IDA.KOREA","url":"https:\/\/idakorea.ee\/","logo":{"@type":"ImageObject","inLanguage":"en-US","@id":"https:\/\/idakorea.ee\/#\/schema\/logo\/image\/","url":"https:\/\/idakorea.ee\/wp-content\/uploads\/2024\/05\/cropped-korea3.png","contentUrl":"https:\/\/idakorea.ee\/wp-content\/uploads\/2024\/05\/cropped-korea3.png","width":688,"height":126,"caption":"IDA.KOREA"},"image":{"@id":"https:\/\/idakorea.ee\/#\/schema\/logo\/image\/"},"sameAs":["https:\/\/www.instagram.com\/ida.korea\/"]}]}},"jetpack_sharing_enabled":true,"brands":[{"id":446,"name":"MEDIHEAL","slug":"mediheal"}],"_links":{"self":[{"href":"https:\/\/idakorea.ee\/en\/wp-json\/wp\/v2\/product\/10847","targetHints":{"allow":["GET"]}}],"collection":[{"href":"https:\/\/idakorea.ee\/en\/wp-json\/wp\/v2\/product"}],"about":[{"href":"https:\/\/idakorea.ee\/en\/wp-json\/wp\/v2\/types\/product"}],"replies":[{"embeddable":true,"href":"https:\/\/idakorea.ee\/en\/wp-json\/wp\/v2\/comments?post=10847"}],"version-history":[{"count":3,"href":"https:\/\/idakorea.ee\/en\/wp-json\/wp\/v2\/product\/10847\/revisions"}],"predecessor-version":[{"id":10853,"href":"https:\/\/idakorea.ee\/en\/wp-json\/wp\/v2\/product\/10847\/revisions\/10853"}],"wp:featuredmedia":[{"embeddable":true,"href":"https:\/\/idakorea.ee\/en\/wp-json\/wp\/v2\/media\/10848"}],"wp:attachment":[{"href":"https:\/\/idakorea.ee\/en\/wp-json\/wp\/v2\/media?parent=10847"}],"wp:term":[{"taxonomy":"pwb-brand","embeddable":true,"href":"https:\/\/idakorea.ee\/en\/wp-json\/wp\/v2\/pwb-brand?post=10847"},{"taxonomy":"product_brand","embeddable":true,"href":"https:\/\/idakorea.ee\/en\/wp-json\/wp\/v2\/product_brand?post=10847"},{"taxonomy":"product_cat","embeddable":true,"href":"https:\/\/idakorea.ee\/en\/wp-json\/wp\/v2\/product_cat?post=10847"},{"taxonomy":"product_tag","embeddable":true,"href":"https:\/\/idakorea.ee\/en\/wp-json\/wp\/v2\/product_tag?post=10847"}],"curies":[{"name":"wp","href":"https:\/\/api.w.org\/{rel}","templated":true}]}}