{"id":10876,"date":"2024-10-14T14:11:04","date_gmt":"2024-10-14T12:11:04","guid":{"rendered":"https:\/\/idakorea.ee\/?post_type=product&#038;p=10876"},"modified":"2026-04-13T14:54:02","modified_gmt":"2026-04-13T12:54:02","slug":"noorendav-oomask-snp-birds-nest-water-sleeping-pack-4ml","status":"publish","type":"product","link":"https:\/\/idakorea.ee\/en\/product\/noorendav-oomask-snp-birds-nest-water-sleeping-pack-4ml\/","title":{"rendered":"SNP Bird\u2019s Nest Water Sleeping Pack, 4ml"},"content":{"rendered":"<p>A rejuvenating night mask <strong>SNP Bird's Nest Water Sleeping Pack<\/strong> contributes to skin rejuvenation and renewal by triggering intracellular regeneration processes.<\/p>\n<p>The mask gently brightens the skin and prevents pigmentation by enriching the skin with a variety of beneficial ingredients, trace elements and amino acids.<\/p>\n<p>The mask deeply moisturizes, increases skin elasticity and firmness, soothes irritated skin, reduces redness and prevents inflammation. Regular use helps to even skin tone and texture, adding a healthy glow and improving overall appearance.<\/p>\n<p>The mask is available in convenient single-use packs, designed for a single application.<\/p>\n<p>The gel-like texture of the mask absorbs quickly and ensures a comfortable night's sleep.<\/p>\n<p><strong>What is a swallow's nest?<\/strong><\/p>\n<p>The swallow's nest is a product of the salangana lifestyle of the swallow, which lives along the South China Sea and the Bay of Bengal. The bird builds its nest from seafood - algae, small fish, molluscs and berries. These nests are carefully cleaned for further use. Swallows' nests are a storehouse of unique microelements such as iodine, phosphorus, potassium, sulphur, enzymes, amino acids and proteins. It is one of the most prized cosmetic ingredients to help restore youthfulness and freshness to the skin.<\/p>\n<p><strong>Main active ingredients:<\/strong><br \/>\n- Swallow's Nest Extract (1250 Pdd) - heals the skin holistically and improves its appearance. Harmonizes the skin's micro-texture, reduces the depth of wrinkles and prevents the formation of new ones. Provides a mild firming effect. Nourishes, softens and refreshes the skin, improves complexion and reduces dullness. Accelerates skin renewal and restores its integrity, increasing elasticity and firmness.<br \/>\n- Tocopherol - protects the skin from external damaging factors, prevents the oxidation of unsaturated lipids. Intensively saturates the skin with vitamins and is able to penetrate into the deeper layers of the skin where it is converted into vitamin E. Tocopherol helps to prevent oxidative damage.<\/p>\n<p>&nbsp;<\/p>\n<p>Suitable for all skin types.<\/p>\n<p><strong>Usage:<\/strong> Apply the required amount of mask to clean skin as the last step of your evening treatment.<\/p>","protected":false},"excerpt":{"rendered":"<p>The rejuvenating SNP Bird's Nest Water Sleeping Pack helps to rejuvenate and renew skin by triggering intracellular regeneration processes. The mask gently brightens the skin and prevents pigmentation by enriching the skin with a variety of beneficial ingredients, trace elements and amino acids. The mask deeply moisturises, increases skin elasticity and firmness, soothes irritated skin, reduces redness and prevents inflammation. Regular use helps to smooth the skin's...<\/p>","protected":false},"featured_media":10877,"comment_status":"open","ping_status":"closed","template":"","meta":{"_uf_show_specific_survey":0,"_uf_disable_surveys":false,"_bst_post_transparent":"default","_bst_post_title":"","_bst_post_layout":"default","_bst_post_sidebar_id":"","_bst_post_content_style":"default","_bst_post_vertical_padding":"default","_bst_post_feature":"","_bst_post_feature_position":"","_bst_post_header":false,"_bst_post_footer":false},"pwb-brand":[642],"product_brand":[],"product_cat":[92,98],"product_tag":[643],"class_list":{"0":"post-10876","1":"product","2":"type-product","3":"status-publish","4":"has-post-thumbnail","6":"pwb-brand-snp","7":"product_cat-nagu","8":"product_cat-naomaskid","9":"product_tag-birds-nest","11":"first","12":"instock","13":"sale","14":"shipping-taxable","15":"purchasable","16":"product-type-simple","17":"entry","18":"content-bg","19":"loop-entry"},"supplier_id":null,"supplier_sku":"","barcode":null,"atum_controlled":true,"out_stock_date":null,"out_stock_threshold":null,"inheritable":false,"inbound_stock":0,"stock_on_hold":0,"sold_today":0,"sales_last_days":3,"out_stock_days":0,"lost_sales":0,"has_location":false,"update_date":"2026-04-15T00:05:20","atum_locations":[],"atum_stock_status":"instock","restock_status":false,"low_stock_amount":"","sales_update_date":"2026-04-15T00:05:20","calc_backorders":null,"yoast_head":"<!-- This site is optimized with the Yoast SEO plugin v27.2 - https:\/\/yoast.com\/product\/yoast-seo-wordpress\/ -->\n<title>Noorendav \u00f6\u00f6mask SNP Bird&#039;s Nest Water Sleeping Pack, 4ml - IDA.KOREA<\/title>\n<meta name=\"robots\" content=\"index, follow, max-snippet:-1, max-image-preview:large, max-video-preview:-1\" \/>\n<link rel=\"canonical\" href=\"https:\/\/idakorea.ee\/en\/product\/noorendav-oomask-snp-birds-nest-water-sleeping-pack-4ml\/\" \/>\n<meta property=\"og:locale\" content=\"en_US\" \/>\n<meta property=\"og:type\" content=\"article\" \/>\n<meta property=\"og:title\" content=\"Noorendav \u00f6\u00f6mask SNP Bird&#039;s Nest Water Sleeping Pack, 4ml - IDA.KOREA\" \/>\n<meta property=\"og:description\" content=\"Noorendav \u00f6\u00f6mask SNP Bird&#8217;s Nest Water Sleeping Pack aitab kaasa naha noorendamisele ja uuenemisele, k\u00e4ivitades rakusisese regenereerimise protsessid. Mask heledab nahka \u00f5rnalt ja hoiab \u00e4ra pigmendilaikude tekkimise, rikastades nahka erinevate kasulike koostisosade, mikroelementide ja aminohapetega. Mask niisutab s\u00fcgavuti, suurendab naha elastsust ja tugevust, rahustab \u00e4rritunud nahka, v\u00e4hendab punetust ja ennetab p\u00f5letikke. Regulaarne kasutamine aitab \u00fchtlustada...\" \/>\n<meta property=\"og:url\" content=\"https:\/\/idakorea.ee\/en\/product\/noorendav-oomask-snp-birds-nest-water-sleeping-pack-4ml\/\" \/>\n<meta property=\"og:site_name\" content=\"IDA.KOREA\" \/>\n<meta property=\"article:modified_time\" content=\"2026-04-13T12:54:02+00:00\" \/>\n<meta property=\"og:image\" content=\"https:\/\/idakorea.ee\/wp-content\/uploads\/2024\/10\/snp-bit.png\" \/>\n\t<meta property=\"og:image:width\" content=\"800\" \/>\n\t<meta property=\"og:image:height\" content=\"800\" \/>\n\t<meta property=\"og:image:type\" content=\"image\/png\" \/>\n<meta name=\"twitter:card\" content=\"summary_large_image\" \/>\n<meta name=\"twitter:label1\" content=\"Est. reading time\" \/>\n\t<meta name=\"twitter:data1\" content=\"2 minutes\" \/>\n<script type=\"application\/ld+json\" class=\"yoast-schema-graph\">{\"@context\":\"https:\/\/schema.org\",\"@graph\":[{\"@type\":\"WebPage\",\"@id\":\"https:\/\/idakorea.ee\/product\/noorendav-oomask-snp-birds-nest-water-sleeping-pack-4ml\/\",\"url\":\"https:\/\/idakorea.ee\/product\/noorendav-oomask-snp-birds-nest-water-sleeping-pack-4ml\/\",\"name\":\"Noorendav \u00f6\u00f6mask SNP Bird's Nest Water Sleeping Pack, 4ml - IDA.KOREA\",\"isPartOf\":{\"@id\":\"https:\/\/idakorea.ee\/#website\"},\"primaryImageOfPage\":{\"@id\":\"https:\/\/idakorea.ee\/product\/noorendav-oomask-snp-birds-nest-water-sleeping-pack-4ml\/#primaryimage\"},\"image\":{\"@id\":\"https:\/\/idakorea.ee\/product\/noorendav-oomask-snp-birds-nest-water-sleeping-pack-4ml\/#primaryimage\"},\"thumbnailUrl\":\"https:\/\/idakorea.ee\/wp-content\/uploads\/2024\/10\/snp-bit.png\",\"datePublished\":\"2024-10-14T12:11:04+00:00\",\"dateModified\":\"2026-04-13T12:54:02+00:00\",\"breadcrumb\":{\"@id\":\"https:\/\/idakorea.ee\/product\/noorendav-oomask-snp-birds-nest-water-sleeping-pack-4ml\/#breadcrumb\"},\"inLanguage\":\"en-US\",\"potentialAction\":[{\"@type\":\"ReadAction\",\"target\":[\"https:\/\/idakorea.ee\/product\/noorendav-oomask-snp-birds-nest-water-sleeping-pack-4ml\/\"]}]},{\"@type\":\"ImageObject\",\"inLanguage\":\"en-US\",\"@id\":\"https:\/\/idakorea.ee\/product\/noorendav-oomask-snp-birds-nest-water-sleeping-pack-4ml\/#primaryimage\",\"url\":\"https:\/\/idakorea.ee\/wp-content\/uploads\/2024\/10\/snp-bit.png\",\"contentUrl\":\"https:\/\/idakorea.ee\/wp-content\/uploads\/2024\/10\/snp-bit.png\",\"width\":800,\"height\":800,\"caption\":\"snp birds nest sleeping pack\"},{\"@type\":\"BreadcrumbList\",\"@id\":\"https:\/\/idakorea.ee\/product\/noorendav-oomask-snp-birds-nest-water-sleeping-pack-4ml\/#breadcrumb\",\"itemListElement\":[{\"@type\":\"ListItem\",\"position\":1,\"name\":\"\u0413\u043b\u0430\u0432\u043d\u0430\u044f \u0441\u0442\u0440\u0430\u043d\u0438\u0446\u0430\",\"item\":\"https:\/\/idakorea.ee\/\"},{\"@type\":\"ListItem\",\"position\":2,\"name\":\"Shop\",\"item\":\"https:\/\/idakorea.ee\/shop-2\/\"},{\"@type\":\"ListItem\",\"position\":3,\"name\":\"Noorendav \u00f6\u00f6mask SNP Bird&#8217;s Nest Water Sleeping Pack, 4ml\"}]},{\"@type\":\"WebSite\",\"@id\":\"https:\/\/idakorea.ee\/#website\",\"url\":\"https:\/\/idakorea.ee\/\",\"name\":\"IDA.KOREA\",\"description\":\"Korea kosmeetika e-pood\",\"publisher\":{\"@id\":\"https:\/\/idakorea.ee\/#organization\"},\"alternateName\":\"Beauty Shop\",\"potentialAction\":[{\"@type\":\"SearchAction\",\"target\":{\"@type\":\"EntryPoint\",\"urlTemplate\":\"https:\/\/idakorea.ee\/?s={search_term_string}\"},\"query-input\":{\"@type\":\"PropertyValueSpecification\",\"valueRequired\":true,\"valueName\":\"search_term_string\"}}],\"inLanguage\":\"en-US\"},{\"@type\":\"Organization\",\"@id\":\"https:\/\/idakorea.ee\/#organization\",\"name\":\"IDA.KOREA\",\"url\":\"https:\/\/idakorea.ee\/\",\"logo\":{\"@type\":\"ImageObject\",\"inLanguage\":\"en-US\",\"@id\":\"https:\/\/idakorea.ee\/#\/schema\/logo\/image\/\",\"url\":\"https:\/\/idakorea.ee\/wp-content\/uploads\/2024\/05\/cropped-korea3.png\",\"contentUrl\":\"https:\/\/idakorea.ee\/wp-content\/uploads\/2024\/05\/cropped-korea3.png\",\"width\":688,\"height\":126,\"caption\":\"IDA.KOREA\"},\"image\":{\"@id\":\"https:\/\/idakorea.ee\/#\/schema\/logo\/image\/\"},\"sameAs\":[\"https:\/\/www.instagram.com\/ida.korea\/\"]}]}<\/script>\n<!-- \/ Yoast SEO plugin. -->","yoast_head_json":{"title":"Rejuvenating Night Mask SNP Bird's Nest Water Sleeping Pack, 4ml - IDA.KOREA","robots":{"index":"index","follow":"follow","max-snippet":"max-snippet:-1","max-image-preview":"max-image-preview:large","max-video-preview":"max-video-preview:-1"},"canonical":"https:\/\/idakorea.ee\/en\/product\/noorendav-oomask-snp-birds-nest-water-sleeping-pack-4ml\/","og_locale":"en_US","og_type":"article","og_title":"Noorendav \u00f6\u00f6mask SNP Bird's Nest Water Sleeping Pack, 4ml - IDA.KOREA","og_description":"Noorendav \u00f6\u00f6mask SNP Bird&#8217;s Nest Water Sleeping Pack aitab kaasa naha noorendamisele ja uuenemisele, k\u00e4ivitades rakusisese regenereerimise protsessid. Mask heledab nahka \u00f5rnalt ja hoiab \u00e4ra pigmendilaikude tekkimise, rikastades nahka erinevate kasulike koostisosade, mikroelementide ja aminohapetega. Mask niisutab s\u00fcgavuti, suurendab naha elastsust ja tugevust, rahustab \u00e4rritunud nahka, v\u00e4hendab punetust ja ennetab p\u00f5letikke. Regulaarne kasutamine aitab \u00fchtlustada...","og_url":"https:\/\/idakorea.ee\/en\/product\/noorendav-oomask-snp-birds-nest-water-sleeping-pack-4ml\/","og_site_name":"IDA.KOREA","article_modified_time":"2026-04-13T12:54:02+00:00","og_image":[{"width":800,"height":800,"url":"https:\/\/idakorea.ee\/wp-content\/uploads\/2024\/10\/snp-bit.png","type":"image\/png"}],"twitter_card":"summary_large_image","twitter_misc":{"Est. reading time":"2 minutes"},"schema":{"@context":"https:\/\/schema.org","@graph":[{"@type":"WebPage","@id":"https:\/\/idakorea.ee\/product\/noorendav-oomask-snp-birds-nest-water-sleeping-pack-4ml\/","url":"https:\/\/idakorea.ee\/product\/noorendav-oomask-snp-birds-nest-water-sleeping-pack-4ml\/","name":"Rejuvenating Night Mask SNP Bird's Nest Water Sleeping Pack, 4ml - IDA.KOREA","isPartOf":{"@id":"https:\/\/idakorea.ee\/#website"},"primaryImageOfPage":{"@id":"https:\/\/idakorea.ee\/product\/noorendav-oomask-snp-birds-nest-water-sleeping-pack-4ml\/#primaryimage"},"image":{"@id":"https:\/\/idakorea.ee\/product\/noorendav-oomask-snp-birds-nest-water-sleeping-pack-4ml\/#primaryimage"},"thumbnailUrl":"https:\/\/idakorea.ee\/wp-content\/uploads\/2024\/10\/snp-bit.png","datePublished":"2024-10-14T12:11:04+00:00","dateModified":"2026-04-13T12:54:02+00:00","breadcrumb":{"@id":"https:\/\/idakorea.ee\/product\/noorendav-oomask-snp-birds-nest-water-sleeping-pack-4ml\/#breadcrumb"},"inLanguage":"en-US","potentialAction":[{"@type":"ReadAction","target":["https:\/\/idakorea.ee\/product\/noorendav-oomask-snp-birds-nest-water-sleeping-pack-4ml\/"]}]},{"@type":"ImageObject","inLanguage":"en-US","@id":"https:\/\/idakorea.ee\/product\/noorendav-oomask-snp-birds-nest-water-sleeping-pack-4ml\/#primaryimage","url":"https:\/\/idakorea.ee\/wp-content\/uploads\/2024\/10\/snp-bit.png","contentUrl":"https:\/\/idakorea.ee\/wp-content\/uploads\/2024\/10\/snp-bit.png","width":800,"height":800,"caption":"snp birds nest sleeping pack"},{"@type":"BreadcrumbList","@id":"https:\/\/idakorea.ee\/product\/noorendav-oomask-snp-birds-nest-water-sleeping-pack-4ml\/#breadcrumb","itemListElement":[{"@type":"ListItem","position":1,"name":"\u0413\u043b\u0430\u0432\u043d\u0430\u044f \u0441\u0442\u0440\u0430\u043d\u0438\u0446\u0430","item":"https:\/\/idakorea.ee\/"},{"@type":"ListItem","position":2,"name":"Shop","item":"https:\/\/idakorea.ee\/shop-2\/"},{"@type":"ListItem","position":3,"name":"Noorendav \u00f6\u00f6mask SNP Bird&#8217;s Nest Water Sleeping Pack, 4ml"}]},{"@type":"WebSite","@id":"https:\/\/idakorea.ee\/#website","url":"https:\/\/idakorea.ee\/","name":"IDA.KOREA","description":"Korean cosmetics e-shop","publisher":{"@id":"https:\/\/idakorea.ee\/#organization"},"alternateName":"Beauty Shop","potentialAction":[{"@type":"SearchAction","target":{"@type":"EntryPoint","urlTemplate":"https:\/\/idakorea.ee\/?s={search_term_string}"},"query-input":{"@type":"PropertyValueSpecification","valueRequired":true,"valueName":"search_term_string"}}],"inLanguage":"en-US"},{"@type":"Organization","@id":"https:\/\/idakorea.ee\/#organization","name":"IDA.KOREA","url":"https:\/\/idakorea.ee\/","logo":{"@type":"ImageObject","inLanguage":"en-US","@id":"https:\/\/idakorea.ee\/#\/schema\/logo\/image\/","url":"https:\/\/idakorea.ee\/wp-content\/uploads\/2024\/05\/cropped-korea3.png","contentUrl":"https:\/\/idakorea.ee\/wp-content\/uploads\/2024\/05\/cropped-korea3.png","width":688,"height":126,"caption":"IDA.KOREA"},"image":{"@id":"https:\/\/idakorea.ee\/#\/schema\/logo\/image\/"},"sameAs":["https:\/\/www.instagram.com\/ida.korea\/"]}]}},"jetpack_sharing_enabled":true,"brands":[{"id":642,"name":"SNP","slug":"snp"}],"_links":{"self":[{"href":"https:\/\/idakorea.ee\/en\/wp-json\/wp\/v2\/product\/10876","targetHints":{"allow":["GET"]}}],"collection":[{"href":"https:\/\/idakorea.ee\/en\/wp-json\/wp\/v2\/product"}],"about":[{"href":"https:\/\/idakorea.ee\/en\/wp-json\/wp\/v2\/types\/product"}],"replies":[{"embeddable":true,"href":"https:\/\/idakorea.ee\/en\/wp-json\/wp\/v2\/comments?post=10876"}],"version-history":[{"count":2,"href":"https:\/\/idakorea.ee\/en\/wp-json\/wp\/v2\/product\/10876\/revisions"}],"predecessor-version":[{"id":15611,"href":"https:\/\/idakorea.ee\/en\/wp-json\/wp\/v2\/product\/10876\/revisions\/15611"}],"wp:featuredmedia":[{"embeddable":true,"href":"https:\/\/idakorea.ee\/en\/wp-json\/wp\/v2\/media\/10877"}],"wp:attachment":[{"href":"https:\/\/idakorea.ee\/en\/wp-json\/wp\/v2\/media?parent=10876"}],"wp:term":[{"taxonomy":"pwb-brand","embeddable":true,"href":"https:\/\/idakorea.ee\/en\/wp-json\/wp\/v2\/pwb-brand?post=10876"},{"taxonomy":"product_brand","embeddable":true,"href":"https:\/\/idakorea.ee\/en\/wp-json\/wp\/v2\/product_brand?post=10876"},{"taxonomy":"product_cat","embeddable":true,"href":"https:\/\/idakorea.ee\/en\/wp-json\/wp\/v2\/product_cat?post=10876"},{"taxonomy":"product_tag","embeddable":true,"href":"https:\/\/idakorea.ee\/en\/wp-json\/wp\/v2\/product_tag?post=10876"}],"curies":[{"name":"wp","href":"https:\/\/api.w.org\/{rel}","templated":true}]}}