{"id":10891,"date":"2024-10-15T13:52:50","date_gmt":"2024-10-15T10:52:50","guid":{"rendered":"https:\/\/idakorea.ee\/?post_type=product&#038;p=10891"},"modified":"2026-02-10T16:45:26","modified_gmt":"2026-02-10T14:45:26","slug":"naoseerum-round-lab-vita-niacinamide-dark-spot-serum-30ml","status":"publish","type":"product","link":"https:\/\/idakorea.ee\/en\/product\/naoseerum-round-lab-vita-niacinamide-dark-spot-serum-30ml\/","title":{"rendered":"Round Lab Vita Niacinamide Dark Spot Serum, 30ml"},"content":{"rendered":"<p><strong>Round Lab Vita Niacinamide Dark Spot Serum<\/strong> is an encapsulated serum that evens skin tone, reduces pigmentation, dark circles and post-acne marks, and adds a natural glow.<\/p>\n<p>The serum smoothes skin texture, tightens pores and improves skin elasticity while providing antioxidant protection. The active ingredients are encapsulated in a capsule that melts on contact with the skin, ensuring rapid absorption and instant hydration without a sticky feel.<\/p>\n<p><strong>Main active ingredients:<\/strong><br \/>\n<strong>\u2013<\/strong> <strong>Niacinamide (vitamin B3)<\/strong> evens skin tone, improves complexion, stimulates collagen production and brightens skin. It also slows down the movement of melanin into the epidermis and strengthens the skin's protective barrier.<br \/>\n<strong>- Tranhexamic acid<\/strong>\u00a0is an anti-pigmentation agent that inhibits the activity of tyrosinase, the molecule responsible for melanin production. Suitable for daytime use as it does not cause photosensitivity.<br \/>\n<strong>- glutathione ion<\/strong> is an antioxidant that lightens pigmentation and acne spots, smoothes wrinkles and improves skin elasticity and regeneration. It slows down the ageing process and reduces redness.<br \/>\n<strong>- Vitamin C (3-O-Ethyl Ascorbic Acid)<\/strong>\u00a0is a stable form of vitamin C that lightens pigmentation, stimulates collagen production and acts as an antioxidant, improving skin elasticity and tone.<br \/>\n<strong>- Sea buckthorn extract<\/strong>\u00a0soothes irritation, combats flakiness and dryness, and improves skin tone. Round Lab uses cold-pressed sea buckthorn extract, which retains maximum beneficial substances.<br \/>\n<strong>- Idebenone (Hydroxydecyl Ubiquinone)<\/strong> is a potent antioxidant and a synthetic analogue of coenzyme Q10 that can penetrate deep into the skin. It slows down lipid oxidation, protects cell membranes from damage, reduces ageing and restores damaged skin cells, supporting skin elasticity and wrinkle smoothing.<br \/>\n<strong>- Panthenol (vitamin B5)<\/strong>\u00a0soothes the skin, relieves redness and itching, strengthens the skin's protective barrier and prevents moisture loss.<br \/>\n<strong>- ceramides<\/strong>\u00a0regenerate and strengthen the skin's lipid layer, fight dryness, prevent moisture loss and the penetration of harmful substances into the skin.<\/p>\n<p>&nbsp;<\/p>\n<p>Suitable for all skin types.<\/p>\n<p><strong>Usage:<\/strong> after cleansing and toning, apply the serum evenly to the face and allow to absorb.<\/p>","protected":false},"excerpt":{"rendered":"<p>Round Lab Vita Niacinamide Dark Spot Serum is an encapsulated serum that evens skin tone, reduces pigmentation, dark spots and post-acne marks and adds a natural glow. The serum smoothes skin texture, tightens pores and improves skin elasticity while providing antioxidant protection. The active ingredients are encapsulated in a capsule that melts on contact with the skin, ensuring fast absorption and instant hydration without stickiness....<\/p>","protected":false},"featured_media":10892,"comment_status":"open","ping_status":"closed","template":"","meta":{"_uf_show_specific_survey":0,"_uf_disable_surveys":false,"_bst_post_transparent":"default","_bst_post_title":"","_bst_post_layout":"default","_bst_post_sidebar_id":"","_bst_post_content_style":"default","_bst_post_vertical_padding":"default","_bst_post_feature":"","_bst_post_feature_position":"","_bst_post_header":false,"_bst_post_footer":false},"pwb-brand":[645],"product_brand":[],"product_cat":[92,97],"product_tag":[617,646],"class_list":{"0":"post-10891","1":"product","2":"type-product","3":"status-publish","4":"has-post-thumbnail","6":"pwb-brand-round-lab","7":"product_cat-nagu","8":"product_cat-naoseerumid-ja-olid","9":"product_tag-c-vitamin","10":"product_tag-round-lab","12":"first","13":"instock","14":"sale","15":"shipping-taxable","16":"purchasable","17":"product-type-simple","18":"entry","19":"content-bg","20":"loop-entry"},"supplier_id":null,"supplier_sku":"","barcode":null,"atum_controlled":true,"out_stock_date":null,"out_stock_threshold":null,"inheritable":false,"inbound_stock":0,"stock_on_hold":0,"sold_today":0,"sales_last_days":0,"out_stock_days":0,"lost_sales":0,"has_location":false,"update_date":"2026-04-14T00:05:08","atum_locations":[],"atum_stock_status":"instock","restock_status":false,"low_stock_amount":"","sales_update_date":"2026-04-14T00:05:08","calc_backorders":null,"yoast_head":"<!-- This site is optimized with the Yoast SEO plugin v27.2 - https:\/\/yoast.com\/product\/yoast-seo-wordpress\/ -->\n<title>N\u00e4oseerum Round Lab Vita Niacinamide Dark Spot Serum, 30ml - IDA.KOREA<\/title>\n<meta name=\"robots\" content=\"index, follow, max-snippet:-1, max-image-preview:large, max-video-preview:-1\" \/>\n<link rel=\"canonical\" href=\"https:\/\/idakorea.ee\/en\/product\/naoseerum-round-lab-vita-niacinamide-dark-spot-serum-30ml\/\" \/>\n<meta property=\"og:locale\" content=\"en_US\" \/>\n<meta property=\"og:type\" content=\"article\" \/>\n<meta property=\"og:title\" content=\"N\u00e4oseerum Round Lab Vita Niacinamide Dark Spot Serum, 30ml - IDA.KOREA\" \/>\n<meta property=\"og:description\" content=\"Round Lab Vita Niacinamide Dark Spot Serum on kapseldatud seerum, mis \u00fchtlustab nahatooni, v\u00e4hendab pigmendilaike, tedret\u00e4hne ja aknej\u00e4rgseid j\u00e4lgi ning lisab nahale loomulikku s\u00e4ra. Seerum silub naha tekstuuri, ahendab poore ja parandab naha elastsust, pakkudes samal ajal antioks\u00fcdantset kaitset. Aktiivained on kapslitesse suletud, mis sulavad nahaga kokkupuutel, tagades kiire imendumise ja kohese niisutuse ilma kleepuva...\" \/>\n<meta property=\"og:url\" content=\"https:\/\/idakorea.ee\/en\/product\/naoseerum-round-lab-vita-niacinamide-dark-spot-serum-30ml\/\" \/>\n<meta property=\"og:site_name\" content=\"IDA.KOREA\" \/>\n<meta property=\"article:modified_time\" content=\"2026-02-10T14:45:26+00:00\" \/>\n<meta property=\"og:image\" content=\"https:\/\/idakorea.ee\/wp-content\/uploads\/2024\/10\/round-lab-vita-niacinamide-dark-spot-serum.jpg\" \/>\n\t<meta property=\"og:image:width\" content=\"1000\" \/>\n\t<meta property=\"og:image:height\" content=\"1000\" \/>\n\t<meta property=\"og:image:type\" content=\"image\/jpeg\" \/>\n<meta name=\"twitter:card\" content=\"summary_large_image\" \/>\n<meta name=\"twitter:label1\" content=\"Est. reading time\" \/>\n\t<meta name=\"twitter:data1\" content=\"2 minutes\" \/>\n<script type=\"application\/ld+json\" class=\"yoast-schema-graph\">{\"@context\":\"https:\/\/schema.org\",\"@graph\":[{\"@type\":\"WebPage\",\"@id\":\"https:\/\/idakorea.ee\/product\/naoseerum-round-lab-vita-niacinamide-dark-spot-serum-30ml\/\",\"url\":\"https:\/\/idakorea.ee\/product\/naoseerum-round-lab-vita-niacinamide-dark-spot-serum-30ml\/\",\"name\":\"N\u00e4oseerum Round Lab Vita Niacinamide Dark Spot Serum, 30ml - IDA.KOREA\",\"isPartOf\":{\"@id\":\"https:\/\/idakorea.ee\/#website\"},\"primaryImageOfPage\":{\"@id\":\"https:\/\/idakorea.ee\/product\/naoseerum-round-lab-vita-niacinamide-dark-spot-serum-30ml\/#primaryimage\"},\"image\":{\"@id\":\"https:\/\/idakorea.ee\/product\/naoseerum-round-lab-vita-niacinamide-dark-spot-serum-30ml\/#primaryimage\"},\"thumbnailUrl\":\"https:\/\/idakorea.ee\/wp-content\/uploads\/2024\/10\/round-lab-vita-niacinamide-dark-spot-serum.jpg\",\"datePublished\":\"2024-10-15T10:52:50+00:00\",\"dateModified\":\"2026-02-10T14:45:26+00:00\",\"breadcrumb\":{\"@id\":\"https:\/\/idakorea.ee\/product\/naoseerum-round-lab-vita-niacinamide-dark-spot-serum-30ml\/#breadcrumb\"},\"inLanguage\":\"en-US\",\"potentialAction\":[{\"@type\":\"ReadAction\",\"target\":[\"https:\/\/idakorea.ee\/product\/naoseerum-round-lab-vita-niacinamide-dark-spot-serum-30ml\/\"]}]},{\"@type\":\"ImageObject\",\"inLanguage\":\"en-US\",\"@id\":\"https:\/\/idakorea.ee\/product\/naoseerum-round-lab-vita-niacinamide-dark-spot-serum-30ml\/#primaryimage\",\"url\":\"https:\/\/idakorea.ee\/wp-content\/uploads\/2024\/10\/round-lab-vita-niacinamide-dark-spot-serum.jpg\",\"contentUrl\":\"https:\/\/idakorea.ee\/wp-content\/uploads\/2024\/10\/round-lab-vita-niacinamide-dark-spot-serum.jpg\",\"width\":1000,\"height\":1000,\"caption\":\"Round-Lab-Vita-Niacinamide-Dark-Spot-Serum\"},{\"@type\":\"BreadcrumbList\",\"@id\":\"https:\/\/idakorea.ee\/product\/naoseerum-round-lab-vita-niacinamide-dark-spot-serum-30ml\/#breadcrumb\",\"itemListElement\":[{\"@type\":\"ListItem\",\"position\":1,\"name\":\"\u0413\u043b\u0430\u0432\u043d\u0430\u044f \u0441\u0442\u0440\u0430\u043d\u0438\u0446\u0430\",\"item\":\"https:\/\/idakorea.ee\/\"},{\"@type\":\"ListItem\",\"position\":2,\"name\":\"Shop\",\"item\":\"https:\/\/idakorea.ee\/shop-2\/\"},{\"@type\":\"ListItem\",\"position\":3,\"name\":\"N\u00e4oseerum Round Lab Vita Niacinamide Dark Spot Serum, 30ml\"}]},{\"@type\":\"WebSite\",\"@id\":\"https:\/\/idakorea.ee\/#website\",\"url\":\"https:\/\/idakorea.ee\/\",\"name\":\"IDA.KOREA\",\"description\":\"Korea kosmeetika e-pood\",\"publisher\":{\"@id\":\"https:\/\/idakorea.ee\/#organization\"},\"alternateName\":\"Beauty Shop\",\"potentialAction\":[{\"@type\":\"SearchAction\",\"target\":{\"@type\":\"EntryPoint\",\"urlTemplate\":\"https:\/\/idakorea.ee\/?s={search_term_string}\"},\"query-input\":{\"@type\":\"PropertyValueSpecification\",\"valueRequired\":true,\"valueName\":\"search_term_string\"}}],\"inLanguage\":\"en-US\"},{\"@type\":\"Organization\",\"@id\":\"https:\/\/idakorea.ee\/#organization\",\"name\":\"IDA.KOREA\",\"url\":\"https:\/\/idakorea.ee\/\",\"logo\":{\"@type\":\"ImageObject\",\"inLanguage\":\"en-US\",\"@id\":\"https:\/\/idakorea.ee\/#\/schema\/logo\/image\/\",\"url\":\"https:\/\/idakorea.ee\/wp-content\/uploads\/2024\/05\/cropped-korea3.png\",\"contentUrl\":\"https:\/\/idakorea.ee\/wp-content\/uploads\/2024\/05\/cropped-korea3.png\",\"width\":688,\"height\":126,\"caption\":\"IDA.KOREA\"},\"image\":{\"@id\":\"https:\/\/idakorea.ee\/#\/schema\/logo\/image\/\"},\"sameAs\":[\"https:\/\/www.instagram.com\/ida.korea\/\"]}]}<\/script>\n<!-- \/ Yoast SEO plugin. -->","yoast_head_json":{"title":"Round Lab Vita Niacinamide Dark Spot Serum, 30ml - IDA.KOREA","robots":{"index":"index","follow":"follow","max-snippet":"max-snippet:-1","max-image-preview":"max-image-preview:large","max-video-preview":"max-video-preview:-1"},"canonical":"https:\/\/idakorea.ee\/en\/product\/naoseerum-round-lab-vita-niacinamide-dark-spot-serum-30ml\/","og_locale":"en_US","og_type":"article","og_title":"N\u00e4oseerum Round Lab Vita Niacinamide Dark Spot Serum, 30ml - IDA.KOREA","og_description":"Round Lab Vita Niacinamide Dark Spot Serum on kapseldatud seerum, mis \u00fchtlustab nahatooni, v\u00e4hendab pigmendilaike, tedret\u00e4hne ja aknej\u00e4rgseid j\u00e4lgi ning lisab nahale loomulikku s\u00e4ra. Seerum silub naha tekstuuri, ahendab poore ja parandab naha elastsust, pakkudes samal ajal antioks\u00fcdantset kaitset. Aktiivained on kapslitesse suletud, mis sulavad nahaga kokkupuutel, tagades kiire imendumise ja kohese niisutuse ilma kleepuva...","og_url":"https:\/\/idakorea.ee\/en\/product\/naoseerum-round-lab-vita-niacinamide-dark-spot-serum-30ml\/","og_site_name":"IDA.KOREA","article_modified_time":"2026-02-10T14:45:26+00:00","og_image":[{"width":1000,"height":1000,"url":"https:\/\/idakorea.ee\/wp-content\/uploads\/2024\/10\/round-lab-vita-niacinamide-dark-spot-serum.jpg","type":"image\/jpeg"}],"twitter_card":"summary_large_image","twitter_misc":{"Est. reading time":"2 minutes"},"schema":{"@context":"https:\/\/schema.org","@graph":[{"@type":"WebPage","@id":"https:\/\/idakorea.ee\/product\/naoseerum-round-lab-vita-niacinamide-dark-spot-serum-30ml\/","url":"https:\/\/idakorea.ee\/product\/naoseerum-round-lab-vita-niacinamide-dark-spot-serum-30ml\/","name":"Round Lab Vita Niacinamide Dark Spot Serum, 30ml - IDA.KOREA","isPartOf":{"@id":"https:\/\/idakorea.ee\/#website"},"primaryImageOfPage":{"@id":"https:\/\/idakorea.ee\/product\/naoseerum-round-lab-vita-niacinamide-dark-spot-serum-30ml\/#primaryimage"},"image":{"@id":"https:\/\/idakorea.ee\/product\/naoseerum-round-lab-vita-niacinamide-dark-spot-serum-30ml\/#primaryimage"},"thumbnailUrl":"https:\/\/idakorea.ee\/wp-content\/uploads\/2024\/10\/round-lab-vita-niacinamide-dark-spot-serum.jpg","datePublished":"2024-10-15T10:52:50+00:00","dateModified":"2026-02-10T14:45:26+00:00","breadcrumb":{"@id":"https:\/\/idakorea.ee\/product\/naoseerum-round-lab-vita-niacinamide-dark-spot-serum-30ml\/#breadcrumb"},"inLanguage":"en-US","potentialAction":[{"@type":"ReadAction","target":["https:\/\/idakorea.ee\/product\/naoseerum-round-lab-vita-niacinamide-dark-spot-serum-30ml\/"]}]},{"@type":"ImageObject","inLanguage":"en-US","@id":"https:\/\/idakorea.ee\/product\/naoseerum-round-lab-vita-niacinamide-dark-spot-serum-30ml\/#primaryimage","url":"https:\/\/idakorea.ee\/wp-content\/uploads\/2024\/10\/round-lab-vita-niacinamide-dark-spot-serum.jpg","contentUrl":"https:\/\/idakorea.ee\/wp-content\/uploads\/2024\/10\/round-lab-vita-niacinamide-dark-spot-serum.jpg","width":1000,"height":1000,"caption":"Round-Lab-Vita-Niacinamide-Dark-Spot-Serum"},{"@type":"BreadcrumbList","@id":"https:\/\/idakorea.ee\/product\/naoseerum-round-lab-vita-niacinamide-dark-spot-serum-30ml\/#breadcrumb","itemListElement":[{"@type":"ListItem","position":1,"name":"\u0413\u043b\u0430\u0432\u043d\u0430\u044f \u0441\u0442\u0440\u0430\u043d\u0438\u0446\u0430","item":"https:\/\/idakorea.ee\/"},{"@type":"ListItem","position":2,"name":"Shop","item":"https:\/\/idakorea.ee\/shop-2\/"},{"@type":"ListItem","position":3,"name":"N\u00e4oseerum Round Lab Vita Niacinamide Dark Spot Serum, 30ml"}]},{"@type":"WebSite","@id":"https:\/\/idakorea.ee\/#website","url":"https:\/\/idakorea.ee\/","name":"IDA.KOREA","description":"Korean cosmetics e-shop","publisher":{"@id":"https:\/\/idakorea.ee\/#organization"},"alternateName":"Beauty Shop","potentialAction":[{"@type":"SearchAction","target":{"@type":"EntryPoint","urlTemplate":"https:\/\/idakorea.ee\/?s={search_term_string}"},"query-input":{"@type":"PropertyValueSpecification","valueRequired":true,"valueName":"search_term_string"}}],"inLanguage":"en-US"},{"@type":"Organization","@id":"https:\/\/idakorea.ee\/#organization","name":"IDA.KOREA","url":"https:\/\/idakorea.ee\/","logo":{"@type":"ImageObject","inLanguage":"en-US","@id":"https:\/\/idakorea.ee\/#\/schema\/logo\/image\/","url":"https:\/\/idakorea.ee\/wp-content\/uploads\/2024\/05\/cropped-korea3.png","contentUrl":"https:\/\/idakorea.ee\/wp-content\/uploads\/2024\/05\/cropped-korea3.png","width":688,"height":126,"caption":"IDA.KOREA"},"image":{"@id":"https:\/\/idakorea.ee\/#\/schema\/logo\/image\/"},"sameAs":["https:\/\/www.instagram.com\/ida.korea\/"]}]}},"jetpack_sharing_enabled":true,"brands":[{"id":645,"name":"ROUND LAB","slug":"round-lab"}],"_links":{"self":[{"href":"https:\/\/idakorea.ee\/en\/wp-json\/wp\/v2\/product\/10891","targetHints":{"allow":["GET"]}}],"collection":[{"href":"https:\/\/idakorea.ee\/en\/wp-json\/wp\/v2\/product"}],"about":[{"href":"https:\/\/idakorea.ee\/en\/wp-json\/wp\/v2\/types\/product"}],"replies":[{"embeddable":true,"href":"https:\/\/idakorea.ee\/en\/wp-json\/wp\/v2\/comments?post=10891"}],"version-history":[{"count":1,"href":"https:\/\/idakorea.ee\/en\/wp-json\/wp\/v2\/product\/10891\/revisions"}],"predecessor-version":[{"id":10895,"href":"https:\/\/idakorea.ee\/en\/wp-json\/wp\/v2\/product\/10891\/revisions\/10895"}],"wp:featuredmedia":[{"embeddable":true,"href":"https:\/\/idakorea.ee\/en\/wp-json\/wp\/v2\/media\/10892"}],"wp:attachment":[{"href":"https:\/\/idakorea.ee\/en\/wp-json\/wp\/v2\/media?parent=10891"}],"wp:term":[{"taxonomy":"pwb-brand","embeddable":true,"href":"https:\/\/idakorea.ee\/en\/wp-json\/wp\/v2\/pwb-brand?post=10891"},{"taxonomy":"product_brand","embeddable":true,"href":"https:\/\/idakorea.ee\/en\/wp-json\/wp\/v2\/product_brand?post=10891"},{"taxonomy":"product_cat","embeddable":true,"href":"https:\/\/idakorea.ee\/en\/wp-json\/wp\/v2\/product_cat?post=10891"},{"taxonomy":"product_tag","embeddable":true,"href":"https:\/\/idakorea.ee\/en\/wp-json\/wp\/v2\/product_tag?post=10891"}],"curies":[{"name":"wp","href":"https:\/\/api.w.org\/{rel}","templated":true}]}}