{"id":10896,"date":"2024-10-15T14:01:54","date_gmt":"2024-10-15T11:01:54","guid":{"rendered":"https:\/\/idakorea.ee\/?post_type=product&#038;p=10896"},"modified":"2026-04-03T09:22:23","modified_gmt":"2026-04-03T07:22:23","slug":"naomask-round-lab-vita-niacinamide-dark-spot-serum-mask","status":"publish","type":"product","link":"https:\/\/idakorea.ee\/en\/product\/naomask-round-lab-vita-niacinamide-dark-spot-serum-mask\/","title":{"rendered":"Face Mask Round Lab Vita Niacinamide Dark Spot Serum Mask"},"content":{"rendered":"<p><strong>Round Lab Vita Niacinamide Dark Spot Serum Mask<\/strong> is a brightening face mask that reduces the visibility of pigmentation, acne scars and dark circles, soothes redness and evens skin tone and radiance.<\/p>\n<p>The mask has an antioxidant effect that slows down the ageing process. It gently exfoliates the skin, smoothing the texture and making it more even and radiant.<\/p>\n<p>The mask's fabric is made of microfibre - a durable, thin material that adheres tightly to the skin and helps the essence's active ingredients penetrate the skin.<\/p>\n<p><strong>Main active ingredients:<\/strong><\/p>\n<p><strong>- Niacinamide (vitamin B3)<\/strong> regulates oil production, reduces skin shine, brightens and prevents pigmentation. It also stimulates collagen production, improving skin elasticity and firmness.<br \/>\n<strong>- Tranhexamic acid<\/strong> is an anti-pigmentation agent that inhibits the activity of tyrosinase (the enzyme that triggers melanin production). Suitable for daytime use as it does not cause photosensitivity.<br \/>\n<strong>- Sea buckthorn extract and hydrolate<\/strong> are rich in vitamin C, gently lighten the skin tone and provide antioxidant protection to cells. Round Lab uses cold-pressed sea buckthorn to preserve the maximum beneficial compounds.<br \/>\n<strong>- glutathione ion<\/strong> is an antioxidant that protects the skin from environmental damage, slows down the ageing process, evens skin tone and reduces redness, as well as lightens pigmentation.<br \/>\n<strong>- 2 types of vitamin C (sodium ascorbyl phosphate, 3-O-ethyl ascorbic acid).<\/strong> brighten pigmentation, stimulate collagen synthesis and provide antioxidant protection, improving skin elasticity and youthfulness.<br \/>\n<strong>- PHA (gluconolactone)<\/strong> suitable for sensitive skin due to the larger molecules. Gently removes dead skin cells, evens skin texture and lightens pigmentation.<br \/>\n<strong>- LHA (capryloyloyl salicylic acid)<\/strong> is a soft analogue of BHA acid, which is gentler due to its larger molecules. It dissolves dirt in pores, brightens oily pores and prevents bruising.<br \/>\n<strong>- Panthenol (vitamin B5)<\/strong> accelerates the healing of micro-damage, soothes and softens the skin, relieves redness and improves the skin's protective function.<br \/>\n<strong>- bisabolol<\/strong> is a chamomile-derived active ingredient that soothes, relieves redness and irritation, and speeds up skin recovery.<\/p>\n<p>&nbsp;<\/p>\n<p>Suitable for all skin types.<\/p>\n<p><strong>Usage:<\/strong> after cleansing and toning the face, apply the mask to the face. Remove after 15-20 minutes and massage gently to allow the essence to absorb into the skin.<\/p>","protected":false},"excerpt":{"rendered":"<p>Round Lab Vita Niacinamide Dark Spot Serum Mask is a brightening face mask that reduces the visibility of pigmentation, post-acne scars and dark spots, reduces redness and evens skin tone and adds radiance. The mask has an antioxidant effect that slows down the ageing process. It gently exfoliates the skin, smoothing texture and making it more even and radiant. The fabric of the mask is made of microfibre - a durable and thin...<\/p>","protected":false},"featured_media":10897,"comment_status":"open","ping_status":"closed","template":"","meta":{"_uf_show_specific_survey":0,"_uf_disable_surveys":false,"_bst_post_transparent":"default","_bst_post_title":"","_bst_post_layout":"default","_bst_post_sidebar_id":"","_bst_post_content_style":"default","_bst_post_vertical_padding":"default","_bst_post_feature":"","_bst_post_feature_position":"","_bst_post_header":false,"_bst_post_footer":false},"pwb-brand":[645],"product_brand":[],"product_cat":[92,98],"product_tag":[647,646,648,634],"class_list":{"0":"post-10896","1":"product","2":"type-product","3":"status-publish","4":"has-post-thumbnail","6":"pwb-brand-round-lab","7":"product_cat-nagu","8":"product_cat-naomaskid","9":"product_tag-pigmen","10":"product_tag-round-lab","11":"product_tag-spot","12":"product_tag-vitamin-c","14":"first","15":"instock","16":"sale","17":"shipping-taxable","18":"purchasable","19":"product-type-simple","20":"entry","21":"content-bg","22":"loop-entry"},"supplier_id":null,"supplier_sku":"","barcode":null,"atum_controlled":true,"out_stock_date":null,"out_stock_threshold":null,"inheritable":false,"inbound_stock":0,"stock_on_hold":0,"sold_today":0,"sales_last_days":1,"out_stock_days":0,"lost_sales":0,"has_location":false,"update_date":"2026-04-14T00:05:11","atum_locations":[],"atum_stock_status":"instock","restock_status":false,"low_stock_amount":"","sales_update_date":"2026-04-14T00:05:11","calc_backorders":null,"yoast_head":"<!-- This site is optimized with the Yoast SEO plugin v27.2 - https:\/\/yoast.com\/product\/yoast-seo-wordpress\/ -->\n<title>Round Lab Vita Niacinamide Dark Spot Serum Mask - IDA.KOREA<\/title>\n<meta name=\"description\" content=\"N\u00e4omask, mis v\u00e4hendab pigmendilaikude, aknej\u00e4rgsete armide ja tedret\u00e4hnide n\u00e4htavust, leevendab punetust ning \u00fchtlustab nahatooni ja lisab s\u00e4ra.\" \/>\n<meta name=\"robots\" content=\"index, follow, max-snippet:-1, max-image-preview:large, max-video-preview:-1\" \/>\n<link rel=\"canonical\" href=\"https:\/\/idakorea.ee\/en\/product\/naomask-round-lab-vita-niacinamide-dark-spot-serum-mask\/\" \/>\n<meta property=\"og:locale\" content=\"en_US\" \/>\n<meta property=\"og:type\" content=\"article\" \/>\n<meta property=\"og:title\" content=\"Round Lab Vita Niacinamide Dark Spot Serum Mask - IDA.KOREA\" \/>\n<meta property=\"og:description\" content=\"N\u00e4omask, mis v\u00e4hendab pigmendilaikude, aknej\u00e4rgsete armide ja tedret\u00e4hnide n\u00e4htavust, leevendab punetust ning \u00fchtlustab nahatooni ja lisab s\u00e4ra.\" \/>\n<meta property=\"og:url\" content=\"https:\/\/idakorea.ee\/en\/product\/naomask-round-lab-vita-niacinamide-dark-spot-serum-mask\/\" \/>\n<meta property=\"og:site_name\" content=\"IDA.KOREA\" \/>\n<meta property=\"article:modified_time\" content=\"2026-04-03T07:22:23+00:00\" \/>\n<meta property=\"og:image\" content=\"https:\/\/idakorea.ee\/wp-content\/uploads\/2024\/10\/round-lab-vita-niacinamide-dark-spot-serum-mask.jpg\" \/>\n\t<meta property=\"og:image:width\" content=\"1000\" \/>\n\t<meta property=\"og:image:height\" content=\"1000\" \/>\n\t<meta property=\"og:image:type\" content=\"image\/jpeg\" \/>\n<meta name=\"twitter:card\" content=\"summary_large_image\" \/>\n<meta name=\"twitter:label1\" content=\"Est. reading time\" \/>\n\t<meta name=\"twitter:data1\" content=\"2 minutes\" \/>\n<script type=\"application\/ld+json\" class=\"yoast-schema-graph\">{\"@context\":\"https:\/\/schema.org\",\"@graph\":[{\"@type\":\"WebPage\",\"@id\":\"https:\/\/idakorea.ee\/product\/naomask-round-lab-vita-niacinamide-dark-spot-serum-mask\/\",\"url\":\"https:\/\/idakorea.ee\/product\/naomask-round-lab-vita-niacinamide-dark-spot-serum-mask\/\",\"name\":\"Round Lab Vita Niacinamide Dark Spot Serum Mask - IDA.KOREA\",\"isPartOf\":{\"@id\":\"https:\/\/idakorea.ee\/#website\"},\"primaryImageOfPage\":{\"@id\":\"https:\/\/idakorea.ee\/product\/naomask-round-lab-vita-niacinamide-dark-spot-serum-mask\/#primaryimage\"},\"image\":{\"@id\":\"https:\/\/idakorea.ee\/product\/naomask-round-lab-vita-niacinamide-dark-spot-serum-mask\/#primaryimage\"},\"thumbnailUrl\":\"https:\/\/idakorea.ee\/wp-content\/uploads\/2024\/10\/round-lab-vita-niacinamide-dark-spot-serum-mask.jpg\",\"datePublished\":\"2024-10-15T11:01:54+00:00\",\"dateModified\":\"2026-04-03T07:22:23+00:00\",\"description\":\"N\u00e4omask, mis v\u00e4hendab pigmendilaikude, aknej\u00e4rgsete armide ja tedret\u00e4hnide n\u00e4htavust, leevendab punetust ning \u00fchtlustab nahatooni ja lisab s\u00e4ra.\",\"breadcrumb\":{\"@id\":\"https:\/\/idakorea.ee\/product\/naomask-round-lab-vita-niacinamide-dark-spot-serum-mask\/#breadcrumb\"},\"inLanguage\":\"en-US\",\"potentialAction\":[{\"@type\":\"ReadAction\",\"target\":[\"https:\/\/idakorea.ee\/product\/naomask-round-lab-vita-niacinamide-dark-spot-serum-mask\/\"]}]},{\"@type\":\"ImageObject\",\"inLanguage\":\"en-US\",\"@id\":\"https:\/\/idakorea.ee\/product\/naomask-round-lab-vita-niacinamide-dark-spot-serum-mask\/#primaryimage\",\"url\":\"https:\/\/idakorea.ee\/wp-content\/uploads\/2024\/10\/round-lab-vita-niacinamide-dark-spot-serum-mask.jpg\",\"contentUrl\":\"https:\/\/idakorea.ee\/wp-content\/uploads\/2024\/10\/round-lab-vita-niacinamide-dark-spot-serum-mask.jpg\",\"width\":1000,\"height\":1000,\"caption\":\"Round-Lab-Vita-Niacinamide-Dark-Spot-Serum-Mask\"},{\"@type\":\"BreadcrumbList\",\"@id\":\"https:\/\/idakorea.ee\/product\/naomask-round-lab-vita-niacinamide-dark-spot-serum-mask\/#breadcrumb\",\"itemListElement\":[{\"@type\":\"ListItem\",\"position\":1,\"name\":\"\u0413\u043b\u0430\u0432\u043d\u0430\u044f \u0441\u0442\u0440\u0430\u043d\u0438\u0446\u0430\",\"item\":\"https:\/\/idakorea.ee\/\"},{\"@type\":\"ListItem\",\"position\":2,\"name\":\"Shop\",\"item\":\"https:\/\/idakorea.ee\/shop-2\/\"},{\"@type\":\"ListItem\",\"position\":3,\"name\":\"N\u00e4omask Round Lab Vita Niacinamide Dark Spot Serum Mask\"}]},{\"@type\":\"WebSite\",\"@id\":\"https:\/\/idakorea.ee\/#website\",\"url\":\"https:\/\/idakorea.ee\/\",\"name\":\"IDA.KOREA\",\"description\":\"Korea kosmeetika e-pood\",\"publisher\":{\"@id\":\"https:\/\/idakorea.ee\/#organization\"},\"alternateName\":\"Beauty Shop\",\"potentialAction\":[{\"@type\":\"SearchAction\",\"target\":{\"@type\":\"EntryPoint\",\"urlTemplate\":\"https:\/\/idakorea.ee\/?s={search_term_string}\"},\"query-input\":{\"@type\":\"PropertyValueSpecification\",\"valueRequired\":true,\"valueName\":\"search_term_string\"}}],\"inLanguage\":\"en-US\"},{\"@type\":\"Organization\",\"@id\":\"https:\/\/idakorea.ee\/#organization\",\"name\":\"IDA.KOREA\",\"url\":\"https:\/\/idakorea.ee\/\",\"logo\":{\"@type\":\"ImageObject\",\"inLanguage\":\"en-US\",\"@id\":\"https:\/\/idakorea.ee\/#\/schema\/logo\/image\/\",\"url\":\"https:\/\/idakorea.ee\/wp-content\/uploads\/2024\/05\/cropped-korea3.png\",\"contentUrl\":\"https:\/\/idakorea.ee\/wp-content\/uploads\/2024\/05\/cropped-korea3.png\",\"width\":688,\"height\":126,\"caption\":\"IDA.KOREA\"},\"image\":{\"@id\":\"https:\/\/idakorea.ee\/#\/schema\/logo\/image\/\"},\"sameAs\":[\"https:\/\/www.instagram.com\/ida.korea\/\"]}]}<\/script>\n<!-- \/ Yoast SEO plugin. -->","yoast_head_json":{"title":"Round Lab Vita Niacinamide Dark Spot Serum Mask - IDA.KOREA","description":"A face mask that reduces the appearance of age spots, acne scars, and freckles, relieves redness, and evens out skin tone and adds radiance.","robots":{"index":"index","follow":"follow","max-snippet":"max-snippet:-1","max-image-preview":"max-image-preview:large","max-video-preview":"max-video-preview:-1"},"canonical":"https:\/\/idakorea.ee\/en\/product\/naomask-round-lab-vita-niacinamide-dark-spot-serum-mask\/","og_locale":"en_US","og_type":"article","og_title":"Round Lab Vita Niacinamide Dark Spot Serum Mask - IDA.KOREA","og_description":"N\u00e4omask, mis v\u00e4hendab pigmendilaikude, aknej\u00e4rgsete armide ja tedret\u00e4hnide n\u00e4htavust, leevendab punetust ning \u00fchtlustab nahatooni ja lisab s\u00e4ra.","og_url":"https:\/\/idakorea.ee\/en\/product\/naomask-round-lab-vita-niacinamide-dark-spot-serum-mask\/","og_site_name":"IDA.KOREA","article_modified_time":"2026-04-03T07:22:23+00:00","og_image":[{"width":1000,"height":1000,"url":"https:\/\/idakorea.ee\/wp-content\/uploads\/2024\/10\/round-lab-vita-niacinamide-dark-spot-serum-mask.jpg","type":"image\/jpeg"}],"twitter_card":"summary_large_image","twitter_misc":{"Est. reading time":"2 minutes"},"schema":{"@context":"https:\/\/schema.org","@graph":[{"@type":"WebPage","@id":"https:\/\/idakorea.ee\/product\/naomask-round-lab-vita-niacinamide-dark-spot-serum-mask\/","url":"https:\/\/idakorea.ee\/product\/naomask-round-lab-vita-niacinamide-dark-spot-serum-mask\/","name":"Round Lab Vita Niacinamide Dark Spot Serum Mask - IDA.KOREA","isPartOf":{"@id":"https:\/\/idakorea.ee\/#website"},"primaryImageOfPage":{"@id":"https:\/\/idakorea.ee\/product\/naomask-round-lab-vita-niacinamide-dark-spot-serum-mask\/#primaryimage"},"image":{"@id":"https:\/\/idakorea.ee\/product\/naomask-round-lab-vita-niacinamide-dark-spot-serum-mask\/#primaryimage"},"thumbnailUrl":"https:\/\/idakorea.ee\/wp-content\/uploads\/2024\/10\/round-lab-vita-niacinamide-dark-spot-serum-mask.jpg","datePublished":"2024-10-15T11:01:54+00:00","dateModified":"2026-04-03T07:22:23+00:00","description":"A face mask that reduces the appearance of age spots, acne scars, and freckles, relieves redness, and evens out skin tone and adds radiance.","breadcrumb":{"@id":"https:\/\/idakorea.ee\/product\/naomask-round-lab-vita-niacinamide-dark-spot-serum-mask\/#breadcrumb"},"inLanguage":"en-US","potentialAction":[{"@type":"ReadAction","target":["https:\/\/idakorea.ee\/product\/naomask-round-lab-vita-niacinamide-dark-spot-serum-mask\/"]}]},{"@type":"ImageObject","inLanguage":"en-US","@id":"https:\/\/idakorea.ee\/product\/naomask-round-lab-vita-niacinamide-dark-spot-serum-mask\/#primaryimage","url":"https:\/\/idakorea.ee\/wp-content\/uploads\/2024\/10\/round-lab-vita-niacinamide-dark-spot-serum-mask.jpg","contentUrl":"https:\/\/idakorea.ee\/wp-content\/uploads\/2024\/10\/round-lab-vita-niacinamide-dark-spot-serum-mask.jpg","width":1000,"height":1000,"caption":"Round-Lab-Vita-Niacinamide-Dark-Spot-Serum-Mask"},{"@type":"BreadcrumbList","@id":"https:\/\/idakorea.ee\/product\/naomask-round-lab-vita-niacinamide-dark-spot-serum-mask\/#breadcrumb","itemListElement":[{"@type":"ListItem","position":1,"name":"\u0413\u043b\u0430\u0432\u043d\u0430\u044f \u0441\u0442\u0440\u0430\u043d\u0438\u0446\u0430","item":"https:\/\/idakorea.ee\/"},{"@type":"ListItem","position":2,"name":"Shop","item":"https:\/\/idakorea.ee\/shop-2\/"},{"@type":"ListItem","position":3,"name":"N\u00e4omask Round Lab Vita Niacinamide Dark Spot Serum Mask"}]},{"@type":"WebSite","@id":"https:\/\/idakorea.ee\/#website","url":"https:\/\/idakorea.ee\/","name":"IDA.KOREA","description":"Korean cosmetics e-shop","publisher":{"@id":"https:\/\/idakorea.ee\/#organization"},"alternateName":"Beauty Shop","potentialAction":[{"@type":"SearchAction","target":{"@type":"EntryPoint","urlTemplate":"https:\/\/idakorea.ee\/?s={search_term_string}"},"query-input":{"@type":"PropertyValueSpecification","valueRequired":true,"valueName":"search_term_string"}}],"inLanguage":"en-US"},{"@type":"Organization","@id":"https:\/\/idakorea.ee\/#organization","name":"IDA.KOREA","url":"https:\/\/idakorea.ee\/","logo":{"@type":"ImageObject","inLanguage":"en-US","@id":"https:\/\/idakorea.ee\/#\/schema\/logo\/image\/","url":"https:\/\/idakorea.ee\/wp-content\/uploads\/2024\/05\/cropped-korea3.png","contentUrl":"https:\/\/idakorea.ee\/wp-content\/uploads\/2024\/05\/cropped-korea3.png","width":688,"height":126,"caption":"IDA.KOREA"},"image":{"@id":"https:\/\/idakorea.ee\/#\/schema\/logo\/image\/"},"sameAs":["https:\/\/www.instagram.com\/ida.korea\/"]}]}},"jetpack_sharing_enabled":true,"brands":[{"id":645,"name":"ROUND LAB","slug":"round-lab"}],"_links":{"self":[{"href":"https:\/\/idakorea.ee\/en\/wp-json\/wp\/v2\/product\/10896","targetHints":{"allow":["GET"]}}],"collection":[{"href":"https:\/\/idakorea.ee\/en\/wp-json\/wp\/v2\/product"}],"about":[{"href":"https:\/\/idakorea.ee\/en\/wp-json\/wp\/v2\/types\/product"}],"replies":[{"embeddable":true,"href":"https:\/\/idakorea.ee\/en\/wp-json\/wp\/v2\/comments?post=10896"}],"version-history":[{"count":1,"href":"https:\/\/idakorea.ee\/en\/wp-json\/wp\/v2\/product\/10896\/revisions"}],"predecessor-version":[{"id":10900,"href":"https:\/\/idakorea.ee\/en\/wp-json\/wp\/v2\/product\/10896\/revisions\/10900"}],"wp:featuredmedia":[{"embeddable":true,"href":"https:\/\/idakorea.ee\/en\/wp-json\/wp\/v2\/media\/10897"}],"wp:attachment":[{"href":"https:\/\/idakorea.ee\/en\/wp-json\/wp\/v2\/media?parent=10896"}],"wp:term":[{"taxonomy":"pwb-brand","embeddable":true,"href":"https:\/\/idakorea.ee\/en\/wp-json\/wp\/v2\/pwb-brand?post=10896"},{"taxonomy":"product_brand","embeddable":true,"href":"https:\/\/idakorea.ee\/en\/wp-json\/wp\/v2\/product_brand?post=10896"},{"taxonomy":"product_cat","embeddable":true,"href":"https:\/\/idakorea.ee\/en\/wp-json\/wp\/v2\/product_cat?post=10896"},{"taxonomy":"product_tag","embeddable":true,"href":"https:\/\/idakorea.ee\/en\/wp-json\/wp\/v2\/product_tag?post=10896"}],"curies":[{"name":"wp","href":"https:\/\/api.w.org\/{rel}","templated":true}]}}