{"id":10902,"date":"2024-10-15T18:22:43","date_gmt":"2024-10-15T15:22:43","guid":{"rendered":"https:\/\/idakorea.ee\/?post_type=product&#038;p=10902"},"modified":"2026-01-30T16:06:19","modified_gmt":"2026-01-30T14:06:19","slug":"vitamiini-seerum-bioheal-boh-vitamin-toning-melasma-serum-30ml","status":"publish","type":"product","link":"https:\/\/idakorea.ee\/en\/product\/vitamiini-seerum-bioheal-boh-vitamin-toning-melasma-serum-30ml\/","title":{"rendered":"Bioheal Boh Vitamin Toning Melasma Serum, 30ml"},"content":{"rendered":"<p>Vitamin A serum to reduce pigmentation eliminates blemishes and imperfections in just 10 days.<\/p>\n<p>The serum effectively evens out skin tone and fights all types of blemishes: melasma, blackheads, pigmentation marks, post-acne scars, age spots and also hidden pigmentation.<\/p>\n<p>It contains 10 000 ppm ethyl ascorbic acid, the newest and most effective derivative of ascorbic acid. In the skin, it converts to pure vitamin C and exerts all three of the magical effects for which vitamin C is loved:<\/p>\n<p><strong>Strong whitening effect<\/strong>: evens skin tone and fights all types of blemishes.<br \/>\n<strong>Powerful antioxidant<\/strong>: stimulates collagen production and prevents premature ageing.<br \/>\n<strong>Anti-inflammatory effect<\/strong>: activates anti-inflammatory cytokines, effectively helping acne and rosacea.<\/p>\n<p><strong>Vitamin E<\/strong>, also known as the vitamin of youth, promotes the production of oestrogen (the hormone of beauty), improving skin condition. It accelerates cell renewal, helping the skin to regenerate on its own. Protects against UV rays and dryness, and prevents sunburn. Thanks to rapid regeneration, skin elasticity is restored and small wrinkles are smoothed away.<\/p>\n<p><strong>Vitamin B3 (niacinamide 50 000 ppm)<\/strong>\u00a0improves skin circulation and stimulates collagen synthesis, which improves skin texture, smoothes wrinkles and slows down the formation of new ones. Strengthens the skin's moisture barrier, protecting it from external aggressors. It also helps to regulate the sebaceous glands, preventing pimples and pore congestion.<\/p>\n<p>Other essential ingredients:<br \/>\n\u2013 <strong>4-butylresorcinol<\/strong> is a powerful whitening ingredient that blocks the production of melanin without irritating the skin.<br \/>\n\u2013 <strong>Tranexamic acid and arbutin<\/strong> reduce melanin synthesis, preventing pigmentation and evening out skin tone.<br \/>\n\u2013<strong> Bifidobacteria lysate<\/strong> creates an optimum environment for the growth of normal microflora on the skin surface, contributing to skin renewal, strengthening its protective functions and preventing inflammation.<\/p>\n<p>The serum has a light texture and soothing properties, making it suitable for daily use without risk of irritation.<\/p>\n<p>- Reduces the size and spread of dark spots.<br \/>\n- Reduces melanin production.<br \/>\n- Brightens skin tone and texture.<br \/>\n- Brightens skin.<br \/>\n- Stimulates collagen synthesis.<br \/>\n- Smoothes wrinkles and moisturises.<br \/>\n- Normalises the function of the sebaceous glands.<br \/>\n- Fights inflammation.<br \/>\n- Strengthens the skin's protective barrier.<br \/>\n- Soothes the skin.<\/p>\n<p>Suitable for all skin types.<\/p>","protected":false},"excerpt":{"rendered":"<p>Vitamin A serum to reduce pigmentation eliminates blemishes and imperfections in just 10 days. The serum effectively evens out skin tone and fights all types of blemishes: melasma, dark circles, pigmentation spots, acne scars, age spots and even hidden pigmentation. The formula contains 10 000 ppm ethyl ascorbic acid, the newest and most effective derivative of ascorbic acid. In the skin, it converts into pure vitamin C and exerts all three...<\/p>","protected":false},"featured_media":10903,"comment_status":"open","ping_status":"closed","template":"","meta":{"_uf_show_specific_survey":0,"_uf_disable_surveys":false,"_bst_post_transparent":"default","_bst_post_title":"","_bst_post_layout":"default","_bst_post_sidebar_id":"","_bst_post_content_style":"default","_bst_post_vertical_padding":"default","_bst_post_feature":"","_bst_post_feature_position":"","_bst_post_header":false,"_bst_post_footer":false},"pwb-brand":[479],"product_brand":[],"product_cat":[92,97],"product_tag":[596,230,634],"class_list":{"0":"post-10902","1":"product","2":"type-product","3":"status-publish","4":"has-post-thumbnail","6":"pwb-brand-bioheal-boh","7":"product_cat-nagu","8":"product_cat-naoseerumid-ja-olid","9":"product_tag-bioheal-boh","10":"product_tag-pigment","11":"product_tag-vitamin-c","13":"first","14":"outofstock","15":"shipping-taxable","16":"purchasable","17":"product-type-simple","18":"entry","19":"content-bg","20":"loop-entry"},"supplier_id":null,"supplier_sku":"","barcode":null,"atum_controlled":true,"out_stock_date":null,"out_stock_threshold":null,"inheritable":false,"inbound_stock":0,"stock_on_hold":0,"sold_today":0,"sales_last_days":0,"out_stock_days":0,"lost_sales":0,"has_location":false,"update_date":"2026-04-24T00:09:08","atum_locations":[],"atum_stock_status":"outofstock","restock_status":false,"low_stock_amount":"","sales_update_date":"2026-04-24T00:09:08","calc_backorders":null,"yoast_head":"<!-- This site is optimized with the Yoast SEO plugin v27.2 - https:\/\/yoast.com\/product\/yoast-seo-wordpress\/ -->\n<title>Vitamiini seerum Bioheal Boh Vitamin Toning Melasma Serum, 30ml - IDA.KOREA<\/title>\n<meta name=\"robots\" content=\"index, follow, max-snippet:-1, max-image-preview:large, max-video-preview:-1\" \/>\n<link rel=\"canonical\" href=\"https:\/\/idakorea.ee\/en\/product\/vitamiini-seerum-bioheal-boh-vitamin-toning-melasma-serum-30ml\/\" \/>\n<meta property=\"og:locale\" content=\"en_US\" \/>\n<meta property=\"og:type\" content=\"article\" \/>\n<meta property=\"og:title\" content=\"Vitamiini seerum Bioheal Boh Vitamin Toning Melasma Serum, 30ml - IDA.KOREA\" \/>\n<meta property=\"og:description\" content=\"Vitamini seerum pigmentatsiooni v\u00e4hendamiseks k\u00f5rvaldab plekid ja nahapuudused vaid 10 p\u00e4evaga. Seerum \u00fchtlustab t\u00f5husalt naha tooni ja v\u00f5itleb k\u00f5igi t\u00fc\u00fcpi plekkide vastu: melasma, tedret\u00e4hnid, pigmendilaigud, aknej\u00e4rgsed armid, vananemislaigud ja ka varjatud pigmentatsioon. Koostises on 10 000 ppm et\u00fc\u00fcl-askorbiinhapet, mis on k\u00f5ige uuem ja efektiivsem askorbiinhappe derivaat. Nahas muundub see puhtaks C-vitamiiniks ja avaldab k\u00f5iki kolme...\" \/>\n<meta property=\"og:url\" content=\"https:\/\/idakorea.ee\/en\/product\/vitamiini-seerum-bioheal-boh-vitamin-toning-melasma-serum-30ml\/\" \/>\n<meta property=\"og:site_name\" content=\"IDA.KOREA\" \/>\n<meta property=\"article:modified_time\" content=\"2026-01-30T14:06:19+00:00\" \/>\n<meta property=\"og:image\" content=\"https:\/\/idakorea.ee\/wp-content\/uploads\/2024\/10\/1074452412-600x600-1.jpg\" \/>\n\t<meta property=\"og:image:width\" content=\"600\" \/>\n\t<meta property=\"og:image:height\" content=\"600\" \/>\n\t<meta property=\"og:image:type\" content=\"image\/jpeg\" \/>\n<meta name=\"twitter:card\" content=\"summary_large_image\" \/>\n<meta name=\"twitter:label1\" content=\"Est. reading time\" \/>\n\t<meta name=\"twitter:data1\" content=\"2 minutes\" \/>\n<script type=\"application\/ld+json\" class=\"yoast-schema-graph\">{\"@context\":\"https:\/\/schema.org\",\"@graph\":[{\"@type\":\"WebPage\",\"@id\":\"https:\/\/idakorea.ee\/product\/vitamiini-seerum-bioheal-boh-vitamin-toning-melasma-serum-30ml\/\",\"url\":\"https:\/\/idakorea.ee\/product\/vitamiini-seerum-bioheal-boh-vitamin-toning-melasma-serum-30ml\/\",\"name\":\"Vitamiini seerum Bioheal Boh Vitamin Toning Melasma Serum, 30ml - IDA.KOREA\",\"isPartOf\":{\"@id\":\"https:\/\/idakorea.ee\/#website\"},\"primaryImageOfPage\":{\"@id\":\"https:\/\/idakorea.ee\/product\/vitamiini-seerum-bioheal-boh-vitamin-toning-melasma-serum-30ml\/#primaryimage\"},\"image\":{\"@id\":\"https:\/\/idakorea.ee\/product\/vitamiini-seerum-bioheal-boh-vitamin-toning-melasma-serum-30ml\/#primaryimage\"},\"thumbnailUrl\":\"https:\/\/idakorea.ee\/wp-content\/uploads\/2024\/10\/1074452412-600x600-1.jpg\",\"datePublished\":\"2024-10-15T15:22:43+00:00\",\"dateModified\":\"2026-01-30T14:06:19+00:00\",\"breadcrumb\":{\"@id\":\"https:\/\/idakorea.ee\/product\/vitamiini-seerum-bioheal-boh-vitamin-toning-melasma-serum-30ml\/#breadcrumb\"},\"inLanguage\":\"en-US\",\"potentialAction\":[{\"@type\":\"ReadAction\",\"target\":[\"https:\/\/idakorea.ee\/product\/vitamiini-seerum-bioheal-boh-vitamin-toning-melasma-serum-30ml\/\"]}]},{\"@type\":\"ImageObject\",\"inLanguage\":\"en-US\",\"@id\":\"https:\/\/idakorea.ee\/product\/vitamiini-seerum-bioheal-boh-vitamin-toning-melasma-serum-30ml\/#primaryimage\",\"url\":\"https:\/\/idakorea.ee\/wp-content\/uploads\/2024\/10\/1074452412-600x600-1.jpg\",\"contentUrl\":\"https:\/\/idakorea.ee\/wp-content\/uploads\/2024\/10\/1074452412-600x600-1.jpg\",\"width\":600,\"height\":600,\"caption\":\"Bioheal Boh Vitamin\"},{\"@type\":\"BreadcrumbList\",\"@id\":\"https:\/\/idakorea.ee\/product\/vitamiini-seerum-bioheal-boh-vitamin-toning-melasma-serum-30ml\/#breadcrumb\",\"itemListElement\":[{\"@type\":\"ListItem\",\"position\":1,\"name\":\"\u0413\u043b\u0430\u0432\u043d\u0430\u044f \u0441\u0442\u0440\u0430\u043d\u0438\u0446\u0430\",\"item\":\"https:\/\/idakorea.ee\/\"},{\"@type\":\"ListItem\",\"position\":2,\"name\":\"Shop\",\"item\":\"https:\/\/idakorea.ee\/shop-2\/\"},{\"@type\":\"ListItem\",\"position\":3,\"name\":\"Vitamiini seerum Bioheal Boh Vitamin Toning Melasma Serum, 30ml\"}]},{\"@type\":\"WebSite\",\"@id\":\"https:\/\/idakorea.ee\/#website\",\"url\":\"https:\/\/idakorea.ee\/\",\"name\":\"IDA.KOREA\",\"description\":\"Korea kosmeetika e-pood\",\"publisher\":{\"@id\":\"https:\/\/idakorea.ee\/#organization\"},\"alternateName\":\"Beauty Shop\",\"potentialAction\":[{\"@type\":\"SearchAction\",\"target\":{\"@type\":\"EntryPoint\",\"urlTemplate\":\"https:\/\/idakorea.ee\/?s={search_term_string}\"},\"query-input\":{\"@type\":\"PropertyValueSpecification\",\"valueRequired\":true,\"valueName\":\"search_term_string\"}}],\"inLanguage\":\"en-US\"},{\"@type\":\"Organization\",\"@id\":\"https:\/\/idakorea.ee\/#organization\",\"name\":\"IDA.KOREA\",\"url\":\"https:\/\/idakorea.ee\/\",\"logo\":{\"@type\":\"ImageObject\",\"inLanguage\":\"en-US\",\"@id\":\"https:\/\/idakorea.ee\/#\/schema\/logo\/image\/\",\"url\":\"https:\/\/idakorea.ee\/wp-content\/uploads\/2024\/05\/cropped-korea3.png\",\"contentUrl\":\"https:\/\/idakorea.ee\/wp-content\/uploads\/2024\/05\/cropped-korea3.png\",\"width\":688,\"height\":126,\"caption\":\"IDA.KOREA\"},\"image\":{\"@id\":\"https:\/\/idakorea.ee\/#\/schema\/logo\/image\/\"},\"sameAs\":[\"https:\/\/www.instagram.com\/ida.korea\/\"]}]}<\/script>\n<!-- \/ Yoast SEO plugin. -->","yoast_head_json":{"title":"Vitamin serum Bioheal Boh Vitamin Toning Melasma Serum, 30ml - IDA.KOREA","robots":{"index":"index","follow":"follow","max-snippet":"max-snippet:-1","max-image-preview":"max-image-preview:large","max-video-preview":"max-video-preview:-1"},"canonical":"https:\/\/idakorea.ee\/en\/product\/vitamiini-seerum-bioheal-boh-vitamin-toning-melasma-serum-30ml\/","og_locale":"en_US","og_type":"article","og_title":"Vitamiini seerum Bioheal Boh Vitamin Toning Melasma Serum, 30ml - IDA.KOREA","og_description":"Vitamini seerum pigmentatsiooni v\u00e4hendamiseks k\u00f5rvaldab plekid ja nahapuudused vaid 10 p\u00e4evaga. Seerum \u00fchtlustab t\u00f5husalt naha tooni ja v\u00f5itleb k\u00f5igi t\u00fc\u00fcpi plekkide vastu: melasma, tedret\u00e4hnid, pigmendilaigud, aknej\u00e4rgsed armid, vananemislaigud ja ka varjatud pigmentatsioon. Koostises on 10 000 ppm et\u00fc\u00fcl-askorbiinhapet, mis on k\u00f5ige uuem ja efektiivsem askorbiinhappe derivaat. Nahas muundub see puhtaks C-vitamiiniks ja avaldab k\u00f5iki kolme...","og_url":"https:\/\/idakorea.ee\/en\/product\/vitamiini-seerum-bioheal-boh-vitamin-toning-melasma-serum-30ml\/","og_site_name":"IDA.KOREA","article_modified_time":"2026-01-30T14:06:19+00:00","og_image":[{"width":600,"height":600,"url":"https:\/\/idakorea.ee\/wp-content\/uploads\/2024\/10\/1074452412-600x600-1.jpg","type":"image\/jpeg"}],"twitter_card":"summary_large_image","twitter_misc":{"Est. reading time":"2 minutes"},"schema":{"@context":"https:\/\/schema.org","@graph":[{"@type":"WebPage","@id":"https:\/\/idakorea.ee\/product\/vitamiini-seerum-bioheal-boh-vitamin-toning-melasma-serum-30ml\/","url":"https:\/\/idakorea.ee\/product\/vitamiini-seerum-bioheal-boh-vitamin-toning-melasma-serum-30ml\/","name":"Vitamin serum Bioheal Boh Vitamin Toning Melasma Serum, 30ml - IDA.KOREA","isPartOf":{"@id":"https:\/\/idakorea.ee\/#website"},"primaryImageOfPage":{"@id":"https:\/\/idakorea.ee\/product\/vitamiini-seerum-bioheal-boh-vitamin-toning-melasma-serum-30ml\/#primaryimage"},"image":{"@id":"https:\/\/idakorea.ee\/product\/vitamiini-seerum-bioheal-boh-vitamin-toning-melasma-serum-30ml\/#primaryimage"},"thumbnailUrl":"https:\/\/idakorea.ee\/wp-content\/uploads\/2024\/10\/1074452412-600x600-1.jpg","datePublished":"2024-10-15T15:22:43+00:00","dateModified":"2026-01-30T14:06:19+00:00","breadcrumb":{"@id":"https:\/\/idakorea.ee\/product\/vitamiini-seerum-bioheal-boh-vitamin-toning-melasma-serum-30ml\/#breadcrumb"},"inLanguage":"en-US","potentialAction":[{"@type":"ReadAction","target":["https:\/\/idakorea.ee\/product\/vitamiini-seerum-bioheal-boh-vitamin-toning-melasma-serum-30ml\/"]}]},{"@type":"ImageObject","inLanguage":"en-US","@id":"https:\/\/idakorea.ee\/product\/vitamiini-seerum-bioheal-boh-vitamin-toning-melasma-serum-30ml\/#primaryimage","url":"https:\/\/idakorea.ee\/wp-content\/uploads\/2024\/10\/1074452412-600x600-1.jpg","contentUrl":"https:\/\/idakorea.ee\/wp-content\/uploads\/2024\/10\/1074452412-600x600-1.jpg","width":600,"height":600,"caption":"Bioheal Boh Vitamin"},{"@type":"BreadcrumbList","@id":"https:\/\/idakorea.ee\/product\/vitamiini-seerum-bioheal-boh-vitamin-toning-melasma-serum-30ml\/#breadcrumb","itemListElement":[{"@type":"ListItem","position":1,"name":"\u0413\u043b\u0430\u0432\u043d\u0430\u044f \u0441\u0442\u0440\u0430\u043d\u0438\u0446\u0430","item":"https:\/\/idakorea.ee\/"},{"@type":"ListItem","position":2,"name":"Shop","item":"https:\/\/idakorea.ee\/shop-2\/"},{"@type":"ListItem","position":3,"name":"Vitamiini seerum Bioheal Boh Vitamin Toning Melasma Serum, 30ml"}]},{"@type":"WebSite","@id":"https:\/\/idakorea.ee\/#website","url":"https:\/\/idakorea.ee\/","name":"IDA.KOREA","description":"Korean cosmetics e-shop","publisher":{"@id":"https:\/\/idakorea.ee\/#organization"},"alternateName":"Beauty Shop","potentialAction":[{"@type":"SearchAction","target":{"@type":"EntryPoint","urlTemplate":"https:\/\/idakorea.ee\/?s={search_term_string}"},"query-input":{"@type":"PropertyValueSpecification","valueRequired":true,"valueName":"search_term_string"}}],"inLanguage":"en-US"},{"@type":"Organization","@id":"https:\/\/idakorea.ee\/#organization","name":"IDA.KOREA","url":"https:\/\/idakorea.ee\/","logo":{"@type":"ImageObject","inLanguage":"en-US","@id":"https:\/\/idakorea.ee\/#\/schema\/logo\/image\/","url":"https:\/\/idakorea.ee\/wp-content\/uploads\/2024\/05\/cropped-korea3.png","contentUrl":"https:\/\/idakorea.ee\/wp-content\/uploads\/2024\/05\/cropped-korea3.png","width":688,"height":126,"caption":"IDA.KOREA"},"image":{"@id":"https:\/\/idakorea.ee\/#\/schema\/logo\/image\/"},"sameAs":["https:\/\/www.instagram.com\/ida.korea\/"]}]}},"jetpack_sharing_enabled":true,"brands":[{"id":479,"name":"BIOHEAL BOH","slug":"bioheal-boh"}],"_links":{"self":[{"href":"https:\/\/idakorea.ee\/en\/wp-json\/wp\/v2\/product\/10902","targetHints":{"allow":["GET"]}}],"collection":[{"href":"https:\/\/idakorea.ee\/en\/wp-json\/wp\/v2\/product"}],"about":[{"href":"https:\/\/idakorea.ee\/en\/wp-json\/wp\/v2\/types\/product"}],"replies":[{"embeddable":true,"href":"https:\/\/idakorea.ee\/en\/wp-json\/wp\/v2\/comments?post=10902"}],"version-history":[{"count":2,"href":"https:\/\/idakorea.ee\/en\/wp-json\/wp\/v2\/product\/10902\/revisions"}],"predecessor-version":[{"id":13230,"href":"https:\/\/idakorea.ee\/en\/wp-json\/wp\/v2\/product\/10902\/revisions\/13230"}],"wp:featuredmedia":[{"embeddable":true,"href":"https:\/\/idakorea.ee\/en\/wp-json\/wp\/v2\/media\/10903"}],"wp:attachment":[{"href":"https:\/\/idakorea.ee\/en\/wp-json\/wp\/v2\/media?parent=10902"}],"wp:term":[{"taxonomy":"pwb-brand","embeddable":true,"href":"https:\/\/idakorea.ee\/en\/wp-json\/wp\/v2\/pwb-brand?post=10902"},{"taxonomy":"product_brand","embeddable":true,"href":"https:\/\/idakorea.ee\/en\/wp-json\/wp\/v2\/product_brand?post=10902"},{"taxonomy":"product_cat","embeddable":true,"href":"https:\/\/idakorea.ee\/en\/wp-json\/wp\/v2\/product_cat?post=10902"},{"taxonomy":"product_tag","embeddable":true,"href":"https:\/\/idakorea.ee\/en\/wp-json\/wp\/v2\/product_tag?post=10902"}],"curies":[{"name":"wp","href":"https:\/\/api.w.org\/{rel}","templated":true}]}}