{"id":10907,"date":"2024-10-16T12:24:44","date_gmt":"2024-10-16T09:24:44","guid":{"rendered":"https:\/\/idakorea.ee\/?post_type=product&#038;p=10907"},"modified":"2026-01-30T16:06:11","modified_gmt":"2026-01-30T14:06:11","slug":"modelleeriv-mask-dr-jart-cryo-rubber-with-brightening-vitamin-c","status":"publish","type":"product","link":"https:\/\/idakorea.ee\/en\/product\/modelleeriv-mask-dr-jart-cryo-rubber-with-brightening-vitamin-c\/","title":{"rendered":"Dr.Jart+ Cryo Rubber With Brightening Vitamin C"},"content":{"rendered":"<p>Modelling mask to even skin tone <strong>Dr.Jart+ Cryo Rubber With Brightening Vitamin C<\/strong> is in its original form, which does not need to be mixed, just applied to the face.<\/p>\n<p>The product instantly transforms the skin, nourishes it with moisture and active ingredients, tones, gently brightens the overall skin tone, improves and refreshes the complexion, helps fight against dullness and pigmentation.<\/p>\n<p><b>2-step modelling mask application system:<\/b><\/p>\n<p>1. Highly concentrated ampoule serum.<br \/>\nThe product targets deep, intensive hydration, prevents dryness and dehydration, tones and restores natural radiance.<\/p>\n<p>The vitamin complex effectively brightens and evens the skin's overall tone, improves complexion by eliminating dullness and greyness. Increases skin firmness and elasticity, slows down the ageing process.<\/p>\n<p>2. Modelling the original data mask.<br \/>\nThe mask adheres very tightly to the skin, exactly replicating the contours of the face.<\/p>\n<p>The special texture of the frozen alginate mask effectively locks all the active ingredients into the skin, allowing them to penetrate as deeply as possible and be better absorbed, increasing the effectiveness of the products and preventing them from evaporating. In synergy with the skin's warmth, the mask provides a mild cooling effect and soothes irritations.<\/p>\n<p><b>Main active ingredients:<\/b><\/p>\n<p><b>Vitamin A - <\/b>has pronounced antioxidant potential, softens the skin, increases its elasticity, helps smooth fine wrinkles.<\/p>\n<p><b>Vitamin B - <\/b>accelerates cell renewal, reduces wrinkles, moisturises and tightens pores, protects against free radicals.<\/p>\n<p><b>Vitamin C - <\/b>has a gentle astringent effect, is a powerful antioxidant, eliminates acne spots and blemishes, relieves redness.<\/p>\n<p><b>Grapefruit extract - <\/b>helps to improve the complexion, is beneficial for all skin types, normalizes oil, tightens pores, increases turgor.<\/p>\n<p><b>Seaweed extract - <\/b>protects the skin from harmful external aggressive agents. Improves the synthesis of collagen, gives the skin elasticity and tone, moisturises and softens it.<\/p>\n<p>&nbsp;<\/p>\n<p>&nbsp;<\/p>","protected":false},"excerpt":{"rendered":"<p>Dr.Jart+ Cryo Rubber With Brightening Vitamin C is a modelling mask to even out skin tone, in the form of an alginate mask that doesn't need to be mixed, just applied to the face. The product instantly transforms the skin, nourishes it with moisture and active ingredients, tones, gently brightens the overall skin tone, improves and refreshes the complexion, helps fight against dullness and pigmentation. 2-step modelling mask application system: 1. Highly concentrated ampoule serum....<\/p>","protected":false},"featured_media":10908,"comment_status":"open","ping_status":"closed","template":"","meta":{"_uf_show_specific_survey":0,"_uf_disable_surveys":false,"_bst_post_transparent":"default","_bst_post_title":"","_bst_post_layout":"default","_bst_post_sidebar_id":"","_bst_post_content_style":"default","_bst_post_vertical_padding":"default","_bst_post_feature":"","_bst_post_feature_position":"","_bst_post_header":false,"_bst_post_footer":false},"pwb-brand":[482],"product_brand":[],"product_cat":[92,98],"product_tag":[603,634],"class_list":{"0":"post-10907","1":"product","2":"type-product","3":"status-publish","4":"has-post-thumbnail","6":"pwb-brand-dr-jart","7":"product_cat-nagu","8":"product_cat-naomaskid","9":"product_tag-dr-jart","10":"product_tag-vitamin-c","12":"first","13":"outofstock","14":"sale","15":"shipping-taxable","16":"purchasable","17":"product-type-simple","18":"entry","19":"content-bg","20":"loop-entry"},"supplier_id":null,"supplier_sku":"","barcode":null,"atum_controlled":true,"out_stock_date":null,"out_stock_threshold":null,"inheritable":false,"inbound_stock":0,"stock_on_hold":0,"sold_today":0,"sales_last_days":0,"out_stock_days":0,"lost_sales":0,"has_location":false,"update_date":"2026-04-15T00:05:12","atum_locations":[],"atum_stock_status":"outofstock","restock_status":false,"low_stock_amount":"","sales_update_date":"2026-04-15T00:05:12","calc_backorders":null,"yoast_head":"<!-- This site is optimized with the Yoast SEO plugin v27.2 - https:\/\/yoast.com\/product\/yoast-seo-wordpress\/ -->\n<title>Modelleeriv mask Dr.Jart+ Cryo Rubber With Brightening Vitamin C - IDA.KOREA<\/title>\n<meta name=\"robots\" content=\"index, follow, max-snippet:-1, max-image-preview:large, max-video-preview:-1\" \/>\n<link rel=\"canonical\" href=\"https:\/\/idakorea.ee\/en\/product\/modelleeriv-mask-dr-jart-cryo-rubber-with-brightening-vitamin-c\/\" \/>\n<meta property=\"og:locale\" content=\"en_US\" \/>\n<meta property=\"og:type\" content=\"article\" \/>\n<meta property=\"og:title\" content=\"Modelleeriv mask Dr.Jart+ Cryo Rubber With Brightening Vitamin C - IDA.KOREA\" \/>\n<meta property=\"og:description\" content=\"Modelleeriv mask naha tooni \u00fchtlustamiseks Dr.Jart+ Cryo Rubber With Brightening Vitamin C on alginaatmaski kujul, mida ei pea segama, vaid lihtsalt n\u00e4ole asetama. Toode muudab nahka koheselt, toidab seda niiskuse ja toimeainetega, toniseerib, helendab \u00f5rnalt \u00fcldist nahatooni, parandab ja v\u00e4rskendab jume, aitab v\u00f5idelda tuhmuse ja pigmentatsiooni vastu. 2-astmeline modelleeriva maski pealekandmise s\u00fcsteem: 1. K\u00f5rgkontsentreeritud ampull-seerum....\" \/>\n<meta property=\"og:url\" content=\"https:\/\/idakorea.ee\/en\/product\/modelleeriv-mask-dr-jart-cryo-rubber-with-brightening-vitamin-c\/\" \/>\n<meta property=\"og:site_name\" content=\"IDA.KOREA\" \/>\n<meta property=\"article:modified_time\" content=\"2026-01-30T14:06:11+00:00\" \/>\n<meta property=\"og:image\" content=\"https:\/\/idakorea.ee\/wp-content\/uploads\/2024\/10\/cryo11.jpg\" \/>\n\t<meta property=\"og:image:width\" content=\"840\" \/>\n\t<meta property=\"og:image:height\" content=\"868\" \/>\n\t<meta property=\"og:image:type\" content=\"image\/jpeg\" \/>\n<meta name=\"twitter:card\" content=\"summary_large_image\" \/>\n<meta name=\"twitter:label1\" content=\"Est. reading time\" \/>\n\t<meta name=\"twitter:data1\" content=\"2 minutes\" \/>\n<script type=\"application\/ld+json\" class=\"yoast-schema-graph\">{\"@context\":\"https:\/\/schema.org\",\"@graph\":[{\"@type\":\"WebPage\",\"@id\":\"https:\/\/idakorea.ee\/product\/modelleeriv-mask-dr-jart-cryo-rubber-with-brightening-vitamin-c\/\",\"url\":\"https:\/\/idakorea.ee\/product\/modelleeriv-mask-dr-jart-cryo-rubber-with-brightening-vitamin-c\/\",\"name\":\"Modelleeriv mask Dr.Jart+ Cryo Rubber With Brightening Vitamin C - IDA.KOREA\",\"isPartOf\":{\"@id\":\"https:\/\/idakorea.ee\/#website\"},\"primaryImageOfPage\":{\"@id\":\"https:\/\/idakorea.ee\/product\/modelleeriv-mask-dr-jart-cryo-rubber-with-brightening-vitamin-c\/#primaryimage\"},\"image\":{\"@id\":\"https:\/\/idakorea.ee\/product\/modelleeriv-mask-dr-jart-cryo-rubber-with-brightening-vitamin-c\/#primaryimage\"},\"thumbnailUrl\":\"https:\/\/idakorea.ee\/wp-content\/uploads\/2024\/10\/cryo11.jpg\",\"datePublished\":\"2024-10-16T09:24:44+00:00\",\"dateModified\":\"2026-01-30T14:06:11+00:00\",\"breadcrumb\":{\"@id\":\"https:\/\/idakorea.ee\/product\/modelleeriv-mask-dr-jart-cryo-rubber-with-brightening-vitamin-c\/#breadcrumb\"},\"inLanguage\":\"en-US\",\"potentialAction\":[{\"@type\":\"ReadAction\",\"target\":[\"https:\/\/idakorea.ee\/product\/modelleeriv-mask-dr-jart-cryo-rubber-with-brightening-vitamin-c\/\"]}]},{\"@type\":\"ImageObject\",\"inLanguage\":\"en-US\",\"@id\":\"https:\/\/idakorea.ee\/product\/modelleeriv-mask-dr-jart-cryo-rubber-with-brightening-vitamin-c\/#primaryimage\",\"url\":\"https:\/\/idakorea.ee\/wp-content\/uploads\/2024\/10\/cryo11.jpg\",\"contentUrl\":\"https:\/\/idakorea.ee\/wp-content\/uploads\/2024\/10\/cryo11.jpg\",\"width\":840,\"height\":868},{\"@type\":\"BreadcrumbList\",\"@id\":\"https:\/\/idakorea.ee\/product\/modelleeriv-mask-dr-jart-cryo-rubber-with-brightening-vitamin-c\/#breadcrumb\",\"itemListElement\":[{\"@type\":\"ListItem\",\"position\":1,\"name\":\"\u0413\u043b\u0430\u0432\u043d\u0430\u044f \u0441\u0442\u0440\u0430\u043d\u0438\u0446\u0430\",\"item\":\"https:\/\/idakorea.ee\/\"},{\"@type\":\"ListItem\",\"position\":2,\"name\":\"Shop\",\"item\":\"https:\/\/idakorea.ee\/shop-2\/\"},{\"@type\":\"ListItem\",\"position\":3,\"name\":\"Modelleeriv mask Dr.Jart+ Cryo Rubber With Brightening Vitamin C\"}]},{\"@type\":\"WebSite\",\"@id\":\"https:\/\/idakorea.ee\/#website\",\"url\":\"https:\/\/idakorea.ee\/\",\"name\":\"IDA.KOREA\",\"description\":\"Korea kosmeetika e-pood\",\"publisher\":{\"@id\":\"https:\/\/idakorea.ee\/#organization\"},\"alternateName\":\"Beauty Shop\",\"potentialAction\":[{\"@type\":\"SearchAction\",\"target\":{\"@type\":\"EntryPoint\",\"urlTemplate\":\"https:\/\/idakorea.ee\/?s={search_term_string}\"},\"query-input\":{\"@type\":\"PropertyValueSpecification\",\"valueRequired\":true,\"valueName\":\"search_term_string\"}}],\"inLanguage\":\"en-US\"},{\"@type\":\"Organization\",\"@id\":\"https:\/\/idakorea.ee\/#organization\",\"name\":\"IDA.KOREA\",\"url\":\"https:\/\/idakorea.ee\/\",\"logo\":{\"@type\":\"ImageObject\",\"inLanguage\":\"en-US\",\"@id\":\"https:\/\/idakorea.ee\/#\/schema\/logo\/image\/\",\"url\":\"https:\/\/idakorea.ee\/wp-content\/uploads\/2024\/05\/cropped-korea3.png\",\"contentUrl\":\"https:\/\/idakorea.ee\/wp-content\/uploads\/2024\/05\/cropped-korea3.png\",\"width\":688,\"height\":126,\"caption\":\"IDA.KOREA\"},\"image\":{\"@id\":\"https:\/\/idakorea.ee\/#\/schema\/logo\/image\/\"},\"sameAs\":[\"https:\/\/www.instagram.com\/ida.korea\/\"]}]}<\/script>\n<!-- \/ Yoast SEO plugin. -->","yoast_head_json":{"title":"modeling mask Dr.Jart+ Cryo Rubber With Brightening Vitamin C - IDA.KOREA","robots":{"index":"index","follow":"follow","max-snippet":"max-snippet:-1","max-image-preview":"max-image-preview:large","max-video-preview":"max-video-preview:-1"},"canonical":"https:\/\/idakorea.ee\/en\/product\/modelleeriv-mask-dr-jart-cryo-rubber-with-brightening-vitamin-c\/","og_locale":"en_US","og_type":"article","og_title":"Modelleeriv mask Dr.Jart+ Cryo Rubber With Brightening Vitamin C - IDA.KOREA","og_description":"Modelleeriv mask naha tooni \u00fchtlustamiseks Dr.Jart+ Cryo Rubber With Brightening Vitamin C on alginaatmaski kujul, mida ei pea segama, vaid lihtsalt n\u00e4ole asetama. Toode muudab nahka koheselt, toidab seda niiskuse ja toimeainetega, toniseerib, helendab \u00f5rnalt \u00fcldist nahatooni, parandab ja v\u00e4rskendab jume, aitab v\u00f5idelda tuhmuse ja pigmentatsiooni vastu. 2-astmeline modelleeriva maski pealekandmise s\u00fcsteem: 1. K\u00f5rgkontsentreeritud ampull-seerum....","og_url":"https:\/\/idakorea.ee\/en\/product\/modelleeriv-mask-dr-jart-cryo-rubber-with-brightening-vitamin-c\/","og_site_name":"IDA.KOREA","article_modified_time":"2026-01-30T14:06:11+00:00","og_image":[{"width":840,"height":868,"url":"https:\/\/idakorea.ee\/wp-content\/uploads\/2024\/10\/cryo11.jpg","type":"image\/jpeg"}],"twitter_card":"summary_large_image","twitter_misc":{"Est. reading time":"2 minutes"},"schema":{"@context":"https:\/\/schema.org","@graph":[{"@type":"WebPage","@id":"https:\/\/idakorea.ee\/product\/modelleeriv-mask-dr-jart-cryo-rubber-with-brightening-vitamin-c\/","url":"https:\/\/idakorea.ee\/product\/modelleeriv-mask-dr-jart-cryo-rubber-with-brightening-vitamin-c\/","name":"modeling mask Dr.Jart+ Cryo Rubber With Brightening Vitamin C - IDA.KOREA","isPartOf":{"@id":"https:\/\/idakorea.ee\/#website"},"primaryImageOfPage":{"@id":"https:\/\/idakorea.ee\/product\/modelleeriv-mask-dr-jart-cryo-rubber-with-brightening-vitamin-c\/#primaryimage"},"image":{"@id":"https:\/\/idakorea.ee\/product\/modelleeriv-mask-dr-jart-cryo-rubber-with-brightening-vitamin-c\/#primaryimage"},"thumbnailUrl":"https:\/\/idakorea.ee\/wp-content\/uploads\/2024\/10\/cryo11.jpg","datePublished":"2024-10-16T09:24:44+00:00","dateModified":"2026-01-30T14:06:11+00:00","breadcrumb":{"@id":"https:\/\/idakorea.ee\/product\/modelleeriv-mask-dr-jart-cryo-rubber-with-brightening-vitamin-c\/#breadcrumb"},"inLanguage":"en-US","potentialAction":[{"@type":"ReadAction","target":["https:\/\/idakorea.ee\/product\/modelleeriv-mask-dr-jart-cryo-rubber-with-brightening-vitamin-c\/"]}]},{"@type":"ImageObject","inLanguage":"en-US","@id":"https:\/\/idakorea.ee\/product\/modelleeriv-mask-dr-jart-cryo-rubber-with-brightening-vitamin-c\/#primaryimage","url":"https:\/\/idakorea.ee\/wp-content\/uploads\/2024\/10\/cryo11.jpg","contentUrl":"https:\/\/idakorea.ee\/wp-content\/uploads\/2024\/10\/cryo11.jpg","width":840,"height":868},{"@type":"BreadcrumbList","@id":"https:\/\/idakorea.ee\/product\/modelleeriv-mask-dr-jart-cryo-rubber-with-brightening-vitamin-c\/#breadcrumb","itemListElement":[{"@type":"ListItem","position":1,"name":"\u0413\u043b\u0430\u0432\u043d\u0430\u044f \u0441\u0442\u0440\u0430\u043d\u0438\u0446\u0430","item":"https:\/\/idakorea.ee\/"},{"@type":"ListItem","position":2,"name":"Shop","item":"https:\/\/idakorea.ee\/shop-2\/"},{"@type":"ListItem","position":3,"name":"Modelleeriv mask Dr.Jart+ Cryo Rubber With Brightening Vitamin C"}]},{"@type":"WebSite","@id":"https:\/\/idakorea.ee\/#website","url":"https:\/\/idakorea.ee\/","name":"IDA.KOREA","description":"Korean cosmetics e-shop","publisher":{"@id":"https:\/\/idakorea.ee\/#organization"},"alternateName":"Beauty Shop","potentialAction":[{"@type":"SearchAction","target":{"@type":"EntryPoint","urlTemplate":"https:\/\/idakorea.ee\/?s={search_term_string}"},"query-input":{"@type":"PropertyValueSpecification","valueRequired":true,"valueName":"search_term_string"}}],"inLanguage":"en-US"},{"@type":"Organization","@id":"https:\/\/idakorea.ee\/#organization","name":"IDA.KOREA","url":"https:\/\/idakorea.ee\/","logo":{"@type":"ImageObject","inLanguage":"en-US","@id":"https:\/\/idakorea.ee\/#\/schema\/logo\/image\/","url":"https:\/\/idakorea.ee\/wp-content\/uploads\/2024\/05\/cropped-korea3.png","contentUrl":"https:\/\/idakorea.ee\/wp-content\/uploads\/2024\/05\/cropped-korea3.png","width":688,"height":126,"caption":"IDA.KOREA"},"image":{"@id":"https:\/\/idakorea.ee\/#\/schema\/logo\/image\/"},"sameAs":["https:\/\/www.instagram.com\/ida.korea\/"]}]}},"jetpack_sharing_enabled":true,"brands":[{"id":482,"name":"DR.JART+","slug":"dr-jart"}],"_links":{"self":[{"href":"https:\/\/idakorea.ee\/en\/wp-json\/wp\/v2\/product\/10907","targetHints":{"allow":["GET"]}}],"collection":[{"href":"https:\/\/idakorea.ee\/en\/wp-json\/wp\/v2\/product"}],"about":[{"href":"https:\/\/idakorea.ee\/en\/wp-json\/wp\/v2\/types\/product"}],"replies":[{"embeddable":true,"href":"https:\/\/idakorea.ee\/en\/wp-json\/wp\/v2\/comments?post=10907"}],"version-history":[{"count":3,"href":"https:\/\/idakorea.ee\/en\/wp-json\/wp\/v2\/product\/10907\/revisions"}],"predecessor-version":[{"id":10913,"href":"https:\/\/idakorea.ee\/en\/wp-json\/wp\/v2\/product\/10907\/revisions\/10913"}],"wp:featuredmedia":[{"embeddable":true,"href":"https:\/\/idakorea.ee\/en\/wp-json\/wp\/v2\/media\/10908"}],"wp:attachment":[{"href":"https:\/\/idakorea.ee\/en\/wp-json\/wp\/v2\/media?parent=10907"}],"wp:term":[{"taxonomy":"pwb-brand","embeddable":true,"href":"https:\/\/idakorea.ee\/en\/wp-json\/wp\/v2\/pwb-brand?post=10907"},{"taxonomy":"product_brand","embeddable":true,"href":"https:\/\/idakorea.ee\/en\/wp-json\/wp\/v2\/product_brand?post=10907"},{"taxonomy":"product_cat","embeddable":true,"href":"https:\/\/idakorea.ee\/en\/wp-json\/wp\/v2\/product_cat?post=10907"},{"taxonomy":"product_tag","embeddable":true,"href":"https:\/\/idakorea.ee\/en\/wp-json\/wp\/v2\/product_tag?post=10907"}],"curies":[{"name":"wp","href":"https:\/\/api.w.org\/{rel}","templated":true}]}}