{"id":10932,"date":"2024-10-19T10:11:27","date_gmt":"2024-10-19T07:11:27","guid":{"rendered":"https:\/\/idakorea.ee\/?post_type=product&#038;p=10932"},"modified":"2026-04-06T15:50:59","modified_gmt":"2026-04-06T13:50:59","slug":"niisutav-oomask-teemantpuudri-ja-hualuroonhappega-snp-diamond-water-sleeping-pack-4ml","status":"publish","type":"product","link":"https:\/\/idakorea.ee\/en\/product\/niisutav-oomask-teemantpuudri-ja-hualuroonhappega-snp-diamond-water-sleeping-pack-4ml\/","title":{"rendered":"SNP Diamond Water Sleeping Pack, 4ml"},"content":{"rendered":"<p>Moisturising night mask with diamond powder and hyaluronic acid <strong>SNP Diamond Water Sleeping Pack<\/strong> intensively moisturises the skin, helping to retain moisture in the cells. Protects the skin from water loss, smoothes fine wrinkles, increases skin elasticity and leaves it smooth and silky. The mask soothes irritated skin, triggers cellular regeneration processes and lightens pigmentation and post-acne spots. Gives skin a natural glow and a healthier appearance. The product also has an antioxidant effect and helps remove toxins.<\/p>\n<p><strong>Main active ingredients:<\/strong><\/p>\n<p><strong>- Theme powder<\/strong> - improves skin condition, deeply nourishes and moisturises, and helps remove harmful toxins from epidermal cells.<br \/>\n<strong>- hyaluronic acid<\/strong> - provides long-lasting and intense hydration, protects against water loss and premature wrinkles, stimulates cell renewal and heals wounds and cracks.<br \/>\n<strong>- collages<\/strong> - improves the overall condition of the skin: smoothes and evens out the complexion, makes the skin supple and plump, reduces fine lines and refreshes the skin. It has a wound-healing and soothing effect and retains moisture in the deeper layers of the skin.<br \/>\n<strong>- niacinamide<\/strong> - promotes collagen synthesis and improves the skin's protective functions, helps reduce transepidermal water loss and pigmentation, softens, increases skin elasticity, moisturises, tightens pores, soothes and brightens.<br \/>\n<strong>- Asia centella<\/strong>\u00a0- has anti-inflammatory and wound-healing properties, restores skin barrier functions and moisture, reduces skin sensitivity, reduces swelling and strengthens blood vessels and reduces couperose.<br \/>\n<strong>- Green tea extract<\/strong> - soothes irritation, has antibacterial properties, firms and elasticises the skin, smoothes wrinkles and improves complexion.<br \/>\n<strong>- Aaloe Vera<\/strong> - softens the skin and soothes irritation, speeds up wound healing, has anti-inflammatory and anti-allergic properties and stimulates collagen production.<br \/>\n<strong>- Rosemary extract <\/strong>- promotes cell renewal, tones, improves circulation, evens skin texture and is ideal for ageing skin and to combat the signs of ageing.<br \/>\n<strong>- allantoin<\/strong> - softens, intensively moisturises, tightens pores and normalises sebaceous glands, has anti-inflammatory properties and soothes irritated skin.<br \/>\n<strong>- rubber extract<\/strong> - soothes the skin well, reduces redness and irritation, reduces inflammation and prevents its recurrence.<br \/>\n<strong>- Lagritsa extract<\/strong> - softens and has anti-inflammatory, cleansing and whitening, regenerating and healing properties.<\/p>\n<p>&nbsp;<\/p>\n<p>Suitable for all skin types, including sensitive skin.<\/p>\n<p><strong>Instructions for use<\/strong>: apply the required amount of mask as the last step of your evening treatment.<\/p>","protected":false},"excerpt":{"rendered":"<p>Moisturising Night Mask with Diamond Powder and Hyaluronic Acid SNP Diamond Water Sleeping Pack intensively moisturises the skin, helping to retain moisture in the cells. It protects the skin from water loss, smoothes fine wrinkles, increases skin elasticity and leaves it smooth and silky. The mask soothes irritated skin, triggers cellular regeneration processes and lightens pigmentation and post-acne spots. Gives skin a natural glow and a healthier appearance. The product...<\/p>","protected":false},"featured_media":10936,"comment_status":"open","ping_status":"closed","template":"","meta":{"_uf_show_specific_survey":0,"_uf_disable_surveys":false,"_bst_post_transparent":"default","_bst_post_title":"","_bst_post_layout":"default","_bst_post_sidebar_id":"","_bst_post_content_style":"default","_bst_post_vertical_padding":"default","_bst_post_feature":"","_bst_post_feature_position":"","_bst_post_header":false,"_bst_post_footer":false},"pwb-brand":[642],"product_brand":[],"product_cat":[92,98],"product_tag":[],"class_list":{"0":"post-10932","1":"product","2":"type-product","3":"status-publish","4":"has-post-thumbnail","6":"pwb-brand-snp","7":"product_cat-nagu","8":"product_cat-naomaskid","10":"first","11":"instock","12":"sale","13":"shipping-taxable","14":"purchasable","15":"product-type-simple","16":"entry","17":"content-bg","18":"loop-entry"},"supplier_id":null,"supplier_sku":"","barcode":null,"atum_controlled":true,"out_stock_date":null,"out_stock_threshold":null,"inheritable":false,"inbound_stock":0,"stock_on_hold":0,"sold_today":0,"sales_last_days":3,"out_stock_days":0,"lost_sales":0,"has_location":false,"update_date":"2026-04-15T00:05:20","atum_locations":[],"atum_stock_status":"instock","restock_status":false,"low_stock_amount":"","sales_update_date":"2026-04-15T00:05:20","calc_backorders":null,"yoast_head":"<!-- This site is optimized with the Yoast SEO plugin v27.2 - https:\/\/yoast.com\/product\/yoast-seo-wordpress\/ -->\n<title>Niisutav \u00f6\u00f6mask teemantpuudri ja h\u00fcaluroonhappega SNP Diamond Water Sleeping Pack, 4ml - IDA.KOREA<\/title>\n<meta name=\"description\" content=\"Niisutav \u00f6\u00f6mask teemantpuudri ja h\u00fcaluroonhappega SNP Diamond Water Sleeping Pack niisutab intensiivselt nahka, aidates s\u00e4ilitada niiskust rakkudes. Kaitseb nahka veekaotuse eest, silub peeneid kortse, suurendab naha elastsust ja muudab selle siledaks ja siidiseks.\" \/>\n<meta name=\"robots\" content=\"index, follow, max-snippet:-1, max-image-preview:large, max-video-preview:-1\" \/>\n<link rel=\"canonical\" href=\"https:\/\/idakorea.ee\/en\/product\/niisutav-oomask-teemantpuudri-ja-hualuroonhappega-snp-diamond-water-sleeping-pack-4ml\/\" \/>\n<meta property=\"og:locale\" content=\"en_US\" \/>\n<meta property=\"og:type\" content=\"article\" \/>\n<meta property=\"og:title\" content=\"Niisutav \u00f6\u00f6mask teemantpuudri ja h\u00fcaluroonhappega SNP Diamond Water Sleeping Pack, 4ml - IDA.KOREA\" \/>\n<meta property=\"og:description\" content=\"Niisutav \u00f6\u00f6mask teemantpuudri ja h\u00fcaluroonhappega SNP Diamond Water Sleeping Pack niisutab intensiivselt nahka, aidates s\u00e4ilitada niiskust rakkudes. Kaitseb nahka veekaotuse eest, silub peeneid kortse, suurendab naha elastsust ja muudab selle siledaks ja siidiseks.\" \/>\n<meta property=\"og:url\" content=\"https:\/\/idakorea.ee\/en\/product\/niisutav-oomask-teemantpuudri-ja-hualuroonhappega-snp-diamond-water-sleeping-pack-4ml\/\" \/>\n<meta property=\"og:site_name\" content=\"IDA.KOREA\" \/>\n<meta property=\"article:modified_time\" content=\"2026-04-06T13:50:59+00:00\" \/>\n<meta property=\"og:image\" content=\"https:\/\/idakorea.ee\/wp-content\/uploads\/2024\/10\/snp-diamond-1.jpg\" \/>\n\t<meta property=\"og:image:width\" content=\"550\" \/>\n\t<meta property=\"og:image:height\" content=\"565\" \/>\n\t<meta property=\"og:image:type\" content=\"image\/jpeg\" \/>\n<meta name=\"twitter:card\" content=\"summary_large_image\" \/>\n<meta name=\"twitter:label1\" content=\"Est. reading time\" \/>\n\t<meta name=\"twitter:data1\" content=\"2 minutes\" \/>\n<script type=\"application\/ld+json\" class=\"yoast-schema-graph\">{\"@context\":\"https:\/\/schema.org\",\"@graph\":[{\"@type\":\"WebPage\",\"@id\":\"https:\/\/idakorea.ee\/product\/niisutav-oomask-teemantpuudri-ja-hualuroonhappega-snp-diamond-water-sleeping-pack-4ml\/\",\"url\":\"https:\/\/idakorea.ee\/product\/niisutav-oomask-teemantpuudri-ja-hualuroonhappega-snp-diamond-water-sleeping-pack-4ml\/\",\"name\":\"Niisutav \u00f6\u00f6mask teemantpuudri ja h\u00fcaluroonhappega SNP Diamond Water Sleeping Pack, 4ml - IDA.KOREA\",\"isPartOf\":{\"@id\":\"https:\/\/idakorea.ee\/#website\"},\"primaryImageOfPage\":{\"@id\":\"https:\/\/idakorea.ee\/product\/niisutav-oomask-teemantpuudri-ja-hualuroonhappega-snp-diamond-water-sleeping-pack-4ml\/#primaryimage\"},\"image\":{\"@id\":\"https:\/\/idakorea.ee\/product\/niisutav-oomask-teemantpuudri-ja-hualuroonhappega-snp-diamond-water-sleeping-pack-4ml\/#primaryimage\"},\"thumbnailUrl\":\"https:\/\/idakorea.ee\/wp-content\/uploads\/2024\/10\/snp-diamond-1.jpg\",\"datePublished\":\"2024-10-19T07:11:27+00:00\",\"dateModified\":\"2026-04-06T13:50:59+00:00\",\"description\":\"Niisutav \u00f6\u00f6mask teemantpuudri ja h\u00fcaluroonhappega SNP Diamond Water Sleeping Pack niisutab intensiivselt nahka, aidates s\u00e4ilitada niiskust rakkudes. Kaitseb nahka veekaotuse eest, silub peeneid kortse, suurendab naha elastsust ja muudab selle siledaks ja siidiseks.\",\"breadcrumb\":{\"@id\":\"https:\/\/idakorea.ee\/product\/niisutav-oomask-teemantpuudri-ja-hualuroonhappega-snp-diamond-water-sleeping-pack-4ml\/#breadcrumb\"},\"inLanguage\":\"en-US\",\"potentialAction\":[{\"@type\":\"ReadAction\",\"target\":[\"https:\/\/idakorea.ee\/product\/niisutav-oomask-teemantpuudri-ja-hualuroonhappega-snp-diamond-water-sleeping-pack-4ml\/\"]}]},{\"@type\":\"ImageObject\",\"inLanguage\":\"en-US\",\"@id\":\"https:\/\/idakorea.ee\/product\/niisutav-oomask-teemantpuudri-ja-hualuroonhappega-snp-diamond-water-sleeping-pack-4ml\/#primaryimage\",\"url\":\"https:\/\/idakorea.ee\/wp-content\/uploads\/2024\/10\/snp-diamond-1.jpg\",\"contentUrl\":\"https:\/\/idakorea.ee\/wp-content\/uploads\/2024\/10\/snp-diamond-1.jpg\",\"width\":550,\"height\":565},{\"@type\":\"BreadcrumbList\",\"@id\":\"https:\/\/idakorea.ee\/product\/niisutav-oomask-teemantpuudri-ja-hualuroonhappega-snp-diamond-water-sleeping-pack-4ml\/#breadcrumb\",\"itemListElement\":[{\"@type\":\"ListItem\",\"position\":1,\"name\":\"\u0413\u043b\u0430\u0432\u043d\u0430\u044f \u0441\u0442\u0440\u0430\u043d\u0438\u0446\u0430\",\"item\":\"https:\/\/idakorea.ee\/\"},{\"@type\":\"ListItem\",\"position\":2,\"name\":\"Shop\",\"item\":\"https:\/\/idakorea.ee\/shop-2\/\"},{\"@type\":\"ListItem\",\"position\":3,\"name\":\"Niisutav \u00f6\u00f6mask teemantpuudri ja h\u00fcaluroonhappega SNP Diamond Water Sleeping Pack, 4ml\"}]},{\"@type\":\"WebSite\",\"@id\":\"https:\/\/idakorea.ee\/#website\",\"url\":\"https:\/\/idakorea.ee\/\",\"name\":\"IDA.KOREA\",\"description\":\"Korea kosmeetika e-pood\",\"publisher\":{\"@id\":\"https:\/\/idakorea.ee\/#organization\"},\"alternateName\":\"Beauty Shop\",\"potentialAction\":[{\"@type\":\"SearchAction\",\"target\":{\"@type\":\"EntryPoint\",\"urlTemplate\":\"https:\/\/idakorea.ee\/?s={search_term_string}\"},\"query-input\":{\"@type\":\"PropertyValueSpecification\",\"valueRequired\":true,\"valueName\":\"search_term_string\"}}],\"inLanguage\":\"en-US\"},{\"@type\":\"Organization\",\"@id\":\"https:\/\/idakorea.ee\/#organization\",\"name\":\"IDA.KOREA\",\"url\":\"https:\/\/idakorea.ee\/\",\"logo\":{\"@type\":\"ImageObject\",\"inLanguage\":\"en-US\",\"@id\":\"https:\/\/idakorea.ee\/#\/schema\/logo\/image\/\",\"url\":\"https:\/\/idakorea.ee\/wp-content\/uploads\/2024\/05\/cropped-korea3.png\",\"contentUrl\":\"https:\/\/idakorea.ee\/wp-content\/uploads\/2024\/05\/cropped-korea3.png\",\"width\":688,\"height\":126,\"caption\":\"IDA.KOREA\"},\"image\":{\"@id\":\"https:\/\/idakorea.ee\/#\/schema\/logo\/image\/\"},\"sameAs\":[\"https:\/\/www.instagram.com\/ida.korea\/\"]}]}<\/script>\n<!-- \/ Yoast SEO plugin. -->","yoast_head_json":{"title":"Moisturising Night Mask with Diamond Powder and Hyaluronic Acid SNP Diamond Water Sleeping Pack, 4ml - IDA.KOREA","description":"Moisturising Night Mask with Diamond Powder and Hyaluronic Acid SNP Diamond Water Sleeping Pack intensively moisturises the skin, helping to retain moisture in the cells. It protects the skin from water loss, smoothes fine wrinkles, increases skin elasticity and leaves it smooth and silky.","robots":{"index":"index","follow":"follow","max-snippet":"max-snippet:-1","max-image-preview":"max-image-preview:large","max-video-preview":"max-video-preview:-1"},"canonical":"https:\/\/idakorea.ee\/en\/product\/niisutav-oomask-teemantpuudri-ja-hualuroonhappega-snp-diamond-water-sleeping-pack-4ml\/","og_locale":"en_US","og_type":"article","og_title":"Niisutav \u00f6\u00f6mask teemantpuudri ja h\u00fcaluroonhappega SNP Diamond Water Sleeping Pack, 4ml - IDA.KOREA","og_description":"Niisutav \u00f6\u00f6mask teemantpuudri ja h\u00fcaluroonhappega SNP Diamond Water Sleeping Pack niisutab intensiivselt nahka, aidates s\u00e4ilitada niiskust rakkudes. Kaitseb nahka veekaotuse eest, silub peeneid kortse, suurendab naha elastsust ja muudab selle siledaks ja siidiseks.","og_url":"https:\/\/idakorea.ee\/en\/product\/niisutav-oomask-teemantpuudri-ja-hualuroonhappega-snp-diamond-water-sleeping-pack-4ml\/","og_site_name":"IDA.KOREA","article_modified_time":"2026-04-06T13:50:59+00:00","og_image":[{"width":550,"height":565,"url":"https:\/\/idakorea.ee\/wp-content\/uploads\/2024\/10\/snp-diamond-1.jpg","type":"image\/jpeg"}],"twitter_card":"summary_large_image","twitter_misc":{"Est. reading time":"2 minutes"},"schema":{"@context":"https:\/\/schema.org","@graph":[{"@type":"WebPage","@id":"https:\/\/idakorea.ee\/product\/niisutav-oomask-teemantpuudri-ja-hualuroonhappega-snp-diamond-water-sleeping-pack-4ml\/","url":"https:\/\/idakorea.ee\/product\/niisutav-oomask-teemantpuudri-ja-hualuroonhappega-snp-diamond-water-sleeping-pack-4ml\/","name":"Moisturising Night Mask with Diamond Powder and Hyaluronic Acid SNP Diamond Water Sleeping Pack, 4ml - IDA.KOREA","isPartOf":{"@id":"https:\/\/idakorea.ee\/#website"},"primaryImageOfPage":{"@id":"https:\/\/idakorea.ee\/product\/niisutav-oomask-teemantpuudri-ja-hualuroonhappega-snp-diamond-water-sleeping-pack-4ml\/#primaryimage"},"image":{"@id":"https:\/\/idakorea.ee\/product\/niisutav-oomask-teemantpuudri-ja-hualuroonhappega-snp-diamond-water-sleeping-pack-4ml\/#primaryimage"},"thumbnailUrl":"https:\/\/idakorea.ee\/wp-content\/uploads\/2024\/10\/snp-diamond-1.jpg","datePublished":"2024-10-19T07:11:27+00:00","dateModified":"2026-04-06T13:50:59+00:00","description":"Moisturising Night Mask with Diamond Powder and Hyaluronic Acid SNP Diamond Water Sleeping Pack intensively moisturises the skin, helping to retain moisture in the cells. It protects the skin from water loss, smoothes fine wrinkles, increases skin elasticity and leaves it smooth and silky.","breadcrumb":{"@id":"https:\/\/idakorea.ee\/product\/niisutav-oomask-teemantpuudri-ja-hualuroonhappega-snp-diamond-water-sleeping-pack-4ml\/#breadcrumb"},"inLanguage":"en-US","potentialAction":[{"@type":"ReadAction","target":["https:\/\/idakorea.ee\/product\/niisutav-oomask-teemantpuudri-ja-hualuroonhappega-snp-diamond-water-sleeping-pack-4ml\/"]}]},{"@type":"ImageObject","inLanguage":"en-US","@id":"https:\/\/idakorea.ee\/product\/niisutav-oomask-teemantpuudri-ja-hualuroonhappega-snp-diamond-water-sleeping-pack-4ml\/#primaryimage","url":"https:\/\/idakorea.ee\/wp-content\/uploads\/2024\/10\/snp-diamond-1.jpg","contentUrl":"https:\/\/idakorea.ee\/wp-content\/uploads\/2024\/10\/snp-diamond-1.jpg","width":550,"height":565},{"@type":"BreadcrumbList","@id":"https:\/\/idakorea.ee\/product\/niisutav-oomask-teemantpuudri-ja-hualuroonhappega-snp-diamond-water-sleeping-pack-4ml\/#breadcrumb","itemListElement":[{"@type":"ListItem","position":1,"name":"\u0413\u043b\u0430\u0432\u043d\u0430\u044f \u0441\u0442\u0440\u0430\u043d\u0438\u0446\u0430","item":"https:\/\/idakorea.ee\/"},{"@type":"ListItem","position":2,"name":"Shop","item":"https:\/\/idakorea.ee\/shop-2\/"},{"@type":"ListItem","position":3,"name":"Niisutav \u00f6\u00f6mask teemantpuudri ja h\u00fcaluroonhappega SNP Diamond Water Sleeping Pack, 4ml"}]},{"@type":"WebSite","@id":"https:\/\/idakorea.ee\/#website","url":"https:\/\/idakorea.ee\/","name":"IDA.KOREA","description":"Korean cosmetics e-shop","publisher":{"@id":"https:\/\/idakorea.ee\/#organization"},"alternateName":"Beauty Shop","potentialAction":[{"@type":"SearchAction","target":{"@type":"EntryPoint","urlTemplate":"https:\/\/idakorea.ee\/?s={search_term_string}"},"query-input":{"@type":"PropertyValueSpecification","valueRequired":true,"valueName":"search_term_string"}}],"inLanguage":"en-US"},{"@type":"Organization","@id":"https:\/\/idakorea.ee\/#organization","name":"IDA.KOREA","url":"https:\/\/idakorea.ee\/","logo":{"@type":"ImageObject","inLanguage":"en-US","@id":"https:\/\/idakorea.ee\/#\/schema\/logo\/image\/","url":"https:\/\/idakorea.ee\/wp-content\/uploads\/2024\/05\/cropped-korea3.png","contentUrl":"https:\/\/idakorea.ee\/wp-content\/uploads\/2024\/05\/cropped-korea3.png","width":688,"height":126,"caption":"IDA.KOREA"},"image":{"@id":"https:\/\/idakorea.ee\/#\/schema\/logo\/image\/"},"sameAs":["https:\/\/www.instagram.com\/ida.korea\/"]}]}},"jetpack_sharing_enabled":true,"brands":[{"id":642,"name":"SNP","slug":"snp"}],"_links":{"self":[{"href":"https:\/\/idakorea.ee\/en\/wp-json\/wp\/v2\/product\/10932","targetHints":{"allow":["GET"]}}],"collection":[{"href":"https:\/\/idakorea.ee\/en\/wp-json\/wp\/v2\/product"}],"about":[{"href":"https:\/\/idakorea.ee\/en\/wp-json\/wp\/v2\/types\/product"}],"replies":[{"embeddable":true,"href":"https:\/\/idakorea.ee\/en\/wp-json\/wp\/v2\/comments?post=10932"}],"version-history":[{"count":1,"href":"https:\/\/idakorea.ee\/en\/wp-json\/wp\/v2\/product\/10932\/revisions"}],"predecessor-version":[{"id":10935,"href":"https:\/\/idakorea.ee\/en\/wp-json\/wp\/v2\/product\/10932\/revisions\/10935"}],"wp:featuredmedia":[{"embeddable":true,"href":"https:\/\/idakorea.ee\/en\/wp-json\/wp\/v2\/media\/10936"}],"wp:attachment":[{"href":"https:\/\/idakorea.ee\/en\/wp-json\/wp\/v2\/media?parent=10932"}],"wp:term":[{"taxonomy":"pwb-brand","embeddable":true,"href":"https:\/\/idakorea.ee\/en\/wp-json\/wp\/v2\/pwb-brand?post=10932"},{"taxonomy":"product_brand","embeddable":true,"href":"https:\/\/idakorea.ee\/en\/wp-json\/wp\/v2\/product_brand?post=10932"},{"taxonomy":"product_cat","embeddable":true,"href":"https:\/\/idakorea.ee\/en\/wp-json\/wp\/v2\/product_cat?post=10932"},{"taxonomy":"product_tag","embeddable":true,"href":"https:\/\/idakorea.ee\/en\/wp-json\/wp\/v2\/product_tag?post=10932"}],"curies":[{"name":"wp","href":"https:\/\/api.w.org\/{rel}","templated":true}]}}