{"id":10965,"date":"2024-10-20T11:28:24","date_gmt":"2024-10-20T08:28:24","guid":{"rendered":"https:\/\/idakorea.ee\/?post_type=product&#038;p=10965"},"modified":"2026-03-28T16:22:44","modified_gmt":"2026-03-28T14:22:44","slug":"huulemask-laneige-x-t1-limited-edition-sweet-candy-20g","status":"publish","type":"product","link":"https:\/\/idakorea.ee\/en\/product\/huulemask-laneige-x-t1-limited-edition-sweet-candy-20g\/","title":{"rendered":"Lip mask Laneige x T1 Limited Edition Sweet Candy, 20g"},"content":{"rendered":"<p><strong>Laneige Lip Sleeping Mask<\/strong>\u00a0Instantly restores the smoothness and softness of the lips, intensively moisturizes, preventing dryness and flaking.<\/p>\n<p>The mask has a delicate, gel-like consistency and a wonderful fruity berry fragrance that leaves no stickiness or discomfort.<\/p>\n<p>This express restores overnight the beauty, elasticity and softness of the lips, giving them silkiness and lusciousness. The mask contains Berry Mix Complex\u2122: berry extract, rich in vitamin C and with antioxidant properties, quickly restores the smoothness and elasticity of the lips.<\/p>\n<p><strong>Usage:<\/strong>\u00a0Apply a small amount of the mask to lips before going to bed, do not rinse. In the morning, gently wipe lips with a dry cotton pad.<\/p>","protected":false},"excerpt":{"rendered":"<p>Laneige Lip Sleeping Mask instantly restores the smoothness and softness of lips, intensively moisturizes, preventing dryness and flaking. The mask has a delicate, gel-like consistency and a wonderful fruity berry fragrance, leaving no stickiness or discomfort. This express restores the beauty, elasticity and softness of the lips overnight, giving them silkiness and lushness. The mask contains Berry Mix Complex \u2122: a berry extract rich in...<\/p>","protected":false},"featured_media":10966,"comment_status":"open","ping_status":"closed","template":"","meta":{"_uf_show_specific_survey":0,"_uf_disable_surveys":false,"_bst_post_transparent":"default","_bst_post_title":"","_bst_post_layout":"default","_bst_post_sidebar_id":"","_bst_post_content_style":"default","_bst_post_vertical_padding":"default","_bst_post_feature":"","_bst_post_feature_position":"","_bst_post_header":false,"_bst_post_footer":false},"pwb-brand":[477],"product_brand":[],"product_cat":[368,99],"product_tag":[654,497,653],"class_list":{"0":"post-10965","1":"product","2":"type-product","3":"status-publish","4":"has-post-thumbnail","6":"pwb-brand-laneige","7":"product_cat-huulepalsamid-ja-hooldus","8":"product_cat-silmad-ja-huuled-2","9":"product_tag-gummy-bear","10":"product_tag-laneige","11":"product_tag-limited-edition","13":"first","14":"instock","15":"sale","16":"shipping-taxable","17":"purchasable","18":"product-type-simple","19":"entry","20":"content-bg","21":"loop-entry"},"supplier_id":null,"supplier_sku":"","barcode":null,"atum_controlled":true,"out_stock_date":null,"out_stock_threshold":null,"inheritable":false,"inbound_stock":0,"stock_on_hold":0,"sold_today":0,"sales_last_days":0,"out_stock_days":0,"lost_sales":0,"has_location":false,"update_date":"2026-04-14T00:05:10","atum_locations":[],"atum_stock_status":"instock","restock_status":false,"low_stock_amount":"","sales_update_date":"2026-04-14T00:05:10","calc_backorders":null,"yoast_head":"<!-- This site is optimized with the Yoast SEO plugin v27.2 - https:\/\/yoast.com\/product\/yoast-seo-wordpress\/ -->\n<title>Huulemask Laneige x T1 Limited Edition Sweet Candy, 20g - IDA.KOREA<\/title>\n<meta name=\"description\" content=\"Laneige Lip Sleeping Mask\u00a0taastab hetkega huulte sileduse ja pehmuse, niisutab intensiivselt, ennetades kuivust ja ketendust.Maskil on \u00f5rn, \u017eeleetaoline konsistents ja imeline puuvilja-marja aroom, see ei j\u00e4ta kleepuvat tunnet ega ebamugavust.\" \/>\n<meta name=\"robots\" content=\"index, follow, max-snippet:-1, max-image-preview:large, max-video-preview:-1\" \/>\n<link rel=\"canonical\" href=\"https:\/\/idakorea.ee\/en\/product\/huulemask-laneige-x-t1-limited-edition-sweet-candy-20g\/\" \/>\n<meta property=\"og:locale\" content=\"en_US\" \/>\n<meta property=\"og:type\" content=\"article\" \/>\n<meta property=\"og:title\" content=\"Huulemask Laneige x T1 Limited Edition Sweet Candy, 20g - IDA.KOREA\" \/>\n<meta property=\"og:description\" content=\"Laneige Lip Sleeping Mask\u00a0taastab hetkega huulte sileduse ja pehmuse, niisutab intensiivselt, ennetades kuivust ja ketendust.Maskil on \u00f5rn, \u017eeleetaoline konsistents ja imeline puuvilja-marja aroom, see ei j\u00e4ta kleepuvat tunnet ega ebamugavust.\" \/>\n<meta property=\"og:url\" content=\"https:\/\/idakorea.ee\/en\/product\/huulemask-laneige-x-t1-limited-edition-sweet-candy-20g\/\" \/>\n<meta property=\"og:site_name\" content=\"IDA.KOREA\" \/>\n<meta property=\"article:modified_time\" content=\"2026-03-28T14:22:44+00:00\" \/>\n<meta property=\"og:image\" content=\"https:\/\/idakorea.ee\/wp-content\/uploads\/2024\/10\/swee.jpg\" \/>\n\t<meta property=\"og:image:width\" content=\"1000\" \/>\n\t<meta property=\"og:image:height\" content=\"1000\" \/>\n\t<meta property=\"og:image:type\" content=\"image\/jpeg\" \/>\n<meta name=\"twitter:card\" content=\"summary_large_image\" \/>\n<meta name=\"twitter:label1\" content=\"Est. reading time\" \/>\n\t<meta name=\"twitter:data1\" content=\"1 minute\" \/>\n<script type=\"application\/ld+json\" class=\"yoast-schema-graph\">{\"@context\":\"https:\/\/schema.org\",\"@graph\":[{\"@type\":\"WebPage\",\"@id\":\"https:\/\/idakorea.ee\/product\/huulemask-laneige-x-t1-limited-edition-sweet-candy-20g\/\",\"url\":\"https:\/\/idakorea.ee\/product\/huulemask-laneige-x-t1-limited-edition-sweet-candy-20g\/\",\"name\":\"Huulemask Laneige x T1 Limited Edition Sweet Candy, 20g - IDA.KOREA\",\"isPartOf\":{\"@id\":\"https:\/\/idakorea.ee\/#website\"},\"primaryImageOfPage\":{\"@id\":\"https:\/\/idakorea.ee\/product\/huulemask-laneige-x-t1-limited-edition-sweet-candy-20g\/#primaryimage\"},\"image\":{\"@id\":\"https:\/\/idakorea.ee\/product\/huulemask-laneige-x-t1-limited-edition-sweet-candy-20g\/#primaryimage\"},\"thumbnailUrl\":\"https:\/\/idakorea.ee\/wp-content\/uploads\/2024\/10\/swee.jpg\",\"datePublished\":\"2024-10-20T08:28:24+00:00\",\"dateModified\":\"2026-03-28T14:22:44+00:00\",\"description\":\"Laneige Lip Sleeping Mask\u00a0taastab hetkega huulte sileduse ja pehmuse, niisutab intensiivselt, ennetades kuivust ja ketendust.Maskil on \u00f5rn, \u017eeleetaoline konsistents ja imeline puuvilja-marja aroom, see ei j\u00e4ta kleepuvat tunnet ega ebamugavust.\",\"breadcrumb\":{\"@id\":\"https:\/\/idakorea.ee\/product\/huulemask-laneige-x-t1-limited-edition-sweet-candy-20g\/#breadcrumb\"},\"inLanguage\":\"en-US\",\"potentialAction\":[{\"@type\":\"ReadAction\",\"target\":[\"https:\/\/idakorea.ee\/product\/huulemask-laneige-x-t1-limited-edition-sweet-candy-20g\/\"]}]},{\"@type\":\"ImageObject\",\"inLanguage\":\"en-US\",\"@id\":\"https:\/\/idakorea.ee\/product\/huulemask-laneige-x-t1-limited-edition-sweet-candy-20g\/#primaryimage\",\"url\":\"https:\/\/idakorea.ee\/wp-content\/uploads\/2024\/10\/swee.jpg\",\"contentUrl\":\"https:\/\/idakorea.ee\/wp-content\/uploads\/2024\/10\/swee.jpg\",\"width\":1000,\"height\":1000,\"caption\":\"laneige sweet candy\"},{\"@type\":\"BreadcrumbList\",\"@id\":\"https:\/\/idakorea.ee\/product\/huulemask-laneige-x-t1-limited-edition-sweet-candy-20g\/#breadcrumb\",\"itemListElement\":[{\"@type\":\"ListItem\",\"position\":1,\"name\":\"\u0413\u043b\u0430\u0432\u043d\u0430\u044f \u0441\u0442\u0440\u0430\u043d\u0438\u0446\u0430\",\"item\":\"https:\/\/idakorea.ee\/\"},{\"@type\":\"ListItem\",\"position\":2,\"name\":\"Shop\",\"item\":\"https:\/\/idakorea.ee\/shop-2\/\"},{\"@type\":\"ListItem\",\"position\":3,\"name\":\"Huulemask Laneige x T1 Limited Edition Sweet Candy, 20g\"}]},{\"@type\":\"WebSite\",\"@id\":\"https:\/\/idakorea.ee\/#website\",\"url\":\"https:\/\/idakorea.ee\/\",\"name\":\"IDA.KOREA\",\"description\":\"Korea kosmeetika e-pood\",\"publisher\":{\"@id\":\"https:\/\/idakorea.ee\/#organization\"},\"alternateName\":\"Beauty Shop\",\"potentialAction\":[{\"@type\":\"SearchAction\",\"target\":{\"@type\":\"EntryPoint\",\"urlTemplate\":\"https:\/\/idakorea.ee\/?s={search_term_string}\"},\"query-input\":{\"@type\":\"PropertyValueSpecification\",\"valueRequired\":true,\"valueName\":\"search_term_string\"}}],\"inLanguage\":\"en-US\"},{\"@type\":\"Organization\",\"@id\":\"https:\/\/idakorea.ee\/#organization\",\"name\":\"IDA.KOREA\",\"url\":\"https:\/\/idakorea.ee\/\",\"logo\":{\"@type\":\"ImageObject\",\"inLanguage\":\"en-US\",\"@id\":\"https:\/\/idakorea.ee\/#\/schema\/logo\/image\/\",\"url\":\"https:\/\/idakorea.ee\/wp-content\/uploads\/2024\/05\/cropped-korea3.png\",\"contentUrl\":\"https:\/\/idakorea.ee\/wp-content\/uploads\/2024\/05\/cropped-korea3.png\",\"width\":688,\"height\":126,\"caption\":\"IDA.KOREA\"},\"image\":{\"@id\":\"https:\/\/idakorea.ee\/#\/schema\/logo\/image\/\"},\"sameAs\":[\"https:\/\/www.instagram.com\/ida.korea\/\"]}]}<\/script>\n<!-- \/ Yoast SEO plugin. -->","yoast_head_json":{"title":"Lip mask Laneige x T1 Limited Edition Sweet Candy, 20g - IDA.KOREA","description":"Laneige Lip Sleeping Mask instantly restores the smoothness and softness of the lips, intensively moisturizes, preventing dryness and flaking.The mask has a delicate, gel-like consistency and a wonderful fruity berry fragrance, leaving no stickiness or discomfort.","robots":{"index":"index","follow":"follow","max-snippet":"max-snippet:-1","max-image-preview":"max-image-preview:large","max-video-preview":"max-video-preview:-1"},"canonical":"https:\/\/idakorea.ee\/en\/product\/huulemask-laneige-x-t1-limited-edition-sweet-candy-20g\/","og_locale":"en_US","og_type":"article","og_title":"Huulemask Laneige x T1 Limited Edition Sweet Candy, 20g - IDA.KOREA","og_description":"Laneige Lip Sleeping Mask\u00a0taastab hetkega huulte sileduse ja pehmuse, niisutab intensiivselt, ennetades kuivust ja ketendust.Maskil on \u00f5rn, \u017eeleetaoline konsistents ja imeline puuvilja-marja aroom, see ei j\u00e4ta kleepuvat tunnet ega ebamugavust.","og_url":"https:\/\/idakorea.ee\/en\/product\/huulemask-laneige-x-t1-limited-edition-sweet-candy-20g\/","og_site_name":"IDA.KOREA","article_modified_time":"2026-03-28T14:22:44+00:00","og_image":[{"width":1000,"height":1000,"url":"https:\/\/idakorea.ee\/wp-content\/uploads\/2024\/10\/swee.jpg","type":"image\/jpeg"}],"twitter_card":"summary_large_image","twitter_misc":{"Est. reading time":"1 minute"},"schema":{"@context":"https:\/\/schema.org","@graph":[{"@type":"WebPage","@id":"https:\/\/idakorea.ee\/product\/huulemask-laneige-x-t1-limited-edition-sweet-candy-20g\/","url":"https:\/\/idakorea.ee\/product\/huulemask-laneige-x-t1-limited-edition-sweet-candy-20g\/","name":"Lip mask Laneige x T1 Limited Edition Sweet Candy, 20g - IDA.KOREA","isPartOf":{"@id":"https:\/\/idakorea.ee\/#website"},"primaryImageOfPage":{"@id":"https:\/\/idakorea.ee\/product\/huulemask-laneige-x-t1-limited-edition-sweet-candy-20g\/#primaryimage"},"image":{"@id":"https:\/\/idakorea.ee\/product\/huulemask-laneige-x-t1-limited-edition-sweet-candy-20g\/#primaryimage"},"thumbnailUrl":"https:\/\/idakorea.ee\/wp-content\/uploads\/2024\/10\/swee.jpg","datePublished":"2024-10-20T08:28:24+00:00","dateModified":"2026-03-28T14:22:44+00:00","description":"Laneige Lip Sleeping Mask instantly restores the smoothness and softness of the lips, intensively moisturizes, preventing dryness and flaking.The mask has a delicate, gel-like consistency and a wonderful fruity berry fragrance, leaving no stickiness or discomfort.","breadcrumb":{"@id":"https:\/\/idakorea.ee\/product\/huulemask-laneige-x-t1-limited-edition-sweet-candy-20g\/#breadcrumb"},"inLanguage":"en-US","potentialAction":[{"@type":"ReadAction","target":["https:\/\/idakorea.ee\/product\/huulemask-laneige-x-t1-limited-edition-sweet-candy-20g\/"]}]},{"@type":"ImageObject","inLanguage":"en-US","@id":"https:\/\/idakorea.ee\/product\/huulemask-laneige-x-t1-limited-edition-sweet-candy-20g\/#primaryimage","url":"https:\/\/idakorea.ee\/wp-content\/uploads\/2024\/10\/swee.jpg","contentUrl":"https:\/\/idakorea.ee\/wp-content\/uploads\/2024\/10\/swee.jpg","width":1000,"height":1000,"caption":"laneige sweet candy"},{"@type":"BreadcrumbList","@id":"https:\/\/idakorea.ee\/product\/huulemask-laneige-x-t1-limited-edition-sweet-candy-20g\/#breadcrumb","itemListElement":[{"@type":"ListItem","position":1,"name":"\u0413\u043b\u0430\u0432\u043d\u0430\u044f \u0441\u0442\u0440\u0430\u043d\u0438\u0446\u0430","item":"https:\/\/idakorea.ee\/"},{"@type":"ListItem","position":2,"name":"Shop","item":"https:\/\/idakorea.ee\/shop-2\/"},{"@type":"ListItem","position":3,"name":"Huulemask Laneige x T1 Limited Edition Sweet Candy, 20g"}]},{"@type":"WebSite","@id":"https:\/\/idakorea.ee\/#website","url":"https:\/\/idakorea.ee\/","name":"IDA.KOREA","description":"Korean cosmetics e-shop","publisher":{"@id":"https:\/\/idakorea.ee\/#organization"},"alternateName":"Beauty Shop","potentialAction":[{"@type":"SearchAction","target":{"@type":"EntryPoint","urlTemplate":"https:\/\/idakorea.ee\/?s={search_term_string}"},"query-input":{"@type":"PropertyValueSpecification","valueRequired":true,"valueName":"search_term_string"}}],"inLanguage":"en-US"},{"@type":"Organization","@id":"https:\/\/idakorea.ee\/#organization","name":"IDA.KOREA","url":"https:\/\/idakorea.ee\/","logo":{"@type":"ImageObject","inLanguage":"en-US","@id":"https:\/\/idakorea.ee\/#\/schema\/logo\/image\/","url":"https:\/\/idakorea.ee\/wp-content\/uploads\/2024\/05\/cropped-korea3.png","contentUrl":"https:\/\/idakorea.ee\/wp-content\/uploads\/2024\/05\/cropped-korea3.png","width":688,"height":126,"caption":"IDA.KOREA"},"image":{"@id":"https:\/\/idakorea.ee\/#\/schema\/logo\/image\/"},"sameAs":["https:\/\/www.instagram.com\/ida.korea\/"]}]}},"jetpack_sharing_enabled":true,"brands":[{"id":477,"name":"LANEIGE","slug":"laneige"}],"_links":{"self":[{"href":"https:\/\/idakorea.ee\/en\/wp-json\/wp\/v2\/product\/10965","targetHints":{"allow":["GET"]}}],"collection":[{"href":"https:\/\/idakorea.ee\/en\/wp-json\/wp\/v2\/product"}],"about":[{"href":"https:\/\/idakorea.ee\/en\/wp-json\/wp\/v2\/types\/product"}],"replies":[{"embeddable":true,"href":"https:\/\/idakorea.ee\/en\/wp-json\/wp\/v2\/comments?post=10965"}],"version-history":[{"count":1,"href":"https:\/\/idakorea.ee\/en\/wp-json\/wp\/v2\/product\/10965\/revisions"}],"predecessor-version":[{"id":10968,"href":"https:\/\/idakorea.ee\/en\/wp-json\/wp\/v2\/product\/10965\/revisions\/10968"}],"wp:featuredmedia":[{"embeddable":true,"href":"https:\/\/idakorea.ee\/en\/wp-json\/wp\/v2\/media\/10966"}],"wp:attachment":[{"href":"https:\/\/idakorea.ee\/en\/wp-json\/wp\/v2\/media?parent=10965"}],"wp:term":[{"taxonomy":"pwb-brand","embeddable":true,"href":"https:\/\/idakorea.ee\/en\/wp-json\/wp\/v2\/pwb-brand?post=10965"},{"taxonomy":"product_brand","embeddable":true,"href":"https:\/\/idakorea.ee\/en\/wp-json\/wp\/v2\/product_brand?post=10965"},{"taxonomy":"product_cat","embeddable":true,"href":"https:\/\/idakorea.ee\/en\/wp-json\/wp\/v2\/product_cat?post=10965"},{"taxonomy":"product_tag","embeddable":true,"href":"https:\/\/idakorea.ee\/en\/wp-json\/wp\/v2\/product_tag?post=10965"}],"curies":[{"name":"wp","href":"https:\/\/api.w.org\/{rel}","templated":true}]}}