{"id":10987,"date":"2024-10-23T11:36:41","date_gmt":"2024-10-23T08:36:41","guid":{"rendered":"https:\/\/idakorea.ee\/?post_type=product&#038;p=10987"},"modified":"2026-01-30T16:03:25","modified_gmt":"2026-01-30T14:03:25","slug":"naotoonik-dr-g-r-e-d-blemish-clear-soothing-toner-200ml","status":"publish","type":"product","link":"https:\/\/idakorea.ee\/en\/product\/naotoonik-dr-g-r-e-d-blemish-clear-soothing-toner-200ml\/","title":{"rendered":"Face Toner Dr.G R.E.D Blemish Clear Soothing Toner, 200ml"},"content":{"rendered":"<p>Non-alcoholic toner for problem skin with 5 different centella types <strong>Dr.G R.E.D Blemish Clear Soothing Toner<\/strong> soothes irritated and damaged skin, preparing it for the subsequent moisturising steps. The toner has a gentle exfoliating action that carefully cleanses away dead skin cells, stimulates skin renewal and regeneration, improves circulation and metabolism.<\/p>\n<p>The toner regulates sebum production, removes oily shine and reduces inflammatory processes. It also has a positive effect on acne-prone skin.<\/p>\n<p>The patented Soft Peel Complex\u2122 of AHA and BHA acids gently exfoliates the skin, removing hardened cells and stimulating epidermal renewal, improving skin texture.<\/p>\n<p>The toner's light, watery texture is instantly absorbed and leaves no sensation on the skin. As the toner does not contain alcohol, it does not dry or tighten the skin, maintaining an optimal hydrolipidic balance.<\/p>\n<p><strong>Main active ingredients:<\/strong><br \/>\n<strong>- Soft Peel Complex\u2122<\/strong> the acid complex gently cleanses the epidermis's upper layer, removes hardened particles, accelerates the renewal process, improves blood circulation in the cells, smoothes the skin and stimulates collagen production.<br \/>\n<strong>- 5 different species of centella asiatica<\/strong> complex provides a comprehensive treatment, increases skin elasticity and firmness, moisturizes dermis cells. Creates a protective barrier to protect the skin from the damaging effects of stress, UV rays and pollution.<br \/>\n<strong>- Aloe vera extract<\/strong> has an anti-inflammatory and soothing effect, relieving redness and irritation. It actively moisturises the skin, enriching it with organic acids, oils and vitamins.<br \/>\n<strong>- ceramides<\/strong> strengthen skin cells and increase their protective functions, prevent moisture loss and promote long-term hydration while maintaining an optimal hydrolipidic balance.<br \/>\n<strong>- niacinamide<\/strong> is a powerful antioxidant that restores the skin's protective barrier, stimulates cell renewal, normalises melanin production and reduces hyperpigmentation.<br \/>\n<strong>- beta-glucan<\/strong> activates the production of fibroblasts, which restore and strengthen the connective tissues and structure of the skin, stimulates collagen production and ensures optimal hydration by retaining moisture in the cells.<br \/>\n<strong>- Portulaca extract<\/strong> tones and promotes wound healing by stimulating epidermal tissue regeneration.<\/p>\n<p>&nbsp;<\/p>\n<p>Suitable for problem skin.<\/p>\n<p><strong>Instructions for use:<\/strong> After the cleansing step, dampen the cotton pad with toner and gently wipe your face. Pat the residue into the skin until the product is fully absorbed. Suitable for both morning and evening use. The toner can also be used as a topical mask: dampen the pad thoroughly with the product, apply to problem areas and leave on for 10-15 minutes.<\/p>","protected":false},"excerpt":{"rendered":"<p>Alcohol-free toner for problem skin with 5 different types of centella Dr.G R.E.D Blemish Clear Soothing Toner soothes irritated and damaged skin, preparing it for the following moisturizing steps. The toner has a gentle exfoliating action that carefully cleanses away dead skin cells, stimulates skin renewal and regeneration, improves circulation and metabolism. Toner regulates oil secretion, removes oily shine and reduces inflammatory processes. It acts...<\/p>","protected":false},"featured_media":10988,"comment_status":"open","ping_status":"closed","template":"","meta":{"_uf_show_specific_survey":0,"_uf_disable_surveys":false,"_bst_post_transparent":"default","_bst_post_title":"","_bst_post_layout":"default","_bst_post_sidebar_id":"","_bst_post_content_style":"default","_bst_post_vertical_padding":"default","_bst_post_feature":"","_bst_post_feature_position":"","_bst_post_header":false,"_bst_post_footer":false},"pwb-brand":[458],"product_brand":[],"product_cat":[92,158],"product_tag":[568,855,750],"class_list":{"0":"post-10987","1":"product","2":"type-product","3":"status-publish","4":"has-post-thumbnail","6":"pwb-brand-dr-g","7":"product_cat-nagu","8":"product_cat-toonik","9":"product_tag-korea","10":"product_tag-toner","11":"product_tag-tundlik","13":"first","14":"instock","15":"sale","16":"shipping-taxable","17":"purchasable","18":"product-type-simple","19":"entry","20":"content-bg","21":"loop-entry"},"supplier_id":null,"supplier_sku":"","barcode":null,"atum_controlled":true,"out_stock_date":null,"out_stock_threshold":null,"inheritable":false,"inbound_stock":0,"stock_on_hold":0,"sold_today":0,"sales_last_days":0,"out_stock_days":0,"lost_sales":0,"has_location":false,"update_date":"2026-04-14T00:05:03","atum_locations":[],"atum_stock_status":"instock","restock_status":false,"low_stock_amount":"","sales_update_date":"2026-04-14T00:05:03","calc_backorders":null,"yoast_head":"<!-- This site is optimized with the Yoast SEO plugin v27.2 - https:\/\/yoast.com\/product\/yoast-seo-wordpress\/ -->\n<title>N\u00e4otoonik Dr.G R.E.D Blemish Clear Soothing Toner, 200ml - IDA.KOREA<\/title>\n<meta name=\"description\" content=\"Alkoholivaba toonik probleemsele nahale 5 erineva centella liigiga Dr.G R.E.D Blemish Clear Soothing Toner rahustab \u00e4rritunud ja kahjustatud nahka, valmistades seda ette j\u00e4rgnevateks niisutusetappideks. Toonikul on \u00f5rn kooriv toime, mis puhastab hoolikalt surnud naharakud, stimuleerib naha uuenemist ja taastumist, parandab vereringet ja ainevahetusprotsesse.\" \/>\n<meta name=\"robots\" content=\"index, follow, max-snippet:-1, max-image-preview:large, max-video-preview:-1\" \/>\n<link rel=\"canonical\" href=\"https:\/\/idakorea.ee\/en\/product\/naotoonik-dr-g-r-e-d-blemish-clear-soothing-toner-200ml\/\" \/>\n<meta property=\"og:locale\" content=\"en_US\" \/>\n<meta property=\"og:type\" content=\"article\" \/>\n<meta property=\"og:title\" content=\"N\u00e4otoonik Dr.G R.E.D Blemish Clear Soothing Toner, 200ml - IDA.KOREA\" \/>\n<meta property=\"og:description\" content=\"Alkoholivaba toonik probleemsele nahale 5 erineva centella liigiga Dr.G R.E.D Blemish Clear Soothing Toner rahustab \u00e4rritunud ja kahjustatud nahka, valmistades seda ette j\u00e4rgnevateks niisutusetappideks. Toonikul on \u00f5rn kooriv toime, mis puhastab hoolikalt surnud naharakud, stimuleerib naha uuenemist ja taastumist, parandab vereringet ja ainevahetusprotsesse.\" \/>\n<meta property=\"og:url\" content=\"https:\/\/idakorea.ee\/en\/product\/naotoonik-dr-g-r-e-d-blemish-clear-soothing-toner-200ml\/\" \/>\n<meta property=\"og:site_name\" content=\"IDA.KOREA\" \/>\n<meta property=\"article:modified_time\" content=\"2026-01-30T14:03:25+00:00\" \/>\n<meta property=\"og:image\" content=\"https:\/\/idakorea.ee\/wp-content\/uploads\/2024\/10\/dr.g-r.e.d-blemish-clear-soothing-toner.jpg\" \/>\n\t<meta property=\"og:image:width\" content=\"1000\" \/>\n\t<meta property=\"og:image:height\" content=\"1000\" \/>\n\t<meta property=\"og:image:type\" content=\"image\/jpeg\" \/>\n<meta name=\"twitter:card\" content=\"summary_large_image\" \/>\n<meta name=\"twitter:label1\" content=\"Est. reading time\" \/>\n\t<meta name=\"twitter:data1\" content=\"2 minutes\" \/>\n<script type=\"application\/ld+json\" class=\"yoast-schema-graph\">{\"@context\":\"https:\/\/schema.org\",\"@graph\":[{\"@type\":\"WebPage\",\"@id\":\"https:\/\/idakorea.ee\/product\/naotoonik-dr-g-r-e-d-blemish-clear-soothing-toner-200ml\/\",\"url\":\"https:\/\/idakorea.ee\/product\/naotoonik-dr-g-r-e-d-blemish-clear-soothing-toner-200ml\/\",\"name\":\"N\u00e4otoonik Dr.G R.E.D Blemish Clear Soothing Toner, 200ml - IDA.KOREA\",\"isPartOf\":{\"@id\":\"https:\/\/idakorea.ee\/#website\"},\"primaryImageOfPage\":{\"@id\":\"https:\/\/idakorea.ee\/product\/naotoonik-dr-g-r-e-d-blemish-clear-soothing-toner-200ml\/#primaryimage\"},\"image\":{\"@id\":\"https:\/\/idakorea.ee\/product\/naotoonik-dr-g-r-e-d-blemish-clear-soothing-toner-200ml\/#primaryimage\"},\"thumbnailUrl\":\"https:\/\/idakorea.ee\/wp-content\/uploads\/2024\/10\/dr.g-r.e.d-blemish-clear-soothing-toner.jpg\",\"datePublished\":\"2024-10-23T08:36:41+00:00\",\"dateModified\":\"2026-01-30T14:03:25+00:00\",\"description\":\"Alkoholivaba toonik probleemsele nahale 5 erineva centella liigiga Dr.G R.E.D Blemish Clear Soothing Toner rahustab \u00e4rritunud ja kahjustatud nahka, valmistades seda ette j\u00e4rgnevateks niisutusetappideks. Toonikul on \u00f5rn kooriv toime, mis puhastab hoolikalt surnud naharakud, stimuleerib naha uuenemist ja taastumist, parandab vereringet ja ainevahetusprotsesse.\",\"breadcrumb\":{\"@id\":\"https:\/\/idakorea.ee\/product\/naotoonik-dr-g-r-e-d-blemish-clear-soothing-toner-200ml\/#breadcrumb\"},\"inLanguage\":\"en-US\",\"potentialAction\":[{\"@type\":\"ReadAction\",\"target\":[\"https:\/\/idakorea.ee\/product\/naotoonik-dr-g-r-e-d-blemish-clear-soothing-toner-200ml\/\"]}]},{\"@type\":\"ImageObject\",\"inLanguage\":\"en-US\",\"@id\":\"https:\/\/idakorea.ee\/product\/naotoonik-dr-g-r-e-d-blemish-clear-soothing-toner-200ml\/#primaryimage\",\"url\":\"https:\/\/idakorea.ee\/wp-content\/uploads\/2024\/10\/dr.g-r.e.d-blemish-clear-soothing-toner.jpg\",\"contentUrl\":\"https:\/\/idakorea.ee\/wp-content\/uploads\/2024\/10\/dr.g-r.e.d-blemish-clear-soothing-toner.jpg\",\"width\":1000,\"height\":1000,\"caption\":\"Dr.G-R.E.D-Blemish-Clear-Soothing-Toner\"},{\"@type\":\"BreadcrumbList\",\"@id\":\"https:\/\/idakorea.ee\/product\/naotoonik-dr-g-r-e-d-blemish-clear-soothing-toner-200ml\/#breadcrumb\",\"itemListElement\":[{\"@type\":\"ListItem\",\"position\":1,\"name\":\"\u0413\u043b\u0430\u0432\u043d\u0430\u044f \u0441\u0442\u0440\u0430\u043d\u0438\u0446\u0430\",\"item\":\"https:\/\/idakorea.ee\/\"},{\"@type\":\"ListItem\",\"position\":2,\"name\":\"Shop\",\"item\":\"https:\/\/idakorea.ee\/shop-2\/\"},{\"@type\":\"ListItem\",\"position\":3,\"name\":\"N\u00e4otoonik Dr.G R.E.D Blemish Clear Soothing Toner, 200ml\"}]},{\"@type\":\"WebSite\",\"@id\":\"https:\/\/idakorea.ee\/#website\",\"url\":\"https:\/\/idakorea.ee\/\",\"name\":\"IDA.KOREA\",\"description\":\"Korea kosmeetika e-pood\",\"publisher\":{\"@id\":\"https:\/\/idakorea.ee\/#organization\"},\"alternateName\":\"Beauty Shop\",\"potentialAction\":[{\"@type\":\"SearchAction\",\"target\":{\"@type\":\"EntryPoint\",\"urlTemplate\":\"https:\/\/idakorea.ee\/?s={search_term_string}\"},\"query-input\":{\"@type\":\"PropertyValueSpecification\",\"valueRequired\":true,\"valueName\":\"search_term_string\"}}],\"inLanguage\":\"en-US\"},{\"@type\":\"Organization\",\"@id\":\"https:\/\/idakorea.ee\/#organization\",\"name\":\"IDA.KOREA\",\"url\":\"https:\/\/idakorea.ee\/\",\"logo\":{\"@type\":\"ImageObject\",\"inLanguage\":\"en-US\",\"@id\":\"https:\/\/idakorea.ee\/#\/schema\/logo\/image\/\",\"url\":\"https:\/\/idakorea.ee\/wp-content\/uploads\/2024\/05\/cropped-korea3.png\",\"contentUrl\":\"https:\/\/idakorea.ee\/wp-content\/uploads\/2024\/05\/cropped-korea3.png\",\"width\":688,\"height\":126,\"caption\":\"IDA.KOREA\"},\"image\":{\"@id\":\"https:\/\/idakorea.ee\/#\/schema\/logo\/image\/\"},\"sameAs\":[\"https:\/\/www.instagram.com\/ida.korea\/\"]}]}<\/script>\n<!-- \/ Yoast SEO plugin. -->","yoast_head_json":{"title":"Face Toner Dr.G R.E.D Blemish Clear Soothing Toner, 200ml - IDA.KOREA","description":"Alcohol-free toner for problem skin with 5 different types of centella Dr.G R.E.D Blemish Clear Soothing Toner soothes irritated and damaged skin, preparing it for the following moisturizing steps. The toner has a gentle exfoliating action that carefully cleanses away dead skin cells, stimulates skin renewal and regeneration, improves circulation and metabolism.","robots":{"index":"index","follow":"follow","max-snippet":"max-snippet:-1","max-image-preview":"max-image-preview:large","max-video-preview":"max-video-preview:-1"},"canonical":"https:\/\/idakorea.ee\/en\/product\/naotoonik-dr-g-r-e-d-blemish-clear-soothing-toner-200ml\/","og_locale":"en_US","og_type":"article","og_title":"N\u00e4otoonik Dr.G R.E.D Blemish Clear Soothing Toner, 200ml - IDA.KOREA","og_description":"Alkoholivaba toonik probleemsele nahale 5 erineva centella liigiga Dr.G R.E.D Blemish Clear Soothing Toner rahustab \u00e4rritunud ja kahjustatud nahka, valmistades seda ette j\u00e4rgnevateks niisutusetappideks. Toonikul on \u00f5rn kooriv toime, mis puhastab hoolikalt surnud naharakud, stimuleerib naha uuenemist ja taastumist, parandab vereringet ja ainevahetusprotsesse.","og_url":"https:\/\/idakorea.ee\/en\/product\/naotoonik-dr-g-r-e-d-blemish-clear-soothing-toner-200ml\/","og_site_name":"IDA.KOREA","article_modified_time":"2026-01-30T14:03:25+00:00","og_image":[{"width":1000,"height":1000,"url":"https:\/\/idakorea.ee\/wp-content\/uploads\/2024\/10\/dr.g-r.e.d-blemish-clear-soothing-toner.jpg","type":"image\/jpeg"}],"twitter_card":"summary_large_image","twitter_misc":{"Est. reading time":"2 minutes"},"schema":{"@context":"https:\/\/schema.org","@graph":[{"@type":"WebPage","@id":"https:\/\/idakorea.ee\/product\/naotoonik-dr-g-r-e-d-blemish-clear-soothing-toner-200ml\/","url":"https:\/\/idakorea.ee\/product\/naotoonik-dr-g-r-e-d-blemish-clear-soothing-toner-200ml\/","name":"Face Toner Dr.G R.E.D Blemish Clear Soothing Toner, 200ml - IDA.KOREA","isPartOf":{"@id":"https:\/\/idakorea.ee\/#website"},"primaryImageOfPage":{"@id":"https:\/\/idakorea.ee\/product\/naotoonik-dr-g-r-e-d-blemish-clear-soothing-toner-200ml\/#primaryimage"},"image":{"@id":"https:\/\/idakorea.ee\/product\/naotoonik-dr-g-r-e-d-blemish-clear-soothing-toner-200ml\/#primaryimage"},"thumbnailUrl":"https:\/\/idakorea.ee\/wp-content\/uploads\/2024\/10\/dr.g-r.e.d-blemish-clear-soothing-toner.jpg","datePublished":"2024-10-23T08:36:41+00:00","dateModified":"2026-01-30T14:03:25+00:00","description":"Alcohol-free toner for problem skin with 5 different types of centella Dr.G R.E.D Blemish Clear Soothing Toner soothes irritated and damaged skin, preparing it for the following moisturizing steps. The toner has a gentle exfoliating action that carefully cleanses away dead skin cells, stimulates skin renewal and regeneration, improves circulation and metabolism.","breadcrumb":{"@id":"https:\/\/idakorea.ee\/product\/naotoonik-dr-g-r-e-d-blemish-clear-soothing-toner-200ml\/#breadcrumb"},"inLanguage":"en-US","potentialAction":[{"@type":"ReadAction","target":["https:\/\/idakorea.ee\/product\/naotoonik-dr-g-r-e-d-blemish-clear-soothing-toner-200ml\/"]}]},{"@type":"ImageObject","inLanguage":"en-US","@id":"https:\/\/idakorea.ee\/product\/naotoonik-dr-g-r-e-d-blemish-clear-soothing-toner-200ml\/#primaryimage","url":"https:\/\/idakorea.ee\/wp-content\/uploads\/2024\/10\/dr.g-r.e.d-blemish-clear-soothing-toner.jpg","contentUrl":"https:\/\/idakorea.ee\/wp-content\/uploads\/2024\/10\/dr.g-r.e.d-blemish-clear-soothing-toner.jpg","width":1000,"height":1000,"caption":"Dr.G-R.E.D-Blemish-Clear-Soothing-Toner"},{"@type":"BreadcrumbList","@id":"https:\/\/idakorea.ee\/product\/naotoonik-dr-g-r-e-d-blemish-clear-soothing-toner-200ml\/#breadcrumb","itemListElement":[{"@type":"ListItem","position":1,"name":"\u0413\u043b\u0430\u0432\u043d\u0430\u044f \u0441\u0442\u0440\u0430\u043d\u0438\u0446\u0430","item":"https:\/\/idakorea.ee\/"},{"@type":"ListItem","position":2,"name":"Shop","item":"https:\/\/idakorea.ee\/shop-2\/"},{"@type":"ListItem","position":3,"name":"N\u00e4otoonik Dr.G R.E.D Blemish Clear Soothing Toner, 200ml"}]},{"@type":"WebSite","@id":"https:\/\/idakorea.ee\/#website","url":"https:\/\/idakorea.ee\/","name":"IDA.KOREA","description":"Korean cosmetics e-shop","publisher":{"@id":"https:\/\/idakorea.ee\/#organization"},"alternateName":"Beauty Shop","potentialAction":[{"@type":"SearchAction","target":{"@type":"EntryPoint","urlTemplate":"https:\/\/idakorea.ee\/?s={search_term_string}"},"query-input":{"@type":"PropertyValueSpecification","valueRequired":true,"valueName":"search_term_string"}}],"inLanguage":"en-US"},{"@type":"Organization","@id":"https:\/\/idakorea.ee\/#organization","name":"IDA.KOREA","url":"https:\/\/idakorea.ee\/","logo":{"@type":"ImageObject","inLanguage":"en-US","@id":"https:\/\/idakorea.ee\/#\/schema\/logo\/image\/","url":"https:\/\/idakorea.ee\/wp-content\/uploads\/2024\/05\/cropped-korea3.png","contentUrl":"https:\/\/idakorea.ee\/wp-content\/uploads\/2024\/05\/cropped-korea3.png","width":688,"height":126,"caption":"IDA.KOREA"},"image":{"@id":"https:\/\/idakorea.ee\/#\/schema\/logo\/image\/"},"sameAs":["https:\/\/www.instagram.com\/ida.korea\/"]}]}},"jetpack_sharing_enabled":true,"brands":[{"id":458,"name":"Dr.G","slug":"dr-g"}],"_links":{"self":[{"href":"https:\/\/idakorea.ee\/en\/wp-json\/wp\/v2\/product\/10987","targetHints":{"allow":["GET"]}}],"collection":[{"href":"https:\/\/idakorea.ee\/en\/wp-json\/wp\/v2\/product"}],"about":[{"href":"https:\/\/idakorea.ee\/en\/wp-json\/wp\/v2\/types\/product"}],"replies":[{"embeddable":true,"href":"https:\/\/idakorea.ee\/en\/wp-json\/wp\/v2\/comments?post=10987"}],"version-history":[{"count":1,"href":"https:\/\/idakorea.ee\/en\/wp-json\/wp\/v2\/product\/10987\/revisions"}],"predecessor-version":[{"id":10990,"href":"https:\/\/idakorea.ee\/en\/wp-json\/wp\/v2\/product\/10987\/revisions\/10990"}],"wp:featuredmedia":[{"embeddable":true,"href":"https:\/\/idakorea.ee\/en\/wp-json\/wp\/v2\/media\/10988"}],"wp:attachment":[{"href":"https:\/\/idakorea.ee\/en\/wp-json\/wp\/v2\/media?parent=10987"}],"wp:term":[{"taxonomy":"pwb-brand","embeddable":true,"href":"https:\/\/idakorea.ee\/en\/wp-json\/wp\/v2\/pwb-brand?post=10987"},{"taxonomy":"product_brand","embeddable":true,"href":"https:\/\/idakorea.ee\/en\/wp-json\/wp\/v2\/product_brand?post=10987"},{"taxonomy":"product_cat","embeddable":true,"href":"https:\/\/idakorea.ee\/en\/wp-json\/wp\/v2\/product_cat?post=10987"},{"taxonomy":"product_tag","embeddable":true,"href":"https:\/\/idakorea.ee\/en\/wp-json\/wp\/v2\/product_tag?post=10987"}],"curies":[{"name":"wp","href":"https:\/\/api.w.org\/{rel}","templated":true}]}}