{"id":10992,"date":"2024-10-23T15:04:39","date_gmt":"2024-10-23T12:04:39","guid":{"rendered":"https:\/\/idakorea.ee\/?post_type=product&#038;p=10992"},"modified":"2026-02-15T12:43:09","modified_gmt":"2026-02-15T10:43:09","slug":"dr-jart-teatreement-soothing-spot-corrector-15ml","status":"publish","type":"product","link":"https:\/\/idakorea.ee\/en\/product\/dr-jart-teatreement-soothing-spot-corrector-15ml\/","title":{"rendered":"Dr.Jart+ Teatreement Soothing Spot Corrector, 15ml"},"content":{"rendered":"<p><strong>Dr.Jart+ Teatreement Soothing Spot Correcteur Apaisant<\/strong> is a precise skincare product that soothes and quickly dries inflamed pimples, accelerates pimple healing and reduces sebum production.<\/p>\n<p>The SOS product improves the condition of skin with problem acne, reduces redness and the after-effects of pimples. Helps to prevent inflammation at an early stage and relieves soreness.<\/p>\n<p>Many moisturising ingredients prevent dryness and irritation at the product application sites.<\/p>\n<p>The biphasic formulation is composed of tea tree extract essence and calamine powder. 16,2% tea tree extract, as well as tea tree oil and its derivative - terpinene-4-ol (4-Terpineol). Tea tree provides antiseptic and antibacterial action, combats inflammation and improves the condition of oily and problem skin.<\/p>\n<p>Calamine powder soothes, soothes irritation and itching, dries pimples.<\/p>\n<p><strong>Additional components:<\/strong><br \/>\n<strong>- Salicylic acid (BHA)<\/strong> - fat-soluble acid. Cleanses pores, reduces blackheads and sebaceous glands, prevents pore blockage and inflammation, reduces skin oiliness and prevents T-zone shine.<br \/>\n<strong>- Sulphur (Dimethyl Sulfone, Colloidal Sulphur)<\/strong> helps to treat acne, reduces inflammation, speeds up damage recovery, has antibacterial properties and regulates sebum production.<br \/>\n<strong>- Niacinamide (vitamin B3)<\/strong> normalises oil production, reduces shine in the T-zone, lightens and prevents pigmentation, increases skin's protective functions and stimulates collagen synthesis.<br \/>\n<strong>- Asia centella extract<\/strong> removes redness and irritation, softens the skin, promotes healing and strengthens the protective barrier, as well as reinforcing the walls of blood vessels, preventing capillary clots.<br \/>\n<strong>- Extract of liquorice root<\/strong> gently brightens, fights irritation and stimulates collagen production.<br \/>\n<strong>- Aloe vera extract<\/strong> moisturises, soothes and softens the skin, has anti-inflammatory properties and accelerates the healing of micro-injuries and wounds.<br \/>\n<strong>- Green tea extract<\/strong> tones, soothes redness and irritation, has antioxidant action.<br \/>\n<strong>- Figwort extract<\/strong> contains the enzyme ficin, which cleanses, gently exfoliates the stratum corneum, evens tone and stimulates renewal without irritation.<br \/>\n<strong>- rubber extract<\/strong> tones and moisturises the skin, eliminates dryness and scaling, protects against external irritants.<br \/>\n<strong>- ceramides<\/strong> strengthen the skin's natural lipid layer, improve its barrier functions and prevent dryness.<br \/>\n<strong>- beta-glucan<\/strong> regenerates damaged areas, has anti-inflammatory and anti-ageing properties, intensively moisturises and protects against free radicals.<br \/>\n<strong>- Fructooligosaccharides<\/strong> help to maintain the health of the skin microbiota by reducing the impact of external irritants and keeping skin smooth.<\/p>\n<p>&nbsp;<\/p>\n<p><strong>User manual: <\/strong>Do not shake the product. Take a cotton swab, dip it into the container containing the product so that the layer of powder and the essence remain on the stick. Apply the product with the cotton swab to the burns.<\/p>","protected":false},"excerpt":{"rendered":"<p>Dr.Jart+ Teatreement Soothing Spot Correcteur Apaisant is a precise care product that quickly soothes and dries inflamed pimples, accelerates pimple healing and reduces oil production. The SOS product improves the condition of problem acne-prone skin, reducing redness and the after-effects of pimples. Helps to prevent inflammation at an early stage and relieves soreness. A range of moisturising ingredients prevents dryness and irritation at the application site. The biphasic formulation is composed of tea tree extract and...<\/p>","protected":false},"featured_media":12677,"comment_status":"open","ping_status":"closed","template":"","meta":{"_uf_show_specific_survey":0,"_uf_disable_surveys":false,"_bst_post_transparent":"default","_bst_post_title":"","_bst_post_layout":"default","_bst_post_sidebar_id":"","_bst_post_content_style":"default","_bst_post_vertical_padding":"default","_bst_post_feature":"","_bst_post_feature_position":"","_bst_post_header":false,"_bst_post_footer":false},"pwb-brand":[482],"product_brand":[],"product_cat":[1122,92],"product_tag":[603,658,659,664,662,663,439,656,657,660,661],"class_list":{"0":"post-10992","1":"product","2":"type-product","3":"status-publish","4":"has-post-thumbnail","6":"pwb-brand-dr-jart","7":"product_cat-lokaalne-hooldus","8":"product_cat-nagu","9":"product_tag-dr-jart","10":"product_tag-korrektor","11":"product_tag-laikepiirkonna-kasutamine","12":"product_tag-nahahooldus","13":"product_tag-poletik","14":"product_tag-punetus","15":"product_tag-rahustav","16":"product_tag-spot-corrector","17":"product_tag-teatreement","18":"product_tag-teepuuekstrakt","19":"product_tag-tervendav","21":"first","22":"instock","23":"sale","24":"shipping-taxable","25":"purchasable","26":"product-type-simple","27":"entry","28":"content-bg","29":"loop-entry"},"supplier_id":null,"supplier_sku":"","barcode":null,"atum_controlled":true,"out_stock_date":null,"out_stock_threshold":null,"inheritable":false,"inbound_stock":0,"stock_on_hold":0,"sold_today":0,"sales_last_days":0,"out_stock_days":0,"lost_sales":0,"has_location":false,"update_date":"2026-04-15T00:05:09","atum_locations":[],"atum_stock_status":"instock","restock_status":false,"low_stock_amount":"","sales_update_date":"2026-04-15T00:05:09","calc_backorders":null,"yoast_head":"<!-- This site is optimized with the Yoast SEO plugin v27.2 - https:\/\/yoast.com\/product\/yoast-seo-wordpress\/ -->\n<title>Dr.Jart+ Teatreement Soothing Spot Corrector, 15ml - IDA.KOREA<\/title>\n<meta name=\"robots\" content=\"index, follow, max-snippet:-1, max-image-preview:large, max-video-preview:-1\" \/>\n<link rel=\"canonical\" href=\"https:\/\/idakorea.ee\/en\/product\/dr-jart-teatreement-soothing-spot-corrector-15ml\/\" \/>\n<meta property=\"og:locale\" content=\"en_US\" \/>\n<meta property=\"og:type\" content=\"article\" \/>\n<meta property=\"og:title\" content=\"Dr.Jart+ Teatreement Soothing Spot Corrector, 15ml - IDA.KOREA\" \/>\n<meta property=\"og:description\" content=\"Dr.Jart+\u00a0 Teatreement Soothing Spot Correcteur Apaisant on t\u00e4pne hooldustoode, mis rahustab ja kuivatab kiiresti p\u00f5letikukoldeid, kiirendab vistrike paranemist ning v\u00e4hendab rasutootmist. SOS-toode parandab probleemse aknega naha seisundit, v\u00e4hendab punetust ja vistrike j\u00e4relm\u00f5jusid. Aitab ennetada p\u00f5letike teket varajases staadiumis ning leevendab valulikkust. Paljud niisutavad komponendid takistavad kuivust ja \u00e4rritust toote pealekandmiskohtades. Kahefaasiline koostis koosneb teepuu ekstraktil...\" \/>\n<meta property=\"og:url\" content=\"https:\/\/idakorea.ee\/en\/product\/dr-jart-teatreement-soothing-spot-corrector-15ml\/\" \/>\n<meta property=\"og:site_name\" content=\"IDA.KOREA\" \/>\n<meta property=\"article:modified_time\" content=\"2026-02-15T10:43:09+00:00\" \/>\n<meta property=\"og:image\" content=\"https:\/\/idakorea.ee\/wp-content\/uploads\/2024\/10\/if-11633c04645d56.jpg\" \/>\n\t<meta property=\"og:image:width\" content=\"800\" \/>\n\t<meta property=\"og:image:height\" content=\"800\" \/>\n\t<meta property=\"og:image:type\" content=\"image\/jpeg\" \/>\n<meta name=\"twitter:card\" content=\"summary_large_image\" \/>\n<meta name=\"twitter:label1\" content=\"Est. reading time\" \/>\n\t<meta name=\"twitter:data1\" content=\"2 minutes\" \/>\n<script type=\"application\/ld+json\" class=\"yoast-schema-graph\">{\"@context\":\"https:\/\/schema.org\",\"@graph\":[{\"@type\":\"WebPage\",\"@id\":\"https:\/\/idakorea.ee\/product\/dr-jart-teatreement-soothing-spot-corrector-15ml\/\",\"url\":\"https:\/\/idakorea.ee\/product\/dr-jart-teatreement-soothing-spot-corrector-15ml\/\",\"name\":\"Dr.Jart+ Teatreement Soothing Spot Corrector, 15ml - IDA.KOREA\",\"isPartOf\":{\"@id\":\"https:\/\/idakorea.ee\/#website\"},\"primaryImageOfPage\":{\"@id\":\"https:\/\/idakorea.ee\/product\/dr-jart-teatreement-soothing-spot-corrector-15ml\/#primaryimage\"},\"image\":{\"@id\":\"https:\/\/idakorea.ee\/product\/dr-jart-teatreement-soothing-spot-corrector-15ml\/#primaryimage\"},\"thumbnailUrl\":\"https:\/\/idakorea.ee\/wp-content\/uploads\/2024\/10\/if-11633c04645d56.jpg\",\"datePublished\":\"2024-10-23T12:04:39+00:00\",\"dateModified\":\"2026-02-15T10:43:09+00:00\",\"breadcrumb\":{\"@id\":\"https:\/\/idakorea.ee\/product\/dr-jart-teatreement-soothing-spot-corrector-15ml\/#breadcrumb\"},\"inLanguage\":\"en-US\",\"potentialAction\":[{\"@type\":\"ReadAction\",\"target\":[\"https:\/\/idakorea.ee\/product\/dr-jart-teatreement-soothing-spot-corrector-15ml\/\"]}]},{\"@type\":\"ImageObject\",\"inLanguage\":\"en-US\",\"@id\":\"https:\/\/idakorea.ee\/product\/dr-jart-teatreement-soothing-spot-corrector-15ml\/#primaryimage\",\"url\":\"https:\/\/idakorea.ee\/wp-content\/uploads\/2024\/10\/if-11633c04645d56.jpg\",\"contentUrl\":\"https:\/\/idakorea.ee\/wp-content\/uploads\/2024\/10\/if-11633c04645d56.jpg\",\"width\":800,\"height\":800},{\"@type\":\"BreadcrumbList\",\"@id\":\"https:\/\/idakorea.ee\/product\/dr-jart-teatreement-soothing-spot-corrector-15ml\/#breadcrumb\",\"itemListElement\":[{\"@type\":\"ListItem\",\"position\":1,\"name\":\"\u0413\u043b\u0430\u0432\u043d\u0430\u044f \u0441\u0442\u0440\u0430\u043d\u0438\u0446\u0430\",\"item\":\"https:\/\/idakorea.ee\/\"},{\"@type\":\"ListItem\",\"position\":2,\"name\":\"Shop\",\"item\":\"https:\/\/idakorea.ee\/shop-2\/\"},{\"@type\":\"ListItem\",\"position\":3,\"name\":\"Dr.Jart+ Teatreement Soothing Spot Corrector, 15ml\"}]},{\"@type\":\"WebSite\",\"@id\":\"https:\/\/idakorea.ee\/#website\",\"url\":\"https:\/\/idakorea.ee\/\",\"name\":\"IDA.KOREA\",\"description\":\"Korea kosmeetika e-pood\",\"publisher\":{\"@id\":\"https:\/\/idakorea.ee\/#organization\"},\"alternateName\":\"Beauty Shop\",\"potentialAction\":[{\"@type\":\"SearchAction\",\"target\":{\"@type\":\"EntryPoint\",\"urlTemplate\":\"https:\/\/idakorea.ee\/?s={search_term_string}\"},\"query-input\":{\"@type\":\"PropertyValueSpecification\",\"valueRequired\":true,\"valueName\":\"search_term_string\"}}],\"inLanguage\":\"en-US\"},{\"@type\":\"Organization\",\"@id\":\"https:\/\/idakorea.ee\/#organization\",\"name\":\"IDA.KOREA\",\"url\":\"https:\/\/idakorea.ee\/\",\"logo\":{\"@type\":\"ImageObject\",\"inLanguage\":\"en-US\",\"@id\":\"https:\/\/idakorea.ee\/#\/schema\/logo\/image\/\",\"url\":\"https:\/\/idakorea.ee\/wp-content\/uploads\/2024\/05\/cropped-korea3.png\",\"contentUrl\":\"https:\/\/idakorea.ee\/wp-content\/uploads\/2024\/05\/cropped-korea3.png\",\"width\":688,\"height\":126,\"caption\":\"IDA.KOREA\"},\"image\":{\"@id\":\"https:\/\/idakorea.ee\/#\/schema\/logo\/image\/\"},\"sameAs\":[\"https:\/\/www.instagram.com\/ida.korea\/\"]}]}<\/script>\n<!-- \/ Yoast SEO plugin. -->","yoast_head_json":{"title":"Dr.Jart+ Teatreement Soothing Spot Corrector, 15ml - IDA.KOREA","robots":{"index":"index","follow":"follow","max-snippet":"max-snippet:-1","max-image-preview":"max-image-preview:large","max-video-preview":"max-video-preview:-1"},"canonical":"https:\/\/idakorea.ee\/en\/product\/dr-jart-teatreement-soothing-spot-corrector-15ml\/","og_locale":"en_US","og_type":"article","og_title":"Dr.Jart+ Teatreement Soothing Spot Corrector, 15ml - IDA.KOREA","og_description":"Dr.Jart+\u00a0 Teatreement Soothing Spot Correcteur Apaisant on t\u00e4pne hooldustoode, mis rahustab ja kuivatab kiiresti p\u00f5letikukoldeid, kiirendab vistrike paranemist ning v\u00e4hendab rasutootmist. SOS-toode parandab probleemse aknega naha seisundit, v\u00e4hendab punetust ja vistrike j\u00e4relm\u00f5jusid. Aitab ennetada p\u00f5letike teket varajases staadiumis ning leevendab valulikkust. Paljud niisutavad komponendid takistavad kuivust ja \u00e4rritust toote pealekandmiskohtades. Kahefaasiline koostis koosneb teepuu ekstraktil...","og_url":"https:\/\/idakorea.ee\/en\/product\/dr-jart-teatreement-soothing-spot-corrector-15ml\/","og_site_name":"IDA.KOREA","article_modified_time":"2026-02-15T10:43:09+00:00","og_image":[{"width":800,"height":800,"url":"https:\/\/idakorea.ee\/wp-content\/uploads\/2024\/10\/if-11633c04645d56.jpg","type":"image\/jpeg"}],"twitter_card":"summary_large_image","twitter_misc":{"Est. reading time":"2 minutes"},"schema":{"@context":"https:\/\/schema.org","@graph":[{"@type":"WebPage","@id":"https:\/\/idakorea.ee\/product\/dr-jart-teatreement-soothing-spot-corrector-15ml\/","url":"https:\/\/idakorea.ee\/product\/dr-jart-teatreement-soothing-spot-corrector-15ml\/","name":"Dr.Jart+ Teatreement Soothing Spot Corrector, 15ml - IDA.KOREA","isPartOf":{"@id":"https:\/\/idakorea.ee\/#website"},"primaryImageOfPage":{"@id":"https:\/\/idakorea.ee\/product\/dr-jart-teatreement-soothing-spot-corrector-15ml\/#primaryimage"},"image":{"@id":"https:\/\/idakorea.ee\/product\/dr-jart-teatreement-soothing-spot-corrector-15ml\/#primaryimage"},"thumbnailUrl":"https:\/\/idakorea.ee\/wp-content\/uploads\/2024\/10\/if-11633c04645d56.jpg","datePublished":"2024-10-23T12:04:39+00:00","dateModified":"2026-02-15T10:43:09+00:00","breadcrumb":{"@id":"https:\/\/idakorea.ee\/product\/dr-jart-teatreement-soothing-spot-corrector-15ml\/#breadcrumb"},"inLanguage":"en-US","potentialAction":[{"@type":"ReadAction","target":["https:\/\/idakorea.ee\/product\/dr-jart-teatreement-soothing-spot-corrector-15ml\/"]}]},{"@type":"ImageObject","inLanguage":"en-US","@id":"https:\/\/idakorea.ee\/product\/dr-jart-teatreement-soothing-spot-corrector-15ml\/#primaryimage","url":"https:\/\/idakorea.ee\/wp-content\/uploads\/2024\/10\/if-11633c04645d56.jpg","contentUrl":"https:\/\/idakorea.ee\/wp-content\/uploads\/2024\/10\/if-11633c04645d56.jpg","width":800,"height":800},{"@type":"BreadcrumbList","@id":"https:\/\/idakorea.ee\/product\/dr-jart-teatreement-soothing-spot-corrector-15ml\/#breadcrumb","itemListElement":[{"@type":"ListItem","position":1,"name":"\u0413\u043b\u0430\u0432\u043d\u0430\u044f \u0441\u0442\u0440\u0430\u043d\u0438\u0446\u0430","item":"https:\/\/idakorea.ee\/"},{"@type":"ListItem","position":2,"name":"Shop","item":"https:\/\/idakorea.ee\/shop-2\/"},{"@type":"ListItem","position":3,"name":"Dr.Jart+ Teatreement Soothing Spot Corrector, 15ml"}]},{"@type":"WebSite","@id":"https:\/\/idakorea.ee\/#website","url":"https:\/\/idakorea.ee\/","name":"IDA.KOREA","description":"Korean cosmetics e-shop","publisher":{"@id":"https:\/\/idakorea.ee\/#organization"},"alternateName":"Beauty Shop","potentialAction":[{"@type":"SearchAction","target":{"@type":"EntryPoint","urlTemplate":"https:\/\/idakorea.ee\/?s={search_term_string}"},"query-input":{"@type":"PropertyValueSpecification","valueRequired":true,"valueName":"search_term_string"}}],"inLanguage":"en-US"},{"@type":"Organization","@id":"https:\/\/idakorea.ee\/#organization","name":"IDA.KOREA","url":"https:\/\/idakorea.ee\/","logo":{"@type":"ImageObject","inLanguage":"en-US","@id":"https:\/\/idakorea.ee\/#\/schema\/logo\/image\/","url":"https:\/\/idakorea.ee\/wp-content\/uploads\/2024\/05\/cropped-korea3.png","contentUrl":"https:\/\/idakorea.ee\/wp-content\/uploads\/2024\/05\/cropped-korea3.png","width":688,"height":126,"caption":"IDA.KOREA"},"image":{"@id":"https:\/\/idakorea.ee\/#\/schema\/logo\/image\/"},"sameAs":["https:\/\/www.instagram.com\/ida.korea\/"]}]}},"jetpack_sharing_enabled":true,"brands":[{"id":482,"name":"DR.JART+","slug":"dr-jart"}],"_links":{"self":[{"href":"https:\/\/idakorea.ee\/en\/wp-json\/wp\/v2\/product\/10992","targetHints":{"allow":["GET"]}}],"collection":[{"href":"https:\/\/idakorea.ee\/en\/wp-json\/wp\/v2\/product"}],"about":[{"href":"https:\/\/idakorea.ee\/en\/wp-json\/wp\/v2\/types\/product"}],"replies":[{"embeddable":true,"href":"https:\/\/idakorea.ee\/en\/wp-json\/wp\/v2\/comments?post=10992"}],"version-history":[{"count":4,"href":"https:\/\/idakorea.ee\/en\/wp-json\/wp\/v2\/product\/10992\/revisions"}],"predecessor-version":[{"id":10998,"href":"https:\/\/idakorea.ee\/en\/wp-json\/wp\/v2\/product\/10992\/revisions\/10998"}],"wp:featuredmedia":[{"embeddable":true,"href":"https:\/\/idakorea.ee\/en\/wp-json\/wp\/v2\/media\/12677"}],"wp:attachment":[{"href":"https:\/\/idakorea.ee\/en\/wp-json\/wp\/v2\/media?parent=10992"}],"wp:term":[{"taxonomy":"pwb-brand","embeddable":true,"href":"https:\/\/idakorea.ee\/en\/wp-json\/wp\/v2\/pwb-brand?post=10992"},{"taxonomy":"product_brand","embeddable":true,"href":"https:\/\/idakorea.ee\/en\/wp-json\/wp\/v2\/product_brand?post=10992"},{"taxonomy":"product_cat","embeddable":true,"href":"https:\/\/idakorea.ee\/en\/wp-json\/wp\/v2\/product_cat?post=10992"},{"taxonomy":"product_tag","embeddable":true,"href":"https:\/\/idakorea.ee\/en\/wp-json\/wp\/v2\/product_tag?post=10992"}],"curies":[{"name":"wp","href":"https:\/\/api.w.org\/{rel}","templated":true}]}}