{"id":11051,"date":"2024-11-01T12:59:23","date_gmt":"2024-11-01T09:59:23","guid":{"rendered":"https:\/\/idakorea.ee\/?post_type=product&#038;p=11051"},"modified":"2026-01-30T16:00:41","modified_gmt":"2026-01-30T14:00:41","slug":"sugavpuhastav-koorija-tsentellaga-may-island-7-days-secret-pore-clear-powder-scrub","status":"publish","type":"product","link":"https:\/\/idakorea.ee\/en\/product\/sugavpuhastav-koorija-tsentellaga-may-island-7-days-secret-pore-clear-powder-scrub\/","title":{"rendered":"May Island 7 Days Secret Pore Clear Powder Scrub, 5g"},"content":{"rendered":"<p>Deep cleansing scrubber with centellae<strong> May Island 7 Days Secret Pore Clear Powder Scrub<\/strong> gently exfoliates and removes the stratified epidermis. It effectively removes dirt, excess oil and blackheads.<\/p>\n<p>The product has a soft, creamy texture and contains very small abrasive particles that do not damage the skin's hydrolipidic layer during scrub application. The product treats inflammations and acne, reduces redness and soothes the skin.<\/p>\n<p><strong>Benefits<\/strong><br \/>\nRecommended for problem, oily and combination skin, it has a number of benefits:<\/p>\n<p>- soft abrasive particles that do not damage the skin surface;<br \/>\n- gentle exfoliating action;<br \/>\n- suitable for problem skin.<\/p>\n<p><strong>Active ingredients<\/strong><br \/>\nMay Island 7 Days Secret Pore Clear Powder Scrub contains three types of acids to help renew and restore the skin:<\/p>\n<p>- AHA acids exfoliate the horny epidermis, removing dead skin cells and other pollutants;<br \/>\n- BHA acids dissolve comedones, deep cleanse the skin, removing oil from pores and normalising the skin's moisture-fat balance;<br \/>\n- PHA acids prevent moisture loss, gently exfoliate, soothe and relieve skin irritations.<\/p>\n<p><strong>Additional components:<\/strong><\/p>\n<p>- Asian watercress extract has anti-inflammatory and wound healing properties, helps restore skin barrier function and retains moisture. It reduces skin sensitivity, swelling, strengthens blood vessels and reduces couperose.<br \/>\n- Aloe vera extract provides antibacterial, anti-inflammatory, soothing, wound healing and antioxidant properties. It tones and cools the skin, effectively fights inflammation, prevents bacterial growth and prevents acne. Aloe is clinically proven to be hypoallergenic.<br \/>\n- Green tea extract soothes skin irritations, has antibacterial properties, makes skin supple, smoothes wrinkles and improves complexion.<\/p>\n<p>&nbsp;<\/p>\n<p><strong>User manual: <\/strong>Apply a small amount of scrub to damp skin, massage gently for 1-3 minutes, paying particular attention to the T-zone and problem areas. Rinse with warm water.<\/p>","protected":false},"excerpt":{"rendered":"<p>The deep cleansing exfoliator with centella May Island 7 Days Secret Pore Clear Powder Scrub gently exfoliates and removes the stratified epidermis. It effectively removes dirt, excess oil and blackheads. The product has a soft, creamy texture and contains very small abrasive particles that do not damage the skin's hydrolipidic layer during use. The product treats inflammations and acne, reduces redness and...<\/p>","protected":false},"featured_media":11054,"comment_status":"open","ping_status":"closed","template":"","meta":{"_uf_show_specific_survey":0,"_uf_disable_surveys":false,"_bst_post_transparent":"default","_bst_post_title":"","_bst_post_layout":"default","_bst_post_sidebar_id":"","_bst_post_content_style":"default","_bst_post_vertical_padding":"default","_bst_post_feature":"","_bst_post_feature_position":"","_bst_post_header":false,"_bst_post_footer":false},"pwb-brand":[666],"product_brand":[],"product_cat":[92,451,100],"product_tag":[],"class_list":{"0":"post-11051","1":"product","2":"type-product","3":"status-publish","4":"has-post-thumbnail","6":"pwb-brand-may-island","7":"product_cat-nagu","8":"product_cat-naokoorijad","9":"product_cat-puhastusvahendid","11":"first","12":"outofstock","13":"sale","14":"shipping-taxable","15":"purchasable","16":"product-type-simple","17":"entry","18":"content-bg","19":"loop-entry"},"supplier_id":null,"supplier_sku":"","barcode":null,"atum_controlled":true,"out_stock_date":"2025-11-30 18:47:16","out_stock_threshold":null,"inheritable":false,"inbound_stock":0,"stock_on_hold":0,"sold_today":0,"sales_last_days":0,"out_stock_days":134,"lost_sales":34,"has_location":false,"update_date":"2026-04-14T00:05:03","atum_locations":[],"atum_stock_status":"outofstock","restock_status":false,"low_stock_amount":"","sales_update_date":"2026-04-14T00:05:03","calc_backorders":null,"yoast_head":"<!-- This site is optimized with the Yoast SEO plugin v27.2 - https:\/\/yoast.com\/product\/yoast-seo-wordpress\/ -->\n<title>S\u00fcgavpuhastav koorija tsentellaga May Island 7 Days Secret Pore Clear Powder Scrub, 5g - IDA.KOREA<\/title>\n<meta name=\"robots\" content=\"index, follow, max-snippet:-1, max-image-preview:large, max-video-preview:-1\" \/>\n<link rel=\"canonical\" href=\"https:\/\/idakorea.ee\/en\/product\/sugavpuhastav-koorija-tsentellaga-may-island-7-days-secret-pore-clear-powder-scrub\/\" \/>\n<meta property=\"og:locale\" content=\"en_US\" \/>\n<meta property=\"og:type\" content=\"article\" \/>\n<meta property=\"og:title\" content=\"S\u00fcgavpuhastav koorija tsentellaga May Island 7 Days Secret Pore Clear Powder Scrub, 5g - IDA.KOREA\" \/>\n<meta property=\"og:description\" content=\"S\u00fcgavpuhastav koorija tsentellaga May Island 7 Days Secret Pore Clear Powder Scrub koorib \u00f5rnalt ja eemaldab sarvestunud epidermise kihi. See t\u00f5husalt eemaldab mustuse, \u00fcleliigse rasu ja mustad t\u00e4pid. Tootel on pehme, kreemjas tekstuur ning sisaldab v\u00e4ga v\u00e4ikeseid abrasiivseid osakesi, mis ei kahjusta naha h\u00fcdrolipiidkihti skrubi kasutamise ajal. Toode ravib p\u00f5letikke ja aknet, v\u00e4hendab punetust ja...\" \/>\n<meta property=\"og:url\" content=\"https:\/\/idakorea.ee\/en\/product\/sugavpuhastav-koorija-tsentellaga-may-island-7-days-secret-pore-clear-powder-scrub\/\" \/>\n<meta property=\"og:site_name\" content=\"IDA.KOREA\" \/>\n<meta property=\"article:modified_time\" content=\"2026-01-30T14:00:41+00:00\" \/>\n<meta property=\"og:image\" content=\"https:\/\/idakorea.ee\/wp-content\/uploads\/2024\/11\/may.png\" \/>\n\t<meta property=\"og:image:width\" content=\"1524\" \/>\n\t<meta property=\"og:image:height\" content=\"1456\" \/>\n\t<meta property=\"og:image:type\" content=\"image\/png\" \/>\n<meta name=\"twitter:card\" content=\"summary_large_image\" \/>\n<meta name=\"twitter:label1\" content=\"Est. reading time\" \/>\n\t<meta name=\"twitter:data1\" content=\"2 minutes\" \/>\n<script type=\"application\/ld+json\" class=\"yoast-schema-graph\">{\"@context\":\"https:\/\/schema.org\",\"@graph\":[{\"@type\":\"WebPage\",\"@id\":\"https:\/\/idakorea.ee\/product\/sugavpuhastav-koorija-tsentellaga-may-island-7-days-secret-pore-clear-powder-scrub\/\",\"url\":\"https:\/\/idakorea.ee\/product\/sugavpuhastav-koorija-tsentellaga-may-island-7-days-secret-pore-clear-powder-scrub\/\",\"name\":\"S\u00fcgavpuhastav koorija tsentellaga May Island 7 Days Secret Pore Clear Powder Scrub, 5g - IDA.KOREA\",\"isPartOf\":{\"@id\":\"https:\/\/idakorea.ee\/#website\"},\"primaryImageOfPage\":{\"@id\":\"https:\/\/idakorea.ee\/product\/sugavpuhastav-koorija-tsentellaga-may-island-7-days-secret-pore-clear-powder-scrub\/#primaryimage\"},\"image\":{\"@id\":\"https:\/\/idakorea.ee\/product\/sugavpuhastav-koorija-tsentellaga-may-island-7-days-secret-pore-clear-powder-scrub\/#primaryimage\"},\"thumbnailUrl\":\"https:\/\/idakorea.ee\/wp-content\/uploads\/2024\/11\/may.png\",\"datePublished\":\"2024-11-01T09:59:23+00:00\",\"dateModified\":\"2026-01-30T14:00:41+00:00\",\"breadcrumb\":{\"@id\":\"https:\/\/idakorea.ee\/product\/sugavpuhastav-koorija-tsentellaga-may-island-7-days-secret-pore-clear-powder-scrub\/#breadcrumb\"},\"inLanguage\":\"en-US\",\"potentialAction\":[{\"@type\":\"ReadAction\",\"target\":[\"https:\/\/idakorea.ee\/product\/sugavpuhastav-koorija-tsentellaga-may-island-7-days-secret-pore-clear-powder-scrub\/\"]}]},{\"@type\":\"ImageObject\",\"inLanguage\":\"en-US\",\"@id\":\"https:\/\/idakorea.ee\/product\/sugavpuhastav-koorija-tsentellaga-may-island-7-days-secret-pore-clear-powder-scrub\/#primaryimage\",\"url\":\"https:\/\/idakorea.ee\/wp-content\/uploads\/2024\/11\/may.png\",\"contentUrl\":\"https:\/\/idakorea.ee\/wp-content\/uploads\/2024\/11\/may.png\",\"width\":1524,\"height\":1456},{\"@type\":\"BreadcrumbList\",\"@id\":\"https:\/\/idakorea.ee\/product\/sugavpuhastav-koorija-tsentellaga-may-island-7-days-secret-pore-clear-powder-scrub\/#breadcrumb\",\"itemListElement\":[{\"@type\":\"ListItem\",\"position\":1,\"name\":\"\u0413\u043b\u0430\u0432\u043d\u0430\u044f \u0441\u0442\u0440\u0430\u043d\u0438\u0446\u0430\",\"item\":\"https:\/\/idakorea.ee\/\"},{\"@type\":\"ListItem\",\"position\":2,\"name\":\"Shop\",\"item\":\"https:\/\/idakorea.ee\/shop-2\/\"},{\"@type\":\"ListItem\",\"position\":3,\"name\":\"S\u00fcgavpuhastav koorija tsentellaga May Island 7 Days Secret Pore Clear Powder Scrub, 5g\"}]},{\"@type\":\"WebSite\",\"@id\":\"https:\/\/idakorea.ee\/#website\",\"url\":\"https:\/\/idakorea.ee\/\",\"name\":\"IDA.KOREA\",\"description\":\"Korea kosmeetika e-pood\",\"publisher\":{\"@id\":\"https:\/\/idakorea.ee\/#organization\"},\"alternateName\":\"Beauty Shop\",\"potentialAction\":[{\"@type\":\"SearchAction\",\"target\":{\"@type\":\"EntryPoint\",\"urlTemplate\":\"https:\/\/idakorea.ee\/?s={search_term_string}\"},\"query-input\":{\"@type\":\"PropertyValueSpecification\",\"valueRequired\":true,\"valueName\":\"search_term_string\"}}],\"inLanguage\":\"en-US\"},{\"@type\":\"Organization\",\"@id\":\"https:\/\/idakorea.ee\/#organization\",\"name\":\"IDA.KOREA\",\"url\":\"https:\/\/idakorea.ee\/\",\"logo\":{\"@type\":\"ImageObject\",\"inLanguage\":\"en-US\",\"@id\":\"https:\/\/idakorea.ee\/#\/schema\/logo\/image\/\",\"url\":\"https:\/\/idakorea.ee\/wp-content\/uploads\/2024\/05\/cropped-korea3.png\",\"contentUrl\":\"https:\/\/idakorea.ee\/wp-content\/uploads\/2024\/05\/cropped-korea3.png\",\"width\":688,\"height\":126,\"caption\":\"IDA.KOREA\"},\"image\":{\"@id\":\"https:\/\/idakorea.ee\/#\/schema\/logo\/image\/\"},\"sameAs\":[\"https:\/\/www.instagram.com\/ida.korea\/\"]}]}<\/script>\n<!-- \/ Yoast SEO plugin. -->","yoast_head_json":{"title":"May Island 7 Days Secret Pore Clear Powder Scrub, 5g - IDA.KOREA","robots":{"index":"index","follow":"follow","max-snippet":"max-snippet:-1","max-image-preview":"max-image-preview:large","max-video-preview":"max-video-preview:-1"},"canonical":"https:\/\/idakorea.ee\/en\/product\/sugavpuhastav-koorija-tsentellaga-may-island-7-days-secret-pore-clear-powder-scrub\/","og_locale":"en_US","og_type":"article","og_title":"S\u00fcgavpuhastav koorija tsentellaga May Island 7 Days Secret Pore Clear Powder Scrub, 5g - IDA.KOREA","og_description":"S\u00fcgavpuhastav koorija tsentellaga May Island 7 Days Secret Pore Clear Powder Scrub koorib \u00f5rnalt ja eemaldab sarvestunud epidermise kihi. See t\u00f5husalt eemaldab mustuse, \u00fcleliigse rasu ja mustad t\u00e4pid. Tootel on pehme, kreemjas tekstuur ning sisaldab v\u00e4ga v\u00e4ikeseid abrasiivseid osakesi, mis ei kahjusta naha h\u00fcdrolipiidkihti skrubi kasutamise ajal. Toode ravib p\u00f5letikke ja aknet, v\u00e4hendab punetust ja...","og_url":"https:\/\/idakorea.ee\/en\/product\/sugavpuhastav-koorija-tsentellaga-may-island-7-days-secret-pore-clear-powder-scrub\/","og_site_name":"IDA.KOREA","article_modified_time":"2026-01-30T14:00:41+00:00","og_image":[{"width":1524,"height":1456,"url":"https:\/\/idakorea.ee\/wp-content\/uploads\/2024\/11\/may.png","type":"image\/png"}],"twitter_card":"summary_large_image","twitter_misc":{"Est. reading time":"2 minutes"},"schema":{"@context":"https:\/\/schema.org","@graph":[{"@type":"WebPage","@id":"https:\/\/idakorea.ee\/product\/sugavpuhastav-koorija-tsentellaga-may-island-7-days-secret-pore-clear-powder-scrub\/","url":"https:\/\/idakorea.ee\/product\/sugavpuhastav-koorija-tsentellaga-may-island-7-days-secret-pore-clear-powder-scrub\/","name":"May Island 7 Days Secret Pore Clear Powder Scrub, 5g - IDA.KOREA","isPartOf":{"@id":"https:\/\/idakorea.ee\/#website"},"primaryImageOfPage":{"@id":"https:\/\/idakorea.ee\/product\/sugavpuhastav-koorija-tsentellaga-may-island-7-days-secret-pore-clear-powder-scrub\/#primaryimage"},"image":{"@id":"https:\/\/idakorea.ee\/product\/sugavpuhastav-koorija-tsentellaga-may-island-7-days-secret-pore-clear-powder-scrub\/#primaryimage"},"thumbnailUrl":"https:\/\/idakorea.ee\/wp-content\/uploads\/2024\/11\/may.png","datePublished":"2024-11-01T09:59:23+00:00","dateModified":"2026-01-30T14:00:41+00:00","breadcrumb":{"@id":"https:\/\/idakorea.ee\/product\/sugavpuhastav-koorija-tsentellaga-may-island-7-days-secret-pore-clear-powder-scrub\/#breadcrumb"},"inLanguage":"en-US","potentialAction":[{"@type":"ReadAction","target":["https:\/\/idakorea.ee\/product\/sugavpuhastav-koorija-tsentellaga-may-island-7-days-secret-pore-clear-powder-scrub\/"]}]},{"@type":"ImageObject","inLanguage":"en-US","@id":"https:\/\/idakorea.ee\/product\/sugavpuhastav-koorija-tsentellaga-may-island-7-days-secret-pore-clear-powder-scrub\/#primaryimage","url":"https:\/\/idakorea.ee\/wp-content\/uploads\/2024\/11\/may.png","contentUrl":"https:\/\/idakorea.ee\/wp-content\/uploads\/2024\/11\/may.png","width":1524,"height":1456},{"@type":"BreadcrumbList","@id":"https:\/\/idakorea.ee\/product\/sugavpuhastav-koorija-tsentellaga-may-island-7-days-secret-pore-clear-powder-scrub\/#breadcrumb","itemListElement":[{"@type":"ListItem","position":1,"name":"\u0413\u043b\u0430\u0432\u043d\u0430\u044f \u0441\u0442\u0440\u0430\u043d\u0438\u0446\u0430","item":"https:\/\/idakorea.ee\/"},{"@type":"ListItem","position":2,"name":"Shop","item":"https:\/\/idakorea.ee\/shop-2\/"},{"@type":"ListItem","position":3,"name":"S\u00fcgavpuhastav koorija tsentellaga May Island 7 Days Secret Pore Clear Powder Scrub, 5g"}]},{"@type":"WebSite","@id":"https:\/\/idakorea.ee\/#website","url":"https:\/\/idakorea.ee\/","name":"IDA.KOREA","description":"Korean cosmetics e-shop","publisher":{"@id":"https:\/\/idakorea.ee\/#organization"},"alternateName":"Beauty Shop","potentialAction":[{"@type":"SearchAction","target":{"@type":"EntryPoint","urlTemplate":"https:\/\/idakorea.ee\/?s={search_term_string}"},"query-input":{"@type":"PropertyValueSpecification","valueRequired":true,"valueName":"search_term_string"}}],"inLanguage":"en-US"},{"@type":"Organization","@id":"https:\/\/idakorea.ee\/#organization","name":"IDA.KOREA","url":"https:\/\/idakorea.ee\/","logo":{"@type":"ImageObject","inLanguage":"en-US","@id":"https:\/\/idakorea.ee\/#\/schema\/logo\/image\/","url":"https:\/\/idakorea.ee\/wp-content\/uploads\/2024\/05\/cropped-korea3.png","contentUrl":"https:\/\/idakorea.ee\/wp-content\/uploads\/2024\/05\/cropped-korea3.png","width":688,"height":126,"caption":"IDA.KOREA"},"image":{"@id":"https:\/\/idakorea.ee\/#\/schema\/logo\/image\/"},"sameAs":["https:\/\/www.instagram.com\/ida.korea\/"]}]}},"jetpack_sharing_enabled":true,"brands":[{"id":666,"name":"MAY ICELAND","slug":"may-island"}],"_links":{"self":[{"href":"https:\/\/idakorea.ee\/en\/wp-json\/wp\/v2\/product\/11051","targetHints":{"allow":["GET"]}}],"collection":[{"href":"https:\/\/idakorea.ee\/en\/wp-json\/wp\/v2\/product"}],"about":[{"href":"https:\/\/idakorea.ee\/en\/wp-json\/wp\/v2\/types\/product"}],"replies":[{"embeddable":true,"href":"https:\/\/idakorea.ee\/en\/wp-json\/wp\/v2\/comments?post=11051"}],"version-history":[{"count":2,"href":"https:\/\/idakorea.ee\/en\/wp-json\/wp\/v2\/product\/11051\/revisions"}],"predecessor-version":[{"id":11061,"href":"https:\/\/idakorea.ee\/en\/wp-json\/wp\/v2\/product\/11051\/revisions\/11061"}],"wp:featuredmedia":[{"embeddable":true,"href":"https:\/\/idakorea.ee\/en\/wp-json\/wp\/v2\/media\/11054"}],"wp:attachment":[{"href":"https:\/\/idakorea.ee\/en\/wp-json\/wp\/v2\/media?parent=11051"}],"wp:term":[{"taxonomy":"pwb-brand","embeddable":true,"href":"https:\/\/idakorea.ee\/en\/wp-json\/wp\/v2\/pwb-brand?post=11051"},{"taxonomy":"product_brand","embeddable":true,"href":"https:\/\/idakorea.ee\/en\/wp-json\/wp\/v2\/product_brand?post=11051"},{"taxonomy":"product_cat","embeddable":true,"href":"https:\/\/idakorea.ee\/en\/wp-json\/wp\/v2\/product_cat?post=11051"},{"taxonomy":"product_tag","embeddable":true,"href":"https:\/\/idakorea.ee\/en\/wp-json\/wp\/v2\/product_tag?post=11051"}],"curies":[{"name":"wp","href":"https:\/\/api.w.org\/{rel}","templated":true}]}}