{"id":11103,"date":"2024-11-03T16:01:53","date_gmt":"2024-11-03T13:01:53","guid":{"rendered":"https:\/\/idakorea.ee\/?post_type=product&#038;p=11103"},"modified":"2026-01-30T15:59:55","modified_gmt":"2026-01-30T13:59:55","slug":"liposoomne-lifting-kreem-retinaaliga-ckd-retino-collagen-small-molecule-300-cream","status":"publish","type":"product","link":"https:\/\/idakorea.ee\/en\/product\/liposoomne-lifting-kreem-retinaaliga-ckd-retino-collagen-small-molecule-300-cream\/","title":{"rendered":"CKD Retino Collagen Small Molecule 300 Cream, 40ml"},"content":{"rendered":"<p>Liposomal lifting cream with retinal cream<strong> CKD Retino Collagen Small Molecule 300 Cream<\/strong> strengthens and evens skin tone and improves complexion, giving the face a fresh and healthy glow. It has a smoothing effect that helps to reduce the appearance of fine lines and wrinkles.<\/p>\n<p>This product seals the skin, protects it from sagging and prevents it from sinking. Significantly increases tissue elasticity by stimulating the production of its own collagen fibres. It also deeply moisturises, relieving dryness and scaling, and softens the skin.<\/p>\n<p>Patented <strong>FLEXIBLE LIPOSOMES<\/strong> technology allows the active ingredients to penetrate deep into the epidermis and be absorbed with maximum efficiency. Stabilises the retina and reduces the risk of irritation.<\/p>\n<p class=\"translation-block\">The <strong>Amino Acid Complex<\/strong> restores the skin's structure and strengthens collagen and elastin fibres, making the skin firmer while maintaining moisture balance for a healthy complexion.<\/p>\n<p>The product contains a complex of peptides with strong anti-ageing properties:<\/p>\n<ul>\n<li><strong>Copper Tripeptide-1 (Copper Tripeptide-1)<\/strong> boosts collagen and elastin synthesis, tightens the skin, promotes anti-inflammatory and antioxidant action and accelerates skin regeneration.<\/li>\n<li><strong>Nonapeptide-1<\/strong> is a light-coloured peptide consisting of 7 amino acids, inhibiting the enzyme tyrosinase, which prevents the formation of pigment spots.<\/li>\n<li><strong>Palmitoyl pentapeptide-4<\/strong> is an effective and well-studied peptide that promotes cell renewal and skin regeneration, providing a retinol-like effect without irritation.<\/li>\n<\/ul>\n<p><strong>Main active ingredients:<\/strong><\/p>\n<ul>\n<li><strong>Low molecular weight hydrolysed collagen (53%)<\/strong> strengthens cell walls and improves protein turnover, helping to smooth fine lines and wrinkles.<\/li>\n<li><strong>Stabilised third generation retinal (100 ppm)<\/strong> - one of the most effective forms of vitamin A in cosmetics, which promotes cell renewal, smoothes skin texture and reduces wrinkles and enlarged pores.<\/li>\n<li><strong>Hyaluronic acid<\/strong> provides deep hydration, smoothes the skin's surface and supports elasticity.<\/li>\n<li><strong>Adenos<\/strong> protects cells from oxidation, slowing down the ageing process and stimulating the production of procollagen-1, which ensures smooth and supple skin.<\/li>\n<li><strong>SYN-Coll<\/strong> is a potent anti-ageing complex that stimulates collagen synthesis, improves skin turgor and reduces the depth of deep wrinkles.<\/li>\n<li><strong>Argireline<\/strong> is a peptide that relaxes facial muscles, reducing the appearance of facial wrinkles.<\/li>\n<li><strong>Oils complex<\/strong> softens the skin, removes dryness and scaling, deeply moisturising and adding elasticity and smoothness.<\/li>\n<li><strong>Phospholipids<\/strong> are integral components of the cell membrane that support cell vitality and division and help restore the skin's moisture barrier.<\/li>\n<\/ul>\n<p>&nbsp;<\/p>\n<p>Suitable for dry, normal and combination skin.<\/p>\n<p><strong>User manual:<\/strong> apply the required amount of cream to the face with massaging strokes in the finishing phase of the treatment. For daytime use, apply SPF 50 PA++++ sunscreen in addition.<\/p>\n<p><strong>Attention!<\/strong> If you haven't used products with retinol before, add the cream gradually. Do not use in combination with acidic products or products with a high vitamin C content. It is not recommended for use during pregnancy or breastfeeding, or after cosmetic procedures that traumatise the skin.<\/p>","protected":false},"excerpt":{"rendered":"<p>Liposomal Lifting Cream with Retinal CKD Retino Collagen Small Molecule 300 Cream strengthens and evens skin tone and improves complexion, giving the face a fresh and healthy glow. The cream has a smoothing effect that helps to reduce the appearance of fine lines and wrinkles. This product plumps the skin, protects it from sagging and prevents it from sagging. Significantly increases tissue elasticity by stimulating the production of its collagen fibres....<\/p>","protected":false},"featured_media":11104,"comment_status":"open","ping_status":"closed","template":"","meta":{"_uf_show_specific_survey":0,"_uf_disable_surveys":false,"_bst_post_transparent":"default","_bst_post_title":"","_bst_post_layout":"default","_bst_post_sidebar_id":"","_bst_post_content_style":"default","_bst_post_vertical_padding":"default","_bst_post_feature":"","_bst_post_feature_position":"","_bst_post_header":false,"_bst_post_footer":false},"pwb-brand":[560],"product_brand":[],"product_cat":[92,96],"product_tag":[],"class_list":{"0":"post-11103","1":"product","2":"type-product","3":"status-publish","4":"has-post-thumbnail","6":"pwb-brand-ckd","7":"product_cat-nagu","8":"product_cat-naokreemid","10":"first","11":"instock","12":"sale","13":"shipping-taxable","14":"purchasable","15":"product-type-simple","16":"entry","17":"content-bg","18":"loop-entry"},"supplier_id":null,"supplier_sku":"","barcode":null,"atum_controlled":true,"out_stock_date":null,"out_stock_threshold":null,"inheritable":false,"inbound_stock":0,"stock_on_hold":0,"sold_today":0,"sales_last_days":0,"out_stock_days":0,"lost_sales":0,"has_location":false,"update_date":"2026-04-14T00:05:04","atum_locations":[],"atum_stock_status":"instock","restock_status":false,"low_stock_amount":"","sales_update_date":"2026-04-14T00:05:04","calc_backorders":null,"yoast_head":"<!-- This site is optimized with the Yoast SEO plugin v27.2 - https:\/\/yoast.com\/product\/yoast-seo-wordpress\/ -->\n<title>CKD Retino Collagen Small Molecule 300 Cream - IDA.KOREA<\/title>\n<meta name=\"description\" content=\"Liposoomne lifting-kreem retinaaliga CKD Retino Collagen Small Molecule 300 Cream tugevdab ja \u00fchtlustab nahatooni ning parandab jume, andes n\u00e4ole v\u00e4rske ja terve s\u00e4ra.\" \/>\n<meta name=\"robots\" content=\"index, follow, max-snippet:-1, max-image-preview:large, max-video-preview:-1\" \/>\n<link rel=\"canonical\" href=\"https:\/\/idakorea.ee\/en\/product\/liposoomne-lifting-kreem-retinaaliga-ckd-retino-collagen-small-molecule-300-cream\/\" \/>\n<meta property=\"og:locale\" content=\"en_US\" \/>\n<meta property=\"og:type\" content=\"article\" \/>\n<meta property=\"og:title\" content=\"CKD Retino Collagen Small Molecule 300 Cream - IDA.KOREA\" \/>\n<meta property=\"og:description\" content=\"Liposoomne lifting-kreem retinaaliga CKD Retino Collagen Small Molecule 300 Cream tugevdab ja \u00fchtlustab nahatooni ning parandab jume, andes n\u00e4ole v\u00e4rske ja terve s\u00e4ra.\" \/>\n<meta property=\"og:url\" content=\"https:\/\/idakorea.ee\/en\/product\/liposoomne-lifting-kreem-retinaaliga-ckd-retino-collagen-small-molecule-300-cream\/\" \/>\n<meta property=\"og:site_name\" content=\"IDA.KOREA\" \/>\n<meta property=\"article:modified_time\" content=\"2026-01-30T13:59:55+00:00\" \/>\n<meta property=\"og:image\" content=\"https:\/\/idakorea.ee\/wp-content\/uploads\/2024\/11\/hollyshop-_-2023_10_29t170131.141-_1_.png\" \/>\n\t<meta property=\"og:image:width\" content=\"1000\" \/>\n\t<meta property=\"og:image:height\" content=\"1000\" \/>\n\t<meta property=\"og:image:type\" content=\"image\/png\" \/>\n<meta name=\"twitter:card\" content=\"summary_large_image\" \/>\n<meta name=\"twitter:label1\" content=\"Est. reading time\" \/>\n\t<meta name=\"twitter:data1\" content=\"3 minutes\" \/>\n<script type=\"application\/ld+json\" class=\"yoast-schema-graph\">{\"@context\":\"https:\/\/schema.org\",\"@graph\":[{\"@type\":\"WebPage\",\"@id\":\"https:\/\/idakorea.ee\/product\/liposoomne-lifting-kreem-retinaaliga-ckd-retino-collagen-small-molecule-300-cream\/\",\"url\":\"https:\/\/idakorea.ee\/product\/liposoomne-lifting-kreem-retinaaliga-ckd-retino-collagen-small-molecule-300-cream\/\",\"name\":\"CKD Retino Collagen Small Molecule 300 Cream - IDA.KOREA\",\"isPartOf\":{\"@id\":\"https:\/\/idakorea.ee\/#website\"},\"primaryImageOfPage\":{\"@id\":\"https:\/\/idakorea.ee\/product\/liposoomne-lifting-kreem-retinaaliga-ckd-retino-collagen-small-molecule-300-cream\/#primaryimage\"},\"image\":{\"@id\":\"https:\/\/idakorea.ee\/product\/liposoomne-lifting-kreem-retinaaliga-ckd-retino-collagen-small-molecule-300-cream\/#primaryimage\"},\"thumbnailUrl\":\"https:\/\/idakorea.ee\/wp-content\/uploads\/2024\/11\/hollyshop-_-2023_10_29t170131.141-_1_.png\",\"datePublished\":\"2024-11-03T13:01:53+00:00\",\"dateModified\":\"2026-01-30T13:59:55+00:00\",\"description\":\"Liposoomne lifting-kreem retinaaliga CKD Retino Collagen Small Molecule 300 Cream tugevdab ja \u00fchtlustab nahatooni ning parandab jume, andes n\u00e4ole v\u00e4rske ja terve s\u00e4ra.\",\"breadcrumb\":{\"@id\":\"https:\/\/idakorea.ee\/product\/liposoomne-lifting-kreem-retinaaliga-ckd-retino-collagen-small-molecule-300-cream\/#breadcrumb\"},\"inLanguage\":\"en-US\",\"potentialAction\":[{\"@type\":\"ReadAction\",\"target\":[\"https:\/\/idakorea.ee\/product\/liposoomne-lifting-kreem-retinaaliga-ckd-retino-collagen-small-molecule-300-cream\/\"]}]},{\"@type\":\"ImageObject\",\"inLanguage\":\"en-US\",\"@id\":\"https:\/\/idakorea.ee\/product\/liposoomne-lifting-kreem-retinaaliga-ckd-retino-collagen-small-molecule-300-cream\/#primaryimage\",\"url\":\"https:\/\/idakorea.ee\/wp-content\/uploads\/2024\/11\/hollyshop-_-2023_10_29t170131.141-_1_.png\",\"contentUrl\":\"https:\/\/idakorea.ee\/wp-content\/uploads\/2024\/11\/hollyshop-_-2023_10_29t170131.141-_1_.png\",\"width\":1000,\"height\":1000,\"caption\":\"ckd retino small molecule cream\"},{\"@type\":\"BreadcrumbList\",\"@id\":\"https:\/\/idakorea.ee\/product\/liposoomne-lifting-kreem-retinaaliga-ckd-retino-collagen-small-molecule-300-cream\/#breadcrumb\",\"itemListElement\":[{\"@type\":\"ListItem\",\"position\":1,\"name\":\"\u0413\u043b\u0430\u0432\u043d\u0430\u044f \u0441\u0442\u0440\u0430\u043d\u0438\u0446\u0430\",\"item\":\"https:\/\/idakorea.ee\/\"},{\"@type\":\"ListItem\",\"position\":2,\"name\":\"Shop\",\"item\":\"https:\/\/idakorea.ee\/shop-2\/\"},{\"@type\":\"ListItem\",\"position\":3,\"name\":\"Liposoomne lifting-kreem retinaaliga CKD Retino Collagen Small Molecule 300 Cream, 40ml\"}]},{\"@type\":\"WebSite\",\"@id\":\"https:\/\/idakorea.ee\/#website\",\"url\":\"https:\/\/idakorea.ee\/\",\"name\":\"IDA.KOREA\",\"description\":\"Korea kosmeetika e-pood\",\"publisher\":{\"@id\":\"https:\/\/idakorea.ee\/#organization\"},\"alternateName\":\"Beauty Shop\",\"potentialAction\":[{\"@type\":\"SearchAction\",\"target\":{\"@type\":\"EntryPoint\",\"urlTemplate\":\"https:\/\/idakorea.ee\/?s={search_term_string}\"},\"query-input\":{\"@type\":\"PropertyValueSpecification\",\"valueRequired\":true,\"valueName\":\"search_term_string\"}}],\"inLanguage\":\"en-US\"},{\"@type\":\"Organization\",\"@id\":\"https:\/\/idakorea.ee\/#organization\",\"name\":\"IDA.KOREA\",\"url\":\"https:\/\/idakorea.ee\/\",\"logo\":{\"@type\":\"ImageObject\",\"inLanguage\":\"en-US\",\"@id\":\"https:\/\/idakorea.ee\/#\/schema\/logo\/image\/\",\"url\":\"https:\/\/idakorea.ee\/wp-content\/uploads\/2024\/05\/cropped-korea3.png\",\"contentUrl\":\"https:\/\/idakorea.ee\/wp-content\/uploads\/2024\/05\/cropped-korea3.png\",\"width\":688,\"height\":126,\"caption\":\"IDA.KOREA\"},\"image\":{\"@id\":\"https:\/\/idakorea.ee\/#\/schema\/logo\/image\/\"},\"sameAs\":[\"https:\/\/www.instagram.com\/ida.korea\/\"]}]}<\/script>\n<!-- \/ Yoast SEO plugin. -->","yoast_head_json":{"title":"CKD Retino Collagen Small Molecule 300 Cream - IDA.KOREA","description":"Liposomal lifting cream with retinol CKD Retino Collagen Small Molecule 300 Cream strengthens and evens out skin tone and improves complexion, giving the face a fresh and healthy glow.","robots":{"index":"index","follow":"follow","max-snippet":"max-snippet:-1","max-image-preview":"max-image-preview:large","max-video-preview":"max-video-preview:-1"},"canonical":"https:\/\/idakorea.ee\/en\/product\/liposoomne-lifting-kreem-retinaaliga-ckd-retino-collagen-small-molecule-300-cream\/","og_locale":"en_US","og_type":"article","og_title":"CKD Retino Collagen Small Molecule 300 Cream - IDA.KOREA","og_description":"Liposoomne lifting-kreem retinaaliga CKD Retino Collagen Small Molecule 300 Cream tugevdab ja \u00fchtlustab nahatooni ning parandab jume, andes n\u00e4ole v\u00e4rske ja terve s\u00e4ra.","og_url":"https:\/\/idakorea.ee\/en\/product\/liposoomne-lifting-kreem-retinaaliga-ckd-retino-collagen-small-molecule-300-cream\/","og_site_name":"IDA.KOREA","article_modified_time":"2026-01-30T13:59:55+00:00","og_image":[{"width":1000,"height":1000,"url":"https:\/\/idakorea.ee\/wp-content\/uploads\/2024\/11\/hollyshop-_-2023_10_29t170131.141-_1_.png","type":"image\/png"}],"twitter_card":"summary_large_image","twitter_misc":{"Est. reading time":"3 minutes"},"schema":{"@context":"https:\/\/schema.org","@graph":[{"@type":"WebPage","@id":"https:\/\/idakorea.ee\/product\/liposoomne-lifting-kreem-retinaaliga-ckd-retino-collagen-small-molecule-300-cream\/","url":"https:\/\/idakorea.ee\/product\/liposoomne-lifting-kreem-retinaaliga-ckd-retino-collagen-small-molecule-300-cream\/","name":"CKD Retino Collagen Small Molecule 300 Cream - IDA.KOREA","isPartOf":{"@id":"https:\/\/idakorea.ee\/#website"},"primaryImageOfPage":{"@id":"https:\/\/idakorea.ee\/product\/liposoomne-lifting-kreem-retinaaliga-ckd-retino-collagen-small-molecule-300-cream\/#primaryimage"},"image":{"@id":"https:\/\/idakorea.ee\/product\/liposoomne-lifting-kreem-retinaaliga-ckd-retino-collagen-small-molecule-300-cream\/#primaryimage"},"thumbnailUrl":"https:\/\/idakorea.ee\/wp-content\/uploads\/2024\/11\/hollyshop-_-2023_10_29t170131.141-_1_.png","datePublished":"2024-11-03T13:01:53+00:00","dateModified":"2026-01-30T13:59:55+00:00","description":"Liposomal lifting cream with retinol CKD Retino Collagen Small Molecule 300 Cream strengthens and evens out skin tone and improves complexion, giving the face a fresh and healthy glow.","breadcrumb":{"@id":"https:\/\/idakorea.ee\/product\/liposoomne-lifting-kreem-retinaaliga-ckd-retino-collagen-small-molecule-300-cream\/#breadcrumb"},"inLanguage":"en-US","potentialAction":[{"@type":"ReadAction","target":["https:\/\/idakorea.ee\/product\/liposoomne-lifting-kreem-retinaaliga-ckd-retino-collagen-small-molecule-300-cream\/"]}]},{"@type":"ImageObject","inLanguage":"en-US","@id":"https:\/\/idakorea.ee\/product\/liposoomne-lifting-kreem-retinaaliga-ckd-retino-collagen-small-molecule-300-cream\/#primaryimage","url":"https:\/\/idakorea.ee\/wp-content\/uploads\/2024\/11\/hollyshop-_-2023_10_29t170131.141-_1_.png","contentUrl":"https:\/\/idakorea.ee\/wp-content\/uploads\/2024\/11\/hollyshop-_-2023_10_29t170131.141-_1_.png","width":1000,"height":1000,"caption":"ckd retino small molecule cream"},{"@type":"BreadcrumbList","@id":"https:\/\/idakorea.ee\/product\/liposoomne-lifting-kreem-retinaaliga-ckd-retino-collagen-small-molecule-300-cream\/#breadcrumb","itemListElement":[{"@type":"ListItem","position":1,"name":"\u0413\u043b\u0430\u0432\u043d\u0430\u044f \u0441\u0442\u0440\u0430\u043d\u0438\u0446\u0430","item":"https:\/\/idakorea.ee\/"},{"@type":"ListItem","position":2,"name":"Shop","item":"https:\/\/idakorea.ee\/shop-2\/"},{"@type":"ListItem","position":3,"name":"Liposoomne lifting-kreem retinaaliga CKD Retino Collagen Small Molecule 300 Cream, 40ml"}]},{"@type":"WebSite","@id":"https:\/\/idakorea.ee\/#website","url":"https:\/\/idakorea.ee\/","name":"IDA.KOREA","description":"Korean cosmetics e-shop","publisher":{"@id":"https:\/\/idakorea.ee\/#organization"},"alternateName":"Beauty Shop","potentialAction":[{"@type":"SearchAction","target":{"@type":"EntryPoint","urlTemplate":"https:\/\/idakorea.ee\/?s={search_term_string}"},"query-input":{"@type":"PropertyValueSpecification","valueRequired":true,"valueName":"search_term_string"}}],"inLanguage":"en-US"},{"@type":"Organization","@id":"https:\/\/idakorea.ee\/#organization","name":"IDA.KOREA","url":"https:\/\/idakorea.ee\/","logo":{"@type":"ImageObject","inLanguage":"en-US","@id":"https:\/\/idakorea.ee\/#\/schema\/logo\/image\/","url":"https:\/\/idakorea.ee\/wp-content\/uploads\/2024\/05\/cropped-korea3.png","contentUrl":"https:\/\/idakorea.ee\/wp-content\/uploads\/2024\/05\/cropped-korea3.png","width":688,"height":126,"caption":"IDA.KOREA"},"image":{"@id":"https:\/\/idakorea.ee\/#\/schema\/logo\/image\/"},"sameAs":["https:\/\/www.instagram.com\/ida.korea\/"]}]}},"jetpack_sharing_enabled":true,"brands":[{"id":560,"name":"CKD","slug":"ckd"}],"_links":{"self":[{"href":"https:\/\/idakorea.ee\/en\/wp-json\/wp\/v2\/product\/11103","targetHints":{"allow":["GET"]}}],"collection":[{"href":"https:\/\/idakorea.ee\/en\/wp-json\/wp\/v2\/product"}],"about":[{"href":"https:\/\/idakorea.ee\/en\/wp-json\/wp\/v2\/types\/product"}],"replies":[{"embeddable":true,"href":"https:\/\/idakorea.ee\/en\/wp-json\/wp\/v2\/comments?post=11103"}],"version-history":[{"count":3,"href":"https:\/\/idakorea.ee\/en\/wp-json\/wp\/v2\/product\/11103\/revisions"}],"predecessor-version":[{"id":15047,"href":"https:\/\/idakorea.ee\/en\/wp-json\/wp\/v2\/product\/11103\/revisions\/15047"}],"wp:featuredmedia":[{"embeddable":true,"href":"https:\/\/idakorea.ee\/en\/wp-json\/wp\/v2\/media\/11104"}],"wp:attachment":[{"href":"https:\/\/idakorea.ee\/en\/wp-json\/wp\/v2\/media?parent=11103"}],"wp:term":[{"taxonomy":"pwb-brand","embeddable":true,"href":"https:\/\/idakorea.ee\/en\/wp-json\/wp\/v2\/pwb-brand?post=11103"},{"taxonomy":"product_brand","embeddable":true,"href":"https:\/\/idakorea.ee\/en\/wp-json\/wp\/v2\/product_brand?post=11103"},{"taxonomy":"product_cat","embeddable":true,"href":"https:\/\/idakorea.ee\/en\/wp-json\/wp\/v2\/product_cat?post=11103"},{"taxonomy":"product_tag","embeddable":true,"href":"https:\/\/idakorea.ee\/en\/wp-json\/wp\/v2\/product_tag?post=11103"}],"curies":[{"name":"wp","href":"https:\/\/api.w.org\/{rel}","templated":true}]}}