{"id":11119,"date":"2024-11-03T16:51:16","date_gmt":"2024-11-03T13:51:16","guid":{"rendered":"https:\/\/idakorea.ee\/?post_type=product&#038;p=11119"},"modified":"2026-01-30T15:58:22","modified_gmt":"2026-01-30T13:58:22","slug":"sugavpuhastav-vaht-naole-retinaaliga-ckd-retino-collagen-small-molecule-300-pore-cleansing-foam-150ml","status":"publish","type":"product","link":"https:\/\/idakorea.ee\/en\/product\/sugavpuhastav-vaht-naole-retinaaliga-ckd-retino-collagen-small-molecule-300-pore-cleansing-foam-150ml\/","title":{"rendered":"Deep cleansing facial foam with retinal CKD Retino Collagen Small Molecule 300 Pore Cleansing Foam, 150ml"},"content":{"rendered":"<p>Deep cleansing face foam with retinal cleanser<strong> CKD Retino Collagen Small Molecule 300 Pore Cleansing Foam<\/strong> removes dirt and blockages by penetrating deep into pores, effectively cleaning them and dissolving grease build-up. It also has skin-strengthening properties that slow down the ageing process and help smooth wrinkles. Contains hydrolysed collagen, hyaluronic acid, yeast extract, bifidobacterial enzyme and SYN-Coll.<\/p>\n<p>The gentle formula ensures optimal pH balance, supports the skin microbiome and inhibits the growth of pathogenic bacteria. Soothes the skin, relieves irritation and inflammation, tightens pores and reduces the intensity of oily appearance. Softens, gently exfoliates and evens the skin's surface.<\/p>\n<p><strong>Main active substances:<\/strong><\/p>\n<ul>\n<li><strong>Low molecular weight hydrolysed collagen (35,23%)<\/strong> strengthens cell walls and improves protein metabolism. Supports the skin's support structure, helping to smooth fine wrinkles and fine lines.<\/li>\n<li><strong>Third generation stabilised retinal (100 ppb)<\/strong> is one of the most effective forms of vitamin A in cosmetic products. Retinal stimulates cell renewal, smoothes skin texture, reduces the visibility of wrinkles and large pores, and increases the skin's own collagen and hyaluronic acid synthesis.<\/li>\n<li><strong>Hyaluronic acid<\/strong> moisturises, relieves dryness and itchiness, smoothes the skin surface and maintains elasticity.<\/li>\n<li><strong>Kluyveromyces yeast extract<\/strong> enriches the skin with nutrients and beneficial substances, peptides, amino acids, minerals and vitamins B, A and PP. It penetrates deeply, speeds up the metabolism and leaves skin soft and silky.<\/li>\n<li><strong>Bifidobacterium bifidobacterium enzyme<\/strong> has regenerative and protective properties by stimulating the proliferation of fibroblasts - the connective tissue cells of the skin.<\/li>\n<li><strong>SYN-Coll<\/strong> is an effective anti-ageing complex that stimulates the synthesis of collagen and protects against its degradation. Improves skin elasticity, visibly reduces the depth of mimic and static wrinkles, smoothes and firms the facial contours.<\/li>\n<li><strong>Bergamot oil<\/strong> soothes irritated skin and reduces pimples, regulates sebaceous glands, helps tighten pores, brightens, refreshes and nourishes.<\/li>\n<li><strong>Lavender oil<\/strong> has antibacterial properties, soothes the skin, reduces inflammation and soothes irritation.<\/li>\n<\/ul>\n<p>&nbsp;<\/p>\n<p>Suitable for normal and combination skin.<\/p>\n<p><strong>Use of<\/strong>: Lather between hands, apply to face in circular motions and rinse with water.<\/p>","protected":false},"excerpt":{"rendered":"<p>CKD Retino Collagen Small Molecule 300 Pore Cleansing Foam with Retinal Cleansing Foam removes dirt and congestion by penetrating deep into the pores, effectively cleansing them and dissolving sebum. It also has skin-strengthening properties to slow down the ageing process and help smooth wrinkles. Contains hydrolysed collagen, hyaluronic acid, yeast extract, bifidobacterium enzyme and SYN-Coll. The gentle formula ensures an optimal pH balance of the skin, supports...<\/p>","protected":false},"featured_media":11120,"comment_status":"open","ping_status":"closed","template":"","meta":{"_uf_show_specific_survey":0,"_uf_disable_surveys":false,"_bst_post_transparent":"default","_bst_post_title":"","_bst_post_layout":"default","_bst_post_sidebar_id":"","_bst_post_content_style":"default","_bst_post_vertical_padding":"default","_bst_post_feature":"","_bst_post_feature_position":"","_bst_post_header":false,"_bst_post_footer":false},"pwb-brand":[560],"product_brand":[],"product_cat":[92,452,100],"product_tag":[561,213],"class_list":{"0":"post-11119","1":"product","2":"type-product","3":"status-publish","4":"has-post-thumbnail","6":"pwb-brand-ckd","7":"product_cat-nagu","8":"product_cat-naopuhastusgeelid","9":"product_cat-puhastusvahendid","10":"product_tag-ckd","11":"product_tag-retinol","13":"first","14":"outofstock","15":"sale","16":"shipping-taxable","17":"purchasable","18":"product-type-simple","19":"entry","20":"content-bg","21":"loop-entry"},"supplier_id":null,"supplier_sku":"","barcode":null,"atum_controlled":true,"out_stock_date":"2026-01-14 23:35:08","out_stock_threshold":null,"inheritable":false,"inbound_stock":0,"stock_on_hold":0,"sold_today":0,"sales_last_days":0,"out_stock_days":90,"lost_sales":255,"has_location":false,"update_date":"2026-04-15T00:05:11","atum_locations":[],"atum_stock_status":"outofstock","restock_status":false,"low_stock_amount":"","sales_update_date":"2026-04-15T00:05:11","calc_backorders":null,"yoast_head":"<!-- This site is optimized with the Yoast SEO plugin v27.2 - https:\/\/yoast.com\/product\/yoast-seo-wordpress\/ -->\n<title>S\u00fcgavpuhastav vaht n\u00e4ole retinaaliga CKD Retino Collagen Small Molecule 300 Pore Cleansing Foam, 150ml - IDA.KOREA<\/title>\n<meta name=\"robots\" content=\"index, follow, max-snippet:-1, max-image-preview:large, max-video-preview:-1\" \/>\n<link rel=\"canonical\" href=\"https:\/\/idakorea.ee\/en\/product\/sugavpuhastav-vaht-naole-retinaaliga-ckd-retino-collagen-small-molecule-300-pore-cleansing-foam-150ml\/\" \/>\n<meta property=\"og:locale\" content=\"en_US\" \/>\n<meta property=\"og:type\" content=\"article\" \/>\n<meta property=\"og:title\" content=\"S\u00fcgavpuhastav vaht n\u00e4ole retinaaliga CKD Retino Collagen Small Molecule 300 Pore Cleansing Foam, 150ml - IDA.KOREA\" \/>\n<meta property=\"og:description\" content=\"S\u00fcgavpuhastav vaht n\u00e4ole retinaaliga CKD Retino Collagen Small Molecule 300 Pore Cleansing Foam eemaldab mustuse ja ummistused, tungides s\u00fcgavale pooridesse, puhastades neid efektiivselt ja lahustades rasuummistused. Sellel on ka nahka tugevdavad omadused, mis aeglustavad vananemisprotsessi ja aitavad siluda kortse. Sisaldab h\u00fcdrol\u00fc\u00fcsitud kollageeni, h\u00fcaluroonhapet, p\u00e4rmiekstrakti, bifidobakteri ens\u00fc\u00fcmi ja SYN-Coll&#8217;i. \u00d5rn koostis tagab naha optimaalse pH-tasakaalu, toetab...\" \/>\n<meta property=\"og:url\" content=\"https:\/\/idakorea.ee\/en\/product\/sugavpuhastav-vaht-naole-retinaaliga-ckd-retino-collagen-small-molecule-300-pore-cleansing-foam-150ml\/\" \/>\n<meta property=\"og:site_name\" content=\"IDA.KOREA\" \/>\n<meta property=\"article:modified_time\" content=\"2026-01-30T13:58:22+00:00\" \/>\n<meta property=\"og:image\" content=\"https:\/\/idakorea.ee\/wp-content\/uploads\/2024\/11\/hollyshop-_-2023_10_29t122411.619-_1_.png\" \/>\n\t<meta property=\"og:image:width\" content=\"1000\" \/>\n\t<meta property=\"og:image:height\" content=\"1000\" \/>\n\t<meta property=\"og:image:type\" content=\"image\/png\" \/>\n<meta name=\"twitter:card\" content=\"summary_large_image\" \/>\n<meta name=\"twitter:label1\" content=\"Est. reading time\" \/>\n\t<meta name=\"twitter:data1\" content=\"2 minutes\" \/>\n<script type=\"application\/ld+json\" class=\"yoast-schema-graph\">{\"@context\":\"https:\/\/schema.org\",\"@graph\":[{\"@type\":\"WebPage\",\"@id\":\"https:\/\/idakorea.ee\/product\/sugavpuhastav-vaht-naole-retinaaliga-ckd-retino-collagen-small-molecule-300-pore-cleansing-foam-150ml\/\",\"url\":\"https:\/\/idakorea.ee\/product\/sugavpuhastav-vaht-naole-retinaaliga-ckd-retino-collagen-small-molecule-300-pore-cleansing-foam-150ml\/\",\"name\":\"S\u00fcgavpuhastav vaht n\u00e4ole retinaaliga CKD Retino Collagen Small Molecule 300 Pore Cleansing Foam, 150ml - IDA.KOREA\",\"isPartOf\":{\"@id\":\"https:\/\/idakorea.ee\/#website\"},\"primaryImageOfPage\":{\"@id\":\"https:\/\/idakorea.ee\/product\/sugavpuhastav-vaht-naole-retinaaliga-ckd-retino-collagen-small-molecule-300-pore-cleansing-foam-150ml\/#primaryimage\"},\"image\":{\"@id\":\"https:\/\/idakorea.ee\/product\/sugavpuhastav-vaht-naole-retinaaliga-ckd-retino-collagen-small-molecule-300-pore-cleansing-foam-150ml\/#primaryimage\"},\"thumbnailUrl\":\"https:\/\/idakorea.ee\/wp-content\/uploads\/2024\/11\/hollyshop-_-2023_10_29t122411.619-_1_.png\",\"datePublished\":\"2024-11-03T13:51:16+00:00\",\"dateModified\":\"2026-01-30T13:58:22+00:00\",\"breadcrumb\":{\"@id\":\"https:\/\/idakorea.ee\/product\/sugavpuhastav-vaht-naole-retinaaliga-ckd-retino-collagen-small-molecule-300-pore-cleansing-foam-150ml\/#breadcrumb\"},\"inLanguage\":\"en-US\",\"potentialAction\":[{\"@type\":\"ReadAction\",\"target\":[\"https:\/\/idakorea.ee\/product\/sugavpuhastav-vaht-naole-retinaaliga-ckd-retino-collagen-small-molecule-300-pore-cleansing-foam-150ml\/\"]}]},{\"@type\":\"ImageObject\",\"inLanguage\":\"en-US\",\"@id\":\"https:\/\/idakorea.ee\/product\/sugavpuhastav-vaht-naole-retinaaliga-ckd-retino-collagen-small-molecule-300-pore-cleansing-foam-150ml\/#primaryimage\",\"url\":\"https:\/\/idakorea.ee\/wp-content\/uploads\/2024\/11\/hollyshop-_-2023_10_29t122411.619-_1_.png\",\"contentUrl\":\"https:\/\/idakorea.ee\/wp-content\/uploads\/2024\/11\/hollyshop-_-2023_10_29t122411.619-_1_.png\",\"width\":1000,\"height\":1000},{\"@type\":\"BreadcrumbList\",\"@id\":\"https:\/\/idakorea.ee\/product\/sugavpuhastav-vaht-naole-retinaaliga-ckd-retino-collagen-small-molecule-300-pore-cleansing-foam-150ml\/#breadcrumb\",\"itemListElement\":[{\"@type\":\"ListItem\",\"position\":1,\"name\":\"\u0413\u043b\u0430\u0432\u043d\u0430\u044f \u0441\u0442\u0440\u0430\u043d\u0438\u0446\u0430\",\"item\":\"https:\/\/idakorea.ee\/\"},{\"@type\":\"ListItem\",\"position\":2,\"name\":\"Shop\",\"item\":\"https:\/\/idakorea.ee\/shop-2\/\"},{\"@type\":\"ListItem\",\"position\":3,\"name\":\"S\u00fcgavpuhastav vaht n\u00e4ole retinaaliga CKD Retino Collagen Small Molecule 300 Pore Cleansing Foam, 150ml\"}]},{\"@type\":\"WebSite\",\"@id\":\"https:\/\/idakorea.ee\/#website\",\"url\":\"https:\/\/idakorea.ee\/\",\"name\":\"IDA.KOREA\",\"description\":\"Korea kosmeetika e-pood\",\"publisher\":{\"@id\":\"https:\/\/idakorea.ee\/#organization\"},\"alternateName\":\"Beauty Shop\",\"potentialAction\":[{\"@type\":\"SearchAction\",\"target\":{\"@type\":\"EntryPoint\",\"urlTemplate\":\"https:\/\/idakorea.ee\/?s={search_term_string}\"},\"query-input\":{\"@type\":\"PropertyValueSpecification\",\"valueRequired\":true,\"valueName\":\"search_term_string\"}}],\"inLanguage\":\"en-US\"},{\"@type\":\"Organization\",\"@id\":\"https:\/\/idakorea.ee\/#organization\",\"name\":\"IDA.KOREA\",\"url\":\"https:\/\/idakorea.ee\/\",\"logo\":{\"@type\":\"ImageObject\",\"inLanguage\":\"en-US\",\"@id\":\"https:\/\/idakorea.ee\/#\/schema\/logo\/image\/\",\"url\":\"https:\/\/idakorea.ee\/wp-content\/uploads\/2024\/05\/cropped-korea3.png\",\"contentUrl\":\"https:\/\/idakorea.ee\/wp-content\/uploads\/2024\/05\/cropped-korea3.png\",\"width\":688,\"height\":126,\"caption\":\"IDA.KOREA\"},\"image\":{\"@id\":\"https:\/\/idakorea.ee\/#\/schema\/logo\/image\/\"},\"sameAs\":[\"https:\/\/www.instagram.com\/ida.korea\/\"]}]}<\/script>\n<!-- \/ Yoast SEO plugin. -->","yoast_head_json":{"title":"Deep cleansing facial foam with retinal CKD Retino Collagen Small Molecule 300 Pore Cleansing Foam, 150ml - IDA.KOREA","robots":{"index":"index","follow":"follow","max-snippet":"max-snippet:-1","max-image-preview":"max-image-preview:large","max-video-preview":"max-video-preview:-1"},"canonical":"https:\/\/idakorea.ee\/en\/product\/sugavpuhastav-vaht-naole-retinaaliga-ckd-retino-collagen-small-molecule-300-pore-cleansing-foam-150ml\/","og_locale":"en_US","og_type":"article","og_title":"S\u00fcgavpuhastav vaht n\u00e4ole retinaaliga CKD Retino Collagen Small Molecule 300 Pore Cleansing Foam, 150ml - IDA.KOREA","og_description":"S\u00fcgavpuhastav vaht n\u00e4ole retinaaliga CKD Retino Collagen Small Molecule 300 Pore Cleansing Foam eemaldab mustuse ja ummistused, tungides s\u00fcgavale pooridesse, puhastades neid efektiivselt ja lahustades rasuummistused. Sellel on ka nahka tugevdavad omadused, mis aeglustavad vananemisprotsessi ja aitavad siluda kortse. Sisaldab h\u00fcdrol\u00fc\u00fcsitud kollageeni, h\u00fcaluroonhapet, p\u00e4rmiekstrakti, bifidobakteri ens\u00fc\u00fcmi ja SYN-Coll&#8217;i. \u00d5rn koostis tagab naha optimaalse pH-tasakaalu, toetab...","og_url":"https:\/\/idakorea.ee\/en\/product\/sugavpuhastav-vaht-naole-retinaaliga-ckd-retino-collagen-small-molecule-300-pore-cleansing-foam-150ml\/","og_site_name":"IDA.KOREA","article_modified_time":"2026-01-30T13:58:22+00:00","og_image":[{"width":1000,"height":1000,"url":"https:\/\/idakorea.ee\/wp-content\/uploads\/2024\/11\/hollyshop-_-2023_10_29t122411.619-_1_.png","type":"image\/png"}],"twitter_card":"summary_large_image","twitter_misc":{"Est. reading time":"2 minutes"},"schema":{"@context":"https:\/\/schema.org","@graph":[{"@type":"WebPage","@id":"https:\/\/idakorea.ee\/product\/sugavpuhastav-vaht-naole-retinaaliga-ckd-retino-collagen-small-molecule-300-pore-cleansing-foam-150ml\/","url":"https:\/\/idakorea.ee\/product\/sugavpuhastav-vaht-naole-retinaaliga-ckd-retino-collagen-small-molecule-300-pore-cleansing-foam-150ml\/","name":"Deep cleansing facial foam with retinal CKD Retino Collagen Small Molecule 300 Pore Cleansing Foam, 150ml - IDA.KOREA","isPartOf":{"@id":"https:\/\/idakorea.ee\/#website"},"primaryImageOfPage":{"@id":"https:\/\/idakorea.ee\/product\/sugavpuhastav-vaht-naole-retinaaliga-ckd-retino-collagen-small-molecule-300-pore-cleansing-foam-150ml\/#primaryimage"},"image":{"@id":"https:\/\/idakorea.ee\/product\/sugavpuhastav-vaht-naole-retinaaliga-ckd-retino-collagen-small-molecule-300-pore-cleansing-foam-150ml\/#primaryimage"},"thumbnailUrl":"https:\/\/idakorea.ee\/wp-content\/uploads\/2024\/11\/hollyshop-_-2023_10_29t122411.619-_1_.png","datePublished":"2024-11-03T13:51:16+00:00","dateModified":"2026-01-30T13:58:22+00:00","breadcrumb":{"@id":"https:\/\/idakorea.ee\/product\/sugavpuhastav-vaht-naole-retinaaliga-ckd-retino-collagen-small-molecule-300-pore-cleansing-foam-150ml\/#breadcrumb"},"inLanguage":"en-US","potentialAction":[{"@type":"ReadAction","target":["https:\/\/idakorea.ee\/product\/sugavpuhastav-vaht-naole-retinaaliga-ckd-retino-collagen-small-molecule-300-pore-cleansing-foam-150ml\/"]}]},{"@type":"ImageObject","inLanguage":"en-US","@id":"https:\/\/idakorea.ee\/product\/sugavpuhastav-vaht-naole-retinaaliga-ckd-retino-collagen-small-molecule-300-pore-cleansing-foam-150ml\/#primaryimage","url":"https:\/\/idakorea.ee\/wp-content\/uploads\/2024\/11\/hollyshop-_-2023_10_29t122411.619-_1_.png","contentUrl":"https:\/\/idakorea.ee\/wp-content\/uploads\/2024\/11\/hollyshop-_-2023_10_29t122411.619-_1_.png","width":1000,"height":1000},{"@type":"BreadcrumbList","@id":"https:\/\/idakorea.ee\/product\/sugavpuhastav-vaht-naole-retinaaliga-ckd-retino-collagen-small-molecule-300-pore-cleansing-foam-150ml\/#breadcrumb","itemListElement":[{"@type":"ListItem","position":1,"name":"\u0413\u043b\u0430\u0432\u043d\u0430\u044f \u0441\u0442\u0440\u0430\u043d\u0438\u0446\u0430","item":"https:\/\/idakorea.ee\/"},{"@type":"ListItem","position":2,"name":"Shop","item":"https:\/\/idakorea.ee\/shop-2\/"},{"@type":"ListItem","position":3,"name":"S\u00fcgavpuhastav vaht n\u00e4ole retinaaliga CKD Retino Collagen Small Molecule 300 Pore Cleansing Foam, 150ml"}]},{"@type":"WebSite","@id":"https:\/\/idakorea.ee\/#website","url":"https:\/\/idakorea.ee\/","name":"IDA.KOREA","description":"Korean cosmetics e-shop","publisher":{"@id":"https:\/\/idakorea.ee\/#organization"},"alternateName":"Beauty Shop","potentialAction":[{"@type":"SearchAction","target":{"@type":"EntryPoint","urlTemplate":"https:\/\/idakorea.ee\/?s={search_term_string}"},"query-input":{"@type":"PropertyValueSpecification","valueRequired":true,"valueName":"search_term_string"}}],"inLanguage":"en-US"},{"@type":"Organization","@id":"https:\/\/idakorea.ee\/#organization","name":"IDA.KOREA","url":"https:\/\/idakorea.ee\/","logo":{"@type":"ImageObject","inLanguage":"en-US","@id":"https:\/\/idakorea.ee\/#\/schema\/logo\/image\/","url":"https:\/\/idakorea.ee\/wp-content\/uploads\/2024\/05\/cropped-korea3.png","contentUrl":"https:\/\/idakorea.ee\/wp-content\/uploads\/2024\/05\/cropped-korea3.png","width":688,"height":126,"caption":"IDA.KOREA"},"image":{"@id":"https:\/\/idakorea.ee\/#\/schema\/logo\/image\/"},"sameAs":["https:\/\/www.instagram.com\/ida.korea\/"]}]}},"jetpack_sharing_enabled":true,"brands":[{"id":560,"name":"CKD","slug":"ckd"}],"_links":{"self":[{"href":"https:\/\/idakorea.ee\/en\/wp-json\/wp\/v2\/product\/11119","targetHints":{"allow":["GET"]}}],"collection":[{"href":"https:\/\/idakorea.ee\/en\/wp-json\/wp\/v2\/product"}],"about":[{"href":"https:\/\/idakorea.ee\/en\/wp-json\/wp\/v2\/types\/product"}],"replies":[{"embeddable":true,"href":"https:\/\/idakorea.ee\/en\/wp-json\/wp\/v2\/comments?post=11119"}],"version-history":[{"count":1,"href":"https:\/\/idakorea.ee\/en\/wp-json\/wp\/v2\/product\/11119\/revisions"}],"predecessor-version":[{"id":11123,"href":"https:\/\/idakorea.ee\/en\/wp-json\/wp\/v2\/product\/11119\/revisions\/11123"}],"wp:featuredmedia":[{"embeddable":true,"href":"https:\/\/idakorea.ee\/en\/wp-json\/wp\/v2\/media\/11120"}],"wp:attachment":[{"href":"https:\/\/idakorea.ee\/en\/wp-json\/wp\/v2\/media?parent=11119"}],"wp:term":[{"taxonomy":"pwb-brand","embeddable":true,"href":"https:\/\/idakorea.ee\/en\/wp-json\/wp\/v2\/pwb-brand?post=11119"},{"taxonomy":"product_brand","embeddable":true,"href":"https:\/\/idakorea.ee\/en\/wp-json\/wp\/v2\/product_brand?post=11119"},{"taxonomy":"product_cat","embeddable":true,"href":"https:\/\/idakorea.ee\/en\/wp-json\/wp\/v2\/product_cat?post=11119"},{"taxonomy":"product_tag","embeddable":true,"href":"https:\/\/idakorea.ee\/en\/wp-json\/wp\/v2\/product_tag?post=11119"}],"curies":[{"name":"wp","href":"https:\/\/api.w.org\/{rel}","templated":true}]}}