{"id":11125,"date":"2024-11-03T16:57:37","date_gmt":"2024-11-03T13:57:37","guid":{"rendered":"https:\/\/idakorea.ee\/?post_type=product&#038;p=11125"},"modified":"2026-01-30T15:57:31","modified_gmt":"2026-01-30T13:57:31","slug":"liposomaalne-lifting-ampull-retinaaliga-ckd-retino-collagen-small-molecule-300-pumping-ampoule","status":"publish","type":"product","link":"https:\/\/idakorea.ee\/en\/product\/liposomaalne-lifting-ampull-retinaaliga-ckd-retino-collagen-small-molecule-300-pumping-ampoule\/","title":{"rendered":"Liposomal lifting ampoule with retinal CKD Retino Collagen Small Molecule 300 Pumping Ampoule, 30ml"},"content":{"rendered":"<p>Liposomal lifting-ampoule with retinal enhancement<strong> CKD Retino Collagen Small Molecule 300 Pumping Ampoule<\/strong> has a strong skin tightening effect, increasing skin density and protecting it from thinning. The ampoule restores moisture levels in the epidermal cells, nourishes the skin and soothes dryness. It tones the skin, refreshes the complexion and restores a healthy glow.<\/p>\n<p>The product stimulates the synthesis of the skin's own collagen and elastin fibres, helping to smooth wrinkles, static and mimic wrinkles. It has a revitalising effect - accelerating cell renewal and softening the skin.<\/p>\n<p>Patented<strong> FLEXIBLE LIPOSOMES<\/strong> technology promotes effective absorption of active ingredients into epidermal cells, stabilises the retina and reduces the risk of irritation.<\/p>\n<p><strong>Main active ingredients:<\/strong><br \/>\n<strong>- Low molecular weight hydrolysed collagen (55%)<\/strong> strengthens cell walls, improves protein metabolism and helps smooth fine wrinkles and sagging.<br \/>\n<strong>- Stabilised third generation retinal (50 ppm)<\/strong> is one of the most effective forms of vitamin A in cosmetics, stimulating cell renewal, smoothing skin texture and reducing the appearance of wrinkles and enlarged pores. Increases collagen and hyaluronic acid synthesis.<br \/>\n<strong>- hyaluronic acid<\/strong> moisturises, relieves dryness and tightness, smoothes the skin's contours and maintains elasticity.<br \/>\n<strong>- Cluveromycetes yeast extract<\/strong> enriches the skin with nutrients and beneficial substances, including peptides, amino acids, minerals and vitamins B, A and PP. It penetrates deep into the skin, speeds up the metabolism and leaves it soft and velvety.<br \/>\n<strong>- adenosine<\/strong> has a cytoprotective effect, protecting cells from oxidation and slowing down the ageing process. Stimulates the synthesis of procollagen-1, essential for skin elasticity and smoothness.<br \/>\n<strong>- Bifidobacteria ferment<\/strong> regenerates, repairs and protects the skin by stimulating the proliferation of fibroblasts, the main elements of connective tissue.<br \/>\n<strong>- SYN-Coll<\/strong> is a potent anti-ageing complex that actively promotes the synthesis of collagen and prevents its degradation. Improves skin elasticity, reduces the depth of deep mimic and ageing wrinkles, smoothes and firms the skin.<\/p>\n<p>&nbsp;<\/p>\n<p>Suitable for dry, normal and combination skin.<\/p>\n<p><strong>User manual:<\/strong> apply the required amount of ampoule to moisturised skin after toner and finish with moisturiser. For daytime use, apply SPF 50 PA++++ sunscreen.<\/p>\n<p><strong>Attention!<\/strong> If you have not used retinal products before, start using them gradually. Do not use in combination with acidic products and products with high vitamin C content. Do not use during pregnancy, breast-feeding or after cosmetic procedures that traumatise the skin.<\/p>","protected":false},"excerpt":{"rendered":"<p>Liposomal Lifting Ampoule with Retinal CKD Retino Collagen Small Molecule 300 Pumping Ampoule has a strong skin tightening effect, increasing skin density and protecting it from thinning. The ampoule restores moisture levels in the epidermal cells, nourishes the skin and relieves dryness. It tones the skin, refreshes the complexion and restores a healthy glow. Stimulates the synthesis of collagen and elastin fibres in the skin, helping to smooth wrinkles, wrinkle lines, static...<\/p>","protected":false},"featured_media":11093,"comment_status":"open","ping_status":"closed","template":"","meta":{"_uf_show_specific_survey":0,"_uf_disable_surveys":false,"_bst_post_transparent":"default","_bst_post_title":"","_bst_post_layout":"default","_bst_post_sidebar_id":"","_bst_post_content_style":"default","_bst_post_vertical_padding":"default","_bst_post_feature":"","_bst_post_feature_position":"","_bst_post_header":false,"_bst_post_footer":false},"pwb-brand":[560],"product_brand":[],"product_cat":[92,97],"product_tag":[561,202,213],"class_list":{"0":"post-11125","1":"product","2":"type-product","3":"status-publish","4":"has-post-thumbnail","6":"pwb-brand-ckd","7":"product_cat-nagu","8":"product_cat-naoseerumid-ja-olid","9":"product_tag-ckd","10":"product_tag-korea-kosmeetika","11":"product_tag-retinol","13":"first","14":"instock","15":"sale","16":"shipping-taxable","17":"purchasable","18":"product-type-simple","19":"entry","20":"content-bg","21":"loop-entry"},"supplier_id":null,"supplier_sku":"","barcode":null,"atum_controlled":true,"out_stock_date":null,"out_stock_threshold":null,"inheritable":false,"inbound_stock":0,"stock_on_hold":0,"sold_today":0,"sales_last_days":0,"out_stock_days":0,"lost_sales":0,"has_location":false,"update_date":"2026-04-14T00:05:05","atum_locations":[],"atum_stock_status":"instock","restock_status":false,"low_stock_amount":"","sales_update_date":"2026-04-14T00:05:05","calc_backorders":null,"yoast_head":"<!-- This site is optimized with the Yoast SEO plugin v27.2 - https:\/\/yoast.com\/product\/yoast-seo-wordpress\/ -->\n<title>Liposomaalne lifting-ampull retinaaliga CKD Retino Collagen Small Molecule 300 Pumping Ampoule, 30ml - IDA.KOREA<\/title>\n<meta name=\"robots\" content=\"index, follow, max-snippet:-1, max-image-preview:large, max-video-preview:-1\" \/>\n<link rel=\"canonical\" href=\"https:\/\/idakorea.ee\/en\/product\/liposomaalne-lifting-ampull-retinaaliga-ckd-retino-collagen-small-molecule-300-pumping-ampoule\/\" \/>\n<meta property=\"og:locale\" content=\"en_US\" \/>\n<meta property=\"og:type\" content=\"article\" \/>\n<meta property=\"og:title\" content=\"Liposomaalne lifting-ampull retinaaliga CKD Retino Collagen Small Molecule 300 Pumping Ampoule, 30ml - IDA.KOREA\" \/>\n<meta property=\"og:description\" content=\"Liposomaalne lifting-ampull retinaaliga CKD Retino Collagen Small Molecule 300 Pumping Ampoule omab tugevat nahka tihendavat toimet, suurendades naha tihedust ja kaitstes seda h\u00f5renemise eest. Ampull taastab epidermise rakkudes niiskustaseme, toidab nahka ja leevendab kuivust. Annab nahale toonust, v\u00e4rskendab jume ja taastab terve s\u00e4ra. Toode stimuleerib naha enda kollageeni- ja elastiinikiudude s\u00fcnteesi, aidates siluda kortsuvagusid, staatilisi...\" \/>\n<meta property=\"og:url\" content=\"https:\/\/idakorea.ee\/en\/product\/liposomaalne-lifting-ampull-retinaaliga-ckd-retino-collagen-small-molecule-300-pumping-ampoule\/\" \/>\n<meta property=\"og:site_name\" content=\"IDA.KOREA\" \/>\n<meta property=\"article:modified_time\" content=\"2026-01-30T13:57:31+00:00\" \/>\n<meta property=\"og:image\" content=\"https:\/\/idakorea.ee\/wp-content\/uploads\/2024\/11\/hollyshop-_97_-_1_.png\" \/>\n\t<meta property=\"og:image:width\" content=\"1000\" \/>\n\t<meta property=\"og:image:height\" content=\"1000\" \/>\n\t<meta property=\"og:image:type\" content=\"image\/png\" \/>\n<meta name=\"twitter:card\" content=\"summary_large_image\" \/>\n<meta name=\"twitter:label1\" content=\"Est. reading time\" \/>\n\t<meta name=\"twitter:data1\" content=\"2 minutes\" \/>\n<script type=\"application\/ld+json\" class=\"yoast-schema-graph\">{\"@context\":\"https:\/\/schema.org\",\"@graph\":[{\"@type\":\"WebPage\",\"@id\":\"https:\/\/idakorea.ee\/product\/liposomaalne-lifting-ampull-retinaaliga-ckd-retino-collagen-small-molecule-300-pumping-ampoule\/\",\"url\":\"https:\/\/idakorea.ee\/product\/liposomaalne-lifting-ampull-retinaaliga-ckd-retino-collagen-small-molecule-300-pumping-ampoule\/\",\"name\":\"Liposomaalne lifting-ampull retinaaliga CKD Retino Collagen Small Molecule 300 Pumping Ampoule, 30ml - IDA.KOREA\",\"isPartOf\":{\"@id\":\"https:\/\/idakorea.ee\/#website\"},\"primaryImageOfPage\":{\"@id\":\"https:\/\/idakorea.ee\/product\/liposomaalne-lifting-ampull-retinaaliga-ckd-retino-collagen-small-molecule-300-pumping-ampoule\/#primaryimage\"},\"image\":{\"@id\":\"https:\/\/idakorea.ee\/product\/liposomaalne-lifting-ampull-retinaaliga-ckd-retino-collagen-small-molecule-300-pumping-ampoule\/#primaryimage\"},\"thumbnailUrl\":\"https:\/\/idakorea.ee\/wp-content\/uploads\/2024\/11\/hollyshop-_97_-_1_.png\",\"datePublished\":\"2024-11-03T13:57:37+00:00\",\"dateModified\":\"2026-01-30T13:57:31+00:00\",\"breadcrumb\":{\"@id\":\"https:\/\/idakorea.ee\/product\/liposomaalne-lifting-ampull-retinaaliga-ckd-retino-collagen-small-molecule-300-pumping-ampoule\/#breadcrumb\"},\"inLanguage\":\"en-US\",\"potentialAction\":[{\"@type\":\"ReadAction\",\"target\":[\"https:\/\/idakorea.ee\/product\/liposomaalne-lifting-ampull-retinaaliga-ckd-retino-collagen-small-molecule-300-pumping-ampoule\/\"]}]},{\"@type\":\"ImageObject\",\"inLanguage\":\"en-US\",\"@id\":\"https:\/\/idakorea.ee\/product\/liposomaalne-lifting-ampull-retinaaliga-ckd-retino-collagen-small-molecule-300-pumping-ampoule\/#primaryimage\",\"url\":\"https:\/\/idakorea.ee\/wp-content\/uploads\/2024\/11\/hollyshop-_97_-_1_.png\",\"contentUrl\":\"https:\/\/idakorea.ee\/wp-content\/uploads\/2024\/11\/hollyshop-_97_-_1_.png\",\"width\":1000,\"height\":1000,\"caption\":\"ckd pumping ampoule\"},{\"@type\":\"BreadcrumbList\",\"@id\":\"https:\/\/idakorea.ee\/product\/liposomaalne-lifting-ampull-retinaaliga-ckd-retino-collagen-small-molecule-300-pumping-ampoule\/#breadcrumb\",\"itemListElement\":[{\"@type\":\"ListItem\",\"position\":1,\"name\":\"\u0413\u043b\u0430\u0432\u043d\u0430\u044f \u0441\u0442\u0440\u0430\u043d\u0438\u0446\u0430\",\"item\":\"https:\/\/idakorea.ee\/\"},{\"@type\":\"ListItem\",\"position\":2,\"name\":\"Shop\",\"item\":\"https:\/\/idakorea.ee\/shop-2\/\"},{\"@type\":\"ListItem\",\"position\":3,\"name\":\"Liposomaalne lifting-ampull retinaaliga CKD Retino Collagen Small Molecule 300 Pumping Ampoule, 30ml\"}]},{\"@type\":\"WebSite\",\"@id\":\"https:\/\/idakorea.ee\/#website\",\"url\":\"https:\/\/idakorea.ee\/\",\"name\":\"IDA.KOREA\",\"description\":\"Korea kosmeetika e-pood\",\"publisher\":{\"@id\":\"https:\/\/idakorea.ee\/#organization\"},\"alternateName\":\"Beauty Shop\",\"potentialAction\":[{\"@type\":\"SearchAction\",\"target\":{\"@type\":\"EntryPoint\",\"urlTemplate\":\"https:\/\/idakorea.ee\/?s={search_term_string}\"},\"query-input\":{\"@type\":\"PropertyValueSpecification\",\"valueRequired\":true,\"valueName\":\"search_term_string\"}}],\"inLanguage\":\"en-US\"},{\"@type\":\"Organization\",\"@id\":\"https:\/\/idakorea.ee\/#organization\",\"name\":\"IDA.KOREA\",\"url\":\"https:\/\/idakorea.ee\/\",\"logo\":{\"@type\":\"ImageObject\",\"inLanguage\":\"en-US\",\"@id\":\"https:\/\/idakorea.ee\/#\/schema\/logo\/image\/\",\"url\":\"https:\/\/idakorea.ee\/wp-content\/uploads\/2024\/05\/cropped-korea3.png\",\"contentUrl\":\"https:\/\/idakorea.ee\/wp-content\/uploads\/2024\/05\/cropped-korea3.png\",\"width\":688,\"height\":126,\"caption\":\"IDA.KOREA\"},\"image\":{\"@id\":\"https:\/\/idakorea.ee\/#\/schema\/logo\/image\/\"},\"sameAs\":[\"https:\/\/www.instagram.com\/ida.korea\/\"]}]}<\/script>\n<!-- \/ Yoast SEO plugin. -->","yoast_head_json":{"title":"Liposomal lifting ampoule with retinal CKD Retino Collagen Small Molecule 300 Pumping Ampoule, 30ml - IDA.KOREA","robots":{"index":"index","follow":"follow","max-snippet":"max-snippet:-1","max-image-preview":"max-image-preview:large","max-video-preview":"max-video-preview:-1"},"canonical":"https:\/\/idakorea.ee\/en\/product\/liposomaalne-lifting-ampull-retinaaliga-ckd-retino-collagen-small-molecule-300-pumping-ampoule\/","og_locale":"en_US","og_type":"article","og_title":"Liposomaalne lifting-ampull retinaaliga CKD Retino Collagen Small Molecule 300 Pumping Ampoule, 30ml - IDA.KOREA","og_description":"Liposomaalne lifting-ampull retinaaliga CKD Retino Collagen Small Molecule 300 Pumping Ampoule omab tugevat nahka tihendavat toimet, suurendades naha tihedust ja kaitstes seda h\u00f5renemise eest. Ampull taastab epidermise rakkudes niiskustaseme, toidab nahka ja leevendab kuivust. Annab nahale toonust, v\u00e4rskendab jume ja taastab terve s\u00e4ra. Toode stimuleerib naha enda kollageeni- ja elastiinikiudude s\u00fcnteesi, aidates siluda kortsuvagusid, staatilisi...","og_url":"https:\/\/idakorea.ee\/en\/product\/liposomaalne-lifting-ampull-retinaaliga-ckd-retino-collagen-small-molecule-300-pumping-ampoule\/","og_site_name":"IDA.KOREA","article_modified_time":"2026-01-30T13:57:31+00:00","og_image":[{"width":1000,"height":1000,"url":"https:\/\/idakorea.ee\/wp-content\/uploads\/2024\/11\/hollyshop-_97_-_1_.png","type":"image\/png"}],"twitter_card":"summary_large_image","twitter_misc":{"Est. reading time":"2 minutes"},"schema":{"@context":"https:\/\/schema.org","@graph":[{"@type":"WebPage","@id":"https:\/\/idakorea.ee\/product\/liposomaalne-lifting-ampull-retinaaliga-ckd-retino-collagen-small-molecule-300-pumping-ampoule\/","url":"https:\/\/idakorea.ee\/product\/liposomaalne-lifting-ampull-retinaaliga-ckd-retino-collagen-small-molecule-300-pumping-ampoule\/","name":"Liposomal lifting ampoule with retinal CKD Retino Collagen Small Molecule 300 Pumping Ampoule, 30ml - IDA.KOREA","isPartOf":{"@id":"https:\/\/idakorea.ee\/#website"},"primaryImageOfPage":{"@id":"https:\/\/idakorea.ee\/product\/liposomaalne-lifting-ampull-retinaaliga-ckd-retino-collagen-small-molecule-300-pumping-ampoule\/#primaryimage"},"image":{"@id":"https:\/\/idakorea.ee\/product\/liposomaalne-lifting-ampull-retinaaliga-ckd-retino-collagen-small-molecule-300-pumping-ampoule\/#primaryimage"},"thumbnailUrl":"https:\/\/idakorea.ee\/wp-content\/uploads\/2024\/11\/hollyshop-_97_-_1_.png","datePublished":"2024-11-03T13:57:37+00:00","dateModified":"2026-01-30T13:57:31+00:00","breadcrumb":{"@id":"https:\/\/idakorea.ee\/product\/liposomaalne-lifting-ampull-retinaaliga-ckd-retino-collagen-small-molecule-300-pumping-ampoule\/#breadcrumb"},"inLanguage":"en-US","potentialAction":[{"@type":"ReadAction","target":["https:\/\/idakorea.ee\/product\/liposomaalne-lifting-ampull-retinaaliga-ckd-retino-collagen-small-molecule-300-pumping-ampoule\/"]}]},{"@type":"ImageObject","inLanguage":"en-US","@id":"https:\/\/idakorea.ee\/product\/liposomaalne-lifting-ampull-retinaaliga-ckd-retino-collagen-small-molecule-300-pumping-ampoule\/#primaryimage","url":"https:\/\/idakorea.ee\/wp-content\/uploads\/2024\/11\/hollyshop-_97_-_1_.png","contentUrl":"https:\/\/idakorea.ee\/wp-content\/uploads\/2024\/11\/hollyshop-_97_-_1_.png","width":1000,"height":1000,"caption":"ckd pumping ampoule"},{"@type":"BreadcrumbList","@id":"https:\/\/idakorea.ee\/product\/liposomaalne-lifting-ampull-retinaaliga-ckd-retino-collagen-small-molecule-300-pumping-ampoule\/#breadcrumb","itemListElement":[{"@type":"ListItem","position":1,"name":"\u0413\u043b\u0430\u0432\u043d\u0430\u044f \u0441\u0442\u0440\u0430\u043d\u0438\u0446\u0430","item":"https:\/\/idakorea.ee\/"},{"@type":"ListItem","position":2,"name":"Shop","item":"https:\/\/idakorea.ee\/shop-2\/"},{"@type":"ListItem","position":3,"name":"Liposomaalne lifting-ampull retinaaliga CKD Retino Collagen Small Molecule 300 Pumping Ampoule, 30ml"}]},{"@type":"WebSite","@id":"https:\/\/idakorea.ee\/#website","url":"https:\/\/idakorea.ee\/","name":"IDA.KOREA","description":"Korean cosmetics e-shop","publisher":{"@id":"https:\/\/idakorea.ee\/#organization"},"alternateName":"Beauty Shop","potentialAction":[{"@type":"SearchAction","target":{"@type":"EntryPoint","urlTemplate":"https:\/\/idakorea.ee\/?s={search_term_string}"},"query-input":{"@type":"PropertyValueSpecification","valueRequired":true,"valueName":"search_term_string"}}],"inLanguage":"en-US"},{"@type":"Organization","@id":"https:\/\/idakorea.ee\/#organization","name":"IDA.KOREA","url":"https:\/\/idakorea.ee\/","logo":{"@type":"ImageObject","inLanguage":"en-US","@id":"https:\/\/idakorea.ee\/#\/schema\/logo\/image\/","url":"https:\/\/idakorea.ee\/wp-content\/uploads\/2024\/05\/cropped-korea3.png","contentUrl":"https:\/\/idakorea.ee\/wp-content\/uploads\/2024\/05\/cropped-korea3.png","width":688,"height":126,"caption":"IDA.KOREA"},"image":{"@id":"https:\/\/idakorea.ee\/#\/schema\/logo\/image\/"},"sameAs":["https:\/\/www.instagram.com\/ida.korea\/"]}]}},"jetpack_sharing_enabled":true,"brands":[{"id":560,"name":"CKD","slug":"ckd"}],"_links":{"self":[{"href":"https:\/\/idakorea.ee\/en\/wp-json\/wp\/v2\/product\/11125","targetHints":{"allow":["GET"]}}],"collection":[{"href":"https:\/\/idakorea.ee\/en\/wp-json\/wp\/v2\/product"}],"about":[{"href":"https:\/\/idakorea.ee\/en\/wp-json\/wp\/v2\/types\/product"}],"replies":[{"embeddable":true,"href":"https:\/\/idakorea.ee\/en\/wp-json\/wp\/v2\/comments?post=11125"}],"version-history":[{"count":3,"href":"https:\/\/idakorea.ee\/en\/wp-json\/wp\/v2\/product\/11125\/revisions"}],"predecessor-version":[{"id":16355,"href":"https:\/\/idakorea.ee\/en\/wp-json\/wp\/v2\/product\/11125\/revisions\/16355"}],"wp:featuredmedia":[{"embeddable":true,"href":"https:\/\/idakorea.ee\/en\/wp-json\/wp\/v2\/media\/11093"}],"wp:attachment":[{"href":"https:\/\/idakorea.ee\/en\/wp-json\/wp\/v2\/media?parent=11125"}],"wp:term":[{"taxonomy":"pwb-brand","embeddable":true,"href":"https:\/\/idakorea.ee\/en\/wp-json\/wp\/v2\/pwb-brand?post=11125"},{"taxonomy":"product_brand","embeddable":true,"href":"https:\/\/idakorea.ee\/en\/wp-json\/wp\/v2\/product_brand?post=11125"},{"taxonomy":"product_cat","embeddable":true,"href":"https:\/\/idakorea.ee\/en\/wp-json\/wp\/v2\/product_cat?post=11125"},{"taxonomy":"product_tag","embeddable":true,"href":"https:\/\/idakorea.ee\/en\/wp-json\/wp\/v2\/product_tag?post=11125"}],"curies":[{"name":"wp","href":"https:\/\/api.w.org\/{rel}","templated":true}]}}