{"id":11245,"date":"2024-11-12T17:12:29","date_gmt":"2024-11-12T15:12:29","guid":{"rendered":"https:\/\/idakorea.ee\/?post_type=product&#038;p=11245"},"modified":"2026-03-25T10:22:41","modified_gmt":"2026-03-25T08:22:41","slug":"missha-vita-c-plus-spot-correcting-firming-ampull-30ml","status":"publish","type":"product","link":"https:\/\/idakorea.ee\/en\/product\/missha-vita-c-plus-spot-correcting-firming-ampull-30ml\/","title":{"rendered":"Missha Vita C Plus Spot Correcting &amp; Firming Ampoule, 30ml"},"content":{"rendered":"<p><strong>Missha Vita C Plus Spot Correcting &amp; Firming Ampoule<\/strong> - an anti darkening and firming ampoule that brightens pigmentation, reduces dark spots, acne scars and signs of inflammation, removes dull complexion and evens skin tone.<\/p>\n<p>The product smoothes wrinkles, increases the skin's radiance and elasticity, slows down the ageing process, firms the skin, softens and smoothes the micro-relief, reducing visible signs of photo-ageing and protecting against the effects of UV rays.<\/p>\n<p><strong>pH 6.2.<\/strong> The product does not contain artificial colours or fragrances, parabens, sulphates, animal ingredients, alcohol or mineral oils.<\/p>\n<p>The ampoule contains 33% Vita C Liposome Formula complex, consisting of 99% of pure and stable vitamin C and its derivatives encapsulated in a shell of lipids - phytosterols and phospholipids.<\/p>\n<ul>\n<li><strong>Vitamin C<\/strong> - lightens hyperpigmentation, evens skin tone, stimulates collagen production, protects cells from free radicals and leaves skin smooth and radiant. Liposome technology allows the active ingredients to act deep within the epidermis without causing irritation or redness.<\/li>\n<\/ul>\n<p><strong>Additional active substances:<\/strong><\/p>\n<ul>\n<li><strong>Tranexamic acid<\/strong> - a brightening agent that reduces the activity of tyrosinase, the enzyme that triggers melanin production. It does not cause photosensitivity and is suitable for daily use.<\/li>\n<li><strong>Arbutiin<\/strong> - Reduces melanin production, acts as an antiseptic, soothes swelling, evens skin tone, fights free radicals and prolongs cell youth.<\/li>\n<li><strong>Extract of liquorice root<\/strong> - gently brightens, soothes irritation and increases collagen production.<\/li>\n<li><strong>Palmitoyl tripeptide-5<\/strong> - a peptide that increases skin firmness and density, improves texture, tightens enlarged pores and stimulates collagen synthesis.<\/li>\n<li><strong>Argireline (acetyl hexapeptide-8)<\/strong> - a peptide-miorelaxant that relaxes facial muscles, helping to reduce the appearance of expression lines.<\/li>\n<li><strong>Bifidobacteria lysate<\/strong> - improves cell renewal and regeneration, enhances protective properties, forms a barrier to protect against aggressive environmental factors, neutralises free radicals and increases collagen production.<\/li>\n<\/ul>\n<p>Suitable for all skin types.<\/p>\n<p><strong>User manual:<\/strong> After cleansing the face and applying the toner, apply the ampoule to the face and neck, concentrating on the areas of pigmentation. Distribute the product evenly in the direction of the massage lines.<\/p>\n<p><strong>East.Korea advice:<\/strong> Use sunscreen during the day. It is recommended to keep the ampoule in a dark place.<\/p>","protected":false},"excerpt":{"rendered":"<p>Missha Vita C Plus Spot Correcting &amp; Firming Ampoule - an anti darkening and firming ampoule that brightens pigmentation, reduces dark spots, acne scars and signs of inflammation, removes dull complexion and evens skin tone. Smoothes wrinkles, increases skin radiance and elasticity, slows down the ageing process, firms the skin, softens and smoothes the micro-relief, reducing visible signs of photo-ageing and protecting against the effects of UV rays....<\/p>","protected":false},"featured_media":11246,"comment_status":"open","ping_status":"closed","template":"","meta":{"_uf_show_specific_survey":0,"_uf_disable_surveys":false,"_bst_post_transparent":"default","_bst_post_title":"","_bst_post_layout":"default","_bst_post_sidebar_id":"","_bst_post_content_style":"default","_bst_post_vertical_padding":"default","_bst_post_feature":"","_bst_post_feature_position":"","_bst_post_header":false,"_bst_post_footer":false},"pwb-brand":[631],"product_brand":[],"product_cat":[92,97],"product_tag":[632,633,634],"class_list":{"0":"post-11245","1":"product","2":"type-product","3":"status-publish","4":"has-post-thumbnail","6":"pwb-brand-missha","7":"product_cat-nagu","8":"product_cat-naoseerumid-ja-olid","9":"product_tag-missha","10":"product_tag-vita-c","11":"product_tag-vitamin-c","13":"first","14":"outofstock","15":"sale","16":"shipping-taxable","17":"purchasable","18":"product-type-simple","19":"entry","20":"content-bg","21":"loop-entry"},"supplier_id":null,"supplier_sku":"","barcode":null,"atum_controlled":true,"out_stock_date":"2026-03-06 19:47:41","out_stock_threshold":null,"inheritable":false,"inbound_stock":0,"stock_on_hold":0,"sold_today":0,"sales_last_days":0,"out_stock_days":39,"lost_sales":172,"has_location":false,"update_date":"2026-04-15T00:05:14","atum_locations":[],"atum_stock_status":"outofstock","restock_status":false,"low_stock_amount":"","sales_update_date":"2026-04-15T00:05:14","calc_backorders":null,"yoast_head":"<!-- This site is optimized with the Yoast SEO plugin v27.2 - https:\/\/yoast.com\/product\/yoast-seo-wordpress\/ -->\n<title>Missha Vita C Plus Spot Correcting &amp; Firming Ampull, 30ml - IDA.KOREA<\/title>\n<meta name=\"description\" content=\"Missha Vita C Plus Spot Correcting &amp; Firming Ampull \u2013 pimenemisvastane ja pinguldav ampull, mis heledamaks muudab pigmentatsiooni, v\u00e4hendab tedret\u00e4ppe, aknearme ja p\u00f5letiku j\u00e4lgi, eemaldab tuhmi jume ning \u00fchtlustab nahatooni.\" \/>\n<meta name=\"robots\" content=\"index, follow, max-snippet:-1, max-image-preview:large, max-video-preview:-1\" \/>\n<link rel=\"canonical\" href=\"https:\/\/idakorea.ee\/en\/product\/missha-vita-c-plus-spot-correcting-firming-ampull-30ml\/\" \/>\n<meta property=\"og:locale\" content=\"en_US\" \/>\n<meta property=\"og:type\" content=\"article\" \/>\n<meta property=\"og:title\" content=\"Missha Vita C Plus Spot Correcting &amp; Firming Ampull, 30ml - IDA.KOREA\" \/>\n<meta property=\"og:description\" content=\"Missha Vita C Plus Spot Correcting &amp; Firming Ampull \u2013 pimenemisvastane ja pinguldav ampull, mis heledamaks muudab pigmentatsiooni, v\u00e4hendab tedret\u00e4ppe, aknearme ja p\u00f5letiku j\u00e4lgi, eemaldab tuhmi jume ning \u00fchtlustab nahatooni.\" \/>\n<meta property=\"og:url\" content=\"https:\/\/idakorea.ee\/en\/product\/missha-vita-c-plus-spot-correcting-firming-ampull-30ml\/\" \/>\n<meta property=\"og:site_name\" content=\"IDA.KOREA\" \/>\n<meta property=\"article:modified_time\" content=\"2026-03-25T08:22:41+00:00\" \/>\n<meta property=\"og:image\" content=\"https:\/\/idakorea.ee\/wp-content\/uploads\/2024\/11\/missha_-vita-c-plus-spot-correcting-_-firming-ampoule.jpg\" \/>\n\t<meta property=\"og:image:width\" content=\"1000\" \/>\n\t<meta property=\"og:image:height\" content=\"1000\" \/>\n\t<meta property=\"og:image:type\" content=\"image\/jpeg\" \/>\n<meta name=\"twitter:card\" content=\"summary_large_image\" \/>\n<meta name=\"twitter:label1\" content=\"Est. reading time\" \/>\n\t<meta name=\"twitter:data1\" content=\"2 minutes\" \/>\n<script type=\"application\/ld+json\" class=\"yoast-schema-graph\">{\"@context\":\"https:\/\/schema.org\",\"@graph\":[{\"@type\":\"WebPage\",\"@id\":\"https:\/\/idakorea.ee\/product\/missha-vita-c-plus-spot-correcting-firming-ampull-30ml\/\",\"url\":\"https:\/\/idakorea.ee\/product\/missha-vita-c-plus-spot-correcting-firming-ampull-30ml\/\",\"name\":\"Missha Vita C Plus Spot Correcting & Firming Ampull, 30ml - IDA.KOREA\",\"isPartOf\":{\"@id\":\"https:\/\/idakorea.ee\/#website\"},\"primaryImageOfPage\":{\"@id\":\"https:\/\/idakorea.ee\/product\/missha-vita-c-plus-spot-correcting-firming-ampull-30ml\/#primaryimage\"},\"image\":{\"@id\":\"https:\/\/idakorea.ee\/product\/missha-vita-c-plus-spot-correcting-firming-ampull-30ml\/#primaryimage\"},\"thumbnailUrl\":\"https:\/\/idakorea.ee\/wp-content\/uploads\/2024\/11\/missha_-vita-c-plus-spot-correcting-_-firming-ampoule.jpg\",\"datePublished\":\"2024-11-12T15:12:29+00:00\",\"dateModified\":\"2026-03-25T08:22:41+00:00\",\"description\":\"Missha Vita C Plus Spot Correcting & Firming Ampull \u2013 pimenemisvastane ja pinguldav ampull, mis heledamaks muudab pigmentatsiooni, v\u00e4hendab tedret\u00e4ppe, aknearme ja p\u00f5letiku j\u00e4lgi, eemaldab tuhmi jume ning \u00fchtlustab nahatooni.\",\"breadcrumb\":{\"@id\":\"https:\/\/idakorea.ee\/product\/missha-vita-c-plus-spot-correcting-firming-ampull-30ml\/#breadcrumb\"},\"inLanguage\":\"en-US\",\"potentialAction\":[{\"@type\":\"ReadAction\",\"target\":[\"https:\/\/idakorea.ee\/product\/missha-vita-c-plus-spot-correcting-firming-ampull-30ml\/\"]}]},{\"@type\":\"ImageObject\",\"inLanguage\":\"en-US\",\"@id\":\"https:\/\/idakorea.ee\/product\/missha-vita-c-plus-spot-correcting-firming-ampull-30ml\/#primaryimage\",\"url\":\"https:\/\/idakorea.ee\/wp-content\/uploads\/2024\/11\/missha_-vita-c-plus-spot-correcting-_-firming-ampoule.jpg\",\"contentUrl\":\"https:\/\/idakorea.ee\/wp-content\/uploads\/2024\/11\/missha_-vita-c-plus-spot-correcting-_-firming-ampoule.jpg\",\"width\":1000,\"height\":1000,\"caption\":\"Missha_-Vita-C-Plus-Spot-Correcting-_-Firming-Ampoule\"},{\"@type\":\"BreadcrumbList\",\"@id\":\"https:\/\/idakorea.ee\/product\/missha-vita-c-plus-spot-correcting-firming-ampull-30ml\/#breadcrumb\",\"itemListElement\":[{\"@type\":\"ListItem\",\"position\":1,\"name\":\"\u0413\u043b\u0430\u0432\u043d\u0430\u044f \u0441\u0442\u0440\u0430\u043d\u0438\u0446\u0430\",\"item\":\"https:\/\/idakorea.ee\/\"},{\"@type\":\"ListItem\",\"position\":2,\"name\":\"Shop\",\"item\":\"https:\/\/idakorea.ee\/shop-2\/\"},{\"@type\":\"ListItem\",\"position\":3,\"name\":\"Missha Vita C Plus Spot Correcting &#038; Firming Ampull, 30ml\"}]},{\"@type\":\"WebSite\",\"@id\":\"https:\/\/idakorea.ee\/#website\",\"url\":\"https:\/\/idakorea.ee\/\",\"name\":\"IDA.KOREA\",\"description\":\"Korea kosmeetika e-pood\",\"publisher\":{\"@id\":\"https:\/\/idakorea.ee\/#organization\"},\"alternateName\":\"Beauty Shop\",\"potentialAction\":[{\"@type\":\"SearchAction\",\"target\":{\"@type\":\"EntryPoint\",\"urlTemplate\":\"https:\/\/idakorea.ee\/?s={search_term_string}\"},\"query-input\":{\"@type\":\"PropertyValueSpecification\",\"valueRequired\":true,\"valueName\":\"search_term_string\"}}],\"inLanguage\":\"en-US\"},{\"@type\":\"Organization\",\"@id\":\"https:\/\/idakorea.ee\/#organization\",\"name\":\"IDA.KOREA\",\"url\":\"https:\/\/idakorea.ee\/\",\"logo\":{\"@type\":\"ImageObject\",\"inLanguage\":\"en-US\",\"@id\":\"https:\/\/idakorea.ee\/#\/schema\/logo\/image\/\",\"url\":\"https:\/\/idakorea.ee\/wp-content\/uploads\/2024\/05\/cropped-korea3.png\",\"contentUrl\":\"https:\/\/idakorea.ee\/wp-content\/uploads\/2024\/05\/cropped-korea3.png\",\"width\":688,\"height\":126,\"caption\":\"IDA.KOREA\"},\"image\":{\"@id\":\"https:\/\/idakorea.ee\/#\/schema\/logo\/image\/\"},\"sameAs\":[\"https:\/\/www.instagram.com\/ida.korea\/\"]}]}<\/script>\n<!-- \/ Yoast SEO plugin. -->","yoast_head_json":{"title":"Missha Vita C Plus Spot Correcting &amp; Firming Ampoule, 30ml - IDA.KOREA","description":"Missha Vita C Plus Spot Correcting &amp; Firming Ampoule - an anti darkening and firming ampoule that brightens pigmentation, reduces dark spots, acne scars and signs of inflammation, removes dull complexion and evens skin tone.","robots":{"index":"index","follow":"follow","max-snippet":"max-snippet:-1","max-image-preview":"max-image-preview:large","max-video-preview":"max-video-preview:-1"},"canonical":"https:\/\/idakorea.ee\/en\/product\/missha-vita-c-plus-spot-correcting-firming-ampull-30ml\/","og_locale":"en_US","og_type":"article","og_title":"Missha Vita C Plus Spot Correcting & Firming Ampull, 30ml - IDA.KOREA","og_description":"Missha Vita C Plus Spot Correcting & Firming Ampull \u2013 pimenemisvastane ja pinguldav ampull, mis heledamaks muudab pigmentatsiooni, v\u00e4hendab tedret\u00e4ppe, aknearme ja p\u00f5letiku j\u00e4lgi, eemaldab tuhmi jume ning \u00fchtlustab nahatooni.","og_url":"https:\/\/idakorea.ee\/en\/product\/missha-vita-c-plus-spot-correcting-firming-ampull-30ml\/","og_site_name":"IDA.KOREA","article_modified_time":"2026-03-25T08:22:41+00:00","og_image":[{"width":1000,"height":1000,"url":"https:\/\/idakorea.ee\/wp-content\/uploads\/2024\/11\/missha_-vita-c-plus-spot-correcting-_-firming-ampoule.jpg","type":"image\/jpeg"}],"twitter_card":"summary_large_image","twitter_misc":{"Est. reading time":"2 minutes"},"schema":{"@context":"https:\/\/schema.org","@graph":[{"@type":"WebPage","@id":"https:\/\/idakorea.ee\/product\/missha-vita-c-plus-spot-correcting-firming-ampull-30ml\/","url":"https:\/\/idakorea.ee\/product\/missha-vita-c-plus-spot-correcting-firming-ampull-30ml\/","name":"Missha Vita C Plus Spot Correcting &amp; Firming Ampoule, 30ml - IDA.KOREA","isPartOf":{"@id":"https:\/\/idakorea.ee\/#website"},"primaryImageOfPage":{"@id":"https:\/\/idakorea.ee\/product\/missha-vita-c-plus-spot-correcting-firming-ampull-30ml\/#primaryimage"},"image":{"@id":"https:\/\/idakorea.ee\/product\/missha-vita-c-plus-spot-correcting-firming-ampull-30ml\/#primaryimage"},"thumbnailUrl":"https:\/\/idakorea.ee\/wp-content\/uploads\/2024\/11\/missha_-vita-c-plus-spot-correcting-_-firming-ampoule.jpg","datePublished":"2024-11-12T15:12:29+00:00","dateModified":"2026-03-25T08:22:41+00:00","description":"Missha Vita C Plus Spot Correcting &amp; Firming Ampoule - an anti darkening and firming ampoule that brightens pigmentation, reduces dark spots, acne scars and signs of inflammation, removes dull complexion and evens skin tone.","breadcrumb":{"@id":"https:\/\/idakorea.ee\/product\/missha-vita-c-plus-spot-correcting-firming-ampull-30ml\/#breadcrumb"},"inLanguage":"en-US","potentialAction":[{"@type":"ReadAction","target":["https:\/\/idakorea.ee\/product\/missha-vita-c-plus-spot-correcting-firming-ampull-30ml\/"]}]},{"@type":"ImageObject","inLanguage":"en-US","@id":"https:\/\/idakorea.ee\/product\/missha-vita-c-plus-spot-correcting-firming-ampull-30ml\/#primaryimage","url":"https:\/\/idakorea.ee\/wp-content\/uploads\/2024\/11\/missha_-vita-c-plus-spot-correcting-_-firming-ampoule.jpg","contentUrl":"https:\/\/idakorea.ee\/wp-content\/uploads\/2024\/11\/missha_-vita-c-plus-spot-correcting-_-firming-ampoule.jpg","width":1000,"height":1000,"caption":"Missha_-Vita-C-Plus-Spot-Correcting-_-Firming-Ampoule"},{"@type":"BreadcrumbList","@id":"https:\/\/idakorea.ee\/product\/missha-vita-c-plus-spot-correcting-firming-ampull-30ml\/#breadcrumb","itemListElement":[{"@type":"ListItem","position":1,"name":"\u0413\u043b\u0430\u0432\u043d\u0430\u044f \u0441\u0442\u0440\u0430\u043d\u0438\u0446\u0430","item":"https:\/\/idakorea.ee\/"},{"@type":"ListItem","position":2,"name":"Shop","item":"https:\/\/idakorea.ee\/shop-2\/"},{"@type":"ListItem","position":3,"name":"Missha Vita C Plus Spot Correcting &#038; Firming Ampull, 30ml"}]},{"@type":"WebSite","@id":"https:\/\/idakorea.ee\/#website","url":"https:\/\/idakorea.ee\/","name":"IDA.KOREA","description":"Korean cosmetics e-shop","publisher":{"@id":"https:\/\/idakorea.ee\/#organization"},"alternateName":"Beauty Shop","potentialAction":[{"@type":"SearchAction","target":{"@type":"EntryPoint","urlTemplate":"https:\/\/idakorea.ee\/?s={search_term_string}"},"query-input":{"@type":"PropertyValueSpecification","valueRequired":true,"valueName":"search_term_string"}}],"inLanguage":"en-US"},{"@type":"Organization","@id":"https:\/\/idakorea.ee\/#organization","name":"IDA.KOREA","url":"https:\/\/idakorea.ee\/","logo":{"@type":"ImageObject","inLanguage":"en-US","@id":"https:\/\/idakorea.ee\/#\/schema\/logo\/image\/","url":"https:\/\/idakorea.ee\/wp-content\/uploads\/2024\/05\/cropped-korea3.png","contentUrl":"https:\/\/idakorea.ee\/wp-content\/uploads\/2024\/05\/cropped-korea3.png","width":688,"height":126,"caption":"IDA.KOREA"},"image":{"@id":"https:\/\/idakorea.ee\/#\/schema\/logo\/image\/"},"sameAs":["https:\/\/www.instagram.com\/ida.korea\/"]}]}},"jetpack_sharing_enabled":true,"brands":[{"id":631,"name":"MISSHA","slug":"missha"}],"_links":{"self":[{"href":"https:\/\/idakorea.ee\/en\/wp-json\/wp\/v2\/product\/11245","targetHints":{"allow":["GET"]}}],"collection":[{"href":"https:\/\/idakorea.ee\/en\/wp-json\/wp\/v2\/product"}],"about":[{"href":"https:\/\/idakorea.ee\/en\/wp-json\/wp\/v2\/types\/product"}],"replies":[{"embeddable":true,"href":"https:\/\/idakorea.ee\/en\/wp-json\/wp\/v2\/comments?post=11245"}],"version-history":[{"count":2,"href":"https:\/\/idakorea.ee\/en\/wp-json\/wp\/v2\/product\/11245\/revisions"}],"predecessor-version":[{"id":11249,"href":"https:\/\/idakorea.ee\/en\/wp-json\/wp\/v2\/product\/11245\/revisions\/11249"}],"wp:featuredmedia":[{"embeddable":true,"href":"https:\/\/idakorea.ee\/en\/wp-json\/wp\/v2\/media\/11246"}],"wp:attachment":[{"href":"https:\/\/idakorea.ee\/en\/wp-json\/wp\/v2\/media?parent=11245"}],"wp:term":[{"taxonomy":"pwb-brand","embeddable":true,"href":"https:\/\/idakorea.ee\/en\/wp-json\/wp\/v2\/pwb-brand?post=11245"},{"taxonomy":"product_brand","embeddable":true,"href":"https:\/\/idakorea.ee\/en\/wp-json\/wp\/v2\/product_brand?post=11245"},{"taxonomy":"product_cat","embeddable":true,"href":"https:\/\/idakorea.ee\/en\/wp-json\/wp\/v2\/product_cat?post=11245"},{"taxonomy":"product_tag","embeddable":true,"href":"https:\/\/idakorea.ee\/en\/wp-json\/wp\/v2\/product_tag?post=11245"}],"curies":[{"name":"wp","href":"https:\/\/api.w.org\/{rel}","templated":true}]}}