{"id":11267,"date":"2024-11-13T12:31:29","date_gmt":"2024-11-13T10:31:29","guid":{"rendered":"https:\/\/idakorea.ee\/?post_type=product&#038;p=11267"},"modified":"2026-01-30T15:50:09","modified_gmt":"2026-01-30T13:50:09","slug":"niisutav-silmakreem-purito-centella-green-level-eye-cream-30ml","status":"publish","type":"product","link":"https:\/\/idakorea.ee\/en\/product\/niisutav-silmakreem-purito-centella-green-level-eye-cream-30ml\/","title":{"rendered":"Purito Centella Green Level Eye Cream, 30ml"},"content":{"rendered":"<p><strong>Purito Centella Green Level Eye Cream<\/strong> nourishes and moisturises the skin under the eyes, enriching it with moisture, increasing elasticity and tone and eliminating dryness. The cream has a light texture that absorbs quickly, boosts skin metabolism, removes toxins, brightens dark under-eye circles and reduces puffiness.<\/p>\n<p>This moisturising eye cream from Korea contains a peptide complex that provides intensive rejuvenating and smoothing care. Combined with a high concentration of water, it stimulates skin regeneration, smoothing skin texture and improving skin radiance and elasticity, filling wrinkles and preventing premature ageing.<\/p>\n<p><strong>Active ingredients:<\/strong><\/p>\n<ul>\n<li><strong>Asian Water Naba Extract (49%)<\/strong> - Stimulates cell metabolism, speeds up recovery, increases skin tone, elasticity and radiance. Smoothes the skin's contours, reduces the depth of wrinkles, heals micro-veins and scars, strengthens capillaries, eliminating couperose and dark circles, prevents dryness and irritations.<\/li>\n<li><strong>Peptide complex (Palmitoyl Hexapeptide-12, Palmitoyl Tripeptide-1, Palmitoyl Tetrapeptide-7, Palmitoyl Dipeptide-10).<\/strong> - Stimulates skin renewal and regeneration, improves collagen fibre function, increases skin firmness and elasticity, reduces wrinkles and pigmentation, and intensively resurfaces the skin.<\/li>\n<\/ul>\n<p><strong>The cream also contains:<\/strong><\/p>\n<ul>\n<li><strong>Sheawi<\/strong> - has a regenerating action, moisturises and nourishes skin cells, prevents moisture loss, softens and strengthens the connective tissue.<\/li>\n<li><strong>Hyaluronic acid<\/strong> - retains moisture in skin cells, removes dryness and scaling, improves skin tone and elasticity.<\/li>\n<li><strong>Hydrolysed collagen<\/strong> - draws moisture into the deeper layers of the skin, maintains moisture balance, stimulates collagen fibres, increases skin firmness and elasticity, smoothes the depth of wrinkles.<\/li>\n<li><strong>Argan oil<\/strong> - nourishes and moisturises, reduces dryness and flakiness, strengthens the skin's protective functions, heals the skin.<\/li>\n<li><strong>Macadamia oil<\/strong> - moisturises the skin, giving it a radiant, healthy glow.<\/li>\n<li><strong>Ceramides NP<\/strong> - stimulate skin renewal, increase moisture levels and protect the deeper layers from moisture loss, strengthen the skin's protective barrier.<\/li>\n<li><strong>Pancratium<\/strong> - accelerates cell metabolism, removes toxins, reduces puffiness, has anti-ageing properties and smoothes the depth of wrinkles.<\/li>\n<li><strong>Chamomile leaf extract<\/strong> - moisturises, prevents moisture loss, lightens pigmentation and strengthens the skin's protective barrier.<\/li>\n<li><strong>Seaweed Extract (Alteromonas Ferment Extract)<\/strong> - deeply moisturises, nourishes and seals the surface layer of the skin, reducing wrinkles and increasing skin radiance.<\/li>\n<li><strong>Bergamot oil<\/strong> - Healing and anti-inflammatory, soothes irritation, boosts tone and radiance.<\/li>\n<li><strong>Lavender oil<\/strong> - moisturises, reduces irritation and inflammation, antiseptic, prevents inflammation and reduces excess shine, strengthens blood vessels and lightens dark under-eye circles.<\/li>\n<\/ul>\n<p>&nbsp;<\/p>\n<p>Suitable for sensitive, dry skin, including thin and dehydrated skin with swelling and dark circles.<\/p>\n<p><strong>User manual:<\/strong> Apply the required amount of cream to the skin under the eyes and distribute with light massaging movements.<\/p>\n<p><strong>Specialised care:<\/strong> For a greater anti-ageing effect, mix a drop of serum with a small amount of cream and apply to the under-eye area, distributing with light massaging movements.<\/p>","protected":false},"excerpt":{"rendered":"<p>Purito Centella Green Level Eye Cream nourishes and moisturizes the skin under the eyes, enriching it with moisture, increasing skin elasticity and tone and eliminating dryness. The cream has a light texture that is quickly absorbed, boosts the skin's metabolic processes, removes toxins, brightens dark under-eye circles and reduces puffiness. Korean-origin moisturising eye cream contains a peptide complex that provides intensive rejuvenating and smoothing care. Combined with a high aqueous...<\/p>","protected":false},"featured_media":12777,"comment_status":"open","ping_status":"closed","template":"","meta":{"_uf_show_specific_survey":0,"_uf_disable_surveys":false,"_bst_post_transparent":"default","_bst_post_title":"","_bst_post_layout":"default","_bst_post_sidebar_id":"","_bst_post_content_style":"default","_bst_post_vertical_padding":"default","_bst_post_feature":"","_bst_post_feature_position":"","_bst_post_header":false,"_bst_post_footer":false},"pwb-brand":[491],"product_brand":[],"product_cat":[92,99,201],"product_tag":[678,568,677],"class_list":{"0":"post-11267","1":"product","2":"type-product","3":"status-publish","4":"has-post-thumbnail","6":"pwb-brand-purito","7":"product_cat-nagu","8":"product_cat-silmad-ja-huuled-2","9":"product_cat-silmakreem","10":"product_tag-eye-cream","11":"product_tag-korea","12":"product_tag-purito","14":"first","15":"instock","16":"sale","17":"shipping-taxable","18":"purchasable","19":"product-type-simple","20":"entry","21":"content-bg","22":"loop-entry"},"supplier_id":null,"supplier_sku":"","barcode":null,"atum_controlled":true,"out_stock_date":null,"out_stock_threshold":null,"inheritable":false,"inbound_stock":0,"stock_on_hold":0,"sold_today":0,"sales_last_days":0,"out_stock_days":0,"lost_sales":0,"has_location":false,"update_date":"2026-04-14T00:05:04","atum_locations":[],"atum_stock_status":"instock","restock_status":false,"low_stock_amount":"","sales_update_date":"2026-04-14T00:05:04","calc_backorders":null,"yoast_head":"<!-- This site is optimized with the Yoast SEO plugin v27.2 - https:\/\/yoast.com\/product\/yoast-seo-wordpress\/ -->\n<title>Niisutav silmakreem Purito Centella Green Level Eye Cream, 30ml - IDA.KOREA<\/title>\n<meta name=\"robots\" content=\"index, follow, max-snippet:-1, max-image-preview:large, max-video-preview:-1\" \/>\n<link rel=\"canonical\" href=\"https:\/\/idakorea.ee\/en\/product\/niisutav-silmakreem-purito-centella-green-level-eye-cream-30ml\/\" \/>\n<meta property=\"og:locale\" content=\"en_US\" \/>\n<meta property=\"og:type\" content=\"article\" \/>\n<meta property=\"og:title\" content=\"Niisutav silmakreem Purito Centella Green Level Eye Cream, 30ml - IDA.KOREA\" \/>\n<meta property=\"og:description\" content=\"Purito\u00a0Centella Green Level Eye Cream toidab ja niisutab silmaalust nahka, rikastab seda niiskusega, suurendades naha elastsust ja toonust ning k\u00f5rvaldades kuivuse. Kreemil on kerge tekstuur, mis imendub kiiresti, k\u00e4ivitab naha ainevahetusprotsessid, eemaldab toksiine, helendab tumedaid silmaaluseid ja v\u00e4hendab turset. Korea p\u00e4ritolu niisutav silmakreem sisaldab peptiidikompleksi, mis pakub intensiivset noorendavat ja siluvat hooldust. Koos k\u00f5rge vesinaba...\" \/>\n<meta property=\"og:url\" content=\"https:\/\/idakorea.ee\/en\/product\/niisutav-silmakreem-purito-centella-green-level-eye-cream-30ml\/\" \/>\n<meta property=\"og:site_name\" content=\"IDA.KOREA\" \/>\n<meta property=\"article:modified_time\" content=\"2026-01-30T13:50:09+00:00\" \/>\n<meta property=\"og:image\" content=\"https:\/\/idakorea.ee\/wp-content\/uploads\/2024\/11\/efewgluityuty-yrrffw.png\" \/>\n\t<meta property=\"og:image:width\" content=\"804\" \/>\n\t<meta property=\"og:image:height\" content=\"802\" \/>\n\t<meta property=\"og:image:type\" content=\"image\/png\" \/>\n<meta name=\"twitter:card\" content=\"summary_large_image\" \/>\n<meta name=\"twitter:label1\" content=\"Est. reading time\" \/>\n\t<meta name=\"twitter:data1\" content=\"3 minutes\" \/>\n<script type=\"application\/ld+json\" class=\"yoast-schema-graph\">{\"@context\":\"https:\/\/schema.org\",\"@graph\":[{\"@type\":\"WebPage\",\"@id\":\"https:\/\/idakorea.ee\/product\/niisutav-silmakreem-purito-centella-green-level-eye-cream-30ml\/\",\"url\":\"https:\/\/idakorea.ee\/product\/niisutav-silmakreem-purito-centella-green-level-eye-cream-30ml\/\",\"name\":\"Niisutav silmakreem Purito Centella Green Level Eye Cream, 30ml - IDA.KOREA\",\"isPartOf\":{\"@id\":\"https:\/\/idakorea.ee\/#website\"},\"primaryImageOfPage\":{\"@id\":\"https:\/\/idakorea.ee\/product\/niisutav-silmakreem-purito-centella-green-level-eye-cream-30ml\/#primaryimage\"},\"image\":{\"@id\":\"https:\/\/idakorea.ee\/product\/niisutav-silmakreem-purito-centella-green-level-eye-cream-30ml\/#primaryimage\"},\"thumbnailUrl\":\"https:\/\/idakorea.ee\/wp-content\/uploads\/2024\/11\/efewgluityuty-yrrffw.png\",\"datePublished\":\"2024-11-13T10:31:29+00:00\",\"dateModified\":\"2026-01-30T13:50:09+00:00\",\"breadcrumb\":{\"@id\":\"https:\/\/idakorea.ee\/product\/niisutav-silmakreem-purito-centella-green-level-eye-cream-30ml\/#breadcrumb\"},\"inLanguage\":\"en-US\",\"potentialAction\":[{\"@type\":\"ReadAction\",\"target\":[\"https:\/\/idakorea.ee\/product\/niisutav-silmakreem-purito-centella-green-level-eye-cream-30ml\/\"]}]},{\"@type\":\"ImageObject\",\"inLanguage\":\"en-US\",\"@id\":\"https:\/\/idakorea.ee\/product\/niisutav-silmakreem-purito-centella-green-level-eye-cream-30ml\/#primaryimage\",\"url\":\"https:\/\/idakorea.ee\/wp-content\/uploads\/2024\/11\/efewgluityuty-yrrffw.png\",\"contentUrl\":\"https:\/\/idakorea.ee\/wp-content\/uploads\/2024\/11\/efewgluityuty-yrrffw.png\",\"width\":804,\"height\":802},{\"@type\":\"BreadcrumbList\",\"@id\":\"https:\/\/idakorea.ee\/product\/niisutav-silmakreem-purito-centella-green-level-eye-cream-30ml\/#breadcrumb\",\"itemListElement\":[{\"@type\":\"ListItem\",\"position\":1,\"name\":\"\u0413\u043b\u0430\u0432\u043d\u0430\u044f \u0441\u0442\u0440\u0430\u043d\u0438\u0446\u0430\",\"item\":\"https:\/\/idakorea.ee\/\"},{\"@type\":\"ListItem\",\"position\":2,\"name\":\"Shop\",\"item\":\"https:\/\/idakorea.ee\/shop-2\/\"},{\"@type\":\"ListItem\",\"position\":3,\"name\":\"Niisutav silmakreem Purito Centella Green Level Eye Cream, 30ml\"}]},{\"@type\":\"WebSite\",\"@id\":\"https:\/\/idakorea.ee\/#website\",\"url\":\"https:\/\/idakorea.ee\/\",\"name\":\"IDA.KOREA\",\"description\":\"Korea kosmeetika e-pood\",\"publisher\":{\"@id\":\"https:\/\/idakorea.ee\/#organization\"},\"alternateName\":\"Beauty Shop\",\"potentialAction\":[{\"@type\":\"SearchAction\",\"target\":{\"@type\":\"EntryPoint\",\"urlTemplate\":\"https:\/\/idakorea.ee\/?s={search_term_string}\"},\"query-input\":{\"@type\":\"PropertyValueSpecification\",\"valueRequired\":true,\"valueName\":\"search_term_string\"}}],\"inLanguage\":\"en-US\"},{\"@type\":\"Organization\",\"@id\":\"https:\/\/idakorea.ee\/#organization\",\"name\":\"IDA.KOREA\",\"url\":\"https:\/\/idakorea.ee\/\",\"logo\":{\"@type\":\"ImageObject\",\"inLanguage\":\"en-US\",\"@id\":\"https:\/\/idakorea.ee\/#\/schema\/logo\/image\/\",\"url\":\"https:\/\/idakorea.ee\/wp-content\/uploads\/2024\/05\/cropped-korea3.png\",\"contentUrl\":\"https:\/\/idakorea.ee\/wp-content\/uploads\/2024\/05\/cropped-korea3.png\",\"width\":688,\"height\":126,\"caption\":\"IDA.KOREA\"},\"image\":{\"@id\":\"https:\/\/idakorea.ee\/#\/schema\/logo\/image\/\"},\"sameAs\":[\"https:\/\/www.instagram.com\/ida.korea\/\"]}]}<\/script>\n<!-- \/ Yoast SEO plugin. -->","yoast_head_json":{"title":"Moisturizing eye cream Purito Centella Green Level Eye Cream, 30ml - IDA.KOREA","robots":{"index":"index","follow":"follow","max-snippet":"max-snippet:-1","max-image-preview":"max-image-preview:large","max-video-preview":"max-video-preview:-1"},"canonical":"https:\/\/idakorea.ee\/en\/product\/niisutav-silmakreem-purito-centella-green-level-eye-cream-30ml\/","og_locale":"en_US","og_type":"article","og_title":"Niisutav silmakreem Purito Centella Green Level Eye Cream, 30ml - IDA.KOREA","og_description":"Purito\u00a0Centella Green Level Eye Cream toidab ja niisutab silmaalust nahka, rikastab seda niiskusega, suurendades naha elastsust ja toonust ning k\u00f5rvaldades kuivuse. Kreemil on kerge tekstuur, mis imendub kiiresti, k\u00e4ivitab naha ainevahetusprotsessid, eemaldab toksiine, helendab tumedaid silmaaluseid ja v\u00e4hendab turset. Korea p\u00e4ritolu niisutav silmakreem sisaldab peptiidikompleksi, mis pakub intensiivset noorendavat ja siluvat hooldust. Koos k\u00f5rge vesinaba...","og_url":"https:\/\/idakorea.ee\/en\/product\/niisutav-silmakreem-purito-centella-green-level-eye-cream-30ml\/","og_site_name":"IDA.KOREA","article_modified_time":"2026-01-30T13:50:09+00:00","og_image":[{"width":804,"height":802,"url":"https:\/\/idakorea.ee\/wp-content\/uploads\/2024\/11\/efewgluityuty-yrrffw.png","type":"image\/png"}],"twitter_card":"summary_large_image","twitter_misc":{"Est. reading time":"3 minutes"},"schema":{"@context":"https:\/\/schema.org","@graph":[{"@type":"WebPage","@id":"https:\/\/idakorea.ee\/product\/niisutav-silmakreem-purito-centella-green-level-eye-cream-30ml\/","url":"https:\/\/idakorea.ee\/product\/niisutav-silmakreem-purito-centella-green-level-eye-cream-30ml\/","name":"Moisturizing eye cream Purito Centella Green Level Eye Cream, 30ml - IDA.KOREA","isPartOf":{"@id":"https:\/\/idakorea.ee\/#website"},"primaryImageOfPage":{"@id":"https:\/\/idakorea.ee\/product\/niisutav-silmakreem-purito-centella-green-level-eye-cream-30ml\/#primaryimage"},"image":{"@id":"https:\/\/idakorea.ee\/product\/niisutav-silmakreem-purito-centella-green-level-eye-cream-30ml\/#primaryimage"},"thumbnailUrl":"https:\/\/idakorea.ee\/wp-content\/uploads\/2024\/11\/efewgluityuty-yrrffw.png","datePublished":"2024-11-13T10:31:29+00:00","dateModified":"2026-01-30T13:50:09+00:00","breadcrumb":{"@id":"https:\/\/idakorea.ee\/product\/niisutav-silmakreem-purito-centella-green-level-eye-cream-30ml\/#breadcrumb"},"inLanguage":"en-US","potentialAction":[{"@type":"ReadAction","target":["https:\/\/idakorea.ee\/product\/niisutav-silmakreem-purito-centella-green-level-eye-cream-30ml\/"]}]},{"@type":"ImageObject","inLanguage":"en-US","@id":"https:\/\/idakorea.ee\/product\/niisutav-silmakreem-purito-centella-green-level-eye-cream-30ml\/#primaryimage","url":"https:\/\/idakorea.ee\/wp-content\/uploads\/2024\/11\/efewgluityuty-yrrffw.png","contentUrl":"https:\/\/idakorea.ee\/wp-content\/uploads\/2024\/11\/efewgluityuty-yrrffw.png","width":804,"height":802},{"@type":"BreadcrumbList","@id":"https:\/\/idakorea.ee\/product\/niisutav-silmakreem-purito-centella-green-level-eye-cream-30ml\/#breadcrumb","itemListElement":[{"@type":"ListItem","position":1,"name":"\u0413\u043b\u0430\u0432\u043d\u0430\u044f \u0441\u0442\u0440\u0430\u043d\u0438\u0446\u0430","item":"https:\/\/idakorea.ee\/"},{"@type":"ListItem","position":2,"name":"Shop","item":"https:\/\/idakorea.ee\/shop-2\/"},{"@type":"ListItem","position":3,"name":"Niisutav silmakreem Purito Centella Green Level Eye Cream, 30ml"}]},{"@type":"WebSite","@id":"https:\/\/idakorea.ee\/#website","url":"https:\/\/idakorea.ee\/","name":"IDA.KOREA","description":"Korean cosmetics e-shop","publisher":{"@id":"https:\/\/idakorea.ee\/#organization"},"alternateName":"Beauty Shop","potentialAction":[{"@type":"SearchAction","target":{"@type":"EntryPoint","urlTemplate":"https:\/\/idakorea.ee\/?s={search_term_string}"},"query-input":{"@type":"PropertyValueSpecification","valueRequired":true,"valueName":"search_term_string"}}],"inLanguage":"en-US"},{"@type":"Organization","@id":"https:\/\/idakorea.ee\/#organization","name":"IDA.KOREA","url":"https:\/\/idakorea.ee\/","logo":{"@type":"ImageObject","inLanguage":"en-US","@id":"https:\/\/idakorea.ee\/#\/schema\/logo\/image\/","url":"https:\/\/idakorea.ee\/wp-content\/uploads\/2024\/05\/cropped-korea3.png","contentUrl":"https:\/\/idakorea.ee\/wp-content\/uploads\/2024\/05\/cropped-korea3.png","width":688,"height":126,"caption":"IDA.KOREA"},"image":{"@id":"https:\/\/idakorea.ee\/#\/schema\/logo\/image\/"},"sameAs":["https:\/\/www.instagram.com\/ida.korea\/"]}]}},"jetpack_sharing_enabled":true,"brands":[{"id":491,"name":"PURITO","slug":"purito"}],"_links":{"self":[{"href":"https:\/\/idakorea.ee\/en\/wp-json\/wp\/v2\/product\/11267","targetHints":{"allow":["GET"]}}],"collection":[{"href":"https:\/\/idakorea.ee\/en\/wp-json\/wp\/v2\/product"}],"about":[{"href":"https:\/\/idakorea.ee\/en\/wp-json\/wp\/v2\/types\/product"}],"replies":[{"embeddable":true,"href":"https:\/\/idakorea.ee\/en\/wp-json\/wp\/v2\/comments?post=11267"}],"version-history":[{"count":2,"href":"https:\/\/idakorea.ee\/en\/wp-json\/wp\/v2\/product\/11267\/revisions"}],"predecessor-version":[{"id":11272,"href":"https:\/\/idakorea.ee\/en\/wp-json\/wp\/v2\/product\/11267\/revisions\/11272"}],"wp:featuredmedia":[{"embeddable":true,"href":"https:\/\/idakorea.ee\/en\/wp-json\/wp\/v2\/media\/12777"}],"wp:attachment":[{"href":"https:\/\/idakorea.ee\/en\/wp-json\/wp\/v2\/media?parent=11267"}],"wp:term":[{"taxonomy":"pwb-brand","embeddable":true,"href":"https:\/\/idakorea.ee\/en\/wp-json\/wp\/v2\/pwb-brand?post=11267"},{"taxonomy":"product_brand","embeddable":true,"href":"https:\/\/idakorea.ee\/en\/wp-json\/wp\/v2\/product_brand?post=11267"},{"taxonomy":"product_cat","embeddable":true,"href":"https:\/\/idakorea.ee\/en\/wp-json\/wp\/v2\/product_cat?post=11267"},{"taxonomy":"product_tag","embeddable":true,"href":"https:\/\/idakorea.ee\/en\/wp-json\/wp\/v2\/product_tag?post=11267"}],"curies":[{"name":"wp","href":"https:\/\/api.w.org\/{rel}","templated":true}]}}