{"id":11273,"date":"2024-11-13T12:54:29","date_gmt":"2024-11-13T10:54:29","guid":{"rendered":"https:\/\/idakorea.ee\/?post_type=product&#038;p=11273"},"modified":"2026-04-08T15:18:01","modified_gmt":"2026-04-08T13:18:01","slug":"rahustav-seerum-aasia-vesinaba-ekstraktiga-purito-seoul-wonder-releaf-centella-serum-60ml","status":"publish","type":"product","link":"https:\/\/idakorea.ee\/en\/product\/rahustav-seerum-aasia-vesinaba-ekstraktiga-purito-seoul-wonder-releaf-centella-serum-60ml\/","title":{"rendered":"Soothing serum with Asian water lily extract Purito Seoul Wonder Releaf Centella Serum, 60ml EXP 06.12.2026"},"content":{"rendered":"<p>Calming serum with Asian water-lily extract<strong> Purito Seoul Wonder Releaf Centella Serum<\/strong> instantly restores moisture levels in epidermal cells, prevents dehydration, combats dryness and flaking. It has a strong soothing and antiseptic action and is effective against acne and inflammations.<\/p>\n<p>Recommended especially for skin prone to couperose: strengthens capillaries, tightens blood vessel walls, improves microcirculation, reduces redness and the visibility of spider veins.<\/p>\n<p>Suitable for counteracting the first signs of ageing: the serum accelerates the synthesis of collagen and elastin fibres in epidermal cells, increases skin elasticity and helps reduce the depth of fine lines and wrinkles.<\/p>\n<p>The serum contains 49% Asian hydrophobic extract, collagen, ceramides and a peptide complex. All of these components have a powerful effect on the epidermis - normalising the skin's moisture and oil balance, strengthening the skin's protective functions and lipid barrier, smoothing and improving the complexion, and hydrating the deep layers of the skin.<\/p>\n<p><strong>Active ingredients:<\/strong><\/p>\n<ul>\n<li><strong>Asian water-lily extract<\/strong> - provides anti-inflammatory and wound-healing action, helps restore the skin barrier and maintain moisture, reduces sensitivity, relieves swelling and strengthens blood vessels.<\/li>\n<li><strong>Ceramides<\/strong> - support cell renewal, improve protective and barrier functions, normalise hydrolipidic balance, protect against dehydration and provide a rejuvenating effect.<\/li>\n<li><strong>Peptide complex<\/strong> (4 peptides) - Rejuvenates the skin, reduces existing wrinkles and prevents the formation of new ones, firms and moisturises, slows down the ageing process.<\/li>\n<li><strong>Niacinamide<\/strong> - stimulates collagen production, reduces wrinkles, moisturises, tightens pores, eliminates oily shine and strengthens the skin's protective barrier.<\/li>\n<li><strong>Adenos<\/strong> - tightens skin, smoothes wrinkles, speeds up metabolism and slows down ageing.<\/li>\n<\/ul>\n<p>&nbsp;<\/p>\n<p><strong>User manual:<\/strong> Apply 2-3 drops of serum to cleansed and toned skin. Apply evenly, avoiding the eye area.<\/p>","protected":false},"excerpt":{"rendered":"<p>A soothing serum with Asian water-lily extract, Purito Seoul Wonder Releaf Centella Serum instantly restores moisture levels in epidermal cells, prevents dehydration, combats dryness and flakiness. It has a strong soothing and antiseptic action and is effective for acne and inflammations. Particularly recommended for skin prone to couperose: strengthens capillaries, tightens blood vessel walls, improves microcirculation, reduces redness and the visibility of spider veins. Suitable for the first signs of ageing...<\/p>","protected":false},"featured_media":11274,"comment_status":"open","ping_status":"closed","template":"","meta":{"_uf_show_specific_survey":0,"_uf_disable_surveys":false,"_bst_post_transparent":"default","_bst_post_title":"","_bst_post_layout":"default","_bst_post_sidebar_id":"","_bst_post_content_style":"default","_bst_post_vertical_padding":"default","_bst_post_feature":"","_bst_post_feature_position":"","_bst_post_header":false,"_bst_post_footer":false},"pwb-brand":[491],"product_brand":[],"product_cat":[92,97],"product_tag":[],"class_list":{"0":"post-11273","1":"product","2":"type-product","3":"status-publish","4":"has-post-thumbnail","6":"pwb-brand-purito","7":"product_cat-nagu","8":"product_cat-naoseerumid-ja-olid","10":"first","11":"instock","12":"sale","13":"shipping-taxable","14":"purchasable","15":"product-type-simple","16":"entry","17":"content-bg","18":"loop-entry"},"supplier_id":null,"supplier_sku":"","barcode":null,"atum_controlled":true,"out_stock_date":null,"out_stock_threshold":null,"inheritable":false,"inbound_stock":0,"stock_on_hold":0,"sold_today":0,"sales_last_days":1,"out_stock_days":0,"lost_sales":0,"has_location":false,"update_date":"2026-04-15T00:05:18","atum_locations":[],"atum_stock_status":"instock","restock_status":false,"low_stock_amount":"","sales_update_date":"2026-04-15T00:05:18","calc_backorders":null,"yoast_head":"<!-- This site is optimized with the Yoast SEO plugin v27.2 - https:\/\/yoast.com\/product\/yoast-seo-wordpress\/ -->\n<title>Rahustav seerum Aasia vesinaba ekstraktiga Purito Seoul Wonder Releaf Centella Serum, 60ml EXP 06.12.2026 - IDA.KOREA<\/title>\n<meta name=\"robots\" content=\"index, follow, max-snippet:-1, max-image-preview:large, max-video-preview:-1\" \/>\n<link rel=\"canonical\" href=\"https:\/\/idakorea.ee\/en\/product\/rahustav-seerum-aasia-vesinaba-ekstraktiga-purito-seoul-wonder-releaf-centella-serum-60ml\/\" \/>\n<meta property=\"og:locale\" content=\"en_US\" \/>\n<meta property=\"og:type\" content=\"article\" \/>\n<meta property=\"og:title\" content=\"Rahustav seerum Aasia vesinaba ekstraktiga Purito Seoul Wonder Releaf Centella Serum, 60ml EXP 06.12.2026 - IDA.KOREA\" \/>\n<meta property=\"og:description\" content=\"Rahustav seerum Aasia vesinaba ekstraktiga Purito Seoul Wonder Releaf Centella Serum taastab koheselt epidermise rakkudes niiskustaseme, ennetab deh\u00fcdratsiooni, v\u00f5itleb kuivuse ja ketendusega. Omab tugevat rahustavat ja antiseptilist toimet, on t\u00f5hus akne ja p\u00f5letike korral. Soovitatav eriti kuperoosale kalduva naha jaoks: tugevdab kapillaare, tihendab veresoonte seinu, parandab mikrotsirkulatsiooni, v\u00e4hendab punetuse ja \u00e4mblikveenide n\u00e4htavust. Sobib esimestele vananemism\u00e4rkidele...\" \/>\n<meta property=\"og:url\" content=\"https:\/\/idakorea.ee\/en\/product\/rahustav-seerum-aasia-vesinaba-ekstraktiga-purito-seoul-wonder-releaf-centella-serum-60ml\/\" \/>\n<meta property=\"og:site_name\" content=\"IDA.KOREA\" \/>\n<meta property=\"article:modified_time\" content=\"2026-04-08T13:18:01+00:00\" \/>\n<meta property=\"og:image\" content=\"https:\/\/idakorea.ee\/wp-content\/uploads\/2024\/11\/centella_serum-purtito-wonder.png\" \/>\n\t<meta property=\"og:image:width\" content=\"1400\" \/>\n\t<meta property=\"og:image:height\" content=\"1400\" \/>\n\t<meta property=\"og:image:type\" content=\"image\/png\" \/>\n<meta name=\"twitter:card\" content=\"summary_large_image\" \/>\n<meta name=\"twitter:label1\" content=\"Est. reading time\" \/>\n\t<meta name=\"twitter:data1\" content=\"2 minutes\" \/>\n<script type=\"application\/ld+json\" class=\"yoast-schema-graph\">{\"@context\":\"https:\/\/schema.org\",\"@graph\":[{\"@type\":\"WebPage\",\"@id\":\"https:\/\/idakorea.ee\/product\/rahustav-seerum-aasia-vesinaba-ekstraktiga-purito-seoul-wonder-releaf-centella-serum-60ml\/\",\"url\":\"https:\/\/idakorea.ee\/product\/rahustav-seerum-aasia-vesinaba-ekstraktiga-purito-seoul-wonder-releaf-centella-serum-60ml\/\",\"name\":\"Rahustav seerum Aasia vesinaba ekstraktiga Purito Seoul Wonder Releaf Centella Serum, 60ml EXP 06.12.2026 - IDA.KOREA\",\"isPartOf\":{\"@id\":\"https:\/\/idakorea.ee\/#website\"},\"primaryImageOfPage\":{\"@id\":\"https:\/\/idakorea.ee\/product\/rahustav-seerum-aasia-vesinaba-ekstraktiga-purito-seoul-wonder-releaf-centella-serum-60ml\/#primaryimage\"},\"image\":{\"@id\":\"https:\/\/idakorea.ee\/product\/rahustav-seerum-aasia-vesinaba-ekstraktiga-purito-seoul-wonder-releaf-centella-serum-60ml\/#primaryimage\"},\"thumbnailUrl\":\"https:\/\/idakorea.ee\/wp-content\/uploads\/2024\/11\/centella_serum-purtito-wonder.png\",\"datePublished\":\"2024-11-13T10:54:29+00:00\",\"dateModified\":\"2026-04-08T13:18:01+00:00\",\"breadcrumb\":{\"@id\":\"https:\/\/idakorea.ee\/product\/rahustav-seerum-aasia-vesinaba-ekstraktiga-purito-seoul-wonder-releaf-centella-serum-60ml\/#breadcrumb\"},\"inLanguage\":\"en-US\",\"potentialAction\":[{\"@type\":\"ReadAction\",\"target\":[\"https:\/\/idakorea.ee\/product\/rahustav-seerum-aasia-vesinaba-ekstraktiga-purito-seoul-wonder-releaf-centella-serum-60ml\/\"]}]},{\"@type\":\"ImageObject\",\"inLanguage\":\"en-US\",\"@id\":\"https:\/\/idakorea.ee\/product\/rahustav-seerum-aasia-vesinaba-ekstraktiga-purito-seoul-wonder-releaf-centella-serum-60ml\/#primaryimage\",\"url\":\"https:\/\/idakorea.ee\/wp-content\/uploads\/2024\/11\/centella_serum-purtito-wonder.png\",\"contentUrl\":\"https:\/\/idakorea.ee\/wp-content\/uploads\/2024\/11\/centella_serum-purtito-wonder.png\",\"width\":1400,\"height\":1400,\"caption\":\"centella_serum-purtito wonder\"},{\"@type\":\"BreadcrumbList\",\"@id\":\"https:\/\/idakorea.ee\/product\/rahustav-seerum-aasia-vesinaba-ekstraktiga-purito-seoul-wonder-releaf-centella-serum-60ml\/#breadcrumb\",\"itemListElement\":[{\"@type\":\"ListItem\",\"position\":1,\"name\":\"\u0413\u043b\u0430\u0432\u043d\u0430\u044f \u0441\u0442\u0440\u0430\u043d\u0438\u0446\u0430\",\"item\":\"https:\/\/idakorea.ee\/\"},{\"@type\":\"ListItem\",\"position\":2,\"name\":\"Shop\",\"item\":\"https:\/\/idakorea.ee\/shop-2\/\"},{\"@type\":\"ListItem\",\"position\":3,\"name\":\"Rahustav seerum Aasia vesinaba ekstraktiga Purito Seoul Wonder Releaf Centella Serum, 60ml EXP 06.12.2026\"}]},{\"@type\":\"WebSite\",\"@id\":\"https:\/\/idakorea.ee\/#website\",\"url\":\"https:\/\/idakorea.ee\/\",\"name\":\"IDA.KOREA\",\"description\":\"Korea kosmeetika e-pood\",\"publisher\":{\"@id\":\"https:\/\/idakorea.ee\/#organization\"},\"alternateName\":\"Beauty Shop\",\"potentialAction\":[{\"@type\":\"SearchAction\",\"target\":{\"@type\":\"EntryPoint\",\"urlTemplate\":\"https:\/\/idakorea.ee\/?s={search_term_string}\"},\"query-input\":{\"@type\":\"PropertyValueSpecification\",\"valueRequired\":true,\"valueName\":\"search_term_string\"}}],\"inLanguage\":\"en-US\"},{\"@type\":\"Organization\",\"@id\":\"https:\/\/idakorea.ee\/#organization\",\"name\":\"IDA.KOREA\",\"url\":\"https:\/\/idakorea.ee\/\",\"logo\":{\"@type\":\"ImageObject\",\"inLanguage\":\"en-US\",\"@id\":\"https:\/\/idakorea.ee\/#\/schema\/logo\/image\/\",\"url\":\"https:\/\/idakorea.ee\/wp-content\/uploads\/2024\/05\/cropped-korea3.png\",\"contentUrl\":\"https:\/\/idakorea.ee\/wp-content\/uploads\/2024\/05\/cropped-korea3.png\",\"width\":688,\"height\":126,\"caption\":\"IDA.KOREA\"},\"image\":{\"@id\":\"https:\/\/idakorea.ee\/#\/schema\/logo\/image\/\"},\"sameAs\":[\"https:\/\/www.instagram.com\/ida.korea\/\"]}]}<\/script>\n<!-- \/ Yoast SEO plugin. -->","yoast_head_json":{"title":"Rahustav seerum Aasia vesinaba ekstraktiga Purito Seoul Wonder Releaf Centella Serum, 60ml EXP 06.12.2026 - IDA.KOREA","robots":{"index":"index","follow":"follow","max-snippet":"max-snippet:-1","max-image-preview":"max-image-preview:large","max-video-preview":"max-video-preview:-1"},"canonical":"https:\/\/idakorea.ee\/en\/product\/rahustav-seerum-aasia-vesinaba-ekstraktiga-purito-seoul-wonder-releaf-centella-serum-60ml\/","og_locale":"en_US","og_type":"article","og_title":"Rahustav seerum Aasia vesinaba ekstraktiga Purito Seoul Wonder Releaf Centella Serum, 60ml EXP 06.12.2026 - IDA.KOREA","og_description":"Rahustav seerum Aasia vesinaba ekstraktiga Purito Seoul Wonder Releaf Centella Serum taastab koheselt epidermise rakkudes niiskustaseme, ennetab deh\u00fcdratsiooni, v\u00f5itleb kuivuse ja ketendusega. Omab tugevat rahustavat ja antiseptilist toimet, on t\u00f5hus akne ja p\u00f5letike korral. Soovitatav eriti kuperoosale kalduva naha jaoks: tugevdab kapillaare, tihendab veresoonte seinu, parandab mikrotsirkulatsiooni, v\u00e4hendab punetuse ja \u00e4mblikveenide n\u00e4htavust. Sobib esimestele vananemism\u00e4rkidele...","og_url":"https:\/\/idakorea.ee\/en\/product\/rahustav-seerum-aasia-vesinaba-ekstraktiga-purito-seoul-wonder-releaf-centella-serum-60ml\/","og_site_name":"IDA.KOREA","article_modified_time":"2026-04-08T13:18:01+00:00","og_image":[{"width":1400,"height":1400,"url":"https:\/\/idakorea.ee\/wp-content\/uploads\/2024\/11\/centella_serum-purtito-wonder.png","type":"image\/png"}],"twitter_card":"summary_large_image","twitter_misc":{"Est. reading time":"2 minutes"},"schema":{"@context":"https:\/\/schema.org","@graph":[{"@type":"WebPage","@id":"https:\/\/idakorea.ee\/product\/rahustav-seerum-aasia-vesinaba-ekstraktiga-purito-seoul-wonder-releaf-centella-serum-60ml\/","url":"https:\/\/idakorea.ee\/product\/rahustav-seerum-aasia-vesinaba-ekstraktiga-purito-seoul-wonder-releaf-centella-serum-60ml\/","name":"Rahustav seerum Aasia vesinaba ekstraktiga Purito Seoul Wonder Releaf Centella Serum, 60ml EXP 06.12.2026 - IDA.KOREA","isPartOf":{"@id":"https:\/\/idakorea.ee\/#website"},"primaryImageOfPage":{"@id":"https:\/\/idakorea.ee\/product\/rahustav-seerum-aasia-vesinaba-ekstraktiga-purito-seoul-wonder-releaf-centella-serum-60ml\/#primaryimage"},"image":{"@id":"https:\/\/idakorea.ee\/product\/rahustav-seerum-aasia-vesinaba-ekstraktiga-purito-seoul-wonder-releaf-centella-serum-60ml\/#primaryimage"},"thumbnailUrl":"https:\/\/idakorea.ee\/wp-content\/uploads\/2024\/11\/centella_serum-purtito-wonder.png","datePublished":"2024-11-13T10:54:29+00:00","dateModified":"2026-04-08T13:18:01+00:00","breadcrumb":{"@id":"https:\/\/idakorea.ee\/product\/rahustav-seerum-aasia-vesinaba-ekstraktiga-purito-seoul-wonder-releaf-centella-serum-60ml\/#breadcrumb"},"inLanguage":"en-US","potentialAction":[{"@type":"ReadAction","target":["https:\/\/idakorea.ee\/product\/rahustav-seerum-aasia-vesinaba-ekstraktiga-purito-seoul-wonder-releaf-centella-serum-60ml\/"]}]},{"@type":"ImageObject","inLanguage":"en-US","@id":"https:\/\/idakorea.ee\/product\/rahustav-seerum-aasia-vesinaba-ekstraktiga-purito-seoul-wonder-releaf-centella-serum-60ml\/#primaryimage","url":"https:\/\/idakorea.ee\/wp-content\/uploads\/2024\/11\/centella_serum-purtito-wonder.png","contentUrl":"https:\/\/idakorea.ee\/wp-content\/uploads\/2024\/11\/centella_serum-purtito-wonder.png","width":1400,"height":1400,"caption":"centella_serum-purtito wonder"},{"@type":"BreadcrumbList","@id":"https:\/\/idakorea.ee\/product\/rahustav-seerum-aasia-vesinaba-ekstraktiga-purito-seoul-wonder-releaf-centella-serum-60ml\/#breadcrumb","itemListElement":[{"@type":"ListItem","position":1,"name":"\u0413\u043b\u0430\u0432\u043d\u0430\u044f \u0441\u0442\u0440\u0430\u043d\u0438\u0446\u0430","item":"https:\/\/idakorea.ee\/"},{"@type":"ListItem","position":2,"name":"Shop","item":"https:\/\/idakorea.ee\/shop-2\/"},{"@type":"ListItem","position":3,"name":"Rahustav seerum Aasia vesinaba ekstraktiga Purito Seoul Wonder Releaf Centella Serum, 60ml EXP 06.12.2026"}]},{"@type":"WebSite","@id":"https:\/\/idakorea.ee\/#website","url":"https:\/\/idakorea.ee\/","name":"IDA.KOREA","description":"Korean cosmetics e-shop","publisher":{"@id":"https:\/\/idakorea.ee\/#organization"},"alternateName":"Beauty Shop","potentialAction":[{"@type":"SearchAction","target":{"@type":"EntryPoint","urlTemplate":"https:\/\/idakorea.ee\/?s={search_term_string}"},"query-input":{"@type":"PropertyValueSpecification","valueRequired":true,"valueName":"search_term_string"}}],"inLanguage":"en-US"},{"@type":"Organization","@id":"https:\/\/idakorea.ee\/#organization","name":"IDA.KOREA","url":"https:\/\/idakorea.ee\/","logo":{"@type":"ImageObject","inLanguage":"en-US","@id":"https:\/\/idakorea.ee\/#\/schema\/logo\/image\/","url":"https:\/\/idakorea.ee\/wp-content\/uploads\/2024\/05\/cropped-korea3.png","contentUrl":"https:\/\/idakorea.ee\/wp-content\/uploads\/2024\/05\/cropped-korea3.png","width":688,"height":126,"caption":"IDA.KOREA"},"image":{"@id":"https:\/\/idakorea.ee\/#\/schema\/logo\/image\/"},"sameAs":["https:\/\/www.instagram.com\/ida.korea\/"]}]}},"jetpack_sharing_enabled":true,"brands":[{"id":491,"name":"PURITO","slug":"purito"}],"_links":{"self":[{"href":"https:\/\/idakorea.ee\/en\/wp-json\/wp\/v2\/product\/11273","targetHints":{"allow":["GET"]}}],"collection":[{"href":"https:\/\/idakorea.ee\/en\/wp-json\/wp\/v2\/product"}],"about":[{"href":"https:\/\/idakorea.ee\/en\/wp-json\/wp\/v2\/types\/product"}],"replies":[{"embeddable":true,"href":"https:\/\/idakorea.ee\/en\/wp-json\/wp\/v2\/comments?post=11273"}],"version-history":[{"count":2,"href":"https:\/\/idakorea.ee\/en\/wp-json\/wp\/v2\/product\/11273\/revisions"}],"predecessor-version":[{"id":18396,"href":"https:\/\/idakorea.ee\/en\/wp-json\/wp\/v2\/product\/11273\/revisions\/18396"}],"wp:featuredmedia":[{"embeddable":true,"href":"https:\/\/idakorea.ee\/en\/wp-json\/wp\/v2\/media\/11274"}],"wp:attachment":[{"href":"https:\/\/idakorea.ee\/en\/wp-json\/wp\/v2\/media?parent=11273"}],"wp:term":[{"taxonomy":"pwb-brand","embeddable":true,"href":"https:\/\/idakorea.ee\/en\/wp-json\/wp\/v2\/pwb-brand?post=11273"},{"taxonomy":"product_brand","embeddable":true,"href":"https:\/\/idakorea.ee\/en\/wp-json\/wp\/v2\/product_brand?post=11273"},{"taxonomy":"product_cat","embeddable":true,"href":"https:\/\/idakorea.ee\/en\/wp-json\/wp\/v2\/product_cat?post=11273"},{"taxonomy":"product_tag","embeddable":true,"href":"https:\/\/idakorea.ee\/en\/wp-json\/wp\/v2\/product_tag?post=11273"}],"curies":[{"name":"wp","href":"https:\/\/api.w.org\/{rel}","templated":true}]}}