{"id":11287,"date":"2024-11-14T13:24:35","date_gmt":"2024-11-14T11:24:35","guid":{"rendered":"https:\/\/idakorea.ee\/?post_type=product&#038;p=11287"},"modified":"2026-03-08T18:32:03","modified_gmt":"2026-03-08T16:32:03","slug":"puhastav-vaht-etude-baking-powder-pore-cleansing-foam-160-ml","status":"publish","type":"product","link":"https:\/\/idakorea.ee\/en\/product\/puhastav-vaht-etude-baking-powder-pore-cleansing-foam-160-ml\/","title":{"rendered":"Etude Baking Powder Pore Cleansing Foam, 160 ml"},"content":{"rendered":"<p>Cleansing foam<strong> Etude Baking Powder Pore Cleansing Foam <\/strong>The \"3-in-one\" baking soda combines the features of several products: make-up remover, deep pore cleanser and gentle exfoliator. The multifunctionality comes from the active ingredients - microcrystalline cellulose, lactic acid and soda ash.<\/p>\n<p>Results with regular use: the foam not only cleanses the skin perfectly, but also gradually improves the condition of the skin: the texture of the skin becomes more even, the tone lightens, pores tighten, sebaceous glands normalise, acne and pigmentation spots gradually disappear, pores do not clog and new inflammations do not occur, existing inflammations dry out and heal.<\/p>\n<p><strong>Key active ingredients:<\/strong><\/p>\n<ul>\n<li><strong>Microcrystalline cellulose<\/strong> is a natural ingredient that deeply but gently cleanses pores of dirt and hardened cells and absorbs excess oil, leaving skin looking clean and matte.<\/li>\n<li><strong>Lactic acid<\/strong> Reduces the appearance of post-acne and inflammation, brightens dark circles and pigmentation, gently exfoliates dead cells and stimulates skin renewal.<\/li>\n<li><strong>Sodium bicarbonate<\/strong> (baking soda) is a powerful antiseptic that helps to soften and intensively cleanse the skin. Thanks to its pronounced exfoliating properties, it is often used in exfoliators, reduces irritation and is suitable for all skin types due to its neutral pH.<\/li>\n<\/ul>\n<p>&nbsp;<\/p>\n<p><strong>Universal and suitable for all skin types, including sensitive and problem skin.<\/strong><\/p>\n<p><strong>User manual:<\/strong> Moisten the skin with warm water. Squeeze a small amount of product onto the back of the head and rub between wet hands to create a lather. Gently apply the foam all over the face and massage to dissolve make-up and remove dirt. Rinse thoroughly with warm water.<\/p>","protected":false},"excerpt":{"rendered":"<p>The cleansing foam Etude Baking Powder Pore Cleansing Foam with \"3-in-one\" baking soda combines the properties of several products: make-up remover, deep pore cleanser and gentle exfoliator. The multifunctionality is due to the active ingredients - microcrystalline cellulose, lactic acid and baking soda. Regular use results in.<\/p>","protected":false},"featured_media":11288,"comment_status":"open","ping_status":"closed","template":"","meta":{"_uf_show_specific_survey":0,"_uf_disable_surveys":false,"_bst_post_transparent":"default","_bst_post_title":"","_bst_post_layout":"default","_bst_post_sidebar_id":"","_bst_post_content_style":"default","_bst_post_vertical_padding":"default","_bst_post_feature":"","_bst_post_feature_position":"","_bst_post_header":false,"_bst_post_footer":false},"pwb-brand":[679],"product_brand":[],"product_cat":[92,451,452,100],"product_tag":[],"class_list":{"0":"post-11287","1":"product","2":"type-product","3":"status-publish","4":"has-post-thumbnail","6":"pwb-brand-etude","7":"product_cat-nagu","8":"product_cat-naokoorijad","9":"product_cat-naopuhastusgeelid","10":"product_cat-puhastusvahendid","12":"first","13":"instock","14":"sale","15":"shipping-taxable","16":"purchasable","17":"product-type-simple","18":"entry","19":"content-bg","20":"loop-entry"},"supplier_id":null,"supplier_sku":"","barcode":null,"atum_controlled":true,"out_stock_date":null,"out_stock_threshold":null,"inheritable":false,"inbound_stock":0,"stock_on_hold":0,"sold_today":0,"sales_last_days":0,"out_stock_days":0,"lost_sales":0,"has_location":false,"update_date":"2026-04-14T00:05:08","atum_locations":[],"atum_stock_status":"instock","restock_status":false,"low_stock_amount":"","sales_update_date":"2026-04-14T00:05:08","calc_backorders":null,"yoast_head":"<!-- This site is optimized with the Yoast SEO plugin v27.2 - https:\/\/yoast.com\/product\/yoast-seo-wordpress\/ -->\n<title>Puhastav vaht Etude Baking Powder Pore Cleansing Foam, 160 ml - IDA.KOREA<\/title>\n<meta name=\"robots\" content=\"index, follow, max-snippet:-1, max-image-preview:large, max-video-preview:-1\" \/>\n<link rel=\"canonical\" href=\"https:\/\/idakorea.ee\/en\/product\/puhastav-vaht-etude-baking-powder-pore-cleansing-foam-160-ml\/\" \/>\n<meta property=\"og:locale\" content=\"en_US\" \/>\n<meta property=\"og:type\" content=\"article\" \/>\n<meta property=\"og:title\" content=\"Puhastav vaht Etude Baking Powder Pore Cleansing Foam, 160 ml - IDA.KOREA\" \/>\n<meta property=\"og:description\" content=\"Puhastav vaht Etude Baking Powder Pore Cleansing Foam &#8220;3-\u00fches&#8221; s\u00f6\u00f6gisoodaga \u00fchendab mitme toote omadused: meigieemaldaja, pooride s\u00fcgavpuhastuse ja \u00f5rna koorija funktsioonid. Mitmeotstarbelisus tuleneb aktiivsetest koostisosadest \u2013 mikrokristalliline tselluloos, piimhape ja sooda. Regulaarse kasutamise tulemused: Vaht mitte ainult ei puhasta nahka suurep\u00e4raselt, vaid parandab j\u00e4rk-j\u00e4rgult ka naha seisundit: naha tekstuur muutub \u00fchtlasemaks, toon heledamaks, poorid ahenevad,...\" \/>\n<meta property=\"og:url\" content=\"https:\/\/idakorea.ee\/en\/product\/puhastav-vaht-etude-baking-powder-pore-cleansing-foam-160-ml\/\" \/>\n<meta property=\"og:site_name\" content=\"IDA.KOREA\" \/>\n<meta property=\"article:modified_time\" content=\"2026-03-08T16:32:03+00:00\" \/>\n<meta property=\"og:image\" content=\"https:\/\/idakorea.ee\/wp-content\/uploads\/2024\/11\/etude-house-baking-powder-pore-cleansing-foam.png\" \/>\n\t<meta property=\"og:image:width\" content=\"1000\" \/>\n\t<meta property=\"og:image:height\" content=\"1000\" \/>\n\t<meta property=\"og:image:type\" content=\"image\/png\" \/>\n<meta name=\"twitter:card\" content=\"summary_large_image\" \/>\n<meta name=\"twitter:label1\" content=\"Est. reading time\" \/>\n\t<meta name=\"twitter:data1\" content=\"2 minutes\" \/>\n<script type=\"application\/ld+json\" class=\"yoast-schema-graph\">{\"@context\":\"https:\/\/schema.org\",\"@graph\":[{\"@type\":\"WebPage\",\"@id\":\"https:\/\/idakorea.ee\/product\/puhastav-vaht-etude-baking-powder-pore-cleansing-foam-160-ml\/\",\"url\":\"https:\/\/idakorea.ee\/product\/puhastav-vaht-etude-baking-powder-pore-cleansing-foam-160-ml\/\",\"name\":\"Puhastav vaht Etude Baking Powder Pore Cleansing Foam, 160 ml - IDA.KOREA\",\"isPartOf\":{\"@id\":\"https:\/\/idakorea.ee\/#website\"},\"primaryImageOfPage\":{\"@id\":\"https:\/\/idakorea.ee\/product\/puhastav-vaht-etude-baking-powder-pore-cleansing-foam-160-ml\/#primaryimage\"},\"image\":{\"@id\":\"https:\/\/idakorea.ee\/product\/puhastav-vaht-etude-baking-powder-pore-cleansing-foam-160-ml\/#primaryimage\"},\"thumbnailUrl\":\"https:\/\/idakorea.ee\/wp-content\/uploads\/2024\/11\/etude-house-baking-powder-pore-cleansing-foam.png\",\"datePublished\":\"2024-11-14T11:24:35+00:00\",\"dateModified\":\"2026-03-08T16:32:03+00:00\",\"breadcrumb\":{\"@id\":\"https:\/\/idakorea.ee\/product\/puhastav-vaht-etude-baking-powder-pore-cleansing-foam-160-ml\/#breadcrumb\"},\"inLanguage\":\"en-US\",\"potentialAction\":[{\"@type\":\"ReadAction\",\"target\":[\"https:\/\/idakorea.ee\/product\/puhastav-vaht-etude-baking-powder-pore-cleansing-foam-160-ml\/\"]}]},{\"@type\":\"ImageObject\",\"inLanguage\":\"en-US\",\"@id\":\"https:\/\/idakorea.ee\/product\/puhastav-vaht-etude-baking-powder-pore-cleansing-foam-160-ml\/#primaryimage\",\"url\":\"https:\/\/idakorea.ee\/wp-content\/uploads\/2024\/11\/etude-house-baking-powder-pore-cleansing-foam.png\",\"contentUrl\":\"https:\/\/idakorea.ee\/wp-content\/uploads\/2024\/11\/etude-house-baking-powder-pore-cleansing-foam.png\",\"width\":1000,\"height\":1000,\"caption\":\"Etude-House-Baking-Powder-Pore-Cleansing-Foam\"},{\"@type\":\"BreadcrumbList\",\"@id\":\"https:\/\/idakorea.ee\/product\/puhastav-vaht-etude-baking-powder-pore-cleansing-foam-160-ml\/#breadcrumb\",\"itemListElement\":[{\"@type\":\"ListItem\",\"position\":1,\"name\":\"\u0413\u043b\u0430\u0432\u043d\u0430\u044f \u0441\u0442\u0440\u0430\u043d\u0438\u0446\u0430\",\"item\":\"https:\/\/idakorea.ee\/\"},{\"@type\":\"ListItem\",\"position\":2,\"name\":\"Shop\",\"item\":\"https:\/\/idakorea.ee\/shop-2\/\"},{\"@type\":\"ListItem\",\"position\":3,\"name\":\"Puhastav vaht Etude Baking Powder Pore Cleansing Foam, 160 ml\"}]},{\"@type\":\"WebSite\",\"@id\":\"https:\/\/idakorea.ee\/#website\",\"url\":\"https:\/\/idakorea.ee\/\",\"name\":\"IDA.KOREA\",\"description\":\"Korea kosmeetika e-pood\",\"publisher\":{\"@id\":\"https:\/\/idakorea.ee\/#organization\"},\"alternateName\":\"Beauty Shop\",\"potentialAction\":[{\"@type\":\"SearchAction\",\"target\":{\"@type\":\"EntryPoint\",\"urlTemplate\":\"https:\/\/idakorea.ee\/?s={search_term_string}\"},\"query-input\":{\"@type\":\"PropertyValueSpecification\",\"valueRequired\":true,\"valueName\":\"search_term_string\"}}],\"inLanguage\":\"en-US\"},{\"@type\":\"Organization\",\"@id\":\"https:\/\/idakorea.ee\/#organization\",\"name\":\"IDA.KOREA\",\"url\":\"https:\/\/idakorea.ee\/\",\"logo\":{\"@type\":\"ImageObject\",\"inLanguage\":\"en-US\",\"@id\":\"https:\/\/idakorea.ee\/#\/schema\/logo\/image\/\",\"url\":\"https:\/\/idakorea.ee\/wp-content\/uploads\/2024\/05\/cropped-korea3.png\",\"contentUrl\":\"https:\/\/idakorea.ee\/wp-content\/uploads\/2024\/05\/cropped-korea3.png\",\"width\":688,\"height\":126,\"caption\":\"IDA.KOREA\"},\"image\":{\"@id\":\"https:\/\/idakorea.ee\/#\/schema\/logo\/image\/\"},\"sameAs\":[\"https:\/\/www.instagram.com\/ida.korea\/\"]}]}<\/script>\n<!-- \/ Yoast SEO plugin. -->","yoast_head_json":{"title":"Cleansing Foam Etude Baking Powder Pore Cleansing Foam, 160 ml - IDA.KOREA","robots":{"index":"index","follow":"follow","max-snippet":"max-snippet:-1","max-image-preview":"max-image-preview:large","max-video-preview":"max-video-preview:-1"},"canonical":"https:\/\/idakorea.ee\/en\/product\/puhastav-vaht-etude-baking-powder-pore-cleansing-foam-160-ml\/","og_locale":"en_US","og_type":"article","og_title":"Puhastav vaht Etude Baking Powder Pore Cleansing Foam, 160 ml - IDA.KOREA","og_description":"Puhastav vaht Etude Baking Powder Pore Cleansing Foam &#8220;3-\u00fches&#8221; s\u00f6\u00f6gisoodaga \u00fchendab mitme toote omadused: meigieemaldaja, pooride s\u00fcgavpuhastuse ja \u00f5rna koorija funktsioonid. Mitmeotstarbelisus tuleneb aktiivsetest koostisosadest \u2013 mikrokristalliline tselluloos, piimhape ja sooda. Regulaarse kasutamise tulemused: Vaht mitte ainult ei puhasta nahka suurep\u00e4raselt, vaid parandab j\u00e4rk-j\u00e4rgult ka naha seisundit: naha tekstuur muutub \u00fchtlasemaks, toon heledamaks, poorid ahenevad,...","og_url":"https:\/\/idakorea.ee\/en\/product\/puhastav-vaht-etude-baking-powder-pore-cleansing-foam-160-ml\/","og_site_name":"IDA.KOREA","article_modified_time":"2026-03-08T16:32:03+00:00","og_image":[{"width":1000,"height":1000,"url":"https:\/\/idakorea.ee\/wp-content\/uploads\/2024\/11\/etude-house-baking-powder-pore-cleansing-foam.png","type":"image\/png"}],"twitter_card":"summary_large_image","twitter_misc":{"Est. reading time":"2 minutes"},"schema":{"@context":"https:\/\/schema.org","@graph":[{"@type":"WebPage","@id":"https:\/\/idakorea.ee\/product\/puhastav-vaht-etude-baking-powder-pore-cleansing-foam-160-ml\/","url":"https:\/\/idakorea.ee\/product\/puhastav-vaht-etude-baking-powder-pore-cleansing-foam-160-ml\/","name":"Cleansing Foam Etude Baking Powder Pore Cleansing Foam, 160 ml - IDA.KOREA","isPartOf":{"@id":"https:\/\/idakorea.ee\/#website"},"primaryImageOfPage":{"@id":"https:\/\/idakorea.ee\/product\/puhastav-vaht-etude-baking-powder-pore-cleansing-foam-160-ml\/#primaryimage"},"image":{"@id":"https:\/\/idakorea.ee\/product\/puhastav-vaht-etude-baking-powder-pore-cleansing-foam-160-ml\/#primaryimage"},"thumbnailUrl":"https:\/\/idakorea.ee\/wp-content\/uploads\/2024\/11\/etude-house-baking-powder-pore-cleansing-foam.png","datePublished":"2024-11-14T11:24:35+00:00","dateModified":"2026-03-08T16:32:03+00:00","breadcrumb":{"@id":"https:\/\/idakorea.ee\/product\/puhastav-vaht-etude-baking-powder-pore-cleansing-foam-160-ml\/#breadcrumb"},"inLanguage":"en-US","potentialAction":[{"@type":"ReadAction","target":["https:\/\/idakorea.ee\/product\/puhastav-vaht-etude-baking-powder-pore-cleansing-foam-160-ml\/"]}]},{"@type":"ImageObject","inLanguage":"en-US","@id":"https:\/\/idakorea.ee\/product\/puhastav-vaht-etude-baking-powder-pore-cleansing-foam-160-ml\/#primaryimage","url":"https:\/\/idakorea.ee\/wp-content\/uploads\/2024\/11\/etude-house-baking-powder-pore-cleansing-foam.png","contentUrl":"https:\/\/idakorea.ee\/wp-content\/uploads\/2024\/11\/etude-house-baking-powder-pore-cleansing-foam.png","width":1000,"height":1000,"caption":"Etude-House-Baking-Powder-Pore-Cleansing-Foam"},{"@type":"BreadcrumbList","@id":"https:\/\/idakorea.ee\/product\/puhastav-vaht-etude-baking-powder-pore-cleansing-foam-160-ml\/#breadcrumb","itemListElement":[{"@type":"ListItem","position":1,"name":"\u0413\u043b\u0430\u0432\u043d\u0430\u044f \u0441\u0442\u0440\u0430\u043d\u0438\u0446\u0430","item":"https:\/\/idakorea.ee\/"},{"@type":"ListItem","position":2,"name":"Shop","item":"https:\/\/idakorea.ee\/shop-2\/"},{"@type":"ListItem","position":3,"name":"Puhastav vaht Etude Baking Powder Pore Cleansing Foam, 160 ml"}]},{"@type":"WebSite","@id":"https:\/\/idakorea.ee\/#website","url":"https:\/\/idakorea.ee\/","name":"IDA.KOREA","description":"Korean cosmetics e-shop","publisher":{"@id":"https:\/\/idakorea.ee\/#organization"},"alternateName":"Beauty Shop","potentialAction":[{"@type":"SearchAction","target":{"@type":"EntryPoint","urlTemplate":"https:\/\/idakorea.ee\/?s={search_term_string}"},"query-input":{"@type":"PropertyValueSpecification","valueRequired":true,"valueName":"search_term_string"}}],"inLanguage":"en-US"},{"@type":"Organization","@id":"https:\/\/idakorea.ee\/#organization","name":"IDA.KOREA","url":"https:\/\/idakorea.ee\/","logo":{"@type":"ImageObject","inLanguage":"en-US","@id":"https:\/\/idakorea.ee\/#\/schema\/logo\/image\/","url":"https:\/\/idakorea.ee\/wp-content\/uploads\/2024\/05\/cropped-korea3.png","contentUrl":"https:\/\/idakorea.ee\/wp-content\/uploads\/2024\/05\/cropped-korea3.png","width":688,"height":126,"caption":"IDA.KOREA"},"image":{"@id":"https:\/\/idakorea.ee\/#\/schema\/logo\/image\/"},"sameAs":["https:\/\/www.instagram.com\/ida.korea\/"]}]}},"jetpack_sharing_enabled":true,"brands":[{"id":679,"name":"ETUDE","slug":"etude"}],"_links":{"self":[{"href":"https:\/\/idakorea.ee\/en\/wp-json\/wp\/v2\/product\/11287","targetHints":{"allow":["GET"]}}],"collection":[{"href":"https:\/\/idakorea.ee\/en\/wp-json\/wp\/v2\/product"}],"about":[{"href":"https:\/\/idakorea.ee\/en\/wp-json\/wp\/v2\/types\/product"}],"replies":[{"embeddable":true,"href":"https:\/\/idakorea.ee\/en\/wp-json\/wp\/v2\/comments?post=11287"}],"version-history":[{"count":2,"href":"https:\/\/idakorea.ee\/en\/wp-json\/wp\/v2\/product\/11287\/revisions"}],"predecessor-version":[{"id":11290,"href":"https:\/\/idakorea.ee\/en\/wp-json\/wp\/v2\/product\/11287\/revisions\/11290"}],"wp:featuredmedia":[{"embeddable":true,"href":"https:\/\/idakorea.ee\/en\/wp-json\/wp\/v2\/media\/11288"}],"wp:attachment":[{"href":"https:\/\/idakorea.ee\/en\/wp-json\/wp\/v2\/media?parent=11287"}],"wp:term":[{"taxonomy":"pwb-brand","embeddable":true,"href":"https:\/\/idakorea.ee\/en\/wp-json\/wp\/v2\/pwb-brand?post=11287"},{"taxonomy":"product_brand","embeddable":true,"href":"https:\/\/idakorea.ee\/en\/wp-json\/wp\/v2\/product_brand?post=11287"},{"taxonomy":"product_cat","embeddable":true,"href":"https:\/\/idakorea.ee\/en\/wp-json\/wp\/v2\/product_cat?post=11287"},{"taxonomy":"product_tag","embeddable":true,"href":"https:\/\/idakorea.ee\/en\/wp-json\/wp\/v2\/product_tag?post=11287"}],"curies":[{"name":"wp","href":"https:\/\/api.w.org\/{rel}","templated":true}]}}