{"id":11299,"date":"2024-11-14T16:43:42","date_gmt":"2024-11-14T14:43:42","guid":{"rendered":"https:\/\/idakorea.ee\/?post_type=product&#038;p=11299"},"modified":"2026-02-07T11:33:55","modified_gmt":"2026-02-07T09:33:55","slug":"naooli-cosrx-the-retinol-0-5-oil-20ml","status":"publish","type":"product","link":"https:\/\/idakorea.ee\/en\/product\/naooli-cosrx-the-retinol-0-5-oil-20ml\/","title":{"rendered":"COSRX The Retinol 0.5 Oil, 20ml"},"content":{"rendered":"<p><strong>COSRX The Retinol 0.5 Oil <\/strong>- oil that smoothes and softens the skin, slows down the first signs of ageing and improves the overall condition of the skin. Ideal for introducing retinol and correcting the first signs of ageing.<\/p>\n<p>Increases skin elasticity, smoothes wrinkles and tightens enlarged pores, tightens skin, evens complexion and gives a healthy glow.<\/p>\n<p><strong>Main active substance<\/strong> - 0.5% pure retinol, a stable form of vitamin A. Retinol stimulates cell renewal, which helps to smooth wrinkles, make skin smoother and more supple, reduce the visibility of wrinkles and pigmentation and prevent inflammation.<\/p>\n<p><strong>Additional components:<\/strong><\/p>\n<ul>\n<li><strong>Skvala<\/strong> acts as an antioxidant, intensively moisturizes, prevents skin dryness and accelerates healing, preventing premature aging.<\/li>\n<li><strong>Tokotrienol<\/strong> - a fat-soluble form of vitamin E found in coconut, cocoa and rice bran oils. Tokotrienol increases the effectiveness of vitamin C, strengthens capillary walls, promotes collagen synthesis and protects against oxidative stress.<\/li>\n<li><strong>Tocopherol (vitamin E)<\/strong> provides antioxidant protection, softens and smoothes the skin, prevents premature ageing, relieves scaling and dryness.<\/li>\n<li><strong>Oil palm oil<\/strong> soothes and softens the skin, providing it with antioxidants including vitamin E.<\/li>\n<li><strong>Soybean oil<\/strong> has anti-inflammatory and antioxidant properties, restores the skin's moisture barrier and protects against the harmful effects of UV rays.<\/li>\n<\/ul>\n<p>&nbsp;<\/p>\n<p>Suitable for all skin types.<\/p>\n<p><strong>User manual:<\/strong> Use in the evening in the moisturizing phase. Apply the oil to the face and distribute with fingertips from the centre towards the sides. Concentrate on areas showing the first signs of ageing, such as the forehead, around the eyes, around the mouth and nasolabial folds. If you are using retinol for the first time, start with three times a week and gradually increase the frequency to twice a day. Be sure to use sunscreen during the day. Not recommended during pregnancy or breastfeeding. Avoid use in combination with products containing acids or high concentrations of vitamin C.<\/p>","protected":false},"excerpt":{"rendered":"<p>COSRX The Retinol 0.5 Oil - an oil that smoothes and softens the skin, slows down the first signs of ageing and improves the overall condition of the skin. The product is ideal for introducing retinol and correcting the first signs of ageing. Increases skin elasticity, smoothes wrinkles and tightens enlarged pores, tightens skin, evens complexion and provides a healthy glow. Main active ingredient - 0.5% pure retinol, a stable form of vitamin A....<\/p>","protected":false},"featured_media":11300,"comment_status":"open","ping_status":"closed","template":"","meta":{"_uf_show_specific_survey":0,"_uf_disable_surveys":false,"_bst_post_transparent":"default","_bst_post_title":"","_bst_post_layout":"default","_bst_post_sidebar_id":"","_bst_post_content_style":"default","_bst_post_vertical_padding":"default","_bst_post_feature":"","_bst_post_feature_position":"","_bst_post_header":false,"_bst_post_footer":false},"pwb-brand":[111],"product_brand":[],"product_cat":[92,97],"product_tag":[671,213],"class_list":{"0":"post-11299","1":"product","2":"type-product","3":"status-publish","4":"has-post-thumbnail","6":"pwb-brand-cosrx","7":"product_cat-nagu","8":"product_cat-naoseerumid-ja-olid","9":"product_tag-oil","10":"product_tag-retinol","12":"first","13":"outofstock","14":"sale","15":"shipping-taxable","16":"purchasable","17":"product-type-simple","18":"entry","19":"content-bg","20":"loop-entry"},"supplier_id":null,"supplier_sku":"","barcode":null,"atum_controlled":true,"out_stock_date":"2026-02-07 11:33:55","out_stock_threshold":null,"inheritable":false,"inbound_stock":0,"stock_on_hold":0,"sold_today":0,"sales_last_days":0,"out_stock_days":65,"lost_sales":231,"has_location":false,"update_date":"2026-04-14T00:05:08","atum_locations":[],"atum_stock_status":"outofstock","restock_status":false,"low_stock_amount":"","sales_update_date":"2026-04-14T00:05:08","calc_backorders":null,"yoast_head":"<!-- This site is optimized with the Yoast SEO plugin v27.2 - https:\/\/yoast.com\/product\/yoast-seo-wordpress\/ -->\n<title>N\u00e4o\u00f5li COSRX The Retinol 0.5 Oil, 20ml - IDA.KOREA<\/title>\n<meta name=\"description\" content=\"COSRX The Retinol 0.5 Oil \u2013 \u00f5li, mis \u00fchtlustab ja pehmendab nahka, aeglustab esimesi vananemism\u00e4rke ning parandab naha \u00fcldist seisundit. Kiire tarne!\" \/>\n<meta name=\"robots\" content=\"index, follow, max-snippet:-1, max-image-preview:large, max-video-preview:-1\" \/>\n<link rel=\"canonical\" href=\"https:\/\/idakorea.ee\/en\/product\/naooli-cosrx-the-retinol-0-5-oil-20ml\/\" \/>\n<meta property=\"og:locale\" content=\"en_US\" \/>\n<meta property=\"og:type\" content=\"article\" \/>\n<meta property=\"og:title\" content=\"N\u00e4o\u00f5li COSRX The Retinol 0.5 Oil, 20ml - IDA.KOREA\" \/>\n<meta property=\"og:description\" content=\"COSRX The Retinol 0.5 Oil \u2013 \u00f5li, mis \u00fchtlustab ja pehmendab nahka, aeglustab esimesi vananemism\u00e4rke ning parandab naha \u00fcldist seisundit. Kiire tarne!\" \/>\n<meta property=\"og:url\" content=\"https:\/\/idakorea.ee\/en\/product\/naooli-cosrx-the-retinol-0-5-oil-20ml\/\" \/>\n<meta property=\"og:site_name\" content=\"IDA.KOREA\" \/>\n<meta property=\"article:modified_time\" content=\"2026-02-07T09:33:55+00:00\" \/>\n<meta property=\"og:image\" content=\"https:\/\/idakorea.ee\/wp-content\/uploads\/2024\/11\/cosrx-the-retinol-0.5-oil.jpg\" \/>\n\t<meta property=\"og:image:width\" content=\"1000\" \/>\n\t<meta property=\"og:image:height\" content=\"1000\" \/>\n\t<meta property=\"og:image:type\" content=\"image\/jpeg\" \/>\n<meta name=\"twitter:card\" content=\"summary_large_image\" \/>\n<meta name=\"twitter:label1\" content=\"Est. reading time\" \/>\n\t<meta name=\"twitter:data1\" content=\"2 minutes\" \/>\n<script type=\"application\/ld+json\" class=\"yoast-schema-graph\">{\"@context\":\"https:\/\/schema.org\",\"@graph\":[{\"@type\":\"WebPage\",\"@id\":\"https:\/\/idakorea.ee\/product\/naooli-cosrx-the-retinol-0-5-oil-20ml\/\",\"url\":\"https:\/\/idakorea.ee\/product\/naooli-cosrx-the-retinol-0-5-oil-20ml\/\",\"name\":\"N\u00e4o\u00f5li COSRX The Retinol 0.5 Oil, 20ml - IDA.KOREA\",\"isPartOf\":{\"@id\":\"https:\/\/idakorea.ee\/#website\"},\"primaryImageOfPage\":{\"@id\":\"https:\/\/idakorea.ee\/product\/naooli-cosrx-the-retinol-0-5-oil-20ml\/#primaryimage\"},\"image\":{\"@id\":\"https:\/\/idakorea.ee\/product\/naooli-cosrx-the-retinol-0-5-oil-20ml\/#primaryimage\"},\"thumbnailUrl\":\"https:\/\/idakorea.ee\/wp-content\/uploads\/2024\/11\/cosrx-the-retinol-0.5-oil.jpg\",\"datePublished\":\"2024-11-14T14:43:42+00:00\",\"dateModified\":\"2026-02-07T09:33:55+00:00\",\"description\":\"COSRX The Retinol 0.5 Oil \u2013 \u00f5li, mis \u00fchtlustab ja pehmendab nahka, aeglustab esimesi vananemism\u00e4rke ning parandab naha \u00fcldist seisundit. Kiire tarne!\",\"breadcrumb\":{\"@id\":\"https:\/\/idakorea.ee\/product\/naooli-cosrx-the-retinol-0-5-oil-20ml\/#breadcrumb\"},\"inLanguage\":\"en-US\",\"potentialAction\":[{\"@type\":\"ReadAction\",\"target\":[\"https:\/\/idakorea.ee\/product\/naooli-cosrx-the-retinol-0-5-oil-20ml\/\"]}]},{\"@type\":\"ImageObject\",\"inLanguage\":\"en-US\",\"@id\":\"https:\/\/idakorea.ee\/product\/naooli-cosrx-the-retinol-0-5-oil-20ml\/#primaryimage\",\"url\":\"https:\/\/idakorea.ee\/wp-content\/uploads\/2024\/11\/cosrx-the-retinol-0.5-oil.jpg\",\"contentUrl\":\"https:\/\/idakorea.ee\/wp-content\/uploads\/2024\/11\/cosrx-the-retinol-0.5-oil.jpg\",\"width\":1000,\"height\":1000,\"caption\":\"COSRX-The-Retinol-0.5-Oil\"},{\"@type\":\"BreadcrumbList\",\"@id\":\"https:\/\/idakorea.ee\/product\/naooli-cosrx-the-retinol-0-5-oil-20ml\/#breadcrumb\",\"itemListElement\":[{\"@type\":\"ListItem\",\"position\":1,\"name\":\"\u0413\u043b\u0430\u0432\u043d\u0430\u044f \u0441\u0442\u0440\u0430\u043d\u0438\u0446\u0430\",\"item\":\"https:\/\/idakorea.ee\/\"},{\"@type\":\"ListItem\",\"position\":2,\"name\":\"Shop\",\"item\":\"https:\/\/idakorea.ee\/shop-2\/\"},{\"@type\":\"ListItem\",\"position\":3,\"name\":\"N\u00e4o\u00f5li COSRX The Retinol 0.5 Oil, 20ml\"}]},{\"@type\":\"WebSite\",\"@id\":\"https:\/\/idakorea.ee\/#website\",\"url\":\"https:\/\/idakorea.ee\/\",\"name\":\"IDA.KOREA\",\"description\":\"Korea kosmeetika e-pood\",\"publisher\":{\"@id\":\"https:\/\/idakorea.ee\/#organization\"},\"alternateName\":\"Beauty Shop\",\"potentialAction\":[{\"@type\":\"SearchAction\",\"target\":{\"@type\":\"EntryPoint\",\"urlTemplate\":\"https:\/\/idakorea.ee\/?s={search_term_string}\"},\"query-input\":{\"@type\":\"PropertyValueSpecification\",\"valueRequired\":true,\"valueName\":\"search_term_string\"}}],\"inLanguage\":\"en-US\"},{\"@type\":\"Organization\",\"@id\":\"https:\/\/idakorea.ee\/#organization\",\"name\":\"IDA.KOREA\",\"url\":\"https:\/\/idakorea.ee\/\",\"logo\":{\"@type\":\"ImageObject\",\"inLanguage\":\"en-US\",\"@id\":\"https:\/\/idakorea.ee\/#\/schema\/logo\/image\/\",\"url\":\"https:\/\/idakorea.ee\/wp-content\/uploads\/2024\/05\/cropped-korea3.png\",\"contentUrl\":\"https:\/\/idakorea.ee\/wp-content\/uploads\/2024\/05\/cropped-korea3.png\",\"width\":688,\"height\":126,\"caption\":\"IDA.KOREA\"},\"image\":{\"@id\":\"https:\/\/idakorea.ee\/#\/schema\/logo\/image\/\"},\"sameAs\":[\"https:\/\/www.instagram.com\/ida.korea\/\"]}]}<\/script>\n<!-- \/ Yoast SEO plugin. -->","yoast_head_json":{"title":"Face oil COSRX The Retinol 0.5 Oil, 20ml - IDA.KOREA","description":"COSRX The Retinol 0.5 Oil \u2013 an oil that evens out and softens the skin, slows down the first signs of aging and improves the overall condition of the skin. Fast delivery!","robots":{"index":"index","follow":"follow","max-snippet":"max-snippet:-1","max-image-preview":"max-image-preview:large","max-video-preview":"max-video-preview:-1"},"canonical":"https:\/\/idakorea.ee\/en\/product\/naooli-cosrx-the-retinol-0-5-oil-20ml\/","og_locale":"en_US","og_type":"article","og_title":"N\u00e4o\u00f5li COSRX The Retinol 0.5 Oil, 20ml - IDA.KOREA","og_description":"COSRX The Retinol 0.5 Oil \u2013 \u00f5li, mis \u00fchtlustab ja pehmendab nahka, aeglustab esimesi vananemism\u00e4rke ning parandab naha \u00fcldist seisundit. Kiire tarne!","og_url":"https:\/\/idakorea.ee\/en\/product\/naooli-cosrx-the-retinol-0-5-oil-20ml\/","og_site_name":"IDA.KOREA","article_modified_time":"2026-02-07T09:33:55+00:00","og_image":[{"width":1000,"height":1000,"url":"https:\/\/idakorea.ee\/wp-content\/uploads\/2024\/11\/cosrx-the-retinol-0.5-oil.jpg","type":"image\/jpeg"}],"twitter_card":"summary_large_image","twitter_misc":{"Est. reading time":"2 minutes"},"schema":{"@context":"https:\/\/schema.org","@graph":[{"@type":"WebPage","@id":"https:\/\/idakorea.ee\/product\/naooli-cosrx-the-retinol-0-5-oil-20ml\/","url":"https:\/\/idakorea.ee\/product\/naooli-cosrx-the-retinol-0-5-oil-20ml\/","name":"Face oil COSRX The Retinol 0.5 Oil, 20ml - IDA.KOREA","isPartOf":{"@id":"https:\/\/idakorea.ee\/#website"},"primaryImageOfPage":{"@id":"https:\/\/idakorea.ee\/product\/naooli-cosrx-the-retinol-0-5-oil-20ml\/#primaryimage"},"image":{"@id":"https:\/\/idakorea.ee\/product\/naooli-cosrx-the-retinol-0-5-oil-20ml\/#primaryimage"},"thumbnailUrl":"https:\/\/idakorea.ee\/wp-content\/uploads\/2024\/11\/cosrx-the-retinol-0.5-oil.jpg","datePublished":"2024-11-14T14:43:42+00:00","dateModified":"2026-02-07T09:33:55+00:00","description":"COSRX The Retinol 0.5 Oil \u2013 an oil that evens out and softens the skin, slows down the first signs of aging and improves the overall condition of the skin. Fast delivery!","breadcrumb":{"@id":"https:\/\/idakorea.ee\/product\/naooli-cosrx-the-retinol-0-5-oil-20ml\/#breadcrumb"},"inLanguage":"en-US","potentialAction":[{"@type":"ReadAction","target":["https:\/\/idakorea.ee\/product\/naooli-cosrx-the-retinol-0-5-oil-20ml\/"]}]},{"@type":"ImageObject","inLanguage":"en-US","@id":"https:\/\/idakorea.ee\/product\/naooli-cosrx-the-retinol-0-5-oil-20ml\/#primaryimage","url":"https:\/\/idakorea.ee\/wp-content\/uploads\/2024\/11\/cosrx-the-retinol-0.5-oil.jpg","contentUrl":"https:\/\/idakorea.ee\/wp-content\/uploads\/2024\/11\/cosrx-the-retinol-0.5-oil.jpg","width":1000,"height":1000,"caption":"COSRX-The-Retinol-0.5-Oil"},{"@type":"BreadcrumbList","@id":"https:\/\/idakorea.ee\/product\/naooli-cosrx-the-retinol-0-5-oil-20ml\/#breadcrumb","itemListElement":[{"@type":"ListItem","position":1,"name":"\u0413\u043b\u0430\u0432\u043d\u0430\u044f \u0441\u0442\u0440\u0430\u043d\u0438\u0446\u0430","item":"https:\/\/idakorea.ee\/"},{"@type":"ListItem","position":2,"name":"Shop","item":"https:\/\/idakorea.ee\/shop-2\/"},{"@type":"ListItem","position":3,"name":"N\u00e4o\u00f5li COSRX The Retinol 0.5 Oil, 20ml"}]},{"@type":"WebSite","@id":"https:\/\/idakorea.ee\/#website","url":"https:\/\/idakorea.ee\/","name":"IDA.KOREA","description":"Korean cosmetics e-shop","publisher":{"@id":"https:\/\/idakorea.ee\/#organization"},"alternateName":"Beauty Shop","potentialAction":[{"@type":"SearchAction","target":{"@type":"EntryPoint","urlTemplate":"https:\/\/idakorea.ee\/?s={search_term_string}"},"query-input":{"@type":"PropertyValueSpecification","valueRequired":true,"valueName":"search_term_string"}}],"inLanguage":"en-US"},{"@type":"Organization","@id":"https:\/\/idakorea.ee\/#organization","name":"IDA.KOREA","url":"https:\/\/idakorea.ee\/","logo":{"@type":"ImageObject","inLanguage":"en-US","@id":"https:\/\/idakorea.ee\/#\/schema\/logo\/image\/","url":"https:\/\/idakorea.ee\/wp-content\/uploads\/2024\/05\/cropped-korea3.png","contentUrl":"https:\/\/idakorea.ee\/wp-content\/uploads\/2024\/05\/cropped-korea3.png","width":688,"height":126,"caption":"IDA.KOREA"},"image":{"@id":"https:\/\/idakorea.ee\/#\/schema\/logo\/image\/"},"sameAs":["https:\/\/www.instagram.com\/ida.korea\/"]}]}},"jetpack_sharing_enabled":true,"brands":[{"id":111,"name":"COSRX","slug":"cosrx"}],"_links":{"self":[{"href":"https:\/\/idakorea.ee\/en\/wp-json\/wp\/v2\/product\/11299","targetHints":{"allow":["GET"]}}],"collection":[{"href":"https:\/\/idakorea.ee\/en\/wp-json\/wp\/v2\/product"}],"about":[{"href":"https:\/\/idakorea.ee\/en\/wp-json\/wp\/v2\/types\/product"}],"replies":[{"embeddable":true,"href":"https:\/\/idakorea.ee\/en\/wp-json\/wp\/v2\/comments?post=11299"}],"version-history":[{"count":2,"href":"https:\/\/idakorea.ee\/en\/wp-json\/wp\/v2\/product\/11299\/revisions"}],"predecessor-version":[{"id":11304,"href":"https:\/\/idakorea.ee\/en\/wp-json\/wp\/v2\/product\/11299\/revisions\/11304"}],"wp:featuredmedia":[{"embeddable":true,"href":"https:\/\/idakorea.ee\/en\/wp-json\/wp\/v2\/media\/11300"}],"wp:attachment":[{"href":"https:\/\/idakorea.ee\/en\/wp-json\/wp\/v2\/media?parent=11299"}],"wp:term":[{"taxonomy":"pwb-brand","embeddable":true,"href":"https:\/\/idakorea.ee\/en\/wp-json\/wp\/v2\/pwb-brand?post=11299"},{"taxonomy":"product_brand","embeddable":true,"href":"https:\/\/idakorea.ee\/en\/wp-json\/wp\/v2\/product_brand?post=11299"},{"taxonomy":"product_cat","embeddable":true,"href":"https:\/\/idakorea.ee\/en\/wp-json\/wp\/v2\/product_cat?post=11299"},{"taxonomy":"product_tag","embeddable":true,"href":"https:\/\/idakorea.ee\/en\/wp-json\/wp\/v2\/product_tag?post=11299"}],"curies":[{"name":"wp","href":"https:\/\/api.w.org\/{rel}","templated":true}]}}