{"id":11325,"date":"2024-11-15T10:21:13","date_gmt":"2024-11-15T08:21:13","guid":{"rendered":"https:\/\/idakorea.ee\/?post_type=product&#038;p=11325"},"modified":"2026-04-07T09:03:35","modified_gmt":"2026-04-07T07:03:35","slug":"noorendav-lifting-kreem-farmstay-grape-stem-cell-wrinkle-lifting-cream-50ml","status":"publish","type":"product","link":"https:\/\/idakorea.ee\/en\/product\/noorendav-lifting-kreem-farmstay-grape-stem-cell-wrinkle-lifting-cream-50ml\/","title":{"rendered":"Noorendav lifting cream FarmStay Grape Stem Cell Wrinkle Lifting Cream, 50ml"},"content":{"rendered":"<div class=\"flex-1 overflow-hidden\">\n<div class=\"h-full\">\n<div class=\"react-scroll-to-bottom--css-jhvnc-79elbk h-full\">\n<div class=\"react-scroll-to-bottom--css-jhvnc-1n7m0yu\">\n<div class=\"flex flex-col text-sm md:pb-9\">\n<article class=\"w-full scroll-mb-[var(--thread-trailing-height)] text-token-text-primary focus-visible:outline-2 focus-visible:outline-offset-[-4px]\" dir=\"auto\" data-testid=\"conversation-turn-23\" data-scroll-anchor=\"true\">\n<div class=\"m-auto text-base py-[18px] px-3 md:px-4 w-full md:px-5 lg:px-4 xl:px-5\">\n<div class=\"mx-auto flex flex-1 gap-4 text-base md:gap-5 lg:gap-6 md:max-w-3xl lg:max-w-[40rem] xl:max-w-[48rem]\">\n<div class=\"group\/conversation-turn relative flex w-full min-w-0 flex-col agent-turn\">\n<div class=\"flex-col gap-1 md:gap-3\">\n<div class=\"flex max-w-full flex-col flex-grow\">\n<div class=\"min-h-8 text-message flex w-full flex-col items-end gap-2 whitespace-normal break-words [.text-message+&amp;]:mt-5\" dir=\"auto\" data-message-author-role=\"assistant\" data-message-id=\"28c53c93-da2f-4766-ae00-44e8ffcf6477\" data-message-model-slug=\"gpt-4o\">\n<div class=\"flex w-full flex-col gap-1 empty:hidden first:pt-[3px]\">\n<div class=\"markdown prose w-full break-words dark:prose-invert light\">\n<p><strong>FarmStay Grape Stem Cell Wrinkle Lifting Cream <\/strong>\u2013 noorendav lifting-kreem t\u00fcvirakkudega k\u00fcpsele nahale<\/p>\n<p>See kreem t\u00f5stab t\u00f5husalt n\u00e4oovaali ja parandab naha elastsust, tugevdab naha toonust, v\u00e4hendab kortsude s\u00fcgavust ja hoiab \u00e4ra nende tekke. Kreem niisutab ja toidab s\u00fcgavuti, k\u00f5rvaldab kuivuse ja ketenduse, tugevdab epidermise kaitsefunktsioone ja \u00fchtlustab naha tooni. Toode taastab naha niiskus- ja rasutasakaalu, ennetab deh\u00fcdratsiooni ja tagab pikemaajalise niisutuse. Aeglustab vananemisprotsessi, ennetab tuhmi jumet ja kortsude varajast teket.<\/p>\n<p><strong>Peamised toimeained ja nende omadused:<\/strong><\/p>\n<ul>\n<li><strong>Viinamarja t\u00fcvirakud<\/strong> \u2013 looduslik antioks\u00fcdant, mis kaitseb naharakke vabade radikaalide kahjustava m\u00f5ju eest ja kiirendab rakkude taastumist.<\/li>\n<li><strong>Ekstrakt kuldsest kiivist<\/strong> \u2013 soodustab rakkude uuenemist, leevendab aknet, tugevdab naha kaitsebarj\u00e4\u00e4ri ja hoiab niiskustaset, parandab naha elastsust ja toonust.<\/li>\n<li><strong>H\u00fcdrol\u00fc\u00fcsitud hernevalk<\/strong> \u2013 parandab naha \u00fcldist seisundit, silub ja \u00fchtlustab, muudab naha elastseks ja pringiks, leevendab v\u00e4iksemaid kortse ja niisutab s\u00fcgavamalt.<\/li>\n<li><strong>Adenosiin<\/strong> \u2013 tugeva vananemisvastase toimega, parandab naha elastsust, silub kortse ja stimuleerib kollageeni, elastiini ning h\u00fcaluroonhappe tootmist epidermise rakkudes.<\/li>\n<li><strong>Greibiekstrakt<\/strong> \u2013 sisaldab rohkelt C-vitamiini, toniseerib, parandab jumet ja v\u00e4hendab turseid.<\/li>\n<li><strong>\u00d5unaekstrakt<\/strong> \u2013 reguleerib naha pH-taset, tasakaalustab rasu tootmist, matistab ja eemaldab surnud naharakud.<\/li>\n<li><strong>Tomatiekstrakt<\/strong> \u2013 toimib tugeva antioks\u00fcdandina, ennetab varajasi kortse, parandab jumet, tasakaalustab rasu tootmist, v\u00e4hendab p\u00f5letikku ja kiirendab rakkude taastumist.<\/li>\n<li><strong>Niasiiniamiid<\/strong> \u2013 stimuleerib kollageeni s\u00fcnteesi, tugevdab kaitsefunktsioone, v\u00e4hendab veekadu l\u00e4bi epidermise, niisutab, ahendab poore, rahustab ja heledab nahka.<\/li>\n<li><strong>H\u00fcaluroonhape<\/strong> \u2013 loob nahale niiskust hoidva barj\u00e4\u00e4ri, parandab naha struktuuri, toetab rakkude taastumist ja silub peeneid kortsukesi, muutes naha siledaks ja pehmeks.<\/li>\n<\/ul>\n<p>&nbsp;<\/p>\n<p>Sobib k\u00f5ikidele nahat\u00fc\u00fcpidele vananemisvastaseks hoolduseks.<\/p>\n<p><strong>Kasutusjuhend:<\/strong> Kandke vajalik kogus kreemi naha l\u00f5pphoolduse etapil, masseerides seda \u00f5rnade liigutustega.<\/p>\n<\/div>\n<\/div>\n<\/div>\n<\/div>\n<div class=\"mb-2 flex gap-3 empty:hidden -ml-2\">\n<div class=\"items-center justify-start rounded-xl p-1 flex\">\n<div class=\"flex items-center\">\n<p>&nbsp;<\/p>\n<div class=\"flex\"><\/div>\n<\/div>\n<\/div>\n<\/div>\n<div class=\"pr-2 lg:pr-0\"><\/div>\n<div class=\"mt-3 w-full empty:hidden\">\n<div class=\"text-center\"><\/div>\n<\/div>\n<\/div>\n<\/div>\n<\/div>\n<\/div>\n<\/article>\n<\/div>\n<\/div>\n<\/div>\n<\/div>\n<\/div>\n<div class=\"md:pt-0 dark:border-white\/20 md:border-transparent md:dark:border-transparent w-full\">\n<div class=\"m-auto text-base px-3 md:px-4 w-full md:px-5 lg:px-4 xl:px-5\">\n<div class=\"mx-auto flex flex-1 gap-4 text-base md:gap-5 lg:gap-6 md:max-w-3xl lg:max-w-[40rem] xl:max-w-[48rem]\">\n<form class=\"w-full\" aria-haspopup=\"dialog\" aria-expanded=\"false\" aria-controls=\"radix-:Rf69iiiklj5:\" data-state=\"closed\">\n<div class=\"relative flex h-full max-w-full flex-1 flex-col\">\n<div class=\"group relative flex w-full items-center\">\n<div id=\"composer-background\" class=\"flex w-full flex-col transition-colors contain-inline-size gap-1.5 rounded-[26px] px-2.5 py-1.5 bg-[#f4f4f4] dark:bg-token-main-surface-secondary\">\n<div class=\"flex items-end gap-1.5 pl-4 md:gap-2\">\n<div class=\"flex min-w-0 flex-1 flex-col\">\n<div class=\"_prosemirror-parent_15ceg_1 text-token-text-primary max-h-[25dvh] max-h-52 overflow-auto default-browser\">\n<div id=\"prompt-textarea\" class=\"ProseMirror\" contenteditable=\"true\" translate=\"no\"><\/div>\n<\/div>\n<\/div>\n<\/div>\n<\/div>\n<\/div>\n<\/div>\n<\/form>\n<\/div>\n<\/div>\n<\/div>\n","protected":false},"excerpt":{"rendered":"<p>FarmStay Grape Stem Cell Wrinkle Lifting Cream - Rejuvenating lifting cream for mature skin with stem cells This cream effectively lifts facial skin tone and improves skin elasticity, enhances skin tone, reduces the depth of wrinkles and prevents their formation. It deeply moisturises and nourishes, eliminates dryness and scaling, strengthens the epidermis's protective functions and evens skin tone. The product restores the skin's moisture and oil balance,...<\/p>","protected":false},"featured_media":11326,"comment_status":"open","ping_status":"closed","template":"","meta":{"_uf_show_specific_survey":0,"_uf_disable_surveys":false,"_bst_post_transparent":"default","_bst_post_title":"","_bst_post_layout":"default","_bst_post_sidebar_id":"","_bst_post_content_style":"default","_bst_post_vertical_padding":"default","_bst_post_feature":"","_bst_post_feature_position":"","_bst_post_header":false,"_bst_post_footer":false},"pwb-brand":[672],"product_brand":[],"product_cat":[92,96],"product_tag":[],"class_list":{"0":"post-11325","1":"product","2":"type-product","3":"status-publish","4":"has-post-thumbnail","6":"pwb-brand-farmstay","7":"product_cat-nagu","8":"product_cat-naokreemid","10":"first","11":"instock","12":"sale","13":"shipping-taxable","14":"purchasable","15":"product-type-simple","16":"entry","17":"content-bg","18":"loop-entry"},"supplier_id":null,"supplier_sku":"","barcode":null,"atum_controlled":true,"out_stock_date":null,"out_stock_threshold":null,"inheritable":false,"inbound_stock":0,"stock_on_hold":0,"sold_today":0,"sales_last_days":1,"out_stock_days":0,"lost_sales":0,"has_location":false,"update_date":"2026-04-14T00:05:12","atum_locations":[],"atum_stock_status":"instock","restock_status":false,"low_stock_amount":"","sales_update_date":"2026-04-14T00:05:12","calc_backorders":null,"yoast_head":"<!-- This site is optimized with the Yoast SEO plugin v27.2 - https:\/\/yoast.com\/product\/yoast-seo-wordpress\/ -->\n<title>FarmStay Grape Stem Cell Wrinkle Lifting Cream, 50ml - IDA.KOREA<\/title>\n<meta name=\"description\" content=\"See kreem t\u00f5stab t\u00f5husalt n\u00e4oovaali ja parandab naha elastsust, tugevdab naha toonust, v\u00e4hendab kortsude s\u00fcgavust ja hoiab \u00e4ra nende tekke. - Kiire tarne!\" \/>\n<meta name=\"robots\" content=\"index, follow, max-snippet:-1, max-image-preview:large, max-video-preview:-1\" \/>\n<link rel=\"canonical\" href=\"https:\/\/idakorea.ee\/en\/product\/noorendav-lifting-kreem-farmstay-grape-stem-cell-wrinkle-lifting-cream-50ml\/\" \/>\n<meta property=\"og:locale\" content=\"en_US\" \/>\n<meta property=\"og:type\" content=\"article\" \/>\n<meta property=\"og:title\" content=\"FarmStay Grape Stem Cell Wrinkle Lifting Cream, 50ml - IDA.KOREA\" \/>\n<meta property=\"og:description\" content=\"See kreem t\u00f5stab t\u00f5husalt n\u00e4oovaali ja parandab naha elastsust, tugevdab naha toonust, v\u00e4hendab kortsude s\u00fcgavust ja hoiab \u00e4ra nende tekke. - Kiire tarne!\" \/>\n<meta property=\"og:url\" content=\"https:\/\/idakorea.ee\/en\/product\/noorendav-lifting-kreem-farmstay-grape-stem-cell-wrinkle-lifting-cream-50ml\/\" \/>\n<meta property=\"og:site_name\" content=\"IDA.KOREA\" \/>\n<meta property=\"article:modified_time\" content=\"2026-04-07T07:03:35+00:00\" \/>\n<meta property=\"og:image\" content=\"https:\/\/idakorea.ee\/wp-content\/uploads\/2024\/11\/farmstay-grape-stem-cell-wrinkle-lifting-cream.jpg\" \/>\n\t<meta property=\"og:image:width\" content=\"1583\" \/>\n\t<meta property=\"og:image:height\" content=\"1583\" \/>\n\t<meta property=\"og:image:type\" content=\"image\/jpeg\" \/>\n<meta name=\"twitter:card\" content=\"summary_large_image\" \/>\n<meta name=\"twitter:label1\" content=\"Est. reading time\" \/>\n\t<meta name=\"twitter:data1\" content=\"2 minutes\" \/>\n<script type=\"application\/ld+json\" class=\"yoast-schema-graph\">{\"@context\":\"https:\/\/schema.org\",\"@graph\":[{\"@type\":\"WebPage\",\"@id\":\"https:\/\/idakorea.ee\/product\/noorendav-lifting-kreem-farmstay-grape-stem-cell-wrinkle-lifting-cream-50ml\/\",\"url\":\"https:\/\/idakorea.ee\/product\/noorendav-lifting-kreem-farmstay-grape-stem-cell-wrinkle-lifting-cream-50ml\/\",\"name\":\"FarmStay Grape Stem Cell Wrinkle Lifting Cream, 50ml - IDA.KOREA\",\"isPartOf\":{\"@id\":\"https:\/\/idakorea.ee\/#website\"},\"primaryImageOfPage\":{\"@id\":\"https:\/\/idakorea.ee\/product\/noorendav-lifting-kreem-farmstay-grape-stem-cell-wrinkle-lifting-cream-50ml\/#primaryimage\"},\"image\":{\"@id\":\"https:\/\/idakorea.ee\/product\/noorendav-lifting-kreem-farmstay-grape-stem-cell-wrinkle-lifting-cream-50ml\/#primaryimage\"},\"thumbnailUrl\":\"https:\/\/idakorea.ee\/wp-content\/uploads\/2024\/11\/farmstay-grape-stem-cell-wrinkle-lifting-cream.jpg\",\"datePublished\":\"2024-11-15T08:21:13+00:00\",\"dateModified\":\"2026-04-07T07:03:35+00:00\",\"description\":\"See kreem t\u00f5stab t\u00f5husalt n\u00e4oovaali ja parandab naha elastsust, tugevdab naha toonust, v\u00e4hendab kortsude s\u00fcgavust ja hoiab \u00e4ra nende tekke. - Kiire tarne!\",\"breadcrumb\":{\"@id\":\"https:\/\/idakorea.ee\/product\/noorendav-lifting-kreem-farmstay-grape-stem-cell-wrinkle-lifting-cream-50ml\/#breadcrumb\"},\"inLanguage\":\"en-US\",\"potentialAction\":[{\"@type\":\"ReadAction\",\"target\":[\"https:\/\/idakorea.ee\/product\/noorendav-lifting-kreem-farmstay-grape-stem-cell-wrinkle-lifting-cream-50ml\/\"]}]},{\"@type\":\"ImageObject\",\"inLanguage\":\"en-US\",\"@id\":\"https:\/\/idakorea.ee\/product\/noorendav-lifting-kreem-farmstay-grape-stem-cell-wrinkle-lifting-cream-50ml\/#primaryimage\",\"url\":\"https:\/\/idakorea.ee\/wp-content\/uploads\/2024\/11\/farmstay-grape-stem-cell-wrinkle-lifting-cream.jpg\",\"contentUrl\":\"https:\/\/idakorea.ee\/wp-content\/uploads\/2024\/11\/farmstay-grape-stem-cell-wrinkle-lifting-cream.jpg\",\"width\":1583,\"height\":1583,\"caption\":\"FarmStay Grape Stem Cell Wrinkle Lifting Cream\"},{\"@type\":\"BreadcrumbList\",\"@id\":\"https:\/\/idakorea.ee\/product\/noorendav-lifting-kreem-farmstay-grape-stem-cell-wrinkle-lifting-cream-50ml\/#breadcrumb\",\"itemListElement\":[{\"@type\":\"ListItem\",\"position\":1,\"name\":\"\u0413\u043b\u0430\u0432\u043d\u0430\u044f \u0441\u0442\u0440\u0430\u043d\u0438\u0446\u0430\",\"item\":\"https:\/\/idakorea.ee\/\"},{\"@type\":\"ListItem\",\"position\":2,\"name\":\"Shop\",\"item\":\"https:\/\/idakorea.ee\/shop-2\/\"},{\"@type\":\"ListItem\",\"position\":3,\"name\":\"Noorendav lifting-kreem FarmStay Grape Stem Cell Wrinkle Lifting Cream, 50ml\"}]},{\"@type\":\"WebSite\",\"@id\":\"https:\/\/idakorea.ee\/#website\",\"url\":\"https:\/\/idakorea.ee\/\",\"name\":\"IDA.KOREA\",\"description\":\"Korea kosmeetika e-pood\",\"publisher\":{\"@id\":\"https:\/\/idakorea.ee\/#organization\"},\"alternateName\":\"Beauty Shop\",\"potentialAction\":[{\"@type\":\"SearchAction\",\"target\":{\"@type\":\"EntryPoint\",\"urlTemplate\":\"https:\/\/idakorea.ee\/?s={search_term_string}\"},\"query-input\":{\"@type\":\"PropertyValueSpecification\",\"valueRequired\":true,\"valueName\":\"search_term_string\"}}],\"inLanguage\":\"en-US\"},{\"@type\":\"Organization\",\"@id\":\"https:\/\/idakorea.ee\/#organization\",\"name\":\"IDA.KOREA\",\"url\":\"https:\/\/idakorea.ee\/\",\"logo\":{\"@type\":\"ImageObject\",\"inLanguage\":\"en-US\",\"@id\":\"https:\/\/idakorea.ee\/#\/schema\/logo\/image\/\",\"url\":\"https:\/\/idakorea.ee\/wp-content\/uploads\/2024\/05\/cropped-korea3.png\",\"contentUrl\":\"https:\/\/idakorea.ee\/wp-content\/uploads\/2024\/05\/cropped-korea3.png\",\"width\":688,\"height\":126,\"caption\":\"IDA.KOREA\"},\"image\":{\"@id\":\"https:\/\/idakorea.ee\/#\/schema\/logo\/image\/\"},\"sameAs\":[\"https:\/\/www.instagram.com\/ida.korea\/\"]}]}<\/script>\n<!-- \/ Yoast SEO plugin. -->","yoast_head_json":{"title":"FarmStay Grape Stem Cell Wrinkle Lifting Cream, 50ml - IDA.KOREA","description":"This cream effectively lifts the facial contour and improves skin elasticity, strengthens skin tone, reduces the depth of wrinkles and prevents their formation. - Fast delivery!","robots":{"index":"index","follow":"follow","max-snippet":"max-snippet:-1","max-image-preview":"max-image-preview:large","max-video-preview":"max-video-preview:-1"},"canonical":"https:\/\/idakorea.ee\/en\/product\/noorendav-lifting-kreem-farmstay-grape-stem-cell-wrinkle-lifting-cream-50ml\/","og_locale":"en_US","og_type":"article","og_title":"FarmStay Grape Stem Cell Wrinkle Lifting Cream, 50ml - IDA.KOREA","og_description":"See kreem t\u00f5stab t\u00f5husalt n\u00e4oovaali ja parandab naha elastsust, tugevdab naha toonust, v\u00e4hendab kortsude s\u00fcgavust ja hoiab \u00e4ra nende tekke. - Kiire tarne!","og_url":"https:\/\/idakorea.ee\/en\/product\/noorendav-lifting-kreem-farmstay-grape-stem-cell-wrinkle-lifting-cream-50ml\/","og_site_name":"IDA.KOREA","article_modified_time":"2026-04-07T07:03:35+00:00","og_image":[{"width":1583,"height":1583,"url":"https:\/\/idakorea.ee\/wp-content\/uploads\/2024\/11\/farmstay-grape-stem-cell-wrinkle-lifting-cream.jpg","type":"image\/jpeg"}],"twitter_card":"summary_large_image","twitter_misc":{"Est. reading time":"2 minutes"},"schema":{"@context":"https:\/\/schema.org","@graph":[{"@type":"WebPage","@id":"https:\/\/idakorea.ee\/product\/noorendav-lifting-kreem-farmstay-grape-stem-cell-wrinkle-lifting-cream-50ml\/","url":"https:\/\/idakorea.ee\/product\/noorendav-lifting-kreem-farmstay-grape-stem-cell-wrinkle-lifting-cream-50ml\/","name":"FarmStay Grape Stem Cell Wrinkle Lifting Cream, 50ml - IDA.KOREA","isPartOf":{"@id":"https:\/\/idakorea.ee\/#website"},"primaryImageOfPage":{"@id":"https:\/\/idakorea.ee\/product\/noorendav-lifting-kreem-farmstay-grape-stem-cell-wrinkle-lifting-cream-50ml\/#primaryimage"},"image":{"@id":"https:\/\/idakorea.ee\/product\/noorendav-lifting-kreem-farmstay-grape-stem-cell-wrinkle-lifting-cream-50ml\/#primaryimage"},"thumbnailUrl":"https:\/\/idakorea.ee\/wp-content\/uploads\/2024\/11\/farmstay-grape-stem-cell-wrinkle-lifting-cream.jpg","datePublished":"2024-11-15T08:21:13+00:00","dateModified":"2026-04-07T07:03:35+00:00","description":"This cream effectively lifts the facial contour and improves skin elasticity, strengthens skin tone, reduces the depth of wrinkles and prevents their formation. - Fast delivery!","breadcrumb":{"@id":"https:\/\/idakorea.ee\/product\/noorendav-lifting-kreem-farmstay-grape-stem-cell-wrinkle-lifting-cream-50ml\/#breadcrumb"},"inLanguage":"en-US","potentialAction":[{"@type":"ReadAction","target":["https:\/\/idakorea.ee\/product\/noorendav-lifting-kreem-farmstay-grape-stem-cell-wrinkle-lifting-cream-50ml\/"]}]},{"@type":"ImageObject","inLanguage":"en-US","@id":"https:\/\/idakorea.ee\/product\/noorendav-lifting-kreem-farmstay-grape-stem-cell-wrinkle-lifting-cream-50ml\/#primaryimage","url":"https:\/\/idakorea.ee\/wp-content\/uploads\/2024\/11\/farmstay-grape-stem-cell-wrinkle-lifting-cream.jpg","contentUrl":"https:\/\/idakorea.ee\/wp-content\/uploads\/2024\/11\/farmstay-grape-stem-cell-wrinkle-lifting-cream.jpg","width":1583,"height":1583,"caption":"FarmStay Grape Stem Cell Wrinkle Lifting Cream"},{"@type":"BreadcrumbList","@id":"https:\/\/idakorea.ee\/product\/noorendav-lifting-kreem-farmstay-grape-stem-cell-wrinkle-lifting-cream-50ml\/#breadcrumb","itemListElement":[{"@type":"ListItem","position":1,"name":"\u0413\u043b\u0430\u0432\u043d\u0430\u044f \u0441\u0442\u0440\u0430\u043d\u0438\u0446\u0430","item":"https:\/\/idakorea.ee\/"},{"@type":"ListItem","position":2,"name":"Shop","item":"https:\/\/idakorea.ee\/shop-2\/"},{"@type":"ListItem","position":3,"name":"Noorendav lifting-kreem FarmStay Grape Stem Cell Wrinkle Lifting Cream, 50ml"}]},{"@type":"WebSite","@id":"https:\/\/idakorea.ee\/#website","url":"https:\/\/idakorea.ee\/","name":"IDA.KOREA","description":"Korean cosmetics e-shop","publisher":{"@id":"https:\/\/idakorea.ee\/#organization"},"alternateName":"Beauty Shop","potentialAction":[{"@type":"SearchAction","target":{"@type":"EntryPoint","urlTemplate":"https:\/\/idakorea.ee\/?s={search_term_string}"},"query-input":{"@type":"PropertyValueSpecification","valueRequired":true,"valueName":"search_term_string"}}],"inLanguage":"en-US"},{"@type":"Organization","@id":"https:\/\/idakorea.ee\/#organization","name":"IDA.KOREA","url":"https:\/\/idakorea.ee\/","logo":{"@type":"ImageObject","inLanguage":"en-US","@id":"https:\/\/idakorea.ee\/#\/schema\/logo\/image\/","url":"https:\/\/idakorea.ee\/wp-content\/uploads\/2024\/05\/cropped-korea3.png","contentUrl":"https:\/\/idakorea.ee\/wp-content\/uploads\/2024\/05\/cropped-korea3.png","width":688,"height":126,"caption":"IDA.KOREA"},"image":{"@id":"https:\/\/idakorea.ee\/#\/schema\/logo\/image\/"},"sameAs":["https:\/\/www.instagram.com\/ida.korea\/"]}]}},"jetpack_sharing_enabled":true,"brands":[{"id":672,"name":"FARMSTAY","slug":"farmstay"}],"_links":{"self":[{"href":"https:\/\/idakorea.ee\/en\/wp-json\/wp\/v2\/product\/11325","targetHints":{"allow":["GET"]}}],"collection":[{"href":"https:\/\/idakorea.ee\/en\/wp-json\/wp\/v2\/product"}],"about":[{"href":"https:\/\/idakorea.ee\/en\/wp-json\/wp\/v2\/types\/product"}],"replies":[{"embeddable":true,"href":"https:\/\/idakorea.ee\/en\/wp-json\/wp\/v2\/comments?post=11325"}],"version-history":[{"count":3,"href":"https:\/\/idakorea.ee\/en\/wp-json\/wp\/v2\/product\/11325\/revisions"}],"predecessor-version":[{"id":14538,"href":"https:\/\/idakorea.ee\/en\/wp-json\/wp\/v2\/product\/11325\/revisions\/14538"}],"wp:featuredmedia":[{"embeddable":true,"href":"https:\/\/idakorea.ee\/en\/wp-json\/wp\/v2\/media\/11326"}],"wp:attachment":[{"href":"https:\/\/idakorea.ee\/en\/wp-json\/wp\/v2\/media?parent=11325"}],"wp:term":[{"taxonomy":"pwb-brand","embeddable":true,"href":"https:\/\/idakorea.ee\/en\/wp-json\/wp\/v2\/pwb-brand?post=11325"},{"taxonomy":"product_brand","embeddable":true,"href":"https:\/\/idakorea.ee\/en\/wp-json\/wp\/v2\/product_brand?post=11325"},{"taxonomy":"product_cat","embeddable":true,"href":"https:\/\/idakorea.ee\/en\/wp-json\/wp\/v2\/product_cat?post=11325"},{"taxonomy":"product_tag","embeddable":true,"href":"https:\/\/idakorea.ee\/en\/wp-json\/wp\/v2\/product_tag?post=11325"}],"curies":[{"name":"wp","href":"https:\/\/api.w.org\/{rel}","templated":true}]}}