{"id":11377,"date":"2024-11-20T10:34:21","date_gmt":"2024-11-20T08:34:21","guid":{"rendered":"https:\/\/idakorea.ee\/?post_type=product&#038;p=11377"},"modified":"2026-04-27T07:15:23","modified_gmt":"2026-04-27T05:15:23","slug":"vananemisvastane-niisutav-minikomplekt-the-history-of-whoo-vital-hydrating-5pcs-gift-set","status":"publish","type":"product","link":"https:\/\/idakorea.ee\/en\/product\/vananemisvastane-niisutav-minikomplekt-the-history-of-whoo-vital-hydrating-5pcs-gift-set\/","title":{"rendered":"The History Of Whoo Vital Hydrating 5pcs gift set"},"content":{"rendered":"<p><strong>Moisturising kit with camellia extract restores the skin's moisture balance, fights signs of ageing and protects against environmental damage.<\/strong><\/p>\n<p>Moisturising your facial skin is just as important as cleansing or nourishing. Our cells, including skin cells, are constantly undergoing biochemical reactions that require water. Our skin loses moisture every day and if moisture levels are not restored in time, the skin becomes dehydrated, less elastic and less plump. A lack of water slows down the metabolic processes that lead to premature ageing of the skin. The kit contains extracts of medicinal plants: ginseng, Tibetan barley tree, mountain bark, etc.<\/p>\n<p><strong>Camomile oil<\/strong> - contains monounsaturated fatty acids, proteins, minerals and vitamins (iron, magnesium, manganese, phosphorus, calcium, vitamins A, B and E). Thanks to its unique composition, camel oil has strong regenerative properties and effectively moisturises, nourishes and softens the skin.<\/p>\n<p><strong>Camomile oil extract<\/strong> is distinguished by its high antioxidant content, including vitamins A, E, C and the B group. The extract also contains tannin, polyphenols and the skin essential coenzyme Q10. Thanks to its antioxidant properties, the extract protects the skin from environmental stresses, including UV radiation, and slows down cell ageing.<\/p>\n<p><strong>Coenzyme Q10<\/strong> restores and strengthens the action of antioxidants, reinforces cell membranes and increases the energy potential of cells. Thus, camellia extract deeply moisturises the skin and slows down ageing.<\/p>\n<p>&nbsp;<\/p>\n<p><strong>The mini kit includes:<\/strong><\/p>\n<ol>\n<li><strong>Moisturising Toner Soo Vital Hydrating Balancer 20ml<\/strong><br \/>\nTones skin cells, improves circulation, actively moisturises and maintains hydrolipid balance throughout the day. Accelerates cell renewal and improves oxygen exchange. Prepares the skin for the application of cosmetics.<br \/>\n<strong>User manual:<\/strong> Apply a few drops to cleansed face without using a cotton pad.<\/li>\n<li><strong>Moisturising Emulsion Soo Vital Hydrating Emulsion 20ml<\/strong><br \/>\nImproves the condition of dry skin, restores the balance of hydrolipidic lipids, leaving skin radiant, radiant and soft. Thanks to its delicate texture, the emulsion absorbs quickly and leaves the skin silky smooth. Stimulates the production of natural collagen, tightens facial contours and smoothes fine wrinkles. Reduces the tendency to dark circles and dark under-eye circles.<br \/>\n<strong>User manual:<\/strong> Apply the emulsion immediately after using the toner.<\/li>\n<li><strong>Moisturising face cream Soo Vital Hydrating Cream 4ml<\/strong><br \/>\nA light gel face cream containing purified silver water and oxygen. Deeply hydrates the skin, restores moisture balance, tones and tightens pores. For active use in summer as it intensively moisturises and refreshes. In autumn and winter, it is recommended to use at night.<br \/>\n<strong>User manual:<\/strong> Apply as the final step of your skincare routine.<\/li>\n<li><strong>Anti-Aging Essence 3-in-1 Bichup Self-Generating Anti-Aging Essence 8ml<\/strong><br \/>\nContains over 70 ingredients, including valuable plant extracts, vitamins and amino acids. Nourishes, restores and stimulates collagen production. Essence reduces inflammation, tightens skin and smoothes wrinkles. Contains epidermal growth factor (EGF).<br \/>\n<strong>User manual:<\/strong> Use morning and evening after toner, before emulsion. Apply to the palms of the hands and spread lightly over the face.<\/li>\n<li><strong>Moisturizing Essence Bichup First Care Moisture Anti-Aging Essence 15ml<\/strong><br \/>\nThe ultra-hydrating essence \u201cSoo\u201d is enriched with oxygen and silver water, gently applied to the skin, like morning dew on blades of grass. It moisturizes the skin, giving it freshness, just as water nourishes the roots and stems of plants to revitalize their leaves. Silver, when in contact with the human body, tones the internal organs, soothes and improves the work of the heart. Inhale the aroma of the essence to feel the awakening of life force (Qi) and enjoy the inner coolness. The serum moisturizes, protects against photoaging and improves blood circulation. Contains: 55% liquid raw silk, niacinamide, plant extracts (purslane, ginseng, licorice, angelica, pomegranate, schisandra, pine, cocoa, black tea, angel&#039;s trumpet root, cornel, aconixapanax, asparagus), deer antler extract, oligopeptides, 10 amino acids, arbutin, ceramides. The essence enhances the effect of the following care products, &quot;awakening&quot; the skin and having a beneficial effect on it: improves and evens out skin tone, smoothes fine wrinkles, prevents aging and improves microcirculation.<\/p>\n<p><strong style=\"font-family: var(--global-body-font-family);\">User manual:<\/strong><span style=\"font-family: var(--global-body-font-family);\"> Apply to face immediately after washing<\/span><\/li>\n<\/ol>","protected":false},"excerpt":{"rendered":"<p>Moisturising kit with camellia extract restores the skin's moisture balance, fights signs of ageing and protects against environmental damage. Moisturising the face is as important as cleansing or nourishing. Our cells, including skin cells, are constantly undergoing biochemical reactions that require water. Our skin loses moisture every day and if moisture levels are not restored in time, the skin becomes dehydrated, less elastic and less...<\/p>","protected":false},"featured_media":11378,"comment_status":"open","ping_status":"closed","template":"","meta":{"_uf_show_specific_survey":0,"_uf_disable_surveys":false,"_bst_post_transparent":"default","_bst_post_title":"","_bst_post_layout":"default","_bst_post_sidebar_id":"","_bst_post_content_style":"default","_bst_post_vertical_padding":"default","_bst_post_feature":"","_bst_post_feature_position":"","_bst_post_header":false,"_bst_post_footer":false},"pwb-brand":[494],"product_brand":[],"product_cat":[95],"product_tag":[704,555,705],"class_list":{"0":"post-11377","1":"product","2":"type-product","3":"status-publish","4":"has-post-thumbnail","6":"pwb-brand-the-history-of-whoo","7":"product_cat-komplektid","8":"product_tag-gift-set","9":"product_tag-the-history-of-whoo","10":"product_tag-komplekt","12":"first","13":"instock","14":"shipping-taxable","15":"purchasable","16":"product-type-simple","17":"entry","18":"content-bg","19":"loop-entry"},"supplier_id":null,"supplier_sku":"","barcode":null,"atum_controlled":true,"out_stock_date":null,"out_stock_threshold":null,"inheritable":false,"inbound_stock":0,"stock_on_hold":1,"sold_today":1,"sales_last_days":2,"out_stock_days":0,"lost_sales":0,"has_location":false,"update_date":"2026-04-27T05:15:29","atum_locations":[],"atum_stock_status":"instock","restock_status":true,"low_stock_amount":"","sales_update_date":"2026-04-27T05:15:29","calc_backorders":null,"yoast_head":"<!-- This site is optimized with the Yoast SEO plugin v27.2 - https:\/\/yoast.com\/product\/yoast-seo-wordpress\/ -->\n<title>Vananemisvastane niisutav minikomplekt The History Of Whoo Vital Hydrating 5pcs gift set - IDA.KOREA<\/title>\n<meta name=\"robots\" content=\"index, follow, max-snippet:-1, max-image-preview:large, max-video-preview:-1\" \/>\n<link rel=\"canonical\" href=\"https:\/\/idakorea.ee\/en\/product\/vananemisvastane-niisutav-minikomplekt-the-history-of-whoo-vital-hydrating-5pcs-gift-set\/\" \/>\n<meta property=\"og:locale\" content=\"en_US\" \/>\n<meta property=\"og:type\" content=\"article\" \/>\n<meta property=\"og:title\" content=\"Vananemisvastane niisutav minikomplekt The History Of Whoo Vital Hydrating 5pcs gift set - IDA.KOREA\" \/>\n<meta property=\"og:description\" content=\"Niisutav komplekt kaameliaekstraktiga taastab naha niiskustasakaalu, v\u00f5itleb vananemism\u00e4rkidega ja kaitseb keskkonna m\u00f5ju eest. N\u00e4onaha niisutamine on sama oluline protseduur kui puhastamine v\u00f5i toitmine. Meie rakkudes, sealhulgas naharakkudes, toimuvad pidevalt biokeemilised reaktsioonid, milleks on vajalik vesi. Meie nahk kaotab iga p\u00e4ev niiskust ja kui niiskustaset \u00f5igel ajal ei taastata, muutub nahk veetustunuks, v\u00e4hem elastseks ja v\u00e4hem...\" \/>\n<meta property=\"og:url\" content=\"https:\/\/idakorea.ee\/en\/product\/vananemisvastane-niisutav-minikomplekt-the-history-of-whoo-vital-hydrating-5pcs-gift-set\/\" \/>\n<meta property=\"og:site_name\" content=\"IDA.KOREA\" \/>\n<meta property=\"article:modified_time\" content=\"2026-04-27T05:15:23+00:00\" \/>\n<meta property=\"og:image\" content=\"https:\/\/idakorea.ee\/wp-content\/uploads\/2024\/11\/the-whoo-vital-gift-set-idakorea.jpeg\" \/>\n\t<meta property=\"og:image:width\" content=\"500\" \/>\n\t<meta property=\"og:image:height\" content=\"500\" \/>\n\t<meta property=\"og:image:type\" content=\"image\/jpeg\" \/>\n<meta name=\"twitter:card\" content=\"summary_large_image\" \/>\n<meta name=\"twitter:label1\" content=\"Est. reading time\" \/>\n\t<meta name=\"twitter:data1\" content=\"3 minutes\" \/>\n<script type=\"application\/ld+json\" class=\"yoast-schema-graph\">{\"@context\":\"https:\/\/schema.org\",\"@graph\":[{\"@type\":\"WebPage\",\"@id\":\"https:\/\/idakorea.ee\/product\/vananemisvastane-niisutav-minikomplekt-the-history-of-whoo-vital-hydrating-5pcs-gift-set\/\",\"url\":\"https:\/\/idakorea.ee\/product\/vananemisvastane-niisutav-minikomplekt-the-history-of-whoo-vital-hydrating-5pcs-gift-set\/\",\"name\":\"Vananemisvastane niisutav minikomplekt The History Of Whoo Vital Hydrating 5pcs gift set - IDA.KOREA\",\"isPartOf\":{\"@id\":\"https:\/\/idakorea.ee\/#website\"},\"primaryImageOfPage\":{\"@id\":\"https:\/\/idakorea.ee\/product\/vananemisvastane-niisutav-minikomplekt-the-history-of-whoo-vital-hydrating-5pcs-gift-set\/#primaryimage\"},\"image\":{\"@id\":\"https:\/\/idakorea.ee\/product\/vananemisvastane-niisutav-minikomplekt-the-history-of-whoo-vital-hydrating-5pcs-gift-set\/#primaryimage\"},\"thumbnailUrl\":\"https:\/\/idakorea.ee\/wp-content\/uploads\/2024\/11\/the-whoo-vital-gift-set-idakorea.jpeg\",\"datePublished\":\"2024-11-20T08:34:21+00:00\",\"dateModified\":\"2026-04-27T05:15:23+00:00\",\"breadcrumb\":{\"@id\":\"https:\/\/idakorea.ee\/product\/vananemisvastane-niisutav-minikomplekt-the-history-of-whoo-vital-hydrating-5pcs-gift-set\/#breadcrumb\"},\"inLanguage\":\"en-US\",\"potentialAction\":[{\"@type\":\"ReadAction\",\"target\":[\"https:\/\/idakorea.ee\/product\/vananemisvastane-niisutav-minikomplekt-the-history-of-whoo-vital-hydrating-5pcs-gift-set\/\"]}]},{\"@type\":\"ImageObject\",\"inLanguage\":\"en-US\",\"@id\":\"https:\/\/idakorea.ee\/product\/vananemisvastane-niisutav-minikomplekt-the-history-of-whoo-vital-hydrating-5pcs-gift-set\/#primaryimage\",\"url\":\"https:\/\/idakorea.ee\/wp-content\/uploads\/2024\/11\/the-whoo-vital-gift-set-idakorea.jpeg\",\"contentUrl\":\"https:\/\/idakorea.ee\/wp-content\/uploads\/2024\/11\/the-whoo-vital-gift-set-idakorea.jpeg\",\"width\":500,\"height\":500,\"caption\":\"the whoo vital gift set idakorea\"},{\"@type\":\"BreadcrumbList\",\"@id\":\"https:\/\/idakorea.ee\/product\/vananemisvastane-niisutav-minikomplekt-the-history-of-whoo-vital-hydrating-5pcs-gift-set\/#breadcrumb\",\"itemListElement\":[{\"@type\":\"ListItem\",\"position\":1,\"name\":\"\u0413\u043b\u0430\u0432\u043d\u0430\u044f \u0441\u0442\u0440\u0430\u043d\u0438\u0446\u0430\",\"item\":\"https:\/\/idakorea.ee\/\"},{\"@type\":\"ListItem\",\"position\":2,\"name\":\"Shop\",\"item\":\"https:\/\/idakorea.ee\/shop-2\/\"},{\"@type\":\"ListItem\",\"position\":3,\"name\":\"Vananemisvastane niisutav minikomplekt The History Of Whoo Vital Hydrating 5pcs gift set\"}]},{\"@type\":\"WebSite\",\"@id\":\"https:\/\/idakorea.ee\/#website\",\"url\":\"https:\/\/idakorea.ee\/\",\"name\":\"IDA.KOREA\",\"description\":\"Korea kosmeetika e-pood\",\"publisher\":{\"@id\":\"https:\/\/idakorea.ee\/#organization\"},\"alternateName\":\"Beauty Shop\",\"potentialAction\":[{\"@type\":\"SearchAction\",\"target\":{\"@type\":\"EntryPoint\",\"urlTemplate\":\"https:\/\/idakorea.ee\/?s={search_term_string}\"},\"query-input\":{\"@type\":\"PropertyValueSpecification\",\"valueRequired\":true,\"valueName\":\"search_term_string\"}}],\"inLanguage\":\"en-US\"},{\"@type\":\"Organization\",\"@id\":\"https:\/\/idakorea.ee\/#organization\",\"name\":\"IDA.KOREA\",\"url\":\"https:\/\/idakorea.ee\/\",\"logo\":{\"@type\":\"ImageObject\",\"inLanguage\":\"en-US\",\"@id\":\"https:\/\/idakorea.ee\/#\/schema\/logo\/image\/\",\"url\":\"https:\/\/idakorea.ee\/wp-content\/uploads\/2024\/05\/cropped-korea3.png\",\"contentUrl\":\"https:\/\/idakorea.ee\/wp-content\/uploads\/2024\/05\/cropped-korea3.png\",\"width\":688,\"height\":126,\"caption\":\"IDA.KOREA\"},\"image\":{\"@id\":\"https:\/\/idakorea.ee\/#\/schema\/logo\/image\/\"},\"sameAs\":[\"https:\/\/www.instagram.com\/ida.korea\/\"]}]}<\/script>\n<!-- \/ Yoast SEO plugin. -->","yoast_head_json":{"title":"Anti-ageing moisturising mini set The History Of Whoo Vital Hydrating 5pcs gift set - IDA.KOREA","robots":{"index":"index","follow":"follow","max-snippet":"max-snippet:-1","max-image-preview":"max-image-preview:large","max-video-preview":"max-video-preview:-1"},"canonical":"https:\/\/idakorea.ee\/en\/product\/vananemisvastane-niisutav-minikomplekt-the-history-of-whoo-vital-hydrating-5pcs-gift-set\/","og_locale":"en_US","og_type":"article","og_title":"Vananemisvastane niisutav minikomplekt The History Of Whoo Vital Hydrating 5pcs gift set - IDA.KOREA","og_description":"Niisutav komplekt kaameliaekstraktiga taastab naha niiskustasakaalu, v\u00f5itleb vananemism\u00e4rkidega ja kaitseb keskkonna m\u00f5ju eest. N\u00e4onaha niisutamine on sama oluline protseduur kui puhastamine v\u00f5i toitmine. Meie rakkudes, sealhulgas naharakkudes, toimuvad pidevalt biokeemilised reaktsioonid, milleks on vajalik vesi. Meie nahk kaotab iga p\u00e4ev niiskust ja kui niiskustaset \u00f5igel ajal ei taastata, muutub nahk veetustunuks, v\u00e4hem elastseks ja v\u00e4hem...","og_url":"https:\/\/idakorea.ee\/en\/product\/vananemisvastane-niisutav-minikomplekt-the-history-of-whoo-vital-hydrating-5pcs-gift-set\/","og_site_name":"IDA.KOREA","article_modified_time":"2026-04-27T05:15:23+00:00","og_image":[{"width":500,"height":500,"url":"https:\/\/idakorea.ee\/wp-content\/uploads\/2024\/11\/the-whoo-vital-gift-set-idakorea.jpeg","type":"image\/jpeg"}],"twitter_card":"summary_large_image","twitter_misc":{"Est. reading time":"3 minutes"},"schema":{"@context":"https:\/\/schema.org","@graph":[{"@type":"WebPage","@id":"https:\/\/idakorea.ee\/product\/vananemisvastane-niisutav-minikomplekt-the-history-of-whoo-vital-hydrating-5pcs-gift-set\/","url":"https:\/\/idakorea.ee\/product\/vananemisvastane-niisutav-minikomplekt-the-history-of-whoo-vital-hydrating-5pcs-gift-set\/","name":"Anti-ageing moisturising mini set The History Of Whoo Vital Hydrating 5pcs gift set - IDA.KOREA","isPartOf":{"@id":"https:\/\/idakorea.ee\/#website"},"primaryImageOfPage":{"@id":"https:\/\/idakorea.ee\/product\/vananemisvastane-niisutav-minikomplekt-the-history-of-whoo-vital-hydrating-5pcs-gift-set\/#primaryimage"},"image":{"@id":"https:\/\/idakorea.ee\/product\/vananemisvastane-niisutav-minikomplekt-the-history-of-whoo-vital-hydrating-5pcs-gift-set\/#primaryimage"},"thumbnailUrl":"https:\/\/idakorea.ee\/wp-content\/uploads\/2024\/11\/the-whoo-vital-gift-set-idakorea.jpeg","datePublished":"2024-11-20T08:34:21+00:00","dateModified":"2026-04-27T05:15:23+00:00","breadcrumb":{"@id":"https:\/\/idakorea.ee\/product\/vananemisvastane-niisutav-minikomplekt-the-history-of-whoo-vital-hydrating-5pcs-gift-set\/#breadcrumb"},"inLanguage":"en-US","potentialAction":[{"@type":"ReadAction","target":["https:\/\/idakorea.ee\/product\/vananemisvastane-niisutav-minikomplekt-the-history-of-whoo-vital-hydrating-5pcs-gift-set\/"]}]},{"@type":"ImageObject","inLanguage":"en-US","@id":"https:\/\/idakorea.ee\/product\/vananemisvastane-niisutav-minikomplekt-the-history-of-whoo-vital-hydrating-5pcs-gift-set\/#primaryimage","url":"https:\/\/idakorea.ee\/wp-content\/uploads\/2024\/11\/the-whoo-vital-gift-set-idakorea.jpeg","contentUrl":"https:\/\/idakorea.ee\/wp-content\/uploads\/2024\/11\/the-whoo-vital-gift-set-idakorea.jpeg","width":500,"height":500,"caption":"the whoo vital gift set idakorea"},{"@type":"BreadcrumbList","@id":"https:\/\/idakorea.ee\/product\/vananemisvastane-niisutav-minikomplekt-the-history-of-whoo-vital-hydrating-5pcs-gift-set\/#breadcrumb","itemListElement":[{"@type":"ListItem","position":1,"name":"\u0413\u043b\u0430\u0432\u043d\u0430\u044f \u0441\u0442\u0440\u0430\u043d\u0438\u0446\u0430","item":"https:\/\/idakorea.ee\/"},{"@type":"ListItem","position":2,"name":"Shop","item":"https:\/\/idakorea.ee\/shop-2\/"},{"@type":"ListItem","position":3,"name":"Vananemisvastane niisutav minikomplekt The History Of Whoo Vital Hydrating 5pcs gift set"}]},{"@type":"WebSite","@id":"https:\/\/idakorea.ee\/#website","url":"https:\/\/idakorea.ee\/","name":"IDA.KOREA","description":"Korean cosmetics e-shop","publisher":{"@id":"https:\/\/idakorea.ee\/#organization"},"alternateName":"Beauty Shop","potentialAction":[{"@type":"SearchAction","target":{"@type":"EntryPoint","urlTemplate":"https:\/\/idakorea.ee\/?s={search_term_string}"},"query-input":{"@type":"PropertyValueSpecification","valueRequired":true,"valueName":"search_term_string"}}],"inLanguage":"en-US"},{"@type":"Organization","@id":"https:\/\/idakorea.ee\/#organization","name":"IDA.KOREA","url":"https:\/\/idakorea.ee\/","logo":{"@type":"ImageObject","inLanguage":"en-US","@id":"https:\/\/idakorea.ee\/#\/schema\/logo\/image\/","url":"https:\/\/idakorea.ee\/wp-content\/uploads\/2024\/05\/cropped-korea3.png","contentUrl":"https:\/\/idakorea.ee\/wp-content\/uploads\/2024\/05\/cropped-korea3.png","width":688,"height":126,"caption":"IDA.KOREA"},"image":{"@id":"https:\/\/idakorea.ee\/#\/schema\/logo\/image\/"},"sameAs":["https:\/\/www.instagram.com\/ida.korea\/"]}]}},"jetpack_sharing_enabled":true,"brands":[{"id":494,"name":"THE HISTORY OF WHOO","slug":"the-history-of-whoo"}],"_links":{"self":[{"href":"https:\/\/idakorea.ee\/en\/wp-json\/wp\/v2\/product\/11377","targetHints":{"allow":["GET"]}}],"collection":[{"href":"https:\/\/idakorea.ee\/en\/wp-json\/wp\/v2\/product"}],"about":[{"href":"https:\/\/idakorea.ee\/en\/wp-json\/wp\/v2\/types\/product"}],"replies":[{"embeddable":true,"href":"https:\/\/idakorea.ee\/en\/wp-json\/wp\/v2\/comments?post=11377"}],"version-history":[{"count":5,"href":"https:\/\/idakorea.ee\/en\/wp-json\/wp\/v2\/product\/11377\/revisions"}],"predecessor-version":[{"id":17512,"href":"https:\/\/idakorea.ee\/en\/wp-json\/wp\/v2\/product\/11377\/revisions\/17512"}],"wp:featuredmedia":[{"embeddable":true,"href":"https:\/\/idakorea.ee\/en\/wp-json\/wp\/v2\/media\/11378"}],"wp:attachment":[{"href":"https:\/\/idakorea.ee\/en\/wp-json\/wp\/v2\/media?parent=11377"}],"wp:term":[{"taxonomy":"pwb-brand","embeddable":true,"href":"https:\/\/idakorea.ee\/en\/wp-json\/wp\/v2\/pwb-brand?post=11377"},{"taxonomy":"product_brand","embeddable":true,"href":"https:\/\/idakorea.ee\/en\/wp-json\/wp\/v2\/product_brand?post=11377"},{"taxonomy":"product_cat","embeddable":true,"href":"https:\/\/idakorea.ee\/en\/wp-json\/wp\/v2\/product_cat?post=11377"},{"taxonomy":"product_tag","embeddable":true,"href":"https:\/\/idakorea.ee\/en\/wp-json\/wp\/v2\/product_tag?post=11377"}],"curies":[{"name":"wp","href":"https:\/\/api.w.org\/{rel}","templated":true}]}}