{"id":11403,"date":"2024-11-22T10:33:31","date_gmt":"2024-11-22T08:33:31","guid":{"rendered":"https:\/\/idakorea.ee\/?post_type=product&#038;p=11403"},"modified":"2026-04-04T11:08:08","modified_gmt":"2026-04-04T09:08:08","slug":"taastav-silmaumbruse-seerum-roller-farmstay-cica-farm-revitalizing-rolling-eye-serum-25ml","status":"publish","type":"product","link":"https:\/\/idakorea.ee\/en\/product\/taastav-silmaumbruse-seerum-roller-farmstay-cica-farm-revitalizing-rolling-eye-serum-25ml\/","title":{"rendered":"Revitalizing eye serum-roller Farmstay Cica Farm Revitalizing Rolling Eye Serum, 25ml"},"content":{"rendered":"<div class=\"flex-1 overflow-hidden\">\n<div class=\"h-full\">\n<div class=\"react-scroll-to-bottom--css-eyggy-79elbk h-full\">\n<div class=\"react-scroll-to-bottom--css-eyggy-1n7m0yu\">\n<div class=\"flex flex-col text-sm md:pb-9\">\n<article class=\"w-full scroll-mb-[var(--thread-trailing-height,150px)] text-token-text-primary focus-visible:outline-2 focus-visible:outline-offset-[-4px]\" dir=\"auto\" data-testid=\"conversation-turn-29\" data-scroll-anchor=\"true\">\n<div class=\"m-auto text-base py-[18px] px-3 md:px-4 w-full md:px-5 lg:px-4 xl:px-5\">\n<div class=\"mx-auto flex flex-1 gap-4 text-base md:gap-5 lg:gap-6 md:max-w-3xl lg:max-w-[40rem] xl:max-w-[48rem]\">\n<div class=\"group\/conversation-turn relative flex w-full min-w-0 flex-col agent-turn\">\n<div class=\"flex-col gap-1 md:gap-3\">\n<div class=\"flex max-w-full flex-col flex-grow\">\n<div class=\"min-h-8 text-message flex w-full flex-col items-end gap-2 whitespace-normal break-words [.text-message+&amp;]:mt-5\" dir=\"auto\" data-message-author-role=\"assistant\" data-message-id=\"5bd1f979-ddd7-4f77-be4b-c6d9a721d989\" data-client-thread-id=\"6735dbb2-cbf8-8002-8aff-8211e1159e60\" data-message-model-slug=\"gpt-4o\">\n<div class=\"flex w-full flex-col gap-1 empty:hidden first:pt-[3px]\">\n<div class=\"markdown prose w-full break-words dark:prose-invert light\">\n<p>Efektiivne seerum \u00f5rna ja tundliku silma\u00fcmbruse naha hoolduseks. Soovitatav stressis, kahjustatud v\u00f5i v\u00e4liskeskkonna m\u00f5jude t\u00f5ttu v\u00e4sinud nahale.<\/p>\n<p><strong>Eelised:<\/strong><\/p>\n<ul>\n<li>Niisutab ja rahustab nahka.<\/li>\n<li>Aitab v\u00e4hendada turseid ja tumedaid silmaaluseid.<\/li>\n<li>Parandab naha elastsust ja v\u00e4hendab kortsude s\u00fcgavust.<\/li>\n<li>Kaitseb nahka agressiivsete ilmastikum\u00f5jude eest.<\/li>\n<li>Hoiab \u00e4ra enneaegse vananemise.<\/li>\n<\/ul>\n<p><strong>Peamised toimeained:<\/strong><\/p>\n<ul>\n<li><strong>Aasia vesinabaekstrakt (Centella Asiatica):<\/strong> Omab p\u00f5letikuvastast ja haavu parandavat toimet, taastab naha kaitsebarj\u00e4\u00e4ri, s\u00e4ilitab niiskustaset, v\u00e4hendab naha tundlikkust ja turseid, tugevdab veresooni ning v\u00e4hendab kuperoosat.<\/li>\n<li><strong>Niasiiniamiid:<\/strong> Heledab pigmendilaike ja \u00fchtlustab naha tooni.<\/li>\n<li><strong>Adenosiin:<\/strong> Silub kortse, v\u00e4hendab nende s\u00fcgavust ning stimuleerib naha uuenemist.<\/li>\n<\/ul>\n<p><strong>Kasutusjuhend: <\/strong>Kandke puhastatud nahale silmade \u00fcmber. Sobib igap\u00e4evaseks kasutamiseks.<\/p>\n<\/div>\n<\/div>\n<\/div>\n<\/div>\n<\/div>\n<\/div>\n<\/div>\n<\/div>\n<\/article>\n<\/div>\n<\/div>\n<\/div>\n<\/div>\n<\/div>\n","protected":false},"excerpt":{"rendered":"<p>An effective serum for the care of delicate and sensitive skin around the eyes. Recommended for skin that is stressed, damaged or fatigued due to the effects of the external environment. Advantages. Moisturizes, nourishes and soothes the skin, helps reduce puffiness and dark circles. Improves skin elasticity and reduces the depth of wrinkles. Protects the skin against aggressive weather conditions. Prevents premature ageing. Main active ingredients.<\/p>","protected":false},"featured_media":11404,"comment_status":"open","ping_status":"closed","template":"","meta":{"_uf_show_specific_survey":0,"_uf_disable_surveys":false,"_bst_post_transparent":"default","_bst_post_title":"","_bst_post_layout":"default","_bst_post_sidebar_id":"","_bst_post_content_style":"default","_bst_post_vertical_padding":"default","_bst_post_feature":"","_bst_post_feature_position":"","_bst_post_header":false,"_bst_post_footer":false},"pwb-brand":[672],"product_brand":[],"product_cat":[92,99,201],"product_tag":[616,673,233,202,247],"class_list":{"0":"post-11403","1":"product","2":"type-product","3":"status-publish","4":"has-post-thumbnail","6":"pwb-brand-farmstay","7":"product_cat-nagu","8":"product_cat-silmad-ja-huuled-2","9":"product_cat-silmakreem","10":"product_tag-eye-serum","11":"product_tag-farmstay","12":"product_tag-internet-pood-eesti","13":"product_tag-korea-kosmeetika","14":"product_tag-korea-silmakreem","16":"first","17":"instock","18":"sale","19":"shipping-taxable","20":"purchasable","21":"product-type-simple","22":"entry","23":"content-bg","24":"loop-entry"},"supplier_id":null,"supplier_sku":"","barcode":null,"atum_controlled":true,"out_stock_date":null,"out_stock_threshold":null,"inheritable":false,"inbound_stock":0,"stock_on_hold":0,"sold_today":0,"sales_last_days":2,"out_stock_days":0,"lost_sales":0,"has_location":false,"update_date":"2026-04-14T00:05:04","atum_locations":[],"atum_stock_status":"instock","restock_status":false,"low_stock_amount":"","sales_update_date":"2026-04-14T00:05:04","calc_backorders":null,"yoast_head":"<!-- This site is optimized with the Yoast SEO plugin v27.2 - https:\/\/yoast.com\/product\/yoast-seo-wordpress\/ -->\n<title>Farmstay Cica Farm Revitalizing Rolling Eye Serum<\/title>\n<meta name=\"description\" content=\"Efektiivne seerum \u00f5rna ja tundliku silma\u00fcmbruse naha hoolduseks. Soovitatav stressis, kahjustatud v\u00f5i v\u00e4liskeskkonna m\u00f5jude t\u00f5ttu v\u00e4sinud nahale.\" \/>\n<meta name=\"robots\" content=\"index, follow, max-snippet:-1, max-image-preview:large, max-video-preview:-1\" \/>\n<link rel=\"canonical\" href=\"https:\/\/idakorea.ee\/en\/product\/taastav-silmaumbruse-seerum-roller-farmstay-cica-farm-revitalizing-rolling-eye-serum-25ml\/\" \/>\n<meta property=\"og:locale\" content=\"en_US\" \/>\n<meta property=\"og:type\" content=\"article\" \/>\n<meta property=\"og:title\" content=\"Farmstay Cica Farm Revitalizing Rolling Eye Serum\" \/>\n<meta property=\"og:description\" content=\"Efektiivne seerum \u00f5rna ja tundliku silma\u00fcmbruse naha hoolduseks. Soovitatav stressis, kahjustatud v\u00f5i v\u00e4liskeskkonna m\u00f5jude t\u00f5ttu v\u00e4sinud nahale.\" \/>\n<meta property=\"og:url\" content=\"https:\/\/idakorea.ee\/en\/product\/taastav-silmaumbruse-seerum-roller-farmstay-cica-farm-revitalizing-rolling-eye-serum-25ml\/\" \/>\n<meta property=\"og:site_name\" content=\"IDA.KOREA\" \/>\n<meta property=\"article:modified_time\" content=\"2026-04-04T09:08:08+00:00\" \/>\n<meta property=\"og:image\" content=\"https:\/\/idakorea.ee\/wp-content\/uploads\/2024\/11\/farmstay-cica-farm-eye-serum.jpg\" \/>\n\t<meta property=\"og:image:width\" content=\"700\" \/>\n\t<meta property=\"og:image:height\" content=\"700\" \/>\n\t<meta property=\"og:image:type\" content=\"image\/jpeg\" \/>\n<meta name=\"twitter:card\" content=\"summary_large_image\" \/>\n<meta name=\"twitter:label1\" content=\"Est. reading time\" \/>\n\t<meta name=\"twitter:data1\" content=\"1 minute\" \/>\n<script type=\"application\/ld+json\" class=\"yoast-schema-graph\">{\"@context\":\"https:\/\/schema.org\",\"@graph\":[{\"@type\":\"WebPage\",\"@id\":\"https:\/\/idakorea.ee\/product\/taastav-silmaumbruse-seerum-roller-farmstay-cica-farm-revitalizing-rolling-eye-serum-25ml\/\",\"url\":\"https:\/\/idakorea.ee\/product\/taastav-silmaumbruse-seerum-roller-farmstay-cica-farm-revitalizing-rolling-eye-serum-25ml\/\",\"name\":\"Farmstay Cica Farm Revitalizing Rolling Eye Serum\",\"isPartOf\":{\"@id\":\"https:\/\/idakorea.ee\/#website\"},\"primaryImageOfPage\":{\"@id\":\"https:\/\/idakorea.ee\/product\/taastav-silmaumbruse-seerum-roller-farmstay-cica-farm-revitalizing-rolling-eye-serum-25ml\/#primaryimage\"},\"image\":{\"@id\":\"https:\/\/idakorea.ee\/product\/taastav-silmaumbruse-seerum-roller-farmstay-cica-farm-revitalizing-rolling-eye-serum-25ml\/#primaryimage\"},\"thumbnailUrl\":\"https:\/\/idakorea.ee\/wp-content\/uploads\/2024\/11\/farmstay-cica-farm-eye-serum.jpg\",\"datePublished\":\"2024-11-22T08:33:31+00:00\",\"dateModified\":\"2026-04-04T09:08:08+00:00\",\"description\":\"Efektiivne seerum \u00f5rna ja tundliku silma\u00fcmbruse naha hoolduseks. Soovitatav stressis, kahjustatud v\u00f5i v\u00e4liskeskkonna m\u00f5jude t\u00f5ttu v\u00e4sinud nahale.\",\"breadcrumb\":{\"@id\":\"https:\/\/idakorea.ee\/product\/taastav-silmaumbruse-seerum-roller-farmstay-cica-farm-revitalizing-rolling-eye-serum-25ml\/#breadcrumb\"},\"inLanguage\":\"en-US\",\"potentialAction\":[{\"@type\":\"ReadAction\",\"target\":[\"https:\/\/idakorea.ee\/product\/taastav-silmaumbruse-seerum-roller-farmstay-cica-farm-revitalizing-rolling-eye-serum-25ml\/\"]}]},{\"@type\":\"ImageObject\",\"inLanguage\":\"en-US\",\"@id\":\"https:\/\/idakorea.ee\/product\/taastav-silmaumbruse-seerum-roller-farmstay-cica-farm-revitalizing-rolling-eye-serum-25ml\/#primaryimage\",\"url\":\"https:\/\/idakorea.ee\/wp-content\/uploads\/2024\/11\/farmstay-cica-farm-eye-serum.jpg\",\"contentUrl\":\"https:\/\/idakorea.ee\/wp-content\/uploads\/2024\/11\/farmstay-cica-farm-eye-serum.jpg\",\"width\":700,\"height\":700,\"caption\":\"farmstay cica farm eye serum\"},{\"@type\":\"BreadcrumbList\",\"@id\":\"https:\/\/idakorea.ee\/product\/taastav-silmaumbruse-seerum-roller-farmstay-cica-farm-revitalizing-rolling-eye-serum-25ml\/#breadcrumb\",\"itemListElement\":[{\"@type\":\"ListItem\",\"position\":1,\"name\":\"\u0413\u043b\u0430\u0432\u043d\u0430\u044f \u0441\u0442\u0440\u0430\u043d\u0438\u0446\u0430\",\"item\":\"https:\/\/idakorea.ee\/\"},{\"@type\":\"ListItem\",\"position\":2,\"name\":\"Shop\",\"item\":\"https:\/\/idakorea.ee\/shop-2\/\"},{\"@type\":\"ListItem\",\"position\":3,\"name\":\"Taastav silma\u00fcmbruse seerum-roller Farmstay Cica Farm Revitalizing Rolling Eye Serum, 25ml\"}]},{\"@type\":\"WebSite\",\"@id\":\"https:\/\/idakorea.ee\/#website\",\"url\":\"https:\/\/idakorea.ee\/\",\"name\":\"IDA.KOREA\",\"description\":\"Korea kosmeetika e-pood\",\"publisher\":{\"@id\":\"https:\/\/idakorea.ee\/#organization\"},\"alternateName\":\"Beauty Shop\",\"potentialAction\":[{\"@type\":\"SearchAction\",\"target\":{\"@type\":\"EntryPoint\",\"urlTemplate\":\"https:\/\/idakorea.ee\/?s={search_term_string}\"},\"query-input\":{\"@type\":\"PropertyValueSpecification\",\"valueRequired\":true,\"valueName\":\"search_term_string\"}}],\"inLanguage\":\"en-US\"},{\"@type\":\"Organization\",\"@id\":\"https:\/\/idakorea.ee\/#organization\",\"name\":\"IDA.KOREA\",\"url\":\"https:\/\/idakorea.ee\/\",\"logo\":{\"@type\":\"ImageObject\",\"inLanguage\":\"en-US\",\"@id\":\"https:\/\/idakorea.ee\/#\/schema\/logo\/image\/\",\"url\":\"https:\/\/idakorea.ee\/wp-content\/uploads\/2024\/05\/cropped-korea3.png\",\"contentUrl\":\"https:\/\/idakorea.ee\/wp-content\/uploads\/2024\/05\/cropped-korea3.png\",\"width\":688,\"height\":126,\"caption\":\"IDA.KOREA\"},\"image\":{\"@id\":\"https:\/\/idakorea.ee\/#\/schema\/logo\/image\/\"},\"sameAs\":[\"https:\/\/www.instagram.com\/ida.korea\/\"]}]}<\/script>\n<!-- \/ Yoast SEO plugin. -->","yoast_head_json":{"title":"Farmstay Kitty Farm Revitalizing Rolling Eye Serum","description":"An effective serum for the care of delicate and sensitive skin around the eyes. Recommended for skin that is stressed, damaged or fatigued by the effects of the external environment.","robots":{"index":"index","follow":"follow","max-snippet":"max-snippet:-1","max-image-preview":"max-image-preview:large","max-video-preview":"max-video-preview:-1"},"canonical":"https:\/\/idakorea.ee\/en\/product\/taastav-silmaumbruse-seerum-roller-farmstay-cica-farm-revitalizing-rolling-eye-serum-25ml\/","og_locale":"en_US","og_type":"article","og_title":"Farmstay Cica Farm Revitalizing Rolling Eye Serum","og_description":"Efektiivne seerum \u00f5rna ja tundliku silma\u00fcmbruse naha hoolduseks. Soovitatav stressis, kahjustatud v\u00f5i v\u00e4liskeskkonna m\u00f5jude t\u00f5ttu v\u00e4sinud nahale.","og_url":"https:\/\/idakorea.ee\/en\/product\/taastav-silmaumbruse-seerum-roller-farmstay-cica-farm-revitalizing-rolling-eye-serum-25ml\/","og_site_name":"IDA.KOREA","article_modified_time":"2026-04-04T09:08:08+00:00","og_image":[{"width":700,"height":700,"url":"https:\/\/idakorea.ee\/wp-content\/uploads\/2024\/11\/farmstay-cica-farm-eye-serum.jpg","type":"image\/jpeg"}],"twitter_card":"summary_large_image","twitter_misc":{"Est. reading time":"1 minute"},"schema":{"@context":"https:\/\/schema.org","@graph":[{"@type":"WebPage","@id":"https:\/\/idakorea.ee\/product\/taastav-silmaumbruse-seerum-roller-farmstay-cica-farm-revitalizing-rolling-eye-serum-25ml\/","url":"https:\/\/idakorea.ee\/product\/taastav-silmaumbruse-seerum-roller-farmstay-cica-farm-revitalizing-rolling-eye-serum-25ml\/","name":"Farmstay Kitty Farm Revitalizing Rolling Eye Serum","isPartOf":{"@id":"https:\/\/idakorea.ee\/#website"},"primaryImageOfPage":{"@id":"https:\/\/idakorea.ee\/product\/taastav-silmaumbruse-seerum-roller-farmstay-cica-farm-revitalizing-rolling-eye-serum-25ml\/#primaryimage"},"image":{"@id":"https:\/\/idakorea.ee\/product\/taastav-silmaumbruse-seerum-roller-farmstay-cica-farm-revitalizing-rolling-eye-serum-25ml\/#primaryimage"},"thumbnailUrl":"https:\/\/idakorea.ee\/wp-content\/uploads\/2024\/11\/farmstay-cica-farm-eye-serum.jpg","datePublished":"2024-11-22T08:33:31+00:00","dateModified":"2026-04-04T09:08:08+00:00","description":"An effective serum for the care of delicate and sensitive skin around the eyes. Recommended for skin that is stressed, damaged or fatigued by the effects of the external environment.","breadcrumb":{"@id":"https:\/\/idakorea.ee\/product\/taastav-silmaumbruse-seerum-roller-farmstay-cica-farm-revitalizing-rolling-eye-serum-25ml\/#breadcrumb"},"inLanguage":"en-US","potentialAction":[{"@type":"ReadAction","target":["https:\/\/idakorea.ee\/product\/taastav-silmaumbruse-seerum-roller-farmstay-cica-farm-revitalizing-rolling-eye-serum-25ml\/"]}]},{"@type":"ImageObject","inLanguage":"en-US","@id":"https:\/\/idakorea.ee\/product\/taastav-silmaumbruse-seerum-roller-farmstay-cica-farm-revitalizing-rolling-eye-serum-25ml\/#primaryimage","url":"https:\/\/idakorea.ee\/wp-content\/uploads\/2024\/11\/farmstay-cica-farm-eye-serum.jpg","contentUrl":"https:\/\/idakorea.ee\/wp-content\/uploads\/2024\/11\/farmstay-cica-farm-eye-serum.jpg","width":700,"height":700,"caption":"farmstay cica farm eye serum"},{"@type":"BreadcrumbList","@id":"https:\/\/idakorea.ee\/product\/taastav-silmaumbruse-seerum-roller-farmstay-cica-farm-revitalizing-rolling-eye-serum-25ml\/#breadcrumb","itemListElement":[{"@type":"ListItem","position":1,"name":"\u0413\u043b\u0430\u0432\u043d\u0430\u044f \u0441\u0442\u0440\u0430\u043d\u0438\u0446\u0430","item":"https:\/\/idakorea.ee\/"},{"@type":"ListItem","position":2,"name":"Shop","item":"https:\/\/idakorea.ee\/shop-2\/"},{"@type":"ListItem","position":3,"name":"Taastav silma\u00fcmbruse seerum-roller Farmstay Cica Farm Revitalizing Rolling Eye Serum, 25ml"}]},{"@type":"WebSite","@id":"https:\/\/idakorea.ee\/#website","url":"https:\/\/idakorea.ee\/","name":"IDA.KOREA","description":"Korean cosmetics e-shop","publisher":{"@id":"https:\/\/idakorea.ee\/#organization"},"alternateName":"Beauty Shop","potentialAction":[{"@type":"SearchAction","target":{"@type":"EntryPoint","urlTemplate":"https:\/\/idakorea.ee\/?s={search_term_string}"},"query-input":{"@type":"PropertyValueSpecification","valueRequired":true,"valueName":"search_term_string"}}],"inLanguage":"en-US"},{"@type":"Organization","@id":"https:\/\/idakorea.ee\/#organization","name":"IDA.KOREA","url":"https:\/\/idakorea.ee\/","logo":{"@type":"ImageObject","inLanguage":"en-US","@id":"https:\/\/idakorea.ee\/#\/schema\/logo\/image\/","url":"https:\/\/idakorea.ee\/wp-content\/uploads\/2024\/05\/cropped-korea3.png","contentUrl":"https:\/\/idakorea.ee\/wp-content\/uploads\/2024\/05\/cropped-korea3.png","width":688,"height":126,"caption":"IDA.KOREA"},"image":{"@id":"https:\/\/idakorea.ee\/#\/schema\/logo\/image\/"},"sameAs":["https:\/\/www.instagram.com\/ida.korea\/"]}]}},"jetpack_sharing_enabled":true,"brands":[{"id":672,"name":"FARMSTAY","slug":"farmstay"}],"_links":{"self":[{"href":"https:\/\/idakorea.ee\/en\/wp-json\/wp\/v2\/product\/11403","targetHints":{"allow":["GET"]}}],"collection":[{"href":"https:\/\/idakorea.ee\/en\/wp-json\/wp\/v2\/product"}],"about":[{"href":"https:\/\/idakorea.ee\/en\/wp-json\/wp\/v2\/types\/product"}],"replies":[{"embeddable":true,"href":"https:\/\/idakorea.ee\/en\/wp-json\/wp\/v2\/comments?post=11403"}],"version-history":[{"count":3,"href":"https:\/\/idakorea.ee\/en\/wp-json\/wp\/v2\/product\/11403\/revisions"}],"predecessor-version":[{"id":14054,"href":"https:\/\/idakorea.ee\/en\/wp-json\/wp\/v2\/product\/11403\/revisions\/14054"}],"wp:featuredmedia":[{"embeddable":true,"href":"https:\/\/idakorea.ee\/en\/wp-json\/wp\/v2\/media\/11404"}],"wp:attachment":[{"href":"https:\/\/idakorea.ee\/en\/wp-json\/wp\/v2\/media?parent=11403"}],"wp:term":[{"taxonomy":"pwb-brand","embeddable":true,"href":"https:\/\/idakorea.ee\/en\/wp-json\/wp\/v2\/pwb-brand?post=11403"},{"taxonomy":"product_brand","embeddable":true,"href":"https:\/\/idakorea.ee\/en\/wp-json\/wp\/v2\/product_brand?post=11403"},{"taxonomy":"product_cat","embeddable":true,"href":"https:\/\/idakorea.ee\/en\/wp-json\/wp\/v2\/product_cat?post=11403"},{"taxonomy":"product_tag","embeddable":true,"href":"https:\/\/idakorea.ee\/en\/wp-json\/wp\/v2\/product_tag?post=11403"}],"curies":[{"name":"wp","href":"https:\/\/api.w.org\/{rel}","templated":true}]}}