{"id":11520,"date":"2024-11-26T18:54:46","date_gmt":"2024-11-26T16:54:46","guid":{"rendered":"https:\/\/idakorea.ee\/?post_type=product&#038;p=11520"},"modified":"2026-04-13T20:27:23","modified_gmt":"2026-04-13T18:27:23","slug":"varskendav-hudrogeelmask-biodance-refreshing-sea-kelp-real-deep-mask","status":"publish","type":"product","link":"https:\/\/idakorea.ee\/en\/product\/varskendav-hudrogeelmask-biodance-refreshing-sea-kelp-real-deep-mask\/","title":{"rendered":"Refreshing hydrogel mask Biodance Refreshing Sea Kelp Real Deep Mask"},"content":{"rendered":"<p><strong>Biodance Refreshing Sea Kelp Real Deep Mask<\/strong> - refreshing hydrogel mask with seaweed, intensively restores, soothes and moisturises the skin.<\/p>\n<p>The mask is enriched with natural fermented seaweeds with effective antioxidant properties.<\/p>\n<p>The mask quickly soothes and revitalises the skin, leaving it velvety and ready for make-up application.<\/p>\n<p><strong>Results after first use:<\/strong><br \/>\nReduction in redness 49,2%.<br \/>\nReduction in oxidative stress 43.7%.<br \/>\nReduction in inflammation 88.2%.<br \/>\nIncrease in skin resistance 106,0%.<\/p>\n<p><strong>Test results:<\/strong><br \/>\nSkin hydration is increased by 123%.<br \/>\nSoothing effect - 110%.<br \/>\nBarrier reinforcement - 121%.<\/p>\n<p>The mask helps to reduce stress and damage, protecting the skin from external aggressors. Thanks to its high concentration of antioxidants and moisturizing components, the mask also reduces wrinkles and dryness, giving the skin a youthful and radiant appearance.<\/p>\n<p>The pure and natural seaweed extract (Dashima) in the mask is known as a super-antioxidant. These plants are rich in natural vitamins and minerals that intensively nourish and regenerate the skin, reducing fatigue and restoring its softness and freshness.<\/p>\n<p>Double Fermentation Technology: enhances the active properties of the mask, ensuring deep skin regeneration.<\/p>\n<p><strong>Main ingredients:<\/strong><\/p>\n<ul>\n<li>Lactobacteria and Laminaria extract: strengthen the skin's protective barrier, promoting regeneration and hydration.<\/li>\n<li>Glycerin: a natural moisturizer that draws moisture from the skin and helps it stay hydrated.<\/li>\n<li>Iris moss (fly agaric): soothes the skin, helps reduce inflammation and has moisturising properties.<\/li>\n<li>Neem leaf extract: has antibacterial and anti-inflammatory properties, helps to cleanse and improve skin condition.<\/li>\n<li>Centella asiatica: stimulates healing, reduces inflammation and strengthens capillary walls.<\/li>\n<li>Panthenol: moisturises and soothes the skin, helps restore its protective functions.<\/li>\n<li>Madecassoside: promotes healing and improves skin texture, has anti-inflammatory properties.<\/li>\n<li>Spirulina: enriches the skin with vitamins and minerals, has antioxidant properties.<\/li>\n<\/ul>\n<p>&nbsp;<\/p>\n<p>Suitable for all skin types, especially irritated, thin, red and sensitive skin. For skin in need of intensive restoration and moisturising.<\/p>\n<p><strong>Usage:<\/strong> Apply the mask to a clean and toned face for 3-4 hours. Leave on overnight for maximum effect.<\/p>","protected":false},"excerpt":{"rendered":"<p>Biodance Refreshing Sea Kelp Real Deep Mask - refreshing hydrogel mask with seaweed, intensively restores, soothes and moisturizes the skin. The mask is enriched with natural fermented seaweeds with effective antioxidant properties. The mask quickly soothes and revitalises the skin, leaving it velvety and ready for make-up application. Results after first use. Reduction of oxidative stress 43,7%. Reduction of inflammation 88,2%....<\/p>","protected":false},"featured_media":11528,"comment_status":"open","ping_status":"closed","template":"","meta":{"_uf_show_specific_survey":0,"_uf_disable_surveys":false,"_bst_post_transparent":"default","_bst_post_title":"","_bst_post_layout":"default","_bst_post_sidebar_id":"","_bst_post_content_style":"default","_bst_post_vertical_padding":"default","_bst_post_feature":"","_bst_post_feature_position":"","_bst_post_header":false,"_bst_post_footer":false},"pwb-brand":[113],"product_brand":[],"product_cat":[92,98],"product_tag":[718,719,562],"class_list":{"0":"post-11520","1":"product","2":"type-product","3":"status-publish","4":"has-post-thumbnail","6":"pwb-brand-biodance","7":"product_cat-nagu","8":"product_cat-naomaskid","9":"product_tag-biodance-viral-mask","10":"product_tag-sea-kalm","11":"product_tag-trend-mask","13":"first","14":"instock","15":"sale","16":"shipping-taxable","17":"purchasable","18":"product-type-simple","19":"entry","20":"content-bg","21":"loop-entry"},"supplier_id":null,"supplier_sku":"","barcode":null,"atum_controlled":true,"out_stock_date":null,"out_stock_threshold":null,"inheritable":false,"inbound_stock":0,"stock_on_hold":0,"sold_today":0,"sales_last_days":1,"out_stock_days":0,"lost_sales":0,"has_location":false,"update_date":"2026-04-14T12:37:28","atum_locations":[],"atum_stock_status":"instock","restock_status":false,"low_stock_amount":"","sales_update_date":"2026-04-14T12:37:28","calc_backorders":null,"yoast_head":"<!-- This site is optimized with the Yoast SEO plugin v27.2 - https:\/\/yoast.com\/product\/yoast-seo-wordpress\/ -->\n<title>V\u00e4rskendav h\u00fcdrogeelmask Biodance Refreshing Sea Kelp Real Deep Mask - IDA.KOREA<\/title>\n<meta name=\"robots\" content=\"index, follow, max-snippet:-1, max-image-preview:large, max-video-preview:-1\" \/>\n<link rel=\"canonical\" href=\"https:\/\/idakorea.ee\/en\/product\/varskendav-hudrogeelmask-biodance-refreshing-sea-kelp-real-deep-mask\/\" \/>\n<meta property=\"og:locale\" content=\"en_US\" \/>\n<meta property=\"og:type\" content=\"article\" \/>\n<meta property=\"og:title\" content=\"V\u00e4rskendav h\u00fcdrogeelmask Biodance Refreshing Sea Kelp Real Deep Mask - IDA.KOREA\" \/>\n<meta property=\"og:description\" content=\"Biodance Refreshing Sea Kelp Real Deep Mask \u2014 v\u00e4rskendav h\u00fcdrogeelmask merevetikatega, intensiivselt taastab, rahustab ja niisutab nahka. Mask on rikastatud looduslike fermenteeritud merevetikatega, millel on t\u00f5husad antioks\u00fcdantsed omadused. Mask rahustab ja elavdab nahka kiiresti, muutes selle sametiseks ja ettevalmistades meigi pealekandmiseks. Tulemused p\u00e4rast esimest kasutamist: Punetuse v\u00e4henemine 49,2%. Oks\u00fcdatiivse stressi v\u00e4henemine 43,7%. P\u00f5letike v\u00e4henemine 88,2%....\" \/>\n<meta property=\"og:url\" content=\"https:\/\/idakorea.ee\/en\/product\/varskendav-hudrogeelmask-biodance-refreshing-sea-kelp-real-deep-mask\/\" \/>\n<meta property=\"og:site_name\" content=\"IDA.KOREA\" \/>\n<meta property=\"article:modified_time\" content=\"2026-04-13T18:27:23+00:00\" \/>\n<meta property=\"og:image\" content=\"https:\/\/idakorea.ee\/wp-content\/uploads\/2024\/11\/biodance-sea-kelm-mask-ida.png\" \/>\n\t<meta property=\"og:image:width\" content=\"544\" \/>\n\t<meta property=\"og:image:height\" content=\"608\" \/>\n\t<meta property=\"og:image:type\" content=\"image\/png\" \/>\n<meta name=\"twitter:card\" content=\"summary_large_image\" \/>\n<meta name=\"twitter:label1\" content=\"Est. reading time\" \/>\n\t<meta name=\"twitter:data1\" content=\"2 minutes\" \/>\n<script type=\"application\/ld+json\" class=\"yoast-schema-graph\">{\"@context\":\"https:\/\/schema.org\",\"@graph\":[{\"@type\":\"WebPage\",\"@id\":\"https:\/\/idakorea.ee\/product\/varskendav-hudrogeelmask-biodance-refreshing-sea-kelp-real-deep-mask\/\",\"url\":\"https:\/\/idakorea.ee\/product\/varskendav-hudrogeelmask-biodance-refreshing-sea-kelp-real-deep-mask\/\",\"name\":\"V\u00e4rskendav h\u00fcdrogeelmask Biodance Refreshing Sea Kelp Real Deep Mask - IDA.KOREA\",\"isPartOf\":{\"@id\":\"https:\/\/idakorea.ee\/#website\"},\"primaryImageOfPage\":{\"@id\":\"https:\/\/idakorea.ee\/product\/varskendav-hudrogeelmask-biodance-refreshing-sea-kelp-real-deep-mask\/#primaryimage\"},\"image\":{\"@id\":\"https:\/\/idakorea.ee\/product\/varskendav-hudrogeelmask-biodance-refreshing-sea-kelp-real-deep-mask\/#primaryimage\"},\"thumbnailUrl\":\"https:\/\/idakorea.ee\/wp-content\/uploads\/2024\/11\/biodance-sea-kelm-mask-ida.png\",\"datePublished\":\"2024-11-26T16:54:46+00:00\",\"dateModified\":\"2026-04-13T18:27:23+00:00\",\"breadcrumb\":{\"@id\":\"https:\/\/idakorea.ee\/product\/varskendav-hudrogeelmask-biodance-refreshing-sea-kelp-real-deep-mask\/#breadcrumb\"},\"inLanguage\":\"en-US\",\"potentialAction\":[{\"@type\":\"ReadAction\",\"target\":[\"https:\/\/idakorea.ee\/product\/varskendav-hudrogeelmask-biodance-refreshing-sea-kelp-real-deep-mask\/\"]}]},{\"@type\":\"ImageObject\",\"inLanguage\":\"en-US\",\"@id\":\"https:\/\/idakorea.ee\/product\/varskendav-hudrogeelmask-biodance-refreshing-sea-kelp-real-deep-mask\/#primaryimage\",\"url\":\"https:\/\/idakorea.ee\/wp-content\/uploads\/2024\/11\/biodance-sea-kelm-mask-ida.png\",\"contentUrl\":\"https:\/\/idakorea.ee\/wp-content\/uploads\/2024\/11\/biodance-sea-kelm-mask-ida.png\",\"width\":544,\"height\":608},{\"@type\":\"BreadcrumbList\",\"@id\":\"https:\/\/idakorea.ee\/product\/varskendav-hudrogeelmask-biodance-refreshing-sea-kelp-real-deep-mask\/#breadcrumb\",\"itemListElement\":[{\"@type\":\"ListItem\",\"position\":1,\"name\":\"\u0413\u043b\u0430\u0432\u043d\u0430\u044f \u0441\u0442\u0440\u0430\u043d\u0438\u0446\u0430\",\"item\":\"https:\/\/idakorea.ee\/\"},{\"@type\":\"ListItem\",\"position\":2,\"name\":\"Shop\",\"item\":\"https:\/\/idakorea.ee\/shop-2\/\"},{\"@type\":\"ListItem\",\"position\":3,\"name\":\"V\u00e4rskendav h\u00fcdrogeelmask Biodance Refreshing Sea Kelp Real Deep Mask\"}]},{\"@type\":\"WebSite\",\"@id\":\"https:\/\/idakorea.ee\/#website\",\"url\":\"https:\/\/idakorea.ee\/\",\"name\":\"IDA.KOREA\",\"description\":\"Korea kosmeetika e-pood\",\"publisher\":{\"@id\":\"https:\/\/idakorea.ee\/#organization\"},\"alternateName\":\"Beauty Shop\",\"potentialAction\":[{\"@type\":\"SearchAction\",\"target\":{\"@type\":\"EntryPoint\",\"urlTemplate\":\"https:\/\/idakorea.ee\/?s={search_term_string}\"},\"query-input\":{\"@type\":\"PropertyValueSpecification\",\"valueRequired\":true,\"valueName\":\"search_term_string\"}}],\"inLanguage\":\"en-US\"},{\"@type\":\"Organization\",\"@id\":\"https:\/\/idakorea.ee\/#organization\",\"name\":\"IDA.KOREA\",\"url\":\"https:\/\/idakorea.ee\/\",\"logo\":{\"@type\":\"ImageObject\",\"inLanguage\":\"en-US\",\"@id\":\"https:\/\/idakorea.ee\/#\/schema\/logo\/image\/\",\"url\":\"https:\/\/idakorea.ee\/wp-content\/uploads\/2024\/05\/cropped-korea3.png\",\"contentUrl\":\"https:\/\/idakorea.ee\/wp-content\/uploads\/2024\/05\/cropped-korea3.png\",\"width\":688,\"height\":126,\"caption\":\"IDA.KOREA\"},\"image\":{\"@id\":\"https:\/\/idakorea.ee\/#\/schema\/logo\/image\/\"},\"sameAs\":[\"https:\/\/www.instagram.com\/ida.korea\/\"]}]}<\/script>\n<!-- \/ Yoast SEO plugin. -->","yoast_head_json":{"title":"Refreshing Hydrogel Mask Biodance Refreshing Sea Kelp Real Deep Mask - IDA.KOREA","robots":{"index":"index","follow":"follow","max-snippet":"max-snippet:-1","max-image-preview":"max-image-preview:large","max-video-preview":"max-video-preview:-1"},"canonical":"https:\/\/idakorea.ee\/en\/product\/varskendav-hudrogeelmask-biodance-refreshing-sea-kelp-real-deep-mask\/","og_locale":"en_US","og_type":"article","og_title":"V\u00e4rskendav h\u00fcdrogeelmask Biodance Refreshing Sea Kelp Real Deep Mask - IDA.KOREA","og_description":"Biodance Refreshing Sea Kelp Real Deep Mask \u2014 v\u00e4rskendav h\u00fcdrogeelmask merevetikatega, intensiivselt taastab, rahustab ja niisutab nahka. Mask on rikastatud looduslike fermenteeritud merevetikatega, millel on t\u00f5husad antioks\u00fcdantsed omadused. Mask rahustab ja elavdab nahka kiiresti, muutes selle sametiseks ja ettevalmistades meigi pealekandmiseks. Tulemused p\u00e4rast esimest kasutamist: Punetuse v\u00e4henemine 49,2%. Oks\u00fcdatiivse stressi v\u00e4henemine 43,7%. P\u00f5letike v\u00e4henemine 88,2%....","og_url":"https:\/\/idakorea.ee\/en\/product\/varskendav-hudrogeelmask-biodance-refreshing-sea-kelp-real-deep-mask\/","og_site_name":"IDA.KOREA","article_modified_time":"2026-04-13T18:27:23+00:00","og_image":[{"width":544,"height":608,"url":"https:\/\/idakorea.ee\/wp-content\/uploads\/2024\/11\/biodance-sea-kelm-mask-ida.png","type":"image\/png"}],"twitter_card":"summary_large_image","twitter_misc":{"Est. reading time":"2 minutes"},"schema":{"@context":"https:\/\/schema.org","@graph":[{"@type":"WebPage","@id":"https:\/\/idakorea.ee\/product\/varskendav-hudrogeelmask-biodance-refreshing-sea-kelp-real-deep-mask\/","url":"https:\/\/idakorea.ee\/product\/varskendav-hudrogeelmask-biodance-refreshing-sea-kelp-real-deep-mask\/","name":"Refreshing Hydrogel Mask Biodance Refreshing Sea Kelp Real Deep Mask - IDA.KOREA","isPartOf":{"@id":"https:\/\/idakorea.ee\/#website"},"primaryImageOfPage":{"@id":"https:\/\/idakorea.ee\/product\/varskendav-hudrogeelmask-biodance-refreshing-sea-kelp-real-deep-mask\/#primaryimage"},"image":{"@id":"https:\/\/idakorea.ee\/product\/varskendav-hudrogeelmask-biodance-refreshing-sea-kelp-real-deep-mask\/#primaryimage"},"thumbnailUrl":"https:\/\/idakorea.ee\/wp-content\/uploads\/2024\/11\/biodance-sea-kelm-mask-ida.png","datePublished":"2024-11-26T16:54:46+00:00","dateModified":"2026-04-13T18:27:23+00:00","breadcrumb":{"@id":"https:\/\/idakorea.ee\/product\/varskendav-hudrogeelmask-biodance-refreshing-sea-kelp-real-deep-mask\/#breadcrumb"},"inLanguage":"en-US","potentialAction":[{"@type":"ReadAction","target":["https:\/\/idakorea.ee\/product\/varskendav-hudrogeelmask-biodance-refreshing-sea-kelp-real-deep-mask\/"]}]},{"@type":"ImageObject","inLanguage":"en-US","@id":"https:\/\/idakorea.ee\/product\/varskendav-hudrogeelmask-biodance-refreshing-sea-kelp-real-deep-mask\/#primaryimage","url":"https:\/\/idakorea.ee\/wp-content\/uploads\/2024\/11\/biodance-sea-kelm-mask-ida.png","contentUrl":"https:\/\/idakorea.ee\/wp-content\/uploads\/2024\/11\/biodance-sea-kelm-mask-ida.png","width":544,"height":608},{"@type":"BreadcrumbList","@id":"https:\/\/idakorea.ee\/product\/varskendav-hudrogeelmask-biodance-refreshing-sea-kelp-real-deep-mask\/#breadcrumb","itemListElement":[{"@type":"ListItem","position":1,"name":"\u0413\u043b\u0430\u0432\u043d\u0430\u044f \u0441\u0442\u0440\u0430\u043d\u0438\u0446\u0430","item":"https:\/\/idakorea.ee\/"},{"@type":"ListItem","position":2,"name":"Shop","item":"https:\/\/idakorea.ee\/shop-2\/"},{"@type":"ListItem","position":3,"name":"V\u00e4rskendav h\u00fcdrogeelmask Biodance Refreshing Sea Kelp Real Deep Mask"}]},{"@type":"WebSite","@id":"https:\/\/idakorea.ee\/#website","url":"https:\/\/idakorea.ee\/","name":"IDA.KOREA","description":"Korean cosmetics e-shop","publisher":{"@id":"https:\/\/idakorea.ee\/#organization"},"alternateName":"Beauty Shop","potentialAction":[{"@type":"SearchAction","target":{"@type":"EntryPoint","urlTemplate":"https:\/\/idakorea.ee\/?s={search_term_string}"},"query-input":{"@type":"PropertyValueSpecification","valueRequired":true,"valueName":"search_term_string"}}],"inLanguage":"en-US"},{"@type":"Organization","@id":"https:\/\/idakorea.ee\/#organization","name":"IDA.KOREA","url":"https:\/\/idakorea.ee\/","logo":{"@type":"ImageObject","inLanguage":"en-US","@id":"https:\/\/idakorea.ee\/#\/schema\/logo\/image\/","url":"https:\/\/idakorea.ee\/wp-content\/uploads\/2024\/05\/cropped-korea3.png","contentUrl":"https:\/\/idakorea.ee\/wp-content\/uploads\/2024\/05\/cropped-korea3.png","width":688,"height":126,"caption":"IDA.KOREA"},"image":{"@id":"https:\/\/idakorea.ee\/#\/schema\/logo\/image\/"},"sameAs":["https:\/\/www.instagram.com\/ida.korea\/"]}]}},"jetpack_sharing_enabled":true,"brands":[{"id":113,"name":"BIODANCE","slug":"biodance"}],"_links":{"self":[{"href":"https:\/\/idakorea.ee\/en\/wp-json\/wp\/v2\/product\/11520","targetHints":{"allow":["GET"]}}],"collection":[{"href":"https:\/\/idakorea.ee\/en\/wp-json\/wp\/v2\/product"}],"about":[{"href":"https:\/\/idakorea.ee\/en\/wp-json\/wp\/v2\/types\/product"}],"replies":[{"embeddable":true,"href":"https:\/\/idakorea.ee\/en\/wp-json\/wp\/v2\/comments?post=11520"}],"version-history":[{"count":3,"href":"https:\/\/idakorea.ee\/en\/wp-json\/wp\/v2\/product\/11520\/revisions"}],"predecessor-version":[{"id":11713,"href":"https:\/\/idakorea.ee\/en\/wp-json\/wp\/v2\/product\/11520\/revisions\/11713"}],"wp:featuredmedia":[{"embeddable":true,"href":"https:\/\/idakorea.ee\/en\/wp-json\/wp\/v2\/media\/11528"}],"wp:attachment":[{"href":"https:\/\/idakorea.ee\/en\/wp-json\/wp\/v2\/media?parent=11520"}],"wp:term":[{"taxonomy":"pwb-brand","embeddable":true,"href":"https:\/\/idakorea.ee\/en\/wp-json\/wp\/v2\/pwb-brand?post=11520"},{"taxonomy":"product_brand","embeddable":true,"href":"https:\/\/idakorea.ee\/en\/wp-json\/wp\/v2\/product_brand?post=11520"},{"taxonomy":"product_cat","embeddable":true,"href":"https:\/\/idakorea.ee\/en\/wp-json\/wp\/v2\/product_cat?post=11520"},{"taxonomy":"product_tag","embeddable":true,"href":"https:\/\/idakorea.ee\/en\/wp-json\/wp\/v2\/product_tag?post=11520"}],"curies":[{"name":"wp","href":"https:\/\/api.w.org\/{rel}","templated":true}]}}