{"id":11544,"date":"2024-11-27T10:07:03","date_gmt":"2024-11-27T08:07:03","guid":{"rendered":"https:\/\/idakorea.ee\/?post_type=product&#038;p=11544"},"modified":"2026-04-13T20:27:22","modified_gmt":"2026-04-13T18:27:22","slug":"hudrogeelmask-c-vitamiini-ja-niatsinamiidiga-biodance-radiant-vita-niacinamide-real-deep-mask","status":"publish","type":"product","link":"https:\/\/idakorea.ee\/en\/product\/hudrogeelmask-c-vitamiini-ja-niatsinamiidiga-biodance-radiant-vita-niacinamide-real-deep-mask\/","title":{"rendered":"Hydrogel Mask with Vitamin C and Niacinamide Biodance Radiant Vita Niacinamide Real Deep Mask"},"content":{"rendered":"<p>Hydrogel mask with vitamin C and niacinamide for intensive skin hydration, skin tone and to combat signs of ageing.<\/p>\n<p>The mask contains 10% Pineapple Juice and Vitamin C, which helps to improve skin texture. Niacinamide helps to even the skin tone. Ten different types of hyaluronic acid and allantoin moisturise the skin on three levels, giving it softness and elasticity.<\/p>\n<p><strong>Advantages:<\/strong><br \/>\nReduces pigmentation, post-acne marks and dark spots.<br \/>\nEnsures skin softness and elasticity.<br \/>\nGives a fresh look, smoothes the skin and provides an even complexion.<br \/>\nPrevents pigmentation.<br \/>\nProvides deep hydration.<br \/>\nImproves skin texture, removes dead skin cells.<\/p>\n<p>This mask is ideal for dull skin, pigmentation and acne marks, aging and uneven-textured skin, dehydrated and tired skin.<\/p>\n<p>Dermatological and skin irritation tests have been completed and all ingredients have received an EWG Green rating.<\/p>\n<p><strong>Main components:<\/strong><br \/>\nNiacinamide (20 000 ppm): has a brightening effect, helps even skin tone and reduce pigmentation, and combats inflammation and acne.<br \/>\nPineapple Water (100 000 ppm): Contains bromelain, which exfoliates dead skin cells, leaving skin looking fresh, hydrated and nourished.<\/p>\n<p>Hyaluronic Acid (in various forms): Provides intense hydration by penetrating the different layers of the skin and retaining moisture, making the skin more supple and smooth.<br \/>\nGlutathione: A powerful antioxidant that helps brighten skin and reduce irritation, protecting cells from damage and ageing.<\/p>\n<p>Allantoiin: Soothes and moisturises the skin, promotes healing and helps to remove redness and irritation.<br \/>\nPlant extracts (including cucumber root, Indian sage leaf and pineapple extracts) - the components have anti-inflammatory and soothing properties and improve the overall condition of the skin.<\/p>\n<p><strong>Usage:<\/strong>\u00a0Apply the mask to cleansed and toned skin for 3-4 hours until the mask becomes transparent, then remove. Leave on overnight for maximum effect. It is recommended to use the mask 1 to 3 times a week for an intense skin-plumping effect.<\/p>","protected":false},"excerpt":{"rendered":"<p>Hydrogel mask with vitamin C and niacinamide for intensive skin hydration, skin tone and to combat signs of ageing. The mask contains 10% Pineapple Juice and Vitamin C to help improve skin texture. Niacinamide helps to even out skin tone. Ten different types of hyaluronic acid and allantoin moisturise the skin on three levels, giving it softness and elasticity. Benefits. Provides skin with softness and...<\/p>","protected":false},"featured_media":11545,"comment_status":"open","ping_status":"closed","template":"","meta":{"_uf_show_specific_survey":0,"_uf_disable_surveys":false,"_bst_post_transparent":"default","_bst_post_title":"","_bst_post_layout":"default","_bst_post_sidebar_id":"","_bst_post_content_style":"default","_bst_post_vertical_padding":"default","_bst_post_feature":"","_bst_post_feature_position":"","_bst_post_header":false,"_bst_post_footer":false},"pwb-brand":[113],"product_brand":[],"product_cat":[92,98],"product_tag":[445,720,563,634],"class_list":{"0":"post-11544","1":"product","2":"type-product","3":"status-publish","4":"has-post-thumbnail","6":"pwb-brand-biodance","7":"product_cat-nagu","8":"product_cat-naomaskid","9":"product_tag-biodance","10":"product_tag-tiktok-mask","11":"product_tag-viral-mask","12":"product_tag-vitamin-c","14":"first","15":"instock","16":"sale","17":"shipping-taxable","18":"purchasable","19":"product-type-simple","20":"entry","21":"content-bg","22":"loop-entry"},"supplier_id":null,"supplier_sku":"","barcode":null,"atum_controlled":true,"out_stock_date":null,"out_stock_threshold":null,"inheritable":false,"inbound_stock":0,"stock_on_hold":0,"sold_today":0,"sales_last_days":1,"out_stock_days":0,"lost_sales":0,"has_location":false,"update_date":"2026-04-14T12:37:28","atum_locations":[],"atum_stock_status":"instock","restock_status":false,"low_stock_amount":"","sales_update_date":"2026-04-14T12:37:28","calc_backorders":null,"yoast_head":"<!-- This site is optimized with the Yoast SEO plugin v27.2 - https:\/\/yoast.com\/product\/yoast-seo-wordpress\/ -->\n<title>H\u00fcdrogeelmask C-vitamiini ja niatsinamiidiga Biodance Radiant Vita Niacinamide Real Deep Mask - IDA.KOREA<\/title>\n<meta name=\"robots\" content=\"index, follow, max-snippet:-1, max-image-preview:large, max-video-preview:-1\" \/>\n<link rel=\"canonical\" href=\"https:\/\/idakorea.ee\/en\/product\/hudrogeelmask-c-vitamiini-ja-niatsinamiidiga-biodance-radiant-vita-niacinamide-real-deep-mask\/\" \/>\n<meta property=\"og:locale\" content=\"en_US\" \/>\n<meta property=\"og:type\" content=\"article\" \/>\n<meta property=\"og:title\" content=\"H\u00fcdrogeelmask C-vitamiini ja niatsinamiidiga Biodance Radiant Vita Niacinamide Real Deep Mask - IDA.KOREA\" \/>\n<meta property=\"og:description\" content=\"H\u00fcdrogeelmask C-vitamiini ja niatsinamiidiga, intensiivseks naha niisutamiseks, nahatooni \u00fchtlustamiseks ja vananemism\u00e4rkide vastu v\u00f5itlemiseks. Mask sisaldab 10% ananassimahla ja C-vitamiini, mis aitab parandada naha tekstuuri. Niatsiinamiid soodustab nahatooni \u00fchtlustamist. K\u00fcmme erinevat t\u00fc\u00fcpi h\u00fcaluroonhapet ja allantoiin niisutavad nahka kolmel tasandill, andes sellele pehmuse ja elastsuse. Eelised: V\u00e4hendab pigmentatsiooni, aknej\u00e4rgseid j\u00e4lgi ja tumedaid laike. Tagab naha pehmuse ja...\" \/>\n<meta property=\"og:url\" content=\"https:\/\/idakorea.ee\/en\/product\/hudrogeelmask-c-vitamiini-ja-niatsinamiidiga-biodance-radiant-vita-niacinamide-real-deep-mask\/\" \/>\n<meta property=\"og:site_name\" content=\"IDA.KOREA\" \/>\n<meta property=\"article:modified_time\" content=\"2026-04-13T18:27:22+00:00\" \/>\n<meta property=\"og:image\" content=\"https:\/\/idakorea.ee\/wp-content\/uploads\/2024\/11\/gxfhcvhm.png\" \/>\n\t<meta property=\"og:image:width\" content=\"408\" \/>\n\t<meta property=\"og:image:height\" content=\"437\" \/>\n\t<meta property=\"og:image:type\" content=\"image\/png\" \/>\n<meta name=\"twitter:card\" content=\"summary_large_image\" \/>\n<meta name=\"twitter:label1\" content=\"Est. reading time\" \/>\n\t<meta name=\"twitter:data1\" content=\"2 minutes\" \/>\n<script type=\"application\/ld+json\" class=\"yoast-schema-graph\">{\"@context\":\"https:\/\/schema.org\",\"@graph\":[{\"@type\":\"WebPage\",\"@id\":\"https:\/\/idakorea.ee\/product\/hudrogeelmask-c-vitamiini-ja-niatsinamiidiga-biodance-radiant-vita-niacinamide-real-deep-mask\/\",\"url\":\"https:\/\/idakorea.ee\/product\/hudrogeelmask-c-vitamiini-ja-niatsinamiidiga-biodance-radiant-vita-niacinamide-real-deep-mask\/\",\"name\":\"H\u00fcdrogeelmask C-vitamiini ja niatsinamiidiga Biodance Radiant Vita Niacinamide Real Deep Mask - IDA.KOREA\",\"isPartOf\":{\"@id\":\"https:\/\/idakorea.ee\/#website\"},\"primaryImageOfPage\":{\"@id\":\"https:\/\/idakorea.ee\/product\/hudrogeelmask-c-vitamiini-ja-niatsinamiidiga-biodance-radiant-vita-niacinamide-real-deep-mask\/#primaryimage\"},\"image\":{\"@id\":\"https:\/\/idakorea.ee\/product\/hudrogeelmask-c-vitamiini-ja-niatsinamiidiga-biodance-radiant-vita-niacinamide-real-deep-mask\/#primaryimage\"},\"thumbnailUrl\":\"https:\/\/idakorea.ee\/wp-content\/uploads\/2024\/11\/gxfhcvhm.png\",\"datePublished\":\"2024-11-27T08:07:03+00:00\",\"dateModified\":\"2026-04-13T18:27:22+00:00\",\"breadcrumb\":{\"@id\":\"https:\/\/idakorea.ee\/product\/hudrogeelmask-c-vitamiini-ja-niatsinamiidiga-biodance-radiant-vita-niacinamide-real-deep-mask\/#breadcrumb\"},\"inLanguage\":\"en-US\",\"potentialAction\":[{\"@type\":\"ReadAction\",\"target\":[\"https:\/\/idakorea.ee\/product\/hudrogeelmask-c-vitamiini-ja-niatsinamiidiga-biodance-radiant-vita-niacinamide-real-deep-mask\/\"]}]},{\"@type\":\"ImageObject\",\"inLanguage\":\"en-US\",\"@id\":\"https:\/\/idakorea.ee\/product\/hudrogeelmask-c-vitamiini-ja-niatsinamiidiga-biodance-radiant-vita-niacinamide-real-deep-mask\/#primaryimage\",\"url\":\"https:\/\/idakorea.ee\/wp-content\/uploads\/2024\/11\/gxfhcvhm.png\",\"contentUrl\":\"https:\/\/idakorea.ee\/wp-content\/uploads\/2024\/11\/gxfhcvhm.png\",\"width\":408,\"height\":437,\"caption\":\"biodance idakorea\"},{\"@type\":\"BreadcrumbList\",\"@id\":\"https:\/\/idakorea.ee\/product\/hudrogeelmask-c-vitamiini-ja-niatsinamiidiga-biodance-radiant-vita-niacinamide-real-deep-mask\/#breadcrumb\",\"itemListElement\":[{\"@type\":\"ListItem\",\"position\":1,\"name\":\"\u0413\u043b\u0430\u0432\u043d\u0430\u044f \u0441\u0442\u0440\u0430\u043d\u0438\u0446\u0430\",\"item\":\"https:\/\/idakorea.ee\/\"},{\"@type\":\"ListItem\",\"position\":2,\"name\":\"Shop\",\"item\":\"https:\/\/idakorea.ee\/shop-2\/\"},{\"@type\":\"ListItem\",\"position\":3,\"name\":\"H\u00fcdrogeelmask C-vitamiini ja niatsinamiidiga Biodance Radiant Vita Niacinamide Real Deep Mask\"}]},{\"@type\":\"WebSite\",\"@id\":\"https:\/\/idakorea.ee\/#website\",\"url\":\"https:\/\/idakorea.ee\/\",\"name\":\"IDA.KOREA\",\"description\":\"Korea kosmeetika e-pood\",\"publisher\":{\"@id\":\"https:\/\/idakorea.ee\/#organization\"},\"alternateName\":\"Beauty Shop\",\"potentialAction\":[{\"@type\":\"SearchAction\",\"target\":{\"@type\":\"EntryPoint\",\"urlTemplate\":\"https:\/\/idakorea.ee\/?s={search_term_string}\"},\"query-input\":{\"@type\":\"PropertyValueSpecification\",\"valueRequired\":true,\"valueName\":\"search_term_string\"}}],\"inLanguage\":\"en-US\"},{\"@type\":\"Organization\",\"@id\":\"https:\/\/idakorea.ee\/#organization\",\"name\":\"IDA.KOREA\",\"url\":\"https:\/\/idakorea.ee\/\",\"logo\":{\"@type\":\"ImageObject\",\"inLanguage\":\"en-US\",\"@id\":\"https:\/\/idakorea.ee\/#\/schema\/logo\/image\/\",\"url\":\"https:\/\/idakorea.ee\/wp-content\/uploads\/2024\/05\/cropped-korea3.png\",\"contentUrl\":\"https:\/\/idakorea.ee\/wp-content\/uploads\/2024\/05\/cropped-korea3.png\",\"width\":688,\"height\":126,\"caption\":\"IDA.KOREA\"},\"image\":{\"@id\":\"https:\/\/idakorea.ee\/#\/schema\/logo\/image\/\"},\"sameAs\":[\"https:\/\/www.instagram.com\/ida.korea\/\"]}]}<\/script>\n<!-- \/ Yoast SEO plugin. -->","yoast_head_json":{"title":"Hydrogel Mask with Vitamin C and Niacinamide Biodance Radiant Vita Niacinamide Real Deep Mask - IDA.KOREA","robots":{"index":"index","follow":"follow","max-snippet":"max-snippet:-1","max-image-preview":"max-image-preview:large","max-video-preview":"max-video-preview:-1"},"canonical":"https:\/\/idakorea.ee\/en\/product\/hudrogeelmask-c-vitamiini-ja-niatsinamiidiga-biodance-radiant-vita-niacinamide-real-deep-mask\/","og_locale":"en_US","og_type":"article","og_title":"H\u00fcdrogeelmask C-vitamiini ja niatsinamiidiga Biodance Radiant Vita Niacinamide Real Deep Mask - IDA.KOREA","og_description":"H\u00fcdrogeelmask C-vitamiini ja niatsinamiidiga, intensiivseks naha niisutamiseks, nahatooni \u00fchtlustamiseks ja vananemism\u00e4rkide vastu v\u00f5itlemiseks. Mask sisaldab 10% ananassimahla ja C-vitamiini, mis aitab parandada naha tekstuuri. Niatsiinamiid soodustab nahatooni \u00fchtlustamist. K\u00fcmme erinevat t\u00fc\u00fcpi h\u00fcaluroonhapet ja allantoiin niisutavad nahka kolmel tasandill, andes sellele pehmuse ja elastsuse. Eelised: V\u00e4hendab pigmentatsiooni, aknej\u00e4rgseid j\u00e4lgi ja tumedaid laike. Tagab naha pehmuse ja...","og_url":"https:\/\/idakorea.ee\/en\/product\/hudrogeelmask-c-vitamiini-ja-niatsinamiidiga-biodance-radiant-vita-niacinamide-real-deep-mask\/","og_site_name":"IDA.KOREA","article_modified_time":"2026-04-13T18:27:22+00:00","og_image":[{"width":408,"height":437,"url":"https:\/\/idakorea.ee\/wp-content\/uploads\/2024\/11\/gxfhcvhm.png","type":"image\/png"}],"twitter_card":"summary_large_image","twitter_misc":{"Est. reading time":"2 minutes"},"schema":{"@context":"https:\/\/schema.org","@graph":[{"@type":"WebPage","@id":"https:\/\/idakorea.ee\/product\/hudrogeelmask-c-vitamiini-ja-niatsinamiidiga-biodance-radiant-vita-niacinamide-real-deep-mask\/","url":"https:\/\/idakorea.ee\/product\/hudrogeelmask-c-vitamiini-ja-niatsinamiidiga-biodance-radiant-vita-niacinamide-real-deep-mask\/","name":"Hydrogel Mask with Vitamin C and Niacinamide Biodance Radiant Vita Niacinamide Real Deep Mask - IDA.KOREA","isPartOf":{"@id":"https:\/\/idakorea.ee\/#website"},"primaryImageOfPage":{"@id":"https:\/\/idakorea.ee\/product\/hudrogeelmask-c-vitamiini-ja-niatsinamiidiga-biodance-radiant-vita-niacinamide-real-deep-mask\/#primaryimage"},"image":{"@id":"https:\/\/idakorea.ee\/product\/hudrogeelmask-c-vitamiini-ja-niatsinamiidiga-biodance-radiant-vita-niacinamide-real-deep-mask\/#primaryimage"},"thumbnailUrl":"https:\/\/idakorea.ee\/wp-content\/uploads\/2024\/11\/gxfhcvhm.png","datePublished":"2024-11-27T08:07:03+00:00","dateModified":"2026-04-13T18:27:22+00:00","breadcrumb":{"@id":"https:\/\/idakorea.ee\/product\/hudrogeelmask-c-vitamiini-ja-niatsinamiidiga-biodance-radiant-vita-niacinamide-real-deep-mask\/#breadcrumb"},"inLanguage":"en-US","potentialAction":[{"@type":"ReadAction","target":["https:\/\/idakorea.ee\/product\/hudrogeelmask-c-vitamiini-ja-niatsinamiidiga-biodance-radiant-vita-niacinamide-real-deep-mask\/"]}]},{"@type":"ImageObject","inLanguage":"en-US","@id":"https:\/\/idakorea.ee\/product\/hudrogeelmask-c-vitamiini-ja-niatsinamiidiga-biodance-radiant-vita-niacinamide-real-deep-mask\/#primaryimage","url":"https:\/\/idakorea.ee\/wp-content\/uploads\/2024\/11\/gxfhcvhm.png","contentUrl":"https:\/\/idakorea.ee\/wp-content\/uploads\/2024\/11\/gxfhcvhm.png","width":408,"height":437,"caption":"biodance idakorea"},{"@type":"BreadcrumbList","@id":"https:\/\/idakorea.ee\/product\/hudrogeelmask-c-vitamiini-ja-niatsinamiidiga-biodance-radiant-vita-niacinamide-real-deep-mask\/#breadcrumb","itemListElement":[{"@type":"ListItem","position":1,"name":"\u0413\u043b\u0430\u0432\u043d\u0430\u044f \u0441\u0442\u0440\u0430\u043d\u0438\u0446\u0430","item":"https:\/\/idakorea.ee\/"},{"@type":"ListItem","position":2,"name":"Shop","item":"https:\/\/idakorea.ee\/shop-2\/"},{"@type":"ListItem","position":3,"name":"H\u00fcdrogeelmask C-vitamiini ja niatsinamiidiga Biodance Radiant Vita Niacinamide Real Deep Mask"}]},{"@type":"WebSite","@id":"https:\/\/idakorea.ee\/#website","url":"https:\/\/idakorea.ee\/","name":"IDA.KOREA","description":"Korean cosmetics e-shop","publisher":{"@id":"https:\/\/idakorea.ee\/#organization"},"alternateName":"Beauty Shop","potentialAction":[{"@type":"SearchAction","target":{"@type":"EntryPoint","urlTemplate":"https:\/\/idakorea.ee\/?s={search_term_string}"},"query-input":{"@type":"PropertyValueSpecification","valueRequired":true,"valueName":"search_term_string"}}],"inLanguage":"en-US"},{"@type":"Organization","@id":"https:\/\/idakorea.ee\/#organization","name":"IDA.KOREA","url":"https:\/\/idakorea.ee\/","logo":{"@type":"ImageObject","inLanguage":"en-US","@id":"https:\/\/idakorea.ee\/#\/schema\/logo\/image\/","url":"https:\/\/idakorea.ee\/wp-content\/uploads\/2024\/05\/cropped-korea3.png","contentUrl":"https:\/\/idakorea.ee\/wp-content\/uploads\/2024\/05\/cropped-korea3.png","width":688,"height":126,"caption":"IDA.KOREA"},"image":{"@id":"https:\/\/idakorea.ee\/#\/schema\/logo\/image\/"},"sameAs":["https:\/\/www.instagram.com\/ida.korea\/"]}]}},"jetpack_sharing_enabled":true,"brands":[{"id":113,"name":"BIODANCE","slug":"biodance"}],"_links":{"self":[{"href":"https:\/\/idakorea.ee\/en\/wp-json\/wp\/v2\/product\/11544","targetHints":{"allow":["GET"]}}],"collection":[{"href":"https:\/\/idakorea.ee\/en\/wp-json\/wp\/v2\/product"}],"about":[{"href":"https:\/\/idakorea.ee\/en\/wp-json\/wp\/v2\/types\/product"}],"replies":[{"embeddable":true,"href":"https:\/\/idakorea.ee\/en\/wp-json\/wp\/v2\/comments?post=11544"}],"version-history":[{"count":1,"href":"https:\/\/idakorea.ee\/en\/wp-json\/wp\/v2\/product\/11544\/revisions"}],"predecessor-version":[{"id":11546,"href":"https:\/\/idakorea.ee\/en\/wp-json\/wp\/v2\/product\/11544\/revisions\/11546"}],"wp:featuredmedia":[{"embeddable":true,"href":"https:\/\/idakorea.ee\/en\/wp-json\/wp\/v2\/media\/11545"}],"wp:attachment":[{"href":"https:\/\/idakorea.ee\/en\/wp-json\/wp\/v2\/media?parent=11544"}],"wp:term":[{"taxonomy":"pwb-brand","embeddable":true,"href":"https:\/\/idakorea.ee\/en\/wp-json\/wp\/v2\/pwb-brand?post=11544"},{"taxonomy":"product_brand","embeddable":true,"href":"https:\/\/idakorea.ee\/en\/wp-json\/wp\/v2\/product_brand?post=11544"},{"taxonomy":"product_cat","embeddable":true,"href":"https:\/\/idakorea.ee\/en\/wp-json\/wp\/v2\/product_cat?post=11544"},{"taxonomy":"product_tag","embeddable":true,"href":"https:\/\/idakorea.ee\/en\/wp-json\/wp\/v2\/product_tag?post=11544"}],"curies":[{"name":"wp","href":"https:\/\/api.w.org\/{rel}","templated":true}]}}