{"id":11610,"date":"2024-11-29T13:20:32","date_gmt":"2024-11-29T11:20:32","guid":{"rendered":"https:\/\/idakorea.ee\/?post_type=product&#038;p=11610"},"modified":"2026-04-06T08:33:05","modified_gmt":"2026-04-06T06:33:05","slug":"oine-taastav-mask-naole-ja-kaelale-the-history-of-whoo-gongjinhyang-neck-face-sleeping-repair-mask","status":"publish","type":"product","link":"https:\/\/idakorea.ee\/en\/product\/oine-taastav-mask-naole-ja-kaelale-the-history-of-whoo-gongjinhyang-neck-face-sleeping-repair-mask\/","title":{"rendered":"Night Restorative Mask for Face and Neck The History of Whoo Gongjinhyang Neck &amp; Face Sleeping Repair Mask"},"content":{"rendered":"<p>Nighttime restorative mask for face and neck with oriental herbs against wrinkles<\/p>\n<p>It's an herbal night mask that takes care of both face and neck at the same time. The rich texture of the mask is fully absorbed, leaving skin incredibly soft and smooth the very next morning.<\/p>\n<ul>\n<li><strong>Action:<\/strong> Helps reduce the visibility of wrinkles.<\/li>\n<\/ul>\n<p>Thanks to its fermented plant extracts, the mask provides the skin with nutrients, softens and moisturises it during sleep. In the morning, the complexion becomes more supple and silky.<br \/>\nRoyal secret recipe <strong>\"Gongjin Bidan\"<\/strong> keeps skin healthy and energised throughout the night.<\/p>\n<p>The mask melts gently into the skin, has a pleasant floral-herbal scent. It provides excellent hydration and tightens the neck skin.<\/p>\n<p class=\"translation-block\">After using the <strong>Sleeping Repair Mask<\/strong>, the skin of the face and neck becomes hydrated, soft and smooth.<\/p>\n<p><strong>Action during the night:<\/strong><\/p>\n<p class=\"translation-block\">The mask works throughout the night, enriching the skin with vitamins and minerals contained in the herbs. The <strong>Gongjin Bidan<\/strong> formula contains natural extracts of healing plants:<\/p>\n<ul>\n<li>Chinese ginger root;<\/li>\n<li>Common hickory;<\/li>\n<li>Acanthopanax (a relative of Siberian ginseng);<\/li>\n<li>Wild ginseng;<\/li>\n<li>Asparagus;<\/li>\n<li>A military iteration.<\/li>\n<\/ul>\n<p>In addition, the formula contains extracts of 24-carat gold, natural amber and deer antler. This powerful rejuvenating elixir ensures amazing results after the first use. The skin of the face and neck becomes noticeably smoother and softer, wrinkles are smoothed away and the skin becomes more radiant and hydrated. Dryness and dehydration disappear.<\/p>\n<p>The mask is also suitable for the prevention of ageing. The maralipant (deer antler) extract contained in the mask has a strong immunomodulating effect and is considered a natural source of vital energy. It helps the skin cells to better adapt and resist aggressive environmental factors. Cells become more resilient and do not deteriorate or deform as quickly.<\/p>\n<p>The other components of the mask are also powerful anti-ageing agents that complement each other. The skin receives concentrated care at the time when natural regeneration processes are most active - between 22:00 and 02:00.<\/p>\n<p><strong>User manual:<\/strong><\/p>\n<p>Apply the mask to the face and neck in the evening, as the final step in your skincare routine, in a rich layer instead of your usual cream. Immediately after application, massage into the skin with lifting movements for 1-2 minutes to improve circulation and overall appearance. In the morning, wash off the mask. Use 1-2 times a week.<\/p>","protected":false},"excerpt":{"rendered":"<p>Night Restorative Mask for Face and Neck with Oriental Herbs against Wrinkles This is a herbal night mask that takes care of both face and neck at the same time. The rich texture of the mask is fully absorbed, leaving skin incredibly soft and smooth the very next morning. Action: Helps to reduce the visibility of wrinkles. Thanks to its fermented plant extracts, the mask provides the skin with nutrients, softens the...<\/p>","protected":false},"featured_media":11615,"comment_status":"open","ping_status":"closed","template":"","meta":{"_uf_show_specific_survey":0,"_uf_disable_surveys":false,"_bst_post_transparent":"default","_bst_post_title":"","_bst_post_layout":"default","_bst_post_sidebar_id":"","_bst_post_content_style":"default","_bst_post_vertical_padding":"default","_bst_post_feature":"","_bst_post_feature_position":"","_bst_post_header":false,"_bst_post_footer":false},"pwb-brand":[494],"product_brand":[],"product_cat":[92,98],"product_tag":[568,554,466,555],"class_list":{"0":"post-11610","1":"product","2":"type-product","3":"status-publish","4":"has-post-thumbnail","6":"pwb-brand-the-history-of-whoo","7":"product_cat-nagu","8":"product_cat-naomaskid","9":"product_tag-korea","10":"product_tag-lux","11":"product_tag-premium","12":"product_tag-the-history-of-whoo","14":"first","15":"instock","16":"sale","17":"shipping-taxable","18":"purchasable","19":"product-type-variable","20":"has-default-attributes","21":"entry","22":"content-bg","23":"loop-entry"},"supplier_id":null,"supplier_sku":"","barcode":null,"atum_controlled":true,"out_stock_date":null,"out_stock_threshold":null,"inheritable":true,"inbound_stock":0,"stock_on_hold":0,"sold_today":0,"sales_last_days":3,"out_stock_days":0,"lost_sales":0,"has_location":false,"update_date":"2026-04-14T00:05:12","atum_locations":[],"atum_stock_status":"instock","restock_status":false,"low_stock_amount":"","sales_update_date":"2026-04-14T00:05:12","calc_backorders":null,"yoast_head":"<!-- This site is optimized with the Yoast SEO plugin v27.2 - https:\/\/yoast.com\/product\/yoast-seo-wordpress\/ -->\n<title>The History of Whoo Gongjinhyang Neck &amp; Face Sleeping Repair Mask - IDA.KOREA<\/title>\n<meta name=\"description\" content=\"See on taimne \u00f6\u00f6mask, mis hoolitseb samaaegselt nii n\u00e4o kui ka kaela eest. Maski rikkalik tekstuur imendub t\u00e4ielikult ning juba j\u00e4rgmisel hommikul muudab see naha uskumatult pehmeks ja siledaks.\" \/>\n<meta name=\"robots\" content=\"index, follow, max-snippet:-1, max-image-preview:large, max-video-preview:-1\" \/>\n<link rel=\"canonical\" href=\"https:\/\/idakorea.ee\/en\/product\/oine-taastav-mask-naole-ja-kaelale-the-history-of-whoo-gongjinhyang-neck-face-sleeping-repair-mask\/\" \/>\n<meta property=\"og:locale\" content=\"en_US\" \/>\n<meta property=\"og:type\" content=\"article\" \/>\n<meta property=\"og:title\" content=\"The History of Whoo Gongjinhyang Neck &amp; Face Sleeping Repair Mask - IDA.KOREA\" \/>\n<meta property=\"og:description\" content=\"See on taimne \u00f6\u00f6mask, mis hoolitseb samaaegselt nii n\u00e4o kui ka kaela eest. Maski rikkalik tekstuur imendub t\u00e4ielikult ning juba j\u00e4rgmisel hommikul muudab see naha uskumatult pehmeks ja siledaks.\" \/>\n<meta property=\"og:url\" content=\"https:\/\/idakorea.ee\/en\/product\/oine-taastav-mask-naole-ja-kaelale-the-history-of-whoo-gongjinhyang-neck-face-sleeping-repair-mask\/\" \/>\n<meta property=\"og:site_name\" content=\"IDA.KOREA\" \/>\n<meta property=\"article:modified_time\" content=\"2026-04-06T06:33:05+00:00\" \/>\n<meta property=\"og:image\" content=\"https:\/\/idakorea.ee\/wp-content\/uploads\/2024\/11\/51105028_1-1.jpg\" \/>\n\t<meta property=\"og:image:width\" content=\"1000\" \/>\n\t<meta property=\"og:image:height\" content=\"1000\" \/>\n\t<meta property=\"og:image:type\" content=\"image\/jpeg\" \/>\n<meta name=\"twitter:card\" content=\"summary_large_image\" \/>\n<meta name=\"twitter:label1\" content=\"Est. reading time\" \/>\n\t<meta name=\"twitter:data1\" content=\"2 minutes\" \/>\n<script type=\"application\/ld+json\" class=\"yoast-schema-graph\">{\"@context\":\"https:\/\/schema.org\",\"@graph\":[{\"@type\":\"WebPage\",\"@id\":\"https:\/\/idakorea.ee\/product\/oine-taastav-mask-naole-ja-kaelale-the-history-of-whoo-gongjinhyang-neck-face-sleeping-repair-mask\/\",\"url\":\"https:\/\/idakorea.ee\/product\/oine-taastav-mask-naole-ja-kaelale-the-history-of-whoo-gongjinhyang-neck-face-sleeping-repair-mask\/\",\"name\":\"The History of Whoo Gongjinhyang Neck & Face Sleeping Repair Mask - IDA.KOREA\",\"isPartOf\":{\"@id\":\"https:\/\/idakorea.ee\/#website\"},\"primaryImageOfPage\":{\"@id\":\"https:\/\/idakorea.ee\/product\/oine-taastav-mask-naole-ja-kaelale-the-history-of-whoo-gongjinhyang-neck-face-sleeping-repair-mask\/#primaryimage\"},\"image\":{\"@id\":\"https:\/\/idakorea.ee\/product\/oine-taastav-mask-naole-ja-kaelale-the-history-of-whoo-gongjinhyang-neck-face-sleeping-repair-mask\/#primaryimage\"},\"thumbnailUrl\":\"https:\/\/idakorea.ee\/wp-content\/uploads\/2024\/11\/51105028_1-1.jpg\",\"datePublished\":\"2024-11-29T11:20:32+00:00\",\"dateModified\":\"2026-04-06T06:33:05+00:00\",\"description\":\"See on taimne \u00f6\u00f6mask, mis hoolitseb samaaegselt nii n\u00e4o kui ka kaela eest. Maski rikkalik tekstuur imendub t\u00e4ielikult ning juba j\u00e4rgmisel hommikul muudab see naha uskumatult pehmeks ja siledaks.\",\"breadcrumb\":{\"@id\":\"https:\/\/idakorea.ee\/product\/oine-taastav-mask-naole-ja-kaelale-the-history-of-whoo-gongjinhyang-neck-face-sleeping-repair-mask\/#breadcrumb\"},\"inLanguage\":\"en-US\",\"potentialAction\":[{\"@type\":\"ReadAction\",\"target\":[\"https:\/\/idakorea.ee\/product\/oine-taastav-mask-naole-ja-kaelale-the-history-of-whoo-gongjinhyang-neck-face-sleeping-repair-mask\/\"]}]},{\"@type\":\"ImageObject\",\"inLanguage\":\"en-US\",\"@id\":\"https:\/\/idakorea.ee\/product\/oine-taastav-mask-naole-ja-kaelale-the-history-of-whoo-gongjinhyang-neck-face-sleeping-repair-mask\/#primaryimage\",\"url\":\"https:\/\/idakorea.ee\/wp-content\/uploads\/2024\/11\/51105028_1-1.jpg\",\"contentUrl\":\"https:\/\/idakorea.ee\/wp-content\/uploads\/2024\/11\/51105028_1-1.jpg\",\"width\":1000,\"height\":1000},{\"@type\":\"BreadcrumbList\",\"@id\":\"https:\/\/idakorea.ee\/product\/oine-taastav-mask-naole-ja-kaelale-the-history-of-whoo-gongjinhyang-neck-face-sleeping-repair-mask\/#breadcrumb\",\"itemListElement\":[{\"@type\":\"ListItem\",\"position\":1,\"name\":\"\u0413\u043b\u0430\u0432\u043d\u0430\u044f \u0441\u0442\u0440\u0430\u043d\u0438\u0446\u0430\",\"item\":\"https:\/\/idakorea.ee\/\"},{\"@type\":\"ListItem\",\"position\":2,\"name\":\"Shop\",\"item\":\"https:\/\/idakorea.ee\/shop-2\/\"},{\"@type\":\"ListItem\",\"position\":3,\"name\":\"\u00d6ine taastav mask n\u00e4ole ja kaelale The History of Whoo Gongjinhyang Neck &#038; Face Sleeping Repair Mask\"}]},{\"@type\":\"WebSite\",\"@id\":\"https:\/\/idakorea.ee\/#website\",\"url\":\"https:\/\/idakorea.ee\/\",\"name\":\"IDA.KOREA\",\"description\":\"Korea kosmeetika e-pood\",\"publisher\":{\"@id\":\"https:\/\/idakorea.ee\/#organization\"},\"alternateName\":\"Beauty Shop\",\"potentialAction\":[{\"@type\":\"SearchAction\",\"target\":{\"@type\":\"EntryPoint\",\"urlTemplate\":\"https:\/\/idakorea.ee\/?s={search_term_string}\"},\"query-input\":{\"@type\":\"PropertyValueSpecification\",\"valueRequired\":true,\"valueName\":\"search_term_string\"}}],\"inLanguage\":\"en-US\"},{\"@type\":\"Organization\",\"@id\":\"https:\/\/idakorea.ee\/#organization\",\"name\":\"IDA.KOREA\",\"url\":\"https:\/\/idakorea.ee\/\",\"logo\":{\"@type\":\"ImageObject\",\"inLanguage\":\"en-US\",\"@id\":\"https:\/\/idakorea.ee\/#\/schema\/logo\/image\/\",\"url\":\"https:\/\/idakorea.ee\/wp-content\/uploads\/2024\/05\/cropped-korea3.png\",\"contentUrl\":\"https:\/\/idakorea.ee\/wp-content\/uploads\/2024\/05\/cropped-korea3.png\",\"width\":688,\"height\":126,\"caption\":\"IDA.KOREA\"},\"image\":{\"@id\":\"https:\/\/idakorea.ee\/#\/schema\/logo\/image\/\"},\"sameAs\":[\"https:\/\/www.instagram.com\/ida.korea\/\"]}]}<\/script>\n<!-- \/ Yoast SEO plugin. -->","yoast_head_json":{"title":"The History of Whoo Gongjinhyang Neck &amp; Face Sleeping Repair Mask - IDA.KOREA","description":"It's an herbal night mask that takes care of both face and neck at the same time. The rich texture of the mask is fully absorbed, leaving skin incredibly soft and smooth the very next morning.","robots":{"index":"index","follow":"follow","max-snippet":"max-snippet:-1","max-image-preview":"max-image-preview:large","max-video-preview":"max-video-preview:-1"},"canonical":"https:\/\/idakorea.ee\/en\/product\/oine-taastav-mask-naole-ja-kaelale-the-history-of-whoo-gongjinhyang-neck-face-sleeping-repair-mask\/","og_locale":"en_US","og_type":"article","og_title":"The History of Whoo Gongjinhyang Neck & Face Sleeping Repair Mask - IDA.KOREA","og_description":"See on taimne \u00f6\u00f6mask, mis hoolitseb samaaegselt nii n\u00e4o kui ka kaela eest. Maski rikkalik tekstuur imendub t\u00e4ielikult ning juba j\u00e4rgmisel hommikul muudab see naha uskumatult pehmeks ja siledaks.","og_url":"https:\/\/idakorea.ee\/en\/product\/oine-taastav-mask-naole-ja-kaelale-the-history-of-whoo-gongjinhyang-neck-face-sleeping-repair-mask\/","og_site_name":"IDA.KOREA","article_modified_time":"2026-04-06T06:33:05+00:00","og_image":[{"width":1000,"height":1000,"url":"https:\/\/idakorea.ee\/wp-content\/uploads\/2024\/11\/51105028_1-1.jpg","type":"image\/jpeg"}],"twitter_card":"summary_large_image","twitter_misc":{"Est. reading time":"2 minutes"},"schema":{"@context":"https:\/\/schema.org","@graph":[{"@type":"WebPage","@id":"https:\/\/idakorea.ee\/product\/oine-taastav-mask-naole-ja-kaelale-the-history-of-whoo-gongjinhyang-neck-face-sleeping-repair-mask\/","url":"https:\/\/idakorea.ee\/product\/oine-taastav-mask-naole-ja-kaelale-the-history-of-whoo-gongjinhyang-neck-face-sleeping-repair-mask\/","name":"The History of Whoo Gongjinhyang Neck &amp; Face Sleeping Repair Mask - IDA.KOREA","isPartOf":{"@id":"https:\/\/idakorea.ee\/#website"},"primaryImageOfPage":{"@id":"https:\/\/idakorea.ee\/product\/oine-taastav-mask-naole-ja-kaelale-the-history-of-whoo-gongjinhyang-neck-face-sleeping-repair-mask\/#primaryimage"},"image":{"@id":"https:\/\/idakorea.ee\/product\/oine-taastav-mask-naole-ja-kaelale-the-history-of-whoo-gongjinhyang-neck-face-sleeping-repair-mask\/#primaryimage"},"thumbnailUrl":"https:\/\/idakorea.ee\/wp-content\/uploads\/2024\/11\/51105028_1-1.jpg","datePublished":"2024-11-29T11:20:32+00:00","dateModified":"2026-04-06T06:33:05+00:00","description":"It's an herbal night mask that takes care of both face and neck at the same time. The rich texture of the mask is fully absorbed, leaving skin incredibly soft and smooth the very next morning.","breadcrumb":{"@id":"https:\/\/idakorea.ee\/product\/oine-taastav-mask-naole-ja-kaelale-the-history-of-whoo-gongjinhyang-neck-face-sleeping-repair-mask\/#breadcrumb"},"inLanguage":"en-US","potentialAction":[{"@type":"ReadAction","target":["https:\/\/idakorea.ee\/product\/oine-taastav-mask-naole-ja-kaelale-the-history-of-whoo-gongjinhyang-neck-face-sleeping-repair-mask\/"]}]},{"@type":"ImageObject","inLanguage":"en-US","@id":"https:\/\/idakorea.ee\/product\/oine-taastav-mask-naole-ja-kaelale-the-history-of-whoo-gongjinhyang-neck-face-sleeping-repair-mask\/#primaryimage","url":"https:\/\/idakorea.ee\/wp-content\/uploads\/2024\/11\/51105028_1-1.jpg","contentUrl":"https:\/\/idakorea.ee\/wp-content\/uploads\/2024\/11\/51105028_1-1.jpg","width":1000,"height":1000},{"@type":"BreadcrumbList","@id":"https:\/\/idakorea.ee\/product\/oine-taastav-mask-naole-ja-kaelale-the-history-of-whoo-gongjinhyang-neck-face-sleeping-repair-mask\/#breadcrumb","itemListElement":[{"@type":"ListItem","position":1,"name":"\u0413\u043b\u0430\u0432\u043d\u0430\u044f \u0441\u0442\u0440\u0430\u043d\u0438\u0446\u0430","item":"https:\/\/idakorea.ee\/"},{"@type":"ListItem","position":2,"name":"Shop","item":"https:\/\/idakorea.ee\/shop-2\/"},{"@type":"ListItem","position":3,"name":"\u00d6ine taastav mask n\u00e4ole ja kaelale The History of Whoo Gongjinhyang Neck &#038; Face Sleeping Repair Mask"}]},{"@type":"WebSite","@id":"https:\/\/idakorea.ee\/#website","url":"https:\/\/idakorea.ee\/","name":"IDA.KOREA","description":"Korean cosmetics e-shop","publisher":{"@id":"https:\/\/idakorea.ee\/#organization"},"alternateName":"Beauty Shop","potentialAction":[{"@type":"SearchAction","target":{"@type":"EntryPoint","urlTemplate":"https:\/\/idakorea.ee\/?s={search_term_string}"},"query-input":{"@type":"PropertyValueSpecification","valueRequired":true,"valueName":"search_term_string"}}],"inLanguage":"en-US"},{"@type":"Organization","@id":"https:\/\/idakorea.ee\/#organization","name":"IDA.KOREA","url":"https:\/\/idakorea.ee\/","logo":{"@type":"ImageObject","inLanguage":"en-US","@id":"https:\/\/idakorea.ee\/#\/schema\/logo\/image\/","url":"https:\/\/idakorea.ee\/wp-content\/uploads\/2024\/05\/cropped-korea3.png","contentUrl":"https:\/\/idakorea.ee\/wp-content\/uploads\/2024\/05\/cropped-korea3.png","width":688,"height":126,"caption":"IDA.KOREA"},"image":{"@id":"https:\/\/idakorea.ee\/#\/schema\/logo\/image\/"},"sameAs":["https:\/\/www.instagram.com\/ida.korea\/"]}]}},"jetpack_sharing_enabled":true,"brands":[{"id":494,"name":"THE HISTORY OF WHOO","slug":"the-history-of-whoo"}],"_links":{"self":[{"href":"https:\/\/idakorea.ee\/en\/wp-json\/wp\/v2\/product\/11610","targetHints":{"allow":["GET"]}}],"collection":[{"href":"https:\/\/idakorea.ee\/en\/wp-json\/wp\/v2\/product"}],"about":[{"href":"https:\/\/idakorea.ee\/en\/wp-json\/wp\/v2\/types\/product"}],"replies":[{"embeddable":true,"href":"https:\/\/idakorea.ee\/en\/wp-json\/wp\/v2\/comments?post=11610"}],"version-history":[{"count":3,"href":"https:\/\/idakorea.ee\/en\/wp-json\/wp\/v2\/product\/11610\/revisions"}],"predecessor-version":[{"id":15042,"href":"https:\/\/idakorea.ee\/en\/wp-json\/wp\/v2\/product\/11610\/revisions\/15042"}],"wp:featuredmedia":[{"embeddable":true,"href":"https:\/\/idakorea.ee\/en\/wp-json\/wp\/v2\/media\/11615"}],"wp:attachment":[{"href":"https:\/\/idakorea.ee\/en\/wp-json\/wp\/v2\/media?parent=11610"}],"wp:term":[{"taxonomy":"pwb-brand","embeddable":true,"href":"https:\/\/idakorea.ee\/en\/wp-json\/wp\/v2\/pwb-brand?post=11610"},{"taxonomy":"product_brand","embeddable":true,"href":"https:\/\/idakorea.ee\/en\/wp-json\/wp\/v2\/product_brand?post=11610"},{"taxonomy":"product_cat","embeddable":true,"href":"https:\/\/idakorea.ee\/en\/wp-json\/wp\/v2\/product_cat?post=11610"},{"taxonomy":"product_tag","embeddable":true,"href":"https:\/\/idakorea.ee\/en\/wp-json\/wp\/v2\/product_tag?post=11610"}],"curies":[{"name":"wp","href":"https:\/\/api.w.org\/{rel}","templated":true}]}}